{"id":3857,"date":"2023-10-19T10:13:10","date_gmt":"2023-10-19T10:13:10","guid":{"rendered":"https:\/\/www.eurosmart.hu\/shop\/?post_type=product&#038;p=3857"},"modified":"2024-03-18T13:11:23","modified_gmt":"2024-03-18T13:11:23","slug":"milwaukee-m12-fraiwf38-0-fuel-3-8-sarok-utvecsavarozo-biztositogyuruvel-4933471700","status":"publish","type":"product","link":"https:\/\/www.eurosmart.hu\/shop\/index.php\/termek\/milwaukee-m12-fraiwf38-0-fuel-3-8-sarok-utvecsavarozo-biztositogyuruvel-4933471700\/","title":{"rendered":"MILWAUKEE M12 FRAIWF38-0 FUEL\u2122 3\/8\u2033 SAROK \u00dcTVECSAVAROZ\u00d3 BIZTOS\u00cdT\u00d3GY\u0170R\u0170VEL (4933471700)"},"content":{"rendered":"<h5>Tulajdons\u00e1gok:<\/h5>\n<ul class=\"ProductFeaturesTextstyles__FeatureList-fxqvf2-1 dUrrwH\">\n<li class=\"ProductFeaturesTextstyles__Feature-fxqvf2-3 ggyeUS\">Ak\u00e1r 270 Nm r\u00f6gz\u00edt\u00e9shez \u00e9s 300 Nm dug\u00f3kulcsra hat\u00f3 nyomat\u00e9k<\/li>\n<li class=\"ProductFeaturesTextstyles__Feature-fxqvf2-3 ggyeUS\">4 fokozat\u00fa DRIVE CONTROL automatikus kikapcsol\u00e1si m\u00f3ddal \u00e9s \u00e9s csavar elt\u00e1vol\u00edt\u00f3 m\u00f3ddal, amely megakad\u00e1lyozza a t\u00falzott megh\u00faz\u00f3d\u00e1st, \u00e9s nagyobb vez\u00e9rl\u00e9st biztos\u00edt a csavar kit\u00f6r\u00e9se ut\u00e1n<\/li>\n<li class=\"ProductFeaturesTextstyles__Feature-fxqvf2-3 ggyeUS\">A hossz\u00fa kialak\u00edt\u00e1s\u00fa g\u00e9ptest lehet\u0151v\u00e9 teszi a nehezen hozz\u00e1f\u00e9rhet\u0151 helyeken val\u00f3 munkav\u00e9gz\u00e9st is<\/li>\n<li class=\"ProductFeaturesTextstyles__Feature-fxqvf2-3 ggyeUS\">Csup\u00e1n 71 mm hossz\u00fa szersz\u00e1mbefog\u00f3, biztos\u00edtja a nagyobb hozz\u00e1f\u00e9r\u00e9st sz\u0171k helyeken<\/li>\n<li class=\"ProductFeaturesTextstyles__Feature-fxqvf2-3 ggyeUS\">3\/8\u2033-os, biztos\u00edt\u00f3 gy\u0171r\u0171vel ell\u00e1tott szersz\u00e1mbefog\u00f3 a gyors \u00e9s k\u00f6nny\u0171 dug\u00f3kulcscsere \u00e9rdek\u00e9ben<\/li>\n<li class=\"ProductFeaturesTextstyles__Feature-fxqvf2-3 ggyeUS\">LED f\u00e9ny a munkater\u00fclet megvil\u00e1g\u00edt\u00e1s\u00e1hoz<\/li>\n<li class=\"ProductFeaturesTextstyles__Feature-fxqvf2-3 ggyeUS\">A pr\u00e9mium gumibevonat ellen\u00e1ll a korroz\u00edv anyagoknak, tov\u00e1bb\u00e1 haszn\u00e1lat k\u00f6zben n\u00f6veli a k\u00e9nyelmet<\/li>\n<li class=\"ProductFeaturesTextstyles__Feature-fxqvf2-3 ggyeUS\">FUEL\u2122 platformunk DNS-e \u00fajradefini\u00e1lja a vezet\u00e9k n\u00e9lk\u00fcli technol\u00f3gia egyens\u00faly\u00e1t. A MILWAUKEE\u00ae POWERSTATE\u2122 sz\u00e9nkefe n\u00e9lk\u00fcli motor, REDLITHIUM\u2122 akkumul\u00e1tor \u00e9s REDLINK PLUS\u2122 intelligens elektronika p\u00e1ratlan teljes\u00edtm\u00e9nyt, \u00fczemid\u0151t \u00e9s tart\u00f3ss\u00e1got biztos\u00edt.<\/li>\n<li class=\"ProductFeaturesTextstyles__Feature-fxqvf2-3 ggyeUS\">Rugalmas akkumul\u00e1tor rendszerrel &#8211; MILWAUKEE\u00ae\u00a0<a href=\"https:\/\/hu.milwaukeetool.eu\/systems\/m12\/\">M12\u2122<\/a>\u00a0akkumul\u00e1torokkal m\u0171k\u00f6dik<\/li>\n<\/ul>\n<ul>\n<li>T\u00cdPUS: AKKUMUL\u00c1TOROS (Li-ion 12V)<\/li>\n<li>\u00dcRESJ\u00c1RATI FORDULATSZ\u00c1M (FORD\/PERC): 0-1150\/ 0-2300\/ 0-3000\/ 0-3000<\/li>\n<li>\u00dcT\u00c9SSZ\u00c1M (\u00dcT\u00c9S\/PERC): 0-1350\/ 0-2700\/ 0-3600<\/li>\n<li>MAX. NYOMAT\u00c9K (NM): 270<\/li>\n<li>MAX. CSAVAR \u00c1TM\u00c9R\u0150: M16<\/li>\n<li>SZERSZ\u00c1M BEFOG\u00c1S: 3\/8&#8243; N\u00c9GYSZ\u00d6G<\/li>\n<li>S\u00daLY AKKUMUL\u00c1TORRAL (KG): 1.7<\/li>\n<\/ul>\n","protected":false},"excerpt":{"rendered":"<p><strong>A k\u00e9szlet tartalma:<\/strong> 1 db M12 FRAIWF38 M12 FUEL\u2122 3\/8\u2033 SAROK \u00dcTVECSAVAROZ\u00d3 <em>(akkumul\u00e1tor, t\u00f6lt\u0151 \u00e9s koffer n\u00e9lk\u00fcl sz\u00e1ll\u00edtva!)<\/em><\/p>\n","protected":false},"featured_media":3856,"template":"","meta":[],"product_cat":[167,165,231,59,228,89],"product_tag":[],"class_list":["post-3857","product","type-product","status-publish","has-post-thumbnail","hentry","product_cat-akkumulatoros-furas-veses-es-rogzites","product_cat-akkumulatoros-gepek","product_cat-m12-rendszer","product_cat-milwaukee","product_cat-rendszer","product_cat-termekek"],"yoast_head":"<!-- This site is optimized with the Yoast SEO Premium plugin v21.3 (Yoast SEO v21.3) - https:\/\/yoast.com\/wordpress\/plugins\/seo\/ -->\n<title>MILWAUKEE M12 FRAIWF38-0 FUEL\u2122 3\/8\u2033 SAROK \u00dcTVECSAVAROZ\u00d3 BIZTOS\u00cdT\u00d3GY\u0170R\u0170VEL (4933471700) - Eurosmart - Milwaukee web\u00e1ruh\u00e1z<\/title>\n<meta name=\"robots\" content=\"index, follow, max-snippet:-1, max-image-preview:large, max-video-preview:-1\" \/>\n<link rel=\"canonical\" href=\"https:\/\/www.eurosmart.hu\/shop\/index.php\/termek\/milwaukee-m12-fraiwf38-0-fuel-3-8-sarok-utvecsavarozo-biztositogyuruvel-4933471700\/\" \/>\n<meta property=\"og:locale\" content=\"hu_HU\" \/>\n<meta property=\"og:type\" content=\"article\" \/>\n<meta property=\"og:title\" content=\"MILWAUKEE M12 FRAIWF38-0 FUEL\u2122 3\/8\u2033 SAROK \u00dcTVECSAVAROZ\u00d3 BIZTOS\u00cdT\u00d3GY\u0170R\u0170VEL (4933471700)\" \/>\n<meta property=\"og:description\" content=\"A k\u00e9szlet tartalma: 1 db M12 FRAIWF38 M12 FUEL\u2122 3\/8\u2033 SAROK \u00dcTVECSAVAROZ\u00d3 (akkumul\u00e1tor, t\u00f6lt\u0151 \u00e9s koffer n\u00e9lk\u00fcl sz\u00e1ll\u00edtva!)\" \/>\n<meta property=\"og:url\" content=\"https:\/\/www.eurosmart.hu\/shop\/index.php\/termek\/milwaukee-m12-fraiwf38-0-fuel-3-8-sarok-utvecsavarozo-biztositogyuruvel-4933471700\/\" \/>\n<meta property=\"og:site_name\" content=\"Eurosmart - Milwaukee web\u00e1ruh\u00e1z\" \/>\n<meta property=\"article:publisher\" content=\"https:\/\/www.facebook.com\/EurosmartKft\" \/>\n<meta property=\"article:modified_time\" content=\"2024-03-18T13:11:23+00:00\" \/>\n<meta property=\"og:image\" content=\"https:\/\/www.eurosmart.hu\/shop\/wp-content\/uploads\/2023\/10\/4933471700.webp\" \/>\n\t<meta property=\"og:image:width\" content=\"1000\" \/>\n\t<meta property=\"og:image:height\" content=\"1000\" \/>\n\t<meta property=\"og:image:type\" content=\"image\/webp\" \/>\n<meta name=\"twitter:card\" content=\"summary_large_image\" \/>\n<meta name=\"twitter:label1\" content=\"Price\" \/>\n\t<meta name=\"twitter:data1\" content=\"\" \/>\n\t<meta name=\"twitter:label2\" content=\"Availability\" \/>\n\t<meta name=\"twitter:data2\" content=\"On backorder\" \/>\n<script type=\"application\/ld+json\" class=\"yoast-schema-graph\">{\"@context\":\"https:\/\/schema.org\",\"@graph\":[{\"@type\":\"WebPage\",\"@id\":\"https:\/\/www.eurosmart.hu\/shop\/index.php\/termek\/milwaukee-m12-fraiwf38-0-fuel-3-8-sarok-utvecsavarozo-biztositogyuruvel-4933471700\/\",\"url\":\"https:\/\/www.eurosmart.hu\/shop\/index.php\/termek\/milwaukee-m12-fraiwf38-0-fuel-3-8-sarok-utvecsavarozo-biztositogyuruvel-4933471700\/\",\"name\":\"MILWAUKEE M12 FRAIWF38-0 FUEL\u2122 3\/8\u2033 SAROK \u00dcTVECSAVAROZ\u00d3 BIZTOS\u00cdT\u00d3GY\u0170R\u0170VEL (4933471700) - Eurosmart - Milwaukee web\u00e1ruh\u00e1z\",\"isPartOf\":{\"@id\":\"https:\/\/www.eurosmart.hu\/shop\/#website\"},\"datePublished\":\"2023-10-19T10:13:10+00:00\",\"dateModified\":\"2024-03-18T13:11:23+00:00\",\"breadcrumb\":{\"@id\":\"https:\/\/www.eurosmart.hu\/shop\/index.php\/termek\/milwaukee-m12-fraiwf38-0-fuel-3-8-sarok-utvecsavarozo-biztositogyuruvel-4933471700\/#breadcrumb\"},\"inLanguage\":\"hu\",\"potentialAction\":[{\"@type\":\"ReadAction\",\"target\":[\"https:\/\/www.eurosmart.hu\/shop\/index.php\/termek\/milwaukee-m12-fraiwf38-0-fuel-3-8-sarok-utvecsavarozo-biztositogyuruvel-4933471700\/\"]}]},{\"@type\":\"BreadcrumbList\",\"@id\":\"https:\/\/www.eurosmart.hu\/shop\/index.php\/termek\/milwaukee-m12-fraiwf38-0-fuel-3-8-sarok-utvecsavarozo-biztositogyuruvel-4933471700\/#breadcrumb\",\"itemListElement\":[{\"@type\":\"ListItem\",\"position\":1,\"name\":\"Kezd\u0151lap\",\"item\":\"https:\/\/www.eurosmart.hu\/shop\/\"},{\"@type\":\"ListItem\",\"position\":2,\"name\":\"Term\u00e9keink\",\"item\":\"https:\/\/www.eurosmart.hu\/shop\/index.php\/uzlet\/\"},{\"@type\":\"ListItem\",\"position\":3,\"name\":\"MILWAUKEE M12 FRAIWF38-0 FUEL\u2122 3\/8\u2033 SAROK \u00dcTVECSAVAROZ\u00d3 BIZTOS\u00cdT\u00d3GY\u0170R\u0170VEL (4933471700)\"}]},{\"@type\":\"WebSite\",\"@id\":\"https:\/\/www.eurosmart.hu\/shop\/#website\",\"url\":\"https:\/\/www.eurosmart.hu\/shop\/\",\"name\":\"Eurosmart - Milwaukee web\u00e1ruh\u00e1z\",\"description\":\"Milwaukee web\u00e1ruh\u00e1z\",\"publisher\":{\"@id\":\"https:\/\/www.eurosmart.hu\/shop\/#organization\"},\"potentialAction\":[{\"@type\":\"SearchAction\",\"target\":{\"@type\":\"EntryPoint\",\"urlTemplate\":\"https:\/\/www.eurosmart.hu\/shop\/?s={search_term_string}\"},\"query-input\":\"required name=search_term_string\"}],\"inLanguage\":\"hu\"},{\"@type\":\"Organization\",\"@id\":\"https:\/\/www.eurosmart.hu\/shop\/#organization\",\"name\":\"Eurosmart - Milwaukee web\u00e1ruh\u00e1z\",\"url\":\"https:\/\/www.eurosmart.hu\/shop\/\",\"logo\":{\"@type\":\"ImageObject\",\"inLanguage\":\"hu\",\"@id\":\"https:\/\/www.eurosmart.hu\/shop\/#\/schema\/logo\/image\/\",\"url\":\"https:\/\/www.eurosmart.hu\/shop\/wp-content\/uploads\/2023\/10\/milwaukee-logo-1.png\",\"contentUrl\":\"https:\/\/www.eurosmart.hu\/shop\/wp-content\/uploads\/2023\/10\/milwaukee-logo-1.png\",\"width\":500,\"height\":200,\"caption\":\"Eurosmart - Milwaukee web\u00e1ruh\u00e1z\"},\"image\":{\"@id\":\"https:\/\/www.eurosmart.hu\/shop\/#\/schema\/logo\/image\/\"},\"sameAs\":[\"https:\/\/www.facebook.com\/EurosmartKft\"]}]}<\/script>\n<meta property=\"product:price:amount\" content=\"0\" \/>\n<meta property=\"product:price:currency\" content=\"HUF\" \/>\n<meta property=\"og:availability\" content=\"backorder\" \/>\n<meta property=\"product:availability\" content=\"available for order\" \/>\n<meta property=\"product:retailer_item_id\" content=\"4933471700\" \/>\n<meta property=\"product:condition\" content=\"new\" \/>\n<!-- \/ Yoast SEO Premium plugin. -->","yoast_head_json":{"title":"MILWAUKEE M12 FRAIWF38-0 FUEL\u2122 3\/8\u2033 SAROK \u00dcTVECSAVAROZ\u00d3 BIZTOS\u00cdT\u00d3GY\u0170R\u0170VEL (4933471700) - Eurosmart - Milwaukee web\u00e1ruh\u00e1z","robots":{"index":"index","follow":"follow","max-snippet":"max-snippet:-1","max-image-preview":"max-image-preview:large","max-video-preview":"max-video-preview:-1"},"canonical":"https:\/\/www.eurosmart.hu\/shop\/index.php\/termek\/milwaukee-m12-fraiwf38-0-fuel-3-8-sarok-utvecsavarozo-biztositogyuruvel-4933471700\/","og_locale":"hu_HU","og_type":"article","og_title":"MILWAUKEE M12 FRAIWF38-0 FUEL\u2122 3\/8\u2033 SAROK \u00dcTVECSAVAROZ\u00d3 BIZTOS\u00cdT\u00d3GY\u0170R\u0170VEL (4933471700)","og_description":"A k\u00e9szlet tartalma: 1 db M12 FRAIWF38 M12 FUEL\u2122 3\/8\u2033 SAROK \u00dcTVECSAVAROZ\u00d3 (akkumul\u00e1tor, t\u00f6lt\u0151 \u00e9s koffer n\u00e9lk\u00fcl sz\u00e1ll\u00edtva!)","og_url":"https:\/\/www.eurosmart.hu\/shop\/index.php\/termek\/milwaukee-m12-fraiwf38-0-fuel-3-8-sarok-utvecsavarozo-biztositogyuruvel-4933471700\/","og_site_name":"Eurosmart - Milwaukee web\u00e1ruh\u00e1z","article_publisher":"https:\/\/www.facebook.com\/EurosmartKft","article_modified_time":"2024-03-18T13:11:23+00:00","og_image":[{"width":1000,"height":1000,"url":"https:\/\/www.eurosmart.hu\/shop\/wp-content\/uploads\/2023\/10\/4933471700.webp","type":"image\/webp"}],"twitter_card":"summary_large_image","twitter_misc":{"Price":"","Availability":"On backorder"},"schema":{"@context":"https:\/\/schema.org","@graph":[{"@type":"WebPage","@id":"https:\/\/www.eurosmart.hu\/shop\/index.php\/termek\/milwaukee-m12-fraiwf38-0-fuel-3-8-sarok-utvecsavarozo-biztositogyuruvel-4933471700\/","url":"https:\/\/www.eurosmart.hu\/shop\/index.php\/termek\/milwaukee-m12-fraiwf38-0-fuel-3-8-sarok-utvecsavarozo-biztositogyuruvel-4933471700\/","name":"MILWAUKEE M12 FRAIWF38-0 FUEL\u2122 3\/8\u2033 SAROK \u00dcTVECSAVAROZ\u00d3 BIZTOS\u00cdT\u00d3GY\u0170R\u0170VEL (4933471700) - Eurosmart - Milwaukee web\u00e1ruh\u00e1z","isPartOf":{"@id":"https:\/\/www.eurosmart.hu\/shop\/#website"},"datePublished":"2023-10-19T10:13:10+00:00","dateModified":"2024-03-18T13:11:23+00:00","breadcrumb":{"@id":"https:\/\/www.eurosmart.hu\/shop\/index.php\/termek\/milwaukee-m12-fraiwf38-0-fuel-3-8-sarok-utvecsavarozo-biztositogyuruvel-4933471700\/#breadcrumb"},"inLanguage":"hu","potentialAction":[{"@type":"ReadAction","target":["https:\/\/www.eurosmart.hu\/shop\/index.php\/termek\/milwaukee-m12-fraiwf38-0-fuel-3-8-sarok-utvecsavarozo-biztositogyuruvel-4933471700\/"]}]},{"@type":"BreadcrumbList","@id":"https:\/\/www.eurosmart.hu\/shop\/index.php\/termek\/milwaukee-m12-fraiwf38-0-fuel-3-8-sarok-utvecsavarozo-biztositogyuruvel-4933471700\/#breadcrumb","itemListElement":[{"@type":"ListItem","position":1,"name":"Kezd\u0151lap","item":"https:\/\/www.eurosmart.hu\/shop\/"},{"@type":"ListItem","position":2,"name":"Term\u00e9keink","item":"https:\/\/www.eurosmart.hu\/shop\/index.php\/uzlet\/"},{"@type":"ListItem","position":3,"name":"MILWAUKEE M12 FRAIWF38-0 FUEL\u2122 3\/8\u2033 SAROK \u00dcTVECSAVAROZ\u00d3 BIZTOS\u00cdT\u00d3GY\u0170R\u0170VEL (4933471700)"}]},{"@type":"WebSite","@id":"https:\/\/www.eurosmart.hu\/shop\/#website","url":"https:\/\/www.eurosmart.hu\/shop\/","name":"Eurosmart - Milwaukee web\u00e1ruh\u00e1z","description":"Milwaukee web\u00e1ruh\u00e1z","publisher":{"@id":"https:\/\/www.eurosmart.hu\/shop\/#organization"},"potentialAction":[{"@type":"SearchAction","target":{"@type":"EntryPoint","urlTemplate":"https:\/\/www.eurosmart.hu\/shop\/?s={search_term_string}"},"query-input":"required name=search_term_string"}],"inLanguage":"hu"},{"@type":"Organization","@id":"https:\/\/www.eurosmart.hu\/shop\/#organization","name":"Eurosmart - Milwaukee web\u00e1ruh\u00e1z","url":"https:\/\/www.eurosmart.hu\/shop\/","logo":{"@type":"ImageObject","inLanguage":"hu","@id":"https:\/\/www.eurosmart.hu\/shop\/#\/schema\/logo\/image\/","url":"https:\/\/www.eurosmart.hu\/shop\/wp-content\/uploads\/2023\/10\/milwaukee-logo-1.png","contentUrl":"https:\/\/www.eurosmart.hu\/shop\/wp-content\/uploads\/2023\/10\/milwaukee-logo-1.png","width":500,"height":200,"caption":"Eurosmart - Milwaukee web\u00e1ruh\u00e1z"},"image":{"@id":"https:\/\/www.eurosmart.hu\/shop\/#\/schema\/logo\/image\/"},"sameAs":["https:\/\/www.facebook.com\/EurosmartKft"]}]},"product_price_currency":"HUF","og_availability":"backorder","product_availability":"available for order","product_retailer_item_id":"4933471700","product_condition":"new"},"_links":{"self":[{"href":"https:\/\/www.eurosmart.hu\/shop\/index.php\/wp-json\/wp\/v2\/product\/3857","targetHints":{"allow":["GET"]}}],"collection":[{"href":"https:\/\/www.eurosmart.hu\/shop\/index.php\/wp-json\/wp\/v2\/product"}],"about":[{"href":"https:\/\/www.eurosmart.hu\/shop\/index.php\/wp-json\/wp\/v2\/types\/product"}],"wp:featuredmedia":[{"embeddable":true,"href":"https:\/\/www.eurosmart.hu\/shop\/index.php\/wp-json\/wp\/v2\/media\/3856"}],"wp:attachment":[{"href":"https:\/\/www.eurosmart.hu\/shop\/index.php\/wp-json\/wp\/v2\/media?parent=3857"}],"wp:term":[{"taxonomy":"product_cat","embeddable":true,"href":"https:\/\/www.eurosmart.hu\/shop\/index.php\/wp-json\/wp\/v2\/product_cat?post=3857"},{"taxonomy":"product_tag","embeddable":true,"href":"https:\/\/www.eurosmart.hu\/shop\/index.php\/wp-json\/wp\/v2\/product_tag?post=3857"}],"curies":[{"name":"wp","href":"https:\/\/api.w.org\/{rel}","templated":true}]}}