{"id":3747,"date":"2023-10-16T11:46:05","date_gmt":"2023-10-16T11:46:05","guid":{"rendered":"https:\/\/www.eurosmart.hu\/shop\/?post_type=product&#038;p=3747"},"modified":"2024-03-18T13:51:11","modified_gmt":"2024-03-18T13:51:11","slug":"milwaukee-m18-fhiwp12-0x-fuel-1-2-nagy-nyomateku-utvecsavarozo-utkozocsappal-hd-kofferben-4933459692","status":"publish","type":"product","link":"https:\/\/www.eurosmart.hu\/shop\/index.php\/termek\/milwaukee-m18-fhiwp12-0x-fuel-1-2-nagy-nyomateku-utvecsavarozo-utkozocsappal-hd-kofferben-4933459692\/","title":{"rendered":"MILWAUKEE M18 FHIWP12-0X FUEL\u2122 1\/2\u2033 NAGY NYOMAT\u00c9K\u00da \u00dcTVECSAVAROZ\u00d3 \u00dcTK\u00d6Z\u0150CSAPPAL HD KOFFERBEN (4933459692)"},"content":{"rendered":"<h5>Tulajdons\u00e1gok:<\/h5>\n<ul class=\"ProductFeaturesTextstyles__FeatureList-fxqvf2-1 dUrrwH\">\n<li class=\"ProductFeaturesTextstyles__Feature-fxqvf2-3 ggyeUS\">Az\u00a0<a href=\"https:\/\/hu.milwaukeetool.eu\/systems\/m18\/fuel\/\">M18 FUEL\u2122<\/a>\u00a0nagy nyomat\u00e9k\u00fa \u00fctvecsavaroz\u00f3 1017 Nm r\u00f6gz\u00edt\u0151 nyomat\u00e9kot biztos\u00edt 206 mm-es kompakt m\u00e9retben, ami jobb hozz\u00e1f\u00e9r\u00e9st biztos\u00edt a nehezen hozz\u00e1f\u00e9rhet\u0151 helyekhez<\/li>\n<li class=\"ProductFeaturesTextstyles__Feature-fxqvf2-3 ggyeUS\">A 4 fokozat\u00fa DRIVE CONTROL lehet\u0151v\u00e9 teszi a felhaszn\u00e1l\u00f3 sz\u00e1m\u00e1ra a k\u00fcl\u00f6nb\u00f6z\u0151 fordulatsz\u00e1mok k\u00f6z\u00f6tti v\u00e1lt\u00e1st \u00e9s a nyomat\u00e9k\u00e1ll\u00edt\u00e1st<\/li>\n<li class=\"ProductFeaturesTextstyles__Feature-fxqvf2-3 ggyeUS\">4. fokozat: 1491 Nm dug\u00f3kulcsra hat\u00f3 nyomat\u00e9kot biztos\u00edt, majd 750\u00a0ford\/percre v\u00e1lt a p\u00e1ratlan vez\u00e9relhet\u0151s\u00e9g \u00e9rdek\u00e9ben r\u00f6gz\u00edt\u0151elemek elt\u00e1vol\u00edt\u00e1sakor<\/li>\n<li class=\"ProductFeaturesTextstyles__Feature-fxqvf2-3 ggyeUS\">1\/2\u2033 befog\u00e1s a maxim\u00e1lis hat\u00e1sfok \u00e9rdek\u00e9ben<\/li>\n<li class=\"ProductFeaturesTextstyles__Feature-fxqvf2-3 ggyeUS\">Az \u00faj LED f\u00e9ny 40 sz\u00e1zal\u00e9kkal er\u0151sebb a kor\u00e1bbi modelln\u00e9l<\/li>\n<li class=\"ProductFeaturesTextstyles__Feature-fxqvf2-3 ggyeUS\">Sz\u00e9nkefe n\u00e9lk\u00fcli POWERSTATE\u2122 motor nagyobb hat\u00e9konys\u00e1got ny\u00fajt, hosszabb ideig m\u0171k\u00f6dik \u00e9s maxim\u00e1lis teljes\u00edtm\u00e9nyt biztos\u00edt<\/li>\n<li class=\"ProductFeaturesTextstyles__Feature-fxqvf2-3 ggyeUS\">A REDLINK PLUS\u2122 intelligens rendszer fejlett digit\u00e1lis t\u00falterhel\u00e9sv\u00e9delmet biztos\u00edt a szersz\u00e1m \u00e9s az akkumul\u00e1tor sz\u00e1m\u00e1ra, valamint egyed\u00fcl\u00e1ll\u00f3 m\u00f3don n\u00f6veli a szersz\u00e1m teljes\u00edtm\u00e9ny\u00e9t terhel\u00e9s alatt<\/li>\n<li class=\"ProductFeaturesTextstyles__Feature-fxqvf2-3 ggyeUS\">A REDLITHIUM\u2122 akkumul\u00e1tor kit\u0171n\u0151 min\u0151s\u00e9g\u0171 konstrukci\u00f3t \u00e9s elektronik\u00e1t k\u00edn\u00e1l, valamint lemer\u00fcl\u00e9s-biztos, \u00edgy hosszabb m\u0171k\u00f6d\u00e9si id\u0151t \u00e9s hosszabb ideig tart\u00f3 munkav\u00e9gz\u00e9st biztos\u00edt az akkumul\u00e1tor \u00e9lettartama alatt<\/li>\n<li class=\"ProductFeaturesTextstyles__Feature-fxqvf2-3 ggyeUS\">A pr\u00e9mium gumibevonat ellen\u00e1ll a korroz\u00edv anyagoknak, tov\u00e1bb\u00e1 haszn\u00e1lat k\u00f6zben n\u00f6veli a k\u00e9nyelmet<\/li>\n<li class=\"ProductFeaturesTextstyles__Feature-fxqvf2-3 ggyeUS\">Rugalmas akkumul\u00e1tor rendszerrel &#8211; MILWAUKEE\u00ae\u00a0<a href=\"https:\/\/hu.milwaukeetool.eu\/systems\/m18\/\">M18\u2122<\/a>\u00a0akkumul\u00e1torokkal m\u0171k\u00f6dik<\/li>\n<\/ul>\n<h5>M\u0171szaki adatok:<\/h5>\n<ul>\n<li>T\u00edpus: Akkumul\u00e1toros, Li-ion 18V<\/li>\n<li>\u00dcresj\u00e1rati fordulatsz\u00e1m (ford\/perc): 0-950\/0-1500\/0-1800\/0-1800<\/li>\n<li>\u00dct\u00e9ssz\u00e1m (\u00fct\u00e9s\/perc): 0-1150\/0-2100\/0-2400\/0-2400<\/li>\n<li>Max. csavar \u00e1tm\u00e9r\u0151: M24<\/li>\n<li>Max. nyomat\u00e9k (Nm): 190\/400\/1017\/1017<\/li>\n<li>Szersz\u00e1m befog\u00e1s: 1\/2\u2033 n\u00e9gysz\u00f6g<\/li>\n<li>S\u00faly akkumul\u00e1torral (kg): 3.2<\/li>\n<\/ul>\n","protected":false},"excerpt":{"rendered":"<p><strong>A k\u00e9szlet tartalma:<\/strong><\/p>\n<ul>\n<li>1 db M18 FHIWP12 FUEL\u2122 1\/2\u2033 NAGY NYOMAT\u00c9K\u00da \u00dcTVECSAVAROZ\u00d3 <em>(Akkumul\u00e1tor \u00e9s t\u00f6lt\u0151 n\u00e9lk\u00fcl sz\u00e1ll\u00edtva!)<\/em><\/li>\n<li>1 db Heavy Duty koffer<\/li>\n<\/ul>\n","protected":false},"featured_media":3748,"template":"","meta":[],"product_cat":[167,165,230,59,228,89],"product_tag":[],"class_list":["post-3747","product","type-product","status-publish","has-post-thumbnail","hentry","product_cat-akkumulatoros-furas-veses-es-rogzites","product_cat-akkumulatoros-gepek","product_cat-m18-rendszer","product_cat-milwaukee","product_cat-rendszer","product_cat-termekek"],"yoast_head":"<!-- This site is optimized with the Yoast SEO Premium plugin v21.3 (Yoast SEO v21.3) - https:\/\/yoast.com\/wordpress\/plugins\/seo\/ -->\n<title>MILWAUKEE M18 FHIWP12-0X FUEL\u2122 1\/2\u2033 NAGY NYOMAT\u00c9K\u00da \u00dcTVECSAVAROZ\u00d3 \u00dcTK\u00d6Z\u0150CSAPPAL HD KOFFERBEN (4933459692) - Eurosmart - Milwaukee web\u00e1ruh\u00e1z<\/title>\n<meta name=\"robots\" content=\"index, follow, max-snippet:-1, max-image-preview:large, max-video-preview:-1\" \/>\n<link rel=\"canonical\" href=\"https:\/\/www.eurosmart.hu\/shop\/index.php\/termek\/milwaukee-m18-fhiwp12-0x-fuel-1-2-nagy-nyomateku-utvecsavarozo-utkozocsappal-hd-kofferben-4933459692\/\" \/>\n<meta property=\"og:locale\" content=\"hu_HU\" \/>\n<meta property=\"og:type\" content=\"article\" \/>\n<meta property=\"og:title\" content=\"MILWAUKEE M18 FHIWP12-0X FUEL\u2122 1\/2\u2033 NAGY NYOMAT\u00c9K\u00da \u00dcTVECSAVAROZ\u00d3 \u00dcTK\u00d6Z\u0150CSAPPAL HD KOFFERBEN (4933459692)\" \/>\n<meta property=\"og:description\" content=\"A k\u00e9szlet tartalma:   1 db M18 FHIWP12 FUEL\u2122 1\/2\u2033 NAGY NYOMAT\u00c9K\u00da \u00dcTVECSAVAROZ\u00d3 (Akkumul\u00e1tor \u00e9s t\u00f6lt\u0151 n\u00e9lk\u00fcl sz\u00e1ll\u00edtva!)  1 db Heavy Duty koffer\" \/>\n<meta property=\"og:url\" content=\"https:\/\/www.eurosmart.hu\/shop\/index.php\/termek\/milwaukee-m18-fhiwp12-0x-fuel-1-2-nagy-nyomateku-utvecsavarozo-utkozocsappal-hd-kofferben-4933459692\/\" \/>\n<meta property=\"og:site_name\" content=\"Eurosmart - Milwaukee web\u00e1ruh\u00e1z\" \/>\n<meta property=\"article:publisher\" content=\"https:\/\/www.facebook.com\/EurosmartKft\" \/>\n<meta property=\"article:modified_time\" content=\"2024-03-18T13:51:11+00:00\" \/>\n<meta property=\"og:image\" content=\"https:\/\/www.eurosmart.hu\/shop\/wp-content\/uploads\/2023\/10\/4933459692.webp\" \/>\n\t<meta property=\"og:image:width\" content=\"1000\" \/>\n\t<meta property=\"og:image:height\" content=\"1000\" \/>\n\t<meta property=\"og:image:type\" content=\"image\/webp\" \/>\n<meta name=\"twitter:card\" content=\"summary_large_image\" \/>\n<meta name=\"twitter:label1\" content=\"Price\" \/>\n\t<meta name=\"twitter:data1\" content=\"\" \/>\n\t<meta name=\"twitter:label2\" content=\"Availability\" \/>\n\t<meta name=\"twitter:data2\" content=\"On backorder\" \/>\n<script type=\"application\/ld+json\" class=\"yoast-schema-graph\">{\"@context\":\"https:\/\/schema.org\",\"@graph\":[{\"@type\":\"WebPage\",\"@id\":\"https:\/\/www.eurosmart.hu\/shop\/index.php\/termek\/milwaukee-m18-fhiwp12-0x-fuel-1-2-nagy-nyomateku-utvecsavarozo-utkozocsappal-hd-kofferben-4933459692\/\",\"url\":\"https:\/\/www.eurosmart.hu\/shop\/index.php\/termek\/milwaukee-m18-fhiwp12-0x-fuel-1-2-nagy-nyomateku-utvecsavarozo-utkozocsappal-hd-kofferben-4933459692\/\",\"name\":\"MILWAUKEE M18 FHIWP12-0X FUEL\u2122 1\/2\u2033 NAGY NYOMAT\u00c9K\u00da \u00dcTVECSAVAROZ\u00d3 \u00dcTK\u00d6Z\u0150CSAPPAL HD KOFFERBEN (4933459692) - Eurosmart - Milwaukee web\u00e1ruh\u00e1z\",\"isPartOf\":{\"@id\":\"https:\/\/www.eurosmart.hu\/shop\/#website\"},\"datePublished\":\"2023-10-16T11:46:05+00:00\",\"dateModified\":\"2024-03-18T13:51:11+00:00\",\"breadcrumb\":{\"@id\":\"https:\/\/www.eurosmart.hu\/shop\/index.php\/termek\/milwaukee-m18-fhiwp12-0x-fuel-1-2-nagy-nyomateku-utvecsavarozo-utkozocsappal-hd-kofferben-4933459692\/#breadcrumb\"},\"inLanguage\":\"hu\",\"potentialAction\":[{\"@type\":\"ReadAction\",\"target\":[\"https:\/\/www.eurosmart.hu\/shop\/index.php\/termek\/milwaukee-m18-fhiwp12-0x-fuel-1-2-nagy-nyomateku-utvecsavarozo-utkozocsappal-hd-kofferben-4933459692\/\"]}]},{\"@type\":\"BreadcrumbList\",\"@id\":\"https:\/\/www.eurosmart.hu\/shop\/index.php\/termek\/milwaukee-m18-fhiwp12-0x-fuel-1-2-nagy-nyomateku-utvecsavarozo-utkozocsappal-hd-kofferben-4933459692\/#breadcrumb\",\"itemListElement\":[{\"@type\":\"ListItem\",\"position\":1,\"name\":\"Kezd\u0151lap\",\"item\":\"https:\/\/www.eurosmart.hu\/shop\/\"},{\"@type\":\"ListItem\",\"position\":2,\"name\":\"Term\u00e9keink\",\"item\":\"https:\/\/www.eurosmart.hu\/shop\/index.php\/uzlet\/\"},{\"@type\":\"ListItem\",\"position\":3,\"name\":\"MILWAUKEE M18 FHIWP12-0X FUEL\u2122 1\/2\u2033 NAGY NYOMAT\u00c9K\u00da \u00dcTVECSAVAROZ\u00d3 \u00dcTK\u00d6Z\u0150CSAPPAL HD KOFFERBEN (4933459692)\"}]},{\"@type\":\"WebSite\",\"@id\":\"https:\/\/www.eurosmart.hu\/shop\/#website\",\"url\":\"https:\/\/www.eurosmart.hu\/shop\/\",\"name\":\"Eurosmart - Milwaukee web\u00e1ruh\u00e1z\",\"description\":\"Milwaukee web\u00e1ruh\u00e1z\",\"publisher\":{\"@id\":\"https:\/\/www.eurosmart.hu\/shop\/#organization\"},\"potentialAction\":[{\"@type\":\"SearchAction\",\"target\":{\"@type\":\"EntryPoint\",\"urlTemplate\":\"https:\/\/www.eurosmart.hu\/shop\/?s={search_term_string}\"},\"query-input\":\"required name=search_term_string\"}],\"inLanguage\":\"hu\"},{\"@type\":\"Organization\",\"@id\":\"https:\/\/www.eurosmart.hu\/shop\/#organization\",\"name\":\"Eurosmart - Milwaukee web\u00e1ruh\u00e1z\",\"url\":\"https:\/\/www.eurosmart.hu\/shop\/\",\"logo\":{\"@type\":\"ImageObject\",\"inLanguage\":\"hu\",\"@id\":\"https:\/\/www.eurosmart.hu\/shop\/#\/schema\/logo\/image\/\",\"url\":\"https:\/\/www.eurosmart.hu\/shop\/wp-content\/uploads\/2023\/10\/milwaukee-logo-1.png\",\"contentUrl\":\"https:\/\/www.eurosmart.hu\/shop\/wp-content\/uploads\/2023\/10\/milwaukee-logo-1.png\",\"width\":500,\"height\":200,\"caption\":\"Eurosmart - Milwaukee web\u00e1ruh\u00e1z\"},\"image\":{\"@id\":\"https:\/\/www.eurosmart.hu\/shop\/#\/schema\/logo\/image\/\"},\"sameAs\":[\"https:\/\/www.facebook.com\/EurosmartKft\"]}]}<\/script>\n<meta property=\"product:price:amount\" content=\"0\" \/>\n<meta property=\"product:price:currency\" content=\"HUF\" \/>\n<meta property=\"og:availability\" content=\"backorder\" \/>\n<meta property=\"product:availability\" content=\"available for order\" \/>\n<meta property=\"product:retailer_item_id\" content=\"4933459692\" \/>\n<meta property=\"product:condition\" content=\"new\" \/>\n<!-- \/ Yoast SEO Premium plugin. -->","yoast_head_json":{"title":"MILWAUKEE M18 FHIWP12-0X FUEL\u2122 1\/2\u2033 NAGY NYOMAT\u00c9K\u00da \u00dcTVECSAVAROZ\u00d3 \u00dcTK\u00d6Z\u0150CSAPPAL HD KOFFERBEN (4933459692) - Eurosmart - Milwaukee web\u00e1ruh\u00e1z","robots":{"index":"index","follow":"follow","max-snippet":"max-snippet:-1","max-image-preview":"max-image-preview:large","max-video-preview":"max-video-preview:-1"},"canonical":"https:\/\/www.eurosmart.hu\/shop\/index.php\/termek\/milwaukee-m18-fhiwp12-0x-fuel-1-2-nagy-nyomateku-utvecsavarozo-utkozocsappal-hd-kofferben-4933459692\/","og_locale":"hu_HU","og_type":"article","og_title":"MILWAUKEE M18 FHIWP12-0X FUEL\u2122 1\/2\u2033 NAGY NYOMAT\u00c9K\u00da \u00dcTVECSAVAROZ\u00d3 \u00dcTK\u00d6Z\u0150CSAPPAL HD KOFFERBEN (4933459692)","og_description":"A k\u00e9szlet tartalma:   1 db M18 FHIWP12 FUEL\u2122 1\/2\u2033 NAGY NYOMAT\u00c9K\u00da \u00dcTVECSAVAROZ\u00d3 (Akkumul\u00e1tor \u00e9s t\u00f6lt\u0151 n\u00e9lk\u00fcl sz\u00e1ll\u00edtva!)  1 db Heavy Duty koffer","og_url":"https:\/\/www.eurosmart.hu\/shop\/index.php\/termek\/milwaukee-m18-fhiwp12-0x-fuel-1-2-nagy-nyomateku-utvecsavarozo-utkozocsappal-hd-kofferben-4933459692\/","og_site_name":"Eurosmart - Milwaukee web\u00e1ruh\u00e1z","article_publisher":"https:\/\/www.facebook.com\/EurosmartKft","article_modified_time":"2024-03-18T13:51:11+00:00","og_image":[{"width":1000,"height":1000,"url":"https:\/\/www.eurosmart.hu\/shop\/wp-content\/uploads\/2023\/10\/4933459692.webp","type":"image\/webp"}],"twitter_card":"summary_large_image","twitter_misc":{"Price":"","Availability":"On backorder"},"schema":{"@context":"https:\/\/schema.org","@graph":[{"@type":"WebPage","@id":"https:\/\/www.eurosmart.hu\/shop\/index.php\/termek\/milwaukee-m18-fhiwp12-0x-fuel-1-2-nagy-nyomateku-utvecsavarozo-utkozocsappal-hd-kofferben-4933459692\/","url":"https:\/\/www.eurosmart.hu\/shop\/index.php\/termek\/milwaukee-m18-fhiwp12-0x-fuel-1-2-nagy-nyomateku-utvecsavarozo-utkozocsappal-hd-kofferben-4933459692\/","name":"MILWAUKEE M18 FHIWP12-0X FUEL\u2122 1\/2\u2033 NAGY NYOMAT\u00c9K\u00da \u00dcTVECSAVAROZ\u00d3 \u00dcTK\u00d6Z\u0150CSAPPAL HD KOFFERBEN (4933459692) - Eurosmart - Milwaukee web\u00e1ruh\u00e1z","isPartOf":{"@id":"https:\/\/www.eurosmart.hu\/shop\/#website"},"datePublished":"2023-10-16T11:46:05+00:00","dateModified":"2024-03-18T13:51:11+00:00","breadcrumb":{"@id":"https:\/\/www.eurosmart.hu\/shop\/index.php\/termek\/milwaukee-m18-fhiwp12-0x-fuel-1-2-nagy-nyomateku-utvecsavarozo-utkozocsappal-hd-kofferben-4933459692\/#breadcrumb"},"inLanguage":"hu","potentialAction":[{"@type":"ReadAction","target":["https:\/\/www.eurosmart.hu\/shop\/index.php\/termek\/milwaukee-m18-fhiwp12-0x-fuel-1-2-nagy-nyomateku-utvecsavarozo-utkozocsappal-hd-kofferben-4933459692\/"]}]},{"@type":"BreadcrumbList","@id":"https:\/\/www.eurosmart.hu\/shop\/index.php\/termek\/milwaukee-m18-fhiwp12-0x-fuel-1-2-nagy-nyomateku-utvecsavarozo-utkozocsappal-hd-kofferben-4933459692\/#breadcrumb","itemListElement":[{"@type":"ListItem","position":1,"name":"Kezd\u0151lap","item":"https:\/\/www.eurosmart.hu\/shop\/"},{"@type":"ListItem","position":2,"name":"Term\u00e9keink","item":"https:\/\/www.eurosmart.hu\/shop\/index.php\/uzlet\/"},{"@type":"ListItem","position":3,"name":"MILWAUKEE M18 FHIWP12-0X FUEL\u2122 1\/2\u2033 NAGY NYOMAT\u00c9K\u00da \u00dcTVECSAVAROZ\u00d3 \u00dcTK\u00d6Z\u0150CSAPPAL HD KOFFERBEN (4933459692)"}]},{"@type":"WebSite","@id":"https:\/\/www.eurosmart.hu\/shop\/#website","url":"https:\/\/www.eurosmart.hu\/shop\/","name":"Eurosmart - Milwaukee web\u00e1ruh\u00e1z","description":"Milwaukee web\u00e1ruh\u00e1z","publisher":{"@id":"https:\/\/www.eurosmart.hu\/shop\/#organization"},"potentialAction":[{"@type":"SearchAction","target":{"@type":"EntryPoint","urlTemplate":"https:\/\/www.eurosmart.hu\/shop\/?s={search_term_string}"},"query-input":"required name=search_term_string"}],"inLanguage":"hu"},{"@type":"Organization","@id":"https:\/\/www.eurosmart.hu\/shop\/#organization","name":"Eurosmart - Milwaukee web\u00e1ruh\u00e1z","url":"https:\/\/www.eurosmart.hu\/shop\/","logo":{"@type":"ImageObject","inLanguage":"hu","@id":"https:\/\/www.eurosmart.hu\/shop\/#\/schema\/logo\/image\/","url":"https:\/\/www.eurosmart.hu\/shop\/wp-content\/uploads\/2023\/10\/milwaukee-logo-1.png","contentUrl":"https:\/\/www.eurosmart.hu\/shop\/wp-content\/uploads\/2023\/10\/milwaukee-logo-1.png","width":500,"height":200,"caption":"Eurosmart - Milwaukee web\u00e1ruh\u00e1z"},"image":{"@id":"https:\/\/www.eurosmart.hu\/shop\/#\/schema\/logo\/image\/"},"sameAs":["https:\/\/www.facebook.com\/EurosmartKft"]}]},"product_price_currency":"HUF","og_availability":"backorder","product_availability":"available for order","product_retailer_item_id":"4933459692","product_condition":"new"},"_links":{"self":[{"href":"https:\/\/www.eurosmart.hu\/shop\/index.php\/wp-json\/wp\/v2\/product\/3747","targetHints":{"allow":["GET"]}}],"collection":[{"href":"https:\/\/www.eurosmart.hu\/shop\/index.php\/wp-json\/wp\/v2\/product"}],"about":[{"href":"https:\/\/www.eurosmart.hu\/shop\/index.php\/wp-json\/wp\/v2\/types\/product"}],"wp:featuredmedia":[{"embeddable":true,"href":"https:\/\/www.eurosmart.hu\/shop\/index.php\/wp-json\/wp\/v2\/media\/3748"}],"wp:attachment":[{"href":"https:\/\/www.eurosmart.hu\/shop\/index.php\/wp-json\/wp\/v2\/media?parent=3747"}],"wp:term":[{"taxonomy":"product_cat","embeddable":true,"href":"https:\/\/www.eurosmart.hu\/shop\/index.php\/wp-json\/wp\/v2\/product_cat?post=3747"},{"taxonomy":"product_tag","embeddable":true,"href":"https:\/\/www.eurosmart.hu\/shop\/index.php\/wp-json\/wp\/v2\/product_tag?post=3747"}],"curies":[{"name":"wp","href":"https:\/\/api.w.org\/{rel}","templated":true}]}}