{"id":3594,"date":"2023-10-06T06:50:13","date_gmt":"2023-10-06T06:50:13","guid":{"rendered":"https:\/\/www.eurosmart.hu\/shop\/?post_type=product&#038;p=3594"},"modified":"2024-02-13T14:14:05","modified_gmt":"2024-02-13T14:14:05","slug":"milwaukee-mde-41-magnestalpas-furogep-elektromagnessel-4933451015","status":"publish","type":"product","link":"https:\/\/www.eurosmart.hu\/shop\/index.php\/termek\/milwaukee-mde-41-magnestalpas-furogep-elektromagnessel-4933451015\/","title":{"rendered":"MILWAUKEE MDE 41 M\u00c1GNESTALPAS F\u00daR\u00d3G\u00c9P ELEKTROM\u00c1GNESSEL 1200W KOFFERBEN (4933451015)"},"content":{"rendered":"<h5>Tulajdons\u00e1gok:<\/h5>\n<ul class=\"ProductFeaturesTextstyles__FeatureList-fxqvf2-1 dUrrwH\">\n<li class=\"ProductFeaturesTextstyles__Feature-fxqvf2-3 ggyeUS\">1200 wattos er\u0151s motor optimaliz\u00e1lt fordulatsz\u00e1mmal<\/li>\n<li class=\"ProductFeaturesTextstyles__Feature-fxqvf2-3 ggyeUS\">K\u00e9tsebess\u00e9g\u0171 hajt\u00f3m\u0171 az optim\u00e1lis f\u00far\u00e1si fordulatsz\u00e1m\u00e9rt \u2013 475 \u00e9s 730 ford.\/perc \u2013 f\u00far\u00f3koron\u00e1k vagy csigaf\u00far\u00f3k haszn\u00e1lat\u00e1hoz<\/li>\n<li class=\"ProductFeaturesTextstyles__Feature-fxqvf2-3 ggyeUS\">AUTOSTOP\u2122 elenged\u00e9s \u00e9rz\u00e9kel\u00e9s: \u00e9rz\u00e9keli a terhel\u00e9s n\u00e9lk\u00fcli forg\u00e1st \u00e9s automatikusan kikapcsolja a g\u00e9p t\u00e1pl\u00e1l\u00e1s\u00e1t a haszn\u00e1l\u00f3 legjobb v\u00e9delm\u00e9\u00e9rt<\/li>\n<li class=\"ProductFeaturesTextstyles__Feature-fxqvf2-3 ggyeUS\">Elektrom\u00e1gnes 9930 N tart\u00f3er\u0151vel<\/li>\n<li class=\"ProductFeaturesTextstyles__Feature-fxqvf2-3 ggyeUS\">Maxim\u00e1lis f\u00far\u00e1si kapacit\u00e1s 41 mm f\u00far\u00f3korona, illetve 13 mm egyenes sz\u00e1r\u00fa csigaf\u00far\u00f3 eset\u00e9n<\/li>\n<li class=\"ProductFeaturesTextstyles__Feature-fxqvf2-3 ggyeUS\">Kulcsn\u00e9lk\u00fcli 19 mm-es Weldon (hengeres sz\u00e1r\u00fa) befog\u00e1s a gyors \u00e9s k\u00f6nny\u0171 szersz\u00e1mcser\u00e9\u00e9rt<\/li>\n<li class=\"ProductFeaturesTextstyles__Feature-fxqvf2-3 ggyeUS\">146 mm-es l\u00f6kethossz a k\u00fcl\u00f6nf\u00e9le tartoz\u00e9kok haszn\u00e1lat\u00e1hoz<\/li>\n<li class=\"ProductFeaturesTextstyles__Feature-fxqvf2-3 ggyeUS\">Szersz\u00e1m n\u00e9lk\u00fcl elt\u00e1vol\u00edthat\u00f3 foganty\u00fa jobb- \u00e9s baloldali haszn\u00e1lathoz<\/li>\n<li class=\"ProductFeaturesTextstyles__Feature-fxqvf2-3 ggyeUS\">Be\u00e9p\u00edtett LED f\u00e9ny a munkater\u00fclet megvil\u00e1g\u00edt\u00e1s\u00e1hoz<\/li>\n<\/ul>\n<h5>M\u0171szaki adatok:<\/h5>\n<ul>\n<li>T\u00edpus: Vezet\u00e9kes<\/li>\n<li>\u00dcresj\u00e1rati fordulatsz\u00e1m (ford\/perc): 475\/730<\/li>\n<li>Felvett teljes\u00edtm\u00e9ny (W): 1200<\/li>\n<li>M\u00e1gneses tart\u00f3er\u0151 a f\u00far\u00e1s pontj\u00e1n\u00e1l (N): 9930<\/li>\n<li>Mar\u00e1s maxim\u00e1lis m\u00e9lys\u00e9ge (mm): 50<\/li>\n<li>Mar\u00e1s maxim\u00e1lis sz\u00e9less\u00e9ge (mm): 41<\/li>\n<li>Max. f\u00far\u00e1si \u00e1tm\u00e9r\u0151 magf\u00far\u00f3val (mm): 13<\/li>\n<li>S\u00faly: 13.5<\/li>\n<\/ul>\n","protected":false},"excerpt":{"rendered":"<p><strong>A k\u00e9szlet tartalma: <\/strong><\/p>\n<ul>\n<li>1 db MDE 41 m\u00e1gnestalpas f\u00far\u00f3g\u00e9p<\/li>\n<li>13 mm-es tokm\u00e1ny Weldon adapterrel, kitol\u00f3t\u00fcske, biztons\u00e1gi heveder, tokm\u00e1nykulcs<\/li>\n<li>1 db Szersz\u00e1mkoffer<\/li>\n<\/ul>\n","protected":false},"featured_media":3595,"template":"","meta":[],"product_cat":[179,59,89,177],"product_tag":[],"class_list":["post-3594","product","type-product","status-publish","has-post-thumbnail","hentry","product_cat-furas-veses-es-rogzites","product_cat-milwaukee","product_cat-termekek","product_cat-vezetekes-gepek"],"yoast_head":"<!-- This site is optimized with the Yoast SEO Premium plugin v21.3 (Yoast SEO v21.3) - https:\/\/yoast.com\/wordpress\/plugins\/seo\/ -->\n<title>MILWAUKEE MDE 41 M\u00c1GNESTALPAS F\u00daR\u00d3G\u00c9P ELEKTROM\u00c1GNESSEL 1200W KOFFERBEN (4933451015) - Eurosmart - Milwaukee web\u00e1ruh\u00e1z<\/title>\n<meta name=\"robots\" content=\"index, follow, max-snippet:-1, max-image-preview:large, max-video-preview:-1\" \/>\n<link rel=\"canonical\" href=\"https:\/\/www.eurosmart.hu\/shop\/index.php\/termek\/milwaukee-mde-41-magnestalpas-furogep-elektromagnessel-4933451015\/\" \/>\n<meta property=\"og:locale\" content=\"hu_HU\" \/>\n<meta property=\"og:type\" content=\"article\" \/>\n<meta property=\"og:title\" content=\"MILWAUKEE MDE 41 M\u00c1GNESTALPAS F\u00daR\u00d3G\u00c9P ELEKTROM\u00c1GNESSEL 1200W KOFFERBEN (4933451015)\" \/>\n<meta property=\"og:description\" content=\"A k\u00e9szlet tartalma:    1 db MDE 41 m\u00e1gnestalpas f\u00far\u00f3g\u00e9p  13 mm-es tokm\u00e1ny Weldon adapterrel, kitol\u00f3t\u00fcske, biztons\u00e1gi heveder, tokm\u00e1nykulcs  1 db Szersz\u00e1mkoffer\" \/>\n<meta property=\"og:url\" content=\"https:\/\/www.eurosmart.hu\/shop\/index.php\/termek\/milwaukee-mde-41-magnestalpas-furogep-elektromagnessel-4933451015\/\" \/>\n<meta property=\"og:site_name\" content=\"Eurosmart - Milwaukee web\u00e1ruh\u00e1z\" \/>\n<meta property=\"article:publisher\" content=\"https:\/\/www.facebook.com\/EurosmartKft\" \/>\n<meta property=\"article:modified_time\" content=\"2024-02-13T14:14:05+00:00\" \/>\n<meta property=\"og:image\" content=\"https:\/\/www.eurosmart.hu\/shop\/wp-content\/uploads\/2023\/10\/4933451015.jpg\" \/>\n\t<meta property=\"og:image:width\" content=\"600\" \/>\n\t<meta property=\"og:image:height\" content=\"600\" \/>\n\t<meta property=\"og:image:type\" content=\"image\/jpeg\" \/>\n<meta name=\"twitter:card\" content=\"summary_large_image\" \/>\n<meta name=\"twitter:label1\" content=\"Price\" \/>\n\t<meta name=\"twitter:data1\" content=\"\" \/>\n\t<meta name=\"twitter:label2\" content=\"Availability\" \/>\n\t<meta name=\"twitter:data2\" content=\"In stock\" \/>\n<script type=\"application\/ld+json\" class=\"yoast-schema-graph\">{\"@context\":\"https:\/\/schema.org\",\"@graph\":[{\"@type\":\"WebPage\",\"@id\":\"https:\/\/www.eurosmart.hu\/shop\/index.php\/termek\/milwaukee-mde-41-magnestalpas-furogep-elektromagnessel-4933451015\/\",\"url\":\"https:\/\/www.eurosmart.hu\/shop\/index.php\/termek\/milwaukee-mde-41-magnestalpas-furogep-elektromagnessel-4933451015\/\",\"name\":\"MILWAUKEE MDE 41 M\u00c1GNESTALPAS F\u00daR\u00d3G\u00c9P ELEKTROM\u00c1GNESSEL 1200W KOFFERBEN (4933451015) - Eurosmart - Milwaukee web\u00e1ruh\u00e1z\",\"isPartOf\":{\"@id\":\"https:\/\/www.eurosmart.hu\/shop\/#website\"},\"datePublished\":\"2023-10-06T06:50:13+00:00\",\"dateModified\":\"2024-02-13T14:14:05+00:00\",\"breadcrumb\":{\"@id\":\"https:\/\/www.eurosmart.hu\/shop\/index.php\/termek\/milwaukee-mde-41-magnestalpas-furogep-elektromagnessel-4933451015\/#breadcrumb\"},\"inLanguage\":\"hu\",\"potentialAction\":[{\"@type\":\"ReadAction\",\"target\":[\"https:\/\/www.eurosmart.hu\/shop\/index.php\/termek\/milwaukee-mde-41-magnestalpas-furogep-elektromagnessel-4933451015\/\"]}]},{\"@type\":\"BreadcrumbList\",\"@id\":\"https:\/\/www.eurosmart.hu\/shop\/index.php\/termek\/milwaukee-mde-41-magnestalpas-furogep-elektromagnessel-4933451015\/#breadcrumb\",\"itemListElement\":[{\"@type\":\"ListItem\",\"position\":1,\"name\":\"Kezd\u0151lap\",\"item\":\"https:\/\/www.eurosmart.hu\/shop\/\"},{\"@type\":\"ListItem\",\"position\":2,\"name\":\"Term\u00e9keink\",\"item\":\"https:\/\/www.eurosmart.hu\/shop\/index.php\/uzlet\/\"},{\"@type\":\"ListItem\",\"position\":3,\"name\":\"MILWAUKEE MDE 41 M\u00c1GNESTALPAS F\u00daR\u00d3G\u00c9P ELEKTROM\u00c1GNESSEL 1200W KOFFERBEN (4933451015)\"}]},{\"@type\":\"WebSite\",\"@id\":\"https:\/\/www.eurosmart.hu\/shop\/#website\",\"url\":\"https:\/\/www.eurosmart.hu\/shop\/\",\"name\":\"Eurosmart - Milwaukee web\u00e1ruh\u00e1z\",\"description\":\"Milwaukee web\u00e1ruh\u00e1z\",\"publisher\":{\"@id\":\"https:\/\/www.eurosmart.hu\/shop\/#organization\"},\"potentialAction\":[{\"@type\":\"SearchAction\",\"target\":{\"@type\":\"EntryPoint\",\"urlTemplate\":\"https:\/\/www.eurosmart.hu\/shop\/?s={search_term_string}\"},\"query-input\":\"required name=search_term_string\"}],\"inLanguage\":\"hu\"},{\"@type\":\"Organization\",\"@id\":\"https:\/\/www.eurosmart.hu\/shop\/#organization\",\"name\":\"Eurosmart - Milwaukee web\u00e1ruh\u00e1z\",\"url\":\"https:\/\/www.eurosmart.hu\/shop\/\",\"logo\":{\"@type\":\"ImageObject\",\"inLanguage\":\"hu\",\"@id\":\"https:\/\/www.eurosmart.hu\/shop\/#\/schema\/logo\/image\/\",\"url\":\"https:\/\/www.eurosmart.hu\/shop\/wp-content\/uploads\/2023\/10\/milwaukee-logo-1.png\",\"contentUrl\":\"https:\/\/www.eurosmart.hu\/shop\/wp-content\/uploads\/2023\/10\/milwaukee-logo-1.png\",\"width\":500,\"height\":200,\"caption\":\"Eurosmart - Milwaukee web\u00e1ruh\u00e1z\"},\"image\":{\"@id\":\"https:\/\/www.eurosmart.hu\/shop\/#\/schema\/logo\/image\/\"},\"sameAs\":[\"https:\/\/www.facebook.com\/EurosmartKft\"]}]}<\/script>\n<meta property=\"product:price:amount\" content=\"0\" \/>\n<meta property=\"product:price:currency\" content=\"HUF\" \/>\n<meta property=\"og:availability\" content=\"instock\" \/>\n<meta property=\"product:availability\" content=\"instock\" \/>\n<meta property=\"product:retailer_item_id\" content=\"4933451015\" \/>\n<meta property=\"product:condition\" content=\"new\" \/>\n<!-- \/ Yoast SEO Premium plugin. -->","yoast_head_json":{"title":"MILWAUKEE MDE 41 M\u00c1GNESTALPAS F\u00daR\u00d3G\u00c9P ELEKTROM\u00c1GNESSEL 1200W KOFFERBEN (4933451015) - Eurosmart - Milwaukee web\u00e1ruh\u00e1z","robots":{"index":"index","follow":"follow","max-snippet":"max-snippet:-1","max-image-preview":"max-image-preview:large","max-video-preview":"max-video-preview:-1"},"canonical":"https:\/\/www.eurosmart.hu\/shop\/index.php\/termek\/milwaukee-mde-41-magnestalpas-furogep-elektromagnessel-4933451015\/","og_locale":"hu_HU","og_type":"article","og_title":"MILWAUKEE MDE 41 M\u00c1GNESTALPAS F\u00daR\u00d3G\u00c9P ELEKTROM\u00c1GNESSEL 1200W KOFFERBEN (4933451015)","og_description":"A k\u00e9szlet tartalma:    1 db MDE 41 m\u00e1gnestalpas f\u00far\u00f3g\u00e9p  13 mm-es tokm\u00e1ny Weldon adapterrel, kitol\u00f3t\u00fcske, biztons\u00e1gi heveder, tokm\u00e1nykulcs  1 db Szersz\u00e1mkoffer","og_url":"https:\/\/www.eurosmart.hu\/shop\/index.php\/termek\/milwaukee-mde-41-magnestalpas-furogep-elektromagnessel-4933451015\/","og_site_name":"Eurosmart - Milwaukee web\u00e1ruh\u00e1z","article_publisher":"https:\/\/www.facebook.com\/EurosmartKft","article_modified_time":"2024-02-13T14:14:05+00:00","og_image":[{"width":600,"height":600,"url":"https:\/\/www.eurosmart.hu\/shop\/wp-content\/uploads\/2023\/10\/4933451015.jpg","type":"image\/jpeg"}],"twitter_card":"summary_large_image","twitter_misc":{"Price":"","Availability":"In stock"},"schema":{"@context":"https:\/\/schema.org","@graph":[{"@type":"WebPage","@id":"https:\/\/www.eurosmart.hu\/shop\/index.php\/termek\/milwaukee-mde-41-magnestalpas-furogep-elektromagnessel-4933451015\/","url":"https:\/\/www.eurosmart.hu\/shop\/index.php\/termek\/milwaukee-mde-41-magnestalpas-furogep-elektromagnessel-4933451015\/","name":"MILWAUKEE MDE 41 M\u00c1GNESTALPAS F\u00daR\u00d3G\u00c9P ELEKTROM\u00c1GNESSEL 1200W KOFFERBEN (4933451015) - Eurosmart - Milwaukee web\u00e1ruh\u00e1z","isPartOf":{"@id":"https:\/\/www.eurosmart.hu\/shop\/#website"},"datePublished":"2023-10-06T06:50:13+00:00","dateModified":"2024-02-13T14:14:05+00:00","breadcrumb":{"@id":"https:\/\/www.eurosmart.hu\/shop\/index.php\/termek\/milwaukee-mde-41-magnestalpas-furogep-elektromagnessel-4933451015\/#breadcrumb"},"inLanguage":"hu","potentialAction":[{"@type":"ReadAction","target":["https:\/\/www.eurosmart.hu\/shop\/index.php\/termek\/milwaukee-mde-41-magnestalpas-furogep-elektromagnessel-4933451015\/"]}]},{"@type":"BreadcrumbList","@id":"https:\/\/www.eurosmart.hu\/shop\/index.php\/termek\/milwaukee-mde-41-magnestalpas-furogep-elektromagnessel-4933451015\/#breadcrumb","itemListElement":[{"@type":"ListItem","position":1,"name":"Kezd\u0151lap","item":"https:\/\/www.eurosmart.hu\/shop\/"},{"@type":"ListItem","position":2,"name":"Term\u00e9keink","item":"https:\/\/www.eurosmart.hu\/shop\/index.php\/uzlet\/"},{"@type":"ListItem","position":3,"name":"MILWAUKEE MDE 41 M\u00c1GNESTALPAS F\u00daR\u00d3G\u00c9P ELEKTROM\u00c1GNESSEL 1200W KOFFERBEN (4933451015)"}]},{"@type":"WebSite","@id":"https:\/\/www.eurosmart.hu\/shop\/#website","url":"https:\/\/www.eurosmart.hu\/shop\/","name":"Eurosmart - Milwaukee web\u00e1ruh\u00e1z","description":"Milwaukee web\u00e1ruh\u00e1z","publisher":{"@id":"https:\/\/www.eurosmart.hu\/shop\/#organization"},"potentialAction":[{"@type":"SearchAction","target":{"@type":"EntryPoint","urlTemplate":"https:\/\/www.eurosmart.hu\/shop\/?s={search_term_string}"},"query-input":"required name=search_term_string"}],"inLanguage":"hu"},{"@type":"Organization","@id":"https:\/\/www.eurosmart.hu\/shop\/#organization","name":"Eurosmart - Milwaukee web\u00e1ruh\u00e1z","url":"https:\/\/www.eurosmart.hu\/shop\/","logo":{"@type":"ImageObject","inLanguage":"hu","@id":"https:\/\/www.eurosmart.hu\/shop\/#\/schema\/logo\/image\/","url":"https:\/\/www.eurosmart.hu\/shop\/wp-content\/uploads\/2023\/10\/milwaukee-logo-1.png","contentUrl":"https:\/\/www.eurosmart.hu\/shop\/wp-content\/uploads\/2023\/10\/milwaukee-logo-1.png","width":500,"height":200,"caption":"Eurosmart - Milwaukee web\u00e1ruh\u00e1z"},"image":{"@id":"https:\/\/www.eurosmart.hu\/shop\/#\/schema\/logo\/image\/"},"sameAs":["https:\/\/www.facebook.com\/EurosmartKft"]}]},"product_price_currency":"HUF","og_availability":"instock","product_availability":"instock","product_retailer_item_id":"4933451015","product_condition":"new"},"_links":{"self":[{"href":"https:\/\/www.eurosmart.hu\/shop\/index.php\/wp-json\/wp\/v2\/product\/3594","targetHints":{"allow":["GET"]}}],"collection":[{"href":"https:\/\/www.eurosmart.hu\/shop\/index.php\/wp-json\/wp\/v2\/product"}],"about":[{"href":"https:\/\/www.eurosmart.hu\/shop\/index.php\/wp-json\/wp\/v2\/types\/product"}],"wp:featuredmedia":[{"embeddable":true,"href":"https:\/\/www.eurosmart.hu\/shop\/index.php\/wp-json\/wp\/v2\/media\/3595"}],"wp:attachment":[{"href":"https:\/\/www.eurosmart.hu\/shop\/index.php\/wp-json\/wp\/v2\/media?parent=3594"}],"wp:term":[{"taxonomy":"product_cat","embeddable":true,"href":"https:\/\/www.eurosmart.hu\/shop\/index.php\/wp-json\/wp\/v2\/product_cat?post=3594"},{"taxonomy":"product_tag","embeddable":true,"href":"https:\/\/www.eurosmart.hu\/shop\/index.php\/wp-json\/wp\/v2\/product_tag?post=3594"}],"curies":[{"name":"wp","href":"https:\/\/api.w.org\/{rel}","templated":true}]}}