{"id":2866,"date":"2023-10-02T08:00:35","date_gmt":"2023-10-02T08:00:35","guid":{"rendered":"https:\/\/www.eurosmart.hu\/shop\/?post_type=product&#038;p=2866"},"modified":"2023-10-04T13:41:11","modified_gmt":"2023-10-04T13:41:11","slug":"milwaukee-szurofureszlap-szett-fahoz-pvc-hez-femhez-5db-csomag-4932345825","status":"publish","type":"product","link":"https:\/\/www.eurosmart.hu\/shop\/index.php\/termek\/milwaukee-szurofureszlap-szett-fahoz-pvc-hez-femhez-5db-csomag-4932345825\/","title":{"rendered":"MILWAUKEE SZ\u00daR\u00d3F\u0170R\u00c9SZLAP SZETT (F\u00c1HOZ, PVC-HEZ, F\u00c9MHEZ) 5DB\/CSOMAG (4932345825)"},"content":{"rendered":"<p><strong>M\u00e9retek:<\/strong> 75&#215;4 \/ 75&#215;2,5 \/ 2x50x0,7 \/ 50&#215;2 mm<\/p>\n","protected":false},"excerpt":{"rendered":"<p><strong>A k\u00e9szlet tartalma:<\/strong> 5 db SZ\u00daR\u00d3F\u0170R\u00c9SZLAP<\/p>\n","protected":false},"featured_media":2867,"template":"","meta":[],"product_cat":[59,217,89,220],"product_tag":[],"class_list":["post-2866","product","type-product","status-publish","has-post-thumbnail","hentry","product_cat-milwaukee","product_cat-tartozekok-termekek","product_cat-termekek","product_cat-vagas-es-csiszolas"],"yoast_head":"<!-- This site is optimized with the Yoast SEO Premium plugin v21.3 (Yoast SEO v21.3) - https:\/\/yoast.com\/wordpress\/plugins\/seo\/ -->\n<title>MILWAUKEE SZ\u00daR\u00d3F\u0170R\u00c9SZLAP SZETT (F\u00c1HOZ, PVC-HEZ, F\u00c9MHEZ) 5DB\/CSOMAG (4932345825) - Eurosmart - Milwaukee web\u00e1ruh\u00e1z<\/title>\n<meta name=\"robots\" content=\"index, follow, max-snippet:-1, max-image-preview:large, max-video-preview:-1\" \/>\n<link rel=\"canonical\" href=\"https:\/\/www.eurosmart.hu\/shop\/index.php\/termek\/milwaukee-szurofureszlap-szett-fahoz-pvc-hez-femhez-5db-csomag-4932345825\/\" \/>\n<meta property=\"og:locale\" content=\"hu_HU\" \/>\n<meta property=\"og:type\" content=\"article\" \/>\n<meta property=\"og:title\" content=\"MILWAUKEE SZ\u00daR\u00d3F\u0170R\u00c9SZLAP SZETT (F\u00c1HOZ, PVC-HEZ, F\u00c9MHEZ) 5DB\/CSOMAG (4932345825)\" \/>\n<meta property=\"og:description\" content=\"A k\u00e9szlet tartalma: 5 db SZ\u00daR\u00d3F\u0170R\u00c9SZLAP\" \/>\n<meta property=\"og:url\" content=\"https:\/\/www.eurosmart.hu\/shop\/index.php\/termek\/milwaukee-szurofureszlap-szett-fahoz-pvc-hez-femhez-5db-csomag-4932345825\/\" \/>\n<meta property=\"og:site_name\" content=\"Eurosmart - Milwaukee web\u00e1ruh\u00e1z\" \/>\n<meta property=\"article:publisher\" content=\"https:\/\/www.facebook.com\/EurosmartKft\" \/>\n<meta property=\"article:modified_time\" content=\"2023-10-04T13:41:11+00:00\" \/>\n<meta property=\"og:image\" content=\"https:\/\/www.eurosmart.hu\/shop\/wp-content\/uploads\/2023\/10\/4932345825.jpg\" \/>\n\t<meta property=\"og:image:width\" content=\"600\" \/>\n\t<meta property=\"og:image:height\" content=\"600\" \/>\n\t<meta property=\"og:image:type\" content=\"image\/jpeg\" \/>\n<meta name=\"twitter:card\" content=\"summary_large_image\" \/>\n<meta name=\"twitter:label1\" content=\"Price\" \/>\n\t<meta name=\"twitter:data1\" content=\"\" \/>\n\t<meta name=\"twitter:label2\" content=\"Availability\" \/>\n\t<meta name=\"twitter:data2\" content=\"In stock\" \/>\n<script type=\"application\/ld+json\" class=\"yoast-schema-graph\">{\"@context\":\"https:\/\/schema.org\",\"@graph\":[{\"@type\":\"WebPage\",\"@id\":\"https:\/\/www.eurosmart.hu\/shop\/index.php\/termek\/milwaukee-szurofureszlap-szett-fahoz-pvc-hez-femhez-5db-csomag-4932345825\/\",\"url\":\"https:\/\/www.eurosmart.hu\/shop\/index.php\/termek\/milwaukee-szurofureszlap-szett-fahoz-pvc-hez-femhez-5db-csomag-4932345825\/\",\"name\":\"MILWAUKEE SZ\u00daR\u00d3F\u0170R\u00c9SZLAP SZETT (F\u00c1HOZ, PVC-HEZ, F\u00c9MHEZ) 5DB\/CSOMAG (4932345825) - Eurosmart - Milwaukee web\u00e1ruh\u00e1z\",\"isPartOf\":{\"@id\":\"https:\/\/www.eurosmart.hu\/shop\/#website\"},\"datePublished\":\"2023-10-02T08:00:35+00:00\",\"dateModified\":\"2023-10-04T13:41:11+00:00\",\"breadcrumb\":{\"@id\":\"https:\/\/www.eurosmart.hu\/shop\/index.php\/termek\/milwaukee-szurofureszlap-szett-fahoz-pvc-hez-femhez-5db-csomag-4932345825\/#breadcrumb\"},\"inLanguage\":\"hu\",\"potentialAction\":[{\"@type\":\"ReadAction\",\"target\":[\"https:\/\/www.eurosmart.hu\/shop\/index.php\/termek\/milwaukee-szurofureszlap-szett-fahoz-pvc-hez-femhez-5db-csomag-4932345825\/\"]}]},{\"@type\":\"BreadcrumbList\",\"@id\":\"https:\/\/www.eurosmart.hu\/shop\/index.php\/termek\/milwaukee-szurofureszlap-szett-fahoz-pvc-hez-femhez-5db-csomag-4932345825\/#breadcrumb\",\"itemListElement\":[{\"@type\":\"ListItem\",\"position\":1,\"name\":\"Kezd\u0151lap\",\"item\":\"https:\/\/www.eurosmart.hu\/shop\/\"},{\"@type\":\"ListItem\",\"position\":2,\"name\":\"Term\u00e9keink\",\"item\":\"https:\/\/www.eurosmart.hu\/shop\/index.php\/uzlet\/\"},{\"@type\":\"ListItem\",\"position\":3,\"name\":\"MILWAUKEE SZ\u00daR\u00d3F\u0170R\u00c9SZLAP SZETT (F\u00c1HOZ, PVC-HEZ, F\u00c9MHEZ) 5DB\/CSOMAG (4932345825)\"}]},{\"@type\":\"WebSite\",\"@id\":\"https:\/\/www.eurosmart.hu\/shop\/#website\",\"url\":\"https:\/\/www.eurosmart.hu\/shop\/\",\"name\":\"Eurosmart - Milwaukee web\u00e1ruh\u00e1z\",\"description\":\"Milwaukee web\u00e1ruh\u00e1z\",\"publisher\":{\"@id\":\"https:\/\/www.eurosmart.hu\/shop\/#organization\"},\"potentialAction\":[{\"@type\":\"SearchAction\",\"target\":{\"@type\":\"EntryPoint\",\"urlTemplate\":\"https:\/\/www.eurosmart.hu\/shop\/?s={search_term_string}\"},\"query-input\":\"required name=search_term_string\"}],\"inLanguage\":\"hu\"},{\"@type\":\"Organization\",\"@id\":\"https:\/\/www.eurosmart.hu\/shop\/#organization\",\"name\":\"Eurosmart - Milwaukee web\u00e1ruh\u00e1z\",\"url\":\"https:\/\/www.eurosmart.hu\/shop\/\",\"logo\":{\"@type\":\"ImageObject\",\"inLanguage\":\"hu\",\"@id\":\"https:\/\/www.eurosmart.hu\/shop\/#\/schema\/logo\/image\/\",\"url\":\"https:\/\/www.eurosmart.hu\/shop\/wp-content\/uploads\/2023\/10\/milwaukee-logo-1.png\",\"contentUrl\":\"https:\/\/www.eurosmart.hu\/shop\/wp-content\/uploads\/2023\/10\/milwaukee-logo-1.png\",\"width\":500,\"height\":200,\"caption\":\"Eurosmart - Milwaukee web\u00e1ruh\u00e1z\"},\"image\":{\"@id\":\"https:\/\/www.eurosmart.hu\/shop\/#\/schema\/logo\/image\/\"},\"sameAs\":[\"https:\/\/www.facebook.com\/EurosmartKft\"]}]}<\/script>\n<meta property=\"product:price:amount\" content=\"0\" \/>\n<meta property=\"product:price:currency\" content=\"HUF\" \/>\n<meta property=\"og:availability\" content=\"instock\" \/>\n<meta property=\"product:availability\" content=\"instock\" \/>\n<meta property=\"product:retailer_item_id\" content=\"4932345825\" \/>\n<meta property=\"product:condition\" content=\"new\" \/>\n<!-- \/ Yoast SEO Premium plugin. -->","yoast_head_json":{"title":"MILWAUKEE SZ\u00daR\u00d3F\u0170R\u00c9SZLAP SZETT (F\u00c1HOZ, PVC-HEZ, F\u00c9MHEZ) 5DB\/CSOMAG (4932345825) - Eurosmart - Milwaukee web\u00e1ruh\u00e1z","robots":{"index":"index","follow":"follow","max-snippet":"max-snippet:-1","max-image-preview":"max-image-preview:large","max-video-preview":"max-video-preview:-1"},"canonical":"https:\/\/www.eurosmart.hu\/shop\/index.php\/termek\/milwaukee-szurofureszlap-szett-fahoz-pvc-hez-femhez-5db-csomag-4932345825\/","og_locale":"hu_HU","og_type":"article","og_title":"MILWAUKEE SZ\u00daR\u00d3F\u0170R\u00c9SZLAP SZETT (F\u00c1HOZ, PVC-HEZ, F\u00c9MHEZ) 5DB\/CSOMAG (4932345825)","og_description":"A k\u00e9szlet tartalma: 5 db SZ\u00daR\u00d3F\u0170R\u00c9SZLAP","og_url":"https:\/\/www.eurosmart.hu\/shop\/index.php\/termek\/milwaukee-szurofureszlap-szett-fahoz-pvc-hez-femhez-5db-csomag-4932345825\/","og_site_name":"Eurosmart - Milwaukee web\u00e1ruh\u00e1z","article_publisher":"https:\/\/www.facebook.com\/EurosmartKft","article_modified_time":"2023-10-04T13:41:11+00:00","og_image":[{"width":600,"height":600,"url":"https:\/\/www.eurosmart.hu\/shop\/wp-content\/uploads\/2023\/10\/4932345825.jpg","type":"image\/jpeg"}],"twitter_card":"summary_large_image","twitter_misc":{"Price":"","Availability":"In stock"},"schema":{"@context":"https:\/\/schema.org","@graph":[{"@type":"WebPage","@id":"https:\/\/www.eurosmart.hu\/shop\/index.php\/termek\/milwaukee-szurofureszlap-szett-fahoz-pvc-hez-femhez-5db-csomag-4932345825\/","url":"https:\/\/www.eurosmart.hu\/shop\/index.php\/termek\/milwaukee-szurofureszlap-szett-fahoz-pvc-hez-femhez-5db-csomag-4932345825\/","name":"MILWAUKEE SZ\u00daR\u00d3F\u0170R\u00c9SZLAP SZETT (F\u00c1HOZ, PVC-HEZ, F\u00c9MHEZ) 5DB\/CSOMAG (4932345825) - Eurosmart - Milwaukee web\u00e1ruh\u00e1z","isPartOf":{"@id":"https:\/\/www.eurosmart.hu\/shop\/#website"},"datePublished":"2023-10-02T08:00:35+00:00","dateModified":"2023-10-04T13:41:11+00:00","breadcrumb":{"@id":"https:\/\/www.eurosmart.hu\/shop\/index.php\/termek\/milwaukee-szurofureszlap-szett-fahoz-pvc-hez-femhez-5db-csomag-4932345825\/#breadcrumb"},"inLanguage":"hu","potentialAction":[{"@type":"ReadAction","target":["https:\/\/www.eurosmart.hu\/shop\/index.php\/termek\/milwaukee-szurofureszlap-szett-fahoz-pvc-hez-femhez-5db-csomag-4932345825\/"]}]},{"@type":"BreadcrumbList","@id":"https:\/\/www.eurosmart.hu\/shop\/index.php\/termek\/milwaukee-szurofureszlap-szett-fahoz-pvc-hez-femhez-5db-csomag-4932345825\/#breadcrumb","itemListElement":[{"@type":"ListItem","position":1,"name":"Kezd\u0151lap","item":"https:\/\/www.eurosmart.hu\/shop\/"},{"@type":"ListItem","position":2,"name":"Term\u00e9keink","item":"https:\/\/www.eurosmart.hu\/shop\/index.php\/uzlet\/"},{"@type":"ListItem","position":3,"name":"MILWAUKEE SZ\u00daR\u00d3F\u0170R\u00c9SZLAP SZETT (F\u00c1HOZ, PVC-HEZ, F\u00c9MHEZ) 5DB\/CSOMAG (4932345825)"}]},{"@type":"WebSite","@id":"https:\/\/www.eurosmart.hu\/shop\/#website","url":"https:\/\/www.eurosmart.hu\/shop\/","name":"Eurosmart - Milwaukee web\u00e1ruh\u00e1z","description":"Milwaukee web\u00e1ruh\u00e1z","publisher":{"@id":"https:\/\/www.eurosmart.hu\/shop\/#organization"},"potentialAction":[{"@type":"SearchAction","target":{"@type":"EntryPoint","urlTemplate":"https:\/\/www.eurosmart.hu\/shop\/?s={search_term_string}"},"query-input":"required name=search_term_string"}],"inLanguage":"hu"},{"@type":"Organization","@id":"https:\/\/www.eurosmart.hu\/shop\/#organization","name":"Eurosmart - Milwaukee web\u00e1ruh\u00e1z","url":"https:\/\/www.eurosmart.hu\/shop\/","logo":{"@type":"ImageObject","inLanguage":"hu","@id":"https:\/\/www.eurosmart.hu\/shop\/#\/schema\/logo\/image\/","url":"https:\/\/www.eurosmart.hu\/shop\/wp-content\/uploads\/2023\/10\/milwaukee-logo-1.png","contentUrl":"https:\/\/www.eurosmart.hu\/shop\/wp-content\/uploads\/2023\/10\/milwaukee-logo-1.png","width":500,"height":200,"caption":"Eurosmart - Milwaukee web\u00e1ruh\u00e1z"},"image":{"@id":"https:\/\/www.eurosmart.hu\/shop\/#\/schema\/logo\/image\/"},"sameAs":["https:\/\/www.facebook.com\/EurosmartKft"]}]},"product_price_currency":"HUF","og_availability":"instock","product_availability":"instock","product_retailer_item_id":"4932345825","product_condition":"new"},"_links":{"self":[{"href":"https:\/\/www.eurosmart.hu\/shop\/index.php\/wp-json\/wp\/v2\/product\/2866","targetHints":{"allow":["GET"]}}],"collection":[{"href":"https:\/\/www.eurosmart.hu\/shop\/index.php\/wp-json\/wp\/v2\/product"}],"about":[{"href":"https:\/\/www.eurosmart.hu\/shop\/index.php\/wp-json\/wp\/v2\/types\/product"}],"wp:featuredmedia":[{"embeddable":true,"href":"https:\/\/www.eurosmart.hu\/shop\/index.php\/wp-json\/wp\/v2\/media\/2867"}],"wp:attachment":[{"href":"https:\/\/www.eurosmart.hu\/shop\/index.php\/wp-json\/wp\/v2\/media?parent=2866"}],"wp:term":[{"taxonomy":"product_cat","embeddable":true,"href":"https:\/\/www.eurosmart.hu\/shop\/index.php\/wp-json\/wp\/v2\/product_cat?post=2866"},{"taxonomy":"product_tag","embeddable":true,"href":"https:\/\/www.eurosmart.hu\/shop\/index.php\/wp-json\/wp\/v2\/product_tag?post=2866"}],"curies":[{"name":"wp","href":"https:\/\/api.w.org\/{rel}","templated":true}]}}