{"id":2854,"date":"2023-10-02T07:13:11","date_gmt":"2023-10-02T07:13:11","guid":{"rendered":"https:\/\/www.eurosmart.hu\/shop\/?post_type=product&#038;p=2854"},"modified":"2024-02-21T11:34:34","modified_gmt":"2024-02-21T11:34:34","slug":"milwaukee-szerszamtarto-csuklopant-22-kg-ig-4932472107","status":"publish","type":"product","link":"https:\/\/www.eurosmart.hu\/shop\/index.php\/termek\/milwaukee-szerszamtarto-csuklopant-22-kg-ig-4932472107\/","title":{"rendered":"MILWAUKEE SZERSZ\u00c1MTART\u00d3 SZALAG CSUKL\u00d3P\u00c1NTTAL (4932472107)"},"content":{"rendered":"<h5>Tulajdons\u00e1gok:<\/h5>\n<ul class=\"ProductFeaturesTextstyles__FeatureList-fxqvf2-1 dUrrwH\">\n<li class=\"ProductFeaturesTextstyles__Feature-fxqvf2-3 ggyeUS\">Biztons\u00e1gos \u00e9s k\u00e9nyelmes szersz\u00e1mr\u00f6gz\u00edt\u00e9s a csukl\u00f3hoz<\/li>\n<li class=\"ProductFeaturesTextstyles__Feature-fxqvf2-3 ggyeUS\">Puha \u00e9s \u00e1ll\u00edthat\u00f3 heveder &#8211; illeszkedik minden csukl\u00f3 m\u00e9rethez, gy\u0171r\u0171h\u00f6z \u00e9s szersz\u00e1mk\u00f6t\u00e9l r\u00f6gz\u00edt\u0151 lyukhoz<\/li>\n<li class=\"ProductFeaturesTextstyles__Feature-fxqvf2-3 ggyeUS\">H\u00farok seg\u00edts\u00e9g\u00e9vel mindenf\u00e9le szersz\u00e1mot biztons\u00e1gosan r\u00f6gz\u00edthet &#8211; k\u00e9ziszersz\u00e1mot, ragaszt\u00f3szalagot, csavarh\u00faz\u00f3t stb.<\/li>\n<li class=\"ProductFeaturesTextstyles__Feature-fxqvf2-3 ggyeUS\">A csukl\u00f3k\u00f6t\u00e9s lehet\u0151v\u00e9 teszi a szersz\u00e1mokhoz val\u00f3 k\u00f6nny\u0171 hozz\u00e1f\u00e9r\u00e9st sz\u0171k helyeken vagy ism\u00e9tl\u0151d\u0151 munk\u00e1k sor\u00e1n<\/li>\n<li class=\"ProductFeaturesTextstyles__Feature-fxqvf2-3 ggyeUS\">Sz\u00ednk\u00f3dolt s\u00faly\u00e9rt\u00e9k &#8211; a szalag terhelhet\u0151s\u00e9g\u00e9nek k\u00f6nny\u0171 azonos\u00edt\u00e1sa<\/li>\n<li>Terhelhet\u0151s\u00e9g (kg): 2.2<\/li>\n<\/ul>\n","protected":false},"excerpt":{"rendered":"<p><strong>A k\u00e9szlet tartalma:<\/strong> 1 db SZERSZ\u00c1MTART\u00d3 SZALAG CSUKL\u00d3P\u00c1NTTAL<\/p>\n","protected":false},"featured_media":2855,"template":"","meta":[],"product_cat":[59,200,206,89],"product_tag":[],"class_list":["post-2854","product","type-product","status-publish","has-post-thumbnail","hentry","product_cat-milwaukee","product_cat-munkavedelem-termekek","product_cat-szerszamtarto-kotelek","product_cat-termekek"],"yoast_head":"<!-- This site is optimized with the Yoast SEO Premium plugin v21.3 (Yoast SEO v21.3) - https:\/\/yoast.com\/wordpress\/plugins\/seo\/ -->\n<title>MILWAUKEE SZERSZ\u00c1MTART\u00d3 SZALAG CSUKL\u00d3P\u00c1NTTAL (4932472107) - Eurosmart - Milwaukee web\u00e1ruh\u00e1z<\/title>\n<meta name=\"robots\" content=\"index, follow, max-snippet:-1, max-image-preview:large, max-video-preview:-1\" \/>\n<link rel=\"canonical\" href=\"https:\/\/www.eurosmart.hu\/shop\/index.php\/termek\/milwaukee-szerszamtarto-csuklopant-22-kg-ig-4932472107\/\" \/>\n<meta property=\"og:locale\" content=\"hu_HU\" \/>\n<meta property=\"og:type\" content=\"article\" \/>\n<meta property=\"og:title\" content=\"MILWAUKEE SZERSZ\u00c1MTART\u00d3 SZALAG CSUKL\u00d3P\u00c1NTTAL (4932472107)\" \/>\n<meta property=\"og:description\" content=\"A k\u00e9szlet tartalma: 1 db SZERSZ\u00c1MTART\u00d3 SZALAG CSUKL\u00d3P\u00c1NTTAL\" \/>\n<meta property=\"og:url\" content=\"https:\/\/www.eurosmart.hu\/shop\/index.php\/termek\/milwaukee-szerszamtarto-csuklopant-22-kg-ig-4932472107\/\" \/>\n<meta property=\"og:site_name\" content=\"Eurosmart - Milwaukee web\u00e1ruh\u00e1z\" \/>\n<meta property=\"article:publisher\" content=\"https:\/\/www.facebook.com\/EurosmartKft\" \/>\n<meta property=\"article:modified_time\" content=\"2024-02-21T11:34:34+00:00\" \/>\n<meta property=\"og:image\" content=\"https:\/\/www.eurosmart.hu\/shop\/wp-content\/uploads\/2023\/10\/4932472107.jpg\" \/>\n\t<meta property=\"og:image:width\" content=\"600\" \/>\n\t<meta property=\"og:image:height\" content=\"600\" \/>\n\t<meta property=\"og:image:type\" content=\"image\/jpeg\" \/>\n<meta name=\"twitter:card\" content=\"summary_large_image\" \/>\n<meta name=\"twitter:label1\" content=\"Price\" \/>\n\t<meta name=\"twitter:data1\" content=\"\" \/>\n\t<meta name=\"twitter:label2\" content=\"Availability\" \/>\n\t<meta name=\"twitter:data2\" content=\"In stock\" \/>\n<script type=\"application\/ld+json\" class=\"yoast-schema-graph\">{\"@context\":\"https:\/\/schema.org\",\"@graph\":[{\"@type\":\"WebPage\",\"@id\":\"https:\/\/www.eurosmart.hu\/shop\/index.php\/termek\/milwaukee-szerszamtarto-csuklopant-22-kg-ig-4932472107\/\",\"url\":\"https:\/\/www.eurosmart.hu\/shop\/index.php\/termek\/milwaukee-szerszamtarto-csuklopant-22-kg-ig-4932472107\/\",\"name\":\"MILWAUKEE SZERSZ\u00c1MTART\u00d3 SZALAG CSUKL\u00d3P\u00c1NTTAL (4932472107) - Eurosmart - Milwaukee web\u00e1ruh\u00e1z\",\"isPartOf\":{\"@id\":\"https:\/\/www.eurosmart.hu\/shop\/#website\"},\"datePublished\":\"2023-10-02T07:13:11+00:00\",\"dateModified\":\"2024-02-21T11:34:34+00:00\",\"breadcrumb\":{\"@id\":\"https:\/\/www.eurosmart.hu\/shop\/index.php\/termek\/milwaukee-szerszamtarto-csuklopant-22-kg-ig-4932472107\/#breadcrumb\"},\"inLanguage\":\"hu\",\"potentialAction\":[{\"@type\":\"ReadAction\",\"target\":[\"https:\/\/www.eurosmart.hu\/shop\/index.php\/termek\/milwaukee-szerszamtarto-csuklopant-22-kg-ig-4932472107\/\"]}]},{\"@type\":\"BreadcrumbList\",\"@id\":\"https:\/\/www.eurosmart.hu\/shop\/index.php\/termek\/milwaukee-szerszamtarto-csuklopant-22-kg-ig-4932472107\/#breadcrumb\",\"itemListElement\":[{\"@type\":\"ListItem\",\"position\":1,\"name\":\"Kezd\u0151lap\",\"item\":\"https:\/\/www.eurosmart.hu\/shop\/\"},{\"@type\":\"ListItem\",\"position\":2,\"name\":\"Term\u00e9keink\",\"item\":\"https:\/\/www.eurosmart.hu\/shop\/index.php\/uzlet\/\"},{\"@type\":\"ListItem\",\"position\":3,\"name\":\"MILWAUKEE SZERSZ\u00c1MTART\u00d3 SZALAG CSUKL\u00d3P\u00c1NTTAL (4932472107)\"}]},{\"@type\":\"WebSite\",\"@id\":\"https:\/\/www.eurosmart.hu\/shop\/#website\",\"url\":\"https:\/\/www.eurosmart.hu\/shop\/\",\"name\":\"Eurosmart - Milwaukee web\u00e1ruh\u00e1z\",\"description\":\"Milwaukee web\u00e1ruh\u00e1z\",\"publisher\":{\"@id\":\"https:\/\/www.eurosmart.hu\/shop\/#organization\"},\"potentialAction\":[{\"@type\":\"SearchAction\",\"target\":{\"@type\":\"EntryPoint\",\"urlTemplate\":\"https:\/\/www.eurosmart.hu\/shop\/?s={search_term_string}\"},\"query-input\":\"required name=search_term_string\"}],\"inLanguage\":\"hu\"},{\"@type\":\"Organization\",\"@id\":\"https:\/\/www.eurosmart.hu\/shop\/#organization\",\"name\":\"Eurosmart - Milwaukee web\u00e1ruh\u00e1z\",\"url\":\"https:\/\/www.eurosmart.hu\/shop\/\",\"logo\":{\"@type\":\"ImageObject\",\"inLanguage\":\"hu\",\"@id\":\"https:\/\/www.eurosmart.hu\/shop\/#\/schema\/logo\/image\/\",\"url\":\"https:\/\/www.eurosmart.hu\/shop\/wp-content\/uploads\/2023\/10\/milwaukee-logo-1.png\",\"contentUrl\":\"https:\/\/www.eurosmart.hu\/shop\/wp-content\/uploads\/2023\/10\/milwaukee-logo-1.png\",\"width\":500,\"height\":200,\"caption\":\"Eurosmart - Milwaukee web\u00e1ruh\u00e1z\"},\"image\":{\"@id\":\"https:\/\/www.eurosmart.hu\/shop\/#\/schema\/logo\/image\/\"},\"sameAs\":[\"https:\/\/www.facebook.com\/EurosmartKft\"]}]}<\/script>\n<meta property=\"product:price:amount\" content=\"0\" \/>\n<meta property=\"product:price:currency\" content=\"HUF\" \/>\n<meta property=\"og:availability\" content=\"instock\" \/>\n<meta property=\"product:availability\" content=\"instock\" \/>\n<meta property=\"product:retailer_item_id\" content=\"4932472107\" \/>\n<meta property=\"product:condition\" content=\"new\" \/>\n<!-- \/ Yoast SEO Premium plugin. -->","yoast_head_json":{"title":"MILWAUKEE SZERSZ\u00c1MTART\u00d3 SZALAG CSUKL\u00d3P\u00c1NTTAL (4932472107) - Eurosmart - Milwaukee web\u00e1ruh\u00e1z","robots":{"index":"index","follow":"follow","max-snippet":"max-snippet:-1","max-image-preview":"max-image-preview:large","max-video-preview":"max-video-preview:-1"},"canonical":"https:\/\/www.eurosmart.hu\/shop\/index.php\/termek\/milwaukee-szerszamtarto-csuklopant-22-kg-ig-4932472107\/","og_locale":"hu_HU","og_type":"article","og_title":"MILWAUKEE SZERSZ\u00c1MTART\u00d3 SZALAG CSUKL\u00d3P\u00c1NTTAL (4932472107)","og_description":"A k\u00e9szlet tartalma: 1 db SZERSZ\u00c1MTART\u00d3 SZALAG CSUKL\u00d3P\u00c1NTTAL","og_url":"https:\/\/www.eurosmart.hu\/shop\/index.php\/termek\/milwaukee-szerszamtarto-csuklopant-22-kg-ig-4932472107\/","og_site_name":"Eurosmart - Milwaukee web\u00e1ruh\u00e1z","article_publisher":"https:\/\/www.facebook.com\/EurosmartKft","article_modified_time":"2024-02-21T11:34:34+00:00","og_image":[{"width":600,"height":600,"url":"https:\/\/www.eurosmart.hu\/shop\/wp-content\/uploads\/2023\/10\/4932472107.jpg","type":"image\/jpeg"}],"twitter_card":"summary_large_image","twitter_misc":{"Price":"","Availability":"In stock"},"schema":{"@context":"https:\/\/schema.org","@graph":[{"@type":"WebPage","@id":"https:\/\/www.eurosmart.hu\/shop\/index.php\/termek\/milwaukee-szerszamtarto-csuklopant-22-kg-ig-4932472107\/","url":"https:\/\/www.eurosmart.hu\/shop\/index.php\/termek\/milwaukee-szerszamtarto-csuklopant-22-kg-ig-4932472107\/","name":"MILWAUKEE SZERSZ\u00c1MTART\u00d3 SZALAG CSUKL\u00d3P\u00c1NTTAL (4932472107) - Eurosmart - Milwaukee web\u00e1ruh\u00e1z","isPartOf":{"@id":"https:\/\/www.eurosmart.hu\/shop\/#website"},"datePublished":"2023-10-02T07:13:11+00:00","dateModified":"2024-02-21T11:34:34+00:00","breadcrumb":{"@id":"https:\/\/www.eurosmart.hu\/shop\/index.php\/termek\/milwaukee-szerszamtarto-csuklopant-22-kg-ig-4932472107\/#breadcrumb"},"inLanguage":"hu","potentialAction":[{"@type":"ReadAction","target":["https:\/\/www.eurosmart.hu\/shop\/index.php\/termek\/milwaukee-szerszamtarto-csuklopant-22-kg-ig-4932472107\/"]}]},{"@type":"BreadcrumbList","@id":"https:\/\/www.eurosmart.hu\/shop\/index.php\/termek\/milwaukee-szerszamtarto-csuklopant-22-kg-ig-4932472107\/#breadcrumb","itemListElement":[{"@type":"ListItem","position":1,"name":"Kezd\u0151lap","item":"https:\/\/www.eurosmart.hu\/shop\/"},{"@type":"ListItem","position":2,"name":"Term\u00e9keink","item":"https:\/\/www.eurosmart.hu\/shop\/index.php\/uzlet\/"},{"@type":"ListItem","position":3,"name":"MILWAUKEE SZERSZ\u00c1MTART\u00d3 SZALAG CSUKL\u00d3P\u00c1NTTAL (4932472107)"}]},{"@type":"WebSite","@id":"https:\/\/www.eurosmart.hu\/shop\/#website","url":"https:\/\/www.eurosmart.hu\/shop\/","name":"Eurosmart - Milwaukee web\u00e1ruh\u00e1z","description":"Milwaukee web\u00e1ruh\u00e1z","publisher":{"@id":"https:\/\/www.eurosmart.hu\/shop\/#organization"},"potentialAction":[{"@type":"SearchAction","target":{"@type":"EntryPoint","urlTemplate":"https:\/\/www.eurosmart.hu\/shop\/?s={search_term_string}"},"query-input":"required name=search_term_string"}],"inLanguage":"hu"},{"@type":"Organization","@id":"https:\/\/www.eurosmart.hu\/shop\/#organization","name":"Eurosmart - Milwaukee web\u00e1ruh\u00e1z","url":"https:\/\/www.eurosmart.hu\/shop\/","logo":{"@type":"ImageObject","inLanguage":"hu","@id":"https:\/\/www.eurosmart.hu\/shop\/#\/schema\/logo\/image\/","url":"https:\/\/www.eurosmart.hu\/shop\/wp-content\/uploads\/2023\/10\/milwaukee-logo-1.png","contentUrl":"https:\/\/www.eurosmart.hu\/shop\/wp-content\/uploads\/2023\/10\/milwaukee-logo-1.png","width":500,"height":200,"caption":"Eurosmart - Milwaukee web\u00e1ruh\u00e1z"},"image":{"@id":"https:\/\/www.eurosmart.hu\/shop\/#\/schema\/logo\/image\/"},"sameAs":["https:\/\/www.facebook.com\/EurosmartKft"]}]},"product_price_currency":"HUF","og_availability":"instock","product_availability":"instock","product_retailer_item_id":"4932472107","product_condition":"new"},"_links":{"self":[{"href":"https:\/\/www.eurosmart.hu\/shop\/index.php\/wp-json\/wp\/v2\/product\/2854","targetHints":{"allow":["GET"]}}],"collection":[{"href":"https:\/\/www.eurosmart.hu\/shop\/index.php\/wp-json\/wp\/v2\/product"}],"about":[{"href":"https:\/\/www.eurosmart.hu\/shop\/index.php\/wp-json\/wp\/v2\/types\/product"}],"wp:featuredmedia":[{"embeddable":true,"href":"https:\/\/www.eurosmart.hu\/shop\/index.php\/wp-json\/wp\/v2\/media\/2855"}],"wp:attachment":[{"href":"https:\/\/www.eurosmart.hu\/shop\/index.php\/wp-json\/wp\/v2\/media?parent=2854"}],"wp:term":[{"taxonomy":"product_cat","embeddable":true,"href":"https:\/\/www.eurosmart.hu\/shop\/index.php\/wp-json\/wp\/v2\/product_cat?post=2854"},{"taxonomy":"product_tag","embeddable":true,"href":"https:\/\/www.eurosmart.hu\/shop\/index.php\/wp-json\/wp\/v2\/product_tag?post=2854"}],"curies":[{"name":"wp","href":"https:\/\/api.w.org\/{rel}","templated":true}]}}