{"id":2836,"date":"2023-09-29T10:52:09","date_gmt":"2023-09-29T10:52:09","guid":{"rendered":"https:\/\/www.eurosmart.hu\/shop\/?post_type=product&#038;p=2836"},"modified":"2023-10-04T13:51:50","modified_gmt":"2023-10-04T13:51:50","slug":"milwaukee-sawzall-szablyafureszlap-karbid-bonto-keszlet-13-reszes-49222231","status":"publish","type":"product","link":"https:\/\/www.eurosmart.hu\/shop\/index.php\/termek\/milwaukee-sawzall-szablyafureszlap-karbid-bonto-keszlet-13-reszes-49222231\/","title":{"rendered":"MILWAUKEE SAWZALL\u00ae SZABLYAF\u0170R\u00c9SZLAP K\u00c9SZLET 13 R\u00c9SZES (49222231)"},"content":{"rendered":"<p><strong>2 db WRECKER T\u00f6bbfunkci\u00f3s karbidfogas f\u0171r\u00e9szlap 150 mm:<\/strong><\/p>\n<ul>\n<li>Max. v\u00e1g\u00e1si kapacit\u00e1s \u00f6nt\u00f6ttvas cs\u0151ben: 10 &#8211; 100 mm<\/li>\n<li>Max. v\u00e1g\u00e1si kapacit\u00e1s ac\u00e9lban: 5 &#8211; 13 mm<\/li>\n<li>Max. v\u00e1g\u00e1si kapacit\u00e1s f\u00e9m cs\u0151ben: 10 &#8211; 100 mm<\/li>\n<li>Max. v\u00e1g\u00e1si kapacit\u00e1s sz\u00ednesf\u00e9mben: 5 &#8211; 13 mm<\/li>\n<\/ul>\n<div>\n<p><strong>2 db AX Karbid f\u0171r\u00e9szlap f\u00e1hoz 150 mm:<\/strong><\/p>\n<ul>\n<li>Max. v\u00e1g\u00e1s m\u0171anyag cs\u0151ben: 10 &#8211; 100 mm<\/li>\n<li>Max. v\u00e1g\u00e1si kapacit\u00e1s puha f\u00e1ban: 10 &#8211; 100 mm<\/li>\n<li>Max. v\u00e1g\u00e1si kapacit\u00e1s PVC-ben: 10 &#8211; 50 mm<\/li>\n<li>Max. v\u00e1g\u00e1si kapacit\u00e1s sz\u00f6ges f\u00e1ban: 10 &#8211; 100 mm<\/li>\n<\/ul>\n<div>\n<p><strong>2 db AX Karbid f\u0171r\u00e9szlap f\u00e1hoz 230 mm<\/strong>:<\/p>\n<ul>\n<li>Max. v\u00e1g\u00e1s m\u0171anyag cs\u0151ben: 10 &#8211; 175 mm<\/li>\n<li>Max. v\u00e1g\u00e1si kapacit\u00e1s puha f\u00e1ban: 10 &#8211; 175 mm<\/li>\n<li>Max. v\u00e1g\u00e1si kapacit\u00e1s PVC-ben : 10 &#8211; 50 mm<\/li>\n<li>Max. v\u00e1g\u00e1si kapacit\u00e1s sz\u00f6ges f\u00e1ban: 10 &#8211; 175 mm<\/li>\n<\/ul>\n<div>\n<p><strong>4 db TORCH f\u0171r\u00e9szlap f\u00e9mhez 150 mm:<\/strong><\/p>\n<ul>\n<li>Max. v\u00e1g\u00e1si kapacit\u00e1s ac\u00e9lban: 2 &#8211; 8 mm<\/li>\n<li>Max. v\u00e1g\u00e1si kapacit\u00e1s f\u00e9m cs\u0151ben: 10 &#8211; 100 mm<\/li>\n<li>Max. v\u00e1g\u00e1si kapacit\u00e1s inoxban: 2 &#8211; 4 mm<\/li>\n<li>Max. v\u00e1g\u00e1si kapacit\u00e1s sz\u00ednesf\u00e9mben: 2 &#8211; 8 mm<\/li>\n<\/ul>\n<p><strong>2 db TORCH f\u0171r\u00e9szlap f\u00e9mhez 230 mm:<\/strong><\/p>\n<ul>\n<li>Max. v\u00e1g\u00e1si kapacit\u00e1s ac\u00e9lban: 2 &#8211; 8 mm<\/li>\n<li>Max. v\u00e1g\u00e1si kapacit\u00e1s f\u00e9m cs\u0151ben: 10 &#8211; 160 mm<\/li>\n<li>Max. v\u00e1g\u00e1si kapacit\u00e1s inoxban: 2 &#8211; 4 mm<\/li>\n<li>Max. v\u00e1g\u00e1si kapacit\u00e1s sz\u00ednesf\u00e9mben: 2 &#8211; 8 mm<\/li>\n<\/ul>\n<div>\n<p><strong>1 db TORCH karbid f\u0171r\u00e9szlap 150 mm:<\/strong><\/p>\n<ul>\n<li>Maxim\u00e1lis v\u00e1g\u00e1si kapacit\u00e1s rozsdamentes ac\u00e9lban: 5 &#8211; 13 mm<\/li>\n<li>Maxim\u00e1lis v\u00e1g\u00e1si kapacit\u00e1s \u00f6nt\u00f6ttvas cs\u0151ben: 10 &#8211; 100 mm<\/li>\n<li>Maxim\u00e1lis v\u00e1g\u00e1si kapacit\u00e1s ac\u00e9lban: 5 &#8211; 13 mm<\/li>\n<li>Maxim\u00e1lis v\u00e1g\u00e1si kapacit\u00e1s f\u00e9m cs\u0151ben: 10 &#8211; 100 mm<\/li>\n<li>Maxim\u00e1lis v\u00e1g\u00e1si kapacit\u00e1s sz\u00ednesf\u00e9mben: 5 &#8211; 13 mm<\/li>\n<\/ul>\n<\/div>\n<\/div>\n<\/div>\n<\/div>\n","protected":false},"excerpt":{"rendered":"<p><strong>A k\u00e9szlet tartalma:<\/strong> 13 db SAWZALL\u00ae SZABLYAF\u0170R\u00c9SZLAP, 1 db TART\u00d3DOBOZ<\/p>\n","protected":false},"featured_media":2837,"template":"","meta":[],"product_cat":[59,217,89,220],"product_tag":[],"class_list":["post-2836","product","type-product","status-publish","has-post-thumbnail","hentry","product_cat-milwaukee","product_cat-tartozekok-termekek","product_cat-termekek","product_cat-vagas-es-csiszolas"],"yoast_head":"<!-- This site is optimized with the Yoast SEO Premium plugin v21.3 (Yoast SEO v21.3) - https:\/\/yoast.com\/wordpress\/plugins\/seo\/ -->\n<title>MILWAUKEE SAWZALL\u00ae SZABLYAF\u0170R\u00c9SZLAP K\u00c9SZLET 13 R\u00c9SZES (49222231) - Eurosmart - Milwaukee web\u00e1ruh\u00e1z<\/title>\n<meta name=\"robots\" content=\"index, follow, max-snippet:-1, max-image-preview:large, max-video-preview:-1\" \/>\n<link rel=\"canonical\" href=\"https:\/\/www.eurosmart.hu\/shop\/index.php\/termek\/milwaukee-sawzall-szablyafureszlap-karbid-bonto-keszlet-13-reszes-49222231\/\" \/>\n<meta property=\"og:locale\" content=\"hu_HU\" \/>\n<meta property=\"og:type\" content=\"article\" \/>\n<meta property=\"og:title\" content=\"MILWAUKEE SAWZALL\u00ae SZABLYAF\u0170R\u00c9SZLAP K\u00c9SZLET 13 R\u00c9SZES (49222231)\" \/>\n<meta property=\"og:description\" content=\"A k\u00e9szlet tartalma: 13 db SAWZALL\u00ae SZABLYAF\u0170R\u00c9SZLAP, 1 db TART\u00d3DOBOZ\" \/>\n<meta property=\"og:url\" content=\"https:\/\/www.eurosmart.hu\/shop\/index.php\/termek\/milwaukee-sawzall-szablyafureszlap-karbid-bonto-keszlet-13-reszes-49222231\/\" \/>\n<meta property=\"og:site_name\" content=\"Eurosmart - Milwaukee web\u00e1ruh\u00e1z\" \/>\n<meta property=\"article:publisher\" content=\"https:\/\/www.facebook.com\/EurosmartKft\" \/>\n<meta property=\"article:modified_time\" content=\"2023-10-04T13:51:50+00:00\" \/>\n<meta property=\"og:image\" content=\"https:\/\/www.eurosmart.hu\/shop\/wp-content\/uploads\/2023\/09\/49222231.jpg\" \/>\n\t<meta property=\"og:image:width\" content=\"600\" \/>\n\t<meta property=\"og:image:height\" content=\"600\" \/>\n\t<meta property=\"og:image:type\" content=\"image\/jpeg\" \/>\n<meta name=\"twitter:card\" content=\"summary_large_image\" \/>\n<meta name=\"twitter:label1\" content=\"Price\" \/>\n\t<meta name=\"twitter:data1\" content=\"\" \/>\n\t<meta name=\"twitter:label2\" content=\"Availability\" \/>\n\t<meta name=\"twitter:data2\" content=\"In stock\" \/>\n<script type=\"application\/ld+json\" class=\"yoast-schema-graph\">{\"@context\":\"https:\/\/schema.org\",\"@graph\":[{\"@type\":\"WebPage\",\"@id\":\"https:\/\/www.eurosmart.hu\/shop\/index.php\/termek\/milwaukee-sawzall-szablyafureszlap-karbid-bonto-keszlet-13-reszes-49222231\/\",\"url\":\"https:\/\/www.eurosmart.hu\/shop\/index.php\/termek\/milwaukee-sawzall-szablyafureszlap-karbid-bonto-keszlet-13-reszes-49222231\/\",\"name\":\"MILWAUKEE SAWZALL\u00ae SZABLYAF\u0170R\u00c9SZLAP K\u00c9SZLET 13 R\u00c9SZES (49222231) - Eurosmart - Milwaukee web\u00e1ruh\u00e1z\",\"isPartOf\":{\"@id\":\"https:\/\/www.eurosmart.hu\/shop\/#website\"},\"datePublished\":\"2023-09-29T10:52:09+00:00\",\"dateModified\":\"2023-10-04T13:51:50+00:00\",\"breadcrumb\":{\"@id\":\"https:\/\/www.eurosmart.hu\/shop\/index.php\/termek\/milwaukee-sawzall-szablyafureszlap-karbid-bonto-keszlet-13-reszes-49222231\/#breadcrumb\"},\"inLanguage\":\"hu\",\"potentialAction\":[{\"@type\":\"ReadAction\",\"target\":[\"https:\/\/www.eurosmart.hu\/shop\/index.php\/termek\/milwaukee-sawzall-szablyafureszlap-karbid-bonto-keszlet-13-reszes-49222231\/\"]}]},{\"@type\":\"BreadcrumbList\",\"@id\":\"https:\/\/www.eurosmart.hu\/shop\/index.php\/termek\/milwaukee-sawzall-szablyafureszlap-karbid-bonto-keszlet-13-reszes-49222231\/#breadcrumb\",\"itemListElement\":[{\"@type\":\"ListItem\",\"position\":1,\"name\":\"Kezd\u0151lap\",\"item\":\"https:\/\/www.eurosmart.hu\/shop\/\"},{\"@type\":\"ListItem\",\"position\":2,\"name\":\"Term\u00e9keink\",\"item\":\"https:\/\/www.eurosmart.hu\/shop\/index.php\/uzlet\/\"},{\"@type\":\"ListItem\",\"position\":3,\"name\":\"MILWAUKEE SAWZALL\u00ae SZABLYAF\u0170R\u00c9SZLAP K\u00c9SZLET 13 R\u00c9SZES (49222231)\"}]},{\"@type\":\"WebSite\",\"@id\":\"https:\/\/www.eurosmart.hu\/shop\/#website\",\"url\":\"https:\/\/www.eurosmart.hu\/shop\/\",\"name\":\"Eurosmart - Milwaukee web\u00e1ruh\u00e1z\",\"description\":\"Milwaukee web\u00e1ruh\u00e1z\",\"publisher\":{\"@id\":\"https:\/\/www.eurosmart.hu\/shop\/#organization\"},\"potentialAction\":[{\"@type\":\"SearchAction\",\"target\":{\"@type\":\"EntryPoint\",\"urlTemplate\":\"https:\/\/www.eurosmart.hu\/shop\/?s={search_term_string}\"},\"query-input\":\"required name=search_term_string\"}],\"inLanguage\":\"hu\"},{\"@type\":\"Organization\",\"@id\":\"https:\/\/www.eurosmart.hu\/shop\/#organization\",\"name\":\"Eurosmart - Milwaukee web\u00e1ruh\u00e1z\",\"url\":\"https:\/\/www.eurosmart.hu\/shop\/\",\"logo\":{\"@type\":\"ImageObject\",\"inLanguage\":\"hu\",\"@id\":\"https:\/\/www.eurosmart.hu\/shop\/#\/schema\/logo\/image\/\",\"url\":\"https:\/\/www.eurosmart.hu\/shop\/wp-content\/uploads\/2023\/10\/milwaukee-logo-1.png\",\"contentUrl\":\"https:\/\/www.eurosmart.hu\/shop\/wp-content\/uploads\/2023\/10\/milwaukee-logo-1.png\",\"width\":500,\"height\":200,\"caption\":\"Eurosmart - Milwaukee web\u00e1ruh\u00e1z\"},\"image\":{\"@id\":\"https:\/\/www.eurosmart.hu\/shop\/#\/schema\/logo\/image\/\"},\"sameAs\":[\"https:\/\/www.facebook.com\/EurosmartKft\"]}]}<\/script>\n<meta property=\"product:price:amount\" content=\"0\" \/>\n<meta property=\"product:price:currency\" content=\"HUF\" \/>\n<meta property=\"og:availability\" content=\"instock\" \/>\n<meta property=\"product:availability\" content=\"instock\" \/>\n<meta property=\"product:retailer_item_id\" content=\"49222231\" \/>\n<meta property=\"product:condition\" content=\"new\" \/>\n<!-- \/ Yoast SEO Premium plugin. -->","yoast_head_json":{"title":"MILWAUKEE SAWZALL\u00ae SZABLYAF\u0170R\u00c9SZLAP K\u00c9SZLET 13 R\u00c9SZES (49222231) - Eurosmart - Milwaukee web\u00e1ruh\u00e1z","robots":{"index":"index","follow":"follow","max-snippet":"max-snippet:-1","max-image-preview":"max-image-preview:large","max-video-preview":"max-video-preview:-1"},"canonical":"https:\/\/www.eurosmart.hu\/shop\/index.php\/termek\/milwaukee-sawzall-szablyafureszlap-karbid-bonto-keszlet-13-reszes-49222231\/","og_locale":"hu_HU","og_type":"article","og_title":"MILWAUKEE SAWZALL\u00ae SZABLYAF\u0170R\u00c9SZLAP K\u00c9SZLET 13 R\u00c9SZES (49222231)","og_description":"A k\u00e9szlet tartalma: 13 db SAWZALL\u00ae SZABLYAF\u0170R\u00c9SZLAP, 1 db TART\u00d3DOBOZ","og_url":"https:\/\/www.eurosmart.hu\/shop\/index.php\/termek\/milwaukee-sawzall-szablyafureszlap-karbid-bonto-keszlet-13-reszes-49222231\/","og_site_name":"Eurosmart - Milwaukee web\u00e1ruh\u00e1z","article_publisher":"https:\/\/www.facebook.com\/EurosmartKft","article_modified_time":"2023-10-04T13:51:50+00:00","og_image":[{"width":600,"height":600,"url":"https:\/\/www.eurosmart.hu\/shop\/wp-content\/uploads\/2023\/09\/49222231.jpg","type":"image\/jpeg"}],"twitter_card":"summary_large_image","twitter_misc":{"Price":"","Availability":"In stock"},"schema":{"@context":"https:\/\/schema.org","@graph":[{"@type":"WebPage","@id":"https:\/\/www.eurosmart.hu\/shop\/index.php\/termek\/milwaukee-sawzall-szablyafureszlap-karbid-bonto-keszlet-13-reszes-49222231\/","url":"https:\/\/www.eurosmart.hu\/shop\/index.php\/termek\/milwaukee-sawzall-szablyafureszlap-karbid-bonto-keszlet-13-reszes-49222231\/","name":"MILWAUKEE SAWZALL\u00ae SZABLYAF\u0170R\u00c9SZLAP K\u00c9SZLET 13 R\u00c9SZES (49222231) - Eurosmart - Milwaukee web\u00e1ruh\u00e1z","isPartOf":{"@id":"https:\/\/www.eurosmart.hu\/shop\/#website"},"datePublished":"2023-09-29T10:52:09+00:00","dateModified":"2023-10-04T13:51:50+00:00","breadcrumb":{"@id":"https:\/\/www.eurosmart.hu\/shop\/index.php\/termek\/milwaukee-sawzall-szablyafureszlap-karbid-bonto-keszlet-13-reszes-49222231\/#breadcrumb"},"inLanguage":"hu","potentialAction":[{"@type":"ReadAction","target":["https:\/\/www.eurosmart.hu\/shop\/index.php\/termek\/milwaukee-sawzall-szablyafureszlap-karbid-bonto-keszlet-13-reszes-49222231\/"]}]},{"@type":"BreadcrumbList","@id":"https:\/\/www.eurosmart.hu\/shop\/index.php\/termek\/milwaukee-sawzall-szablyafureszlap-karbid-bonto-keszlet-13-reszes-49222231\/#breadcrumb","itemListElement":[{"@type":"ListItem","position":1,"name":"Kezd\u0151lap","item":"https:\/\/www.eurosmart.hu\/shop\/"},{"@type":"ListItem","position":2,"name":"Term\u00e9keink","item":"https:\/\/www.eurosmart.hu\/shop\/index.php\/uzlet\/"},{"@type":"ListItem","position":3,"name":"MILWAUKEE SAWZALL\u00ae SZABLYAF\u0170R\u00c9SZLAP K\u00c9SZLET 13 R\u00c9SZES (49222231)"}]},{"@type":"WebSite","@id":"https:\/\/www.eurosmart.hu\/shop\/#website","url":"https:\/\/www.eurosmart.hu\/shop\/","name":"Eurosmart - Milwaukee web\u00e1ruh\u00e1z","description":"Milwaukee web\u00e1ruh\u00e1z","publisher":{"@id":"https:\/\/www.eurosmart.hu\/shop\/#organization"},"potentialAction":[{"@type":"SearchAction","target":{"@type":"EntryPoint","urlTemplate":"https:\/\/www.eurosmart.hu\/shop\/?s={search_term_string}"},"query-input":"required name=search_term_string"}],"inLanguage":"hu"},{"@type":"Organization","@id":"https:\/\/www.eurosmart.hu\/shop\/#organization","name":"Eurosmart - Milwaukee web\u00e1ruh\u00e1z","url":"https:\/\/www.eurosmart.hu\/shop\/","logo":{"@type":"ImageObject","inLanguage":"hu","@id":"https:\/\/www.eurosmart.hu\/shop\/#\/schema\/logo\/image\/","url":"https:\/\/www.eurosmart.hu\/shop\/wp-content\/uploads\/2023\/10\/milwaukee-logo-1.png","contentUrl":"https:\/\/www.eurosmart.hu\/shop\/wp-content\/uploads\/2023\/10\/milwaukee-logo-1.png","width":500,"height":200,"caption":"Eurosmart - Milwaukee web\u00e1ruh\u00e1z"},"image":{"@id":"https:\/\/www.eurosmart.hu\/shop\/#\/schema\/logo\/image\/"},"sameAs":["https:\/\/www.facebook.com\/EurosmartKft"]}]},"product_price_currency":"HUF","og_availability":"instock","product_availability":"instock","product_retailer_item_id":"49222231","product_condition":"new"},"_links":{"self":[{"href":"https:\/\/www.eurosmart.hu\/shop\/index.php\/wp-json\/wp\/v2\/product\/2836","targetHints":{"allow":["GET"]}}],"collection":[{"href":"https:\/\/www.eurosmart.hu\/shop\/index.php\/wp-json\/wp\/v2\/product"}],"about":[{"href":"https:\/\/www.eurosmart.hu\/shop\/index.php\/wp-json\/wp\/v2\/types\/product"}],"wp:featuredmedia":[{"embeddable":true,"href":"https:\/\/www.eurosmart.hu\/shop\/index.php\/wp-json\/wp\/v2\/media\/2837"}],"wp:attachment":[{"href":"https:\/\/www.eurosmart.hu\/shop\/index.php\/wp-json\/wp\/v2\/media?parent=2836"}],"wp:term":[{"taxonomy":"product_cat","embeddable":true,"href":"https:\/\/www.eurosmart.hu\/shop\/index.php\/wp-json\/wp\/v2\/product_cat?post=2836"},{"taxonomy":"product_tag","embeddable":true,"href":"https:\/\/www.eurosmart.hu\/shop\/index.php\/wp-json\/wp\/v2\/product_tag?post=2836"}],"curies":[{"name":"wp","href":"https:\/\/api.w.org\/{rel}","templated":true}]}}