{"id":2828,"date":"2023-09-29T10:26:55","date_gmt":"2023-09-29T10:26:55","guid":{"rendered":"https:\/\/www.eurosmart.hu\/shop\/?post_type=product&#038;p=2828"},"modified":"2023-10-04T14:12:42","modified_gmt":"2023-10-04T14:12:42","slug":"milwaukee-sds-plus-3-darabos-vesokeszlet-4932430001","status":"publish","type":"product","link":"https:\/\/www.eurosmart.hu\/shop\/index.php\/termek\/milwaukee-sds-plus-3-darabos-vesokeszlet-4932430001\/","title":{"rendered":"MILWAUKEE SDS-PLUS 3 DARABOS V\u00c9S\u0150K\u00c9SZLET (4932430001)"},"content":{"rendered":"<h5>Tulajdons\u00e1gok:<\/h5>\n<ul>\n<li>Konvex hegykialak\u00edt\u00e1s a jobb anyagelt\u00e1vol\u00edt\u00e1s \u00e9s a k\u00f6nynyebb hozz\u00e1f\u00e9rhet\u0151s\u00e9g \u00e9rdek\u00e9ben.<\/li>\n<li>Egy er\u0151s \u00e9s rezg\u00e9selnyel\u0151 test, ami pr\u00e9mium min\u0151s\u00e9g\u0171 \u00f6tv\u00f6z\u00f6tt ac\u00e9lb\u00f3l k\u00e9sz\u00fcl.<\/li>\n<li>A v\u00e9s\u0151 befog\u00e1s\u00e1nak gy\u00e1rt\u00e1sakor nagyon kicsi a t\u0171r\u00e9shat\u00e1r, ami kisebb nyom\u00e1st eredm\u00e9nyez a g\u00e9pen \u00e9s a v\u00e9s\u0151n is.<\/li>\n<li>Lekerek\u00edtett \u00fct\u0151fel\u00fclet, amivel elker\u00fclhet\u0151k a t\u00f6r\u00e9sek \u00e9s a reped\u00e9sek.<\/li>\n<li>A v\u00e9s\u0151k v\u00e9ge egyenesre k\u00f6sz\u00f6r\u00fclt, \u00edgy az \u00fct\u0151energia 100 %-\u00e1t k\u00f6zvet\u00edti a v\u00e9s\u0151 hegy\u00e9re.<\/li>\n<li>A hossz\u00fa \u00e9lettartam el\u00e9r\u00e9s\u00e9hez minden v\u00e9s\u0151 id\u0151r\u0151l id\u0151re \u00fajra\u00e9lezhet\u0151.<\/li>\n<\/ul>\n","protected":false},"excerpt":{"rendered":"<h5>A k\u00e9szlet tartalma:<\/h5>\n<ul>\n<li>SDS-plus v\u00e9s\u0151sz\u00e1r, hegyes, 250 mm (4932339625)<\/li>\n<li>SDS-plus v\u00e9s\u0151sz\u00e1r, lapos, 20&#215;250 mm (4932339626)<\/li>\n<li>SDS-plus v\u00e9s\u0151sz\u00e1r, sz\u00e9les, 40&#215;250 mm (4932367146)<\/li>\n<\/ul>\n","protected":false},"featured_media":2829,"template":"","meta":[],"product_cat":[59,218,217,89],"product_tag":[],"class_list":["post-2828","product","type-product","status-publish","has-post-thumbnail","hentry","product_cat-milwaukee","product_cat-sds-plus-furok","product_cat-tartozekok-termekek","product_cat-termekek"],"yoast_head":"<!-- This site is optimized with the Yoast SEO Premium plugin v21.3 (Yoast SEO v21.3) - https:\/\/yoast.com\/wordpress\/plugins\/seo\/ -->\n<title>MILWAUKEE SDS-PLUS 3 DARABOS V\u00c9S\u0150K\u00c9SZLET (4932430001) - Eurosmart - Milwaukee web\u00e1ruh\u00e1z<\/title>\n<meta name=\"robots\" content=\"index, follow, max-snippet:-1, max-image-preview:large, max-video-preview:-1\" \/>\n<link rel=\"canonical\" href=\"https:\/\/www.eurosmart.hu\/shop\/index.php\/termek\/milwaukee-sds-plus-3-darabos-vesokeszlet-4932430001\/\" \/>\n<meta property=\"og:locale\" content=\"hu_HU\" \/>\n<meta property=\"og:type\" content=\"article\" \/>\n<meta property=\"og:title\" content=\"MILWAUKEE SDS-PLUS 3 DARABOS V\u00c9S\u0150K\u00c9SZLET (4932430001)\" \/>\n<meta property=\"og:description\" content=\"A k\u00e9szlet tartalma:   SDS-plus v\u00e9s\u0151sz\u00e1r, hegyes, 250 mm (4932339625)  SDS-plus v\u00e9s\u0151sz\u00e1r, lapos, 20x250 mm (4932339626)  SDS-plus v\u00e9s\u0151sz\u00e1r, sz\u00e9les, 40x250 mm (4932367146)\" \/>\n<meta property=\"og:url\" content=\"https:\/\/www.eurosmart.hu\/shop\/index.php\/termek\/milwaukee-sds-plus-3-darabos-vesokeszlet-4932430001\/\" \/>\n<meta property=\"og:site_name\" content=\"Eurosmart - Milwaukee web\u00e1ruh\u00e1z\" \/>\n<meta property=\"article:publisher\" content=\"https:\/\/www.facebook.com\/EurosmartKft\" \/>\n<meta property=\"article:modified_time\" content=\"2023-10-04T14:12:42+00:00\" \/>\n<meta property=\"og:image\" content=\"https:\/\/www.eurosmart.hu\/shop\/wp-content\/uploads\/2023\/09\/4932430001.jpg\" \/>\n\t<meta property=\"og:image:width\" content=\"600\" \/>\n\t<meta property=\"og:image:height\" content=\"600\" \/>\n\t<meta property=\"og:image:type\" content=\"image\/jpeg\" \/>\n<meta name=\"twitter:card\" content=\"summary_large_image\" \/>\n<meta name=\"twitter:label1\" content=\"Price\" \/>\n\t<meta name=\"twitter:data1\" content=\"\" \/>\n\t<meta name=\"twitter:label2\" content=\"Availability\" \/>\n\t<meta name=\"twitter:data2\" content=\"In stock\" \/>\n<script type=\"application\/ld+json\" class=\"yoast-schema-graph\">{\"@context\":\"https:\/\/schema.org\",\"@graph\":[{\"@type\":\"WebPage\",\"@id\":\"https:\/\/www.eurosmart.hu\/shop\/index.php\/termek\/milwaukee-sds-plus-3-darabos-vesokeszlet-4932430001\/\",\"url\":\"https:\/\/www.eurosmart.hu\/shop\/index.php\/termek\/milwaukee-sds-plus-3-darabos-vesokeszlet-4932430001\/\",\"name\":\"MILWAUKEE SDS-PLUS 3 DARABOS V\u00c9S\u0150K\u00c9SZLET (4932430001) - Eurosmart - Milwaukee web\u00e1ruh\u00e1z\",\"isPartOf\":{\"@id\":\"https:\/\/www.eurosmart.hu\/shop\/#website\"},\"datePublished\":\"2023-09-29T10:26:55+00:00\",\"dateModified\":\"2023-10-04T14:12:42+00:00\",\"breadcrumb\":{\"@id\":\"https:\/\/www.eurosmart.hu\/shop\/index.php\/termek\/milwaukee-sds-plus-3-darabos-vesokeszlet-4932430001\/#breadcrumb\"},\"inLanguage\":\"hu\",\"potentialAction\":[{\"@type\":\"ReadAction\",\"target\":[\"https:\/\/www.eurosmart.hu\/shop\/index.php\/termek\/milwaukee-sds-plus-3-darabos-vesokeszlet-4932430001\/\"]}]},{\"@type\":\"BreadcrumbList\",\"@id\":\"https:\/\/www.eurosmart.hu\/shop\/index.php\/termek\/milwaukee-sds-plus-3-darabos-vesokeszlet-4932430001\/#breadcrumb\",\"itemListElement\":[{\"@type\":\"ListItem\",\"position\":1,\"name\":\"Kezd\u0151lap\",\"item\":\"https:\/\/www.eurosmart.hu\/shop\/\"},{\"@type\":\"ListItem\",\"position\":2,\"name\":\"Term\u00e9keink\",\"item\":\"https:\/\/www.eurosmart.hu\/shop\/index.php\/uzlet\/\"},{\"@type\":\"ListItem\",\"position\":3,\"name\":\"MILWAUKEE SDS-PLUS 3 DARABOS V\u00c9S\u0150K\u00c9SZLET (4932430001)\"}]},{\"@type\":\"WebSite\",\"@id\":\"https:\/\/www.eurosmart.hu\/shop\/#website\",\"url\":\"https:\/\/www.eurosmart.hu\/shop\/\",\"name\":\"Eurosmart - Milwaukee web\u00e1ruh\u00e1z\",\"description\":\"Milwaukee web\u00e1ruh\u00e1z\",\"publisher\":{\"@id\":\"https:\/\/www.eurosmart.hu\/shop\/#organization\"},\"potentialAction\":[{\"@type\":\"SearchAction\",\"target\":{\"@type\":\"EntryPoint\",\"urlTemplate\":\"https:\/\/www.eurosmart.hu\/shop\/?s={search_term_string}\"},\"query-input\":\"required name=search_term_string\"}],\"inLanguage\":\"hu\"},{\"@type\":\"Organization\",\"@id\":\"https:\/\/www.eurosmart.hu\/shop\/#organization\",\"name\":\"Eurosmart - Milwaukee web\u00e1ruh\u00e1z\",\"url\":\"https:\/\/www.eurosmart.hu\/shop\/\",\"logo\":{\"@type\":\"ImageObject\",\"inLanguage\":\"hu\",\"@id\":\"https:\/\/www.eurosmart.hu\/shop\/#\/schema\/logo\/image\/\",\"url\":\"https:\/\/www.eurosmart.hu\/shop\/wp-content\/uploads\/2023\/10\/milwaukee-logo-1.png\",\"contentUrl\":\"https:\/\/www.eurosmart.hu\/shop\/wp-content\/uploads\/2023\/10\/milwaukee-logo-1.png\",\"width\":500,\"height\":200,\"caption\":\"Eurosmart - Milwaukee web\u00e1ruh\u00e1z\"},\"image\":{\"@id\":\"https:\/\/www.eurosmart.hu\/shop\/#\/schema\/logo\/image\/\"},\"sameAs\":[\"https:\/\/www.facebook.com\/EurosmartKft\"]}]}<\/script>\n<meta property=\"product:price:amount\" content=\"0\" \/>\n<meta property=\"product:price:currency\" content=\"HUF\" \/>\n<meta property=\"og:availability\" content=\"instock\" \/>\n<meta property=\"product:availability\" content=\"instock\" \/>\n<meta property=\"product:retailer_item_id\" content=\"4932430001\" \/>\n<meta property=\"product:condition\" content=\"new\" \/>\n<!-- \/ Yoast SEO Premium plugin. -->","yoast_head_json":{"title":"MILWAUKEE SDS-PLUS 3 DARABOS V\u00c9S\u0150K\u00c9SZLET (4932430001) - Eurosmart - Milwaukee web\u00e1ruh\u00e1z","robots":{"index":"index","follow":"follow","max-snippet":"max-snippet:-1","max-image-preview":"max-image-preview:large","max-video-preview":"max-video-preview:-1"},"canonical":"https:\/\/www.eurosmart.hu\/shop\/index.php\/termek\/milwaukee-sds-plus-3-darabos-vesokeszlet-4932430001\/","og_locale":"hu_HU","og_type":"article","og_title":"MILWAUKEE SDS-PLUS 3 DARABOS V\u00c9S\u0150K\u00c9SZLET (4932430001)","og_description":"A k\u00e9szlet tartalma:   SDS-plus v\u00e9s\u0151sz\u00e1r, hegyes, 250 mm (4932339625)  SDS-plus v\u00e9s\u0151sz\u00e1r, lapos, 20x250 mm (4932339626)  SDS-plus v\u00e9s\u0151sz\u00e1r, sz\u00e9les, 40x250 mm (4932367146)","og_url":"https:\/\/www.eurosmart.hu\/shop\/index.php\/termek\/milwaukee-sds-plus-3-darabos-vesokeszlet-4932430001\/","og_site_name":"Eurosmart - Milwaukee web\u00e1ruh\u00e1z","article_publisher":"https:\/\/www.facebook.com\/EurosmartKft","article_modified_time":"2023-10-04T14:12:42+00:00","og_image":[{"width":600,"height":600,"url":"https:\/\/www.eurosmart.hu\/shop\/wp-content\/uploads\/2023\/09\/4932430001.jpg","type":"image\/jpeg"}],"twitter_card":"summary_large_image","twitter_misc":{"Price":"","Availability":"In stock"},"schema":{"@context":"https:\/\/schema.org","@graph":[{"@type":"WebPage","@id":"https:\/\/www.eurosmart.hu\/shop\/index.php\/termek\/milwaukee-sds-plus-3-darabos-vesokeszlet-4932430001\/","url":"https:\/\/www.eurosmart.hu\/shop\/index.php\/termek\/milwaukee-sds-plus-3-darabos-vesokeszlet-4932430001\/","name":"MILWAUKEE SDS-PLUS 3 DARABOS V\u00c9S\u0150K\u00c9SZLET (4932430001) - Eurosmart - Milwaukee web\u00e1ruh\u00e1z","isPartOf":{"@id":"https:\/\/www.eurosmart.hu\/shop\/#website"},"datePublished":"2023-09-29T10:26:55+00:00","dateModified":"2023-10-04T14:12:42+00:00","breadcrumb":{"@id":"https:\/\/www.eurosmart.hu\/shop\/index.php\/termek\/milwaukee-sds-plus-3-darabos-vesokeszlet-4932430001\/#breadcrumb"},"inLanguage":"hu","potentialAction":[{"@type":"ReadAction","target":["https:\/\/www.eurosmart.hu\/shop\/index.php\/termek\/milwaukee-sds-plus-3-darabos-vesokeszlet-4932430001\/"]}]},{"@type":"BreadcrumbList","@id":"https:\/\/www.eurosmart.hu\/shop\/index.php\/termek\/milwaukee-sds-plus-3-darabos-vesokeszlet-4932430001\/#breadcrumb","itemListElement":[{"@type":"ListItem","position":1,"name":"Kezd\u0151lap","item":"https:\/\/www.eurosmart.hu\/shop\/"},{"@type":"ListItem","position":2,"name":"Term\u00e9keink","item":"https:\/\/www.eurosmart.hu\/shop\/index.php\/uzlet\/"},{"@type":"ListItem","position":3,"name":"MILWAUKEE SDS-PLUS 3 DARABOS V\u00c9S\u0150K\u00c9SZLET (4932430001)"}]},{"@type":"WebSite","@id":"https:\/\/www.eurosmart.hu\/shop\/#website","url":"https:\/\/www.eurosmart.hu\/shop\/","name":"Eurosmart - Milwaukee web\u00e1ruh\u00e1z","description":"Milwaukee web\u00e1ruh\u00e1z","publisher":{"@id":"https:\/\/www.eurosmart.hu\/shop\/#organization"},"potentialAction":[{"@type":"SearchAction","target":{"@type":"EntryPoint","urlTemplate":"https:\/\/www.eurosmart.hu\/shop\/?s={search_term_string}"},"query-input":"required name=search_term_string"}],"inLanguage":"hu"},{"@type":"Organization","@id":"https:\/\/www.eurosmart.hu\/shop\/#organization","name":"Eurosmart - Milwaukee web\u00e1ruh\u00e1z","url":"https:\/\/www.eurosmart.hu\/shop\/","logo":{"@type":"ImageObject","inLanguage":"hu","@id":"https:\/\/www.eurosmart.hu\/shop\/#\/schema\/logo\/image\/","url":"https:\/\/www.eurosmart.hu\/shop\/wp-content\/uploads\/2023\/10\/milwaukee-logo-1.png","contentUrl":"https:\/\/www.eurosmart.hu\/shop\/wp-content\/uploads\/2023\/10\/milwaukee-logo-1.png","width":500,"height":200,"caption":"Eurosmart - Milwaukee web\u00e1ruh\u00e1z"},"image":{"@id":"https:\/\/www.eurosmart.hu\/shop\/#\/schema\/logo\/image\/"},"sameAs":["https:\/\/www.facebook.com\/EurosmartKft"]}]},"product_price_currency":"HUF","og_availability":"instock","product_availability":"instock","product_retailer_item_id":"4932430001","product_condition":"new"},"_links":{"self":[{"href":"https:\/\/www.eurosmart.hu\/shop\/index.php\/wp-json\/wp\/v2\/product\/2828","targetHints":{"allow":["GET"]}}],"collection":[{"href":"https:\/\/www.eurosmart.hu\/shop\/index.php\/wp-json\/wp\/v2\/product"}],"about":[{"href":"https:\/\/www.eurosmart.hu\/shop\/index.php\/wp-json\/wp\/v2\/types\/product"}],"wp:featuredmedia":[{"embeddable":true,"href":"https:\/\/www.eurosmart.hu\/shop\/index.php\/wp-json\/wp\/v2\/media\/2829"}],"wp:attachment":[{"href":"https:\/\/www.eurosmart.hu\/shop\/index.php\/wp-json\/wp\/v2\/media?parent=2828"}],"wp:term":[{"taxonomy":"product_cat","embeddable":true,"href":"https:\/\/www.eurosmart.hu\/shop\/index.php\/wp-json\/wp\/v2\/product_cat?post=2828"},{"taxonomy":"product_tag","embeddable":true,"href":"https:\/\/www.eurosmart.hu\/shop\/index.php\/wp-json\/wp\/v2\/product_tag?post=2828"}],"curies":[{"name":"wp","href":"https:\/\/api.w.org\/{rel}","templated":true}]}}