{"id":2826,"date":"2023-09-29T10:20:52","date_gmt":"2023-09-29T10:20:52","guid":{"rendered":"https:\/\/www.eurosmart.hu\/shop\/?post_type=product&#038;p=2826"},"modified":"2023-10-04T14:13:57","modified_gmt":"2023-10-04T14:13:57","slug":"milwaukee-femvago-korong-m12-fcot-76x10x10-5db-csomag-4932464717","status":"publish","type":"product","link":"https:\/\/www.eurosmart.hu\/shop\/index.php\/termek\/milwaukee-femvago-korong-m12-fcot-76x10x10-5db-csomag-4932464717\/","title":{"rendered":"MILWAUKEE F\u00c9MV\u00c1G\u00d3 KORONG M12 FCOT 76X1,0X10 5DB\/CSOMAG (4932464717)"},"content":{"rendered":"<h5>Tulajdons\u00e1gok:<\/h5>\n<ul class=\"ProductFeaturesTextstyles__FeatureList-fxqvf2-1 dUrrwH\">\n<li class=\"ProductFeaturesTextstyles__Feature-fxqvf2-3 ggyeUS\">Alkalmaz\u00e1sok: Vas \u00e9s k\u00e9nmentes cs\u00facsmin\u0151s\u00e9g\u0171 v\u00e9kony v\u00e1g\u00f3t\u00e1rcsa minden ac\u00e9lfajt\u00e1ra. Legalkalmasabb rozsdamentes (a 350 x 4 mm kiv\u00e9tel\u00e9vel)- \u00e9s sav\u00e1ll\u00f3 ac\u00e9lok, h\u0151\u00e1ll\u00f3 ac\u00e9l, rug\u00f3ac\u00e9l, l\u00e1gy- \u00e9s szemcs\u00e9s v\u00e1g\u00e1shoz.<\/li>\n<li class=\"ProductFeaturesTextstyles__Feature-fxqvf2-3 ggyeUS\">Jellemz\u0151k: 50%-kal r\u00f6videbb v\u00e1g\u00e1si id\u0151, 50%-kal kevesebb por szemben a hagyom\u00e1nyos 3 mm vastag t\u00e1rcs\u00e1kkal . Kisebb anyagvesztess\u00e9g.<\/li>\n<li>T\u00e1rcsa \u00e1tm\u00e9r\u0151: 76 mm<\/li>\n<li>Vastags\u00e1g: 1,0 mm<\/li>\n<li>Befog\u00f3 t\u00fcske m\u00e9rete: 10 mm<\/li>\n<li>T\u00edpus: SCS 41\/76<\/li>\n<\/ul>\n","protected":false},"excerpt":{"rendered":"<p><strong>A k\u00e9szlet tartalma:<\/strong> 5 db F\u00c9MV\u00c1G\u00d3 KORONG M12 FCOT 76X1,0X10<\/p>\n","protected":false},"featured_media":2827,"template":"","meta":[],"product_cat":[59,217,89,220],"product_tag":[],"class_list":["post-2826","product","type-product","status-publish","has-post-thumbnail","hentry","product_cat-milwaukee","product_cat-tartozekok-termekek","product_cat-termekek","product_cat-vagas-es-csiszolas"],"yoast_head":"<!-- This site is optimized with the Yoast SEO Premium plugin v21.3 (Yoast SEO v21.3) - https:\/\/yoast.com\/wordpress\/plugins\/seo\/ -->\n<title>MILWAUKEE F\u00c9MV\u00c1G\u00d3 KORONG M12 FCOT 76X1,0X10 5DB\/CSOMAG (4932464717) - Eurosmart - Milwaukee web\u00e1ruh\u00e1z<\/title>\n<meta name=\"robots\" content=\"index, follow, max-snippet:-1, max-image-preview:large, max-video-preview:-1\" \/>\n<link rel=\"canonical\" href=\"https:\/\/www.eurosmart.hu\/shop\/index.php\/termek\/milwaukee-femvago-korong-m12-fcot-76x10x10-5db-csomag-4932464717\/\" \/>\n<meta property=\"og:locale\" content=\"hu_HU\" \/>\n<meta property=\"og:type\" content=\"article\" \/>\n<meta property=\"og:title\" content=\"MILWAUKEE F\u00c9MV\u00c1G\u00d3 KORONG M12 FCOT 76X1,0X10 5DB\/CSOMAG (4932464717)\" \/>\n<meta property=\"og:description\" content=\"A k\u00e9szlet tartalma: 5 db F\u00c9MV\u00c1G\u00d3 KORONG M12 FCOT 76X1,0X10\" \/>\n<meta property=\"og:url\" content=\"https:\/\/www.eurosmart.hu\/shop\/index.php\/termek\/milwaukee-femvago-korong-m12-fcot-76x10x10-5db-csomag-4932464717\/\" \/>\n<meta property=\"og:site_name\" content=\"Eurosmart - Milwaukee web\u00e1ruh\u00e1z\" \/>\n<meta property=\"article:publisher\" content=\"https:\/\/www.facebook.com\/EurosmartKft\" \/>\n<meta property=\"article:modified_time\" content=\"2023-10-04T14:13:57+00:00\" \/>\n<meta property=\"og:image\" content=\"https:\/\/www.eurosmart.hu\/shop\/wp-content\/uploads\/2023\/09\/4932464717.jpg\" \/>\n\t<meta property=\"og:image:width\" content=\"600\" \/>\n\t<meta property=\"og:image:height\" content=\"600\" \/>\n\t<meta property=\"og:image:type\" content=\"image\/jpeg\" \/>\n<meta name=\"twitter:card\" content=\"summary_large_image\" \/>\n<meta name=\"twitter:label1\" content=\"Price\" \/>\n\t<meta name=\"twitter:data1\" content=\"\" \/>\n\t<meta name=\"twitter:label2\" content=\"Availability\" \/>\n\t<meta name=\"twitter:data2\" content=\"In stock\" \/>\n<script type=\"application\/ld+json\" class=\"yoast-schema-graph\">{\"@context\":\"https:\/\/schema.org\",\"@graph\":[{\"@type\":\"WebPage\",\"@id\":\"https:\/\/www.eurosmart.hu\/shop\/index.php\/termek\/milwaukee-femvago-korong-m12-fcot-76x10x10-5db-csomag-4932464717\/\",\"url\":\"https:\/\/www.eurosmart.hu\/shop\/index.php\/termek\/milwaukee-femvago-korong-m12-fcot-76x10x10-5db-csomag-4932464717\/\",\"name\":\"MILWAUKEE F\u00c9MV\u00c1G\u00d3 KORONG M12 FCOT 76X1,0X10 5DB\/CSOMAG (4932464717) - Eurosmart - Milwaukee web\u00e1ruh\u00e1z\",\"isPartOf\":{\"@id\":\"https:\/\/www.eurosmart.hu\/shop\/#website\"},\"datePublished\":\"2023-09-29T10:20:52+00:00\",\"dateModified\":\"2023-10-04T14:13:57+00:00\",\"breadcrumb\":{\"@id\":\"https:\/\/www.eurosmart.hu\/shop\/index.php\/termek\/milwaukee-femvago-korong-m12-fcot-76x10x10-5db-csomag-4932464717\/#breadcrumb\"},\"inLanguage\":\"hu\",\"potentialAction\":[{\"@type\":\"ReadAction\",\"target\":[\"https:\/\/www.eurosmart.hu\/shop\/index.php\/termek\/milwaukee-femvago-korong-m12-fcot-76x10x10-5db-csomag-4932464717\/\"]}]},{\"@type\":\"BreadcrumbList\",\"@id\":\"https:\/\/www.eurosmart.hu\/shop\/index.php\/termek\/milwaukee-femvago-korong-m12-fcot-76x10x10-5db-csomag-4932464717\/#breadcrumb\",\"itemListElement\":[{\"@type\":\"ListItem\",\"position\":1,\"name\":\"Kezd\u0151lap\",\"item\":\"https:\/\/www.eurosmart.hu\/shop\/\"},{\"@type\":\"ListItem\",\"position\":2,\"name\":\"Term\u00e9keink\",\"item\":\"https:\/\/www.eurosmart.hu\/shop\/index.php\/uzlet\/\"},{\"@type\":\"ListItem\",\"position\":3,\"name\":\"MILWAUKEE F\u00c9MV\u00c1G\u00d3 KORONG M12 FCOT 76X1,0X10 5DB\/CSOMAG (4932464717)\"}]},{\"@type\":\"WebSite\",\"@id\":\"https:\/\/www.eurosmart.hu\/shop\/#website\",\"url\":\"https:\/\/www.eurosmart.hu\/shop\/\",\"name\":\"Eurosmart - Milwaukee web\u00e1ruh\u00e1z\",\"description\":\"Milwaukee web\u00e1ruh\u00e1z\",\"publisher\":{\"@id\":\"https:\/\/www.eurosmart.hu\/shop\/#organization\"},\"potentialAction\":[{\"@type\":\"SearchAction\",\"target\":{\"@type\":\"EntryPoint\",\"urlTemplate\":\"https:\/\/www.eurosmart.hu\/shop\/?s={search_term_string}\"},\"query-input\":\"required name=search_term_string\"}],\"inLanguage\":\"hu\"},{\"@type\":\"Organization\",\"@id\":\"https:\/\/www.eurosmart.hu\/shop\/#organization\",\"name\":\"Eurosmart - Milwaukee web\u00e1ruh\u00e1z\",\"url\":\"https:\/\/www.eurosmart.hu\/shop\/\",\"logo\":{\"@type\":\"ImageObject\",\"inLanguage\":\"hu\",\"@id\":\"https:\/\/www.eurosmart.hu\/shop\/#\/schema\/logo\/image\/\",\"url\":\"https:\/\/www.eurosmart.hu\/shop\/wp-content\/uploads\/2023\/10\/milwaukee-logo-1.png\",\"contentUrl\":\"https:\/\/www.eurosmart.hu\/shop\/wp-content\/uploads\/2023\/10\/milwaukee-logo-1.png\",\"width\":500,\"height\":200,\"caption\":\"Eurosmart - Milwaukee web\u00e1ruh\u00e1z\"},\"image\":{\"@id\":\"https:\/\/www.eurosmart.hu\/shop\/#\/schema\/logo\/image\/\"},\"sameAs\":[\"https:\/\/www.facebook.com\/EurosmartKft\"]}]}<\/script>\n<meta property=\"product:price:amount\" content=\"0\" \/>\n<meta property=\"product:price:currency\" content=\"HUF\" \/>\n<meta property=\"og:availability\" content=\"instock\" \/>\n<meta property=\"product:availability\" content=\"instock\" \/>\n<meta property=\"product:retailer_item_id\" content=\"4932464717\" \/>\n<meta property=\"product:condition\" content=\"new\" \/>\n<!-- \/ Yoast SEO Premium plugin. -->","yoast_head_json":{"title":"MILWAUKEE F\u00c9MV\u00c1G\u00d3 KORONG M12 FCOT 76X1,0X10 5DB\/CSOMAG (4932464717) - Eurosmart - Milwaukee web\u00e1ruh\u00e1z","robots":{"index":"index","follow":"follow","max-snippet":"max-snippet:-1","max-image-preview":"max-image-preview:large","max-video-preview":"max-video-preview:-1"},"canonical":"https:\/\/www.eurosmart.hu\/shop\/index.php\/termek\/milwaukee-femvago-korong-m12-fcot-76x10x10-5db-csomag-4932464717\/","og_locale":"hu_HU","og_type":"article","og_title":"MILWAUKEE F\u00c9MV\u00c1G\u00d3 KORONG M12 FCOT 76X1,0X10 5DB\/CSOMAG (4932464717)","og_description":"A k\u00e9szlet tartalma: 5 db F\u00c9MV\u00c1G\u00d3 KORONG M12 FCOT 76X1,0X10","og_url":"https:\/\/www.eurosmart.hu\/shop\/index.php\/termek\/milwaukee-femvago-korong-m12-fcot-76x10x10-5db-csomag-4932464717\/","og_site_name":"Eurosmart - Milwaukee web\u00e1ruh\u00e1z","article_publisher":"https:\/\/www.facebook.com\/EurosmartKft","article_modified_time":"2023-10-04T14:13:57+00:00","og_image":[{"width":600,"height":600,"url":"https:\/\/www.eurosmart.hu\/shop\/wp-content\/uploads\/2023\/09\/4932464717.jpg","type":"image\/jpeg"}],"twitter_card":"summary_large_image","twitter_misc":{"Price":"","Availability":"In stock"},"schema":{"@context":"https:\/\/schema.org","@graph":[{"@type":"WebPage","@id":"https:\/\/www.eurosmart.hu\/shop\/index.php\/termek\/milwaukee-femvago-korong-m12-fcot-76x10x10-5db-csomag-4932464717\/","url":"https:\/\/www.eurosmart.hu\/shop\/index.php\/termek\/milwaukee-femvago-korong-m12-fcot-76x10x10-5db-csomag-4932464717\/","name":"MILWAUKEE F\u00c9MV\u00c1G\u00d3 KORONG M12 FCOT 76X1,0X10 5DB\/CSOMAG (4932464717) - Eurosmart - Milwaukee web\u00e1ruh\u00e1z","isPartOf":{"@id":"https:\/\/www.eurosmart.hu\/shop\/#website"},"datePublished":"2023-09-29T10:20:52+00:00","dateModified":"2023-10-04T14:13:57+00:00","breadcrumb":{"@id":"https:\/\/www.eurosmart.hu\/shop\/index.php\/termek\/milwaukee-femvago-korong-m12-fcot-76x10x10-5db-csomag-4932464717\/#breadcrumb"},"inLanguage":"hu","potentialAction":[{"@type":"ReadAction","target":["https:\/\/www.eurosmart.hu\/shop\/index.php\/termek\/milwaukee-femvago-korong-m12-fcot-76x10x10-5db-csomag-4932464717\/"]}]},{"@type":"BreadcrumbList","@id":"https:\/\/www.eurosmart.hu\/shop\/index.php\/termek\/milwaukee-femvago-korong-m12-fcot-76x10x10-5db-csomag-4932464717\/#breadcrumb","itemListElement":[{"@type":"ListItem","position":1,"name":"Kezd\u0151lap","item":"https:\/\/www.eurosmart.hu\/shop\/"},{"@type":"ListItem","position":2,"name":"Term\u00e9keink","item":"https:\/\/www.eurosmart.hu\/shop\/index.php\/uzlet\/"},{"@type":"ListItem","position":3,"name":"MILWAUKEE F\u00c9MV\u00c1G\u00d3 KORONG M12 FCOT 76X1,0X10 5DB\/CSOMAG (4932464717)"}]},{"@type":"WebSite","@id":"https:\/\/www.eurosmart.hu\/shop\/#website","url":"https:\/\/www.eurosmart.hu\/shop\/","name":"Eurosmart - Milwaukee web\u00e1ruh\u00e1z","description":"Milwaukee web\u00e1ruh\u00e1z","publisher":{"@id":"https:\/\/www.eurosmart.hu\/shop\/#organization"},"potentialAction":[{"@type":"SearchAction","target":{"@type":"EntryPoint","urlTemplate":"https:\/\/www.eurosmart.hu\/shop\/?s={search_term_string}"},"query-input":"required name=search_term_string"}],"inLanguage":"hu"},{"@type":"Organization","@id":"https:\/\/www.eurosmart.hu\/shop\/#organization","name":"Eurosmart - Milwaukee web\u00e1ruh\u00e1z","url":"https:\/\/www.eurosmart.hu\/shop\/","logo":{"@type":"ImageObject","inLanguage":"hu","@id":"https:\/\/www.eurosmart.hu\/shop\/#\/schema\/logo\/image\/","url":"https:\/\/www.eurosmart.hu\/shop\/wp-content\/uploads\/2023\/10\/milwaukee-logo-1.png","contentUrl":"https:\/\/www.eurosmart.hu\/shop\/wp-content\/uploads\/2023\/10\/milwaukee-logo-1.png","width":500,"height":200,"caption":"Eurosmart - Milwaukee web\u00e1ruh\u00e1z"},"image":{"@id":"https:\/\/www.eurosmart.hu\/shop\/#\/schema\/logo\/image\/"},"sameAs":["https:\/\/www.facebook.com\/EurosmartKft"]}]},"product_price_currency":"HUF","og_availability":"instock","product_availability":"instock","product_retailer_item_id":"4932464717","product_condition":"new"},"_links":{"self":[{"href":"https:\/\/www.eurosmart.hu\/shop\/index.php\/wp-json\/wp\/v2\/product\/2826","targetHints":{"allow":["GET"]}}],"collection":[{"href":"https:\/\/www.eurosmart.hu\/shop\/index.php\/wp-json\/wp\/v2\/product"}],"about":[{"href":"https:\/\/www.eurosmart.hu\/shop\/index.php\/wp-json\/wp\/v2\/types\/product"}],"wp:featuredmedia":[{"embeddable":true,"href":"https:\/\/www.eurosmart.hu\/shop\/index.php\/wp-json\/wp\/v2\/media\/2827"}],"wp:attachment":[{"href":"https:\/\/www.eurosmart.hu\/shop\/index.php\/wp-json\/wp\/v2\/media?parent=2826"}],"wp:term":[{"taxonomy":"product_cat","embeddable":true,"href":"https:\/\/www.eurosmart.hu\/shop\/index.php\/wp-json\/wp\/v2\/product_cat?post=2826"},{"taxonomy":"product_tag","embeddable":true,"href":"https:\/\/www.eurosmart.hu\/shop\/index.php\/wp-json\/wp\/v2\/product_tag?post=2826"}],"curies":[{"name":"wp","href":"https:\/\/api.w.org\/{rel}","templated":true}]}}