{"id":2745,"date":"2023-09-28T12:19:55","date_gmt":"2023-09-28T12:19:55","guid":{"rendered":"https:\/\/www.eurosmart.hu\/shop\/?post_type=product&#038;p=2745"},"modified":"2023-12-05T13:31:30","modified_gmt":"2023-12-05T13:31:30","slug":"milwaukee-m18-hnrg-552-szett-1-db-tolto-2-db-akkumulator-4933464713","status":"publish","type":"product","link":"https:\/\/www.eurosmart.hu\/shop\/index.php\/termek\/milwaukee-m18-hnrg-552-szett-1-db-tolto-2-db-akkumulator-4933464713\/","title":{"rendered":"MILWAUKEE M18 HNRG-552 AKKU \u00c9S T\u00d6LT\u0150 SZETT 2X5,5AH 18V + 1X2,0AH 12V (4933464713)"},"content":{"rendered":"<h5><u>M18 HB5.5 REDLITHIUM-ION High Output akkumul\u00e1tor, 18 V, 5.5 Ah:<\/u><\/h5>\n<ul>\n<li>Az \u00faj \u00e1tt\u00f6r\u0151 HIGH OUTPUT akkumul\u00e1tor technol\u00f3gia 50% -kal nagyobb teljes\u00edtm\u00e9nyt ny\u00fajt \u00f6sszehasonl\u00edtva a standard M18 REDLITHIUM-ION akkumul\u00e1torral.<\/li>\n<li>A szabadalmaztatott REDLINK intelligens elektronika megv\u00e9di az akkumul\u00e1tort a kem\u00e9ny munkak\u00f6r\u00fclm\u00e9nyekt\u0151l az optim\u00e1lis teljes\u00edtm\u00e9ny \u00e9rdek\u00e9ben.<\/li>\n<li>Ak\u00e1r 50%-kal alacsonyabb h\u0151m\u00e9rs\u00e9kleten m\u0171k\u00f6dik, mint m\u00e1s Milwaukee REDLITHIUM-ION akkumul\u00e1torok, lehet\u0151v\u00e9 t\u00e9ve a felhaszn\u00e1l\u00f3k sz\u00e1m\u00e1ra, hogy minden eddigin\u00e9l kem\u00e9nyebben \u00e9s hosszabb ideig haszn\u00e1lj\u00e1k g\u00e9peiket.<\/li>\n<li>A vezet\u00e9kes g\u00e9pek teljes\u00edtm\u00e9ny\u00e9t ny\u00fajta hosszabb m\u0171k\u00f6d\u00e9si id\u0151t biztos\u00edtva, mint b\u00e1rmikor kor\u00e1bban.<\/li>\n<li>Tart\u00f3s f\u00e9m keret kialak\u00edt\u00e1s \u00fctk\u00f6z\u00e9st felfog\u00f3 elv\u00e1laszt\u00f3kkal, megv\u00e9dik az akkumul\u00e1tort a vibr\u00e1ci\u00f3 \u00e9s az \u00fct\u00e9s \u00e1ltal okozott s\u00e9r\u00fcl\u00e9st\u0151l.<\/li>\n<li>T\u00f6lt\u00e9sszintjelz\u0151, megmutatja az akkumul\u00e1tor t\u00f6lt\u00f6tts\u00e9gi szintj\u00e9t.<\/li>\n<li>Egyedi cellafigyel\u0151 rendszer biztos\u00edtja az optim\u00e1lis t\u00f6lt\u00f6tts\u00e9get \u00e9s kis\u00fcl\u00e9st a maxim\u00e1lis akkumul\u00e1tor \u00e9lettartam\u00e9rt.<\/li>\n<li>Kompatibilis az \u00f6sszes M18 g\u00e9ppel.<\/li>\n<\/ul>\n<h5 class=\"ProductDetailsContentstyles__H1-x8zwy7-2 XKfrR\"><span style=\"text-decoration: underline;\">M12\u2122 3.0 AH AKKUMUL\u00c1TOR:<\/span><\/h5>\n<ul class=\"ProductFeaturesTextstyles__FeatureList-fxqvf2-1 dUrrwH\">\n<li class=\"ProductFeaturesTextstyles__Feature-fxqvf2-3 ggyeUS\">Ak\u00e1r 3x hosszabb m\u0171k\u00f6d\u00e9si id\u0151, ak\u00e1r 2x hosszabb \u00e9lettartam \u00f6sszehasonl\u00edtva m\u00e1s l\u00edtium-ion rendszerekkel \u00e9s\/vagy megel\u0151z\u0151 MILWAUKEE\u00ae akkumul\u00e1tor technol\u00f3gi\u00e1val (az eredm\u00e9nyek f\u00fcggnek a g\u00e9pt\u0151l \u00e9s az alkalmaz\u00e1st\u00f3l).<\/li>\n<li class=\"ProductFeaturesTextstyles__Feature-fxqvf2-3 ggyeUS\">REDLITHIUM\u2122 v\u00e9delem a REDLINK\u2122 digit\u00e1lis t\u00falterhel\u00e9s v\u00e9delmi rendszerrel, seg\u00edts\u00e9g\u00e9vel megel\u0151zhet\u0151 az akkumul\u00e1toros g\u00e9p k\u00e1rosod\u00e1sa<\/li>\n<li class=\"ProductFeaturesTextstyles__Feature-fxqvf2-3 ggyeUS\">T\u00fal\u00e1ram figyel\u00e9s &#8211; Biztos\u00edtja az optim\u00e1lis t\u00f6lt\u00f6tts\u00e9get \u00e9s kis\u00fcl\u00e9st a maxim\u00e1lis akkumul\u00e1tor \u00e9lettartam\u00e9rt<\/li>\n<li class=\"ProductFeaturesTextstyles__Feature-fxqvf2-3 ggyeUS\">Be\u00e9p\u00edtett hegesztett keret<\/li>\n<li class=\"ProductFeaturesTextstyles__Feature-fxqvf2-3 ggyeUS\">A sz\u00e9ls\u0151s\u00e9ges hideg vagy meleg \u00fczemi h\u0151m\u00e9rs\u00e9kleten, ak\u00e1r -20 \u00b0-on t\u00f6rt\u00e9n\u0151 m\u0171k\u00f6dtet\u00e9s meghosszabb\u00edtja az akkumul\u00e1tor m\u0171k\u00f6d\u00e9si idej\u00e9t \u00e9s \u00e9lettartam\u00e1t<\/li>\n<li class=\"ProductFeaturesTextstyles__Feature-fxqvf2-3 ggyeUS\">T\u00falterehel\u00e9s v\u00e9delmi rendszer &#8211; megv\u00e9di a g\u00e9pet az esetlegesen el\u0151fordul\u00f3 k\u00e1rosod\u00e1sokt\u00f3l<\/li>\n<\/ul>\n<h5><strong><u>M12-18 FC gyorst\u00f6lt\u0151 L\u00edthium-ion akkukhoz:<\/u><\/strong><\/h5>\n<ul>\n<li>Felt\u00f6lti az \u00f6sszes M18, M14 \u00e9s M12 REDLITHIUM-ION akkucsomag t\u00edpust.<\/li>\n<li>Sorrendben v\u00e9gzi a t\u00f6lt\u00e9st \u2013 els\u0151k\u00e9nt behelyezett els\u0151nek t\u00f6ltve \u2013 \u00edgy a t\u00f6lt\u00e9si ciklusok kezel\u00e9s\u00e9hez kevesebb id\u0151 sz\u00fcks\u00e9ges.<\/li>\n<li>M12 REDLITHIUM-ION 2.0 Ah \/ 4.0 Ah akkucsomagok 28 perc \/ 57 perc vagy kevesebb id\u0151 alatt felt\u00f6lt\u0151dnek.<\/li>\n<li>M18 REDLITHIUM-ION 2.0 Ah \/ 4.0 Ah \/ 5.0 Ah akkucsomagok 26 perc \/ 47 perc \/ 59 perc vagy kevesebb id\u0151 alatt felt\u00f6lt\u0151dnek.<\/li>\n<\/ul>\n","protected":false},"excerpt":{"rendered":"<h5>A k\u00e9szlet tartalma:<\/h5>\n<ul>\n<li>2 db M18 HB5.5 18V 5,5 Ah AKKUMUL\u00c1TOR<\/li>\n<li>1 db M12 B3 12V 3,0 Ah AKKUMUL\u00c1TOR<\/li>\n<li>1 DB M12-M18 FC GYORST\u00d6LT\u0150<\/li>\n<\/ul>\n","protected":false},"featured_media":4088,"template":"","meta":[],"product_cat":[166,165,230,59,228,89],"product_tag":[],"class_list":["post-2745","product","type-product","status-publish","has-post-thumbnail","hentry","product_cat-akkumulatorok-es-toltok-akkumulatoros-gepek","product_cat-akkumulatoros-gepek","product_cat-m18-rendszer","product_cat-milwaukee","product_cat-rendszer","product_cat-termekek"],"yoast_head":"<!-- This site is optimized with the Yoast SEO Premium plugin v21.3 (Yoast SEO v21.3) - https:\/\/yoast.com\/wordpress\/plugins\/seo\/ -->\n<title>MILWAUKEE M18 HNRG-552 AKKU \u00c9S T\u00d6LT\u0150 SZETT 2X5,5AH 18V + 1X2,0AH 12V (4933464713) - Eurosmart - Milwaukee web\u00e1ruh\u00e1z<\/title>\n<meta name=\"robots\" content=\"index, follow, max-snippet:-1, max-image-preview:large, max-video-preview:-1\" \/>\n<link rel=\"canonical\" href=\"https:\/\/www.eurosmart.hu\/shop\/index.php\/termek\/milwaukee-m18-hnrg-552-szett-1-db-tolto-2-db-akkumulator-4933464713\/\" \/>\n<meta property=\"og:locale\" content=\"hu_HU\" \/>\n<meta property=\"og:type\" content=\"article\" \/>\n<meta property=\"og:title\" content=\"MILWAUKEE M18 HNRG-552 AKKU \u00c9S T\u00d6LT\u0150 SZETT 2X5,5AH 18V + 1X2,0AH 12V (4933464713)\" \/>\n<meta property=\"og:description\" content=\"A k\u00e9szlet tartalma:   2 db M18 HB5.5 18V 5,5 Ah AKKUMUL\u00c1TOR  1 db M12 B3 12V 3,0 Ah AKKUMUL\u00c1TOR  1 DB M12-M18 FC GYORST\u00d6LT\u0150\" \/>\n<meta property=\"og:url\" content=\"https:\/\/www.eurosmart.hu\/shop\/index.php\/termek\/milwaukee-m18-hnrg-552-szett-1-db-tolto-2-db-akkumulator-4933464713\/\" \/>\n<meta property=\"og:site_name\" content=\"Eurosmart - Milwaukee web\u00e1ruh\u00e1z\" \/>\n<meta property=\"article:publisher\" content=\"https:\/\/www.facebook.com\/EurosmartKft\" \/>\n<meta property=\"article:modified_time\" content=\"2023-12-05T13:31:30+00:00\" \/>\n<meta property=\"og:image\" content=\"https:\/\/www.eurosmart.hu\/shop\/wp-content\/uploads\/2023\/09\/4933464713.webp\" \/>\n\t<meta property=\"og:image:width\" content=\"1000\" \/>\n\t<meta property=\"og:image:height\" content=\"1000\" \/>\n\t<meta property=\"og:image:type\" content=\"image\/webp\" \/>\n<meta name=\"twitter:card\" content=\"summary_large_image\" \/>\n<meta name=\"twitter:label1\" content=\"Price\" \/>\n\t<meta name=\"twitter:data1\" content=\"\" \/>\n\t<meta name=\"twitter:label2\" content=\"Availability\" \/>\n\t<meta name=\"twitter:data2\" content=\"In stock\" \/>\n<script type=\"application\/ld+json\" class=\"yoast-schema-graph\">{\"@context\":\"https:\/\/schema.org\",\"@graph\":[{\"@type\":\"WebPage\",\"@id\":\"https:\/\/www.eurosmart.hu\/shop\/index.php\/termek\/milwaukee-m18-hnrg-552-szett-1-db-tolto-2-db-akkumulator-4933464713\/\",\"url\":\"https:\/\/www.eurosmart.hu\/shop\/index.php\/termek\/milwaukee-m18-hnrg-552-szett-1-db-tolto-2-db-akkumulator-4933464713\/\",\"name\":\"MILWAUKEE M18 HNRG-552 AKKU \u00c9S T\u00d6LT\u0150 SZETT 2X5,5AH 18V + 1X2,0AH 12V (4933464713) - Eurosmart - Milwaukee web\u00e1ruh\u00e1z\",\"isPartOf\":{\"@id\":\"https:\/\/www.eurosmart.hu\/shop\/#website\"},\"datePublished\":\"2023-09-28T12:19:55+00:00\",\"dateModified\":\"2023-12-05T13:31:30+00:00\",\"breadcrumb\":{\"@id\":\"https:\/\/www.eurosmart.hu\/shop\/index.php\/termek\/milwaukee-m18-hnrg-552-szett-1-db-tolto-2-db-akkumulator-4933464713\/#breadcrumb\"},\"inLanguage\":\"hu\",\"potentialAction\":[{\"@type\":\"ReadAction\",\"target\":[\"https:\/\/www.eurosmart.hu\/shop\/index.php\/termek\/milwaukee-m18-hnrg-552-szett-1-db-tolto-2-db-akkumulator-4933464713\/\"]}]},{\"@type\":\"BreadcrumbList\",\"@id\":\"https:\/\/www.eurosmart.hu\/shop\/index.php\/termek\/milwaukee-m18-hnrg-552-szett-1-db-tolto-2-db-akkumulator-4933464713\/#breadcrumb\",\"itemListElement\":[{\"@type\":\"ListItem\",\"position\":1,\"name\":\"Kezd\u0151lap\",\"item\":\"https:\/\/www.eurosmart.hu\/shop\/\"},{\"@type\":\"ListItem\",\"position\":2,\"name\":\"Term\u00e9keink\",\"item\":\"https:\/\/www.eurosmart.hu\/shop\/index.php\/uzlet\/\"},{\"@type\":\"ListItem\",\"position\":3,\"name\":\"MILWAUKEE M18 HNRG-552 AKKU \u00c9S T\u00d6LT\u0150 SZETT 2X5,5AH 18V + 1X2,0AH 12V (4933464713)\"}]},{\"@type\":\"WebSite\",\"@id\":\"https:\/\/www.eurosmart.hu\/shop\/#website\",\"url\":\"https:\/\/www.eurosmart.hu\/shop\/\",\"name\":\"Eurosmart - Milwaukee web\u00e1ruh\u00e1z\",\"description\":\"Milwaukee web\u00e1ruh\u00e1z\",\"publisher\":{\"@id\":\"https:\/\/www.eurosmart.hu\/shop\/#organization\"},\"potentialAction\":[{\"@type\":\"SearchAction\",\"target\":{\"@type\":\"EntryPoint\",\"urlTemplate\":\"https:\/\/www.eurosmart.hu\/shop\/?s={search_term_string}\"},\"query-input\":\"required name=search_term_string\"}],\"inLanguage\":\"hu\"},{\"@type\":\"Organization\",\"@id\":\"https:\/\/www.eurosmart.hu\/shop\/#organization\",\"name\":\"Eurosmart - Milwaukee web\u00e1ruh\u00e1z\",\"url\":\"https:\/\/www.eurosmart.hu\/shop\/\",\"logo\":{\"@type\":\"ImageObject\",\"inLanguage\":\"hu\",\"@id\":\"https:\/\/www.eurosmart.hu\/shop\/#\/schema\/logo\/image\/\",\"url\":\"https:\/\/www.eurosmart.hu\/shop\/wp-content\/uploads\/2023\/10\/milwaukee-logo-1.png\",\"contentUrl\":\"https:\/\/www.eurosmart.hu\/shop\/wp-content\/uploads\/2023\/10\/milwaukee-logo-1.png\",\"width\":500,\"height\":200,\"caption\":\"Eurosmart - Milwaukee web\u00e1ruh\u00e1z\"},\"image\":{\"@id\":\"https:\/\/www.eurosmart.hu\/shop\/#\/schema\/logo\/image\/\"},\"sameAs\":[\"https:\/\/www.facebook.com\/EurosmartKft\"]}]}<\/script>\n<meta property=\"product:price:amount\" content=\"0\" \/>\n<meta property=\"product:price:currency\" content=\"HUF\" \/>\n<meta property=\"og:availability\" content=\"instock\" \/>\n<meta property=\"product:availability\" content=\"instock\" \/>\n<meta property=\"product:retailer_item_id\" content=\"4933464713\" \/>\n<meta property=\"product:condition\" content=\"new\" \/>\n<!-- \/ Yoast SEO Premium plugin. -->","yoast_head_json":{"title":"MILWAUKEE M18 HNRG-552 AKKU \u00c9S T\u00d6LT\u0150 SZETT 2X5,5AH 18V + 1X2,0AH 12V (4933464713) - Eurosmart - Milwaukee web\u00e1ruh\u00e1z","robots":{"index":"index","follow":"follow","max-snippet":"max-snippet:-1","max-image-preview":"max-image-preview:large","max-video-preview":"max-video-preview:-1"},"canonical":"https:\/\/www.eurosmart.hu\/shop\/index.php\/termek\/milwaukee-m18-hnrg-552-szett-1-db-tolto-2-db-akkumulator-4933464713\/","og_locale":"hu_HU","og_type":"article","og_title":"MILWAUKEE M18 HNRG-552 AKKU \u00c9S T\u00d6LT\u0150 SZETT 2X5,5AH 18V + 1X2,0AH 12V (4933464713)","og_description":"A k\u00e9szlet tartalma:   2 db M18 HB5.5 18V 5,5 Ah AKKUMUL\u00c1TOR  1 db M12 B3 12V 3,0 Ah AKKUMUL\u00c1TOR  1 DB M12-M18 FC GYORST\u00d6LT\u0150","og_url":"https:\/\/www.eurosmart.hu\/shop\/index.php\/termek\/milwaukee-m18-hnrg-552-szett-1-db-tolto-2-db-akkumulator-4933464713\/","og_site_name":"Eurosmart - Milwaukee web\u00e1ruh\u00e1z","article_publisher":"https:\/\/www.facebook.com\/EurosmartKft","article_modified_time":"2023-12-05T13:31:30+00:00","og_image":[{"width":1000,"height":1000,"url":"https:\/\/www.eurosmart.hu\/shop\/wp-content\/uploads\/2023\/09\/4933464713.webp","type":"image\/webp"}],"twitter_card":"summary_large_image","twitter_misc":{"Price":"","Availability":"In stock"},"schema":{"@context":"https:\/\/schema.org","@graph":[{"@type":"WebPage","@id":"https:\/\/www.eurosmart.hu\/shop\/index.php\/termek\/milwaukee-m18-hnrg-552-szett-1-db-tolto-2-db-akkumulator-4933464713\/","url":"https:\/\/www.eurosmart.hu\/shop\/index.php\/termek\/milwaukee-m18-hnrg-552-szett-1-db-tolto-2-db-akkumulator-4933464713\/","name":"MILWAUKEE M18 HNRG-552 AKKU \u00c9S T\u00d6LT\u0150 SZETT 2X5,5AH 18V + 1X2,0AH 12V (4933464713) - Eurosmart - Milwaukee web\u00e1ruh\u00e1z","isPartOf":{"@id":"https:\/\/www.eurosmart.hu\/shop\/#website"},"datePublished":"2023-09-28T12:19:55+00:00","dateModified":"2023-12-05T13:31:30+00:00","breadcrumb":{"@id":"https:\/\/www.eurosmart.hu\/shop\/index.php\/termek\/milwaukee-m18-hnrg-552-szett-1-db-tolto-2-db-akkumulator-4933464713\/#breadcrumb"},"inLanguage":"hu","potentialAction":[{"@type":"ReadAction","target":["https:\/\/www.eurosmart.hu\/shop\/index.php\/termek\/milwaukee-m18-hnrg-552-szett-1-db-tolto-2-db-akkumulator-4933464713\/"]}]},{"@type":"BreadcrumbList","@id":"https:\/\/www.eurosmart.hu\/shop\/index.php\/termek\/milwaukee-m18-hnrg-552-szett-1-db-tolto-2-db-akkumulator-4933464713\/#breadcrumb","itemListElement":[{"@type":"ListItem","position":1,"name":"Kezd\u0151lap","item":"https:\/\/www.eurosmart.hu\/shop\/"},{"@type":"ListItem","position":2,"name":"Term\u00e9keink","item":"https:\/\/www.eurosmart.hu\/shop\/index.php\/uzlet\/"},{"@type":"ListItem","position":3,"name":"MILWAUKEE M18 HNRG-552 AKKU \u00c9S T\u00d6LT\u0150 SZETT 2X5,5AH 18V + 1X2,0AH 12V (4933464713)"}]},{"@type":"WebSite","@id":"https:\/\/www.eurosmart.hu\/shop\/#website","url":"https:\/\/www.eurosmart.hu\/shop\/","name":"Eurosmart - Milwaukee web\u00e1ruh\u00e1z","description":"Milwaukee web\u00e1ruh\u00e1z","publisher":{"@id":"https:\/\/www.eurosmart.hu\/shop\/#organization"},"potentialAction":[{"@type":"SearchAction","target":{"@type":"EntryPoint","urlTemplate":"https:\/\/www.eurosmart.hu\/shop\/?s={search_term_string}"},"query-input":"required name=search_term_string"}],"inLanguage":"hu"},{"@type":"Organization","@id":"https:\/\/www.eurosmart.hu\/shop\/#organization","name":"Eurosmart - Milwaukee web\u00e1ruh\u00e1z","url":"https:\/\/www.eurosmart.hu\/shop\/","logo":{"@type":"ImageObject","inLanguage":"hu","@id":"https:\/\/www.eurosmart.hu\/shop\/#\/schema\/logo\/image\/","url":"https:\/\/www.eurosmart.hu\/shop\/wp-content\/uploads\/2023\/10\/milwaukee-logo-1.png","contentUrl":"https:\/\/www.eurosmart.hu\/shop\/wp-content\/uploads\/2023\/10\/milwaukee-logo-1.png","width":500,"height":200,"caption":"Eurosmart - Milwaukee web\u00e1ruh\u00e1z"},"image":{"@id":"https:\/\/www.eurosmart.hu\/shop\/#\/schema\/logo\/image\/"},"sameAs":["https:\/\/www.facebook.com\/EurosmartKft"]}]},"product_price_currency":"HUF","og_availability":"instock","product_availability":"instock","product_retailer_item_id":"4933464713","product_condition":"new"},"_links":{"self":[{"href":"https:\/\/www.eurosmart.hu\/shop\/index.php\/wp-json\/wp\/v2\/product\/2745","targetHints":{"allow":["GET"]}}],"collection":[{"href":"https:\/\/www.eurosmart.hu\/shop\/index.php\/wp-json\/wp\/v2\/product"}],"about":[{"href":"https:\/\/www.eurosmart.hu\/shop\/index.php\/wp-json\/wp\/v2\/types\/product"}],"wp:featuredmedia":[{"embeddable":true,"href":"https:\/\/www.eurosmart.hu\/shop\/index.php\/wp-json\/wp\/v2\/media\/4088"}],"wp:attachment":[{"href":"https:\/\/www.eurosmart.hu\/shop\/index.php\/wp-json\/wp\/v2\/media?parent=2745"}],"wp:term":[{"taxonomy":"product_cat","embeddable":true,"href":"https:\/\/www.eurosmart.hu\/shop\/index.php\/wp-json\/wp\/v2\/product_cat?post=2745"},{"taxonomy":"product_tag","embeddable":true,"href":"https:\/\/www.eurosmart.hu\/shop\/index.php\/wp-json\/wp\/v2\/product_tag?post=2745"}],"curies":[{"name":"wp","href":"https:\/\/api.w.org\/{rel}","templated":true}]}}