{"id":2721,"date":"2023-09-28T11:12:41","date_gmt":"2023-09-28T11:12:41","guid":{"rendered":"https:\/\/www.eurosmart.hu\/shop\/?post_type=product&#038;p=2721"},"modified":"2023-10-04T14:25:49","modified_gmt":"2023-10-04T14:25:49","slug":"milwaukee-lepcsos-furo-6-35-mm-48899335","status":"publish","type":"product","link":"https:\/\/www.eurosmart.hu\/shop\/index.php\/termek\/milwaukee-lepcsos-furo-6-35-mm-48899335\/","title":{"rendered":"MILWAUKEE L\u00c9PCS\u0150S F\u00daR\u00d3 6-35 MM (48899335)"},"content":{"rendered":"<h5>Tulajdons\u00e1gok:<\/h5>\n<ul class=\"ProductFeaturesTextstyles__FeatureList-fxqvf2-1 dUrrwH\">\n<li class=\"ProductFeaturesTextstyles__Feature-fxqvf2-3 ggyeUS\">A l\u00e9pcs\u0151s f\u00far\u00f3k ide\u00e1lisak a k\u00f6vetkez\u0151 anyagok f\u00far\u00e1s\u00e1hoz: &#8211; Vastartalm\u00fa \u00e9s sz\u00ednesf\u00e9m lemezek, profilok \u00e9s cs\u00f6vek. &#8211; R\u00e9z, v\u00f6r\u00f6sr\u00e9z \u00e9s alum\u00ednium. &#8211; Rozsdamentes ac\u00e9l. &#8211; M\u0171anyagok. &#8211; Maxim\u00e1lis anyagvastags\u00e1g: 4 mm &#8211; A szersz\u00e1m \u00e9lettartam\u00e1nak meg\u0151rz\u00e9s\u00e9hez h\u0171t\u0151folyad\u00e9k haszn\u00e1lat\u00e1t javasoljuk.<\/li>\n<li class=\"ProductFeaturesTextstyles__Feature-fxqvf2-3 ggyeUS\">Alkalmaz\u00e1sa: &#8211; Villanyszerel\u00e9s: f\u00far\u00e1s panelokban \u00e9s szekr\u00e9nyekben t\u00f6mszelenc\u00e9k install\u00e1l\u00e1s\u00e1hoz. &#8211; V\u00edzvezet\u00e9kek, f\u0171t\u00e9s, kl\u00edma \u00e9s szell\u0151z\u00e9s: szerel\u0151ny\u00edl\u00e1sok a vezet\u00e9keken v\u00e9gzett m\u0171veletekhez \u00e9s a telep\u00edt\u00e9shez. &#8211; F\u00e9mmegmunk\u00e1l\u00e1s \/ gy\u00e1rt\u00e1s: k\u00fcl\u00f6nb\u00f6z\u0151 \u00e1tm\u00e9r\u0151j\u0171 furatok kialak\u00edt\u00e1sa \u00e9s kisz\u00e9les\u00edt\u00e9se. &#8211; J\u00e1rm\u0171ipar: k\u00e1belszerel\u00e9si furatok (mobiltelefonok, antenn\u00e1k, vezet\u00e9kek \u00e1tvezet\u00e9se). &#8211; Karbantart\u00e1si \u00e9s fel\u00faj\u00edt\u00e1si tev\u00e9kenys\u00e9gek: k\u00fcl\u00f6nb\u00f6z\u0151 alkalmaz\u00e1sok, m\u00e9retek \u00e9s furatok megnagyobb\u00edt\u00e1sa.<\/li>\n<li class=\"ProductFeaturesTextstyles__Feature-fxqvf2-3 ggyeUS\">A l\u00e9pcs\u0151s f\u00far\u00f3k el\u0151nyei a hagyom\u00e1nyos f\u00far\u00f3kkal szemben: &#8211; Egy f\u00far\u00f3 t\u00f6bbf\u00e9le \u00e1tm\u00e9r\u0151j\u0171 furatot k\u00e9pes k\u00e9sz\u00edteni &#8211; T\u00f6bb lehet\u0151s\u00e9g, id\u0151megtakar\u00edt\u00e1s! &#8211; Legjobb m\u00f3dja a m\u00e1r l\u00e9tez\u0151 furatok kisz\u00e9les\u00edt\u00e9s\u00e9nek. &#8211; Pontosabb, mint a csigaf\u00far\u00f3k, \u00e9s vastag magj\u00e1nak k\u00f6sz\u00f6nhet\u0151en kev\u00e9sb\u00e9 hajlamos a t\u00f6r\u00e9sre. &#8211; Pontosabb poz\u00edcion\u00e1l\u00e1s \u00e9s kisebb elmozdul\u00e1s, mert a f\u00far\u00f3hegybe integr\u00e1lt k\u00f6zpontos\u00edt\u00f3 hegy azonnal megkezdi a f\u00far\u00e1st. &#8211; A ny\u00edl\u00e1sok sorjamentesek, kevesebb r\u00e1f\u00far\u00e1s sz\u00fcks\u00e9ges. &#8211; M\u0171anyag f\u00far\u00e1s\u00e1n\u00e1l nincs reped\u00e9s.<\/li>\n<li class=\"ProductFeaturesTextstyles__Feature-fxqvf2-3 ggyeUS\">Pontf\u00far\u00e1s, f\u00far\u00e1s, sorj\u00e1z\u00e1s &#8211; mindent egyben.<\/li>\n<li class=\"ProductFeaturesTextstyles__Feature-fxqvf2-3 ggyeUS\">A Rapid Strike k\u00f6zpontf\u00far\u00f3 jav\u00edtja a centr\u00edroz\u00e1st &#8211; kisebb a f\u00far\u00f3 oldalaz\u00f3 mozg\u00e1sa \u00e9s gyorsabb a f\u00far\u00e1s, pontoz\u00f3 vagy el\u0151f\u00far\u00f3 haszn\u00e1lat\u00e1nak sz\u00fcks\u00e9ge n\u00e9lk\u00fcl.<\/li>\n<li class=\"ProductFeaturesTextstyles__Feature-fxqvf2-3 ggyeUS\">Speci\u00e1lis f\u00far\u00f3hegy \u00e9s l\u00e9pcs\u0151zetes geometria az elakad\u00e1s \u00e9s az anyagdeform\u00e1l\u00f3d\u00e1s megakad\u00e1lyoz\u00e1s\u00e1ra- k\u00fcl\u00f6n\u00f6sen magas fordulatsz\u00e1m\u00fa, vezet\u00e9k n\u00e9lk\u00fcli eszk\u00f6z\u00f6k haszn\u00e1lata sor\u00e1n.<\/li>\n<li class=\"ProductFeaturesTextstyles__Feature-fxqvf2-3 ggyeUS\">Az optimaliz\u00e1lt, \u00e9les\u00edtett sz\u00e9l\u0171 forg\u00e1cshornyok 2-szer gyorsabb \u00e9s egyenletesebb v\u00e1g\u00e1st tesznek lehet\u0151v\u00e9.<\/li>\n<li class=\"ProductFeaturesTextstyles__Feature-fxqvf2-3 ggyeUS\">Egyedi szerkezet\u0171 ac\u00e9lb\u00f3l, feket\u00e9re oxid\u00e1lt fel\u00fclettel k\u00e9sz\u00fcl, melyek 4-szeres\u00e9re n\u00f6velik a szersz\u00e1m \u00e9lettartam\u00e1t.<\/li>\n<li class=\"ProductFeaturesTextstyles__Feature-fxqvf2-3 ggyeUS\">Optimaliz\u00e1lva a nagy fordulatsz\u00e1m\u00fa, vezet\u00e9k n\u00e9lk\u00fcli f\u00far\u00f3g\u00e9pekkel val\u00f3 haszn\u00e1lathoz.<\/li>\n<li class=\"ProductFeaturesTextstyles__Feature-fxqvf2-3 ggyeUS\">L\u00e9zerrel grav\u00edrozott, tart\u00f3s \u00e9s olvashat\u00f3 jel\u00f6l\u00e9s.<\/li>\n<li class=\"ProductFeaturesTextstyles__Feature-fxqvf2-3 ggyeUS\">Minden l\u00e9pcs\u0151 \u00fagy ker\u00fclt eszterg\u00e1l\u00e1sra, hogy a f\u00far\u00f3 automatikusan lesorj\u00e1zza a peremeket f\u00far\u00e1s k\u00f6zben.<\/li>\n<li class=\"ProductFeaturesTextstyles__Feature-fxqvf2-3 ggyeUS\">A 3 oldal\u00fa Secure Grip befog\u00f3sz\u00e1r megel\u0151zi, hogy a f\u00far\u00f3sz\u00e1r kics\u00fasszon a tokm\u00e1nyb\u00f3l, \u00e9s biztos\u00edtja a nyomat\u00e9k maxim\u00e1lis \u00e1tvitel\u00e9t.<\/li>\n<\/ul>\n<h5>M\u0171szaki param\u00e9terek:<\/h5>\n<ul>\n<li>L\u00e9pcs\u0151k sz\u00e1m: 14<\/li>\n<li>Hossz: 90 mm<\/li>\n<\/ul>\n","protected":false},"excerpt":{"rendered":"<p>A k\u00e9szlet tartalma: 1 db L\u00c9PCS\u0150S F\u00daR\u00d3<\/p>\n","protected":false},"featured_media":2722,"template":"","meta":[],"product_cat":[223,59,217,89],"product_tag":[],"class_list":["post-2721","product","type-product","status-publish","has-post-thumbnail","hentry","product_cat-femfurok","product_cat-milwaukee","product_cat-tartozekok-termekek","product_cat-termekek"],"yoast_head":"<!-- This site is optimized with the Yoast SEO Premium plugin v21.3 (Yoast SEO v21.3) - https:\/\/yoast.com\/wordpress\/plugins\/seo\/ -->\n<title>MILWAUKEE L\u00c9PCS\u0150S F\u00daR\u00d3 6-35 MM (48899335) - Eurosmart - Milwaukee web\u00e1ruh\u00e1z<\/title>\n<meta name=\"robots\" content=\"index, follow, max-snippet:-1, max-image-preview:large, max-video-preview:-1\" \/>\n<link rel=\"canonical\" href=\"https:\/\/www.eurosmart.hu\/shop\/index.php\/termek\/milwaukee-lepcsos-furo-6-35-mm-48899335\/\" \/>\n<meta property=\"og:locale\" content=\"hu_HU\" \/>\n<meta property=\"og:type\" content=\"article\" \/>\n<meta property=\"og:title\" content=\"MILWAUKEE L\u00c9PCS\u0150S F\u00daR\u00d3 6-35 MM (48899335)\" \/>\n<meta property=\"og:description\" content=\"A k\u00e9szlet tartalma: 1 db L\u00c9PCS\u0150S F\u00daR\u00d3\" \/>\n<meta property=\"og:url\" content=\"https:\/\/www.eurosmart.hu\/shop\/index.php\/termek\/milwaukee-lepcsos-furo-6-35-mm-48899335\/\" \/>\n<meta property=\"og:site_name\" content=\"Eurosmart - Milwaukee web\u00e1ruh\u00e1z\" \/>\n<meta property=\"article:publisher\" content=\"https:\/\/www.facebook.com\/EurosmartKft\" \/>\n<meta property=\"article:modified_time\" content=\"2023-10-04T14:25:49+00:00\" \/>\n<meta property=\"og:image\" content=\"https:\/\/www.eurosmart.hu\/shop\/wp-content\/uploads\/2023\/09\/48899335.jpg\" \/>\n\t<meta property=\"og:image:width\" content=\"600\" \/>\n\t<meta property=\"og:image:height\" content=\"600\" \/>\n\t<meta property=\"og:image:type\" content=\"image\/jpeg\" \/>\n<meta name=\"twitter:card\" content=\"summary_large_image\" \/>\n<meta name=\"twitter:label1\" content=\"Price\" \/>\n\t<meta name=\"twitter:data1\" content=\"\" \/>\n\t<meta name=\"twitter:label2\" content=\"Availability\" \/>\n\t<meta name=\"twitter:data2\" content=\"In stock\" \/>\n<script type=\"application\/ld+json\" class=\"yoast-schema-graph\">{\"@context\":\"https:\/\/schema.org\",\"@graph\":[{\"@type\":\"WebPage\",\"@id\":\"https:\/\/www.eurosmart.hu\/shop\/index.php\/termek\/milwaukee-lepcsos-furo-6-35-mm-48899335\/\",\"url\":\"https:\/\/www.eurosmart.hu\/shop\/index.php\/termek\/milwaukee-lepcsos-furo-6-35-mm-48899335\/\",\"name\":\"MILWAUKEE L\u00c9PCS\u0150S F\u00daR\u00d3 6-35 MM (48899335) - Eurosmart - Milwaukee web\u00e1ruh\u00e1z\",\"isPartOf\":{\"@id\":\"https:\/\/www.eurosmart.hu\/shop\/#website\"},\"datePublished\":\"2023-09-28T11:12:41+00:00\",\"dateModified\":\"2023-10-04T14:25:49+00:00\",\"breadcrumb\":{\"@id\":\"https:\/\/www.eurosmart.hu\/shop\/index.php\/termek\/milwaukee-lepcsos-furo-6-35-mm-48899335\/#breadcrumb\"},\"inLanguage\":\"hu\",\"potentialAction\":[{\"@type\":\"ReadAction\",\"target\":[\"https:\/\/www.eurosmart.hu\/shop\/index.php\/termek\/milwaukee-lepcsos-furo-6-35-mm-48899335\/\"]}]},{\"@type\":\"BreadcrumbList\",\"@id\":\"https:\/\/www.eurosmart.hu\/shop\/index.php\/termek\/milwaukee-lepcsos-furo-6-35-mm-48899335\/#breadcrumb\",\"itemListElement\":[{\"@type\":\"ListItem\",\"position\":1,\"name\":\"Kezd\u0151lap\",\"item\":\"https:\/\/www.eurosmart.hu\/shop\/\"},{\"@type\":\"ListItem\",\"position\":2,\"name\":\"Term\u00e9keink\",\"item\":\"https:\/\/www.eurosmart.hu\/shop\/index.php\/uzlet\/\"},{\"@type\":\"ListItem\",\"position\":3,\"name\":\"MILWAUKEE L\u00c9PCS\u0150S F\u00daR\u00d3 6-35 MM (48899335)\"}]},{\"@type\":\"WebSite\",\"@id\":\"https:\/\/www.eurosmart.hu\/shop\/#website\",\"url\":\"https:\/\/www.eurosmart.hu\/shop\/\",\"name\":\"Eurosmart - Milwaukee web\u00e1ruh\u00e1z\",\"description\":\"Milwaukee web\u00e1ruh\u00e1z\",\"publisher\":{\"@id\":\"https:\/\/www.eurosmart.hu\/shop\/#organization\"},\"potentialAction\":[{\"@type\":\"SearchAction\",\"target\":{\"@type\":\"EntryPoint\",\"urlTemplate\":\"https:\/\/www.eurosmart.hu\/shop\/?s={search_term_string}\"},\"query-input\":\"required name=search_term_string\"}],\"inLanguage\":\"hu\"},{\"@type\":\"Organization\",\"@id\":\"https:\/\/www.eurosmart.hu\/shop\/#organization\",\"name\":\"Eurosmart - Milwaukee web\u00e1ruh\u00e1z\",\"url\":\"https:\/\/www.eurosmart.hu\/shop\/\",\"logo\":{\"@type\":\"ImageObject\",\"inLanguage\":\"hu\",\"@id\":\"https:\/\/www.eurosmart.hu\/shop\/#\/schema\/logo\/image\/\",\"url\":\"https:\/\/www.eurosmart.hu\/shop\/wp-content\/uploads\/2023\/10\/milwaukee-logo-1.png\",\"contentUrl\":\"https:\/\/www.eurosmart.hu\/shop\/wp-content\/uploads\/2023\/10\/milwaukee-logo-1.png\",\"width\":500,\"height\":200,\"caption\":\"Eurosmart - Milwaukee web\u00e1ruh\u00e1z\"},\"image\":{\"@id\":\"https:\/\/www.eurosmart.hu\/shop\/#\/schema\/logo\/image\/\"},\"sameAs\":[\"https:\/\/www.facebook.com\/EurosmartKft\"]}]}<\/script>\n<meta property=\"product:price:amount\" content=\"0\" \/>\n<meta property=\"product:price:currency\" content=\"HUF\" \/>\n<meta property=\"og:availability\" content=\"instock\" \/>\n<meta property=\"product:availability\" content=\"instock\" \/>\n<meta property=\"product:retailer_item_id\" content=\"48899335\" \/>\n<meta property=\"product:condition\" content=\"new\" \/>\n<!-- \/ Yoast SEO Premium plugin. -->","yoast_head_json":{"title":"MILWAUKEE L\u00c9PCS\u0150S F\u00daR\u00d3 6-35 MM (48899335) - Eurosmart - Milwaukee web\u00e1ruh\u00e1z","robots":{"index":"index","follow":"follow","max-snippet":"max-snippet:-1","max-image-preview":"max-image-preview:large","max-video-preview":"max-video-preview:-1"},"canonical":"https:\/\/www.eurosmart.hu\/shop\/index.php\/termek\/milwaukee-lepcsos-furo-6-35-mm-48899335\/","og_locale":"hu_HU","og_type":"article","og_title":"MILWAUKEE L\u00c9PCS\u0150S F\u00daR\u00d3 6-35 MM (48899335)","og_description":"A k\u00e9szlet tartalma: 1 db L\u00c9PCS\u0150S F\u00daR\u00d3","og_url":"https:\/\/www.eurosmart.hu\/shop\/index.php\/termek\/milwaukee-lepcsos-furo-6-35-mm-48899335\/","og_site_name":"Eurosmart - Milwaukee web\u00e1ruh\u00e1z","article_publisher":"https:\/\/www.facebook.com\/EurosmartKft","article_modified_time":"2023-10-04T14:25:49+00:00","og_image":[{"width":600,"height":600,"url":"https:\/\/www.eurosmart.hu\/shop\/wp-content\/uploads\/2023\/09\/48899335.jpg","type":"image\/jpeg"}],"twitter_card":"summary_large_image","twitter_misc":{"Price":"","Availability":"In stock"},"schema":{"@context":"https:\/\/schema.org","@graph":[{"@type":"WebPage","@id":"https:\/\/www.eurosmart.hu\/shop\/index.php\/termek\/milwaukee-lepcsos-furo-6-35-mm-48899335\/","url":"https:\/\/www.eurosmart.hu\/shop\/index.php\/termek\/milwaukee-lepcsos-furo-6-35-mm-48899335\/","name":"MILWAUKEE L\u00c9PCS\u0150S F\u00daR\u00d3 6-35 MM (48899335) - Eurosmart - Milwaukee web\u00e1ruh\u00e1z","isPartOf":{"@id":"https:\/\/www.eurosmart.hu\/shop\/#website"},"datePublished":"2023-09-28T11:12:41+00:00","dateModified":"2023-10-04T14:25:49+00:00","breadcrumb":{"@id":"https:\/\/www.eurosmart.hu\/shop\/index.php\/termek\/milwaukee-lepcsos-furo-6-35-mm-48899335\/#breadcrumb"},"inLanguage":"hu","potentialAction":[{"@type":"ReadAction","target":["https:\/\/www.eurosmart.hu\/shop\/index.php\/termek\/milwaukee-lepcsos-furo-6-35-mm-48899335\/"]}]},{"@type":"BreadcrumbList","@id":"https:\/\/www.eurosmart.hu\/shop\/index.php\/termek\/milwaukee-lepcsos-furo-6-35-mm-48899335\/#breadcrumb","itemListElement":[{"@type":"ListItem","position":1,"name":"Kezd\u0151lap","item":"https:\/\/www.eurosmart.hu\/shop\/"},{"@type":"ListItem","position":2,"name":"Term\u00e9keink","item":"https:\/\/www.eurosmart.hu\/shop\/index.php\/uzlet\/"},{"@type":"ListItem","position":3,"name":"MILWAUKEE L\u00c9PCS\u0150S F\u00daR\u00d3 6-35 MM (48899335)"}]},{"@type":"WebSite","@id":"https:\/\/www.eurosmart.hu\/shop\/#website","url":"https:\/\/www.eurosmart.hu\/shop\/","name":"Eurosmart - Milwaukee web\u00e1ruh\u00e1z","description":"Milwaukee web\u00e1ruh\u00e1z","publisher":{"@id":"https:\/\/www.eurosmart.hu\/shop\/#organization"},"potentialAction":[{"@type":"SearchAction","target":{"@type":"EntryPoint","urlTemplate":"https:\/\/www.eurosmart.hu\/shop\/?s={search_term_string}"},"query-input":"required name=search_term_string"}],"inLanguage":"hu"},{"@type":"Organization","@id":"https:\/\/www.eurosmart.hu\/shop\/#organization","name":"Eurosmart - Milwaukee web\u00e1ruh\u00e1z","url":"https:\/\/www.eurosmart.hu\/shop\/","logo":{"@type":"ImageObject","inLanguage":"hu","@id":"https:\/\/www.eurosmart.hu\/shop\/#\/schema\/logo\/image\/","url":"https:\/\/www.eurosmart.hu\/shop\/wp-content\/uploads\/2023\/10\/milwaukee-logo-1.png","contentUrl":"https:\/\/www.eurosmart.hu\/shop\/wp-content\/uploads\/2023\/10\/milwaukee-logo-1.png","width":500,"height":200,"caption":"Eurosmart - Milwaukee web\u00e1ruh\u00e1z"},"image":{"@id":"https:\/\/www.eurosmart.hu\/shop\/#\/schema\/logo\/image\/"},"sameAs":["https:\/\/www.facebook.com\/EurosmartKft"]}]},"product_price_currency":"HUF","og_availability":"instock","product_availability":"instock","product_retailer_item_id":"48899335","product_condition":"new"},"_links":{"self":[{"href":"https:\/\/www.eurosmart.hu\/shop\/index.php\/wp-json\/wp\/v2\/product\/2721","targetHints":{"allow":["GET"]}}],"collection":[{"href":"https:\/\/www.eurosmart.hu\/shop\/index.php\/wp-json\/wp\/v2\/product"}],"about":[{"href":"https:\/\/www.eurosmart.hu\/shop\/index.php\/wp-json\/wp\/v2\/types\/product"}],"wp:featuredmedia":[{"embeddable":true,"href":"https:\/\/www.eurosmart.hu\/shop\/index.php\/wp-json\/wp\/v2\/media\/2722"}],"wp:attachment":[{"href":"https:\/\/www.eurosmart.hu\/shop\/index.php\/wp-json\/wp\/v2\/media?parent=2721"}],"wp:term":[{"taxonomy":"product_cat","embeddable":true,"href":"https:\/\/www.eurosmart.hu\/shop\/index.php\/wp-json\/wp\/v2\/product_cat?post=2721"},{"taxonomy":"product_tag","embeddable":true,"href":"https:\/\/www.eurosmart.hu\/shop\/index.php\/wp-json\/wp\/v2\/product_tag?post=2721"}],"curies":[{"name":"wp","href":"https:\/\/api.w.org\/{rel}","templated":true}]}}