{"id":2717,"date":"2023-09-28T10:58:58","date_gmt":"2023-09-28T10:58:58","guid":{"rendered":"https:\/\/www.eurosmart.hu\/shop\/?post_type=product&#038;p=2717"},"modified":"2023-10-04T14:26:55","modified_gmt":"2023-10-04T14:26:55","slug":"milwaukee-korfureszlap-femhez-203x1587x18-mm-48404520","status":"publish","type":"product","link":"https:\/\/www.eurosmart.hu\/shop\/index.php\/termek\/milwaukee-korfureszlap-femhez-203x1587x18-mm-48404520\/","title":{"rendered":"MILWAUKEE K\u00d6RF\u0170R\u00c9SZLAP F\u00c9MHEZ 203X15,87X1,8 MM (48404520)"},"content":{"rendered":"<h5>Tulajdons\u00e1gok:<\/h5>\n<ul class=\"ProductFeaturesTextstyles__FeatureList-fxqvf2-1 dUrrwH\">\n<li class=\"ProductFeaturesTextstyles__Feature-fxqvf2-3 ggyeUS\">Geometrikus fogkialak\u00edt\u00e1s az optim\u00e1lis teljes\u00edtm\u00e9ny \u00e9rdek\u00e9ben.<\/li>\n<li class=\"ProductFeaturesTextstyles__Feature-fxqvf2-3 ggyeUS\">Magas min\u0151s\u00e9g\u0171 karbid \u00e9s cermet fogak a magasabb \u00e9lettartam\u00e9rt.<\/li>\n<li class=\"ProductFeaturesTextstyles__Feature-fxqvf2-3 ggyeUS\">Teljes edzetts\u00e9g\u0171 pr\u00e9selt f\u0171r\u00e9szlap test a pontos v\u00e1g\u00e1s\u00e9rt.<\/li>\n<li class=\"ProductFeaturesTextstyles__Feature-fxqvf2-3 ggyeUS\">A sz\u00e9les menet gyors \u00e9s hat\u00e9kony forg\u00e1cselt\u00e1vol\u00edt\u00e1st biztos\u00edt.<\/li>\n<li class=\"ProductFeaturesTextstyles__Feature-fxqvf2-3 ggyeUS\">L\u00e9zerrel v\u00e1gott \u00e9s m\u0171gyant\u00e1val bor\u00edtott k\u00f6rf\u0171r\u00e9szlap-test a zaj \u00e9s vibr\u00e1ci\u00f3 cs\u00f6kkent\u00e9s\u00e9nek \u00e9rdek\u00e9ben.<\/li>\n<li class=\"ProductFeaturesTextstyles__Feature-fxqvf2-3 ggyeUS\">Folyamatos v\u00e1g\u00e1s. A v\u00e1g\u00e1si folyamat v\u00e9g\u00e9n az anyag sz\u00e9le sorjamentes.<\/li>\n<li class=\"ProductFeaturesTextstyles__Feature-fxqvf2-3 ggyeUS\">Hideg v\u00e1g\u00e1s. A v\u00e1gand\u00f3 anyag a v\u00e1g\u00e1s ut\u00e1n azonnal haszn\u00e1lhat\u00f3<\/li>\n<li class=\"ProductFeaturesTextstyles__Feature-fxqvf2-3 ggyeUS\">A v\u00e1g\u00e1s gyorsabb\u00e1 v\u00e1lik. Gyorsabb minden hagyom\u00e1nyos v\u00e1g\u00e1si m\u00f3dt\u00f3l.<\/li>\n<li class=\"ProductFeaturesTextstyles__Feature-fxqvf2-3 ggyeUS\">Cs\u00f6kkentett \u00e1r. Kev\u00e9sb\u00e9 dr\u00e1ga, mint az abraz\u00edv t\u00e1rcsa.<\/li>\n<li class=\"ProductFeaturesTextstyles__Feature-fxqvf2-3 ggyeUS\">Cs\u00f6kkentett zaj.<\/li>\n<li class=\"ProductFeaturesTextstyles__Feature-fxqvf2-3 ggyeUS\">Cs\u00f6kkentett vibr\u00e1ci\u00f3.<\/li>\n<li class=\"ProductFeaturesTextstyles__Feature-fxqvf2-3 ggyeUS\">Teljesen biztons\u00e1gos: szikramentes, h\u0171t\u0151folyad\u00e9k n\u00e9lk\u00fcli v\u00e1g\u00e1s, mely ut\u00e1n az anyag meg\u00e9rinthet\u0151.<\/li>\n<\/ul>\n<h5>M\u0171szaki param\u00e9terek:<\/h5>\n<ul>\n<li>F\u0171r\u00e9szlap \u00e1tm\u00e9r\u0151: 203 mm<\/li>\n<li>Befog\u00f3t\u00fcske (furat) \u00e1tm\u00e9r\u0151: 15,87 mm<\/li>\n<li>F\u0171r\u00e9szfogak sz\u00e1ma: 50 db<\/li>\n<li>V\u00e1g\u00f3sz\u00e9less\u00e9g (f\u0171r\u00e9szlap): 1.8 mm<\/li>\n<li>Anyag falvastags\u00e1g: 1 &#8211; 2.5 mm<\/li>\n<\/ul>\n","protected":false},"excerpt":{"rendered":"<p><strong>A k\u00e9szlet tartalma:<\/strong> 1 db K\u00d6RF\u0170R\u00c9SZLAP F\u00c9MHEZ<\/p>\n","protected":false},"featured_media":2718,"template":"","meta":[],"product_cat":[59,217,89,220],"product_tag":[],"class_list":["post-2717","product","type-product","status-publish","has-post-thumbnail","hentry","product_cat-milwaukee","product_cat-tartozekok-termekek","product_cat-termekek","product_cat-vagas-es-csiszolas"],"yoast_head":"<!-- This site is optimized with the Yoast SEO Premium plugin v21.3 (Yoast SEO v21.3) - https:\/\/yoast.com\/wordpress\/plugins\/seo\/ -->\n<title>MILWAUKEE K\u00d6RF\u0170R\u00c9SZLAP F\u00c9MHEZ 203X15,87X1,8 MM (48404520) - Eurosmart - Milwaukee web\u00e1ruh\u00e1z<\/title>\n<meta name=\"robots\" content=\"index, follow, max-snippet:-1, max-image-preview:large, max-video-preview:-1\" \/>\n<link rel=\"canonical\" href=\"https:\/\/www.eurosmart.hu\/shop\/index.php\/termek\/milwaukee-korfureszlap-femhez-203x1587x18-mm-48404520\/\" \/>\n<meta property=\"og:locale\" content=\"hu_HU\" \/>\n<meta property=\"og:type\" content=\"article\" \/>\n<meta property=\"og:title\" content=\"MILWAUKEE K\u00d6RF\u0170R\u00c9SZLAP F\u00c9MHEZ 203X15,87X1,8 MM (48404520)\" \/>\n<meta property=\"og:description\" content=\"A k\u00e9szlet tartalma: 1 db K\u00d6RF\u0170R\u00c9SZLAP F\u00c9MHEZ\" \/>\n<meta property=\"og:url\" content=\"https:\/\/www.eurosmart.hu\/shop\/index.php\/termek\/milwaukee-korfureszlap-femhez-203x1587x18-mm-48404520\/\" \/>\n<meta property=\"og:site_name\" content=\"Eurosmart - Milwaukee web\u00e1ruh\u00e1z\" \/>\n<meta property=\"article:publisher\" content=\"https:\/\/www.facebook.com\/EurosmartKft\" \/>\n<meta property=\"article:modified_time\" content=\"2023-10-04T14:26:55+00:00\" \/>\n<meta property=\"og:image\" content=\"https:\/\/www.eurosmart.hu\/shop\/wp-content\/uploads\/2023\/09\/48404520.jpg\" \/>\n\t<meta property=\"og:image:width\" content=\"600\" \/>\n\t<meta property=\"og:image:height\" content=\"600\" \/>\n\t<meta property=\"og:image:type\" content=\"image\/jpeg\" \/>\n<meta name=\"twitter:card\" content=\"summary_large_image\" \/>\n<meta name=\"twitter:label1\" content=\"Price\" \/>\n\t<meta name=\"twitter:data1\" content=\"\" \/>\n\t<meta name=\"twitter:label2\" content=\"Availability\" \/>\n\t<meta name=\"twitter:data2\" content=\"In stock\" \/>\n<script type=\"application\/ld+json\" class=\"yoast-schema-graph\">{\"@context\":\"https:\/\/schema.org\",\"@graph\":[{\"@type\":\"WebPage\",\"@id\":\"https:\/\/www.eurosmart.hu\/shop\/index.php\/termek\/milwaukee-korfureszlap-femhez-203x1587x18-mm-48404520\/\",\"url\":\"https:\/\/www.eurosmart.hu\/shop\/index.php\/termek\/milwaukee-korfureszlap-femhez-203x1587x18-mm-48404520\/\",\"name\":\"MILWAUKEE K\u00d6RF\u0170R\u00c9SZLAP F\u00c9MHEZ 203X15,87X1,8 MM (48404520) - Eurosmart - Milwaukee web\u00e1ruh\u00e1z\",\"isPartOf\":{\"@id\":\"https:\/\/www.eurosmart.hu\/shop\/#website\"},\"datePublished\":\"2023-09-28T10:58:58+00:00\",\"dateModified\":\"2023-10-04T14:26:55+00:00\",\"breadcrumb\":{\"@id\":\"https:\/\/www.eurosmart.hu\/shop\/index.php\/termek\/milwaukee-korfureszlap-femhez-203x1587x18-mm-48404520\/#breadcrumb\"},\"inLanguage\":\"hu\",\"potentialAction\":[{\"@type\":\"ReadAction\",\"target\":[\"https:\/\/www.eurosmart.hu\/shop\/index.php\/termek\/milwaukee-korfureszlap-femhez-203x1587x18-mm-48404520\/\"]}]},{\"@type\":\"BreadcrumbList\",\"@id\":\"https:\/\/www.eurosmart.hu\/shop\/index.php\/termek\/milwaukee-korfureszlap-femhez-203x1587x18-mm-48404520\/#breadcrumb\",\"itemListElement\":[{\"@type\":\"ListItem\",\"position\":1,\"name\":\"Kezd\u0151lap\",\"item\":\"https:\/\/www.eurosmart.hu\/shop\/\"},{\"@type\":\"ListItem\",\"position\":2,\"name\":\"Term\u00e9keink\",\"item\":\"https:\/\/www.eurosmart.hu\/shop\/index.php\/uzlet\/\"},{\"@type\":\"ListItem\",\"position\":3,\"name\":\"MILWAUKEE K\u00d6RF\u0170R\u00c9SZLAP F\u00c9MHEZ 203X15,87X1,8 MM (48404520)\"}]},{\"@type\":\"WebSite\",\"@id\":\"https:\/\/www.eurosmart.hu\/shop\/#website\",\"url\":\"https:\/\/www.eurosmart.hu\/shop\/\",\"name\":\"Eurosmart - Milwaukee web\u00e1ruh\u00e1z\",\"description\":\"Milwaukee web\u00e1ruh\u00e1z\",\"publisher\":{\"@id\":\"https:\/\/www.eurosmart.hu\/shop\/#organization\"},\"potentialAction\":[{\"@type\":\"SearchAction\",\"target\":{\"@type\":\"EntryPoint\",\"urlTemplate\":\"https:\/\/www.eurosmart.hu\/shop\/?s={search_term_string}\"},\"query-input\":\"required name=search_term_string\"}],\"inLanguage\":\"hu\"},{\"@type\":\"Organization\",\"@id\":\"https:\/\/www.eurosmart.hu\/shop\/#organization\",\"name\":\"Eurosmart - Milwaukee web\u00e1ruh\u00e1z\",\"url\":\"https:\/\/www.eurosmart.hu\/shop\/\",\"logo\":{\"@type\":\"ImageObject\",\"inLanguage\":\"hu\",\"@id\":\"https:\/\/www.eurosmart.hu\/shop\/#\/schema\/logo\/image\/\",\"url\":\"https:\/\/www.eurosmart.hu\/shop\/wp-content\/uploads\/2023\/10\/milwaukee-logo-1.png\",\"contentUrl\":\"https:\/\/www.eurosmart.hu\/shop\/wp-content\/uploads\/2023\/10\/milwaukee-logo-1.png\",\"width\":500,\"height\":200,\"caption\":\"Eurosmart - Milwaukee web\u00e1ruh\u00e1z\"},\"image\":{\"@id\":\"https:\/\/www.eurosmart.hu\/shop\/#\/schema\/logo\/image\/\"},\"sameAs\":[\"https:\/\/www.facebook.com\/EurosmartKft\"]}]}<\/script>\n<meta property=\"product:price:amount\" content=\"0\" \/>\n<meta property=\"product:price:currency\" content=\"HUF\" \/>\n<meta property=\"og:availability\" content=\"instock\" \/>\n<meta property=\"product:availability\" content=\"instock\" \/>\n<meta property=\"product:retailer_item_id\" content=\"48404520\" \/>\n<meta property=\"product:condition\" content=\"new\" \/>\n<!-- \/ Yoast SEO Premium plugin. -->","yoast_head_json":{"title":"MILWAUKEE K\u00d6RF\u0170R\u00c9SZLAP F\u00c9MHEZ 203X15,87X1,8 MM (48404520) - Eurosmart - Milwaukee web\u00e1ruh\u00e1z","robots":{"index":"index","follow":"follow","max-snippet":"max-snippet:-1","max-image-preview":"max-image-preview:large","max-video-preview":"max-video-preview:-1"},"canonical":"https:\/\/www.eurosmart.hu\/shop\/index.php\/termek\/milwaukee-korfureszlap-femhez-203x1587x18-mm-48404520\/","og_locale":"hu_HU","og_type":"article","og_title":"MILWAUKEE K\u00d6RF\u0170R\u00c9SZLAP F\u00c9MHEZ 203X15,87X1,8 MM (48404520)","og_description":"A k\u00e9szlet tartalma: 1 db K\u00d6RF\u0170R\u00c9SZLAP F\u00c9MHEZ","og_url":"https:\/\/www.eurosmart.hu\/shop\/index.php\/termek\/milwaukee-korfureszlap-femhez-203x1587x18-mm-48404520\/","og_site_name":"Eurosmart - Milwaukee web\u00e1ruh\u00e1z","article_publisher":"https:\/\/www.facebook.com\/EurosmartKft","article_modified_time":"2023-10-04T14:26:55+00:00","og_image":[{"width":600,"height":600,"url":"https:\/\/www.eurosmart.hu\/shop\/wp-content\/uploads\/2023\/09\/48404520.jpg","type":"image\/jpeg"}],"twitter_card":"summary_large_image","twitter_misc":{"Price":"","Availability":"In stock"},"schema":{"@context":"https:\/\/schema.org","@graph":[{"@type":"WebPage","@id":"https:\/\/www.eurosmart.hu\/shop\/index.php\/termek\/milwaukee-korfureszlap-femhez-203x1587x18-mm-48404520\/","url":"https:\/\/www.eurosmart.hu\/shop\/index.php\/termek\/milwaukee-korfureszlap-femhez-203x1587x18-mm-48404520\/","name":"MILWAUKEE K\u00d6RF\u0170R\u00c9SZLAP F\u00c9MHEZ 203X15,87X1,8 MM (48404520) - Eurosmart - Milwaukee web\u00e1ruh\u00e1z","isPartOf":{"@id":"https:\/\/www.eurosmart.hu\/shop\/#website"},"datePublished":"2023-09-28T10:58:58+00:00","dateModified":"2023-10-04T14:26:55+00:00","breadcrumb":{"@id":"https:\/\/www.eurosmart.hu\/shop\/index.php\/termek\/milwaukee-korfureszlap-femhez-203x1587x18-mm-48404520\/#breadcrumb"},"inLanguage":"hu","potentialAction":[{"@type":"ReadAction","target":["https:\/\/www.eurosmart.hu\/shop\/index.php\/termek\/milwaukee-korfureszlap-femhez-203x1587x18-mm-48404520\/"]}]},{"@type":"BreadcrumbList","@id":"https:\/\/www.eurosmart.hu\/shop\/index.php\/termek\/milwaukee-korfureszlap-femhez-203x1587x18-mm-48404520\/#breadcrumb","itemListElement":[{"@type":"ListItem","position":1,"name":"Kezd\u0151lap","item":"https:\/\/www.eurosmart.hu\/shop\/"},{"@type":"ListItem","position":2,"name":"Term\u00e9keink","item":"https:\/\/www.eurosmart.hu\/shop\/index.php\/uzlet\/"},{"@type":"ListItem","position":3,"name":"MILWAUKEE K\u00d6RF\u0170R\u00c9SZLAP F\u00c9MHEZ 203X15,87X1,8 MM (48404520)"}]},{"@type":"WebSite","@id":"https:\/\/www.eurosmart.hu\/shop\/#website","url":"https:\/\/www.eurosmart.hu\/shop\/","name":"Eurosmart - Milwaukee web\u00e1ruh\u00e1z","description":"Milwaukee web\u00e1ruh\u00e1z","publisher":{"@id":"https:\/\/www.eurosmart.hu\/shop\/#organization"},"potentialAction":[{"@type":"SearchAction","target":{"@type":"EntryPoint","urlTemplate":"https:\/\/www.eurosmart.hu\/shop\/?s={search_term_string}"},"query-input":"required name=search_term_string"}],"inLanguage":"hu"},{"@type":"Organization","@id":"https:\/\/www.eurosmart.hu\/shop\/#organization","name":"Eurosmart - Milwaukee web\u00e1ruh\u00e1z","url":"https:\/\/www.eurosmart.hu\/shop\/","logo":{"@type":"ImageObject","inLanguage":"hu","@id":"https:\/\/www.eurosmart.hu\/shop\/#\/schema\/logo\/image\/","url":"https:\/\/www.eurosmart.hu\/shop\/wp-content\/uploads\/2023\/10\/milwaukee-logo-1.png","contentUrl":"https:\/\/www.eurosmart.hu\/shop\/wp-content\/uploads\/2023\/10\/milwaukee-logo-1.png","width":500,"height":200,"caption":"Eurosmart - Milwaukee web\u00e1ruh\u00e1z"},"image":{"@id":"https:\/\/www.eurosmart.hu\/shop\/#\/schema\/logo\/image\/"},"sameAs":["https:\/\/www.facebook.com\/EurosmartKft"]}]},"product_price_currency":"HUF","og_availability":"instock","product_availability":"instock","product_retailer_item_id":"48404520","product_condition":"new"},"_links":{"self":[{"href":"https:\/\/www.eurosmart.hu\/shop\/index.php\/wp-json\/wp\/v2\/product\/2717","targetHints":{"allow":["GET"]}}],"collection":[{"href":"https:\/\/www.eurosmart.hu\/shop\/index.php\/wp-json\/wp\/v2\/product"}],"about":[{"href":"https:\/\/www.eurosmart.hu\/shop\/index.php\/wp-json\/wp\/v2\/types\/product"}],"wp:featuredmedia":[{"embeddable":true,"href":"https:\/\/www.eurosmart.hu\/shop\/index.php\/wp-json\/wp\/v2\/media\/2718"}],"wp:attachment":[{"href":"https:\/\/www.eurosmart.hu\/shop\/index.php\/wp-json\/wp\/v2\/media?parent=2717"}],"wp:term":[{"taxonomy":"product_cat","embeddable":true,"href":"https:\/\/www.eurosmart.hu\/shop\/index.php\/wp-json\/wp\/v2\/product_cat?post=2717"},{"taxonomy":"product_tag","embeddable":true,"href":"https:\/\/www.eurosmart.hu\/shop\/index.php\/wp-json\/wp\/v2\/product_tag?post=2717"}],"curies":[{"name":"wp","href":"https:\/\/api.w.org\/{rel}","templated":true}]}}