{"id":2703,"date":"2023-09-28T10:19:26","date_gmt":"2023-09-28T10:19:26","guid":{"rendered":"https:\/\/www.eurosmart.hu\/shop\/?post_type=product&#038;p=2703"},"modified":"2023-10-04T14:30:48","modified_gmt":"2023-10-04T14:30:48","slug":"milwaukee-keskeny-vizmertek-keszlet-4-reszes-10-60-120-180-cm-4932478898","status":"publish","type":"product","link":"https:\/\/www.eurosmart.hu\/shop\/index.php\/termek\/milwaukee-keskeny-vizmertek-keszlet-4-reszes-10-60-120-180-cm-4932478898\/","title":{"rendered":"MILWAUKEE KESKENY V\u00cdZM\u00c9RT\u00c9K K\u00c9SZLET 4 R\u00c9SZES 10\/60\/120\/180 CM (4932478898)"},"content":{"rendered":"<p><strong>A k\u00e9szlet tartalma:<\/strong><\/p>\n<ul>\n<li>1 db Minibox v\u00edzm\u00e9rt\u00e9k, 10 cm (4932459100)<\/li>\n<li>1 db keskeny v\u00edzm\u00e9rt\u00e9k, 60 cm (4932459091)<\/li>\n<li>1 db keskeny v\u00edzm\u00e9rt\u00e9k, 120 cm (4932459094)<\/li>\n<li>1 db keskeny v\u00edzm\u00e9rt\u00e9k, 180 cm (4932459095)<\/li>\n<\/ul>\n","protected":false},"excerpt":{"rendered":"<p><strong>A k\u00e9szlet tartalma:<\/strong><\/p>\n<ul>\n<li>1 db Minibox v\u00edzm\u00e9rt\u00e9k, 10 cm (4932459100)<\/li>\n<li>1 db keskeny v\u00edzm\u00e9rt\u00e9k, 60 cm (4932459091)<\/li>\n<li>1 db keskeny v\u00edzm\u00e9rt\u00e9k, 120 cm (4932459094)<\/li>\n<li>1 db keskeny v\u00edzm\u00e9rt\u00e9k, 180 cm (4932459095)<\/li>\n<\/ul>\n","protected":false},"featured_media":2704,"template":"","meta":[],"product_cat":[208,209,59,89],"product_tag":[],"class_list":["post-2703","product","type-product","status-publish","has-post-thumbnail","hentry","product_cat-keziszerszamok-termekek","product_cat-meromuszerek","product_cat-milwaukee","product_cat-termekek"],"yoast_head":"<!-- This site is optimized with the Yoast SEO Premium plugin v21.3 (Yoast SEO v21.3) - https:\/\/yoast.com\/wordpress\/plugins\/seo\/ -->\n<title>MILWAUKEE KESKENY V\u00cdZM\u00c9RT\u00c9K K\u00c9SZLET 4 R\u00c9SZES 10\/60\/120\/180 CM (4932478898) - Eurosmart - Milwaukee web\u00e1ruh\u00e1z<\/title>\n<meta name=\"robots\" content=\"index, follow, max-snippet:-1, max-image-preview:large, max-video-preview:-1\" \/>\n<link rel=\"canonical\" href=\"https:\/\/www.eurosmart.hu\/shop\/index.php\/termek\/milwaukee-keskeny-vizmertek-keszlet-4-reszes-10-60-120-180-cm-4932478898\/\" \/>\n<meta property=\"og:locale\" content=\"hu_HU\" \/>\n<meta property=\"og:type\" content=\"article\" \/>\n<meta property=\"og:title\" content=\"MILWAUKEE KESKENY V\u00cdZM\u00c9RT\u00c9K K\u00c9SZLET 4 R\u00c9SZES 10\/60\/120\/180 CM (4932478898)\" \/>\n<meta property=\"og:description\" content=\"A k\u00e9szlet tartalma:   1 db Minibox v\u00edzm\u00e9rt\u00e9k, 10 cm (4932459100)  1 db keskeny v\u00edzm\u00e9rt\u00e9k, 60 cm (4932459091)  1 db keskeny v\u00edzm\u00e9rt\u00e9k, 120 cm (4932459094)  1 db keskeny v\u00edzm\u00e9rt\u00e9k, 180 cm (4932459095)\" \/>\n<meta property=\"og:url\" content=\"https:\/\/www.eurosmart.hu\/shop\/index.php\/termek\/milwaukee-keskeny-vizmertek-keszlet-4-reszes-10-60-120-180-cm-4932478898\/\" \/>\n<meta property=\"og:site_name\" content=\"Eurosmart - Milwaukee web\u00e1ruh\u00e1z\" \/>\n<meta property=\"article:publisher\" content=\"https:\/\/www.facebook.com\/EurosmartKft\" \/>\n<meta property=\"article:modified_time\" content=\"2023-10-04T14:30:48+00:00\" \/>\n<meta property=\"og:image\" content=\"https:\/\/www.eurosmart.hu\/shop\/wp-content\/uploads\/2023\/09\/4932478898.jpg\" \/>\n\t<meta property=\"og:image:width\" content=\"600\" \/>\n\t<meta property=\"og:image:height\" content=\"600\" \/>\n\t<meta property=\"og:image:type\" content=\"image\/jpeg\" \/>\n<meta name=\"twitter:card\" content=\"summary_large_image\" \/>\n<meta name=\"twitter:label1\" content=\"Price\" \/>\n\t<meta name=\"twitter:data1\" content=\"\" \/>\n\t<meta name=\"twitter:label2\" content=\"Availability\" \/>\n\t<meta name=\"twitter:data2\" content=\"In stock\" \/>\n<script type=\"application\/ld+json\" class=\"yoast-schema-graph\">{\"@context\":\"https:\/\/schema.org\",\"@graph\":[{\"@type\":\"WebPage\",\"@id\":\"https:\/\/www.eurosmart.hu\/shop\/index.php\/termek\/milwaukee-keskeny-vizmertek-keszlet-4-reszes-10-60-120-180-cm-4932478898\/\",\"url\":\"https:\/\/www.eurosmart.hu\/shop\/index.php\/termek\/milwaukee-keskeny-vizmertek-keszlet-4-reszes-10-60-120-180-cm-4932478898\/\",\"name\":\"MILWAUKEE KESKENY V\u00cdZM\u00c9RT\u00c9K K\u00c9SZLET 4 R\u00c9SZES 10\/60\/120\/180 CM (4932478898) - Eurosmart - Milwaukee web\u00e1ruh\u00e1z\",\"isPartOf\":{\"@id\":\"https:\/\/www.eurosmart.hu\/shop\/#website\"},\"datePublished\":\"2023-09-28T10:19:26+00:00\",\"dateModified\":\"2023-10-04T14:30:48+00:00\",\"breadcrumb\":{\"@id\":\"https:\/\/www.eurosmart.hu\/shop\/index.php\/termek\/milwaukee-keskeny-vizmertek-keszlet-4-reszes-10-60-120-180-cm-4932478898\/#breadcrumb\"},\"inLanguage\":\"hu\",\"potentialAction\":[{\"@type\":\"ReadAction\",\"target\":[\"https:\/\/www.eurosmart.hu\/shop\/index.php\/termek\/milwaukee-keskeny-vizmertek-keszlet-4-reszes-10-60-120-180-cm-4932478898\/\"]}]},{\"@type\":\"BreadcrumbList\",\"@id\":\"https:\/\/www.eurosmart.hu\/shop\/index.php\/termek\/milwaukee-keskeny-vizmertek-keszlet-4-reszes-10-60-120-180-cm-4932478898\/#breadcrumb\",\"itemListElement\":[{\"@type\":\"ListItem\",\"position\":1,\"name\":\"Kezd\u0151lap\",\"item\":\"https:\/\/www.eurosmart.hu\/shop\/\"},{\"@type\":\"ListItem\",\"position\":2,\"name\":\"Term\u00e9keink\",\"item\":\"https:\/\/www.eurosmart.hu\/shop\/index.php\/uzlet\/\"},{\"@type\":\"ListItem\",\"position\":3,\"name\":\"MILWAUKEE KESKENY V\u00cdZM\u00c9RT\u00c9K K\u00c9SZLET 4 R\u00c9SZES 10\/60\/120\/180 CM (4932478898)\"}]},{\"@type\":\"WebSite\",\"@id\":\"https:\/\/www.eurosmart.hu\/shop\/#website\",\"url\":\"https:\/\/www.eurosmart.hu\/shop\/\",\"name\":\"Eurosmart - Milwaukee web\u00e1ruh\u00e1z\",\"description\":\"Milwaukee web\u00e1ruh\u00e1z\",\"publisher\":{\"@id\":\"https:\/\/www.eurosmart.hu\/shop\/#organization\"},\"potentialAction\":[{\"@type\":\"SearchAction\",\"target\":{\"@type\":\"EntryPoint\",\"urlTemplate\":\"https:\/\/www.eurosmart.hu\/shop\/?s={search_term_string}\"},\"query-input\":\"required name=search_term_string\"}],\"inLanguage\":\"hu\"},{\"@type\":\"Organization\",\"@id\":\"https:\/\/www.eurosmart.hu\/shop\/#organization\",\"name\":\"Eurosmart - Milwaukee web\u00e1ruh\u00e1z\",\"url\":\"https:\/\/www.eurosmart.hu\/shop\/\",\"logo\":{\"@type\":\"ImageObject\",\"inLanguage\":\"hu\",\"@id\":\"https:\/\/www.eurosmart.hu\/shop\/#\/schema\/logo\/image\/\",\"url\":\"https:\/\/www.eurosmart.hu\/shop\/wp-content\/uploads\/2023\/10\/milwaukee-logo-1.png\",\"contentUrl\":\"https:\/\/www.eurosmart.hu\/shop\/wp-content\/uploads\/2023\/10\/milwaukee-logo-1.png\",\"width\":500,\"height\":200,\"caption\":\"Eurosmart - Milwaukee web\u00e1ruh\u00e1z\"},\"image\":{\"@id\":\"https:\/\/www.eurosmart.hu\/shop\/#\/schema\/logo\/image\/\"},\"sameAs\":[\"https:\/\/www.facebook.com\/EurosmartKft\"]}]}<\/script>\n<meta property=\"product:price:amount\" content=\"0\" \/>\n<meta property=\"product:price:currency\" content=\"HUF\" \/>\n<meta property=\"og:availability\" content=\"instock\" \/>\n<meta property=\"product:availability\" content=\"instock\" \/>\n<meta property=\"product:retailer_item_id\" content=\"4932478898\" \/>\n<meta property=\"product:condition\" content=\"new\" \/>\n<!-- \/ Yoast SEO Premium plugin. -->","yoast_head_json":{"title":"MILWAUKEE KESKENY V\u00cdZM\u00c9RT\u00c9K K\u00c9SZLET 4 R\u00c9SZES 10\/60\/120\/180 CM (4932478898) - Eurosmart - Milwaukee web\u00e1ruh\u00e1z","robots":{"index":"index","follow":"follow","max-snippet":"max-snippet:-1","max-image-preview":"max-image-preview:large","max-video-preview":"max-video-preview:-1"},"canonical":"https:\/\/www.eurosmart.hu\/shop\/index.php\/termek\/milwaukee-keskeny-vizmertek-keszlet-4-reszes-10-60-120-180-cm-4932478898\/","og_locale":"hu_HU","og_type":"article","og_title":"MILWAUKEE KESKENY V\u00cdZM\u00c9RT\u00c9K K\u00c9SZLET 4 R\u00c9SZES 10\/60\/120\/180 CM (4932478898)","og_description":"A k\u00e9szlet tartalma:   1 db Minibox v\u00edzm\u00e9rt\u00e9k, 10 cm (4932459100)  1 db keskeny v\u00edzm\u00e9rt\u00e9k, 60 cm (4932459091)  1 db keskeny v\u00edzm\u00e9rt\u00e9k, 120 cm (4932459094)  1 db keskeny v\u00edzm\u00e9rt\u00e9k, 180 cm (4932459095)","og_url":"https:\/\/www.eurosmart.hu\/shop\/index.php\/termek\/milwaukee-keskeny-vizmertek-keszlet-4-reszes-10-60-120-180-cm-4932478898\/","og_site_name":"Eurosmart - Milwaukee web\u00e1ruh\u00e1z","article_publisher":"https:\/\/www.facebook.com\/EurosmartKft","article_modified_time":"2023-10-04T14:30:48+00:00","og_image":[{"width":600,"height":600,"url":"https:\/\/www.eurosmart.hu\/shop\/wp-content\/uploads\/2023\/09\/4932478898.jpg","type":"image\/jpeg"}],"twitter_card":"summary_large_image","twitter_misc":{"Price":"","Availability":"In stock"},"schema":{"@context":"https:\/\/schema.org","@graph":[{"@type":"WebPage","@id":"https:\/\/www.eurosmart.hu\/shop\/index.php\/termek\/milwaukee-keskeny-vizmertek-keszlet-4-reszes-10-60-120-180-cm-4932478898\/","url":"https:\/\/www.eurosmart.hu\/shop\/index.php\/termek\/milwaukee-keskeny-vizmertek-keszlet-4-reszes-10-60-120-180-cm-4932478898\/","name":"MILWAUKEE KESKENY V\u00cdZM\u00c9RT\u00c9K K\u00c9SZLET 4 R\u00c9SZES 10\/60\/120\/180 CM (4932478898) - Eurosmart - Milwaukee web\u00e1ruh\u00e1z","isPartOf":{"@id":"https:\/\/www.eurosmart.hu\/shop\/#website"},"datePublished":"2023-09-28T10:19:26+00:00","dateModified":"2023-10-04T14:30:48+00:00","breadcrumb":{"@id":"https:\/\/www.eurosmart.hu\/shop\/index.php\/termek\/milwaukee-keskeny-vizmertek-keszlet-4-reszes-10-60-120-180-cm-4932478898\/#breadcrumb"},"inLanguage":"hu","potentialAction":[{"@type":"ReadAction","target":["https:\/\/www.eurosmart.hu\/shop\/index.php\/termek\/milwaukee-keskeny-vizmertek-keszlet-4-reszes-10-60-120-180-cm-4932478898\/"]}]},{"@type":"BreadcrumbList","@id":"https:\/\/www.eurosmart.hu\/shop\/index.php\/termek\/milwaukee-keskeny-vizmertek-keszlet-4-reszes-10-60-120-180-cm-4932478898\/#breadcrumb","itemListElement":[{"@type":"ListItem","position":1,"name":"Kezd\u0151lap","item":"https:\/\/www.eurosmart.hu\/shop\/"},{"@type":"ListItem","position":2,"name":"Term\u00e9keink","item":"https:\/\/www.eurosmart.hu\/shop\/index.php\/uzlet\/"},{"@type":"ListItem","position":3,"name":"MILWAUKEE KESKENY V\u00cdZM\u00c9RT\u00c9K K\u00c9SZLET 4 R\u00c9SZES 10\/60\/120\/180 CM (4932478898)"}]},{"@type":"WebSite","@id":"https:\/\/www.eurosmart.hu\/shop\/#website","url":"https:\/\/www.eurosmart.hu\/shop\/","name":"Eurosmart - Milwaukee web\u00e1ruh\u00e1z","description":"Milwaukee web\u00e1ruh\u00e1z","publisher":{"@id":"https:\/\/www.eurosmart.hu\/shop\/#organization"},"potentialAction":[{"@type":"SearchAction","target":{"@type":"EntryPoint","urlTemplate":"https:\/\/www.eurosmart.hu\/shop\/?s={search_term_string}"},"query-input":"required name=search_term_string"}],"inLanguage":"hu"},{"@type":"Organization","@id":"https:\/\/www.eurosmart.hu\/shop\/#organization","name":"Eurosmart - Milwaukee web\u00e1ruh\u00e1z","url":"https:\/\/www.eurosmart.hu\/shop\/","logo":{"@type":"ImageObject","inLanguage":"hu","@id":"https:\/\/www.eurosmart.hu\/shop\/#\/schema\/logo\/image\/","url":"https:\/\/www.eurosmart.hu\/shop\/wp-content\/uploads\/2023\/10\/milwaukee-logo-1.png","contentUrl":"https:\/\/www.eurosmart.hu\/shop\/wp-content\/uploads\/2023\/10\/milwaukee-logo-1.png","width":500,"height":200,"caption":"Eurosmart - Milwaukee web\u00e1ruh\u00e1z"},"image":{"@id":"https:\/\/www.eurosmart.hu\/shop\/#\/schema\/logo\/image\/"},"sameAs":["https:\/\/www.facebook.com\/EurosmartKft"]}]},"product_price_currency":"HUF","og_availability":"instock","product_availability":"instock","product_retailer_item_id":"4932478898","product_condition":"new"},"_links":{"self":[{"href":"https:\/\/www.eurosmart.hu\/shop\/index.php\/wp-json\/wp\/v2\/product\/2703","targetHints":{"allow":["GET"]}}],"collection":[{"href":"https:\/\/www.eurosmart.hu\/shop\/index.php\/wp-json\/wp\/v2\/product"}],"about":[{"href":"https:\/\/www.eurosmart.hu\/shop\/index.php\/wp-json\/wp\/v2\/types\/product"}],"wp:featuredmedia":[{"embeddable":true,"href":"https:\/\/www.eurosmart.hu\/shop\/index.php\/wp-json\/wp\/v2\/media\/2704"}],"wp:attachment":[{"href":"https:\/\/www.eurosmart.hu\/shop\/index.php\/wp-json\/wp\/v2\/media?parent=2703"}],"wp:term":[{"taxonomy":"product_cat","embeddable":true,"href":"https:\/\/www.eurosmart.hu\/shop\/index.php\/wp-json\/wp\/v2\/product_cat?post=2703"},{"taxonomy":"product_tag","embeddable":true,"href":"https:\/\/www.eurosmart.hu\/shop\/index.php\/wp-json\/wp\/v2\/product_tag?post=2703"}],"curies":[{"name":"wp","href":"https:\/\/api.w.org\/{rel}","templated":true}]}}