{"id":2656,"date":"2023-09-27T12:04:51","date_gmt":"2023-09-27T12:04:51","guid":{"rendered":"https:\/\/www.eurosmart.hu\/shop\/?post_type=product&#038;p=2656"},"modified":"2023-10-04T14:35:57","modified_gmt":"2023-10-04T14:35:57","slug":"milwaukee-red-hex-shockwave-hss-g-titan-nitrid-femfuro-keszlet-10-reszes-48894759","status":"publish","type":"product","link":"https:\/\/www.eurosmart.hu\/shop\/index.php\/termek\/milwaukee-red-hex-shockwave-hss-g-titan-nitrid-femfuro-keszlet-10-reszes-48894759\/","title":{"rendered":"MILWAUKEE RED HEX &#8211; SHOCKWAVE\u2122 HSS-G TIT\u00c1N-NITRID F\u00c9MF\u00daR\u00d3 K\u00c9SZLET 10 R\u00c9SZES (48894759)"},"content":{"rendered":"<h5>Tulajdons\u00e1gok:<\/h5>\n<ul>\n<li>\n<div>1\/4&#8243; hex befog\u00e1s \u00fctve-\u00e9s f\u00far\u00f3csavaroz\u00f3khoz haszn\u00e1lhat\u00f3<\/div>\n<\/li>\n<li>\n<div>Az el\u0151f\u00far\u00f3 hegy miatt kev\u00e9sb\u00e9 melegszik fel a f\u00fart anyag<\/div>\n<\/li>\n<li>\n<div>135\u00b0-os geometri\u00e1j\u00fa hegy prec\u00edz kezd\u00e9st tesz lehet\u0151v\u00e9<\/div>\n<\/li>\n<li>\n<div>V\u00e1ltoz\u00f3 geometri\u00e1j\u00fa horony kialak\u00edt\u00e1s &#8211; gyorsabb anyag elt\u00e1vol\u00edt\u00e1s \u00e9s alacsonyabb h\u0151m\u00e9rs\u00e9klet<\/div>\n<\/li>\n<li>\n<div>Tit\u00e1n-Nitrid bevonat hat\u00e9kony h\u0151elvezet\u00e9st biztos\u00edt<\/div>\n<\/li>\n<li>\n<div>Nagyobb sokoldal\u00fas\u00e1g az 1\/4&#8243; hex befog\u00e1snak k\u00f6sz\u00f6nhet\u0151en a f\u00far\u00f3sz\u00e1rat alkalmass\u00e1 teszi \u00fctve-\u00e9s f\u00far\u00f3csavaroz\u00f3khoz<\/div>\n<\/li>\n<\/ul>\n<h5>A k\u00e9szlet tartalma:<\/h5>\n<ul>\n<li>F\u00e9m\u00far\u00f3sz\u00e1rak: \u2300 3 \/ 3.5 \/ 4 \/ 4.5 \/ 5 \/ 6 \/ 7 \/ 8 \/ 9 \/ 10 mm<\/li>\n<li>1 db m\u0171anyag tart\u00f3doboz<\/li>\n<\/ul>\n","protected":false},"excerpt":{"rendered":"<h5>A k\u00e9szlet tartalma:<\/h5>\n<ul>\n<li>F\u00e9m\u00far\u00f3sz\u00e1rak: \u2300 3 \/ 3.5 \/ 4 \/ 4.5 \/ 5 \/ 6 \/ 7 \/ 8 \/ 9 \/ 10 mm<\/li>\n<li>1 db m\u0171anyag tart\u00f3doboz<\/li>\n<\/ul>\n","protected":false},"featured_media":2657,"template":"","meta":[],"product_cat":[223,59,217,89],"product_tag":[],"class_list":["post-2656","product","type-product","status-publish","has-post-thumbnail","hentry","product_cat-femfurok","product_cat-milwaukee","product_cat-tartozekok-termekek","product_cat-termekek"],"yoast_head":"<!-- This site is optimized with the Yoast SEO Premium plugin v21.3 (Yoast SEO v21.3) - https:\/\/yoast.com\/wordpress\/plugins\/seo\/ -->\n<title>MILWAUKEE RED HEX - SHOCKWAVE\u2122 HSS-G TIT\u00c1N-NITRID F\u00c9MF\u00daR\u00d3 K\u00c9SZLET 10 R\u00c9SZES (48894759) - Eurosmart - Milwaukee web\u00e1ruh\u00e1z<\/title>\n<meta name=\"robots\" content=\"index, follow, max-snippet:-1, max-image-preview:large, max-video-preview:-1\" \/>\n<link rel=\"canonical\" href=\"https:\/\/www.eurosmart.hu\/shop\/index.php\/termek\/milwaukee-red-hex-shockwave-hss-g-titan-nitrid-femfuro-keszlet-10-reszes-48894759\/\" \/>\n<meta property=\"og:locale\" content=\"hu_HU\" \/>\n<meta property=\"og:type\" content=\"article\" \/>\n<meta property=\"og:title\" content=\"MILWAUKEE RED HEX - SHOCKWAVE\u2122 HSS-G TIT\u00c1N-NITRID F\u00c9MF\u00daR\u00d3 K\u00c9SZLET 10 R\u00c9SZES (48894759)\" \/>\n<meta property=\"og:description\" content=\"A k\u00e9szlet tartalma:   F\u00e9m\u00far\u00f3sz\u00e1rak: \u2300 3 \/ 3.5 \/ 4 \/ 4.5 \/ 5 \/ 6 \/ 7 \/ 8 \/ 9 \/ 10 mm  1 db m\u0171anyag tart\u00f3doboz\" \/>\n<meta property=\"og:url\" content=\"https:\/\/www.eurosmart.hu\/shop\/index.php\/termek\/milwaukee-red-hex-shockwave-hss-g-titan-nitrid-femfuro-keszlet-10-reszes-48894759\/\" \/>\n<meta property=\"og:site_name\" content=\"Eurosmart - Milwaukee web\u00e1ruh\u00e1z\" \/>\n<meta property=\"article:publisher\" content=\"https:\/\/www.facebook.com\/EurosmartKft\" \/>\n<meta property=\"article:modified_time\" content=\"2023-10-04T14:35:57+00:00\" \/>\n<meta property=\"og:image\" content=\"https:\/\/www.eurosmart.hu\/shop\/wp-content\/uploads\/2023\/09\/48894759.jpg\" \/>\n\t<meta property=\"og:image:width\" content=\"600\" \/>\n\t<meta property=\"og:image:height\" content=\"600\" \/>\n\t<meta property=\"og:image:type\" content=\"image\/jpeg\" \/>\n<meta name=\"twitter:card\" content=\"summary_large_image\" \/>\n<meta name=\"twitter:label1\" content=\"Price\" \/>\n\t<meta name=\"twitter:data1\" content=\"\" \/>\n\t<meta name=\"twitter:label2\" content=\"Availability\" \/>\n\t<meta name=\"twitter:data2\" content=\"In stock\" \/>\n<script type=\"application\/ld+json\" class=\"yoast-schema-graph\">{\"@context\":\"https:\/\/schema.org\",\"@graph\":[{\"@type\":\"WebPage\",\"@id\":\"https:\/\/www.eurosmart.hu\/shop\/index.php\/termek\/milwaukee-red-hex-shockwave-hss-g-titan-nitrid-femfuro-keszlet-10-reszes-48894759\/\",\"url\":\"https:\/\/www.eurosmart.hu\/shop\/index.php\/termek\/milwaukee-red-hex-shockwave-hss-g-titan-nitrid-femfuro-keszlet-10-reszes-48894759\/\",\"name\":\"MILWAUKEE RED HEX - SHOCKWAVE\u2122 HSS-G TIT\u00c1N-NITRID F\u00c9MF\u00daR\u00d3 K\u00c9SZLET 10 R\u00c9SZES (48894759) - Eurosmart - Milwaukee web\u00e1ruh\u00e1z\",\"isPartOf\":{\"@id\":\"https:\/\/www.eurosmart.hu\/shop\/#website\"},\"datePublished\":\"2023-09-27T12:04:51+00:00\",\"dateModified\":\"2023-10-04T14:35:57+00:00\",\"breadcrumb\":{\"@id\":\"https:\/\/www.eurosmart.hu\/shop\/index.php\/termek\/milwaukee-red-hex-shockwave-hss-g-titan-nitrid-femfuro-keszlet-10-reszes-48894759\/#breadcrumb\"},\"inLanguage\":\"hu\",\"potentialAction\":[{\"@type\":\"ReadAction\",\"target\":[\"https:\/\/www.eurosmart.hu\/shop\/index.php\/termek\/milwaukee-red-hex-shockwave-hss-g-titan-nitrid-femfuro-keszlet-10-reszes-48894759\/\"]}]},{\"@type\":\"BreadcrumbList\",\"@id\":\"https:\/\/www.eurosmart.hu\/shop\/index.php\/termek\/milwaukee-red-hex-shockwave-hss-g-titan-nitrid-femfuro-keszlet-10-reszes-48894759\/#breadcrumb\",\"itemListElement\":[{\"@type\":\"ListItem\",\"position\":1,\"name\":\"Kezd\u0151lap\",\"item\":\"https:\/\/www.eurosmart.hu\/shop\/\"},{\"@type\":\"ListItem\",\"position\":2,\"name\":\"Term\u00e9keink\",\"item\":\"https:\/\/www.eurosmart.hu\/shop\/index.php\/uzlet\/\"},{\"@type\":\"ListItem\",\"position\":3,\"name\":\"MILWAUKEE RED HEX &#8211; SHOCKWAVE\u2122 HSS-G TIT\u00c1N-NITRID F\u00c9MF\u00daR\u00d3 K\u00c9SZLET 10 R\u00c9SZES (48894759)\"}]},{\"@type\":\"WebSite\",\"@id\":\"https:\/\/www.eurosmart.hu\/shop\/#website\",\"url\":\"https:\/\/www.eurosmart.hu\/shop\/\",\"name\":\"Eurosmart - Milwaukee web\u00e1ruh\u00e1z\",\"description\":\"Milwaukee web\u00e1ruh\u00e1z\",\"publisher\":{\"@id\":\"https:\/\/www.eurosmart.hu\/shop\/#organization\"},\"potentialAction\":[{\"@type\":\"SearchAction\",\"target\":{\"@type\":\"EntryPoint\",\"urlTemplate\":\"https:\/\/www.eurosmart.hu\/shop\/?s={search_term_string}\"},\"query-input\":\"required name=search_term_string\"}],\"inLanguage\":\"hu\"},{\"@type\":\"Organization\",\"@id\":\"https:\/\/www.eurosmart.hu\/shop\/#organization\",\"name\":\"Eurosmart - Milwaukee web\u00e1ruh\u00e1z\",\"url\":\"https:\/\/www.eurosmart.hu\/shop\/\",\"logo\":{\"@type\":\"ImageObject\",\"inLanguage\":\"hu\",\"@id\":\"https:\/\/www.eurosmart.hu\/shop\/#\/schema\/logo\/image\/\",\"url\":\"https:\/\/www.eurosmart.hu\/shop\/wp-content\/uploads\/2023\/10\/milwaukee-logo-1.png\",\"contentUrl\":\"https:\/\/www.eurosmart.hu\/shop\/wp-content\/uploads\/2023\/10\/milwaukee-logo-1.png\",\"width\":500,\"height\":200,\"caption\":\"Eurosmart - Milwaukee web\u00e1ruh\u00e1z\"},\"image\":{\"@id\":\"https:\/\/www.eurosmart.hu\/shop\/#\/schema\/logo\/image\/\"},\"sameAs\":[\"https:\/\/www.facebook.com\/EurosmartKft\"]}]}<\/script>\n<meta property=\"product:price:amount\" content=\"0\" \/>\n<meta property=\"product:price:currency\" content=\"HUF\" \/>\n<meta property=\"og:availability\" content=\"instock\" \/>\n<meta property=\"product:availability\" content=\"instock\" \/>\n<meta property=\"product:retailer_item_id\" content=\"48894759\" \/>\n<meta property=\"product:condition\" content=\"new\" \/>\n<!-- \/ Yoast SEO Premium plugin. -->","yoast_head_json":{"title":"MILWAUKEE RED HEX - SHOCKWAVE\u2122 HSS-G TIT\u00c1N-NITRID F\u00c9MF\u00daR\u00d3 K\u00c9SZLET 10 R\u00c9SZES (48894759) - Eurosmart - Milwaukee web\u00e1ruh\u00e1z","robots":{"index":"index","follow":"follow","max-snippet":"max-snippet:-1","max-image-preview":"max-image-preview:large","max-video-preview":"max-video-preview:-1"},"canonical":"https:\/\/www.eurosmart.hu\/shop\/index.php\/termek\/milwaukee-red-hex-shockwave-hss-g-titan-nitrid-femfuro-keszlet-10-reszes-48894759\/","og_locale":"hu_HU","og_type":"article","og_title":"MILWAUKEE RED HEX - SHOCKWAVE\u2122 HSS-G TIT\u00c1N-NITRID F\u00c9MF\u00daR\u00d3 K\u00c9SZLET 10 R\u00c9SZES (48894759)","og_description":"A k\u00e9szlet tartalma:   F\u00e9m\u00far\u00f3sz\u00e1rak: \u2300 3 \/ 3.5 \/ 4 \/ 4.5 \/ 5 \/ 6 \/ 7 \/ 8 \/ 9 \/ 10 mm  1 db m\u0171anyag tart\u00f3doboz","og_url":"https:\/\/www.eurosmart.hu\/shop\/index.php\/termek\/milwaukee-red-hex-shockwave-hss-g-titan-nitrid-femfuro-keszlet-10-reszes-48894759\/","og_site_name":"Eurosmart - Milwaukee web\u00e1ruh\u00e1z","article_publisher":"https:\/\/www.facebook.com\/EurosmartKft","article_modified_time":"2023-10-04T14:35:57+00:00","og_image":[{"width":600,"height":600,"url":"https:\/\/www.eurosmart.hu\/shop\/wp-content\/uploads\/2023\/09\/48894759.jpg","type":"image\/jpeg"}],"twitter_card":"summary_large_image","twitter_misc":{"Price":"","Availability":"In stock"},"schema":{"@context":"https:\/\/schema.org","@graph":[{"@type":"WebPage","@id":"https:\/\/www.eurosmart.hu\/shop\/index.php\/termek\/milwaukee-red-hex-shockwave-hss-g-titan-nitrid-femfuro-keszlet-10-reszes-48894759\/","url":"https:\/\/www.eurosmart.hu\/shop\/index.php\/termek\/milwaukee-red-hex-shockwave-hss-g-titan-nitrid-femfuro-keszlet-10-reszes-48894759\/","name":"MILWAUKEE RED HEX - SHOCKWAVE\u2122 HSS-G TIT\u00c1N-NITRID F\u00c9MF\u00daR\u00d3 K\u00c9SZLET 10 R\u00c9SZES (48894759) - Eurosmart - Milwaukee web\u00e1ruh\u00e1z","isPartOf":{"@id":"https:\/\/www.eurosmart.hu\/shop\/#website"},"datePublished":"2023-09-27T12:04:51+00:00","dateModified":"2023-10-04T14:35:57+00:00","breadcrumb":{"@id":"https:\/\/www.eurosmart.hu\/shop\/index.php\/termek\/milwaukee-red-hex-shockwave-hss-g-titan-nitrid-femfuro-keszlet-10-reszes-48894759\/#breadcrumb"},"inLanguage":"hu","potentialAction":[{"@type":"ReadAction","target":["https:\/\/www.eurosmart.hu\/shop\/index.php\/termek\/milwaukee-red-hex-shockwave-hss-g-titan-nitrid-femfuro-keszlet-10-reszes-48894759\/"]}]},{"@type":"BreadcrumbList","@id":"https:\/\/www.eurosmart.hu\/shop\/index.php\/termek\/milwaukee-red-hex-shockwave-hss-g-titan-nitrid-femfuro-keszlet-10-reszes-48894759\/#breadcrumb","itemListElement":[{"@type":"ListItem","position":1,"name":"Kezd\u0151lap","item":"https:\/\/www.eurosmart.hu\/shop\/"},{"@type":"ListItem","position":2,"name":"Term\u00e9keink","item":"https:\/\/www.eurosmart.hu\/shop\/index.php\/uzlet\/"},{"@type":"ListItem","position":3,"name":"MILWAUKEE RED HEX &#8211; SHOCKWAVE\u2122 HSS-G TIT\u00c1N-NITRID F\u00c9MF\u00daR\u00d3 K\u00c9SZLET 10 R\u00c9SZES (48894759)"}]},{"@type":"WebSite","@id":"https:\/\/www.eurosmart.hu\/shop\/#website","url":"https:\/\/www.eurosmart.hu\/shop\/","name":"Eurosmart - Milwaukee web\u00e1ruh\u00e1z","description":"Milwaukee web\u00e1ruh\u00e1z","publisher":{"@id":"https:\/\/www.eurosmart.hu\/shop\/#organization"},"potentialAction":[{"@type":"SearchAction","target":{"@type":"EntryPoint","urlTemplate":"https:\/\/www.eurosmart.hu\/shop\/?s={search_term_string}"},"query-input":"required name=search_term_string"}],"inLanguage":"hu"},{"@type":"Organization","@id":"https:\/\/www.eurosmart.hu\/shop\/#organization","name":"Eurosmart - Milwaukee web\u00e1ruh\u00e1z","url":"https:\/\/www.eurosmart.hu\/shop\/","logo":{"@type":"ImageObject","inLanguage":"hu","@id":"https:\/\/www.eurosmart.hu\/shop\/#\/schema\/logo\/image\/","url":"https:\/\/www.eurosmart.hu\/shop\/wp-content\/uploads\/2023\/10\/milwaukee-logo-1.png","contentUrl":"https:\/\/www.eurosmart.hu\/shop\/wp-content\/uploads\/2023\/10\/milwaukee-logo-1.png","width":500,"height":200,"caption":"Eurosmart - Milwaukee web\u00e1ruh\u00e1z"},"image":{"@id":"https:\/\/www.eurosmart.hu\/shop\/#\/schema\/logo\/image\/"},"sameAs":["https:\/\/www.facebook.com\/EurosmartKft"]}]},"product_price_currency":"HUF","og_availability":"instock","product_availability":"instock","product_retailer_item_id":"48894759","product_condition":"new"},"_links":{"self":[{"href":"https:\/\/www.eurosmart.hu\/shop\/index.php\/wp-json\/wp\/v2\/product\/2656","targetHints":{"allow":["GET"]}}],"collection":[{"href":"https:\/\/www.eurosmart.hu\/shop\/index.php\/wp-json\/wp\/v2\/product"}],"about":[{"href":"https:\/\/www.eurosmart.hu\/shop\/index.php\/wp-json\/wp\/v2\/types\/product"}],"wp:featuredmedia":[{"embeddable":true,"href":"https:\/\/www.eurosmart.hu\/shop\/index.php\/wp-json\/wp\/v2\/media\/2657"}],"wp:attachment":[{"href":"https:\/\/www.eurosmart.hu\/shop\/index.php\/wp-json\/wp\/v2\/media?parent=2656"}],"wp:term":[{"taxonomy":"product_cat","embeddable":true,"href":"https:\/\/www.eurosmart.hu\/shop\/index.php\/wp-json\/wp\/v2\/product_cat?post=2656"},{"taxonomy":"product_tag","embeddable":true,"href":"https:\/\/www.eurosmart.hu\/shop\/index.php\/wp-json\/wp\/v2\/product_tag?post=2656"}],"curies":[{"name":"wp","href":"https:\/\/api.w.org\/{rel}","templated":true}]}}