{"id":2654,"date":"2023-09-27T11:56:56","date_gmt":"2023-09-27T11:56:56","guid":{"rendered":"https:\/\/www.eurosmart.hu\/shop\/?post_type=product&#038;p=2654"},"modified":"2023-10-04T14:35:57","modified_gmt":"2023-10-04T14:35:57","slug":"milwaukee-hss-g-cobalt-femfuroszar-60x93-din-338-4932373345","status":"publish","type":"product","link":"https:\/\/www.eurosmart.hu\/shop\/index.php\/termek\/milwaukee-hss-g-cobalt-femfuroszar-60x93-din-338-4932373345\/","title":{"rendered":"MILWAUKEE HSS-G COBALT F\u00c9MF\u00daR\u00d3SZ\u00c1R 6,0X93 DIN 338 (4932373345)"},"content":{"rendered":"<h5>Tulajdons\u00e1gok:<\/h5>\n<ul class=\"ProductFeaturesTextstyles__FeatureList-fxqvf2-1 dUrrwH\">\n<li class=\"ProductFeaturesTextstyles__Feature-fxqvf2-3 ggyeUS\">Nagy teljes\u00edtm\u00e9ny\u0171 f\u00e9mf\u00far\u00f3sz\u00e1r, extr\u00e9m h\u0151\u00e1ll\u00f3s\u00e1g\u00fa 5% kobalt tartalommal, HSS DIN338 szerint.<\/li>\n<li class=\"ProductFeaturesTextstyles__Feature-fxqvf2-3 ggyeUS\">Alkalmas magas \u00f6tv\u00f6zettartalm\u00fa ac\u00e9lok \u00e9s 1000 N\/mm\u00b2 feletti szak\u00edt\u00f3szil\u00e1rds\u00e1g\u00fa f\u00e9mek f\u00far\u00e1s\u00e1ra, mint pl. rozsdamentes ac\u00e9l.<\/li>\n<li class=\"ProductFeaturesTextstyles__Feature-fxqvf2-3 ggyeUS\">QUAD EDGE\u2122 hegy: a 135\u00b0-os cs\u00facssz\u00f6g \u00e9s a n\u00e9gy v\u00e1g\u00f3\u00e9l egyed\u00fcl\u00e1ll\u00f3 kombin\u00e1ci\u00f3ja: a 135\u00b0-os cs\u00facssz\u00f6g prec\u00edz \u00e9s gyors f\u00far\u00e1skezd\u00e9st tesz lehet\u0151v\u00e9, megcs\u00fasz\u00e1s n\u00e9lk\u00fcl. A n\u00e9gy v\u00e1g\u00f3\u00e9l kisebb forg\u00e1csokat hoz l\u00e9tre, hogy megakad\u00e1lyozza a t\u00falzott h\u0151termel\u00e9st a hosszabb \u00e9lettartam \u00e9rdek\u00e9ben.<\/li>\n<li class=\"ProductFeaturesTextstyles__Feature-fxqvf2-3 ggyeUS\">A v\u00e1ltoz\u00f3 geometri\u00e1j\u00fa hornyok gyorsabb forg\u00e1cskihord\u00e1st \u00e9s nagyobb sebess\u00e9g\u0171 f\u00far\u00e1st biztos\u00edtanak.<\/li>\n<li class=\"ProductFeaturesTextstyles__Feature-fxqvf2-3 ggyeUS\">K\u00fapos kialak\u00edt\u00e1s\u00fa f\u00far\u00f3sz\u00e1r mag, vastagodik a befog\u00e1s ir\u00e1ny\u00e1ba, ez\u00e1ltal az er\u0151sebb furatmag n\u00f6veli a stabilit\u00e1st \u00e9s tart\u00f3ss\u00e1got.<\/li>\n<li class=\"ProductFeaturesTextstyles__Feature-fxqvf2-3 ggyeUS\">3 lap\u00fa befog\u00f3sz\u00e1r, \u23005 mm-es \u00e1tm\u00e9r\u0151t\u0151l biztos\u00edtja a jobb befog\u00e1st \u00e9s megel\u0151zi a f\u00far\u00f3sz\u00e1r elforg\u00e1s\u00e1t a tokm\u00e1nyban.<\/li>\n<li class=\"ProductFeaturesTextstyles__Feature-fxqvf2-3 ggyeUS\">Sz\u00edn: bronz<\/li>\n<\/ul>\n","protected":false},"excerpt":{"rendered":"<p>A k\u00e9szlet tartalma: 1 db HSS-G COBALT F\u00c9MF\u00daR\u00d3SZ\u00c1R 6,0X93<\/p>\n","protected":false},"featured_media":2655,"template":"","meta":[],"product_cat":[223,59,217,89],"product_tag":[],"class_list":["post-2654","product","type-product","status-publish","has-post-thumbnail","hentry","product_cat-femfurok","product_cat-milwaukee","product_cat-tartozekok-termekek","product_cat-termekek"],"yoast_head":"<!-- This site is optimized with the Yoast SEO Premium plugin v21.3 (Yoast SEO v21.3) - https:\/\/yoast.com\/wordpress\/plugins\/seo\/ -->\n<title>MILWAUKEE HSS-G COBALT F\u00c9MF\u00daR\u00d3SZ\u00c1R 6,0X93 DIN 338 (4932373345) - Eurosmart - Milwaukee web\u00e1ruh\u00e1z<\/title>\n<meta name=\"robots\" content=\"index, follow, max-snippet:-1, max-image-preview:large, max-video-preview:-1\" \/>\n<link rel=\"canonical\" href=\"https:\/\/www.eurosmart.hu\/shop\/index.php\/termek\/milwaukee-hss-g-cobalt-femfuroszar-60x93-din-338-4932373345\/\" \/>\n<meta property=\"og:locale\" content=\"hu_HU\" \/>\n<meta property=\"og:type\" content=\"article\" \/>\n<meta property=\"og:title\" content=\"MILWAUKEE HSS-G COBALT F\u00c9MF\u00daR\u00d3SZ\u00c1R 6,0X93 DIN 338 (4932373345)\" \/>\n<meta property=\"og:description\" content=\"A k\u00e9szlet tartalma: 1 db HSS-G COBALT F\u00c9MF\u00daR\u00d3SZ\u00c1R 6,0X93\" \/>\n<meta property=\"og:url\" content=\"https:\/\/www.eurosmart.hu\/shop\/index.php\/termek\/milwaukee-hss-g-cobalt-femfuroszar-60x93-din-338-4932373345\/\" \/>\n<meta property=\"og:site_name\" content=\"Eurosmart - Milwaukee web\u00e1ruh\u00e1z\" \/>\n<meta property=\"article:publisher\" content=\"https:\/\/www.facebook.com\/EurosmartKft\" \/>\n<meta property=\"article:modified_time\" content=\"2023-10-04T14:35:57+00:00\" \/>\n<meta property=\"og:image\" content=\"https:\/\/www.eurosmart.hu\/shop\/wp-content\/uploads\/2023\/09\/4932373345.jpg\" \/>\n\t<meta property=\"og:image:width\" content=\"600\" \/>\n\t<meta property=\"og:image:height\" content=\"600\" \/>\n\t<meta property=\"og:image:type\" content=\"image\/jpeg\" \/>\n<meta name=\"twitter:card\" content=\"summary_large_image\" \/>\n<meta name=\"twitter:label1\" content=\"Price\" \/>\n\t<meta name=\"twitter:data1\" content=\"\" \/>\n\t<meta name=\"twitter:label2\" content=\"Availability\" \/>\n\t<meta name=\"twitter:data2\" content=\"In stock\" \/>\n<script type=\"application\/ld+json\" class=\"yoast-schema-graph\">{\"@context\":\"https:\/\/schema.org\",\"@graph\":[{\"@type\":\"WebPage\",\"@id\":\"https:\/\/www.eurosmart.hu\/shop\/index.php\/termek\/milwaukee-hss-g-cobalt-femfuroszar-60x93-din-338-4932373345\/\",\"url\":\"https:\/\/www.eurosmart.hu\/shop\/index.php\/termek\/milwaukee-hss-g-cobalt-femfuroszar-60x93-din-338-4932373345\/\",\"name\":\"MILWAUKEE HSS-G COBALT F\u00c9MF\u00daR\u00d3SZ\u00c1R 6,0X93 DIN 338 (4932373345) - Eurosmart - Milwaukee web\u00e1ruh\u00e1z\",\"isPartOf\":{\"@id\":\"https:\/\/www.eurosmart.hu\/shop\/#website\"},\"datePublished\":\"2023-09-27T11:56:56+00:00\",\"dateModified\":\"2023-10-04T14:35:57+00:00\",\"breadcrumb\":{\"@id\":\"https:\/\/www.eurosmart.hu\/shop\/index.php\/termek\/milwaukee-hss-g-cobalt-femfuroszar-60x93-din-338-4932373345\/#breadcrumb\"},\"inLanguage\":\"hu\",\"potentialAction\":[{\"@type\":\"ReadAction\",\"target\":[\"https:\/\/www.eurosmart.hu\/shop\/index.php\/termek\/milwaukee-hss-g-cobalt-femfuroszar-60x93-din-338-4932373345\/\"]}]},{\"@type\":\"BreadcrumbList\",\"@id\":\"https:\/\/www.eurosmart.hu\/shop\/index.php\/termek\/milwaukee-hss-g-cobalt-femfuroszar-60x93-din-338-4932373345\/#breadcrumb\",\"itemListElement\":[{\"@type\":\"ListItem\",\"position\":1,\"name\":\"Kezd\u0151lap\",\"item\":\"https:\/\/www.eurosmart.hu\/shop\/\"},{\"@type\":\"ListItem\",\"position\":2,\"name\":\"Term\u00e9keink\",\"item\":\"https:\/\/www.eurosmart.hu\/shop\/index.php\/uzlet\/\"},{\"@type\":\"ListItem\",\"position\":3,\"name\":\"MILWAUKEE HSS-G COBALT F\u00c9MF\u00daR\u00d3SZ\u00c1R 6,0X93 DIN 338 (4932373345)\"}]},{\"@type\":\"WebSite\",\"@id\":\"https:\/\/www.eurosmart.hu\/shop\/#website\",\"url\":\"https:\/\/www.eurosmart.hu\/shop\/\",\"name\":\"Eurosmart - Milwaukee web\u00e1ruh\u00e1z\",\"description\":\"Milwaukee web\u00e1ruh\u00e1z\",\"publisher\":{\"@id\":\"https:\/\/www.eurosmart.hu\/shop\/#organization\"},\"potentialAction\":[{\"@type\":\"SearchAction\",\"target\":{\"@type\":\"EntryPoint\",\"urlTemplate\":\"https:\/\/www.eurosmart.hu\/shop\/?s={search_term_string}\"},\"query-input\":\"required name=search_term_string\"}],\"inLanguage\":\"hu\"},{\"@type\":\"Organization\",\"@id\":\"https:\/\/www.eurosmart.hu\/shop\/#organization\",\"name\":\"Eurosmart - Milwaukee web\u00e1ruh\u00e1z\",\"url\":\"https:\/\/www.eurosmart.hu\/shop\/\",\"logo\":{\"@type\":\"ImageObject\",\"inLanguage\":\"hu\",\"@id\":\"https:\/\/www.eurosmart.hu\/shop\/#\/schema\/logo\/image\/\",\"url\":\"https:\/\/www.eurosmart.hu\/shop\/wp-content\/uploads\/2023\/10\/milwaukee-logo-1.png\",\"contentUrl\":\"https:\/\/www.eurosmart.hu\/shop\/wp-content\/uploads\/2023\/10\/milwaukee-logo-1.png\",\"width\":500,\"height\":200,\"caption\":\"Eurosmart - Milwaukee web\u00e1ruh\u00e1z\"},\"image\":{\"@id\":\"https:\/\/www.eurosmart.hu\/shop\/#\/schema\/logo\/image\/\"},\"sameAs\":[\"https:\/\/www.facebook.com\/EurosmartKft\"]}]}<\/script>\n<meta property=\"product:price:amount\" content=\"0\" \/>\n<meta property=\"product:price:currency\" content=\"HUF\" \/>\n<meta property=\"og:availability\" content=\"instock\" \/>\n<meta property=\"product:availability\" content=\"instock\" \/>\n<meta property=\"product:retailer_item_id\" content=\"4932373345\" \/>\n<meta property=\"product:condition\" content=\"new\" \/>\n<!-- \/ Yoast SEO Premium plugin. -->","yoast_head_json":{"title":"MILWAUKEE HSS-G COBALT F\u00c9MF\u00daR\u00d3SZ\u00c1R 6,0X93 DIN 338 (4932373345) - Eurosmart - Milwaukee web\u00e1ruh\u00e1z","robots":{"index":"index","follow":"follow","max-snippet":"max-snippet:-1","max-image-preview":"max-image-preview:large","max-video-preview":"max-video-preview:-1"},"canonical":"https:\/\/www.eurosmart.hu\/shop\/index.php\/termek\/milwaukee-hss-g-cobalt-femfuroszar-60x93-din-338-4932373345\/","og_locale":"hu_HU","og_type":"article","og_title":"MILWAUKEE HSS-G COBALT F\u00c9MF\u00daR\u00d3SZ\u00c1R 6,0X93 DIN 338 (4932373345)","og_description":"A k\u00e9szlet tartalma: 1 db HSS-G COBALT F\u00c9MF\u00daR\u00d3SZ\u00c1R 6,0X93","og_url":"https:\/\/www.eurosmart.hu\/shop\/index.php\/termek\/milwaukee-hss-g-cobalt-femfuroszar-60x93-din-338-4932373345\/","og_site_name":"Eurosmart - Milwaukee web\u00e1ruh\u00e1z","article_publisher":"https:\/\/www.facebook.com\/EurosmartKft","article_modified_time":"2023-10-04T14:35:57+00:00","og_image":[{"width":600,"height":600,"url":"https:\/\/www.eurosmart.hu\/shop\/wp-content\/uploads\/2023\/09\/4932373345.jpg","type":"image\/jpeg"}],"twitter_card":"summary_large_image","twitter_misc":{"Price":"","Availability":"In stock"},"schema":{"@context":"https:\/\/schema.org","@graph":[{"@type":"WebPage","@id":"https:\/\/www.eurosmart.hu\/shop\/index.php\/termek\/milwaukee-hss-g-cobalt-femfuroszar-60x93-din-338-4932373345\/","url":"https:\/\/www.eurosmart.hu\/shop\/index.php\/termek\/milwaukee-hss-g-cobalt-femfuroszar-60x93-din-338-4932373345\/","name":"MILWAUKEE HSS-G COBALT F\u00c9MF\u00daR\u00d3SZ\u00c1R 6,0X93 DIN 338 (4932373345) - Eurosmart - Milwaukee web\u00e1ruh\u00e1z","isPartOf":{"@id":"https:\/\/www.eurosmart.hu\/shop\/#website"},"datePublished":"2023-09-27T11:56:56+00:00","dateModified":"2023-10-04T14:35:57+00:00","breadcrumb":{"@id":"https:\/\/www.eurosmart.hu\/shop\/index.php\/termek\/milwaukee-hss-g-cobalt-femfuroszar-60x93-din-338-4932373345\/#breadcrumb"},"inLanguage":"hu","potentialAction":[{"@type":"ReadAction","target":["https:\/\/www.eurosmart.hu\/shop\/index.php\/termek\/milwaukee-hss-g-cobalt-femfuroszar-60x93-din-338-4932373345\/"]}]},{"@type":"BreadcrumbList","@id":"https:\/\/www.eurosmart.hu\/shop\/index.php\/termek\/milwaukee-hss-g-cobalt-femfuroszar-60x93-din-338-4932373345\/#breadcrumb","itemListElement":[{"@type":"ListItem","position":1,"name":"Kezd\u0151lap","item":"https:\/\/www.eurosmart.hu\/shop\/"},{"@type":"ListItem","position":2,"name":"Term\u00e9keink","item":"https:\/\/www.eurosmart.hu\/shop\/index.php\/uzlet\/"},{"@type":"ListItem","position":3,"name":"MILWAUKEE HSS-G COBALT F\u00c9MF\u00daR\u00d3SZ\u00c1R 6,0X93 DIN 338 (4932373345)"}]},{"@type":"WebSite","@id":"https:\/\/www.eurosmart.hu\/shop\/#website","url":"https:\/\/www.eurosmart.hu\/shop\/","name":"Eurosmart - Milwaukee web\u00e1ruh\u00e1z","description":"Milwaukee web\u00e1ruh\u00e1z","publisher":{"@id":"https:\/\/www.eurosmart.hu\/shop\/#organization"},"potentialAction":[{"@type":"SearchAction","target":{"@type":"EntryPoint","urlTemplate":"https:\/\/www.eurosmart.hu\/shop\/?s={search_term_string}"},"query-input":"required name=search_term_string"}],"inLanguage":"hu"},{"@type":"Organization","@id":"https:\/\/www.eurosmart.hu\/shop\/#organization","name":"Eurosmart - Milwaukee web\u00e1ruh\u00e1z","url":"https:\/\/www.eurosmart.hu\/shop\/","logo":{"@type":"ImageObject","inLanguage":"hu","@id":"https:\/\/www.eurosmart.hu\/shop\/#\/schema\/logo\/image\/","url":"https:\/\/www.eurosmart.hu\/shop\/wp-content\/uploads\/2023\/10\/milwaukee-logo-1.png","contentUrl":"https:\/\/www.eurosmart.hu\/shop\/wp-content\/uploads\/2023\/10\/milwaukee-logo-1.png","width":500,"height":200,"caption":"Eurosmart - Milwaukee web\u00e1ruh\u00e1z"},"image":{"@id":"https:\/\/www.eurosmart.hu\/shop\/#\/schema\/logo\/image\/"},"sameAs":["https:\/\/www.facebook.com\/EurosmartKft"]}]},"product_price_currency":"HUF","og_availability":"instock","product_availability":"instock","product_retailer_item_id":"4932373345","product_condition":"new"},"_links":{"self":[{"href":"https:\/\/www.eurosmart.hu\/shop\/index.php\/wp-json\/wp\/v2\/product\/2654","targetHints":{"allow":["GET"]}}],"collection":[{"href":"https:\/\/www.eurosmart.hu\/shop\/index.php\/wp-json\/wp\/v2\/product"}],"about":[{"href":"https:\/\/www.eurosmart.hu\/shop\/index.php\/wp-json\/wp\/v2\/types\/product"}],"wp:featuredmedia":[{"embeddable":true,"href":"https:\/\/www.eurosmart.hu\/shop\/index.php\/wp-json\/wp\/v2\/media\/2655"}],"wp:attachment":[{"href":"https:\/\/www.eurosmart.hu\/shop\/index.php\/wp-json\/wp\/v2\/media?parent=2654"}],"wp:term":[{"taxonomy":"product_cat","embeddable":true,"href":"https:\/\/www.eurosmart.hu\/shop\/index.php\/wp-json\/wp\/v2\/product_cat?post=2654"},{"taxonomy":"product_tag","embeddable":true,"href":"https:\/\/www.eurosmart.hu\/shop\/index.php\/wp-json\/wp\/v2\/product_tag?post=2654"}],"curies":[{"name":"wp","href":"https:\/\/api.w.org\/{rel}","templated":true}]}}