{"id":2626,"date":"2023-09-27T10:13:09","date_gmt":"2023-09-27T10:13:09","guid":{"rendered":"https:\/\/www.eurosmart.hu\/shop\/?post_type=product&#038;p=2626"},"modified":"2023-10-04T14:42:52","modified_gmt":"2023-10-04T14:42:52","slug":"milwaukee-thunderweb-hss-g-femfuro-keszlet-din338-25-reszes-4932352376","status":"publish","type":"product","link":"https:\/\/www.eurosmart.hu\/shop\/index.php\/termek\/milwaukee-thunderweb-hss-g-femfuro-keszlet-din338-25-reszes-4932352376\/","title":{"rendered":"MILWAUKEE THUNDERWEB HSS-G F\u00c9MF\u00daR\u00d3 K\u00c9SZLET DIN338 25 R\u00c9SZES (4932352376)"},"content":{"rendered":"<h5>Tulajdons\u00e1gok:<\/h5>\n<ul class=\"ProductFeaturesTextstyles__FeatureList-fxqvf2-1 dUrrwH\">\n<li class=\"ProductFeaturesTextstyles__Feature-fxqvf2-3 ggyeUS\">A THUNDERWEB kialak\u00edt\u00e1s\u00e1ra jellemz\u0151, hogy a mag\u00e1tm\u00e9r\u0151 k\u00faposan n\u00f6vekszik a sz\u00e1r ir\u00e1ny\u00e1ba. Ez\u00e1ltal a v\u00e1g\u00f3\u00e9l is v\u00e1ltoz\u00f3 keresztmetszettel rendelkezik.<\/li>\n<li class=\"ProductFeaturesTextstyles__Feature-fxqvf2-3 ggyeUS\">Parabolikus keresztmetszet<\/li>\n<li class=\"ProductFeaturesTextstyles__Feature-fxqvf2-3 ggyeUS\">Horony geometria &#8211; A horony kialak\u00edt\u00e1s\u00e1nak k\u00f6sz\u00f6nhet\u0151en a felhev\u00fclt forg\u00e1cs gyorsabban elt\u00e1vozik. A jobb h\u0151elvezet\u00e9s n\u00f6veli az \u00e9lettartam\u00e1t.<\/li>\n<li class=\"ProductFeaturesTextstyles__Feature-fxqvf2-3 ggyeUS\">135\u00b0 sz\u00f6g\u0171 f\u00far\u00f3\u00e9l &#8211; Pontos f\u00far\u00e1s, a f\u00far\u00f3 az anyag fel\u00fclet\u00e9n nem cs\u00faszk\u00e1l.<\/li>\n<li class=\"ProductFeaturesTextstyles__Feature-fxqvf2-3 ggyeUS\">A t\u00f6k\u00e9letes kivitel cs\u00f6kkenti a s\u00farl\u00f3d\u00e1st, n\u00f6veli a f\u00far\u00f3 \u00e9lettartam\u00e1t.<\/li>\n<li class=\"ProductFeaturesTextstyles__Feature-fxqvf2-3 ggyeUS\">\u00dct\u00e9s\u00e1ll\u0151 m\u0171anyag szersz\u00e1m koffer ABS m\u0171anyagb\u00f3l gumi sarokv\u00e9d\u0151vel.<\/li>\n<li class=\"ProductFeaturesTextstyles__Feature-fxqvf2-3 ggyeUS\">Ki\u00e1llja a nagy el\u0151tol\u00f3 nyom\u00e1st \u00e9s nyomat\u00e9kot, ez kevesebb t\u00f6r\u00e9st jelent.<\/li>\n<\/ul>\n<h5>A k\u00e9szlet tartalma:<\/h5>\n<ul>\n<li>F\u00far\u00f3sz\u00e1rak: \u2300 1 \/ 1,5 \/ 2 \/ 2,5 \/ 3 \/ 3,5 \/ 4 \/ 4,5 \/ 5 \/ 5,5 \/6 \/ 6,5 \/7 \/ 7,5 \/ 8 \/ 8,5 \/ 9 \/ 9,5 \/ 10 \/ 10,5 \/ 11 \/ 11,5 \/ 12 \/ 12,5 \/ 13 mm<\/li>\n<li>M\u0171anyag tart\u00f3doboz<\/li>\n<\/ul>\n","protected":false},"excerpt":{"rendered":"<h5>A k\u00e9szlet tartalma:<\/h5>\n<ul>\n<li>F\u00far\u00f3sz\u00e1rak: \u2300 1 \/ 1,5 \/ 2 \/ 2,5 \/ 3 \/ 3,5 \/ 4 \/ 4,5 \/ 5 \/ 5,5 \/6 \/ 6,5 \/7 \/ 7,5 \/ 8 \/ 8,5 \/ 9 \/ 9,5 \/ 10 \/ 10,5 \/ 11 \/ 11,5 \/ 12 \/ 12,5 \/ 13 mm<\/li>\n<li>M\u0171anyag tart\u00f3doboz<\/li>\n<\/ul>\n","protected":false},"featured_media":2627,"template":"","meta":[],"product_cat":[223,59,217,89],"product_tag":[],"class_list":["post-2626","product","type-product","status-publish","has-post-thumbnail","hentry","product_cat-femfurok","product_cat-milwaukee","product_cat-tartozekok-termekek","product_cat-termekek"],"yoast_head":"<!-- This site is optimized with the Yoast SEO Premium plugin v21.3 (Yoast SEO v21.3) - https:\/\/yoast.com\/wordpress\/plugins\/seo\/ -->\n<title>MILWAUKEE THUNDERWEB HSS-G F\u00c9MF\u00daR\u00d3 K\u00c9SZLET DIN338 25 R\u00c9SZES (4932352376) - Eurosmart - Milwaukee web\u00e1ruh\u00e1z<\/title>\n<meta name=\"robots\" content=\"index, follow, max-snippet:-1, max-image-preview:large, max-video-preview:-1\" \/>\n<link rel=\"canonical\" href=\"https:\/\/www.eurosmart.hu\/shop\/index.php\/termek\/milwaukee-thunderweb-hss-g-femfuro-keszlet-din338-25-reszes-4932352376\/\" \/>\n<meta property=\"og:locale\" content=\"hu_HU\" \/>\n<meta property=\"og:type\" content=\"article\" \/>\n<meta property=\"og:title\" content=\"MILWAUKEE THUNDERWEB HSS-G F\u00c9MF\u00daR\u00d3 K\u00c9SZLET DIN338 25 R\u00c9SZES (4932352376)\" \/>\n<meta property=\"og:description\" content=\"A k\u00e9szlet tartalma:   F\u00far\u00f3sz\u00e1rak: \u2300 1 \/ 1,5 \/ 2 \/ 2,5 \/ 3 \/ 3,5 \/ 4 \/ 4,5 \/ 5 \/ 5,5 \/6 \/ 6,5 \/7 \/ 7,5 \/ 8 \/ 8,5 \/ 9 \/ 9,5 \/ 10 \/ 10,5 \/ 11 \/ 11,5 \/ 12 \/ 12,5 \/ 13 mm  M\u0171anyag tart\u00f3doboz\" \/>\n<meta property=\"og:url\" content=\"https:\/\/www.eurosmart.hu\/shop\/index.php\/termek\/milwaukee-thunderweb-hss-g-femfuro-keszlet-din338-25-reszes-4932352376\/\" \/>\n<meta property=\"og:site_name\" content=\"Eurosmart - Milwaukee web\u00e1ruh\u00e1z\" \/>\n<meta property=\"article:publisher\" content=\"https:\/\/www.facebook.com\/EurosmartKft\" \/>\n<meta property=\"article:modified_time\" content=\"2023-10-04T14:42:52+00:00\" \/>\n<meta property=\"og:image\" content=\"https:\/\/www.eurosmart.hu\/shop\/wp-content\/uploads\/2023\/09\/4932352376.jpg\" \/>\n\t<meta property=\"og:image:width\" content=\"600\" \/>\n\t<meta property=\"og:image:height\" content=\"600\" \/>\n\t<meta property=\"og:image:type\" content=\"image\/jpeg\" \/>\n<meta name=\"twitter:card\" content=\"summary_large_image\" \/>\n<meta name=\"twitter:label1\" content=\"Price\" \/>\n\t<meta name=\"twitter:data1\" content=\"\" \/>\n\t<meta name=\"twitter:label2\" content=\"Availability\" \/>\n\t<meta name=\"twitter:data2\" content=\"In stock\" \/>\n<script type=\"application\/ld+json\" class=\"yoast-schema-graph\">{\"@context\":\"https:\/\/schema.org\",\"@graph\":[{\"@type\":\"WebPage\",\"@id\":\"https:\/\/www.eurosmart.hu\/shop\/index.php\/termek\/milwaukee-thunderweb-hss-g-femfuro-keszlet-din338-25-reszes-4932352376\/\",\"url\":\"https:\/\/www.eurosmart.hu\/shop\/index.php\/termek\/milwaukee-thunderweb-hss-g-femfuro-keszlet-din338-25-reszes-4932352376\/\",\"name\":\"MILWAUKEE THUNDERWEB HSS-G F\u00c9MF\u00daR\u00d3 K\u00c9SZLET DIN338 25 R\u00c9SZES (4932352376) - Eurosmart - Milwaukee web\u00e1ruh\u00e1z\",\"isPartOf\":{\"@id\":\"https:\/\/www.eurosmart.hu\/shop\/#website\"},\"datePublished\":\"2023-09-27T10:13:09+00:00\",\"dateModified\":\"2023-10-04T14:42:52+00:00\",\"breadcrumb\":{\"@id\":\"https:\/\/www.eurosmart.hu\/shop\/index.php\/termek\/milwaukee-thunderweb-hss-g-femfuro-keszlet-din338-25-reszes-4932352376\/#breadcrumb\"},\"inLanguage\":\"hu\",\"potentialAction\":[{\"@type\":\"ReadAction\",\"target\":[\"https:\/\/www.eurosmart.hu\/shop\/index.php\/termek\/milwaukee-thunderweb-hss-g-femfuro-keszlet-din338-25-reszes-4932352376\/\"]}]},{\"@type\":\"BreadcrumbList\",\"@id\":\"https:\/\/www.eurosmart.hu\/shop\/index.php\/termek\/milwaukee-thunderweb-hss-g-femfuro-keszlet-din338-25-reszes-4932352376\/#breadcrumb\",\"itemListElement\":[{\"@type\":\"ListItem\",\"position\":1,\"name\":\"Kezd\u0151lap\",\"item\":\"https:\/\/www.eurosmart.hu\/shop\/\"},{\"@type\":\"ListItem\",\"position\":2,\"name\":\"Term\u00e9keink\",\"item\":\"https:\/\/www.eurosmart.hu\/shop\/index.php\/uzlet\/\"},{\"@type\":\"ListItem\",\"position\":3,\"name\":\"MILWAUKEE THUNDERWEB HSS-G F\u00c9MF\u00daR\u00d3 K\u00c9SZLET DIN338 25 R\u00c9SZES (4932352376)\"}]},{\"@type\":\"WebSite\",\"@id\":\"https:\/\/www.eurosmart.hu\/shop\/#website\",\"url\":\"https:\/\/www.eurosmart.hu\/shop\/\",\"name\":\"Eurosmart - Milwaukee web\u00e1ruh\u00e1z\",\"description\":\"Milwaukee web\u00e1ruh\u00e1z\",\"publisher\":{\"@id\":\"https:\/\/www.eurosmart.hu\/shop\/#organization\"},\"potentialAction\":[{\"@type\":\"SearchAction\",\"target\":{\"@type\":\"EntryPoint\",\"urlTemplate\":\"https:\/\/www.eurosmart.hu\/shop\/?s={search_term_string}\"},\"query-input\":\"required name=search_term_string\"}],\"inLanguage\":\"hu\"},{\"@type\":\"Organization\",\"@id\":\"https:\/\/www.eurosmart.hu\/shop\/#organization\",\"name\":\"Eurosmart - Milwaukee web\u00e1ruh\u00e1z\",\"url\":\"https:\/\/www.eurosmart.hu\/shop\/\",\"logo\":{\"@type\":\"ImageObject\",\"inLanguage\":\"hu\",\"@id\":\"https:\/\/www.eurosmart.hu\/shop\/#\/schema\/logo\/image\/\",\"url\":\"https:\/\/www.eurosmart.hu\/shop\/wp-content\/uploads\/2023\/10\/milwaukee-logo-1.png\",\"contentUrl\":\"https:\/\/www.eurosmart.hu\/shop\/wp-content\/uploads\/2023\/10\/milwaukee-logo-1.png\",\"width\":500,\"height\":200,\"caption\":\"Eurosmart - Milwaukee web\u00e1ruh\u00e1z\"},\"image\":{\"@id\":\"https:\/\/www.eurosmart.hu\/shop\/#\/schema\/logo\/image\/\"},\"sameAs\":[\"https:\/\/www.facebook.com\/EurosmartKft\"]}]}<\/script>\n<meta property=\"product:price:amount\" content=\"0\" \/>\n<meta property=\"product:price:currency\" content=\"HUF\" \/>\n<meta property=\"og:availability\" content=\"instock\" \/>\n<meta property=\"product:availability\" content=\"instock\" \/>\n<meta property=\"product:retailer_item_id\" content=\"4932352376\" \/>\n<meta property=\"product:condition\" content=\"new\" \/>\n<!-- \/ Yoast SEO Premium plugin. -->","yoast_head_json":{"title":"MILWAUKEE THUNDERWEB HSS-G F\u00c9MF\u00daR\u00d3 K\u00c9SZLET DIN338 25 R\u00c9SZES (4932352376) - Eurosmart - Milwaukee web\u00e1ruh\u00e1z","robots":{"index":"index","follow":"follow","max-snippet":"max-snippet:-1","max-image-preview":"max-image-preview:large","max-video-preview":"max-video-preview:-1"},"canonical":"https:\/\/www.eurosmart.hu\/shop\/index.php\/termek\/milwaukee-thunderweb-hss-g-femfuro-keszlet-din338-25-reszes-4932352376\/","og_locale":"hu_HU","og_type":"article","og_title":"MILWAUKEE THUNDERWEB HSS-G F\u00c9MF\u00daR\u00d3 K\u00c9SZLET DIN338 25 R\u00c9SZES (4932352376)","og_description":"A k\u00e9szlet tartalma:   F\u00far\u00f3sz\u00e1rak: \u2300 1 \/ 1,5 \/ 2 \/ 2,5 \/ 3 \/ 3,5 \/ 4 \/ 4,5 \/ 5 \/ 5,5 \/6 \/ 6,5 \/7 \/ 7,5 \/ 8 \/ 8,5 \/ 9 \/ 9,5 \/ 10 \/ 10,5 \/ 11 \/ 11,5 \/ 12 \/ 12,5 \/ 13 mm  M\u0171anyag tart\u00f3doboz","og_url":"https:\/\/www.eurosmart.hu\/shop\/index.php\/termek\/milwaukee-thunderweb-hss-g-femfuro-keszlet-din338-25-reszes-4932352376\/","og_site_name":"Eurosmart - Milwaukee web\u00e1ruh\u00e1z","article_publisher":"https:\/\/www.facebook.com\/EurosmartKft","article_modified_time":"2023-10-04T14:42:52+00:00","og_image":[{"width":600,"height":600,"url":"https:\/\/www.eurosmart.hu\/shop\/wp-content\/uploads\/2023\/09\/4932352376.jpg","type":"image\/jpeg"}],"twitter_card":"summary_large_image","twitter_misc":{"Price":"","Availability":"In stock"},"schema":{"@context":"https:\/\/schema.org","@graph":[{"@type":"WebPage","@id":"https:\/\/www.eurosmart.hu\/shop\/index.php\/termek\/milwaukee-thunderweb-hss-g-femfuro-keszlet-din338-25-reszes-4932352376\/","url":"https:\/\/www.eurosmart.hu\/shop\/index.php\/termek\/milwaukee-thunderweb-hss-g-femfuro-keszlet-din338-25-reszes-4932352376\/","name":"MILWAUKEE THUNDERWEB HSS-G F\u00c9MF\u00daR\u00d3 K\u00c9SZLET DIN338 25 R\u00c9SZES (4932352376) - Eurosmart - Milwaukee web\u00e1ruh\u00e1z","isPartOf":{"@id":"https:\/\/www.eurosmart.hu\/shop\/#website"},"datePublished":"2023-09-27T10:13:09+00:00","dateModified":"2023-10-04T14:42:52+00:00","breadcrumb":{"@id":"https:\/\/www.eurosmart.hu\/shop\/index.php\/termek\/milwaukee-thunderweb-hss-g-femfuro-keszlet-din338-25-reszes-4932352376\/#breadcrumb"},"inLanguage":"hu","potentialAction":[{"@type":"ReadAction","target":["https:\/\/www.eurosmart.hu\/shop\/index.php\/termek\/milwaukee-thunderweb-hss-g-femfuro-keszlet-din338-25-reszes-4932352376\/"]}]},{"@type":"BreadcrumbList","@id":"https:\/\/www.eurosmart.hu\/shop\/index.php\/termek\/milwaukee-thunderweb-hss-g-femfuro-keszlet-din338-25-reszes-4932352376\/#breadcrumb","itemListElement":[{"@type":"ListItem","position":1,"name":"Kezd\u0151lap","item":"https:\/\/www.eurosmart.hu\/shop\/"},{"@type":"ListItem","position":2,"name":"Term\u00e9keink","item":"https:\/\/www.eurosmart.hu\/shop\/index.php\/uzlet\/"},{"@type":"ListItem","position":3,"name":"MILWAUKEE THUNDERWEB HSS-G F\u00c9MF\u00daR\u00d3 K\u00c9SZLET DIN338 25 R\u00c9SZES (4932352376)"}]},{"@type":"WebSite","@id":"https:\/\/www.eurosmart.hu\/shop\/#website","url":"https:\/\/www.eurosmart.hu\/shop\/","name":"Eurosmart - Milwaukee web\u00e1ruh\u00e1z","description":"Milwaukee web\u00e1ruh\u00e1z","publisher":{"@id":"https:\/\/www.eurosmart.hu\/shop\/#organization"},"potentialAction":[{"@type":"SearchAction","target":{"@type":"EntryPoint","urlTemplate":"https:\/\/www.eurosmart.hu\/shop\/?s={search_term_string}"},"query-input":"required name=search_term_string"}],"inLanguage":"hu"},{"@type":"Organization","@id":"https:\/\/www.eurosmart.hu\/shop\/#organization","name":"Eurosmart - Milwaukee web\u00e1ruh\u00e1z","url":"https:\/\/www.eurosmart.hu\/shop\/","logo":{"@type":"ImageObject","inLanguage":"hu","@id":"https:\/\/www.eurosmart.hu\/shop\/#\/schema\/logo\/image\/","url":"https:\/\/www.eurosmart.hu\/shop\/wp-content\/uploads\/2023\/10\/milwaukee-logo-1.png","contentUrl":"https:\/\/www.eurosmart.hu\/shop\/wp-content\/uploads\/2023\/10\/milwaukee-logo-1.png","width":500,"height":200,"caption":"Eurosmart - Milwaukee web\u00e1ruh\u00e1z"},"image":{"@id":"https:\/\/www.eurosmart.hu\/shop\/#\/schema\/logo\/image\/"},"sameAs":["https:\/\/www.facebook.com\/EurosmartKft"]}]},"product_price_currency":"HUF","og_availability":"instock","product_availability":"instock","product_retailer_item_id":"4932352376","product_condition":"new"},"_links":{"self":[{"href":"https:\/\/www.eurosmart.hu\/shop\/index.php\/wp-json\/wp\/v2\/product\/2626","targetHints":{"allow":["GET"]}}],"collection":[{"href":"https:\/\/www.eurosmart.hu\/shop\/index.php\/wp-json\/wp\/v2\/product"}],"about":[{"href":"https:\/\/www.eurosmart.hu\/shop\/index.php\/wp-json\/wp\/v2\/types\/product"}],"wp:featuredmedia":[{"embeddable":true,"href":"https:\/\/www.eurosmart.hu\/shop\/index.php\/wp-json\/wp\/v2\/media\/2627"}],"wp:attachment":[{"href":"https:\/\/www.eurosmart.hu\/shop\/index.php\/wp-json\/wp\/v2\/media?parent=2626"}],"wp:term":[{"taxonomy":"product_cat","embeddable":true,"href":"https:\/\/www.eurosmart.hu\/shop\/index.php\/wp-json\/wp\/v2\/product_cat?post=2626"},{"taxonomy":"product_tag","embeddable":true,"href":"https:\/\/www.eurosmart.hu\/shop\/index.php\/wp-json\/wp\/v2\/product_tag?post=2626"}],"curies":[{"name":"wp","href":"https:\/\/api.w.org\/{rel}","templated":true}]}}