{"id":2624,"date":"2023-09-27T10:04:26","date_gmt":"2023-09-27T10:04:26","guid":{"rendered":"https:\/\/www.eurosmart.hu\/shop\/?post_type=product&#038;p=2624"},"modified":"2023-10-04T14:43:46","modified_gmt":"2023-10-04T14:43:46","slug":"milwaukee-btm-10-one-key-tick-bluetooth-nyomkoveto-4932459349","status":"publish","type":"product","link":"https:\/\/www.eurosmart.hu\/shop\/index.php\/termek\/milwaukee-btm-10-one-key-tick-bluetooth-nyomkoveto-4932459349\/","title":{"rendered":"MILWAUKEE BTM-10 &#8211; ONE-KEY\u2122 TICK\u2122 &#8211; Bluetooth\u00ae NYOMK\u00d6VET\u0150 (4932459349)"},"content":{"rendered":"<p>A Tick\u2122, mely egy k\u00fcls\u0151 nyomk\u00f6vet\u0151 modul, amely lehet\u0151v\u00e9 teszi, hogy a ONE-KEY\u2122 integr\u00e1lt szersz\u00e1m-nyomk\u00f6vet\u0151 k\u00e9pess\u00e9geinek \u00e9s technol\u00f3gi\u00e1j\u00e1nak kiakn\u00e1z\u00e1s\u00e1val lelt\u00e1ra b\u00e1rmely eszk\u00f6z\u00e9t nyomon k\u00f6vesse m\u00e1rk\u00e1t\u00f3l \u00e9s t\u00edpust\u00f3l f\u00fcggetlen\u00fcl.<\/p>\n<p><strong>Tulajdons\u00e1gok:<\/strong><\/p>\n<ul>\n<li>Robosztus v\u00e9delem-\u00a0A munkater\u00fcleteken el\u0151fordul\u00f3 s\u00e9r\u00fcl\u00e9sek ellen tervezve por, v\u00edz \u00e9s \u00fct\u00e9s\u00e1ll\u00f3!<\/li>\n<\/ul>\n<ul>\n<li>T\u00f6bb mint 30 m hat\u00f3t\u00e1vols\u00e1g<\/li>\n<\/ul>\n<ul>\n<li>Egy gombelemmel(CR2032)\u00a0 1 \u00e9ven \u00e1t tart\u00f3 folyamatos m\u0171k\u00f6d\u00e9s<\/li>\n<\/ul>\n<ul>\n<li>B\u00e1rhov\u00e1 r\u00f6gz\u00edthet\u0151, kicsi, k\u00f6nnyen elrejthet\u0151<\/li>\n<\/ul>\n","protected":false},"excerpt":{"rendered":"<p><strong>A k\u00e9szlet tartalma:<\/strong> 1 db BTM-10 &#8211; ONE-KEY\u2122 TICK\u2122 &#8211; Bluetooth\u00ae NYOMK\u00d6VET\u0150<\/p>\n","protected":false},"featured_media":2625,"template":"","meta":[],"product_cat":[59,227,217,89],"product_tag":[],"class_list":["post-2624","product","type-product","status-publish","has-post-thumbnail","hentry","product_cat-milwaukee","product_cat-specifikus-tartozekok","product_cat-tartozekok-termekek","product_cat-termekek"],"yoast_head":"<!-- This site is optimized with the Yoast SEO Premium plugin v21.3 (Yoast SEO v21.3) - https:\/\/yoast.com\/wordpress\/plugins\/seo\/ -->\n<title>MILWAUKEE BTM-10 - ONE-KEY\u2122 TICK\u2122 - Bluetooth\u00ae NYOMK\u00d6VET\u0150 (4932459349) - Eurosmart - Milwaukee web\u00e1ruh\u00e1z<\/title>\n<meta name=\"robots\" content=\"index, follow, max-snippet:-1, max-image-preview:large, max-video-preview:-1\" \/>\n<link rel=\"canonical\" href=\"https:\/\/www.eurosmart.hu\/shop\/index.php\/termek\/milwaukee-btm-10-one-key-tick-bluetooth-nyomkoveto-4932459349\/\" \/>\n<meta property=\"og:locale\" content=\"hu_HU\" \/>\n<meta property=\"og:type\" content=\"article\" \/>\n<meta property=\"og:title\" content=\"MILWAUKEE BTM-10 - ONE-KEY\u2122 TICK\u2122 - Bluetooth\u00ae NYOMK\u00d6VET\u0150 (4932459349)\" \/>\n<meta property=\"og:description\" content=\"A k\u00e9szlet tartalma: 1 db BTM-10 - ONE-KEY\u2122 TICK\u2122 - Bluetooth\u00ae NYOMK\u00d6VET\u0150\" \/>\n<meta property=\"og:url\" content=\"https:\/\/www.eurosmart.hu\/shop\/index.php\/termek\/milwaukee-btm-10-one-key-tick-bluetooth-nyomkoveto-4932459349\/\" \/>\n<meta property=\"og:site_name\" content=\"Eurosmart - Milwaukee web\u00e1ruh\u00e1z\" \/>\n<meta property=\"article:publisher\" content=\"https:\/\/www.facebook.com\/EurosmartKft\" \/>\n<meta property=\"article:modified_time\" content=\"2023-10-04T14:43:46+00:00\" \/>\n<meta property=\"og:image\" content=\"https:\/\/www.eurosmart.hu\/shop\/wp-content\/uploads\/2023\/09\/4932459349.jpg\" \/>\n\t<meta property=\"og:image:width\" content=\"600\" \/>\n\t<meta property=\"og:image:height\" content=\"600\" \/>\n\t<meta property=\"og:image:type\" content=\"image\/jpeg\" \/>\n<meta name=\"twitter:card\" content=\"summary_large_image\" \/>\n<meta name=\"twitter:label1\" content=\"Price\" \/>\n\t<meta name=\"twitter:data1\" content=\"\" \/>\n\t<meta name=\"twitter:label2\" content=\"Availability\" \/>\n\t<meta name=\"twitter:data2\" content=\"In stock\" \/>\n<script type=\"application\/ld+json\" class=\"yoast-schema-graph\">{\"@context\":\"https:\/\/schema.org\",\"@graph\":[{\"@type\":\"WebPage\",\"@id\":\"https:\/\/www.eurosmart.hu\/shop\/index.php\/termek\/milwaukee-btm-10-one-key-tick-bluetooth-nyomkoveto-4932459349\/\",\"url\":\"https:\/\/www.eurosmart.hu\/shop\/index.php\/termek\/milwaukee-btm-10-one-key-tick-bluetooth-nyomkoveto-4932459349\/\",\"name\":\"MILWAUKEE BTM-10 - ONE-KEY\u2122 TICK\u2122 - Bluetooth\u00ae NYOMK\u00d6VET\u0150 (4932459349) - Eurosmart - Milwaukee web\u00e1ruh\u00e1z\",\"isPartOf\":{\"@id\":\"https:\/\/www.eurosmart.hu\/shop\/#website\"},\"datePublished\":\"2023-09-27T10:04:26+00:00\",\"dateModified\":\"2023-10-04T14:43:46+00:00\",\"breadcrumb\":{\"@id\":\"https:\/\/www.eurosmart.hu\/shop\/index.php\/termek\/milwaukee-btm-10-one-key-tick-bluetooth-nyomkoveto-4932459349\/#breadcrumb\"},\"inLanguage\":\"hu\",\"potentialAction\":[{\"@type\":\"ReadAction\",\"target\":[\"https:\/\/www.eurosmart.hu\/shop\/index.php\/termek\/milwaukee-btm-10-one-key-tick-bluetooth-nyomkoveto-4932459349\/\"]}]},{\"@type\":\"BreadcrumbList\",\"@id\":\"https:\/\/www.eurosmart.hu\/shop\/index.php\/termek\/milwaukee-btm-10-one-key-tick-bluetooth-nyomkoveto-4932459349\/#breadcrumb\",\"itemListElement\":[{\"@type\":\"ListItem\",\"position\":1,\"name\":\"Kezd\u0151lap\",\"item\":\"https:\/\/www.eurosmart.hu\/shop\/\"},{\"@type\":\"ListItem\",\"position\":2,\"name\":\"Term\u00e9keink\",\"item\":\"https:\/\/www.eurosmart.hu\/shop\/index.php\/uzlet\/\"},{\"@type\":\"ListItem\",\"position\":3,\"name\":\"MILWAUKEE BTM-10 &#8211; ONE-KEY\u2122 TICK\u2122 &#8211; Bluetooth\u00ae NYOMK\u00d6VET\u0150 (4932459349)\"}]},{\"@type\":\"WebSite\",\"@id\":\"https:\/\/www.eurosmart.hu\/shop\/#website\",\"url\":\"https:\/\/www.eurosmart.hu\/shop\/\",\"name\":\"Eurosmart - Milwaukee web\u00e1ruh\u00e1z\",\"description\":\"Milwaukee web\u00e1ruh\u00e1z\",\"publisher\":{\"@id\":\"https:\/\/www.eurosmart.hu\/shop\/#organization\"},\"potentialAction\":[{\"@type\":\"SearchAction\",\"target\":{\"@type\":\"EntryPoint\",\"urlTemplate\":\"https:\/\/www.eurosmart.hu\/shop\/?s={search_term_string}\"},\"query-input\":\"required name=search_term_string\"}],\"inLanguage\":\"hu\"},{\"@type\":\"Organization\",\"@id\":\"https:\/\/www.eurosmart.hu\/shop\/#organization\",\"name\":\"Eurosmart - Milwaukee web\u00e1ruh\u00e1z\",\"url\":\"https:\/\/www.eurosmart.hu\/shop\/\",\"logo\":{\"@type\":\"ImageObject\",\"inLanguage\":\"hu\",\"@id\":\"https:\/\/www.eurosmart.hu\/shop\/#\/schema\/logo\/image\/\",\"url\":\"https:\/\/www.eurosmart.hu\/shop\/wp-content\/uploads\/2023\/10\/milwaukee-logo-1.png\",\"contentUrl\":\"https:\/\/www.eurosmart.hu\/shop\/wp-content\/uploads\/2023\/10\/milwaukee-logo-1.png\",\"width\":500,\"height\":200,\"caption\":\"Eurosmart - Milwaukee web\u00e1ruh\u00e1z\"},\"image\":{\"@id\":\"https:\/\/www.eurosmart.hu\/shop\/#\/schema\/logo\/image\/\"},\"sameAs\":[\"https:\/\/www.facebook.com\/EurosmartKft\"]}]}<\/script>\n<meta property=\"product:price:amount\" content=\"0\" \/>\n<meta property=\"product:price:currency\" content=\"HUF\" \/>\n<meta property=\"og:availability\" content=\"instock\" \/>\n<meta property=\"product:availability\" content=\"instock\" \/>\n<meta property=\"product:retailer_item_id\" content=\"4932459349\" \/>\n<meta property=\"product:condition\" content=\"new\" \/>\n<!-- \/ Yoast SEO Premium plugin. -->","yoast_head_json":{"title":"MILWAUKEE BTM-10 - ONE-KEY\u2122 TICK\u2122 - Bluetooth\u00ae NYOMK\u00d6VET\u0150 (4932459349) - Eurosmart - Milwaukee web\u00e1ruh\u00e1z","robots":{"index":"index","follow":"follow","max-snippet":"max-snippet:-1","max-image-preview":"max-image-preview:large","max-video-preview":"max-video-preview:-1"},"canonical":"https:\/\/www.eurosmart.hu\/shop\/index.php\/termek\/milwaukee-btm-10-one-key-tick-bluetooth-nyomkoveto-4932459349\/","og_locale":"hu_HU","og_type":"article","og_title":"MILWAUKEE BTM-10 - ONE-KEY\u2122 TICK\u2122 - Bluetooth\u00ae NYOMK\u00d6VET\u0150 (4932459349)","og_description":"A k\u00e9szlet tartalma: 1 db BTM-10 - ONE-KEY\u2122 TICK\u2122 - Bluetooth\u00ae NYOMK\u00d6VET\u0150","og_url":"https:\/\/www.eurosmart.hu\/shop\/index.php\/termek\/milwaukee-btm-10-one-key-tick-bluetooth-nyomkoveto-4932459349\/","og_site_name":"Eurosmart - Milwaukee web\u00e1ruh\u00e1z","article_publisher":"https:\/\/www.facebook.com\/EurosmartKft","article_modified_time":"2023-10-04T14:43:46+00:00","og_image":[{"width":600,"height":600,"url":"https:\/\/www.eurosmart.hu\/shop\/wp-content\/uploads\/2023\/09\/4932459349.jpg","type":"image\/jpeg"}],"twitter_card":"summary_large_image","twitter_misc":{"Price":"","Availability":"In stock"},"schema":{"@context":"https:\/\/schema.org","@graph":[{"@type":"WebPage","@id":"https:\/\/www.eurosmart.hu\/shop\/index.php\/termek\/milwaukee-btm-10-one-key-tick-bluetooth-nyomkoveto-4932459349\/","url":"https:\/\/www.eurosmart.hu\/shop\/index.php\/termek\/milwaukee-btm-10-one-key-tick-bluetooth-nyomkoveto-4932459349\/","name":"MILWAUKEE BTM-10 - ONE-KEY\u2122 TICK\u2122 - Bluetooth\u00ae NYOMK\u00d6VET\u0150 (4932459349) - Eurosmart - Milwaukee web\u00e1ruh\u00e1z","isPartOf":{"@id":"https:\/\/www.eurosmart.hu\/shop\/#website"},"datePublished":"2023-09-27T10:04:26+00:00","dateModified":"2023-10-04T14:43:46+00:00","breadcrumb":{"@id":"https:\/\/www.eurosmart.hu\/shop\/index.php\/termek\/milwaukee-btm-10-one-key-tick-bluetooth-nyomkoveto-4932459349\/#breadcrumb"},"inLanguage":"hu","potentialAction":[{"@type":"ReadAction","target":["https:\/\/www.eurosmart.hu\/shop\/index.php\/termek\/milwaukee-btm-10-one-key-tick-bluetooth-nyomkoveto-4932459349\/"]}]},{"@type":"BreadcrumbList","@id":"https:\/\/www.eurosmart.hu\/shop\/index.php\/termek\/milwaukee-btm-10-one-key-tick-bluetooth-nyomkoveto-4932459349\/#breadcrumb","itemListElement":[{"@type":"ListItem","position":1,"name":"Kezd\u0151lap","item":"https:\/\/www.eurosmart.hu\/shop\/"},{"@type":"ListItem","position":2,"name":"Term\u00e9keink","item":"https:\/\/www.eurosmart.hu\/shop\/index.php\/uzlet\/"},{"@type":"ListItem","position":3,"name":"MILWAUKEE BTM-10 &#8211; ONE-KEY\u2122 TICK\u2122 &#8211; Bluetooth\u00ae NYOMK\u00d6VET\u0150 (4932459349)"}]},{"@type":"WebSite","@id":"https:\/\/www.eurosmart.hu\/shop\/#website","url":"https:\/\/www.eurosmart.hu\/shop\/","name":"Eurosmart - Milwaukee web\u00e1ruh\u00e1z","description":"Milwaukee web\u00e1ruh\u00e1z","publisher":{"@id":"https:\/\/www.eurosmart.hu\/shop\/#organization"},"potentialAction":[{"@type":"SearchAction","target":{"@type":"EntryPoint","urlTemplate":"https:\/\/www.eurosmart.hu\/shop\/?s={search_term_string}"},"query-input":"required name=search_term_string"}],"inLanguage":"hu"},{"@type":"Organization","@id":"https:\/\/www.eurosmart.hu\/shop\/#organization","name":"Eurosmart - Milwaukee web\u00e1ruh\u00e1z","url":"https:\/\/www.eurosmart.hu\/shop\/","logo":{"@type":"ImageObject","inLanguage":"hu","@id":"https:\/\/www.eurosmart.hu\/shop\/#\/schema\/logo\/image\/","url":"https:\/\/www.eurosmart.hu\/shop\/wp-content\/uploads\/2023\/10\/milwaukee-logo-1.png","contentUrl":"https:\/\/www.eurosmart.hu\/shop\/wp-content\/uploads\/2023\/10\/milwaukee-logo-1.png","width":500,"height":200,"caption":"Eurosmart - Milwaukee web\u00e1ruh\u00e1z"},"image":{"@id":"https:\/\/www.eurosmart.hu\/shop\/#\/schema\/logo\/image\/"},"sameAs":["https:\/\/www.facebook.com\/EurosmartKft"]}]},"product_price_currency":"HUF","og_availability":"instock","product_availability":"instock","product_retailer_item_id":"4932459349","product_condition":"new"},"_links":{"self":[{"href":"https:\/\/www.eurosmart.hu\/shop\/index.php\/wp-json\/wp\/v2\/product\/2624","targetHints":{"allow":["GET"]}}],"collection":[{"href":"https:\/\/www.eurosmart.hu\/shop\/index.php\/wp-json\/wp\/v2\/product"}],"about":[{"href":"https:\/\/www.eurosmart.hu\/shop\/index.php\/wp-json\/wp\/v2\/types\/product"}],"wp:featuredmedia":[{"embeddable":true,"href":"https:\/\/www.eurosmart.hu\/shop\/index.php\/wp-json\/wp\/v2\/media\/2625"}],"wp:attachment":[{"href":"https:\/\/www.eurosmart.hu\/shop\/index.php\/wp-json\/wp\/v2\/media?parent=2624"}],"wp:term":[{"taxonomy":"product_cat","embeddable":true,"href":"https:\/\/www.eurosmart.hu\/shop\/index.php\/wp-json\/wp\/v2\/product_cat?post=2624"},{"taxonomy":"product_tag","embeddable":true,"href":"https:\/\/www.eurosmart.hu\/shop\/index.php\/wp-json\/wp\/v2\/product_tag?post=2624"}],"curies":[{"name":"wp","href":"https:\/\/api.w.org\/{rel}","templated":true}]}}