{"id":2620,"date":"2023-09-27T09:36:46","date_gmt":"2023-09-27T09:36:46","guid":{"rendered":"https:\/\/www.eurosmart.hu\/shop\/?post_type=product&#038;p=2620"},"modified":"2023-10-04T14:45:05","modified_gmt":"2023-10-04T14:45:05","slug":"milwaukee-hole-dozer-bimetal-kobalt-lyukfuresz-14-mm-49560002","status":"publish","type":"product","link":"https:\/\/www.eurosmart.hu\/shop\/index.php\/termek\/milwaukee-hole-dozer-bimetal-kobalt-lyukfuresz-14-mm-49560002\/","title":{"rendered":"MILWAUKEE HOLE DOZER\u2122 BIMET\u00c1L KOBALT LYUKF\u0170R\u00c9SZ 14 MM (49560002)"},"content":{"rendered":"<h5>Tulajdons\u00e1gok:<\/h5>\n<ul class=\"ProductFeaturesTextstyles__FeatureList-fxqvf2-1 dUrrwH\">\n<li class=\"ProductFeaturesTextstyles__Feature-fxqvf2-3 ggyeUS\">Maxim\u00e1lis teljes\u00edtm\u00e9nyt biztos\u00edt\u00f3 leg\u00fajabb technol\u00f3gia.<\/li>\n<li class=\"ProductFeaturesTextstyles__Feature-fxqvf2-3 ggyeUS\">Fogazat design &#8211; a v\u00e1ltoz\u00f3 4-6 fog\/h\u00fcvelyk fogkioszt\u00e1s 10 \u00b0 d\u0151l\u00e9ssz\u00f6ggel a k\u00f6vetkez\u0151 el\u0151ny\u00f6ket k\u00edn\u00e1lja: &#8211; Gyorsabb \u00e9s agressz\u00edvabb v\u00e1g\u00e1s &#8211; A v\u00e1g\u00e1s sor\u00e1n keletkezett h\u0151 jobb elvezet\u00e9s &#8211; a fogak tov\u00e1bb maradnak \u00e9lesek. &#8211; A m\u00e9lyebben g\u00f6rb\u00fcl\u0151 fogak hat\u00e9konyabb forg\u00e1cskihord\u00e1st tesznek lehet\u0151v\u00e9, megakad\u00e1lyozva ezzel az elt\u00f6m\u0151d\u00e9st \u00e9s a h\u0151 felgy\u00fcleml\u00e9s\u00e9t. &#8211; A speci\u00e1lisan kialak\u00edtott fogsz\u00f6gek kisebb es\u00e9llyel hoznak l\u00e9tre egyenetlen sz\u00e9l\u0171 lyukakat a v\u00e9konyabb anyagokon. &#8211; Oldalra d\u0151l\u0151 fogak a k\u00f6t\u00e9sek \u00e9s a s\u00farl\u00f3d\u00e1sok minimaliz\u00e1l\u00e1s\u00e1\u00e9rt. &#8211; Kisebb er\u0151kifejt\u00e9st ig\u00e9nyel &#8211; az agressz\u00edv fogelhelyez\u00e9s \u00e9s a j\u00f3 forg\u00e1cstiszt\u00edt\u00e1s kombin\u00e1ci\u00f3j\u00e1val \u00e9rhet\u0151 el, amely a f\u00far\u00e1s sor\u00e1n kisebb er\u0151kifejt\u00e9st ig\u00e9nyel.<\/li>\n<li class=\"ProductFeaturesTextstyles__Feature-fxqvf2-3 ggyeUS\">Fog anyaga &#8211; a koron\u00e1s f\u00far\u00f3k figazott r\u00e9sze legjobb Matrix II t\u00edpus\u00fa gyorsac\u00e9lb\u00f3l k\u00e9sz\u00fclt. A M\u00e1trix II ac\u00e9l 8% kobaltot tartalmaz, ennek k\u00f6sz\u00f6nhet\u0151en a fogak a f\u00e9mek v\u00e1g\u00e1sakor fell\u00e9p\u0151 magas \u00fczemi h\u0151fokon is meg\u0151rzik eredeti kem\u00e9nys\u00e9g\u00fcket. &#8211; Bimet\u00e1l kialak\u00edt\u00e1s &#8211; a gyorsac\u00e9l fogak l\u00e9zeres hegeszt\u00e9ssel r\u00f6gz\u00edtettek a mag \u00f6tv\u00f6zet\u0171 ac\u00e9ltestre. A fogakat v\u00e1kuumosan eddzik 65 HRC-ig 600\u00b0C-on, ezzel maxim\u00e1lis tart\u00f3ss\u00e1got \u00e9s hasznoss\u00e1got biztos\u00edtva. A Matrix II ac\u00e9l nagy kop\u00e1s\u00e1ll\u00f3s\u00e1g\u00e1nak k\u00f6sz\u00f6nhet\u0151en ezek a lyukf\u0171r\u00e9szek ide\u00e1lisak az olyan neh\u00e9z \u00e9s kem\u00e9ny anyagok v\u00e1g\u00e1s\u00e1ra is, mint a rozsdamentes \u00e9s sav\u00e1ll\u00f3 ac\u00e9l, valamint a puh\u00e1bb anyagok, mint a fa v\u00e1g\u00e1s\u00e1ra is.<\/li>\n<li class=\"ProductFeaturesTextstyles__Feature-fxqvf2-3 ggyeUS\">Lyukf\u0171r\u00e9sz teste &#8211; Az 1,27 mm vastag ac\u00e9l lyukf\u0171r\u00e9sz teste szigor\u00faan tartja form\u00e1j\u00e1t, de ugyanakkor rugalmas is. A hat\u00e9kony v\u00e1g\u00e1si m\u00e9lys\u00e9g 41 mm.<\/li>\n<li class=\"ProductFeaturesTextstyles__Feature-fxqvf2-3 ggyeUS\">H\u00e1tlap kialak\u00edt\u00e1sa &#8211; A lyukf\u0171r\u00e9sz h\u00e1tlapja vastag ac\u00e9lb\u00f3l lett kialak\u00edtva, \u00edgy a furatok m\u00e9rete nem lesz nagyobb a k\u00edv\u00e1nt m\u00e9retn\u00e9l. &#8211; Ez a h\u00e1toldal adja az er\u0151t \u00e9s a merevs\u00e9get a vibr\u00e1ci\u00f3 cs\u00f6kkent\u00e9s\u00e9hez 4 lyukkal t\u00f6rt\u00e9n\u0151 vezet\u00e9s a befog\u00f3t\u00fcske k\u00f6nnyebb elhelyez\u00e9s\u00e9t teszi lehet\u0151v\u00e9. &#8211; T\u00f6k\u00e9letesen kialak\u00edtott h\u00e1ts\u00f3 k\u00f6rt\u00e1ny\u00e9r a j\u00f3 k\u00f6zpontos\u00edt\u00e1s\u00e9rt, ami f\u0151leg a nagyobb \u00e1tm\u00e9r\u0151j\u0171 lyukf\u0171r\u00e9szekn\u00e9l fontos.<\/li>\n<li class=\"ProductFeaturesTextstyles__Feature-fxqvf2-3 ggyeUS\">\u00c1tl\u00f3s hornyok a t\u00f6rmel\u00e9k elt\u00e1vol\u00edt\u00e1s\u00e1ra \u00e9s kihord\u00e1s\u00e1ra<\/li>\n<li class=\"ProductFeaturesTextstyles__Feature-fxqvf2-3 ggyeUS\">Alkalmaz\u00e1sok &#8211; A j\u00f3 k\u00f6rforg\u00f3 pontoss\u00e1got magas min\u0151s\u00e9g\u0171 gy\u00e1rt\u00e1si technol\u00f3gi\u00e1k biztos\u00edtj\u00e1k, ez\u00e9rt ezek a lyukf\u0171r\u00e9szek mind k\u00e9zi, mind \u00e1llv\u00e1nyos f\u00far\u00f3kkal haszn\u00e1lhat\u00f3k (csak k\u00e9zzel szerelhet\u0151k be).<\/li>\n<li class=\"ProductFeaturesTextstyles__Feature-fxqvf2-3 ggyeUS\">Ez a magas min\u0151s\u00e9g\u0171 lyukf\u0171r\u00e9sz sorozat t\u00f6k\u00e9letes az \u00f6sszes anyag v\u00e1g\u00e1s\u00e1ra: &#8211; max. 1000 N\/mm\u00b2 kem\u00e9nys\u00e9g\u0171 ac\u00e9l &#8211; rozsdamentes ac\u00e9l \u00e9s sav\u00e1ll\u00f3 ac\u00e9l &#8211; sz\u00ednesf\u00e9mek &#8211; \u00f6nt\u00f6ttvas &#8211; alum\u00ednium &#8211; fa &#8211; k\u00f6zepes t\u00f6m\u00f6rs\u00e9g\u0171<\/li>\n<li>\u00c1tm\u00e9r\u0151: 14 mm<\/li>\n<li>Max. v\u00e1g\u00e1si m\u00e9lys\u00e9g: 41 mm<\/li>\n<\/ul>\n","protected":false},"excerpt":{"rendered":"<p><strong>A k\u00e9szlet tartalma:\u00a0<\/strong>1 db HOLE DOZER\u2122 BIMET\u00c1L KOBALT LYUKF\u0170R\u00c9SZ 14 MM<\/p>\n","protected":false},"featured_media":2621,"template":"","meta":[],"product_cat":[224,59,217,89],"product_tag":[],"class_list":["post-2620","product","type-product","status-publish","has-post-thumbnail","hentry","product_cat-lyukfureszek","product_cat-milwaukee","product_cat-tartozekok-termekek","product_cat-termekek"],"yoast_head":"<!-- This site is optimized with the Yoast SEO Premium plugin v21.3 (Yoast SEO v21.3) - https:\/\/yoast.com\/wordpress\/plugins\/seo\/ -->\n<title>MILWAUKEE HOLE DOZER\u2122 BIMET\u00c1L KOBALT LYUKF\u0170R\u00c9SZ 14 MM (49560002) - Eurosmart - Milwaukee web\u00e1ruh\u00e1z<\/title>\n<meta name=\"robots\" content=\"index, follow, max-snippet:-1, max-image-preview:large, max-video-preview:-1\" \/>\n<link rel=\"canonical\" href=\"https:\/\/www.eurosmart.hu\/shop\/index.php\/termek\/milwaukee-hole-dozer-bimetal-kobalt-lyukfuresz-14-mm-49560002\/\" \/>\n<meta property=\"og:locale\" content=\"hu_HU\" \/>\n<meta property=\"og:type\" content=\"article\" \/>\n<meta property=\"og:title\" content=\"MILWAUKEE HOLE DOZER\u2122 BIMET\u00c1L KOBALT LYUKF\u0170R\u00c9SZ 14 MM (49560002)\" \/>\n<meta property=\"og:description\" content=\"A k\u00e9szlet tartalma:\u00a01 db HOLE DOZER\u2122 BIMET\u00c1L KOBALT LYUKF\u0170R\u00c9SZ 14 MM\" \/>\n<meta property=\"og:url\" content=\"https:\/\/www.eurosmart.hu\/shop\/index.php\/termek\/milwaukee-hole-dozer-bimetal-kobalt-lyukfuresz-14-mm-49560002\/\" \/>\n<meta property=\"og:site_name\" content=\"Eurosmart - Milwaukee web\u00e1ruh\u00e1z\" \/>\n<meta property=\"article:publisher\" content=\"https:\/\/www.facebook.com\/EurosmartKft\" \/>\n<meta property=\"article:modified_time\" content=\"2023-10-04T14:45:05+00:00\" \/>\n<meta property=\"og:image\" content=\"https:\/\/www.eurosmart.hu\/shop\/wp-content\/uploads\/2023\/09\/49560002.jpg\" \/>\n\t<meta property=\"og:image:width\" content=\"600\" \/>\n\t<meta property=\"og:image:height\" content=\"600\" \/>\n\t<meta property=\"og:image:type\" content=\"image\/jpeg\" \/>\n<meta name=\"twitter:card\" content=\"summary_large_image\" \/>\n<meta name=\"twitter:label1\" content=\"Price\" \/>\n\t<meta name=\"twitter:data1\" content=\"\" \/>\n\t<meta name=\"twitter:label2\" content=\"Availability\" \/>\n\t<meta name=\"twitter:data2\" content=\"In stock\" \/>\n<script type=\"application\/ld+json\" class=\"yoast-schema-graph\">{\"@context\":\"https:\/\/schema.org\",\"@graph\":[{\"@type\":\"WebPage\",\"@id\":\"https:\/\/www.eurosmart.hu\/shop\/index.php\/termek\/milwaukee-hole-dozer-bimetal-kobalt-lyukfuresz-14-mm-49560002\/\",\"url\":\"https:\/\/www.eurosmart.hu\/shop\/index.php\/termek\/milwaukee-hole-dozer-bimetal-kobalt-lyukfuresz-14-mm-49560002\/\",\"name\":\"MILWAUKEE HOLE DOZER\u2122 BIMET\u00c1L KOBALT LYUKF\u0170R\u00c9SZ 14 MM (49560002) - Eurosmart - Milwaukee web\u00e1ruh\u00e1z\",\"isPartOf\":{\"@id\":\"https:\/\/www.eurosmart.hu\/shop\/#website\"},\"datePublished\":\"2023-09-27T09:36:46+00:00\",\"dateModified\":\"2023-10-04T14:45:05+00:00\",\"breadcrumb\":{\"@id\":\"https:\/\/www.eurosmart.hu\/shop\/index.php\/termek\/milwaukee-hole-dozer-bimetal-kobalt-lyukfuresz-14-mm-49560002\/#breadcrumb\"},\"inLanguage\":\"hu\",\"potentialAction\":[{\"@type\":\"ReadAction\",\"target\":[\"https:\/\/www.eurosmart.hu\/shop\/index.php\/termek\/milwaukee-hole-dozer-bimetal-kobalt-lyukfuresz-14-mm-49560002\/\"]}]},{\"@type\":\"BreadcrumbList\",\"@id\":\"https:\/\/www.eurosmart.hu\/shop\/index.php\/termek\/milwaukee-hole-dozer-bimetal-kobalt-lyukfuresz-14-mm-49560002\/#breadcrumb\",\"itemListElement\":[{\"@type\":\"ListItem\",\"position\":1,\"name\":\"Kezd\u0151lap\",\"item\":\"https:\/\/www.eurosmart.hu\/shop\/\"},{\"@type\":\"ListItem\",\"position\":2,\"name\":\"Term\u00e9keink\",\"item\":\"https:\/\/www.eurosmart.hu\/shop\/index.php\/uzlet\/\"},{\"@type\":\"ListItem\",\"position\":3,\"name\":\"MILWAUKEE HOLE DOZER\u2122 BIMET\u00c1L KOBALT LYUKF\u0170R\u00c9SZ 14 MM (49560002)\"}]},{\"@type\":\"WebSite\",\"@id\":\"https:\/\/www.eurosmart.hu\/shop\/#website\",\"url\":\"https:\/\/www.eurosmart.hu\/shop\/\",\"name\":\"Eurosmart - Milwaukee web\u00e1ruh\u00e1z\",\"description\":\"Milwaukee web\u00e1ruh\u00e1z\",\"publisher\":{\"@id\":\"https:\/\/www.eurosmart.hu\/shop\/#organization\"},\"potentialAction\":[{\"@type\":\"SearchAction\",\"target\":{\"@type\":\"EntryPoint\",\"urlTemplate\":\"https:\/\/www.eurosmart.hu\/shop\/?s={search_term_string}\"},\"query-input\":\"required name=search_term_string\"}],\"inLanguage\":\"hu\"},{\"@type\":\"Organization\",\"@id\":\"https:\/\/www.eurosmart.hu\/shop\/#organization\",\"name\":\"Eurosmart - Milwaukee web\u00e1ruh\u00e1z\",\"url\":\"https:\/\/www.eurosmart.hu\/shop\/\",\"logo\":{\"@type\":\"ImageObject\",\"inLanguage\":\"hu\",\"@id\":\"https:\/\/www.eurosmart.hu\/shop\/#\/schema\/logo\/image\/\",\"url\":\"https:\/\/www.eurosmart.hu\/shop\/wp-content\/uploads\/2023\/10\/milwaukee-logo-1.png\",\"contentUrl\":\"https:\/\/www.eurosmart.hu\/shop\/wp-content\/uploads\/2023\/10\/milwaukee-logo-1.png\",\"width\":500,\"height\":200,\"caption\":\"Eurosmart - Milwaukee web\u00e1ruh\u00e1z\"},\"image\":{\"@id\":\"https:\/\/www.eurosmart.hu\/shop\/#\/schema\/logo\/image\/\"},\"sameAs\":[\"https:\/\/www.facebook.com\/EurosmartKft\"]}]}<\/script>\n<meta property=\"product:price:amount\" content=\"0\" \/>\n<meta property=\"product:price:currency\" content=\"HUF\" \/>\n<meta property=\"og:availability\" content=\"instock\" \/>\n<meta property=\"product:availability\" content=\"instock\" \/>\n<meta property=\"product:retailer_item_id\" content=\"49560002\" \/>\n<meta property=\"product:condition\" content=\"new\" \/>\n<!-- \/ Yoast SEO Premium plugin. -->","yoast_head_json":{"title":"MILWAUKEE HOLE DOZER\u2122 BIMET\u00c1L KOBALT LYUKF\u0170R\u00c9SZ 14 MM (49560002) - Eurosmart - Milwaukee web\u00e1ruh\u00e1z","robots":{"index":"index","follow":"follow","max-snippet":"max-snippet:-1","max-image-preview":"max-image-preview:large","max-video-preview":"max-video-preview:-1"},"canonical":"https:\/\/www.eurosmart.hu\/shop\/index.php\/termek\/milwaukee-hole-dozer-bimetal-kobalt-lyukfuresz-14-mm-49560002\/","og_locale":"hu_HU","og_type":"article","og_title":"MILWAUKEE HOLE DOZER\u2122 BIMET\u00c1L KOBALT LYUKF\u0170R\u00c9SZ 14 MM (49560002)","og_description":"A k\u00e9szlet tartalma:\u00a01 db HOLE DOZER\u2122 BIMET\u00c1L KOBALT LYUKF\u0170R\u00c9SZ 14 MM","og_url":"https:\/\/www.eurosmart.hu\/shop\/index.php\/termek\/milwaukee-hole-dozer-bimetal-kobalt-lyukfuresz-14-mm-49560002\/","og_site_name":"Eurosmart - Milwaukee web\u00e1ruh\u00e1z","article_publisher":"https:\/\/www.facebook.com\/EurosmartKft","article_modified_time":"2023-10-04T14:45:05+00:00","og_image":[{"width":600,"height":600,"url":"https:\/\/www.eurosmart.hu\/shop\/wp-content\/uploads\/2023\/09\/49560002.jpg","type":"image\/jpeg"}],"twitter_card":"summary_large_image","twitter_misc":{"Price":"","Availability":"In stock"},"schema":{"@context":"https:\/\/schema.org","@graph":[{"@type":"WebPage","@id":"https:\/\/www.eurosmart.hu\/shop\/index.php\/termek\/milwaukee-hole-dozer-bimetal-kobalt-lyukfuresz-14-mm-49560002\/","url":"https:\/\/www.eurosmart.hu\/shop\/index.php\/termek\/milwaukee-hole-dozer-bimetal-kobalt-lyukfuresz-14-mm-49560002\/","name":"MILWAUKEE HOLE DOZER\u2122 BIMET\u00c1L KOBALT LYUKF\u0170R\u00c9SZ 14 MM (49560002) - Eurosmart - Milwaukee web\u00e1ruh\u00e1z","isPartOf":{"@id":"https:\/\/www.eurosmart.hu\/shop\/#website"},"datePublished":"2023-09-27T09:36:46+00:00","dateModified":"2023-10-04T14:45:05+00:00","breadcrumb":{"@id":"https:\/\/www.eurosmart.hu\/shop\/index.php\/termek\/milwaukee-hole-dozer-bimetal-kobalt-lyukfuresz-14-mm-49560002\/#breadcrumb"},"inLanguage":"hu","potentialAction":[{"@type":"ReadAction","target":["https:\/\/www.eurosmart.hu\/shop\/index.php\/termek\/milwaukee-hole-dozer-bimetal-kobalt-lyukfuresz-14-mm-49560002\/"]}]},{"@type":"BreadcrumbList","@id":"https:\/\/www.eurosmart.hu\/shop\/index.php\/termek\/milwaukee-hole-dozer-bimetal-kobalt-lyukfuresz-14-mm-49560002\/#breadcrumb","itemListElement":[{"@type":"ListItem","position":1,"name":"Kezd\u0151lap","item":"https:\/\/www.eurosmart.hu\/shop\/"},{"@type":"ListItem","position":2,"name":"Term\u00e9keink","item":"https:\/\/www.eurosmart.hu\/shop\/index.php\/uzlet\/"},{"@type":"ListItem","position":3,"name":"MILWAUKEE HOLE DOZER\u2122 BIMET\u00c1L KOBALT LYUKF\u0170R\u00c9SZ 14 MM (49560002)"}]},{"@type":"WebSite","@id":"https:\/\/www.eurosmart.hu\/shop\/#website","url":"https:\/\/www.eurosmart.hu\/shop\/","name":"Eurosmart - Milwaukee web\u00e1ruh\u00e1z","description":"Milwaukee web\u00e1ruh\u00e1z","publisher":{"@id":"https:\/\/www.eurosmart.hu\/shop\/#organization"},"potentialAction":[{"@type":"SearchAction","target":{"@type":"EntryPoint","urlTemplate":"https:\/\/www.eurosmart.hu\/shop\/?s={search_term_string}"},"query-input":"required name=search_term_string"}],"inLanguage":"hu"},{"@type":"Organization","@id":"https:\/\/www.eurosmart.hu\/shop\/#organization","name":"Eurosmart - Milwaukee web\u00e1ruh\u00e1z","url":"https:\/\/www.eurosmart.hu\/shop\/","logo":{"@type":"ImageObject","inLanguage":"hu","@id":"https:\/\/www.eurosmart.hu\/shop\/#\/schema\/logo\/image\/","url":"https:\/\/www.eurosmart.hu\/shop\/wp-content\/uploads\/2023\/10\/milwaukee-logo-1.png","contentUrl":"https:\/\/www.eurosmart.hu\/shop\/wp-content\/uploads\/2023\/10\/milwaukee-logo-1.png","width":500,"height":200,"caption":"Eurosmart - Milwaukee web\u00e1ruh\u00e1z"},"image":{"@id":"https:\/\/www.eurosmart.hu\/shop\/#\/schema\/logo\/image\/"},"sameAs":["https:\/\/www.facebook.com\/EurosmartKft"]}]},"product_price_currency":"HUF","og_availability":"instock","product_availability":"instock","product_retailer_item_id":"49560002","product_condition":"new"},"_links":{"self":[{"href":"https:\/\/www.eurosmart.hu\/shop\/index.php\/wp-json\/wp\/v2\/product\/2620","targetHints":{"allow":["GET"]}}],"collection":[{"href":"https:\/\/www.eurosmart.hu\/shop\/index.php\/wp-json\/wp\/v2\/product"}],"about":[{"href":"https:\/\/www.eurosmart.hu\/shop\/index.php\/wp-json\/wp\/v2\/types\/product"}],"wp:featuredmedia":[{"embeddable":true,"href":"https:\/\/www.eurosmart.hu\/shop\/index.php\/wp-json\/wp\/v2\/media\/2621"}],"wp:attachment":[{"href":"https:\/\/www.eurosmart.hu\/shop\/index.php\/wp-json\/wp\/v2\/media?parent=2620"}],"wp:term":[{"taxonomy":"product_cat","embeddable":true,"href":"https:\/\/www.eurosmart.hu\/shop\/index.php\/wp-json\/wp\/v2\/product_cat?post=2620"},{"taxonomy":"product_tag","embeddable":true,"href":"https:\/\/www.eurosmart.hu\/shop\/index.php\/wp-json\/wp\/v2\/product_tag?post=2620"}],"curies":[{"name":"wp","href":"https:\/\/api.w.org\/{rel}","templated":true}]}}