{"id":2597,"date":"2023-09-27T08:12:46","date_gmt":"2023-09-27T08:12:46","guid":{"rendered":"https:\/\/www.eurosmart.hu\/shop\/?post_type=product&#038;p=2597"},"modified":"2023-10-04T14:59:30","modified_gmt":"2023-10-04T14:59:30","slug":"milwaukee-src46-1-10-fiokos-acel-szerszamkocsi-46-117-cm-4932478852","status":"publish","type":"product","link":"https:\/\/www.eurosmart.hu\/shop\/index.php\/termek\/milwaukee-src46-1-10-fiokos-acel-szerszamkocsi-46-117-cm-4932478852\/","title":{"rendered":"MILWAUKEE SRC46-1 10 FI\u00d3KOS AC\u00c9L SZERSZ\u00c1MKOCSI 46&#8243;\/117 CM (4932478852)"},"content":{"rendered":"<h5>Tulajdons\u00e1gok:<\/h5>\n<ul class=\"ProductFeaturesTextstyles__FeatureList-fxqvf2-1 dUrrwH\">\n<li class=\"ProductFeaturesTextstyles__Feature-fxqvf2-3 ggyeUS\">45 kg-ig terhelhet\u0151, l\u00e1gyan z\u00e1r\u00f3d\u00f3 fi\u00f3kok<\/li>\n<li class=\"ProductFeaturesTextstyles__Feature-fxqvf2-3 ggyeUS\">90 kg-ig terhelhet\u0151 als\u00f3 fi\u00f3k<\/li>\n<li class=\"ProductFeaturesTextstyles__Feature-fxqvf2-3 ggyeUS\">Minden fi\u00f3k cs\u00fasz\u00e1sg\u00e1tl\u00f3 bet\u00e9ttel van ell\u00e1tva<\/li>\n<li class=\"ProductFeaturesTextstyles__Feature-fxqvf2-3 ggyeUS\">Sarokv\u00e9d\u0151k \u00fct\u0151d\u00e9s ellen<\/li>\n<li class=\"ProductFeaturesTextstyles__Feature-fxqvf2-3 ggyeUS\">M\u00e1gneses eloszt\u00f3 lehet\u0151v\u00e9 teszi az akkumul\u00e1torok t\u00f6lt\u00e9s\u00e9t k\u00f6zvetlen\u00fcl a szekr\u00e9nyen.<\/li>\n<li class=\"ProductFeaturesTextstyles__Feature-fxqvf2-3 ggyeUS\">Kihajthat\u00f3 polc palackok \u00e9s spray-k t\u00e1rol\u00e1s\u00e1ra<\/li>\n<li class=\"ProductFeaturesTextstyles__Feature-fxqvf2-3 ggyeUS\">Be\u00e9p\u00edtett palacknyit\u00f3<\/li>\n<li class=\"ProductFeaturesTextstyles__Feature-fxqvf2-3 ggyeUS\">Als\u00f3 fi\u00f3kban rendszerez\u0151 elektromos szersz\u00e1mg\u00e9pekhez<\/li>\n<li class=\"ProductFeaturesTextstyles__Feature-fxqvf2-3 ggyeUS\">150 mm-es kerekek (2 db fix, 2 db forgathat\u00f3 f\u00e9kkel)<\/li>\n<li class=\"ProductFeaturesTextstyles__Feature-fxqvf2-3 ggyeUS\">1360 kg terhel\u00e9si kapacit\u00e1s<\/li>\n<li>M\u00e9rete: 1170 x 562 x 982<\/li>\n<\/ul>\n","protected":false},"excerpt":{"rendered":"<p><strong>A k\u00e9szlet tartalma:<\/strong> 1 db SRC46-1 10 FI\u00d3KOS AC\u00c9L SZERSZ\u00c1MKOCSI 46&#8243;\/117 CM<\/p>\n","protected":false},"featured_media":2601,"template":"","meta":[],"product_cat":[234,59,197,89],"product_tag":[],"class_list":["post-2597","product","type-product","status-publish","has-post-thumbnail","hentry","product_cat-betetek-es-szallito-kocsik","product_cat-milwaukee","product_cat-tarolas","product_cat-termekek"],"yoast_head":"<!-- This site is optimized with the Yoast SEO Premium plugin v21.3 (Yoast SEO v21.3) - https:\/\/yoast.com\/wordpress\/plugins\/seo\/ -->\n<title>MILWAUKEE SRC46-1 10 FI\u00d3KOS AC\u00c9L SZERSZ\u00c1MKOCSI 46&quot;\/117 CM (4932478852) - Eurosmart - Milwaukee web\u00e1ruh\u00e1z<\/title>\n<meta name=\"robots\" content=\"index, follow, max-snippet:-1, max-image-preview:large, max-video-preview:-1\" \/>\n<link rel=\"canonical\" href=\"https:\/\/www.eurosmart.hu\/shop\/index.php\/termek\/milwaukee-src46-1-10-fiokos-acel-szerszamkocsi-46-117-cm-4932478852\/\" \/>\n<meta property=\"og:locale\" content=\"hu_HU\" \/>\n<meta property=\"og:type\" content=\"article\" \/>\n<meta property=\"og:title\" content=\"MILWAUKEE SRC46-1 10 FI\u00d3KOS AC\u00c9L SZERSZ\u00c1MKOCSI 46&quot;\/117 CM (4932478852)\" \/>\n<meta property=\"og:description\" content=\"A k\u00e9szlet tartalma: 1 db SRC46-1 10 FI\u00d3KOS AC\u00c9L SZERSZ\u00c1MKOCSI 46&quot;\/117 CM\" \/>\n<meta property=\"og:url\" content=\"https:\/\/www.eurosmart.hu\/shop\/index.php\/termek\/milwaukee-src46-1-10-fiokos-acel-szerszamkocsi-46-117-cm-4932478852\/\" \/>\n<meta property=\"og:site_name\" content=\"Eurosmart - Milwaukee web\u00e1ruh\u00e1z\" \/>\n<meta property=\"article:publisher\" content=\"https:\/\/www.facebook.com\/EurosmartKft\" \/>\n<meta property=\"article:modified_time\" content=\"2023-10-04T14:59:30+00:00\" \/>\n<meta property=\"og:image\" content=\"https:\/\/www.eurosmart.hu\/shop\/wp-content\/uploads\/2023\/09\/4932478852.jpg\" \/>\n\t<meta property=\"og:image:width\" content=\"600\" \/>\n\t<meta property=\"og:image:height\" content=\"600\" \/>\n\t<meta property=\"og:image:type\" content=\"image\/jpeg\" \/>\n<meta name=\"twitter:card\" content=\"summary_large_image\" \/>\n<meta name=\"twitter:label1\" content=\"Price\" \/>\n\t<meta name=\"twitter:data1\" content=\"\" \/>\n\t<meta name=\"twitter:label2\" content=\"Availability\" \/>\n\t<meta name=\"twitter:data2\" content=\"In stock\" \/>\n<script type=\"application\/ld+json\" class=\"yoast-schema-graph\">{\"@context\":\"https:\/\/schema.org\",\"@graph\":[{\"@type\":\"WebPage\",\"@id\":\"https:\/\/www.eurosmart.hu\/shop\/index.php\/termek\/milwaukee-src46-1-10-fiokos-acel-szerszamkocsi-46-117-cm-4932478852\/\",\"url\":\"https:\/\/www.eurosmart.hu\/shop\/index.php\/termek\/milwaukee-src46-1-10-fiokos-acel-szerszamkocsi-46-117-cm-4932478852\/\",\"name\":\"MILWAUKEE SRC46-1 10 FI\u00d3KOS AC\u00c9L SZERSZ\u00c1MKOCSI 46\\\"\/117 CM (4932478852) - Eurosmart - Milwaukee web\u00e1ruh\u00e1z\",\"isPartOf\":{\"@id\":\"https:\/\/www.eurosmart.hu\/shop\/#website\"},\"datePublished\":\"2023-09-27T08:12:46+00:00\",\"dateModified\":\"2023-10-04T14:59:30+00:00\",\"breadcrumb\":{\"@id\":\"https:\/\/www.eurosmart.hu\/shop\/index.php\/termek\/milwaukee-src46-1-10-fiokos-acel-szerszamkocsi-46-117-cm-4932478852\/#breadcrumb\"},\"inLanguage\":\"hu\",\"potentialAction\":[{\"@type\":\"ReadAction\",\"target\":[\"https:\/\/www.eurosmart.hu\/shop\/index.php\/termek\/milwaukee-src46-1-10-fiokos-acel-szerszamkocsi-46-117-cm-4932478852\/\"]}]},{\"@type\":\"BreadcrumbList\",\"@id\":\"https:\/\/www.eurosmart.hu\/shop\/index.php\/termek\/milwaukee-src46-1-10-fiokos-acel-szerszamkocsi-46-117-cm-4932478852\/#breadcrumb\",\"itemListElement\":[{\"@type\":\"ListItem\",\"position\":1,\"name\":\"Kezd\u0151lap\",\"item\":\"https:\/\/www.eurosmart.hu\/shop\/\"},{\"@type\":\"ListItem\",\"position\":2,\"name\":\"Term\u00e9keink\",\"item\":\"https:\/\/www.eurosmart.hu\/shop\/index.php\/uzlet\/\"},{\"@type\":\"ListItem\",\"position\":3,\"name\":\"MILWAUKEE SRC46-1 10 FI\u00d3KOS AC\u00c9L SZERSZ\u00c1MKOCSI 46&#8243;\/117 CM (4932478852)\"}]},{\"@type\":\"WebSite\",\"@id\":\"https:\/\/www.eurosmart.hu\/shop\/#website\",\"url\":\"https:\/\/www.eurosmart.hu\/shop\/\",\"name\":\"Eurosmart - Milwaukee web\u00e1ruh\u00e1z\",\"description\":\"Milwaukee web\u00e1ruh\u00e1z\",\"publisher\":{\"@id\":\"https:\/\/www.eurosmart.hu\/shop\/#organization\"},\"potentialAction\":[{\"@type\":\"SearchAction\",\"target\":{\"@type\":\"EntryPoint\",\"urlTemplate\":\"https:\/\/www.eurosmart.hu\/shop\/?s={search_term_string}\"},\"query-input\":\"required name=search_term_string\"}],\"inLanguage\":\"hu\"},{\"@type\":\"Organization\",\"@id\":\"https:\/\/www.eurosmart.hu\/shop\/#organization\",\"name\":\"Eurosmart - Milwaukee web\u00e1ruh\u00e1z\",\"url\":\"https:\/\/www.eurosmart.hu\/shop\/\",\"logo\":{\"@type\":\"ImageObject\",\"inLanguage\":\"hu\",\"@id\":\"https:\/\/www.eurosmart.hu\/shop\/#\/schema\/logo\/image\/\",\"url\":\"https:\/\/www.eurosmart.hu\/shop\/wp-content\/uploads\/2023\/10\/milwaukee-logo-1.png\",\"contentUrl\":\"https:\/\/www.eurosmart.hu\/shop\/wp-content\/uploads\/2023\/10\/milwaukee-logo-1.png\",\"width\":500,\"height\":200,\"caption\":\"Eurosmart - Milwaukee web\u00e1ruh\u00e1z\"},\"image\":{\"@id\":\"https:\/\/www.eurosmart.hu\/shop\/#\/schema\/logo\/image\/\"},\"sameAs\":[\"https:\/\/www.facebook.com\/EurosmartKft\"]}]}<\/script>\n<meta property=\"product:price:amount\" content=\"0\" \/>\n<meta property=\"product:price:currency\" content=\"HUF\" \/>\n<meta property=\"og:availability\" content=\"instock\" \/>\n<meta property=\"product:availability\" content=\"instock\" \/>\n<meta property=\"product:retailer_item_id\" content=\"4932478852\" \/>\n<meta property=\"product:condition\" content=\"new\" \/>\n<!-- \/ Yoast SEO Premium plugin. -->","yoast_head_json":{"title":"MILWAUKEE SRC46-1 10 FI\u00d3KOS AC\u00c9L SZERSZ\u00c1MKOCSI 46\"\/117 CM (4932478852) - Eurosmart - Milwaukee web\u00e1ruh\u00e1z","robots":{"index":"index","follow":"follow","max-snippet":"max-snippet:-1","max-image-preview":"max-image-preview:large","max-video-preview":"max-video-preview:-1"},"canonical":"https:\/\/www.eurosmart.hu\/shop\/index.php\/termek\/milwaukee-src46-1-10-fiokos-acel-szerszamkocsi-46-117-cm-4932478852\/","og_locale":"hu_HU","og_type":"article","og_title":"MILWAUKEE SRC46-1 10 FI\u00d3KOS AC\u00c9L SZERSZ\u00c1MKOCSI 46\"\/117 CM (4932478852)","og_description":"A k\u00e9szlet tartalma: 1 db SRC46-1 10 FI\u00d3KOS AC\u00c9L SZERSZ\u00c1MKOCSI 46\"\/117 CM","og_url":"https:\/\/www.eurosmart.hu\/shop\/index.php\/termek\/milwaukee-src46-1-10-fiokos-acel-szerszamkocsi-46-117-cm-4932478852\/","og_site_name":"Eurosmart - Milwaukee web\u00e1ruh\u00e1z","article_publisher":"https:\/\/www.facebook.com\/EurosmartKft","article_modified_time":"2023-10-04T14:59:30+00:00","og_image":[{"width":600,"height":600,"url":"https:\/\/www.eurosmart.hu\/shop\/wp-content\/uploads\/2023\/09\/4932478852.jpg","type":"image\/jpeg"}],"twitter_card":"summary_large_image","twitter_misc":{"Price":"","Availability":"In stock"},"schema":{"@context":"https:\/\/schema.org","@graph":[{"@type":"WebPage","@id":"https:\/\/www.eurosmart.hu\/shop\/index.php\/termek\/milwaukee-src46-1-10-fiokos-acel-szerszamkocsi-46-117-cm-4932478852\/","url":"https:\/\/www.eurosmart.hu\/shop\/index.php\/termek\/milwaukee-src46-1-10-fiokos-acel-szerszamkocsi-46-117-cm-4932478852\/","name":"MILWAUKEE SRC46-1 10 FI\u00d3KOS AC\u00c9L SZERSZ\u00c1MKOCSI 46\"\/117 CM (4932478852) - Eurosmart - Milwaukee web\u00e1ruh\u00e1z","isPartOf":{"@id":"https:\/\/www.eurosmart.hu\/shop\/#website"},"datePublished":"2023-09-27T08:12:46+00:00","dateModified":"2023-10-04T14:59:30+00:00","breadcrumb":{"@id":"https:\/\/www.eurosmart.hu\/shop\/index.php\/termek\/milwaukee-src46-1-10-fiokos-acel-szerszamkocsi-46-117-cm-4932478852\/#breadcrumb"},"inLanguage":"hu","potentialAction":[{"@type":"ReadAction","target":["https:\/\/www.eurosmart.hu\/shop\/index.php\/termek\/milwaukee-src46-1-10-fiokos-acel-szerszamkocsi-46-117-cm-4932478852\/"]}]},{"@type":"BreadcrumbList","@id":"https:\/\/www.eurosmart.hu\/shop\/index.php\/termek\/milwaukee-src46-1-10-fiokos-acel-szerszamkocsi-46-117-cm-4932478852\/#breadcrumb","itemListElement":[{"@type":"ListItem","position":1,"name":"Kezd\u0151lap","item":"https:\/\/www.eurosmart.hu\/shop\/"},{"@type":"ListItem","position":2,"name":"Term\u00e9keink","item":"https:\/\/www.eurosmart.hu\/shop\/index.php\/uzlet\/"},{"@type":"ListItem","position":3,"name":"MILWAUKEE SRC46-1 10 FI\u00d3KOS AC\u00c9L SZERSZ\u00c1MKOCSI 46&#8243;\/117 CM (4932478852)"}]},{"@type":"WebSite","@id":"https:\/\/www.eurosmart.hu\/shop\/#website","url":"https:\/\/www.eurosmart.hu\/shop\/","name":"Eurosmart - Milwaukee web\u00e1ruh\u00e1z","description":"Milwaukee web\u00e1ruh\u00e1z","publisher":{"@id":"https:\/\/www.eurosmart.hu\/shop\/#organization"},"potentialAction":[{"@type":"SearchAction","target":{"@type":"EntryPoint","urlTemplate":"https:\/\/www.eurosmart.hu\/shop\/?s={search_term_string}"},"query-input":"required name=search_term_string"}],"inLanguage":"hu"},{"@type":"Organization","@id":"https:\/\/www.eurosmart.hu\/shop\/#organization","name":"Eurosmart - Milwaukee web\u00e1ruh\u00e1z","url":"https:\/\/www.eurosmart.hu\/shop\/","logo":{"@type":"ImageObject","inLanguage":"hu","@id":"https:\/\/www.eurosmart.hu\/shop\/#\/schema\/logo\/image\/","url":"https:\/\/www.eurosmart.hu\/shop\/wp-content\/uploads\/2023\/10\/milwaukee-logo-1.png","contentUrl":"https:\/\/www.eurosmart.hu\/shop\/wp-content\/uploads\/2023\/10\/milwaukee-logo-1.png","width":500,"height":200,"caption":"Eurosmart - Milwaukee web\u00e1ruh\u00e1z"},"image":{"@id":"https:\/\/www.eurosmart.hu\/shop\/#\/schema\/logo\/image\/"},"sameAs":["https:\/\/www.facebook.com\/EurosmartKft"]}]},"product_price_currency":"HUF","og_availability":"instock","product_availability":"instock","product_retailer_item_id":"4932478852","product_condition":"new"},"_links":{"self":[{"href":"https:\/\/www.eurosmart.hu\/shop\/index.php\/wp-json\/wp\/v2\/product\/2597","targetHints":{"allow":["GET"]}}],"collection":[{"href":"https:\/\/www.eurosmart.hu\/shop\/index.php\/wp-json\/wp\/v2\/product"}],"about":[{"href":"https:\/\/www.eurosmart.hu\/shop\/index.php\/wp-json\/wp\/v2\/types\/product"}],"wp:featuredmedia":[{"embeddable":true,"href":"https:\/\/www.eurosmart.hu\/shop\/index.php\/wp-json\/wp\/v2\/media\/2601"}],"wp:attachment":[{"href":"https:\/\/www.eurosmart.hu\/shop\/index.php\/wp-json\/wp\/v2\/media?parent=2597"}],"wp:term":[{"taxonomy":"product_cat","embeddable":true,"href":"https:\/\/www.eurosmart.hu\/shop\/index.php\/wp-json\/wp\/v2\/product_cat?post=2597"},{"taxonomy":"product_tag","embeddable":true,"href":"https:\/\/www.eurosmart.hu\/shop\/index.php\/wp-json\/wp\/v2\/product_tag?post=2597"}],"curies":[{"name":"wp","href":"https:\/\/api.w.org\/{rel}","templated":true}]}}