{"id":2573,"date":"2023-09-26T13:00:08","date_gmt":"2023-09-26T13:00:08","guid":{"rendered":"https:\/\/www.eurosmart.hu\/shop\/?post_type=product&#038;p=2573"},"modified":"2023-10-05T06:47:15","modified_gmt":"2023-10-05T06:47:15","slug":"milwaukee-vagasbiztos-lathatosagi-vedokesztyu-1-a-vagasi-szint-9-l-meret-1-par-4932479918","status":"publish","type":"product","link":"https:\/\/www.eurosmart.hu\/shop\/index.php\/termek\/milwaukee-vagasbiztos-lathatosagi-vedokesztyu-1-a-vagasi-szint-9-l-meret-1-par-4932479918\/","title":{"rendered":"MILWAUKEE V\u00c1G\u00c1SBIZTOS L\u00c1THAT\u00d3S\u00c1GI V\u00c9D\u0150KESZTY\u0170 1\/A V\u00c1G\u00c1SI SZINT 9\/L M\u00c9RET 1 P\u00c1R (4932479918)"},"content":{"rendered":"<h5>Tulajdons\u00e1gok:<\/h5>\n<ul class=\"ProductFeaturesTextstyles__FeatureList-fxqvf2-1 dUrrwH\">\n<li class=\"ProductFeaturesTextstyles__Feature-fxqvf2-3 ggyeUS\">A fluoreszk\u00e1l\u00f3 anyag nagy l\u00e1that\u00f3s\u00e1got biztos\u00edt gyenge f\u00e9nyviszonyok k\u00f6z\u00f6tt.<\/li>\n<li class=\"ProductFeaturesTextstyles__Feature-fxqvf2-3 ggyeUS\">K\u00f6nny\u0171 \u00e9s v\u00e9kony keszty\u0171 poliuret\u00e1nba m\u00e1rtott teny\u00e9rrel.<\/li>\n<li class=\"ProductFeaturesTextstyles__Feature-fxqvf2-3 ggyeUS\">\u00dagy tervezt\u00e9k, hogy fokozott k\u00e9z\u00fcgyess\u00e9get \u00e9s eg\u00e9sz napos k\u00e9nyelmet biztos\u00edtson, ide\u00e1lis anyagmozgat\u00e1shoz, \u00e1csmunk\u00e1khoz, v\u00edzvezet\u00e9k-szerel\u00e9shez, \u00e1talak\u00edt\u00e1shoz, \u00e1ltal\u00e1nos v\u00e1llalkoz\u00f3i alkalmaz\u00e1sokhoz.<\/li>\n<li class=\"ProductFeaturesTextstyles__Feature-fxqvf2-3 ggyeUS\">SMARTSWIPE\u2122 &#8211; \u00e9rint\u0151k\u00e9perny\u0151s eszk\u00f6z\u00f6ket haszn\u00e1lhat keszty\u0171k elt\u00e1vol\u00edt\u00e1sa n\u00e9lk\u00fcl<\/li>\n<li class=\"ProductFeaturesTextstyles__Feature-fxqvf2-3 ggyeUS\">Megfelel\u00e9s az EN ISO 21420 \u00e9s EN388:2016 (4121A). szabv\u00e1nyoknak<\/li>\n<\/ul>\n","protected":false},"excerpt":{"rendered":"<p><strong>A k\u00e9szlet tartalma:<\/strong> 1 p\u00e1r V\u00c1G\u00c1SBIZTOS L\u00c1THAT\u00d3S\u00c1GI V\u00c9D\u0150KESZTY\u0170 1\/A V\u00c1G\u00c1SI SZINT 9\/L M\u00c9RET<\/p>\n","protected":false},"featured_media":2908,"template":"","meta":[],"product_cat":[59,200,207,89],"product_tag":[],"class_list":["post-2573","product","type-product","status-publish","has-post-thumbnail","hentry","product_cat-milwaukee","product_cat-munkavedelem-termekek","product_cat-munkavedelmi-kesztyuk","product_cat-termekek"],"yoast_head":"<!-- This site is optimized with the Yoast SEO Premium plugin v21.3 (Yoast SEO v21.3) - https:\/\/yoast.com\/wordpress\/plugins\/seo\/ -->\n<title>MILWAUKEE V\u00c1G\u00c1SBIZTOS L\u00c1THAT\u00d3S\u00c1GI V\u00c9D\u0150KESZTY\u0170 1\/A V\u00c1G\u00c1SI SZINT 9\/L M\u00c9RET 1 P\u00c1R (4932479918) - Eurosmart - Milwaukee web\u00e1ruh\u00e1z<\/title>\n<meta name=\"robots\" content=\"index, follow, max-snippet:-1, max-image-preview:large, max-video-preview:-1\" \/>\n<link rel=\"canonical\" href=\"https:\/\/www.eurosmart.hu\/shop\/index.php\/termek\/milwaukee-vagasbiztos-lathatosagi-vedokesztyu-1-a-vagasi-szint-9-l-meret-1-par-4932479918\/\" \/>\n<meta property=\"og:locale\" content=\"hu_HU\" \/>\n<meta property=\"og:type\" content=\"article\" \/>\n<meta property=\"og:title\" content=\"MILWAUKEE V\u00c1G\u00c1SBIZTOS L\u00c1THAT\u00d3S\u00c1GI V\u00c9D\u0150KESZTY\u0170 1\/A V\u00c1G\u00c1SI SZINT 9\/L M\u00c9RET 1 P\u00c1R (4932479918)\" \/>\n<meta property=\"og:description\" content=\"A k\u00e9szlet tartalma: 1 p\u00e1r V\u00c1G\u00c1SBIZTOS L\u00c1THAT\u00d3S\u00c1GI V\u00c9D\u0150KESZTY\u0170 1\/A V\u00c1G\u00c1SI SZINT 9\/L M\u00c9RET\" \/>\n<meta property=\"og:url\" content=\"https:\/\/www.eurosmart.hu\/shop\/index.php\/termek\/milwaukee-vagasbiztos-lathatosagi-vedokesztyu-1-a-vagasi-szint-9-l-meret-1-par-4932479918\/\" \/>\n<meta property=\"og:site_name\" content=\"Eurosmart - Milwaukee web\u00e1ruh\u00e1z\" \/>\n<meta property=\"article:publisher\" content=\"https:\/\/www.facebook.com\/EurosmartKft\" \/>\n<meta property=\"article:modified_time\" content=\"2023-10-05T06:47:15+00:00\" \/>\n<meta property=\"og:image\" content=\"https:\/\/www.eurosmart.hu\/shop\/wp-content\/uploads\/2023\/09\/4932479917.jpg\" \/>\n\t<meta property=\"og:image:width\" content=\"600\" \/>\n\t<meta property=\"og:image:height\" content=\"600\" \/>\n\t<meta property=\"og:image:type\" content=\"image\/jpeg\" \/>\n<meta name=\"twitter:card\" content=\"summary_large_image\" \/>\n<meta name=\"twitter:label1\" content=\"Price\" \/>\n\t<meta name=\"twitter:data1\" content=\"\" \/>\n\t<meta name=\"twitter:label2\" content=\"Availability\" \/>\n\t<meta name=\"twitter:data2\" content=\"In stock\" \/>\n<script type=\"application\/ld+json\" class=\"yoast-schema-graph\">{\"@context\":\"https:\/\/schema.org\",\"@graph\":[{\"@type\":\"WebPage\",\"@id\":\"https:\/\/www.eurosmart.hu\/shop\/index.php\/termek\/milwaukee-vagasbiztos-lathatosagi-vedokesztyu-1-a-vagasi-szint-9-l-meret-1-par-4932479918\/\",\"url\":\"https:\/\/www.eurosmart.hu\/shop\/index.php\/termek\/milwaukee-vagasbiztos-lathatosagi-vedokesztyu-1-a-vagasi-szint-9-l-meret-1-par-4932479918\/\",\"name\":\"MILWAUKEE V\u00c1G\u00c1SBIZTOS L\u00c1THAT\u00d3S\u00c1GI V\u00c9D\u0150KESZTY\u0170 1\/A V\u00c1G\u00c1SI SZINT 9\/L M\u00c9RET 1 P\u00c1R (4932479918) - Eurosmart - Milwaukee web\u00e1ruh\u00e1z\",\"isPartOf\":{\"@id\":\"https:\/\/www.eurosmart.hu\/shop\/#website\"},\"datePublished\":\"2023-09-26T13:00:08+00:00\",\"dateModified\":\"2023-10-05T06:47:15+00:00\",\"breadcrumb\":{\"@id\":\"https:\/\/www.eurosmart.hu\/shop\/index.php\/termek\/milwaukee-vagasbiztos-lathatosagi-vedokesztyu-1-a-vagasi-szint-9-l-meret-1-par-4932479918\/#breadcrumb\"},\"inLanguage\":\"hu\",\"potentialAction\":[{\"@type\":\"ReadAction\",\"target\":[\"https:\/\/www.eurosmart.hu\/shop\/index.php\/termek\/milwaukee-vagasbiztos-lathatosagi-vedokesztyu-1-a-vagasi-szint-9-l-meret-1-par-4932479918\/\"]}]},{\"@type\":\"BreadcrumbList\",\"@id\":\"https:\/\/www.eurosmart.hu\/shop\/index.php\/termek\/milwaukee-vagasbiztos-lathatosagi-vedokesztyu-1-a-vagasi-szint-9-l-meret-1-par-4932479918\/#breadcrumb\",\"itemListElement\":[{\"@type\":\"ListItem\",\"position\":1,\"name\":\"Kezd\u0151lap\",\"item\":\"https:\/\/www.eurosmart.hu\/shop\/\"},{\"@type\":\"ListItem\",\"position\":2,\"name\":\"Term\u00e9keink\",\"item\":\"https:\/\/www.eurosmart.hu\/shop\/index.php\/uzlet\/\"},{\"@type\":\"ListItem\",\"position\":3,\"name\":\"MILWAUKEE V\u00c1G\u00c1SBIZTOS L\u00c1THAT\u00d3S\u00c1GI V\u00c9D\u0150KESZTY\u0170 1\/A V\u00c1G\u00c1SI SZINT 9\/L M\u00c9RET 1 P\u00c1R (4932479918)\"}]},{\"@type\":\"WebSite\",\"@id\":\"https:\/\/www.eurosmart.hu\/shop\/#website\",\"url\":\"https:\/\/www.eurosmart.hu\/shop\/\",\"name\":\"Eurosmart - Milwaukee web\u00e1ruh\u00e1z\",\"description\":\"Milwaukee web\u00e1ruh\u00e1z\",\"publisher\":{\"@id\":\"https:\/\/www.eurosmart.hu\/shop\/#organization\"},\"potentialAction\":[{\"@type\":\"SearchAction\",\"target\":{\"@type\":\"EntryPoint\",\"urlTemplate\":\"https:\/\/www.eurosmart.hu\/shop\/?s={search_term_string}\"},\"query-input\":\"required name=search_term_string\"}],\"inLanguage\":\"hu\"},{\"@type\":\"Organization\",\"@id\":\"https:\/\/www.eurosmart.hu\/shop\/#organization\",\"name\":\"Eurosmart - Milwaukee web\u00e1ruh\u00e1z\",\"url\":\"https:\/\/www.eurosmart.hu\/shop\/\",\"logo\":{\"@type\":\"ImageObject\",\"inLanguage\":\"hu\",\"@id\":\"https:\/\/www.eurosmart.hu\/shop\/#\/schema\/logo\/image\/\",\"url\":\"https:\/\/www.eurosmart.hu\/shop\/wp-content\/uploads\/2023\/10\/milwaukee-logo-1.png\",\"contentUrl\":\"https:\/\/www.eurosmart.hu\/shop\/wp-content\/uploads\/2023\/10\/milwaukee-logo-1.png\",\"width\":500,\"height\":200,\"caption\":\"Eurosmart - Milwaukee web\u00e1ruh\u00e1z\"},\"image\":{\"@id\":\"https:\/\/www.eurosmart.hu\/shop\/#\/schema\/logo\/image\/\"},\"sameAs\":[\"https:\/\/www.facebook.com\/EurosmartKft\"]}]}<\/script>\n<meta property=\"product:price:amount\" content=\"0\" \/>\n<meta property=\"product:price:currency\" content=\"HUF\" \/>\n<meta property=\"og:availability\" content=\"instock\" \/>\n<meta property=\"product:availability\" content=\"instock\" \/>\n<meta property=\"product:retailer_item_id\" content=\"4932479918\" \/>\n<meta property=\"product:condition\" content=\"new\" \/>\n<!-- \/ Yoast SEO Premium plugin. -->","yoast_head_json":{"title":"MILWAUKEE V\u00c1G\u00c1SBIZTOS L\u00c1THAT\u00d3S\u00c1GI V\u00c9D\u0150KESZTY\u0170 1\/A V\u00c1G\u00c1SI SZINT 9\/L M\u00c9RET 1 P\u00c1R (4932479918) - Eurosmart - Milwaukee web\u00e1ruh\u00e1z","robots":{"index":"index","follow":"follow","max-snippet":"max-snippet:-1","max-image-preview":"max-image-preview:large","max-video-preview":"max-video-preview:-1"},"canonical":"https:\/\/www.eurosmart.hu\/shop\/index.php\/termek\/milwaukee-vagasbiztos-lathatosagi-vedokesztyu-1-a-vagasi-szint-9-l-meret-1-par-4932479918\/","og_locale":"hu_HU","og_type":"article","og_title":"MILWAUKEE V\u00c1G\u00c1SBIZTOS L\u00c1THAT\u00d3S\u00c1GI V\u00c9D\u0150KESZTY\u0170 1\/A V\u00c1G\u00c1SI SZINT 9\/L M\u00c9RET 1 P\u00c1R (4932479918)","og_description":"A k\u00e9szlet tartalma: 1 p\u00e1r V\u00c1G\u00c1SBIZTOS L\u00c1THAT\u00d3S\u00c1GI V\u00c9D\u0150KESZTY\u0170 1\/A V\u00c1G\u00c1SI SZINT 9\/L M\u00c9RET","og_url":"https:\/\/www.eurosmart.hu\/shop\/index.php\/termek\/milwaukee-vagasbiztos-lathatosagi-vedokesztyu-1-a-vagasi-szint-9-l-meret-1-par-4932479918\/","og_site_name":"Eurosmart - Milwaukee web\u00e1ruh\u00e1z","article_publisher":"https:\/\/www.facebook.com\/EurosmartKft","article_modified_time":"2023-10-05T06:47:15+00:00","og_image":[{"width":600,"height":600,"url":"https:\/\/www.eurosmart.hu\/shop\/wp-content\/uploads\/2023\/09\/4932479917.jpg","type":"image\/jpeg"}],"twitter_card":"summary_large_image","twitter_misc":{"Price":"","Availability":"In stock"},"schema":{"@context":"https:\/\/schema.org","@graph":[{"@type":"WebPage","@id":"https:\/\/www.eurosmart.hu\/shop\/index.php\/termek\/milwaukee-vagasbiztos-lathatosagi-vedokesztyu-1-a-vagasi-szint-9-l-meret-1-par-4932479918\/","url":"https:\/\/www.eurosmart.hu\/shop\/index.php\/termek\/milwaukee-vagasbiztos-lathatosagi-vedokesztyu-1-a-vagasi-szint-9-l-meret-1-par-4932479918\/","name":"MILWAUKEE V\u00c1G\u00c1SBIZTOS L\u00c1THAT\u00d3S\u00c1GI V\u00c9D\u0150KESZTY\u0170 1\/A V\u00c1G\u00c1SI SZINT 9\/L M\u00c9RET 1 P\u00c1R (4932479918) - Eurosmart - Milwaukee web\u00e1ruh\u00e1z","isPartOf":{"@id":"https:\/\/www.eurosmart.hu\/shop\/#website"},"datePublished":"2023-09-26T13:00:08+00:00","dateModified":"2023-10-05T06:47:15+00:00","breadcrumb":{"@id":"https:\/\/www.eurosmart.hu\/shop\/index.php\/termek\/milwaukee-vagasbiztos-lathatosagi-vedokesztyu-1-a-vagasi-szint-9-l-meret-1-par-4932479918\/#breadcrumb"},"inLanguage":"hu","potentialAction":[{"@type":"ReadAction","target":["https:\/\/www.eurosmart.hu\/shop\/index.php\/termek\/milwaukee-vagasbiztos-lathatosagi-vedokesztyu-1-a-vagasi-szint-9-l-meret-1-par-4932479918\/"]}]},{"@type":"BreadcrumbList","@id":"https:\/\/www.eurosmart.hu\/shop\/index.php\/termek\/milwaukee-vagasbiztos-lathatosagi-vedokesztyu-1-a-vagasi-szint-9-l-meret-1-par-4932479918\/#breadcrumb","itemListElement":[{"@type":"ListItem","position":1,"name":"Kezd\u0151lap","item":"https:\/\/www.eurosmart.hu\/shop\/"},{"@type":"ListItem","position":2,"name":"Term\u00e9keink","item":"https:\/\/www.eurosmart.hu\/shop\/index.php\/uzlet\/"},{"@type":"ListItem","position":3,"name":"MILWAUKEE V\u00c1G\u00c1SBIZTOS L\u00c1THAT\u00d3S\u00c1GI V\u00c9D\u0150KESZTY\u0170 1\/A V\u00c1G\u00c1SI SZINT 9\/L M\u00c9RET 1 P\u00c1R (4932479918)"}]},{"@type":"WebSite","@id":"https:\/\/www.eurosmart.hu\/shop\/#website","url":"https:\/\/www.eurosmart.hu\/shop\/","name":"Eurosmart - Milwaukee web\u00e1ruh\u00e1z","description":"Milwaukee web\u00e1ruh\u00e1z","publisher":{"@id":"https:\/\/www.eurosmart.hu\/shop\/#organization"},"potentialAction":[{"@type":"SearchAction","target":{"@type":"EntryPoint","urlTemplate":"https:\/\/www.eurosmart.hu\/shop\/?s={search_term_string}"},"query-input":"required name=search_term_string"}],"inLanguage":"hu"},{"@type":"Organization","@id":"https:\/\/www.eurosmart.hu\/shop\/#organization","name":"Eurosmart - Milwaukee web\u00e1ruh\u00e1z","url":"https:\/\/www.eurosmart.hu\/shop\/","logo":{"@type":"ImageObject","inLanguage":"hu","@id":"https:\/\/www.eurosmart.hu\/shop\/#\/schema\/logo\/image\/","url":"https:\/\/www.eurosmart.hu\/shop\/wp-content\/uploads\/2023\/10\/milwaukee-logo-1.png","contentUrl":"https:\/\/www.eurosmart.hu\/shop\/wp-content\/uploads\/2023\/10\/milwaukee-logo-1.png","width":500,"height":200,"caption":"Eurosmart - Milwaukee web\u00e1ruh\u00e1z"},"image":{"@id":"https:\/\/www.eurosmart.hu\/shop\/#\/schema\/logo\/image\/"},"sameAs":["https:\/\/www.facebook.com\/EurosmartKft"]}]},"product_price_currency":"HUF","og_availability":"instock","product_availability":"instock","product_retailer_item_id":"4932479918","product_condition":"new"},"_links":{"self":[{"href":"https:\/\/www.eurosmart.hu\/shop\/index.php\/wp-json\/wp\/v2\/product\/2573","targetHints":{"allow":["GET"]}}],"collection":[{"href":"https:\/\/www.eurosmart.hu\/shop\/index.php\/wp-json\/wp\/v2\/product"}],"about":[{"href":"https:\/\/www.eurosmart.hu\/shop\/index.php\/wp-json\/wp\/v2\/types\/product"}],"wp:featuredmedia":[{"embeddable":true,"href":"https:\/\/www.eurosmart.hu\/shop\/index.php\/wp-json\/wp\/v2\/media\/2908"}],"wp:attachment":[{"href":"https:\/\/www.eurosmart.hu\/shop\/index.php\/wp-json\/wp\/v2\/media?parent=2573"}],"wp:term":[{"taxonomy":"product_cat","embeddable":true,"href":"https:\/\/www.eurosmart.hu\/shop\/index.php\/wp-json\/wp\/v2\/product_cat?post=2573"},{"taxonomy":"product_tag","embeddable":true,"href":"https:\/\/www.eurosmart.hu\/shop\/index.php\/wp-json\/wp\/v2\/product_tag?post=2573"}],"curies":[{"name":"wp","href":"https:\/\/api.w.org\/{rel}","templated":true}]}}