{"id":2533,"date":"2023-09-26T09:18:49","date_gmt":"2023-09-26T09:18:49","guid":{"rendered":"https:\/\/www.eurosmart.hu\/shop\/?post_type=product&#038;p=2533"},"modified":"2024-02-21T09:41:06","modified_gmt":"2024-02-21T09:41:06","slug":"milwaukee-bolt-vedoszemuveg-sotetitett-4932479947","status":"publish","type":"product","link":"https:\/\/www.eurosmart.hu\/shop\/index.php\/termek\/milwaukee-bolt-vedoszemuveg-sotetitett-4932479947\/","title":{"rendered":"MILWAUKEE BOLT\u2122200 V\u00c9D\u0150SZEM\u00dcVEG S\u00d6T\u00c9T\u00cdTETT (4932479947)"},"content":{"rendered":"<h5>Tulajdons\u00e1gok:<\/h5>\n<ul class=\"ProductFeaturesTextstyles__FeatureList-fxqvf2-1 dUrrwH\">\n<li class=\"ProductFeaturesTextstyles__Feature-fxqvf2-3 ggyeUS\">Panor\u00e1m\u00e1s l\u00e1t\u00f3mez\u0151vel rendelkez\u0151 szem\u00fcveg.<\/li>\n<li class=\"ProductFeaturesTextstyles__Feature-fxqvf2-3 ggyeUS\">BOLT\u2122 rendszer &#8211; biztos\u00edtja a kompatibilit\u00e1st a tartoz\u00e9kok k\u00f6z\u00f6tt, ami egy egyszer\u0171 \u00e9s intuit\u00edv r\u00f6gz\u00edt\u00e9si rendszer. BOLT\u2122 tartoz\u00e9kok sz\u00e9les v\u00e1laszt\u00e9ka \u00e1ll rendelkez\u00e9sre.<\/li>\n<li class=\"ProductFeaturesTextstyles__Feature-fxqvf2-3 ggyeUS\">Kompatibilis a BOLT\u2122 l\u00e1mp\u00e1val: a v\u00e9d\u0151szem\u00fcveg akkor is felhajthat\u00f3, ha a l\u00e1mpa r\u00f6gz\u00edtve van a sisakon<\/li>\n<li class=\"ProductFeaturesTextstyles__Feature-fxqvf2-3 ggyeUS\">Rendk\u00edv\u00fcl egyszer\u0171 \u00e9s intuit\u00edv felszerel\u00e9s \u00e9s elt\u00e1vol\u00edt\u00e1s.<\/li>\n<li class=\"ProductFeaturesTextstyles__Feature-fxqvf2-3 ggyeUS\">Polikarbon\u00e1tb\u00f3l k\u00e9sz\u00fclt lencse.<\/li>\n<li class=\"ProductFeaturesTextstyles__Feature-fxqvf2-3 ggyeUS\">Karc\u00e1ll\u00f3, K tan\u00fas\u00edtv\u00e1nnyal rendelkez\u0151 lencse az EN166 szabv\u00e1ny szerint.<\/li>\n<li class=\"ProductFeaturesTextstyles__Feature-fxqvf2-3 ggyeUS\">Homlokv\u00e9d\u0151 N tan\u00fas\u00edtv\u00e1nnyal rendelkezik az EN166 szabv\u00e1ny szerint.<\/li>\n<li class=\"ProductFeaturesTextstyles__Feature-fxqvf2-3 ggyeUS\">2 lencse\u00e1rnyalat: v\u00edztiszta \u00e9s s\u00f6t\u00e9t\u00edtett, k\u00fclt\u00e9ri alkalmaz\u00e1sokhoz.<\/li>\n<li class=\"ProductFeaturesTextstyles__Feature-fxqvf2-3 ggyeUS\">A kompakt v\u00e1ltozat v\u00e9kony \u00e9s kompakt kialak\u00edt\u00e1st k\u00edn\u00e1l \u00e9s csak a BOLT\u2122200 sisakkal kompatibilis.<\/li>\n<li class=\"ProductFeaturesTextstyles__Feature-fxqvf2-3 ggyeUS\">Az univerz\u00e1lis v\u00e1ltozat a BOLT\u2122 100 \u00e9s a\u00a0<a href=\"https:\/\/hu.milwaukeetool.eu\/hu-hu\/bolt200\/bolt%e2%84%a2-200\/\">BOLT\u2122 200<\/a>\u00a0sisakokhoz is illeszthet\u0151 egy-egy egyszer\u0171 kapcsol\u00f3rendszernek k\u00f6sz\u00f6nhet\u0151en.<\/li>\n<li class=\"ProductFeaturesTextstyles__Feature-fxqvf2-3 ggyeUS\">A v\u00e9d\u0151szem\u00fcvegek az EN 166 szabv\u00e1ny szerint tan\u00fas\u00edtottak.<\/li>\n<\/ul>\n","protected":false},"excerpt":{"rendered":"<p><strong>A k\u00e9szlet tartalma:<\/strong> 1 db BOLT\u2122200 V\u00c9D\u0150SZEM\u00dcVEG S\u00d6T\u00c9T\u00cdTETT<\/p>\n","protected":false},"featured_media":2534,"template":"","meta":[],"product_cat":[59,200,89,203],"product_tag":[],"class_list":["post-2533","product","type-product","status-publish","has-post-thumbnail","hentry","product_cat-milwaukee","product_cat-munkavedelem-termekek","product_cat-termekek","product_cat-vedoszemuvegek"],"yoast_head":"<!-- This site is optimized with the Yoast SEO Premium plugin v21.3 (Yoast SEO v21.3) - https:\/\/yoast.com\/wordpress\/plugins\/seo\/ -->\n<title>MILWAUKEE BOLT\u2122200 V\u00c9D\u0150SZEM\u00dcVEG S\u00d6T\u00c9T\u00cdTETT (4932479947) - Eurosmart - Milwaukee web\u00e1ruh\u00e1z<\/title>\n<meta name=\"robots\" content=\"index, follow, max-snippet:-1, max-image-preview:large, max-video-preview:-1\" \/>\n<link rel=\"canonical\" href=\"https:\/\/www.eurosmart.hu\/shop\/index.php\/termek\/milwaukee-bolt-vedoszemuveg-sotetitett-4932479947\/\" \/>\n<meta property=\"og:locale\" content=\"hu_HU\" \/>\n<meta property=\"og:type\" content=\"article\" \/>\n<meta property=\"og:title\" content=\"MILWAUKEE BOLT\u2122200 V\u00c9D\u0150SZEM\u00dcVEG S\u00d6T\u00c9T\u00cdTETT (4932479947)\" \/>\n<meta property=\"og:description\" content=\"A k\u00e9szlet tartalma: 1 db BOLT\u2122200 V\u00c9D\u0150SZEM\u00dcVEG S\u00d6T\u00c9T\u00cdTETT\" \/>\n<meta property=\"og:url\" content=\"https:\/\/www.eurosmart.hu\/shop\/index.php\/termek\/milwaukee-bolt-vedoszemuveg-sotetitett-4932479947\/\" \/>\n<meta property=\"og:site_name\" content=\"Eurosmart - Milwaukee web\u00e1ruh\u00e1z\" \/>\n<meta property=\"article:publisher\" content=\"https:\/\/www.facebook.com\/EurosmartKft\" \/>\n<meta property=\"article:modified_time\" content=\"2024-02-21T09:41:06+00:00\" \/>\n<meta property=\"og:image\" content=\"https:\/\/www.eurosmart.hu\/shop\/wp-content\/uploads\/2023\/09\/4932479947.jpg\" \/>\n\t<meta property=\"og:image:width\" content=\"600\" \/>\n\t<meta property=\"og:image:height\" content=\"600\" \/>\n\t<meta property=\"og:image:type\" content=\"image\/jpeg\" \/>\n<meta name=\"twitter:card\" content=\"summary_large_image\" \/>\n<meta name=\"twitter:label1\" content=\"Price\" \/>\n\t<meta name=\"twitter:data1\" content=\"\" \/>\n\t<meta name=\"twitter:label2\" content=\"Availability\" \/>\n\t<meta name=\"twitter:data2\" content=\"In stock\" \/>\n<script type=\"application\/ld+json\" class=\"yoast-schema-graph\">{\"@context\":\"https:\/\/schema.org\",\"@graph\":[{\"@type\":\"WebPage\",\"@id\":\"https:\/\/www.eurosmart.hu\/shop\/index.php\/termek\/milwaukee-bolt-vedoszemuveg-sotetitett-4932479947\/\",\"url\":\"https:\/\/www.eurosmart.hu\/shop\/index.php\/termek\/milwaukee-bolt-vedoszemuveg-sotetitett-4932479947\/\",\"name\":\"MILWAUKEE BOLT\u2122200 V\u00c9D\u0150SZEM\u00dcVEG S\u00d6T\u00c9T\u00cdTETT (4932479947) - Eurosmart - Milwaukee web\u00e1ruh\u00e1z\",\"isPartOf\":{\"@id\":\"https:\/\/www.eurosmart.hu\/shop\/#website\"},\"datePublished\":\"2023-09-26T09:18:49+00:00\",\"dateModified\":\"2024-02-21T09:41:06+00:00\",\"breadcrumb\":{\"@id\":\"https:\/\/www.eurosmart.hu\/shop\/index.php\/termek\/milwaukee-bolt-vedoszemuveg-sotetitett-4932479947\/#breadcrumb\"},\"inLanguage\":\"hu\",\"potentialAction\":[{\"@type\":\"ReadAction\",\"target\":[\"https:\/\/www.eurosmart.hu\/shop\/index.php\/termek\/milwaukee-bolt-vedoszemuveg-sotetitett-4932479947\/\"]}]},{\"@type\":\"BreadcrumbList\",\"@id\":\"https:\/\/www.eurosmart.hu\/shop\/index.php\/termek\/milwaukee-bolt-vedoszemuveg-sotetitett-4932479947\/#breadcrumb\",\"itemListElement\":[{\"@type\":\"ListItem\",\"position\":1,\"name\":\"Kezd\u0151lap\",\"item\":\"https:\/\/www.eurosmart.hu\/shop\/\"},{\"@type\":\"ListItem\",\"position\":2,\"name\":\"Term\u00e9keink\",\"item\":\"https:\/\/www.eurosmart.hu\/shop\/index.php\/uzlet\/\"},{\"@type\":\"ListItem\",\"position\":3,\"name\":\"MILWAUKEE BOLT\u2122200 V\u00c9D\u0150SZEM\u00dcVEG S\u00d6T\u00c9T\u00cdTETT (4932479947)\"}]},{\"@type\":\"WebSite\",\"@id\":\"https:\/\/www.eurosmart.hu\/shop\/#website\",\"url\":\"https:\/\/www.eurosmart.hu\/shop\/\",\"name\":\"Eurosmart - Milwaukee web\u00e1ruh\u00e1z\",\"description\":\"Milwaukee web\u00e1ruh\u00e1z\",\"publisher\":{\"@id\":\"https:\/\/www.eurosmart.hu\/shop\/#organization\"},\"potentialAction\":[{\"@type\":\"SearchAction\",\"target\":{\"@type\":\"EntryPoint\",\"urlTemplate\":\"https:\/\/www.eurosmart.hu\/shop\/?s={search_term_string}\"},\"query-input\":\"required name=search_term_string\"}],\"inLanguage\":\"hu\"},{\"@type\":\"Organization\",\"@id\":\"https:\/\/www.eurosmart.hu\/shop\/#organization\",\"name\":\"Eurosmart - Milwaukee web\u00e1ruh\u00e1z\",\"url\":\"https:\/\/www.eurosmart.hu\/shop\/\",\"logo\":{\"@type\":\"ImageObject\",\"inLanguage\":\"hu\",\"@id\":\"https:\/\/www.eurosmart.hu\/shop\/#\/schema\/logo\/image\/\",\"url\":\"https:\/\/www.eurosmart.hu\/shop\/wp-content\/uploads\/2023\/10\/milwaukee-logo-1.png\",\"contentUrl\":\"https:\/\/www.eurosmart.hu\/shop\/wp-content\/uploads\/2023\/10\/milwaukee-logo-1.png\",\"width\":500,\"height\":200,\"caption\":\"Eurosmart - Milwaukee web\u00e1ruh\u00e1z\"},\"image\":{\"@id\":\"https:\/\/www.eurosmart.hu\/shop\/#\/schema\/logo\/image\/\"},\"sameAs\":[\"https:\/\/www.facebook.com\/EurosmartKft\"]}]}<\/script>\n<meta property=\"product:price:amount\" content=\"0\" \/>\n<meta property=\"product:price:currency\" content=\"HUF\" \/>\n<meta property=\"og:availability\" content=\"instock\" \/>\n<meta property=\"product:availability\" content=\"instock\" \/>\n<meta property=\"product:retailer_item_id\" content=\"4932479947\" \/>\n<meta property=\"product:condition\" content=\"new\" \/>\n<!-- \/ Yoast SEO Premium plugin. -->","yoast_head_json":{"title":"MILWAUKEE BOLT\u2122200 V\u00c9D\u0150SZEM\u00dcVEG S\u00d6T\u00c9T\u00cdTETT (4932479947) - Eurosmart - Milwaukee web\u00e1ruh\u00e1z","robots":{"index":"index","follow":"follow","max-snippet":"max-snippet:-1","max-image-preview":"max-image-preview:large","max-video-preview":"max-video-preview:-1"},"canonical":"https:\/\/www.eurosmart.hu\/shop\/index.php\/termek\/milwaukee-bolt-vedoszemuveg-sotetitett-4932479947\/","og_locale":"hu_HU","og_type":"article","og_title":"MILWAUKEE BOLT\u2122200 V\u00c9D\u0150SZEM\u00dcVEG S\u00d6T\u00c9T\u00cdTETT (4932479947)","og_description":"A k\u00e9szlet tartalma: 1 db BOLT\u2122200 V\u00c9D\u0150SZEM\u00dcVEG S\u00d6T\u00c9T\u00cdTETT","og_url":"https:\/\/www.eurosmart.hu\/shop\/index.php\/termek\/milwaukee-bolt-vedoszemuveg-sotetitett-4932479947\/","og_site_name":"Eurosmart - Milwaukee web\u00e1ruh\u00e1z","article_publisher":"https:\/\/www.facebook.com\/EurosmartKft","article_modified_time":"2024-02-21T09:41:06+00:00","og_image":[{"width":600,"height":600,"url":"https:\/\/www.eurosmart.hu\/shop\/wp-content\/uploads\/2023\/09\/4932479947.jpg","type":"image\/jpeg"}],"twitter_card":"summary_large_image","twitter_misc":{"Price":"","Availability":"In stock"},"schema":{"@context":"https:\/\/schema.org","@graph":[{"@type":"WebPage","@id":"https:\/\/www.eurosmart.hu\/shop\/index.php\/termek\/milwaukee-bolt-vedoszemuveg-sotetitett-4932479947\/","url":"https:\/\/www.eurosmart.hu\/shop\/index.php\/termek\/milwaukee-bolt-vedoszemuveg-sotetitett-4932479947\/","name":"MILWAUKEE BOLT\u2122200 V\u00c9D\u0150SZEM\u00dcVEG S\u00d6T\u00c9T\u00cdTETT (4932479947) - Eurosmart - Milwaukee web\u00e1ruh\u00e1z","isPartOf":{"@id":"https:\/\/www.eurosmart.hu\/shop\/#website"},"datePublished":"2023-09-26T09:18:49+00:00","dateModified":"2024-02-21T09:41:06+00:00","breadcrumb":{"@id":"https:\/\/www.eurosmart.hu\/shop\/index.php\/termek\/milwaukee-bolt-vedoszemuveg-sotetitett-4932479947\/#breadcrumb"},"inLanguage":"hu","potentialAction":[{"@type":"ReadAction","target":["https:\/\/www.eurosmart.hu\/shop\/index.php\/termek\/milwaukee-bolt-vedoszemuveg-sotetitett-4932479947\/"]}]},{"@type":"BreadcrumbList","@id":"https:\/\/www.eurosmart.hu\/shop\/index.php\/termek\/milwaukee-bolt-vedoszemuveg-sotetitett-4932479947\/#breadcrumb","itemListElement":[{"@type":"ListItem","position":1,"name":"Kezd\u0151lap","item":"https:\/\/www.eurosmart.hu\/shop\/"},{"@type":"ListItem","position":2,"name":"Term\u00e9keink","item":"https:\/\/www.eurosmart.hu\/shop\/index.php\/uzlet\/"},{"@type":"ListItem","position":3,"name":"MILWAUKEE BOLT\u2122200 V\u00c9D\u0150SZEM\u00dcVEG S\u00d6T\u00c9T\u00cdTETT (4932479947)"}]},{"@type":"WebSite","@id":"https:\/\/www.eurosmart.hu\/shop\/#website","url":"https:\/\/www.eurosmart.hu\/shop\/","name":"Eurosmart - Milwaukee web\u00e1ruh\u00e1z","description":"Milwaukee web\u00e1ruh\u00e1z","publisher":{"@id":"https:\/\/www.eurosmart.hu\/shop\/#organization"},"potentialAction":[{"@type":"SearchAction","target":{"@type":"EntryPoint","urlTemplate":"https:\/\/www.eurosmart.hu\/shop\/?s={search_term_string}"},"query-input":"required name=search_term_string"}],"inLanguage":"hu"},{"@type":"Organization","@id":"https:\/\/www.eurosmart.hu\/shop\/#organization","name":"Eurosmart - Milwaukee web\u00e1ruh\u00e1z","url":"https:\/\/www.eurosmart.hu\/shop\/","logo":{"@type":"ImageObject","inLanguage":"hu","@id":"https:\/\/www.eurosmart.hu\/shop\/#\/schema\/logo\/image\/","url":"https:\/\/www.eurosmart.hu\/shop\/wp-content\/uploads\/2023\/10\/milwaukee-logo-1.png","contentUrl":"https:\/\/www.eurosmart.hu\/shop\/wp-content\/uploads\/2023\/10\/milwaukee-logo-1.png","width":500,"height":200,"caption":"Eurosmart - Milwaukee web\u00e1ruh\u00e1z"},"image":{"@id":"https:\/\/www.eurosmart.hu\/shop\/#\/schema\/logo\/image\/"},"sameAs":["https:\/\/www.facebook.com\/EurosmartKft"]}]},"product_price_currency":"HUF","og_availability":"instock","product_availability":"instock","product_retailer_item_id":"4932479947","product_condition":"new"},"_links":{"self":[{"href":"https:\/\/www.eurosmart.hu\/shop\/index.php\/wp-json\/wp\/v2\/product\/2533","targetHints":{"allow":["GET"]}}],"collection":[{"href":"https:\/\/www.eurosmart.hu\/shop\/index.php\/wp-json\/wp\/v2\/product"}],"about":[{"href":"https:\/\/www.eurosmart.hu\/shop\/index.php\/wp-json\/wp\/v2\/types\/product"}],"wp:featuredmedia":[{"embeddable":true,"href":"https:\/\/www.eurosmart.hu\/shop\/index.php\/wp-json\/wp\/v2\/media\/2534"}],"wp:attachment":[{"href":"https:\/\/www.eurosmart.hu\/shop\/index.php\/wp-json\/wp\/v2\/media?parent=2533"}],"wp:term":[{"taxonomy":"product_cat","embeddable":true,"href":"https:\/\/www.eurosmart.hu\/shop\/index.php\/wp-json\/wp\/v2\/product_cat?post=2533"},{"taxonomy":"product_tag","embeddable":true,"href":"https:\/\/www.eurosmart.hu\/shop\/index.php\/wp-json\/wp\/v2\/product_tag?post=2533"}],"curies":[{"name":"wp","href":"https:\/\/api.w.org\/{rel}","templated":true}]}}