{"id":2525,"date":"2023-09-26T08:54:50","date_gmt":"2023-09-26T08:54:50","guid":{"rendered":"https:\/\/www.eurosmart.hu\/shop\/?post_type=product&#038;p=2525"},"modified":"2023-10-05T06:54:13","modified_gmt":"2023-10-05T06:54:13","slug":"milwaukee-bolt200-vedosisak-zold-nem-szellozo-4932480656","status":"publish","type":"product","link":"https:\/\/www.eurosmart.hu\/shop\/index.php\/termek\/milwaukee-bolt200-vedosisak-zold-nem-szellozo-4932480656\/","title":{"rendered":"MILWAUKEE BOLT\u2122200 V\u00c9D\u0150SISAK Z\u00d6LD NEM SZELL\u0150Z\u0150 (4932480656)"},"content":{"rendered":"<h5>Tulajdons\u00e1gok:<\/h5>\n<ul class=\"ProductFeaturesTextstyles__FeatureList-fxqvf2-1 dUrrwH\">\n<li class=\"ProductFeaturesTextstyles__Feature-fxqvf2-3 ggyeUS\">Lexanb\u00f3l k\u00e9sz\u00fclt sisak h\u00e9j &#8211; rendk\u00edv\u00fcl \u00fct\u00e9s\u00e1ll\u00f3.<\/li>\n<li class=\"ProductFeaturesTextstyles__Feature-fxqvf2-3 ggyeUS\">BOLT\u2122 rendszer &#8211; a tartoz\u00e9kok k\u00f6z\u00f6tti kompatibilit\u00e1s biztos\u00edt\u00e1sa egyszer\u0171 \u00e9s innovat\u00edv. BOLT\u2122 tartoz\u00e9kok sz\u00e9les v\u00e1laszt\u00e9ka kaphat\u00f3.<\/li>\n<li class=\"ProductFeaturesTextstyles__Feature-fxqvf2-3 ggyeUS\">Rendk\u00edv\u00fcl k\u00e9nyelmes \u00e9s k\u00f6nnyen be\u00e1ll\u00edthat\u00f3 ker\u00e9kreteszes \u00e1ll\u00edt\u00e1si rendszer.<\/li>\n<li class=\"ProductFeaturesTextstyles__Feature-fxqvf2-3 ggyeUS\">Az \u00fct\u00e9s hely\u00e9t\u0151l f\u00fcggetlen, egyenletes \u00fct\u00e9selnyel\u0151 habrug\u00f3s rendszer.<\/li>\n<li class=\"ProductFeaturesTextstyles__Feature-fxqvf2-3 ggyeUS\">K\u00e9nyelmes bels\u0151 habrug\u00f3s b\u00e9l\u00e9ssel kieg\u00e9sz\u00edtve az extra k\u00e9nyelem \u00e9rdek\u00e9ben.<\/li>\n<li class=\"ProductFeaturesTextstyles__Feature-fxqvf2-3 ggyeUS\">L\u00e9legz\u0151, moshat\u00f3 \u00e9s cser\u00e9lhet\u0151 pr\u00e9mium min\u0151s\u00e9g\u0171 izzads\u00e1gp\u00e1nt.<\/li>\n<li class=\"ProductFeaturesTextstyles__Feature-fxqvf2-3 ggyeUS\">L\u00e9legz\u0151, moshat\u00f3 \u00e9s cser\u00e9lhet\u0151 pr\u00e9mium koronab\u00e9l\u00e9s.<\/li>\n<li class=\"ProductFeaturesTextstyles__Feature-fxqvf2-3 ggyeUS\">Szell\u0151z\u0151s v\u00e1ltozat, amelyet felszerelt EN 12492 tan\u00fas\u00edtv\u00e1nnyal rendelkez\u0151 \u00e1llp\u00e1nttal sz\u00e1ll\u00edtanak (sz\u00ednk\u00f3d: piros).<\/li>\n<li class=\"ProductFeaturesTextstyles__Feature-fxqvf2-3 ggyeUS\">Szell\u0151z\u0151 \u00e9s nem szell\u0151z\u0151 v\u00e1ltozatok EN 397 tan\u00fas\u00edtv\u00e1nnyal ell\u00e1tott \u00e1llp\u00e1nttal sz\u00e1ll\u00edtva (sz\u00ednk\u00f3d: sz\u00fcrke).<\/li>\n<li class=\"ProductFeaturesTextstyles__Feature-fxqvf2-3 ggyeUS\">Az EN 397:2012 szabv\u00e1ny szerint tan\u00fas\u00edtott, extr\u00e9m h\u0151m\u00e9rs\u00e9klet 40\u00b0C, oldalir\u00e1ny\u00fa deform\u00e1ci\u00f3k ellen. Elektromos szigetel\u00e9s 440 V v\u00e1ltakoz\u00f3 fesz\u00fclts\u00e9gig (nem szell\u0151z\u0151s v\u00e1ltozat).<\/li>\n<li class=\"ProductFeaturesTextstyles__Feature-fxqvf2-3 ggyeUS\">Az EN 12492:2012 (szell\u0151z\u0151 v\u00e1ltozat) \u00e9s az EN12492: 2012 szerint tan\u00fas\u00edtott, kiv\u00e9ve a 4.1.4. pont (nem szell\u0151z\u0151 v\u00e1ltozat).<\/li>\n<li class=\"ProductFeaturesTextstyles__Feature-fxqvf2-3 ggyeUS\">M\u00e9ret: 52 &#8211; 68 cm.<\/li>\n<li class=\"ProductFeaturesTextstyles__Feature-fxqvf2-3 ggyeUS\">8 sz\u00ednben el\u00e9rhet\u0151 matt fel\u00fclettel: feh\u00e9r, s\u00e1rga, narancs, piros, fekete, z\u00f6ld, k\u00e9k \u00e9s j\u00f3l l\u00e1that\u00f3s\u00e1gi s\u00e1rga.<\/li>\n<\/ul>\n","protected":false},"excerpt":{"rendered":"<p><strong>A k\u00e9szlet tartalma:<\/strong> 1 db BOLT\u2122200 V\u00c9D\u0150SISAK Z\u00d6LD NEM SZELL\u0150Z\u0150<\/p>\n","protected":false},"featured_media":2526,"template":"","meta":[],"product_cat":[205,59,200,89],"product_tag":[],"class_list":["post-2525","product","type-product","status-publish","has-post-thumbnail","hentry","product_cat-fejvedok-es-legzesvedelem","product_cat-milwaukee","product_cat-munkavedelem-termekek","product_cat-termekek"],"yoast_head":"<!-- This site is optimized with the Yoast SEO Premium plugin v21.3 (Yoast SEO v21.3) - https:\/\/yoast.com\/wordpress\/plugins\/seo\/ -->\n<title>MILWAUKEE BOLT\u2122200 V\u00c9D\u0150SISAK Z\u00d6LD NEM SZELL\u0150Z\u0150 (4932480656) - Eurosmart - Milwaukee web\u00e1ruh\u00e1z<\/title>\n<meta name=\"robots\" content=\"index, follow, max-snippet:-1, max-image-preview:large, max-video-preview:-1\" \/>\n<link rel=\"canonical\" href=\"https:\/\/www.eurosmart.hu\/shop\/index.php\/termek\/milwaukee-bolt200-vedosisak-zold-nem-szellozo-4932480656\/\" \/>\n<meta property=\"og:locale\" content=\"hu_HU\" \/>\n<meta property=\"og:type\" content=\"article\" \/>\n<meta property=\"og:title\" content=\"MILWAUKEE BOLT\u2122200 V\u00c9D\u0150SISAK Z\u00d6LD NEM SZELL\u0150Z\u0150 (4932480656)\" \/>\n<meta property=\"og:description\" content=\"A k\u00e9szlet tartalma: 1 db BOLT\u2122200 V\u00c9D\u0150SISAK Z\u00d6LD NEM SZELL\u0150Z\u0150\" \/>\n<meta property=\"og:url\" content=\"https:\/\/www.eurosmart.hu\/shop\/index.php\/termek\/milwaukee-bolt200-vedosisak-zold-nem-szellozo-4932480656\/\" \/>\n<meta property=\"og:site_name\" content=\"Eurosmart - Milwaukee web\u00e1ruh\u00e1z\" \/>\n<meta property=\"article:publisher\" content=\"https:\/\/www.facebook.com\/EurosmartKft\" \/>\n<meta property=\"article:modified_time\" content=\"2023-10-05T06:54:13+00:00\" \/>\n<meta property=\"og:image\" content=\"https:\/\/www.eurosmart.hu\/shop\/wp-content\/uploads\/2023\/09\/4932480656.jpg\" \/>\n\t<meta property=\"og:image:width\" content=\"600\" \/>\n\t<meta property=\"og:image:height\" content=\"600\" \/>\n\t<meta property=\"og:image:type\" content=\"image\/jpeg\" \/>\n<meta name=\"twitter:card\" content=\"summary_large_image\" \/>\n<meta name=\"twitter:label1\" content=\"Price\" \/>\n\t<meta name=\"twitter:data1\" content=\"\" \/>\n\t<meta name=\"twitter:label2\" content=\"Availability\" \/>\n\t<meta name=\"twitter:data2\" content=\"In stock\" \/>\n<script type=\"application\/ld+json\" class=\"yoast-schema-graph\">{\"@context\":\"https:\/\/schema.org\",\"@graph\":[{\"@type\":\"WebPage\",\"@id\":\"https:\/\/www.eurosmart.hu\/shop\/index.php\/termek\/milwaukee-bolt200-vedosisak-zold-nem-szellozo-4932480656\/\",\"url\":\"https:\/\/www.eurosmart.hu\/shop\/index.php\/termek\/milwaukee-bolt200-vedosisak-zold-nem-szellozo-4932480656\/\",\"name\":\"MILWAUKEE BOLT\u2122200 V\u00c9D\u0150SISAK Z\u00d6LD NEM SZELL\u0150Z\u0150 (4932480656) - Eurosmart - Milwaukee web\u00e1ruh\u00e1z\",\"isPartOf\":{\"@id\":\"https:\/\/www.eurosmart.hu\/shop\/#website\"},\"datePublished\":\"2023-09-26T08:54:50+00:00\",\"dateModified\":\"2023-10-05T06:54:13+00:00\",\"breadcrumb\":{\"@id\":\"https:\/\/www.eurosmart.hu\/shop\/index.php\/termek\/milwaukee-bolt200-vedosisak-zold-nem-szellozo-4932480656\/#breadcrumb\"},\"inLanguage\":\"hu\",\"potentialAction\":[{\"@type\":\"ReadAction\",\"target\":[\"https:\/\/www.eurosmart.hu\/shop\/index.php\/termek\/milwaukee-bolt200-vedosisak-zold-nem-szellozo-4932480656\/\"]}]},{\"@type\":\"BreadcrumbList\",\"@id\":\"https:\/\/www.eurosmart.hu\/shop\/index.php\/termek\/milwaukee-bolt200-vedosisak-zold-nem-szellozo-4932480656\/#breadcrumb\",\"itemListElement\":[{\"@type\":\"ListItem\",\"position\":1,\"name\":\"Kezd\u0151lap\",\"item\":\"https:\/\/www.eurosmart.hu\/shop\/\"},{\"@type\":\"ListItem\",\"position\":2,\"name\":\"Term\u00e9keink\",\"item\":\"https:\/\/www.eurosmart.hu\/shop\/index.php\/uzlet\/\"},{\"@type\":\"ListItem\",\"position\":3,\"name\":\"MILWAUKEE BOLT\u2122200 V\u00c9D\u0150SISAK Z\u00d6LD NEM SZELL\u0150Z\u0150 (4932480656)\"}]},{\"@type\":\"WebSite\",\"@id\":\"https:\/\/www.eurosmart.hu\/shop\/#website\",\"url\":\"https:\/\/www.eurosmart.hu\/shop\/\",\"name\":\"Eurosmart - Milwaukee web\u00e1ruh\u00e1z\",\"description\":\"Milwaukee web\u00e1ruh\u00e1z\",\"publisher\":{\"@id\":\"https:\/\/www.eurosmart.hu\/shop\/#organization\"},\"potentialAction\":[{\"@type\":\"SearchAction\",\"target\":{\"@type\":\"EntryPoint\",\"urlTemplate\":\"https:\/\/www.eurosmart.hu\/shop\/?s={search_term_string}\"},\"query-input\":\"required name=search_term_string\"}],\"inLanguage\":\"hu\"},{\"@type\":\"Organization\",\"@id\":\"https:\/\/www.eurosmart.hu\/shop\/#organization\",\"name\":\"Eurosmart - Milwaukee web\u00e1ruh\u00e1z\",\"url\":\"https:\/\/www.eurosmart.hu\/shop\/\",\"logo\":{\"@type\":\"ImageObject\",\"inLanguage\":\"hu\",\"@id\":\"https:\/\/www.eurosmart.hu\/shop\/#\/schema\/logo\/image\/\",\"url\":\"https:\/\/www.eurosmart.hu\/shop\/wp-content\/uploads\/2023\/10\/milwaukee-logo-1.png\",\"contentUrl\":\"https:\/\/www.eurosmart.hu\/shop\/wp-content\/uploads\/2023\/10\/milwaukee-logo-1.png\",\"width\":500,\"height\":200,\"caption\":\"Eurosmart - Milwaukee web\u00e1ruh\u00e1z\"},\"image\":{\"@id\":\"https:\/\/www.eurosmart.hu\/shop\/#\/schema\/logo\/image\/\"},\"sameAs\":[\"https:\/\/www.facebook.com\/EurosmartKft\"]}]}<\/script>\n<meta property=\"product:price:amount\" content=\"0\" \/>\n<meta property=\"product:price:currency\" content=\"HUF\" \/>\n<meta property=\"og:availability\" content=\"instock\" \/>\n<meta property=\"product:availability\" content=\"instock\" \/>\n<meta property=\"product:retailer_item_id\" content=\"4932480656\" \/>\n<meta property=\"product:condition\" content=\"new\" \/>\n<!-- \/ Yoast SEO Premium plugin. -->","yoast_head_json":{"title":"MILWAUKEE BOLT\u2122200 V\u00c9D\u0150SISAK Z\u00d6LD NEM SZELL\u0150Z\u0150 (4932480656) - Eurosmart - Milwaukee web\u00e1ruh\u00e1z","robots":{"index":"index","follow":"follow","max-snippet":"max-snippet:-1","max-image-preview":"max-image-preview:large","max-video-preview":"max-video-preview:-1"},"canonical":"https:\/\/www.eurosmart.hu\/shop\/index.php\/termek\/milwaukee-bolt200-vedosisak-zold-nem-szellozo-4932480656\/","og_locale":"hu_HU","og_type":"article","og_title":"MILWAUKEE BOLT\u2122200 V\u00c9D\u0150SISAK Z\u00d6LD NEM SZELL\u0150Z\u0150 (4932480656)","og_description":"A k\u00e9szlet tartalma: 1 db BOLT\u2122200 V\u00c9D\u0150SISAK Z\u00d6LD NEM SZELL\u0150Z\u0150","og_url":"https:\/\/www.eurosmart.hu\/shop\/index.php\/termek\/milwaukee-bolt200-vedosisak-zold-nem-szellozo-4932480656\/","og_site_name":"Eurosmart - Milwaukee web\u00e1ruh\u00e1z","article_publisher":"https:\/\/www.facebook.com\/EurosmartKft","article_modified_time":"2023-10-05T06:54:13+00:00","og_image":[{"width":600,"height":600,"url":"https:\/\/www.eurosmart.hu\/shop\/wp-content\/uploads\/2023\/09\/4932480656.jpg","type":"image\/jpeg"}],"twitter_card":"summary_large_image","twitter_misc":{"Price":"","Availability":"In stock"},"schema":{"@context":"https:\/\/schema.org","@graph":[{"@type":"WebPage","@id":"https:\/\/www.eurosmart.hu\/shop\/index.php\/termek\/milwaukee-bolt200-vedosisak-zold-nem-szellozo-4932480656\/","url":"https:\/\/www.eurosmart.hu\/shop\/index.php\/termek\/milwaukee-bolt200-vedosisak-zold-nem-szellozo-4932480656\/","name":"MILWAUKEE BOLT\u2122200 V\u00c9D\u0150SISAK Z\u00d6LD NEM SZELL\u0150Z\u0150 (4932480656) - Eurosmart - Milwaukee web\u00e1ruh\u00e1z","isPartOf":{"@id":"https:\/\/www.eurosmart.hu\/shop\/#website"},"datePublished":"2023-09-26T08:54:50+00:00","dateModified":"2023-10-05T06:54:13+00:00","breadcrumb":{"@id":"https:\/\/www.eurosmart.hu\/shop\/index.php\/termek\/milwaukee-bolt200-vedosisak-zold-nem-szellozo-4932480656\/#breadcrumb"},"inLanguage":"hu","potentialAction":[{"@type":"ReadAction","target":["https:\/\/www.eurosmart.hu\/shop\/index.php\/termek\/milwaukee-bolt200-vedosisak-zold-nem-szellozo-4932480656\/"]}]},{"@type":"BreadcrumbList","@id":"https:\/\/www.eurosmart.hu\/shop\/index.php\/termek\/milwaukee-bolt200-vedosisak-zold-nem-szellozo-4932480656\/#breadcrumb","itemListElement":[{"@type":"ListItem","position":1,"name":"Kezd\u0151lap","item":"https:\/\/www.eurosmart.hu\/shop\/"},{"@type":"ListItem","position":2,"name":"Term\u00e9keink","item":"https:\/\/www.eurosmart.hu\/shop\/index.php\/uzlet\/"},{"@type":"ListItem","position":3,"name":"MILWAUKEE BOLT\u2122200 V\u00c9D\u0150SISAK Z\u00d6LD NEM SZELL\u0150Z\u0150 (4932480656)"}]},{"@type":"WebSite","@id":"https:\/\/www.eurosmart.hu\/shop\/#website","url":"https:\/\/www.eurosmart.hu\/shop\/","name":"Eurosmart - Milwaukee web\u00e1ruh\u00e1z","description":"Milwaukee web\u00e1ruh\u00e1z","publisher":{"@id":"https:\/\/www.eurosmart.hu\/shop\/#organization"},"potentialAction":[{"@type":"SearchAction","target":{"@type":"EntryPoint","urlTemplate":"https:\/\/www.eurosmart.hu\/shop\/?s={search_term_string}"},"query-input":"required name=search_term_string"}],"inLanguage":"hu"},{"@type":"Organization","@id":"https:\/\/www.eurosmart.hu\/shop\/#organization","name":"Eurosmart - Milwaukee web\u00e1ruh\u00e1z","url":"https:\/\/www.eurosmart.hu\/shop\/","logo":{"@type":"ImageObject","inLanguage":"hu","@id":"https:\/\/www.eurosmart.hu\/shop\/#\/schema\/logo\/image\/","url":"https:\/\/www.eurosmart.hu\/shop\/wp-content\/uploads\/2023\/10\/milwaukee-logo-1.png","contentUrl":"https:\/\/www.eurosmart.hu\/shop\/wp-content\/uploads\/2023\/10\/milwaukee-logo-1.png","width":500,"height":200,"caption":"Eurosmart - Milwaukee web\u00e1ruh\u00e1z"},"image":{"@id":"https:\/\/www.eurosmart.hu\/shop\/#\/schema\/logo\/image\/"},"sameAs":["https:\/\/www.facebook.com\/EurosmartKft"]}]},"product_price_currency":"HUF","og_availability":"instock","product_availability":"instock","product_retailer_item_id":"4932480656","product_condition":"new"},"_links":{"self":[{"href":"https:\/\/www.eurosmart.hu\/shop\/index.php\/wp-json\/wp\/v2\/product\/2525","targetHints":{"allow":["GET"]}}],"collection":[{"href":"https:\/\/www.eurosmart.hu\/shop\/index.php\/wp-json\/wp\/v2\/product"}],"about":[{"href":"https:\/\/www.eurosmart.hu\/shop\/index.php\/wp-json\/wp\/v2\/types\/product"}],"wp:featuredmedia":[{"embeddable":true,"href":"https:\/\/www.eurosmart.hu\/shop\/index.php\/wp-json\/wp\/v2\/media\/2526"}],"wp:attachment":[{"href":"https:\/\/www.eurosmart.hu\/shop\/index.php\/wp-json\/wp\/v2\/media?parent=2525"}],"wp:term":[{"taxonomy":"product_cat","embeddable":true,"href":"https:\/\/www.eurosmart.hu\/shop\/index.php\/wp-json\/wp\/v2\/product_cat?post=2525"},{"taxonomy":"product_tag","embeddable":true,"href":"https:\/\/www.eurosmart.hu\/shop\/index.php\/wp-json\/wp\/v2\/product_tag?post=2525"}],"curies":[{"name":"wp","href":"https:\/\/api.w.org\/{rel}","templated":true}]}}