{"id":2439,"date":"2023-09-22T10:24:04","date_gmt":"2023-09-22T10:24:04","guid":{"rendered":"https:\/\/www.eurosmart.hu\/shop\/?post_type=product&#038;p=2439"},"modified":"2023-10-05T06:59:18","modified_gmt":"2023-10-05T06:59:18","slug":"milwaukee-25-darabos-szigetelt-szerszamkeszlet-villanyszereloknek-4932492660","status":"publish","type":"product","link":"https:\/\/www.eurosmart.hu\/shop\/index.php\/termek\/milwaukee-25-darabos-szigetelt-szerszamkeszlet-villanyszereloknek-4932492660\/","title":{"rendered":"MILWAUKEE 25 DARABOS SZIGETELT SZERSZ\u00c1MK\u00c9SZLET VILLANYSZEREL\u0150KNEK (4932492660)"},"content":{"rendered":"<p><strong>Tulajdons\u00e1gok:<\/strong><\/p>\n<ul>\n<li>Komplett k\u00e9ziszersz\u00e1mk\u00e9szlet villanyszerel\u0151k r\u00e9sz\u00e9re<\/li>\n<li>A VDE szersz\u00e1mokat 10 000 V-ra tesztelt\u00e9k, \u00e9s 1000 V-ig garant\u00e1lj\u00e1k<\/li>\n<li>Vill\u00e1skulcsok, imbuszkulcsok, oll\u00f3 stb.<\/li>\n<li>Rendszerez\u0151 t\u00e1sk\u00e1ban, hogy k\u00f6nnyen megtal\u00e1lhat\u00f3 legyen benne amit keres<\/li>\n<\/ul>\n<p><strong>A k\u00e9szlet tartalma:<\/strong><\/p>\n<ul>\n<li>1 db Milwaukee elektromos csavarh\u00faz\u00f3 teszter<\/li>\n<li>Csavarh\u00faz\u00f3k: PH1 \/ PH2 \/ SL 0,5 \/ SL 0,8 \/ SL 1,0<\/li>\n<li>1 db 160 mm-es \u00e1tl\u00f3s v\u00e1g\u00f3<\/li>\n<li>1 db 205 mm-es hossz\u00fa fog\u00f3<\/li>\n<li>1 db 180 mm-es kombin\u00e1lt fog\u00f3<\/li>\n<li>Hatlapfej\u0171 kulcsok: 1,5 \/ 2,0 \/ 2,5 \/ 3,0 \/ 4,0 \/ 5,0 \/ 6,0 \/ 8,0 \/ 10,0<\/li>\n<li>1 db hatlapfej\u0171 kulcs FORG\u00c1S \u00e9s; LOCK tok<\/li>\n<li>MAX BITE metrikus kombin\u00e1lt vill\u00e1skulcsok: 8,0 \/ 10,0 \/ 13,0 \/ 17,0 \/ 19,0<\/li>\n<li>1 db villanyszerel\u0151 oll\u00f3<\/li>\n<li>1 db FASTBACK 6 az 1-ben haszn\u00e1lati k\u00e9s<\/li>\n<li>1 db szersz\u00e1m h\u00fcvely<\/li>\n<li>1 db hordt\u00e1ska<\/li>\n<\/ul>\n","protected":false},"excerpt":{"rendered":"<p><strong>A k\u00e9szlet tartalma:<\/strong><\/p>\n<ul>\n<li>1 db Milwaukee elektromos csavarh\u00faz\u00f3 teszter<\/li>\n<li>Csavarh\u00faz\u00f3k: PH1 \/ PH2 \/ SL 0,5 \/ SL 0,8 \/ SL 1,0<\/li>\n<li>1 db 160 mm-es \u00e1tl\u00f3s v\u00e1g\u00f3<\/li>\n<li>1 db 205 mm-es hossz\u00fa fog\u00f3<\/li>\n<li>1 db 180 mm-es kombin\u00e1lt fog\u00f3<\/li>\n<li>Hatlapfej\u0171 kulcsok: 1,5 \/ 2,0 \/ 2,5 \/ 3,0 \/ 4,0 \/ 5,0 \/ 6,0 \/ 8,0 \/ 10,0<\/li>\n<li>1 db hatlapfej\u0171 kulcs FORG\u00c1S \u00e9s; LOCK tok<\/li>\n<li>MAX BITE metrikus kombin\u00e1lt vill\u00e1skulcsok: 8,0 \/ 10,0 \/ 13,0 \/ 17,0 \/ 19,0<\/li>\n<li>1 db villanyszerel\u0151 oll\u00f3<\/li>\n<li>1 db FASTBACK 6 az 1-ben haszn\u00e1lati k\u00e9s<\/li>\n<li>1 db szersz\u00e1m h\u00fcvely<\/li>\n<li>1 db hordt\u00e1ska<\/li>\n<\/ul>\n","protected":false},"featured_media":2440,"template":"","meta":[],"product_cat":[214,208,59,89],"product_tag":[],"class_list":["post-2439","product","type-product","status-publish","has-post-thumbnail","hentry","product_cat-csavarhuzok","product_cat-keziszerszamok-termekek","product_cat-milwaukee","product_cat-termekek"],"yoast_head":"<!-- This site is optimized with the Yoast SEO Premium plugin v21.3 (Yoast SEO v21.3) - https:\/\/yoast.com\/wordpress\/plugins\/seo\/ -->\n<title>MILWAUKEE 25 DARABOS SZIGETELT SZERSZ\u00c1MK\u00c9SZLET VILLANYSZEREL\u0150KNEK (4932492660) - Eurosmart - Milwaukee web\u00e1ruh\u00e1z<\/title>\n<meta name=\"robots\" content=\"index, follow, max-snippet:-1, max-image-preview:large, max-video-preview:-1\" \/>\n<link rel=\"canonical\" href=\"https:\/\/www.eurosmart.hu\/shop\/index.php\/termek\/milwaukee-25-darabos-szigetelt-szerszamkeszlet-villanyszereloknek-4932492660\/\" \/>\n<meta property=\"og:locale\" content=\"hu_HU\" \/>\n<meta property=\"og:type\" content=\"article\" \/>\n<meta property=\"og:title\" content=\"MILWAUKEE 25 DARABOS SZIGETELT SZERSZ\u00c1MK\u00c9SZLET VILLANYSZEREL\u0150KNEK (4932492660)\" \/>\n<meta property=\"og:description\" content=\"A k\u00e9szlet tartalma:   1 db Milwaukee elektromos csavarh\u00faz\u00f3 teszter  Csavarh\u00faz\u00f3k: PH1 \/ PH2 \/ SL 0,5 \/ SL 0,8 \/ SL 1,0  1 db 160 mm-es \u00e1tl\u00f3s v\u00e1g\u00f3  1 db 205 mm-es hossz\u00fa fog\u00f3  1 db 180 mm-es kombin\u00e1lt fog\u00f3  Hatlapfej\u0171 kulcsok: 1,5 \/ 2,0 \/ 2,5 \/ 3,0 \/ 4,0 \/ 5,0 \/ 6,0 \/ 8,0 \/ 10,0  1 db hatlapfej\u0171 kulcs FORG\u00c1S \u00e9s; LOCK tok  MAX BITE metrikus kombin\u00e1lt vill\u00e1skulcsok: 8,0 \/ 10,0 \/ 13,0 \/ 17,0 \/ 19,0  1 db villanyszerel\u0151 oll\u00f3  1 db FASTBACK 6 az 1-ben haszn\u00e1lati k\u00e9s  1 db szersz\u00e1m h\u00fcvely  1 db hordt\u00e1ska\" \/>\n<meta property=\"og:url\" content=\"https:\/\/www.eurosmart.hu\/shop\/index.php\/termek\/milwaukee-25-darabos-szigetelt-szerszamkeszlet-villanyszereloknek-4932492660\/\" \/>\n<meta property=\"og:site_name\" content=\"Eurosmart - Milwaukee web\u00e1ruh\u00e1z\" \/>\n<meta property=\"article:publisher\" content=\"https:\/\/www.facebook.com\/EurosmartKft\" \/>\n<meta property=\"article:modified_time\" content=\"2023-10-05T06:59:18+00:00\" \/>\n<meta property=\"og:image\" content=\"https:\/\/www.eurosmart.hu\/shop\/wp-content\/uploads\/2023\/09\/4932492660.jpg\" \/>\n\t<meta property=\"og:image:width\" content=\"600\" \/>\n\t<meta property=\"og:image:height\" content=\"600\" \/>\n\t<meta property=\"og:image:type\" content=\"image\/jpeg\" \/>\n<meta name=\"twitter:card\" content=\"summary_large_image\" \/>\n<meta name=\"twitter:label1\" content=\"Price\" \/>\n\t<meta name=\"twitter:data1\" content=\"\" \/>\n\t<meta name=\"twitter:label2\" content=\"Availability\" \/>\n\t<meta name=\"twitter:data2\" content=\"In stock\" \/>\n<script type=\"application\/ld+json\" class=\"yoast-schema-graph\">{\"@context\":\"https:\/\/schema.org\",\"@graph\":[{\"@type\":\"WebPage\",\"@id\":\"https:\/\/www.eurosmart.hu\/shop\/index.php\/termek\/milwaukee-25-darabos-szigetelt-szerszamkeszlet-villanyszereloknek-4932492660\/\",\"url\":\"https:\/\/www.eurosmart.hu\/shop\/index.php\/termek\/milwaukee-25-darabos-szigetelt-szerszamkeszlet-villanyszereloknek-4932492660\/\",\"name\":\"MILWAUKEE 25 DARABOS SZIGETELT SZERSZ\u00c1MK\u00c9SZLET VILLANYSZEREL\u0150KNEK (4932492660) - Eurosmart - Milwaukee web\u00e1ruh\u00e1z\",\"isPartOf\":{\"@id\":\"https:\/\/www.eurosmart.hu\/shop\/#website\"},\"datePublished\":\"2023-09-22T10:24:04+00:00\",\"dateModified\":\"2023-10-05T06:59:18+00:00\",\"breadcrumb\":{\"@id\":\"https:\/\/www.eurosmart.hu\/shop\/index.php\/termek\/milwaukee-25-darabos-szigetelt-szerszamkeszlet-villanyszereloknek-4932492660\/#breadcrumb\"},\"inLanguage\":\"hu\",\"potentialAction\":[{\"@type\":\"ReadAction\",\"target\":[\"https:\/\/www.eurosmart.hu\/shop\/index.php\/termek\/milwaukee-25-darabos-szigetelt-szerszamkeszlet-villanyszereloknek-4932492660\/\"]}]},{\"@type\":\"BreadcrumbList\",\"@id\":\"https:\/\/www.eurosmart.hu\/shop\/index.php\/termek\/milwaukee-25-darabos-szigetelt-szerszamkeszlet-villanyszereloknek-4932492660\/#breadcrumb\",\"itemListElement\":[{\"@type\":\"ListItem\",\"position\":1,\"name\":\"Kezd\u0151lap\",\"item\":\"https:\/\/www.eurosmart.hu\/shop\/\"},{\"@type\":\"ListItem\",\"position\":2,\"name\":\"Term\u00e9keink\",\"item\":\"https:\/\/www.eurosmart.hu\/shop\/index.php\/uzlet\/\"},{\"@type\":\"ListItem\",\"position\":3,\"name\":\"MILWAUKEE 25 DARABOS SZIGETELT SZERSZ\u00c1MK\u00c9SZLET VILLANYSZEREL\u0150KNEK (4932492660)\"}]},{\"@type\":\"WebSite\",\"@id\":\"https:\/\/www.eurosmart.hu\/shop\/#website\",\"url\":\"https:\/\/www.eurosmart.hu\/shop\/\",\"name\":\"Eurosmart - Milwaukee web\u00e1ruh\u00e1z\",\"description\":\"Milwaukee web\u00e1ruh\u00e1z\",\"publisher\":{\"@id\":\"https:\/\/www.eurosmart.hu\/shop\/#organization\"},\"potentialAction\":[{\"@type\":\"SearchAction\",\"target\":{\"@type\":\"EntryPoint\",\"urlTemplate\":\"https:\/\/www.eurosmart.hu\/shop\/?s={search_term_string}\"},\"query-input\":\"required name=search_term_string\"}],\"inLanguage\":\"hu\"},{\"@type\":\"Organization\",\"@id\":\"https:\/\/www.eurosmart.hu\/shop\/#organization\",\"name\":\"Eurosmart - Milwaukee web\u00e1ruh\u00e1z\",\"url\":\"https:\/\/www.eurosmart.hu\/shop\/\",\"logo\":{\"@type\":\"ImageObject\",\"inLanguage\":\"hu\",\"@id\":\"https:\/\/www.eurosmart.hu\/shop\/#\/schema\/logo\/image\/\",\"url\":\"https:\/\/www.eurosmart.hu\/shop\/wp-content\/uploads\/2023\/10\/milwaukee-logo-1.png\",\"contentUrl\":\"https:\/\/www.eurosmart.hu\/shop\/wp-content\/uploads\/2023\/10\/milwaukee-logo-1.png\",\"width\":500,\"height\":200,\"caption\":\"Eurosmart - Milwaukee web\u00e1ruh\u00e1z\"},\"image\":{\"@id\":\"https:\/\/www.eurosmart.hu\/shop\/#\/schema\/logo\/image\/\"},\"sameAs\":[\"https:\/\/www.facebook.com\/EurosmartKft\"]}]}<\/script>\n<meta property=\"product:price:amount\" content=\"0\" \/>\n<meta property=\"product:price:currency\" content=\"HUF\" \/>\n<meta property=\"og:availability\" content=\"instock\" \/>\n<meta property=\"product:availability\" content=\"instock\" \/>\n<meta property=\"product:retailer_item_id\" content=\"4932492660\" \/>\n<meta property=\"product:condition\" content=\"new\" \/>\n<!-- \/ Yoast SEO Premium plugin. -->","yoast_head_json":{"title":"MILWAUKEE 25 DARABOS SZIGETELT SZERSZ\u00c1MK\u00c9SZLET VILLANYSZEREL\u0150KNEK (4932492660) - Eurosmart - Milwaukee web\u00e1ruh\u00e1z","robots":{"index":"index","follow":"follow","max-snippet":"max-snippet:-1","max-image-preview":"max-image-preview:large","max-video-preview":"max-video-preview:-1"},"canonical":"https:\/\/www.eurosmart.hu\/shop\/index.php\/termek\/milwaukee-25-darabos-szigetelt-szerszamkeszlet-villanyszereloknek-4932492660\/","og_locale":"hu_HU","og_type":"article","og_title":"MILWAUKEE 25 DARABOS SZIGETELT SZERSZ\u00c1MK\u00c9SZLET VILLANYSZEREL\u0150KNEK (4932492660)","og_description":"A k\u00e9szlet tartalma:   1 db Milwaukee elektromos csavarh\u00faz\u00f3 teszter  Csavarh\u00faz\u00f3k: PH1 \/ PH2 \/ SL 0,5 \/ SL 0,8 \/ SL 1,0  1 db 160 mm-es \u00e1tl\u00f3s v\u00e1g\u00f3  1 db 205 mm-es hossz\u00fa fog\u00f3  1 db 180 mm-es kombin\u00e1lt fog\u00f3  Hatlapfej\u0171 kulcsok: 1,5 \/ 2,0 \/ 2,5 \/ 3,0 \/ 4,0 \/ 5,0 \/ 6,0 \/ 8,0 \/ 10,0  1 db hatlapfej\u0171 kulcs FORG\u00c1S \u00e9s; LOCK tok  MAX BITE metrikus kombin\u00e1lt vill\u00e1skulcsok: 8,0 \/ 10,0 \/ 13,0 \/ 17,0 \/ 19,0  1 db villanyszerel\u0151 oll\u00f3  1 db FASTBACK 6 az 1-ben haszn\u00e1lati k\u00e9s  1 db szersz\u00e1m h\u00fcvely  1 db hordt\u00e1ska","og_url":"https:\/\/www.eurosmart.hu\/shop\/index.php\/termek\/milwaukee-25-darabos-szigetelt-szerszamkeszlet-villanyszereloknek-4932492660\/","og_site_name":"Eurosmart - Milwaukee web\u00e1ruh\u00e1z","article_publisher":"https:\/\/www.facebook.com\/EurosmartKft","article_modified_time":"2023-10-05T06:59:18+00:00","og_image":[{"width":600,"height":600,"url":"https:\/\/www.eurosmart.hu\/shop\/wp-content\/uploads\/2023\/09\/4932492660.jpg","type":"image\/jpeg"}],"twitter_card":"summary_large_image","twitter_misc":{"Price":"","Availability":"In stock"},"schema":{"@context":"https:\/\/schema.org","@graph":[{"@type":"WebPage","@id":"https:\/\/www.eurosmart.hu\/shop\/index.php\/termek\/milwaukee-25-darabos-szigetelt-szerszamkeszlet-villanyszereloknek-4932492660\/","url":"https:\/\/www.eurosmart.hu\/shop\/index.php\/termek\/milwaukee-25-darabos-szigetelt-szerszamkeszlet-villanyszereloknek-4932492660\/","name":"MILWAUKEE 25 DARABOS SZIGETELT SZERSZ\u00c1MK\u00c9SZLET VILLANYSZEREL\u0150KNEK (4932492660) - Eurosmart - Milwaukee web\u00e1ruh\u00e1z","isPartOf":{"@id":"https:\/\/www.eurosmart.hu\/shop\/#website"},"datePublished":"2023-09-22T10:24:04+00:00","dateModified":"2023-10-05T06:59:18+00:00","breadcrumb":{"@id":"https:\/\/www.eurosmart.hu\/shop\/index.php\/termek\/milwaukee-25-darabos-szigetelt-szerszamkeszlet-villanyszereloknek-4932492660\/#breadcrumb"},"inLanguage":"hu","potentialAction":[{"@type":"ReadAction","target":["https:\/\/www.eurosmart.hu\/shop\/index.php\/termek\/milwaukee-25-darabos-szigetelt-szerszamkeszlet-villanyszereloknek-4932492660\/"]}]},{"@type":"BreadcrumbList","@id":"https:\/\/www.eurosmart.hu\/shop\/index.php\/termek\/milwaukee-25-darabos-szigetelt-szerszamkeszlet-villanyszereloknek-4932492660\/#breadcrumb","itemListElement":[{"@type":"ListItem","position":1,"name":"Kezd\u0151lap","item":"https:\/\/www.eurosmart.hu\/shop\/"},{"@type":"ListItem","position":2,"name":"Term\u00e9keink","item":"https:\/\/www.eurosmart.hu\/shop\/index.php\/uzlet\/"},{"@type":"ListItem","position":3,"name":"MILWAUKEE 25 DARABOS SZIGETELT SZERSZ\u00c1MK\u00c9SZLET VILLANYSZEREL\u0150KNEK (4932492660)"}]},{"@type":"WebSite","@id":"https:\/\/www.eurosmart.hu\/shop\/#website","url":"https:\/\/www.eurosmart.hu\/shop\/","name":"Eurosmart - Milwaukee web\u00e1ruh\u00e1z","description":"Milwaukee web\u00e1ruh\u00e1z","publisher":{"@id":"https:\/\/www.eurosmart.hu\/shop\/#organization"},"potentialAction":[{"@type":"SearchAction","target":{"@type":"EntryPoint","urlTemplate":"https:\/\/www.eurosmart.hu\/shop\/?s={search_term_string}"},"query-input":"required name=search_term_string"}],"inLanguage":"hu"},{"@type":"Organization","@id":"https:\/\/www.eurosmart.hu\/shop\/#organization","name":"Eurosmart - Milwaukee web\u00e1ruh\u00e1z","url":"https:\/\/www.eurosmart.hu\/shop\/","logo":{"@type":"ImageObject","inLanguage":"hu","@id":"https:\/\/www.eurosmart.hu\/shop\/#\/schema\/logo\/image\/","url":"https:\/\/www.eurosmart.hu\/shop\/wp-content\/uploads\/2023\/10\/milwaukee-logo-1.png","contentUrl":"https:\/\/www.eurosmart.hu\/shop\/wp-content\/uploads\/2023\/10\/milwaukee-logo-1.png","width":500,"height":200,"caption":"Eurosmart - Milwaukee web\u00e1ruh\u00e1z"},"image":{"@id":"https:\/\/www.eurosmart.hu\/shop\/#\/schema\/logo\/image\/"},"sameAs":["https:\/\/www.facebook.com\/EurosmartKft"]}]},"product_price_currency":"HUF","og_availability":"instock","product_availability":"instock","product_retailer_item_id":"4932492660","product_condition":"new"},"_links":{"self":[{"href":"https:\/\/www.eurosmart.hu\/shop\/index.php\/wp-json\/wp\/v2\/product\/2439","targetHints":{"allow":["GET"]}}],"collection":[{"href":"https:\/\/www.eurosmart.hu\/shop\/index.php\/wp-json\/wp\/v2\/product"}],"about":[{"href":"https:\/\/www.eurosmart.hu\/shop\/index.php\/wp-json\/wp\/v2\/types\/product"}],"wp:featuredmedia":[{"embeddable":true,"href":"https:\/\/www.eurosmart.hu\/shop\/index.php\/wp-json\/wp\/v2\/media\/2440"}],"wp:attachment":[{"href":"https:\/\/www.eurosmart.hu\/shop\/index.php\/wp-json\/wp\/v2\/media?parent=2439"}],"wp:term":[{"taxonomy":"product_cat","embeddable":true,"href":"https:\/\/www.eurosmart.hu\/shop\/index.php\/wp-json\/wp\/v2\/product_cat?post=2439"},{"taxonomy":"product_tag","embeddable":true,"href":"https:\/\/www.eurosmart.hu\/shop\/index.php\/wp-json\/wp\/v2\/product_tag?post=2439"}],"curies":[{"name":"wp","href":"https:\/\/api.w.org\/{rel}","templated":true}]}}