{"id":2401,"date":"2023-09-22T08:29:24","date_gmt":"2023-09-22T08:29:24","guid":{"rendered":"https:\/\/www.eurosmart.hu\/shop\/?post_type=product&#038;p=2401"},"modified":"2023-10-05T07:11:52","modified_gmt":"2023-10-05T07:11:52","slug":"milwaukee-osd2-sarokfuro-csavarozo-adapter-4932352320","status":"publish","type":"product","link":"https:\/\/www.eurosmart.hu\/shop\/index.php\/termek\/milwaukee-osd2-sarokfuro-csavarozo-adapter-4932352320\/","title":{"rendered":"MILWAUKEE OSD2 &#8211; SAROKF\u00daR\u00d3 \/ CSAVAROZ\u00d3 ADAPTER (4932352320)"},"content":{"rendered":"<h5>Tulajdons\u00e1gok:<\/h5>\n<ul class=\"ProductFeaturesTextstyles__FeatureList-fxqvf2-1 dUrrwH\">\n<li class=\"ProductFeaturesTextstyles__Feature-fxqvf2-3 ggyeUS\">Az\u00a0<a href=\"https:\/\/hu.milwaukeetool.eu\/hu-hu\/osd2-sarokfuro-csavarozo-adapter\/\">OSD2<\/a>\u00a0sarokf\u00far\u00f3 &#8211; \u00e9s csavaroz\u00f3 adapter a legjobb megold\u00e1s minden csavaroz\u00e1si \u00e9s f\u00far\u00e1si feladathoz a nehezen hozz\u00e1f\u00e9rhet\u0151 helyeken.<\/li>\n<li class=\"ProductFeaturesTextstyles__Feature-fxqvf2-3 ggyeUS\">Az \u00bc\u2033 m\u00e1gneses Hex bitbefog\u00e1s alkalmas a standard 25 mm-es (C 6.3) \u00e9s lekerek\u00edtett v\u00e9g\u0171 bittekhez (E 6.3) \u00e9s f\u00far\u00f3sz\u00e1rakhaz egyar\u00e1nt.<\/li>\n<li class=\"ProductFeaturesTextstyles__Feature-fxqvf2-3 ggyeUS\">F\u00e9m fogaskerekes hajt\u00f3m\u0171 \u00e9s burkolat a l\u00e1gy \u00e9s pontos f\u00far\u00e1s\u00e9rt &#8211; kit\u0171n\u0151 er\u0151\u00e1tvitel.<\/li>\n<li class=\"ProductFeaturesTextstyles__Feature-fxqvf2-3 ggyeUS\">Softgrip 360\u00b0 -ban forgathat\u00f3 oldalfoganty\u00fa jobb \u00e9s balkezes haszn\u00e1latra 4 r\u00f6gz\u00edt\u00e9si poz\u00edci\u00f3ban.<\/li>\n<li class=\"ProductFeaturesTextstyles__Feature-fxqvf2-3 ggyeUS\">K\u00e9t l\u00e9pcs\u0151s \u00bc\u2033 \/ (6 mm) hatsz\u00f6g befog\u00e1s, vagy 10 mm hatsz\u00f6g sz\u00e1r.<\/li>\n<li class=\"ProductFeaturesTextstyles__Feature-fxqvf2-3 ggyeUS\">Ipari min\u0151s\u00e9g haszn\u00e1lhat\u00f3 minden akkumul\u00e1toros szersz\u00e1mhoz, ak\u00e1r 40 Nm nyomat\u00e9kot \u00e9s 1750 1\/perc fordulatot ig\u00e9nyl\u0151 alkalmaz\u00e1sokhoz is.<\/li>\n<li class=\"ProductFeaturesTextstyles__Feature-fxqvf2-3 ggyeUS\">Az\u00a0<a href=\"https:\/\/hu.milwaukeetool.eu\/hu-hu\/osd2-sarokfuro-csavarozo-adapter\/\">OSD2<\/a>\u00a0kiv\u00e1l\u00f3an alkalmas f\u00far\u00e1sra \u00e9s csavaroz\u00e1sra egyar\u00e1nt &#8211; maxim\u00e1lisan sokoldal\u00fa.<\/li>\n<li class=\"ProductFeaturesTextstyles__Feature-fxqvf2-3 ggyeUS\">Az 51 mm magass\u00e1ga lehet\u0151v\u00e9 teszi a sz\u0171k helyen val\u00f3 alkalmaz\u00e1st.<\/li>\n<\/ul>\n<p><strong>A k\u00e9szlet tartalma:<\/strong> 1 db OSD2 &#8211; SAROKF\u00daR\u00d3 \/ CSAVAROZ\u00d3 ADAPTER<\/p>\n","protected":false},"excerpt":{"rendered":"<p><strong>A k\u00e9szlet tartalma:<\/strong> 1 db OSD2 &#8211; SAROKF\u00daR\u00d3 \/ CSAVAROZ\u00d3 ADAPTER<\/p>\n","protected":false},"featured_media":2998,"template":"","meta":[],"product_cat":[225,59,217,89],"product_tag":[],"class_list":["post-2401","product","type-product","status-publish","has-post-thumbnail","hentry","product_cat-csavarozas-rogzites","product_cat-milwaukee","product_cat-tartozekok-termekek","product_cat-termekek"],"yoast_head":"<!-- This site is optimized with the Yoast SEO Premium plugin v21.3 (Yoast SEO v21.3) - https:\/\/yoast.com\/wordpress\/plugins\/seo\/ -->\n<title>MILWAUKEE OSD2 - SAROKF\u00daR\u00d3 \/ CSAVAROZ\u00d3 ADAPTER (4932352320) - Eurosmart - Milwaukee web\u00e1ruh\u00e1z<\/title>\n<meta name=\"robots\" content=\"index, follow, max-snippet:-1, max-image-preview:large, max-video-preview:-1\" \/>\n<link rel=\"canonical\" href=\"https:\/\/www.eurosmart.hu\/shop\/index.php\/termek\/milwaukee-osd2-sarokfuro-csavarozo-adapter-4932352320\/\" \/>\n<meta property=\"og:locale\" content=\"hu_HU\" \/>\n<meta property=\"og:type\" content=\"article\" \/>\n<meta property=\"og:title\" content=\"MILWAUKEE OSD2 - SAROKF\u00daR\u00d3 \/ CSAVAROZ\u00d3 ADAPTER (4932352320)\" \/>\n<meta property=\"og:description\" content=\"A k\u00e9szlet tartalma: 1 db OSD2 - SAROKF\u00daR\u00d3 \/ CSAVAROZ\u00d3 ADAPTER\" \/>\n<meta property=\"og:url\" content=\"https:\/\/www.eurosmart.hu\/shop\/index.php\/termek\/milwaukee-osd2-sarokfuro-csavarozo-adapter-4932352320\/\" \/>\n<meta property=\"og:site_name\" content=\"Eurosmart - Milwaukee web\u00e1ruh\u00e1z\" \/>\n<meta property=\"article:publisher\" content=\"https:\/\/www.facebook.com\/EurosmartKft\" \/>\n<meta property=\"article:modified_time\" content=\"2023-10-05T07:11:52+00:00\" \/>\n<meta property=\"og:image\" content=\"https:\/\/www.eurosmart.hu\/shop\/wp-content\/uploads\/2023\/09\/4932352320.jpg\" \/>\n\t<meta property=\"og:image:width\" content=\"600\" \/>\n\t<meta property=\"og:image:height\" content=\"600\" \/>\n\t<meta property=\"og:image:type\" content=\"image\/jpeg\" \/>\n<meta name=\"twitter:card\" content=\"summary_large_image\" \/>\n<meta name=\"twitter:label1\" content=\"Price\" \/>\n\t<meta name=\"twitter:data1\" content=\"\" \/>\n\t<meta name=\"twitter:label2\" content=\"Availability\" \/>\n\t<meta name=\"twitter:data2\" content=\"In stock\" \/>\n<script type=\"application\/ld+json\" class=\"yoast-schema-graph\">{\"@context\":\"https:\/\/schema.org\",\"@graph\":[{\"@type\":\"WebPage\",\"@id\":\"https:\/\/www.eurosmart.hu\/shop\/index.php\/termek\/milwaukee-osd2-sarokfuro-csavarozo-adapter-4932352320\/\",\"url\":\"https:\/\/www.eurosmart.hu\/shop\/index.php\/termek\/milwaukee-osd2-sarokfuro-csavarozo-adapter-4932352320\/\",\"name\":\"MILWAUKEE OSD2 - SAROKF\u00daR\u00d3 \/ CSAVAROZ\u00d3 ADAPTER (4932352320) - Eurosmart - Milwaukee web\u00e1ruh\u00e1z\",\"isPartOf\":{\"@id\":\"https:\/\/www.eurosmart.hu\/shop\/#website\"},\"datePublished\":\"2023-09-22T08:29:24+00:00\",\"dateModified\":\"2023-10-05T07:11:52+00:00\",\"breadcrumb\":{\"@id\":\"https:\/\/www.eurosmart.hu\/shop\/index.php\/termek\/milwaukee-osd2-sarokfuro-csavarozo-adapter-4932352320\/#breadcrumb\"},\"inLanguage\":\"hu\",\"potentialAction\":[{\"@type\":\"ReadAction\",\"target\":[\"https:\/\/www.eurosmart.hu\/shop\/index.php\/termek\/milwaukee-osd2-sarokfuro-csavarozo-adapter-4932352320\/\"]}]},{\"@type\":\"BreadcrumbList\",\"@id\":\"https:\/\/www.eurosmart.hu\/shop\/index.php\/termek\/milwaukee-osd2-sarokfuro-csavarozo-adapter-4932352320\/#breadcrumb\",\"itemListElement\":[{\"@type\":\"ListItem\",\"position\":1,\"name\":\"Kezd\u0151lap\",\"item\":\"https:\/\/www.eurosmart.hu\/shop\/\"},{\"@type\":\"ListItem\",\"position\":2,\"name\":\"Term\u00e9keink\",\"item\":\"https:\/\/www.eurosmart.hu\/shop\/index.php\/uzlet\/\"},{\"@type\":\"ListItem\",\"position\":3,\"name\":\"MILWAUKEE OSD2 &#8211; SAROKF\u00daR\u00d3 \/ CSAVAROZ\u00d3 ADAPTER (4932352320)\"}]},{\"@type\":\"WebSite\",\"@id\":\"https:\/\/www.eurosmart.hu\/shop\/#website\",\"url\":\"https:\/\/www.eurosmart.hu\/shop\/\",\"name\":\"Eurosmart - Milwaukee web\u00e1ruh\u00e1z\",\"description\":\"Milwaukee web\u00e1ruh\u00e1z\",\"publisher\":{\"@id\":\"https:\/\/www.eurosmart.hu\/shop\/#organization\"},\"potentialAction\":[{\"@type\":\"SearchAction\",\"target\":{\"@type\":\"EntryPoint\",\"urlTemplate\":\"https:\/\/www.eurosmart.hu\/shop\/?s={search_term_string}\"},\"query-input\":\"required name=search_term_string\"}],\"inLanguage\":\"hu\"},{\"@type\":\"Organization\",\"@id\":\"https:\/\/www.eurosmart.hu\/shop\/#organization\",\"name\":\"Eurosmart - Milwaukee web\u00e1ruh\u00e1z\",\"url\":\"https:\/\/www.eurosmart.hu\/shop\/\",\"logo\":{\"@type\":\"ImageObject\",\"inLanguage\":\"hu\",\"@id\":\"https:\/\/www.eurosmart.hu\/shop\/#\/schema\/logo\/image\/\",\"url\":\"https:\/\/www.eurosmart.hu\/shop\/wp-content\/uploads\/2023\/10\/milwaukee-logo-1.png\",\"contentUrl\":\"https:\/\/www.eurosmart.hu\/shop\/wp-content\/uploads\/2023\/10\/milwaukee-logo-1.png\",\"width\":500,\"height\":200,\"caption\":\"Eurosmart - Milwaukee web\u00e1ruh\u00e1z\"},\"image\":{\"@id\":\"https:\/\/www.eurosmart.hu\/shop\/#\/schema\/logo\/image\/\"},\"sameAs\":[\"https:\/\/www.facebook.com\/EurosmartKft\"]}]}<\/script>\n<meta property=\"product:price:amount\" content=\"0\" \/>\n<meta property=\"product:price:currency\" content=\"HUF\" \/>\n<meta property=\"og:availability\" content=\"instock\" \/>\n<meta property=\"product:availability\" content=\"instock\" \/>\n<meta property=\"product:retailer_item_id\" content=\"4932352320\" \/>\n<meta property=\"product:condition\" content=\"new\" \/>\n<!-- \/ Yoast SEO Premium plugin. -->","yoast_head_json":{"title":"MILWAUKEE OSD2 - SAROKF\u00daR\u00d3 \/ CSAVAROZ\u00d3 ADAPTER (4932352320) - Eurosmart - Milwaukee web\u00e1ruh\u00e1z","robots":{"index":"index","follow":"follow","max-snippet":"max-snippet:-1","max-image-preview":"max-image-preview:large","max-video-preview":"max-video-preview:-1"},"canonical":"https:\/\/www.eurosmart.hu\/shop\/index.php\/termek\/milwaukee-osd2-sarokfuro-csavarozo-adapter-4932352320\/","og_locale":"hu_HU","og_type":"article","og_title":"MILWAUKEE OSD2 - SAROKF\u00daR\u00d3 \/ CSAVAROZ\u00d3 ADAPTER (4932352320)","og_description":"A k\u00e9szlet tartalma: 1 db OSD2 - SAROKF\u00daR\u00d3 \/ CSAVAROZ\u00d3 ADAPTER","og_url":"https:\/\/www.eurosmart.hu\/shop\/index.php\/termek\/milwaukee-osd2-sarokfuro-csavarozo-adapter-4932352320\/","og_site_name":"Eurosmart - Milwaukee web\u00e1ruh\u00e1z","article_publisher":"https:\/\/www.facebook.com\/EurosmartKft","article_modified_time":"2023-10-05T07:11:52+00:00","og_image":[{"width":600,"height":600,"url":"https:\/\/www.eurosmart.hu\/shop\/wp-content\/uploads\/2023\/09\/4932352320.jpg","type":"image\/jpeg"}],"twitter_card":"summary_large_image","twitter_misc":{"Price":"","Availability":"In stock"},"schema":{"@context":"https:\/\/schema.org","@graph":[{"@type":"WebPage","@id":"https:\/\/www.eurosmart.hu\/shop\/index.php\/termek\/milwaukee-osd2-sarokfuro-csavarozo-adapter-4932352320\/","url":"https:\/\/www.eurosmart.hu\/shop\/index.php\/termek\/milwaukee-osd2-sarokfuro-csavarozo-adapter-4932352320\/","name":"MILWAUKEE OSD2 - SAROKF\u00daR\u00d3 \/ CSAVAROZ\u00d3 ADAPTER (4932352320) - Eurosmart - Milwaukee web\u00e1ruh\u00e1z","isPartOf":{"@id":"https:\/\/www.eurosmart.hu\/shop\/#website"},"datePublished":"2023-09-22T08:29:24+00:00","dateModified":"2023-10-05T07:11:52+00:00","breadcrumb":{"@id":"https:\/\/www.eurosmart.hu\/shop\/index.php\/termek\/milwaukee-osd2-sarokfuro-csavarozo-adapter-4932352320\/#breadcrumb"},"inLanguage":"hu","potentialAction":[{"@type":"ReadAction","target":["https:\/\/www.eurosmart.hu\/shop\/index.php\/termek\/milwaukee-osd2-sarokfuro-csavarozo-adapter-4932352320\/"]}]},{"@type":"BreadcrumbList","@id":"https:\/\/www.eurosmart.hu\/shop\/index.php\/termek\/milwaukee-osd2-sarokfuro-csavarozo-adapter-4932352320\/#breadcrumb","itemListElement":[{"@type":"ListItem","position":1,"name":"Kezd\u0151lap","item":"https:\/\/www.eurosmart.hu\/shop\/"},{"@type":"ListItem","position":2,"name":"Term\u00e9keink","item":"https:\/\/www.eurosmart.hu\/shop\/index.php\/uzlet\/"},{"@type":"ListItem","position":3,"name":"MILWAUKEE OSD2 &#8211; SAROKF\u00daR\u00d3 \/ CSAVAROZ\u00d3 ADAPTER (4932352320)"}]},{"@type":"WebSite","@id":"https:\/\/www.eurosmart.hu\/shop\/#website","url":"https:\/\/www.eurosmart.hu\/shop\/","name":"Eurosmart - Milwaukee web\u00e1ruh\u00e1z","description":"Milwaukee web\u00e1ruh\u00e1z","publisher":{"@id":"https:\/\/www.eurosmart.hu\/shop\/#organization"},"potentialAction":[{"@type":"SearchAction","target":{"@type":"EntryPoint","urlTemplate":"https:\/\/www.eurosmart.hu\/shop\/?s={search_term_string}"},"query-input":"required name=search_term_string"}],"inLanguage":"hu"},{"@type":"Organization","@id":"https:\/\/www.eurosmart.hu\/shop\/#organization","name":"Eurosmart - Milwaukee web\u00e1ruh\u00e1z","url":"https:\/\/www.eurosmart.hu\/shop\/","logo":{"@type":"ImageObject","inLanguage":"hu","@id":"https:\/\/www.eurosmart.hu\/shop\/#\/schema\/logo\/image\/","url":"https:\/\/www.eurosmart.hu\/shop\/wp-content\/uploads\/2023\/10\/milwaukee-logo-1.png","contentUrl":"https:\/\/www.eurosmart.hu\/shop\/wp-content\/uploads\/2023\/10\/milwaukee-logo-1.png","width":500,"height":200,"caption":"Eurosmart - Milwaukee web\u00e1ruh\u00e1z"},"image":{"@id":"https:\/\/www.eurosmart.hu\/shop\/#\/schema\/logo\/image\/"},"sameAs":["https:\/\/www.facebook.com\/EurosmartKft"]}]},"product_price_currency":"HUF","og_availability":"instock","product_availability":"instock","product_retailer_item_id":"4932352320","product_condition":"new"},"_links":{"self":[{"href":"https:\/\/www.eurosmart.hu\/shop\/index.php\/wp-json\/wp\/v2\/product\/2401","targetHints":{"allow":["GET"]}}],"collection":[{"href":"https:\/\/www.eurosmart.hu\/shop\/index.php\/wp-json\/wp\/v2\/product"}],"about":[{"href":"https:\/\/www.eurosmart.hu\/shop\/index.php\/wp-json\/wp\/v2\/types\/product"}],"wp:featuredmedia":[{"embeddable":true,"href":"https:\/\/www.eurosmart.hu\/shop\/index.php\/wp-json\/wp\/v2\/media\/2998"}],"wp:attachment":[{"href":"https:\/\/www.eurosmart.hu\/shop\/index.php\/wp-json\/wp\/v2\/media?parent=2401"}],"wp:term":[{"taxonomy":"product_cat","embeddable":true,"href":"https:\/\/www.eurosmart.hu\/shop\/index.php\/wp-json\/wp\/v2\/product_cat?post=2401"},{"taxonomy":"product_tag","embeddable":true,"href":"https:\/\/www.eurosmart.hu\/shop\/index.php\/wp-json\/wp\/v2\/product_tag?post=2401"}],"curies":[{"name":"wp","href":"https:\/\/api.w.org\/{rel}","templated":true}]}}