{"id":2398,"date":"2023-09-22T08:18:13","date_gmt":"2023-09-22T08:18:13","guid":{"rendered":"https:\/\/www.eurosmart.hu\/shop\/?post_type=product&#038;p=2398"},"modified":"2023-10-05T07:11:52","modified_gmt":"2023-10-05T07:11:52","slug":"milwaukee-perfect-match-bitek-es-shockwave-sarokcsavarozo-adapter-4932492656","status":"publish","type":"product","link":"https:\/\/www.eurosmart.hu\/shop\/index.php\/termek\/milwaukee-perfect-match-bitek-es-shockwave-sarokcsavarozo-adapter-4932492656\/","title":{"rendered":"MILWAUKEE PERFECT MATCH BITEK \u00c9S SHOCKWAVE SAROKCSAVAROZ\u00d3 ADAPTER (4932492656)"},"content":{"rendered":"<h5>A k\u00e9szlet tartalma:<\/h5>\n<ul>\n<li>Bitek: 3x PH2 25mm, 2x PZ1 25mm, 4x PZ2 25mm, 1x PZ3 25mm, 2x TX10 25mm, 2x TX15 25mm, 3x TX20 25mm, 4x TX25 25mm, 3x TX30 25mm, 1x TX40 25mm, 1x PH1.50mm, 3x PH2 50mm, 1x PH3 50mm, 1x PZ1 50mm, 3x PZ2 50mm, 1x PZ3 50mm, 1x TX10 50mm, 1x TX15 50mm, 1x TX20 50mm, 2x TX25 50mm, 3x TX30 50mm, 3x TX40 50mm<\/li>\n<li>1x 60mm Shockwave m\u00e1gneses bittart\u00f3<\/li>\n<li>1x PACKOUT Compatible Carry Case<\/li>\n<li>1x Shockwave Sarok behajt\u00f3 adapter<\/li>\n<\/ul>\n","protected":false},"excerpt":{"rendered":"<h5>A k\u00e9szlet tartalma:<\/h5>\n<ul>\n<li>Bitek: 3x PH2 25mm, 2x PZ1 25mm, 4x PZ2 25mm, 1x PZ3 25mm, 2x TX10 25mm, 2x TX15 25mm, 3x TX20 25mm, 4x TX25 25mm, 3x TX30 25mm, 1x TX40 25mm, 1x PH1.50mm, 3x PH2 50mm, 1x PH3 50mm, 1x PZ1 50mm, 3x PZ2 50mm, 1x PZ3 50mm, 1x TX10 50mm, 1x TX15 50mm, 1x TX20 50mm, 2x TX25 50mm, 3x TX30 50mm, 3x TX40 50mm<\/li>\n<li>1x 60mm Shockwave m\u00e1gneses bittart\u00f3<\/li>\n<li>1x PACKOUT Compatible Carry Case<\/li>\n<li>1x Shockwave Sarok behajt\u00f3 adapter<\/li>\n<\/ul>\n","protected":false},"featured_media":3002,"template":"","meta":[],"product_cat":[225,59,217,89],"product_tag":[],"class_list":["post-2398","product","type-product","status-publish","has-post-thumbnail","hentry","product_cat-csavarozas-rogzites","product_cat-milwaukee","product_cat-tartozekok-termekek","product_cat-termekek"],"yoast_head":"<!-- This site is optimized with the Yoast SEO Premium plugin v21.3 (Yoast SEO v21.3) - https:\/\/yoast.com\/wordpress\/plugins\/seo\/ -->\n<title>MILWAUKEE PERFECT MATCH BITEK \u00c9S SHOCKWAVE SAROKCSAVAROZ\u00d3 ADAPTER (4932492656) - Eurosmart - Milwaukee web\u00e1ruh\u00e1z<\/title>\n<meta name=\"robots\" content=\"index, follow, max-snippet:-1, max-image-preview:large, max-video-preview:-1\" \/>\n<link rel=\"canonical\" href=\"https:\/\/www.eurosmart.hu\/shop\/index.php\/termek\/milwaukee-perfect-match-bitek-es-shockwave-sarokcsavarozo-adapter-4932492656\/\" \/>\n<meta property=\"og:locale\" content=\"hu_HU\" \/>\n<meta property=\"og:type\" content=\"article\" \/>\n<meta property=\"og:title\" content=\"MILWAUKEE PERFECT MATCH BITEK \u00c9S SHOCKWAVE SAROKCSAVAROZ\u00d3 ADAPTER (4932492656)\" \/>\n<meta property=\"og:description\" content=\"A k\u00e9szlet tartalma:   Bitek: 3x PH2 25mm, 2x PZ1 25mm, 4x PZ2 25mm, 1x PZ3 25mm, 2x TX10 25mm, 2x TX15 25mm, 3x TX20 25mm, 4x TX25 25mm, 3x TX30 25mm, 1x TX40 25mm, 1x PH1.50mm, 3x PH2 50mm, 1x PH3 50mm, 1x PZ1 50mm, 3x PZ2 50mm, 1x PZ3 50mm, 1x TX10 50mm, 1x TX15 50mm, 1x TX20 50mm, 2x TX25 50mm, 3x TX30 50mm, 3x TX40 50mm  1x 60mm Shockwave m\u00e1gneses bittart\u00f3  1x PACKOUT Compatible Carry Case  1x Shockwave Sarok behajt\u00f3 adapter\" \/>\n<meta property=\"og:url\" content=\"https:\/\/www.eurosmart.hu\/shop\/index.php\/termek\/milwaukee-perfect-match-bitek-es-shockwave-sarokcsavarozo-adapter-4932492656\/\" \/>\n<meta property=\"og:site_name\" content=\"Eurosmart - Milwaukee web\u00e1ruh\u00e1z\" \/>\n<meta property=\"article:publisher\" content=\"https:\/\/www.facebook.com\/EurosmartKft\" \/>\n<meta property=\"article:modified_time\" content=\"2023-10-05T07:11:52+00:00\" \/>\n<meta property=\"og:image\" content=\"https:\/\/www.eurosmart.hu\/shop\/wp-content\/uploads\/2023\/09\/4932492656.jpg\" \/>\n\t<meta property=\"og:image:width\" content=\"600\" \/>\n\t<meta property=\"og:image:height\" content=\"600\" \/>\n\t<meta property=\"og:image:type\" content=\"image\/jpeg\" \/>\n<meta name=\"twitter:card\" content=\"summary_large_image\" \/>\n<meta name=\"twitter:label1\" content=\"Price\" \/>\n\t<meta name=\"twitter:data1\" content=\"\" \/>\n\t<meta name=\"twitter:label2\" content=\"Availability\" \/>\n\t<meta name=\"twitter:data2\" content=\"In stock\" \/>\n<script type=\"application\/ld+json\" class=\"yoast-schema-graph\">{\"@context\":\"https:\/\/schema.org\",\"@graph\":[{\"@type\":\"WebPage\",\"@id\":\"https:\/\/www.eurosmart.hu\/shop\/index.php\/termek\/milwaukee-perfect-match-bitek-es-shockwave-sarokcsavarozo-adapter-4932492656\/\",\"url\":\"https:\/\/www.eurosmart.hu\/shop\/index.php\/termek\/milwaukee-perfect-match-bitek-es-shockwave-sarokcsavarozo-adapter-4932492656\/\",\"name\":\"MILWAUKEE PERFECT MATCH BITEK \u00c9S SHOCKWAVE SAROKCSAVAROZ\u00d3 ADAPTER (4932492656) - Eurosmart - Milwaukee web\u00e1ruh\u00e1z\",\"isPartOf\":{\"@id\":\"https:\/\/www.eurosmart.hu\/shop\/#website\"},\"datePublished\":\"2023-09-22T08:18:13+00:00\",\"dateModified\":\"2023-10-05T07:11:52+00:00\",\"breadcrumb\":{\"@id\":\"https:\/\/www.eurosmart.hu\/shop\/index.php\/termek\/milwaukee-perfect-match-bitek-es-shockwave-sarokcsavarozo-adapter-4932492656\/#breadcrumb\"},\"inLanguage\":\"hu\",\"potentialAction\":[{\"@type\":\"ReadAction\",\"target\":[\"https:\/\/www.eurosmart.hu\/shop\/index.php\/termek\/milwaukee-perfect-match-bitek-es-shockwave-sarokcsavarozo-adapter-4932492656\/\"]}]},{\"@type\":\"BreadcrumbList\",\"@id\":\"https:\/\/www.eurosmart.hu\/shop\/index.php\/termek\/milwaukee-perfect-match-bitek-es-shockwave-sarokcsavarozo-adapter-4932492656\/#breadcrumb\",\"itemListElement\":[{\"@type\":\"ListItem\",\"position\":1,\"name\":\"Kezd\u0151lap\",\"item\":\"https:\/\/www.eurosmart.hu\/shop\/\"},{\"@type\":\"ListItem\",\"position\":2,\"name\":\"Term\u00e9keink\",\"item\":\"https:\/\/www.eurosmart.hu\/shop\/index.php\/uzlet\/\"},{\"@type\":\"ListItem\",\"position\":3,\"name\":\"MILWAUKEE PERFECT MATCH BITEK \u00c9S SHOCKWAVE SAROKCSAVAROZ\u00d3 ADAPTER (4932492656)\"}]},{\"@type\":\"WebSite\",\"@id\":\"https:\/\/www.eurosmart.hu\/shop\/#website\",\"url\":\"https:\/\/www.eurosmart.hu\/shop\/\",\"name\":\"Eurosmart - Milwaukee web\u00e1ruh\u00e1z\",\"description\":\"Milwaukee web\u00e1ruh\u00e1z\",\"publisher\":{\"@id\":\"https:\/\/www.eurosmart.hu\/shop\/#organization\"},\"potentialAction\":[{\"@type\":\"SearchAction\",\"target\":{\"@type\":\"EntryPoint\",\"urlTemplate\":\"https:\/\/www.eurosmart.hu\/shop\/?s={search_term_string}\"},\"query-input\":\"required name=search_term_string\"}],\"inLanguage\":\"hu\"},{\"@type\":\"Organization\",\"@id\":\"https:\/\/www.eurosmart.hu\/shop\/#organization\",\"name\":\"Eurosmart - Milwaukee web\u00e1ruh\u00e1z\",\"url\":\"https:\/\/www.eurosmart.hu\/shop\/\",\"logo\":{\"@type\":\"ImageObject\",\"inLanguage\":\"hu\",\"@id\":\"https:\/\/www.eurosmart.hu\/shop\/#\/schema\/logo\/image\/\",\"url\":\"https:\/\/www.eurosmart.hu\/shop\/wp-content\/uploads\/2023\/10\/milwaukee-logo-1.png\",\"contentUrl\":\"https:\/\/www.eurosmart.hu\/shop\/wp-content\/uploads\/2023\/10\/milwaukee-logo-1.png\",\"width\":500,\"height\":200,\"caption\":\"Eurosmart - Milwaukee web\u00e1ruh\u00e1z\"},\"image\":{\"@id\":\"https:\/\/www.eurosmart.hu\/shop\/#\/schema\/logo\/image\/\"},\"sameAs\":[\"https:\/\/www.facebook.com\/EurosmartKft\"]}]}<\/script>\n<meta property=\"product:price:amount\" content=\"0\" \/>\n<meta property=\"product:price:currency\" content=\"HUF\" \/>\n<meta property=\"og:availability\" content=\"instock\" \/>\n<meta property=\"product:availability\" content=\"instock\" \/>\n<meta property=\"product:retailer_item_id\" content=\"4932492656\" \/>\n<meta property=\"product:condition\" content=\"new\" \/>\n<!-- \/ Yoast SEO Premium plugin. -->","yoast_head_json":{"title":"MILWAUKEE PERFECT MATCH BITEK \u00c9S SHOCKWAVE SAROKCSAVAROZ\u00d3 ADAPTER (4932492656) - Eurosmart - Milwaukee web\u00e1ruh\u00e1z","robots":{"index":"index","follow":"follow","max-snippet":"max-snippet:-1","max-image-preview":"max-image-preview:large","max-video-preview":"max-video-preview:-1"},"canonical":"https:\/\/www.eurosmart.hu\/shop\/index.php\/termek\/milwaukee-perfect-match-bitek-es-shockwave-sarokcsavarozo-adapter-4932492656\/","og_locale":"hu_HU","og_type":"article","og_title":"MILWAUKEE PERFECT MATCH BITEK \u00c9S SHOCKWAVE SAROKCSAVAROZ\u00d3 ADAPTER (4932492656)","og_description":"A k\u00e9szlet tartalma:   Bitek: 3x PH2 25mm, 2x PZ1 25mm, 4x PZ2 25mm, 1x PZ3 25mm, 2x TX10 25mm, 2x TX15 25mm, 3x TX20 25mm, 4x TX25 25mm, 3x TX30 25mm, 1x TX40 25mm, 1x PH1.50mm, 3x PH2 50mm, 1x PH3 50mm, 1x PZ1 50mm, 3x PZ2 50mm, 1x PZ3 50mm, 1x TX10 50mm, 1x TX15 50mm, 1x TX20 50mm, 2x TX25 50mm, 3x TX30 50mm, 3x TX40 50mm  1x 60mm Shockwave m\u00e1gneses bittart\u00f3  1x PACKOUT Compatible Carry Case  1x Shockwave Sarok behajt\u00f3 adapter","og_url":"https:\/\/www.eurosmart.hu\/shop\/index.php\/termek\/milwaukee-perfect-match-bitek-es-shockwave-sarokcsavarozo-adapter-4932492656\/","og_site_name":"Eurosmart - Milwaukee web\u00e1ruh\u00e1z","article_publisher":"https:\/\/www.facebook.com\/EurosmartKft","article_modified_time":"2023-10-05T07:11:52+00:00","og_image":[{"width":600,"height":600,"url":"https:\/\/www.eurosmart.hu\/shop\/wp-content\/uploads\/2023\/09\/4932492656.jpg","type":"image\/jpeg"}],"twitter_card":"summary_large_image","twitter_misc":{"Price":"","Availability":"In stock"},"schema":{"@context":"https:\/\/schema.org","@graph":[{"@type":"WebPage","@id":"https:\/\/www.eurosmart.hu\/shop\/index.php\/termek\/milwaukee-perfect-match-bitek-es-shockwave-sarokcsavarozo-adapter-4932492656\/","url":"https:\/\/www.eurosmart.hu\/shop\/index.php\/termek\/milwaukee-perfect-match-bitek-es-shockwave-sarokcsavarozo-adapter-4932492656\/","name":"MILWAUKEE PERFECT MATCH BITEK \u00c9S SHOCKWAVE SAROKCSAVAROZ\u00d3 ADAPTER (4932492656) - Eurosmart - Milwaukee web\u00e1ruh\u00e1z","isPartOf":{"@id":"https:\/\/www.eurosmart.hu\/shop\/#website"},"datePublished":"2023-09-22T08:18:13+00:00","dateModified":"2023-10-05T07:11:52+00:00","breadcrumb":{"@id":"https:\/\/www.eurosmart.hu\/shop\/index.php\/termek\/milwaukee-perfect-match-bitek-es-shockwave-sarokcsavarozo-adapter-4932492656\/#breadcrumb"},"inLanguage":"hu","potentialAction":[{"@type":"ReadAction","target":["https:\/\/www.eurosmart.hu\/shop\/index.php\/termek\/milwaukee-perfect-match-bitek-es-shockwave-sarokcsavarozo-adapter-4932492656\/"]}]},{"@type":"BreadcrumbList","@id":"https:\/\/www.eurosmart.hu\/shop\/index.php\/termek\/milwaukee-perfect-match-bitek-es-shockwave-sarokcsavarozo-adapter-4932492656\/#breadcrumb","itemListElement":[{"@type":"ListItem","position":1,"name":"Kezd\u0151lap","item":"https:\/\/www.eurosmart.hu\/shop\/"},{"@type":"ListItem","position":2,"name":"Term\u00e9keink","item":"https:\/\/www.eurosmart.hu\/shop\/index.php\/uzlet\/"},{"@type":"ListItem","position":3,"name":"MILWAUKEE PERFECT MATCH BITEK \u00c9S SHOCKWAVE SAROKCSAVAROZ\u00d3 ADAPTER (4932492656)"}]},{"@type":"WebSite","@id":"https:\/\/www.eurosmart.hu\/shop\/#website","url":"https:\/\/www.eurosmart.hu\/shop\/","name":"Eurosmart - Milwaukee web\u00e1ruh\u00e1z","description":"Milwaukee web\u00e1ruh\u00e1z","publisher":{"@id":"https:\/\/www.eurosmart.hu\/shop\/#organization"},"potentialAction":[{"@type":"SearchAction","target":{"@type":"EntryPoint","urlTemplate":"https:\/\/www.eurosmart.hu\/shop\/?s={search_term_string}"},"query-input":"required name=search_term_string"}],"inLanguage":"hu"},{"@type":"Organization","@id":"https:\/\/www.eurosmart.hu\/shop\/#organization","name":"Eurosmart - Milwaukee web\u00e1ruh\u00e1z","url":"https:\/\/www.eurosmart.hu\/shop\/","logo":{"@type":"ImageObject","inLanguage":"hu","@id":"https:\/\/www.eurosmart.hu\/shop\/#\/schema\/logo\/image\/","url":"https:\/\/www.eurosmart.hu\/shop\/wp-content\/uploads\/2023\/10\/milwaukee-logo-1.png","contentUrl":"https:\/\/www.eurosmart.hu\/shop\/wp-content\/uploads\/2023\/10\/milwaukee-logo-1.png","width":500,"height":200,"caption":"Eurosmart - Milwaukee web\u00e1ruh\u00e1z"},"image":{"@id":"https:\/\/www.eurosmart.hu\/shop\/#\/schema\/logo\/image\/"},"sameAs":["https:\/\/www.facebook.com\/EurosmartKft"]}]},"product_price_currency":"HUF","og_availability":"instock","product_availability":"instock","product_retailer_item_id":"4932492656","product_condition":"new"},"_links":{"self":[{"href":"https:\/\/www.eurosmart.hu\/shop\/index.php\/wp-json\/wp\/v2\/product\/2398","targetHints":{"allow":["GET"]}}],"collection":[{"href":"https:\/\/www.eurosmart.hu\/shop\/index.php\/wp-json\/wp\/v2\/product"}],"about":[{"href":"https:\/\/www.eurosmart.hu\/shop\/index.php\/wp-json\/wp\/v2\/types\/product"}],"wp:featuredmedia":[{"embeddable":true,"href":"https:\/\/www.eurosmart.hu\/shop\/index.php\/wp-json\/wp\/v2\/media\/3002"}],"wp:attachment":[{"href":"https:\/\/www.eurosmart.hu\/shop\/index.php\/wp-json\/wp\/v2\/media?parent=2398"}],"wp:term":[{"taxonomy":"product_cat","embeddable":true,"href":"https:\/\/www.eurosmart.hu\/shop\/index.php\/wp-json\/wp\/v2\/product_cat?post=2398"},{"taxonomy":"product_tag","embeddable":true,"href":"https:\/\/www.eurosmart.hu\/shop\/index.php\/wp-json\/wp\/v2\/product_tag?post=2398"}],"curies":[{"name":"wp","href":"https:\/\/api.w.org\/{rel}","templated":true}]}}