{"id":2240,"date":"2023-09-19T09:17:41","date_gmt":"2023-09-19T09:17:41","guid":{"rendered":"https:\/\/www.eurosmart.hu\/shop\/?post_type=product&#038;p=2240"},"modified":"2024-03-18T14:04:14","modified_gmt":"2024-03-18T14:04:14","slug":"milwaukee-m18rc-0-radio-tolto-bluetooth-kapcsolattal-4933446639","status":"publish","type":"product","link":"https:\/\/www.eurosmart.hu\/shop\/index.php\/termek\/milwaukee-m18rc-0-radio-tolto-bluetooth-kapcsolattal-4933446639\/","title":{"rendered":"MILWAUKEE M18 RC-0 R\u00c1DI\u00d3\/T\u00d6LT\u0150 BLUETOOTH\u00ae KAPCSOLATTAL (4933446639)"},"content":{"rendered":"<h5>Tulajdons\u00e1gok:<\/h5>\n<ul class=\"ProductFeaturesTextstyles__FeatureList-fxqvf2-1 dUrrwH\">\n<li class=\"ProductFeaturesTextstyles__Feature-fxqvf2-3 ggyeUS\">Be\u00e9p\u00edtett t\u00f6lt\u0151 lehet\u0151v\u00e9 teszi a gyors, praktikus t\u00f6lt\u00e9s\u00e9t az\u00a0<a href=\"https:\/\/hu.milwaukeetool.eu\/systems\/m18\/\">M18\u2122<\/a>\u00a0akkumul\u00e1toroknak vagy elektronikai eszk\u00f6z\u00f6knek USB porton kereszt\u00fcl<\/li>\n<li class=\"ProductFeaturesTextstyles__Feature-fxqvf2-3 ggyeUS\">Digit\u00e1lis Bluetooth\u00ae vev\u0151: zene lej\u00e1tsz\u00e1sa ak\u00e1r 30 m-re az okostelefont\u00f3l, sz\u00e1m\u00edt\u00f3g\u00e9pt\u0151l vagy t\u00e1blag\u00e9pt\u0151l<\/li>\n<li class=\"ProductFeaturesTextstyles__Feature-fxqvf2-3 ggyeUS\">MILWAUKEE\u00ae\u00a0<a href=\"https:\/\/hu.milwaukeetool.eu\/systems\/m18\/\">M18\u2122<\/a>\u00a0akkumul\u00e1torral vagy 230V-os h\u00e1l\u00f3zatr\u00f3l m\u0171k\u00f6dtethet\u0151<\/li>\n<li class=\"ProductFeaturesTextstyles__Feature-fxqvf2-3 ggyeUS\">Exkluz\u00edv AM\/FM hangol\u00f3 digit\u00e1lis tunerrel a legjobb v\u00e9teli pontoss\u00e1got \u00e9s tiszta jeleket biztos\u00edt<\/li>\n<li class=\"ProductFeaturesTextstyles__Feature-fxqvf2-3 ggyeUS\">Pr\u00e9mium min\u0151s\u00e9g\u0171 hangsz\u00f3r\u00f3 \u00e9s 40 W er\u0151s\u00edt\u0151 kiv\u00e1l\u00f3 hangz\u00e1ssal<\/li>\n<li class=\"ProductFeaturesTextstyles__Feature-fxqvf2-3 ggyeUS\">Az id\u0151j\u00e1r\u00e1s viszontags\u00e1gai ellen v\u00e9dett t\u00e1rol\u00f3 megv\u00e9di az MP3 lej\u00e1tsz\u00f3t \u00e9s az egy\u00e9b audi\u00f3 eszk\u00f6z\u00f6ket<\/li>\n<li class=\"ProductFeaturesTextstyles__Feature-fxqvf2-3 ggyeUS\">Meger\u0151s\u00edtett r\u00e1ccsal \u00e9s f\u00e9m foganty\u00fakkal a munkater\u00fcleten el\u0151fordul\u00f3 s\u00e9r\u00fcl\u00e9sek ellen<\/li>\n<li class=\"ProductFeaturesTextstyles__Feature-fxqvf2-3 ggyeUS\">Equalizer \u00e9s 10 \u00e1llom\u00e1s be\u00e1ll\u00edt\u00e1sa<\/li>\n<li class=\"ProductFeaturesTextstyles__Feature-fxqvf2-3 ggyeUS\">Rugalmas akkumul\u00e1tor rendszerrel &#8211; MILWAUKEE\u00ae\u00a0<a href=\"https:\/\/hu.milwaukeetool.eu\/systems\/m18\/\">M18\u2122<\/a> akkumul\u00e1torokkal m\u0171k\u00f6dik (Az akkumul\u00e1tor nem tartoz\u00e9k!)<\/li>\n<\/ul>\n<h5>M\u0171szaki adatok:<\/h5>\n<ul>\n<li>T\u00edpus: Akkumul\u00e1toros, Li-ion 18V \/ H\u00e1l\u00f3zati<\/li>\n<li>Hangsz\u00f3r\u00f3 teljes\u00edtm\u00e9ny (W): 40<\/li>\n<li>Digit\u00e1lis bluetooth: ak\u00e1r 30,48 m\u00e9terr\u0151l is lej\u00e1tszik a telefonj\u00e1r\u00f3l, sz\u00e1m\u00edt\u00f3g\u00e9p\u00e9r\u0151l vagy tablettj\u00e9r\u0151l<\/li>\n<li>AC\/DC verzi\u00f3: Milwaukee(R) M18 akkumul\u00e1torral vagy h\u00e1l\u00f3zatr\u00f3l m\u0171k\u00f6dtethet\u0151<\/li>\n<li>2 db AAA elemmel, kimeneti vezet\u00e9kkel sz\u00e1ll\u00edtva.<\/li>\n<li>M\u00e9ret (cm): 30 x 30.7 x 37<\/li>\n<li>S\u00faly (kg): 7.7<\/li>\n<\/ul>\n<p>&nbsp;<\/p>\n","protected":false},"excerpt":{"rendered":"<p><strong>A k\u00e9szlet tartalma:<\/strong><\/p>\n<ul>\n<li>1 db M18RC r\u00e1di\u00f3\/t\u00f6lt\u0151 <em>(Akkumul\u00e1tor, t\u00f6lt\u0151 \u00e9s koffer n\u00e9lk\u00fcl sz\u00e1ll\u00edtva!)<\/em><\/li>\n<li>2 db AAA elem<\/li>\n<\/ul>\n","protected":false},"featured_media":3156,"template":"","meta":[],"product_cat":[165,173,230,59,228,89],"product_tag":[],"class_list":["post-2240","product","type-product","status-publish","has-post-thumbnail","hentry","product_cat-akkumulatoros-gepek","product_cat-akkus-radiok","product_cat-m18-rendszer","product_cat-milwaukee","product_cat-rendszer","product_cat-termekek"],"yoast_head":"<!-- This site is optimized with the Yoast SEO Premium plugin v21.3 (Yoast SEO v21.3) - https:\/\/yoast.com\/wordpress\/plugins\/seo\/ -->\n<title>MILWAUKEE M18 RC-0 R\u00c1DI\u00d3\/T\u00d6LT\u0150 BLUETOOTH\u00ae KAPCSOLATTAL (4933446639) - Eurosmart - Milwaukee web\u00e1ruh\u00e1z<\/title>\n<meta name=\"robots\" content=\"index, follow, max-snippet:-1, max-image-preview:large, max-video-preview:-1\" \/>\n<link rel=\"canonical\" href=\"https:\/\/www.eurosmart.hu\/shop\/index.php\/termek\/milwaukee-m18rc-0-radio-tolto-bluetooth-kapcsolattal-4933446639\/\" \/>\n<meta property=\"og:locale\" content=\"hu_HU\" \/>\n<meta property=\"og:type\" content=\"article\" \/>\n<meta property=\"og:title\" content=\"MILWAUKEE M18 RC-0 R\u00c1DI\u00d3\/T\u00d6LT\u0150 BLUETOOTH\u00ae KAPCSOLATTAL (4933446639)\" \/>\n<meta property=\"og:description\" content=\"A k\u00e9szlet tartalma:   1 db M18RC r\u00e1di\u00f3\/t\u00f6lt\u0151 (Akkumul\u00e1tor, t\u00f6lt\u0151 \u00e9s koffer n\u00e9lk\u00fcl sz\u00e1ll\u00edtva!)  2 db AAA elem\" \/>\n<meta property=\"og:url\" content=\"https:\/\/www.eurosmart.hu\/shop\/index.php\/termek\/milwaukee-m18rc-0-radio-tolto-bluetooth-kapcsolattal-4933446639\/\" \/>\n<meta property=\"og:site_name\" content=\"Eurosmart - Milwaukee web\u00e1ruh\u00e1z\" \/>\n<meta property=\"article:publisher\" content=\"https:\/\/www.facebook.com\/EurosmartKft\" \/>\n<meta property=\"article:modified_time\" content=\"2024-03-18T14:04:14+00:00\" \/>\n<meta property=\"og:image\" content=\"https:\/\/www.eurosmart.hu\/shop\/wp-content\/uploads\/2023\/09\/4933446639.jpg\" \/>\n\t<meta property=\"og:image:width\" content=\"600\" \/>\n\t<meta property=\"og:image:height\" content=\"600\" \/>\n\t<meta property=\"og:image:type\" content=\"image\/jpeg\" \/>\n<meta name=\"twitter:card\" content=\"summary_large_image\" \/>\n<meta name=\"twitter:label1\" content=\"Price\" \/>\n\t<meta name=\"twitter:data1\" content=\"\" \/>\n\t<meta name=\"twitter:label2\" content=\"Availability\" \/>\n\t<meta name=\"twitter:data2\" content=\"In stock\" \/>\n<script type=\"application\/ld+json\" class=\"yoast-schema-graph\">{\"@context\":\"https:\/\/schema.org\",\"@graph\":[{\"@type\":\"WebPage\",\"@id\":\"https:\/\/www.eurosmart.hu\/shop\/index.php\/termek\/milwaukee-m18rc-0-radio-tolto-bluetooth-kapcsolattal-4933446639\/\",\"url\":\"https:\/\/www.eurosmart.hu\/shop\/index.php\/termek\/milwaukee-m18rc-0-radio-tolto-bluetooth-kapcsolattal-4933446639\/\",\"name\":\"MILWAUKEE M18 RC-0 R\u00c1DI\u00d3\/T\u00d6LT\u0150 BLUETOOTH\u00ae KAPCSOLATTAL (4933446639) - Eurosmart - Milwaukee web\u00e1ruh\u00e1z\",\"isPartOf\":{\"@id\":\"https:\/\/www.eurosmart.hu\/shop\/#website\"},\"datePublished\":\"2023-09-19T09:17:41+00:00\",\"dateModified\":\"2024-03-18T14:04:14+00:00\",\"breadcrumb\":{\"@id\":\"https:\/\/www.eurosmart.hu\/shop\/index.php\/termek\/milwaukee-m18rc-0-radio-tolto-bluetooth-kapcsolattal-4933446639\/#breadcrumb\"},\"inLanguage\":\"hu\",\"potentialAction\":[{\"@type\":\"ReadAction\",\"target\":[\"https:\/\/www.eurosmart.hu\/shop\/index.php\/termek\/milwaukee-m18rc-0-radio-tolto-bluetooth-kapcsolattal-4933446639\/\"]}]},{\"@type\":\"BreadcrumbList\",\"@id\":\"https:\/\/www.eurosmart.hu\/shop\/index.php\/termek\/milwaukee-m18rc-0-radio-tolto-bluetooth-kapcsolattal-4933446639\/#breadcrumb\",\"itemListElement\":[{\"@type\":\"ListItem\",\"position\":1,\"name\":\"Kezd\u0151lap\",\"item\":\"https:\/\/www.eurosmart.hu\/shop\/\"},{\"@type\":\"ListItem\",\"position\":2,\"name\":\"Term\u00e9keink\",\"item\":\"https:\/\/www.eurosmart.hu\/shop\/index.php\/uzlet\/\"},{\"@type\":\"ListItem\",\"position\":3,\"name\":\"MILWAUKEE M18 RC-0 R\u00c1DI\u00d3\/T\u00d6LT\u0150 BLUETOOTH\u00ae KAPCSOLATTAL (4933446639)\"}]},{\"@type\":\"WebSite\",\"@id\":\"https:\/\/www.eurosmart.hu\/shop\/#website\",\"url\":\"https:\/\/www.eurosmart.hu\/shop\/\",\"name\":\"Eurosmart - Milwaukee web\u00e1ruh\u00e1z\",\"description\":\"Milwaukee web\u00e1ruh\u00e1z\",\"publisher\":{\"@id\":\"https:\/\/www.eurosmart.hu\/shop\/#organization\"},\"potentialAction\":[{\"@type\":\"SearchAction\",\"target\":{\"@type\":\"EntryPoint\",\"urlTemplate\":\"https:\/\/www.eurosmart.hu\/shop\/?s={search_term_string}\"},\"query-input\":\"required name=search_term_string\"}],\"inLanguage\":\"hu\"},{\"@type\":\"Organization\",\"@id\":\"https:\/\/www.eurosmart.hu\/shop\/#organization\",\"name\":\"Eurosmart - Milwaukee web\u00e1ruh\u00e1z\",\"url\":\"https:\/\/www.eurosmart.hu\/shop\/\",\"logo\":{\"@type\":\"ImageObject\",\"inLanguage\":\"hu\",\"@id\":\"https:\/\/www.eurosmart.hu\/shop\/#\/schema\/logo\/image\/\",\"url\":\"https:\/\/www.eurosmart.hu\/shop\/wp-content\/uploads\/2023\/10\/milwaukee-logo-1.png\",\"contentUrl\":\"https:\/\/www.eurosmart.hu\/shop\/wp-content\/uploads\/2023\/10\/milwaukee-logo-1.png\",\"width\":500,\"height\":200,\"caption\":\"Eurosmart - Milwaukee web\u00e1ruh\u00e1z\"},\"image\":{\"@id\":\"https:\/\/www.eurosmart.hu\/shop\/#\/schema\/logo\/image\/\"},\"sameAs\":[\"https:\/\/www.facebook.com\/EurosmartKft\"]}]}<\/script>\n<meta property=\"product:price:amount\" content=\"0\" \/>\n<meta property=\"product:price:currency\" content=\"HUF\" \/>\n<meta property=\"og:availability\" content=\"instock\" \/>\n<meta property=\"product:availability\" content=\"instock\" \/>\n<meta property=\"product:retailer_item_id\" content=\"4933446639\" \/>\n<meta property=\"product:condition\" content=\"new\" \/>\n<!-- \/ Yoast SEO Premium plugin. -->","yoast_head_json":{"title":"MILWAUKEE M18 RC-0 R\u00c1DI\u00d3\/T\u00d6LT\u0150 BLUETOOTH\u00ae KAPCSOLATTAL (4933446639) - Eurosmart - Milwaukee web\u00e1ruh\u00e1z","robots":{"index":"index","follow":"follow","max-snippet":"max-snippet:-1","max-image-preview":"max-image-preview:large","max-video-preview":"max-video-preview:-1"},"canonical":"https:\/\/www.eurosmart.hu\/shop\/index.php\/termek\/milwaukee-m18rc-0-radio-tolto-bluetooth-kapcsolattal-4933446639\/","og_locale":"hu_HU","og_type":"article","og_title":"MILWAUKEE M18 RC-0 R\u00c1DI\u00d3\/T\u00d6LT\u0150 BLUETOOTH\u00ae KAPCSOLATTAL (4933446639)","og_description":"A k\u00e9szlet tartalma:   1 db M18RC r\u00e1di\u00f3\/t\u00f6lt\u0151 (Akkumul\u00e1tor, t\u00f6lt\u0151 \u00e9s koffer n\u00e9lk\u00fcl sz\u00e1ll\u00edtva!)  2 db AAA elem","og_url":"https:\/\/www.eurosmart.hu\/shop\/index.php\/termek\/milwaukee-m18rc-0-radio-tolto-bluetooth-kapcsolattal-4933446639\/","og_site_name":"Eurosmart - Milwaukee web\u00e1ruh\u00e1z","article_publisher":"https:\/\/www.facebook.com\/EurosmartKft","article_modified_time":"2024-03-18T14:04:14+00:00","og_image":[{"width":600,"height":600,"url":"https:\/\/www.eurosmart.hu\/shop\/wp-content\/uploads\/2023\/09\/4933446639.jpg","type":"image\/jpeg"}],"twitter_card":"summary_large_image","twitter_misc":{"Price":"","Availability":"In stock"},"schema":{"@context":"https:\/\/schema.org","@graph":[{"@type":"WebPage","@id":"https:\/\/www.eurosmart.hu\/shop\/index.php\/termek\/milwaukee-m18rc-0-radio-tolto-bluetooth-kapcsolattal-4933446639\/","url":"https:\/\/www.eurosmart.hu\/shop\/index.php\/termek\/milwaukee-m18rc-0-radio-tolto-bluetooth-kapcsolattal-4933446639\/","name":"MILWAUKEE M18 RC-0 R\u00c1DI\u00d3\/T\u00d6LT\u0150 BLUETOOTH\u00ae KAPCSOLATTAL (4933446639) - Eurosmart - Milwaukee web\u00e1ruh\u00e1z","isPartOf":{"@id":"https:\/\/www.eurosmart.hu\/shop\/#website"},"datePublished":"2023-09-19T09:17:41+00:00","dateModified":"2024-03-18T14:04:14+00:00","breadcrumb":{"@id":"https:\/\/www.eurosmart.hu\/shop\/index.php\/termek\/milwaukee-m18rc-0-radio-tolto-bluetooth-kapcsolattal-4933446639\/#breadcrumb"},"inLanguage":"hu","potentialAction":[{"@type":"ReadAction","target":["https:\/\/www.eurosmart.hu\/shop\/index.php\/termek\/milwaukee-m18rc-0-radio-tolto-bluetooth-kapcsolattal-4933446639\/"]}]},{"@type":"BreadcrumbList","@id":"https:\/\/www.eurosmart.hu\/shop\/index.php\/termek\/milwaukee-m18rc-0-radio-tolto-bluetooth-kapcsolattal-4933446639\/#breadcrumb","itemListElement":[{"@type":"ListItem","position":1,"name":"Kezd\u0151lap","item":"https:\/\/www.eurosmart.hu\/shop\/"},{"@type":"ListItem","position":2,"name":"Term\u00e9keink","item":"https:\/\/www.eurosmart.hu\/shop\/index.php\/uzlet\/"},{"@type":"ListItem","position":3,"name":"MILWAUKEE M18 RC-0 R\u00c1DI\u00d3\/T\u00d6LT\u0150 BLUETOOTH\u00ae KAPCSOLATTAL (4933446639)"}]},{"@type":"WebSite","@id":"https:\/\/www.eurosmart.hu\/shop\/#website","url":"https:\/\/www.eurosmart.hu\/shop\/","name":"Eurosmart - Milwaukee web\u00e1ruh\u00e1z","description":"Milwaukee web\u00e1ruh\u00e1z","publisher":{"@id":"https:\/\/www.eurosmart.hu\/shop\/#organization"},"potentialAction":[{"@type":"SearchAction","target":{"@type":"EntryPoint","urlTemplate":"https:\/\/www.eurosmart.hu\/shop\/?s={search_term_string}"},"query-input":"required name=search_term_string"}],"inLanguage":"hu"},{"@type":"Organization","@id":"https:\/\/www.eurosmart.hu\/shop\/#organization","name":"Eurosmart - Milwaukee web\u00e1ruh\u00e1z","url":"https:\/\/www.eurosmart.hu\/shop\/","logo":{"@type":"ImageObject","inLanguage":"hu","@id":"https:\/\/www.eurosmart.hu\/shop\/#\/schema\/logo\/image\/","url":"https:\/\/www.eurosmart.hu\/shop\/wp-content\/uploads\/2023\/10\/milwaukee-logo-1.png","contentUrl":"https:\/\/www.eurosmart.hu\/shop\/wp-content\/uploads\/2023\/10\/milwaukee-logo-1.png","width":500,"height":200,"caption":"Eurosmart - Milwaukee web\u00e1ruh\u00e1z"},"image":{"@id":"https:\/\/www.eurosmart.hu\/shop\/#\/schema\/logo\/image\/"},"sameAs":["https:\/\/www.facebook.com\/EurosmartKft"]}]},"product_price_currency":"HUF","og_availability":"instock","product_availability":"instock","product_retailer_item_id":"4933446639","product_condition":"new"},"_links":{"self":[{"href":"https:\/\/www.eurosmart.hu\/shop\/index.php\/wp-json\/wp\/v2\/product\/2240","targetHints":{"allow":["GET"]}}],"collection":[{"href":"https:\/\/www.eurosmart.hu\/shop\/index.php\/wp-json\/wp\/v2\/product"}],"about":[{"href":"https:\/\/www.eurosmart.hu\/shop\/index.php\/wp-json\/wp\/v2\/types\/product"}],"wp:featuredmedia":[{"embeddable":true,"href":"https:\/\/www.eurosmart.hu\/shop\/index.php\/wp-json\/wp\/v2\/media\/3156"}],"wp:attachment":[{"href":"https:\/\/www.eurosmart.hu\/shop\/index.php\/wp-json\/wp\/v2\/media?parent=2240"}],"wp:term":[{"taxonomy":"product_cat","embeddable":true,"href":"https:\/\/www.eurosmart.hu\/shop\/index.php\/wp-json\/wp\/v2\/product_cat?post=2240"},{"taxonomy":"product_tag","embeddable":true,"href":"https:\/\/www.eurosmart.hu\/shop\/index.php\/wp-json\/wp\/v2\/product_tag?post=2240"}],"curies":[{"name":"wp","href":"https:\/\/api.w.org\/{rel}","templated":true}]}}