{"id":2212,"date":"2023-09-19T07:34:08","date_gmt":"2023-09-19T07:34:08","guid":{"rendered":"https:\/\/www.eurosmart.hu\/shop\/?post_type=product&#038;p=2212"},"modified":"2024-02-08T10:51:48","modified_gmt":"2024-02-08T10:51:48","slug":"milwaukee-m18-fpt2-0c-fuel-csomenetvago-2-one-key-technologiaval-4933478596","status":"publish","type":"product","link":"https:\/\/www.eurosmart.hu\/shop\/index.php\/termek\/milwaukee-m18-fpt2-0c-fuel-csomenetvago-2-one-key-technologiaval-4933478596\/","title":{"rendered":"MILWAUKEE M18 FPT2-0C FUEL\u2122 CS\u0150MENETV\u00c1G\u00d3 2\u2033 ONE-KEY\u2122 TECHNOL\u00d3GI\u00c1VAL KOFFERBEN (4933478596)"},"content":{"rendered":"<h5>Tulajdons\u00e1gok:<\/h5>\n<ul class=\"ProductFeaturesTextstyles__FeatureList-fxqvf2-1 dUrrwH\">\n<li class=\"ProductFeaturesTextstyles__Feature-fxqvf2-3 ggyeUS\">Kateg\u00f3ri\u00e1j\u00e1ban az els\u0151 18 V-os, 2\u2033-os cs\u0151menetv\u00e1g\u00f3, amely teljesen univerz\u00e1lis a versenyt\u00e1rsak menetv\u00e1g\u00f3 fejeivel. \u215b\u2033-2\u2033 cs\u0151menetv\u00e1g\u00e1sra alkalmas<\/li>\n<li class=\"ProductFeaturesTextstyles__Feature-fxqvf2-3 ggyeUS\">A MILWAUKEE\u00ae egyedi cs\u0151menetv\u00e1g\u00f3ja AUTO-STOP\u2122 visszar\u00fag\u00e1s vez\u00e9rl\u0151vel, amely \u00e9rz\u00e9keli az megakad\u00e1st \u00e9s le\u00e1ll\u00edtja a szersz\u00e1mot a felhaszn\u00e1l\u00f3 nagyobb biztons\u00e1ga \u00e9rdek\u00e9ben<\/li>\n<li class=\"ProductFeaturesTextstyles__Feature-fxqvf2-3 ggyeUS\">K\u00f6zvetlen\u00fcl kompatibilis a Ridgid 12-R modellel \u00e9s a k\u00f6vetkez\u0151 adapter k\u00e9szletekkel: MILWAUKEE\u00ae\u00a0<a href=\"https:\/\/hu.milwaukeetool.eu\/hu-hu\/csomenetvago-adapterkeszlet-a-ridgid-11-r-modellhez\/\">FPT2AK-RI<\/a>\u00a0(Ridgid 11-R), MILWAUKEE\u00ae\u00a0<a href=\"https:\/\/hu.milwaukeetool.eu\/hu-hu\/csomenetvago-adapterkeszlet-a-rems-modellekhez\/\">FPT2AK-RE<\/a>\u00a0(Rems gyorst\u00f6lt\u0151) \u00e9s MILWAUKEE\u00ae\u00a0<a href=\"https:\/\/hu.milwaukeetool.eu\/hu-hu\/csomenetvago-adapterkeszlet-a-rothenberger-160;modellekhez\/\">FPT2AK-RO<\/a>\u00a0(Rothenberger SUPER CUT)<\/li>\n<li class=\"ProductFeaturesTextstyles__Feature-fxqvf2-3 ggyeUS\">Sebess\u00e9g v\u00e1laszt\u00f3gomb: 1. seb.: 0 &#8211; 29 ford\/perc, 1-\u00bc\u2033 &#8211; 2\u2033, \u00e9s 2. seb.: 0 &#8211; 41 ford\/perc, \u215b\u2033 &#8211; 1\u2033, optimaliz\u00e1lt menetmin\u0151s\u00e9g a k\u00fcl\u00f6nb\u00f6z\u0151 cs\u0151m\u00e9retekn\u00e9l<\/li>\n<li class=\"ProductFeaturesTextstyles__Feature-fxqvf2-3 ggyeUS\">Eg\u00e9sz napos munkav\u00e9gz\u00e9s egyetlen akkumul\u00e1tor t\u00f6lt\u00e9ssel,\u00a0<a href=\"https:\/\/hu.milwaukeetool.eu\/systems\/m18\/\">M18\u2122<\/a>\u00a012,0 Ah akkumul\u00e1torral, t\u00f6bb mint 25 db, 2\u2033 menettel, \u00e9s t\u00f6bb mint 60 db, \u00bd\u2033 menettel<\/li>\n<li class=\"ProductFeaturesTextstyles__Feature-fxqvf2-3 ggyeUS\">Az oldals\u00f3 markolat nem kapcsol\u00f3dik a forg\u00f3 menetv\u00e1g\u00f3 fejhez a menetv\u00e1g\u00e1s k\u00f6zben vagy azt megel\u0151z\u0151en<\/li>\n<li class=\"ProductFeaturesTextstyles__Feature-fxqvf2-3 ggyeUS\">FUEL\u2122 platformunk DNS-e \u00fajradefini\u00e1lja a vezet\u00e9k n\u00e9lk\u00fcli technol\u00f3gia egyens\u00faly\u00e1t. A MILWAUKEE\u00ae POWERSTATE\u2122 sz\u00e9nkefe n\u00e9lk\u00fcli motor, REDLITHIUM\u2122 akkumul\u00e1tor \u00e9s REDLINK PLUS\u2122 intelligens elektronika p\u00e1ratlan teljes\u00edtm\u00e9nyt, \u00fczemid\u0151t \u00e9s tart\u00f3ss\u00e1got biztos\u00edt.<\/li>\n<li class=\"ProductFeaturesTextstyles__Feature-fxqvf2-3 ggyeUS\">Rugalmas akkumul\u00e1tor rendszerrel &#8211; MILWAUKEE\u00ae\u00a0<a href=\"https:\/\/hu.milwaukeetool.eu\/systems\/m18\/\">M18\u2122<\/a>\u00a0akkumul\u00e1torokkal m\u0171k\u00f6dik<\/li>\n<\/ul>\n<h5>M\u0171szaki adatok:<\/h5>\n<ul>\n<li>T\u00edpus: Akkumul\u00e1toros, Li-ion 18V<\/li>\n<li>Automatikus kikapcsol\u00e1s: Igen<\/li>\n<li>Fordulatsz\u00e1m szab\u00e1lyoz\u00e1s: 2<\/li>\n<li>\u00dcresj\u00e1rati fordulatsz\u00e1m:<br \/>\n1. sebess\u00e9g: 0 &#8211; 29 ford \/ perc , 1-1\/4\u02dd &#8211; 2\u02dd<br \/>\n2. sebess\u00e9g: 0 &#8211; 41 ford \/ perc , 1\/8\u02dd &#8211; 1\u02dd<\/li>\n<li>Menet m\u00e9rete: 3.2 &#8211; 52 \/ 1\/8&#8243; &#8211; 2&#8243; mm<\/li>\n<li>S\u00faly akkumul\u00e1torral (kg): 11.3<\/li>\n<\/ul>\n","protected":false},"excerpt":{"rendered":"<h5>A k\u00e9szlet tartalma:<\/h5>\n<ul>\n<li>1 db M18 FPT2 cs\u0151menetv\u00e1g\u00f3 <em>(akkumul\u00e1tor \u00e9s t\u00f6lt\u0151 n\u00e9lk\u00fcl sz\u00e1ll\u00edtva!)<\/em><\/li>\n<li>1 db t\u00e1maszt\u00f3kar<\/li>\n<li>1 db Szersz\u00e1mkoffer<\/li>\n<\/ul>\n","protected":false},"featured_media":3138,"template":"","meta":[],"product_cat":[165,169,230,59,228,89],"product_tag":[],"class_list":["post-2212","product","type-product","status-publish","has-post-thumbnail","hentry","product_cat-akkumulatoros-gepek","product_cat-akkus-fureszeles-es-vagas","product_cat-m18-rendszer","product_cat-milwaukee","product_cat-rendszer","product_cat-termekek"],"yoast_head":"<!-- This site is optimized with the Yoast SEO Premium plugin v21.3 (Yoast SEO v21.3) - https:\/\/yoast.com\/wordpress\/plugins\/seo\/ -->\n<title>MILWAUKEE M18 FPT2-0C FUEL\u2122 CS\u0150MENETV\u00c1G\u00d3 2\u2033 ONE-KEY\u2122 TECHNOL\u00d3GI\u00c1VAL KOFFERBEN (4933478596) - Eurosmart - Milwaukee web\u00e1ruh\u00e1z<\/title>\n<meta name=\"robots\" content=\"index, follow, max-snippet:-1, max-image-preview:large, max-video-preview:-1\" \/>\n<link rel=\"canonical\" href=\"https:\/\/www.eurosmart.hu\/shop\/index.php\/termek\/milwaukee-m18-fpt2-0c-fuel-csomenetvago-2-one-key-technologiaval-4933478596\/\" \/>\n<meta property=\"og:locale\" content=\"hu_HU\" \/>\n<meta property=\"og:type\" content=\"article\" \/>\n<meta property=\"og:title\" content=\"MILWAUKEE M18 FPT2-0C FUEL\u2122 CS\u0150MENETV\u00c1G\u00d3 2\u2033 ONE-KEY\u2122 TECHNOL\u00d3GI\u00c1VAL KOFFERBEN (4933478596)\" \/>\n<meta property=\"og:description\" content=\"A k\u00e9szlet tartalma:   1 db M18 FPT2 cs\u0151menetv\u00e1g\u00f3 (akkumul\u00e1tor \u00e9s t\u00f6lt\u0151 n\u00e9lk\u00fcl sz\u00e1ll\u00edtva!)  1 db t\u00e1maszt\u00f3kar  1 db Szersz\u00e1mkoffer\" \/>\n<meta property=\"og:url\" content=\"https:\/\/www.eurosmart.hu\/shop\/index.php\/termek\/milwaukee-m18-fpt2-0c-fuel-csomenetvago-2-one-key-technologiaval-4933478596\/\" \/>\n<meta property=\"og:site_name\" content=\"Eurosmart - Milwaukee web\u00e1ruh\u00e1z\" \/>\n<meta property=\"article:publisher\" content=\"https:\/\/www.facebook.com\/EurosmartKft\" \/>\n<meta property=\"article:modified_time\" content=\"2024-02-08T10:51:48+00:00\" \/>\n<meta property=\"og:image\" content=\"https:\/\/www.eurosmart.hu\/shop\/wp-content\/uploads\/2023\/09\/4933478596.jpg\" \/>\n\t<meta property=\"og:image:width\" content=\"600\" \/>\n\t<meta property=\"og:image:height\" content=\"600\" \/>\n\t<meta property=\"og:image:type\" content=\"image\/jpeg\" \/>\n<meta name=\"twitter:card\" content=\"summary_large_image\" \/>\n<meta name=\"twitter:label1\" content=\"Price\" \/>\n\t<meta name=\"twitter:data1\" content=\"\" \/>\n\t<meta name=\"twitter:label2\" content=\"Availability\" \/>\n\t<meta name=\"twitter:data2\" content=\"In stock\" \/>\n<script type=\"application\/ld+json\" class=\"yoast-schema-graph\">{\"@context\":\"https:\/\/schema.org\",\"@graph\":[{\"@type\":\"WebPage\",\"@id\":\"https:\/\/www.eurosmart.hu\/shop\/index.php\/termek\/milwaukee-m18-fpt2-0c-fuel-csomenetvago-2-one-key-technologiaval-4933478596\/\",\"url\":\"https:\/\/www.eurosmart.hu\/shop\/index.php\/termek\/milwaukee-m18-fpt2-0c-fuel-csomenetvago-2-one-key-technologiaval-4933478596\/\",\"name\":\"MILWAUKEE M18 FPT2-0C FUEL\u2122 CS\u0150MENETV\u00c1G\u00d3 2\u2033 ONE-KEY\u2122 TECHNOL\u00d3GI\u00c1VAL KOFFERBEN (4933478596) - Eurosmart - Milwaukee web\u00e1ruh\u00e1z\",\"isPartOf\":{\"@id\":\"https:\/\/www.eurosmart.hu\/shop\/#website\"},\"datePublished\":\"2023-09-19T07:34:08+00:00\",\"dateModified\":\"2024-02-08T10:51:48+00:00\",\"breadcrumb\":{\"@id\":\"https:\/\/www.eurosmart.hu\/shop\/index.php\/termek\/milwaukee-m18-fpt2-0c-fuel-csomenetvago-2-one-key-technologiaval-4933478596\/#breadcrumb\"},\"inLanguage\":\"hu\",\"potentialAction\":[{\"@type\":\"ReadAction\",\"target\":[\"https:\/\/www.eurosmart.hu\/shop\/index.php\/termek\/milwaukee-m18-fpt2-0c-fuel-csomenetvago-2-one-key-technologiaval-4933478596\/\"]}]},{\"@type\":\"BreadcrumbList\",\"@id\":\"https:\/\/www.eurosmart.hu\/shop\/index.php\/termek\/milwaukee-m18-fpt2-0c-fuel-csomenetvago-2-one-key-technologiaval-4933478596\/#breadcrumb\",\"itemListElement\":[{\"@type\":\"ListItem\",\"position\":1,\"name\":\"Kezd\u0151lap\",\"item\":\"https:\/\/www.eurosmart.hu\/shop\/\"},{\"@type\":\"ListItem\",\"position\":2,\"name\":\"Term\u00e9keink\",\"item\":\"https:\/\/www.eurosmart.hu\/shop\/index.php\/uzlet\/\"},{\"@type\":\"ListItem\",\"position\":3,\"name\":\"MILWAUKEE M18 FPT2-0C FUEL\u2122 CS\u0150MENETV\u00c1G\u00d3 2\u2033 ONE-KEY\u2122 TECHNOL\u00d3GI\u00c1VAL KOFFERBEN (4933478596)\"}]},{\"@type\":\"WebSite\",\"@id\":\"https:\/\/www.eurosmart.hu\/shop\/#website\",\"url\":\"https:\/\/www.eurosmart.hu\/shop\/\",\"name\":\"Eurosmart - Milwaukee web\u00e1ruh\u00e1z\",\"description\":\"Milwaukee web\u00e1ruh\u00e1z\",\"publisher\":{\"@id\":\"https:\/\/www.eurosmart.hu\/shop\/#organization\"},\"potentialAction\":[{\"@type\":\"SearchAction\",\"target\":{\"@type\":\"EntryPoint\",\"urlTemplate\":\"https:\/\/www.eurosmart.hu\/shop\/?s={search_term_string}\"},\"query-input\":\"required name=search_term_string\"}],\"inLanguage\":\"hu\"},{\"@type\":\"Organization\",\"@id\":\"https:\/\/www.eurosmart.hu\/shop\/#organization\",\"name\":\"Eurosmart - Milwaukee web\u00e1ruh\u00e1z\",\"url\":\"https:\/\/www.eurosmart.hu\/shop\/\",\"logo\":{\"@type\":\"ImageObject\",\"inLanguage\":\"hu\",\"@id\":\"https:\/\/www.eurosmart.hu\/shop\/#\/schema\/logo\/image\/\",\"url\":\"https:\/\/www.eurosmart.hu\/shop\/wp-content\/uploads\/2023\/10\/milwaukee-logo-1.png\",\"contentUrl\":\"https:\/\/www.eurosmart.hu\/shop\/wp-content\/uploads\/2023\/10\/milwaukee-logo-1.png\",\"width\":500,\"height\":200,\"caption\":\"Eurosmart - Milwaukee web\u00e1ruh\u00e1z\"},\"image\":{\"@id\":\"https:\/\/www.eurosmart.hu\/shop\/#\/schema\/logo\/image\/\"},\"sameAs\":[\"https:\/\/www.facebook.com\/EurosmartKft\"]}]}<\/script>\n<meta property=\"product:price:amount\" content=\"0\" \/>\n<meta property=\"product:price:currency\" content=\"HUF\" \/>\n<meta property=\"og:availability\" content=\"instock\" \/>\n<meta property=\"product:availability\" content=\"instock\" \/>\n<meta property=\"product:retailer_item_id\" content=\"4933478596\" \/>\n<meta property=\"product:condition\" content=\"new\" \/>\n<!-- \/ Yoast SEO Premium plugin. -->","yoast_head_json":{"title":"MILWAUKEE M18 FPT2-0C FUEL\u2122 CS\u0150MENETV\u00c1G\u00d3 2\u2033 ONE-KEY\u2122 TECHNOL\u00d3GI\u00c1VAL KOFFERBEN (4933478596) - Eurosmart - Milwaukee web\u00e1ruh\u00e1z","robots":{"index":"index","follow":"follow","max-snippet":"max-snippet:-1","max-image-preview":"max-image-preview:large","max-video-preview":"max-video-preview:-1"},"canonical":"https:\/\/www.eurosmart.hu\/shop\/index.php\/termek\/milwaukee-m18-fpt2-0c-fuel-csomenetvago-2-one-key-technologiaval-4933478596\/","og_locale":"hu_HU","og_type":"article","og_title":"MILWAUKEE M18 FPT2-0C FUEL\u2122 CS\u0150MENETV\u00c1G\u00d3 2\u2033 ONE-KEY\u2122 TECHNOL\u00d3GI\u00c1VAL KOFFERBEN (4933478596)","og_description":"A k\u00e9szlet tartalma:   1 db M18 FPT2 cs\u0151menetv\u00e1g\u00f3 (akkumul\u00e1tor \u00e9s t\u00f6lt\u0151 n\u00e9lk\u00fcl sz\u00e1ll\u00edtva!)  1 db t\u00e1maszt\u00f3kar  1 db Szersz\u00e1mkoffer","og_url":"https:\/\/www.eurosmart.hu\/shop\/index.php\/termek\/milwaukee-m18-fpt2-0c-fuel-csomenetvago-2-one-key-technologiaval-4933478596\/","og_site_name":"Eurosmart - Milwaukee web\u00e1ruh\u00e1z","article_publisher":"https:\/\/www.facebook.com\/EurosmartKft","article_modified_time":"2024-02-08T10:51:48+00:00","og_image":[{"width":600,"height":600,"url":"https:\/\/www.eurosmart.hu\/shop\/wp-content\/uploads\/2023\/09\/4933478596.jpg","type":"image\/jpeg"}],"twitter_card":"summary_large_image","twitter_misc":{"Price":"","Availability":"In stock"},"schema":{"@context":"https:\/\/schema.org","@graph":[{"@type":"WebPage","@id":"https:\/\/www.eurosmart.hu\/shop\/index.php\/termek\/milwaukee-m18-fpt2-0c-fuel-csomenetvago-2-one-key-technologiaval-4933478596\/","url":"https:\/\/www.eurosmart.hu\/shop\/index.php\/termek\/milwaukee-m18-fpt2-0c-fuel-csomenetvago-2-one-key-technologiaval-4933478596\/","name":"MILWAUKEE M18 FPT2-0C FUEL\u2122 CS\u0150MENETV\u00c1G\u00d3 2\u2033 ONE-KEY\u2122 TECHNOL\u00d3GI\u00c1VAL KOFFERBEN (4933478596) - Eurosmart - Milwaukee web\u00e1ruh\u00e1z","isPartOf":{"@id":"https:\/\/www.eurosmart.hu\/shop\/#website"},"datePublished":"2023-09-19T07:34:08+00:00","dateModified":"2024-02-08T10:51:48+00:00","breadcrumb":{"@id":"https:\/\/www.eurosmart.hu\/shop\/index.php\/termek\/milwaukee-m18-fpt2-0c-fuel-csomenetvago-2-one-key-technologiaval-4933478596\/#breadcrumb"},"inLanguage":"hu","potentialAction":[{"@type":"ReadAction","target":["https:\/\/www.eurosmart.hu\/shop\/index.php\/termek\/milwaukee-m18-fpt2-0c-fuel-csomenetvago-2-one-key-technologiaval-4933478596\/"]}]},{"@type":"BreadcrumbList","@id":"https:\/\/www.eurosmart.hu\/shop\/index.php\/termek\/milwaukee-m18-fpt2-0c-fuel-csomenetvago-2-one-key-technologiaval-4933478596\/#breadcrumb","itemListElement":[{"@type":"ListItem","position":1,"name":"Kezd\u0151lap","item":"https:\/\/www.eurosmart.hu\/shop\/"},{"@type":"ListItem","position":2,"name":"Term\u00e9keink","item":"https:\/\/www.eurosmart.hu\/shop\/index.php\/uzlet\/"},{"@type":"ListItem","position":3,"name":"MILWAUKEE M18 FPT2-0C FUEL\u2122 CS\u0150MENETV\u00c1G\u00d3 2\u2033 ONE-KEY\u2122 TECHNOL\u00d3GI\u00c1VAL KOFFERBEN (4933478596)"}]},{"@type":"WebSite","@id":"https:\/\/www.eurosmart.hu\/shop\/#website","url":"https:\/\/www.eurosmart.hu\/shop\/","name":"Eurosmart - Milwaukee web\u00e1ruh\u00e1z","description":"Milwaukee web\u00e1ruh\u00e1z","publisher":{"@id":"https:\/\/www.eurosmart.hu\/shop\/#organization"},"potentialAction":[{"@type":"SearchAction","target":{"@type":"EntryPoint","urlTemplate":"https:\/\/www.eurosmart.hu\/shop\/?s={search_term_string}"},"query-input":"required name=search_term_string"}],"inLanguage":"hu"},{"@type":"Organization","@id":"https:\/\/www.eurosmart.hu\/shop\/#organization","name":"Eurosmart - Milwaukee web\u00e1ruh\u00e1z","url":"https:\/\/www.eurosmart.hu\/shop\/","logo":{"@type":"ImageObject","inLanguage":"hu","@id":"https:\/\/www.eurosmart.hu\/shop\/#\/schema\/logo\/image\/","url":"https:\/\/www.eurosmart.hu\/shop\/wp-content\/uploads\/2023\/10\/milwaukee-logo-1.png","contentUrl":"https:\/\/www.eurosmart.hu\/shop\/wp-content\/uploads\/2023\/10\/milwaukee-logo-1.png","width":500,"height":200,"caption":"Eurosmart - Milwaukee web\u00e1ruh\u00e1z"},"image":{"@id":"https:\/\/www.eurosmart.hu\/shop\/#\/schema\/logo\/image\/"},"sameAs":["https:\/\/www.facebook.com\/EurosmartKft"]}]},"product_price_currency":"HUF","og_availability":"instock","product_availability":"instock","product_retailer_item_id":"4933478596","product_condition":"new"},"_links":{"self":[{"href":"https:\/\/www.eurosmart.hu\/shop\/index.php\/wp-json\/wp\/v2\/product\/2212","targetHints":{"allow":["GET"]}}],"collection":[{"href":"https:\/\/www.eurosmart.hu\/shop\/index.php\/wp-json\/wp\/v2\/product"}],"about":[{"href":"https:\/\/www.eurosmart.hu\/shop\/index.php\/wp-json\/wp\/v2\/types\/product"}],"wp:featuredmedia":[{"embeddable":true,"href":"https:\/\/www.eurosmart.hu\/shop\/index.php\/wp-json\/wp\/v2\/media\/3138"}],"wp:attachment":[{"href":"https:\/\/www.eurosmart.hu\/shop\/index.php\/wp-json\/wp\/v2\/media?parent=2212"}],"wp:term":[{"taxonomy":"product_cat","embeddable":true,"href":"https:\/\/www.eurosmart.hu\/shop\/index.php\/wp-json\/wp\/v2\/product_cat?post=2212"},{"taxonomy":"product_tag","embeddable":true,"href":"https:\/\/www.eurosmart.hu\/shop\/index.php\/wp-json\/wp\/v2\/product_tag?post=2212"}],"curies":[{"name":"wp","href":"https:\/\/api.w.org\/{rel}","templated":true}]}}