{"id":2203,"date":"2023-09-19T06:55:17","date_gmt":"2023-09-19T06:55:17","guid":{"rendered":"https:\/\/www.eurosmart.hu\/shop\/?post_type=product&#038;p=2203"},"modified":"2024-02-16T08:29:28","modified_gmt":"2024-02-16T08:29:28","slug":"milwaukee-m18-fophltkit-0-fuel-kerti-fejegyseg-keszlet-tartalmazza-a-fukasza-adaptert-is-4933464956","status":"publish","type":"product","link":"https:\/\/www.eurosmart.hu\/shop\/index.php\/termek\/milwaukee-m18-fophltkit-0-fuel-kerti-fejegyseg-keszlet-tartalmazza-a-fukasza-adaptert-is-4933464956\/","title":{"rendered":"MILWAUKEE M18 FOPHLTKIT-0 FUEL\u2122 KERTI FEJEGYS\u00c9G K\u00c9SZLET &#8211; TARTALMAZZA A F\u0170KASZA ADAPTERT IS (4933464956)"},"content":{"rendered":"<h5>Tulajdons\u00e1gok:<\/h5>\n<ul class=\"ProductFeaturesTextstyles__FeatureList-fxqvf2-1 dUrrwH\">\n<li class=\"ProductFeaturesTextstyles__Feature-fxqvf2-3 ggyeUS\">Sz\u00e9nkefe n\u00e9lk\u00fcli POWERSTATE\u2122 motor nagyobb hat\u00e9konys\u00e1got ny\u00fajt, hosszabb ideig m\u0171k\u00f6dik \u00e9s maxim\u00e1lis teljes\u00edtm\u00e9nyt biztos\u00edt<\/li>\n<li class=\"ProductFeaturesTextstyles__Feature-fxqvf2-3 ggyeUS\">REDLINK PLUS\u2122 intelligens elektronika: fejlett digit\u00e1lis t\u00falterhel\u00e9sv\u00e9delem az akkumul\u00e1tor \u00e9s a g\u00e9p v\u00e9delm\u00e9\u00e9rt, jav\u00edtja a g\u00e9p teljes\u00edtm\u00e9ny\u00e9t terhel\u00e9s alatt<\/li>\n<li class=\"ProductFeaturesTextstyles__Feature-fxqvf2-3 ggyeUS\">Motor maxim\u00e1lis teljes\u00edtm\u00e9ny\u00e9nek el\u00e9r\u00e9se 1 m\u00e1sodpercen bel\u00fcl<\/li>\n<li class=\"ProductFeaturesTextstyles__Feature-fxqvf2-3 ggyeUS\">El\u00e9g er\u0151s hogy a s\u0171r\u0171bb aljn\u00f6v\u00e9nyzettel is megbirk\u00f3zzon<\/li>\n<li class=\"ProductFeaturesTextstyles__Feature-fxqvf2-3 ggyeUS\">Ak\u00e1r 1 \u00f3ra m\u0171k\u00f6d\u00e9si id\u0151\u00a0<a href=\"https:\/\/hu.milwaukeetool.eu\/systems\/m18\/\">M18\u2122<\/a>\u00a09. 0 Ah akkumul\u00e1torral<\/li>\n<li class=\"ProductFeaturesTextstyles__Feature-fxqvf2-3 ggyeUS\">2 sebess\u00e9g be\u00e1ll\u00edt\u00e1s v\u00e1ltoztathat\u00f3 fordulatsz\u00e1m-szab\u00e1lyoz\u00f3 kapcsol\u00f3val<\/li>\n<li class=\"ProductFeaturesTextstyles__Feature-fxqvf2-3 ggyeUS\">135\u00b0 v\u00e9d\u0151burkolat<\/li>\n<li class=\"ProductFeaturesTextstyles__Feature-fxqvf2-3 ggyeUS\">Kompatibilis a MILWAUKEE\u00ae k\u00fclt\u00e9ri adapterekkel<\/li>\n<li class=\"ProductFeaturesTextstyles__Feature-fxqvf2-3 ggyeUS\">Rugalmas akkumul\u00e1tor rendszerrel &#8211; MILWAUKEE\u00ae\u00a0<a href=\"https:\/\/hu.milwaukeetool.eu\/systems\/m18\/\">M18\u2122<\/a>\u00a0akkumul\u00e1torokkal m\u0171k\u00f6dik<\/li>\n<li class=\"ProductFeaturesTextstyles__Feature-fxqvf2-3 ggyeUS\">Az \u00e1ll\u00edthat\u00f3 seg\u00e9dfoganty\u00fa, sz\u00edj \u00e9s sz\u00e1ll\u00edt\u00f3gy\u0171r\u0171 el\u0151seg\u00edti a szersz\u00e1m optim\u00e1lis, k\u00e9nyelmes haszn\u00e1lat\u00e1t \u00e9s ir\u00e1ny\u00edt\u00e1s\u00e1t<\/li>\n<\/ul>\n<h5>M\u0171szaki adatok:<\/h5>\n<ul>\n<li>T\u00edpus: Akkumul\u00e1toros, Li-ion 18V<\/li>\n<li>\u00dcresj\u00e1rati ford.sz. 1. seb. fokozat (ford\/perc): 4900<\/li>\n<li>\u00dcresj\u00e1rati ford.sz. 3. seb. fokozat (ford\/perc): 6200<\/li>\n<li>V\u00e1g\u00e1si kapacit\u00e1s (mm): 400<\/li>\n<li>V\u00e1g\u00f3huzal \u00e1tm\u00e9r\u0151 (mm): 2.0 \/ 2.4<\/li>\n<li>S\u00faly akkumul\u00e1torral (kg): 4.7<\/li>\n<\/ul>\n","protected":false},"excerpt":{"rendered":"<p><strong>A k\u00e9szlet tartalma:<\/strong> 1 db M18 FOPHLTKIT FUEL\u2122 kerti fejegys\u00e9g k\u00e9szlet <em>(akkumul\u00e1tor, t\u00f6lt\u0151 \u00e9s koffer n\u00e9lk\u00fcl sz\u00e1ll\u00edtva!)<\/em><\/p>\n","protected":false},"featured_media":3134,"template":"","meta":[],"product_cat":[165,169,187,184,230,59,189,228,89],"product_tag":[],"class_list":["post-2203","product","type-product","status-publish","has-post-thumbnail","hentry","product_cat-akkumulatoros-gepek","product_cat-akkus-fureszeles-es-vagas","product_cat-fukaszak","product_cat-kerti-gepek","product_cat-m18-rendszer","product_cat-milwaukee","product_cat-quik-lok-rendszer","product_cat-rendszer","product_cat-termekek"],"yoast_head":"<!-- This site is optimized with the Yoast SEO Premium plugin v21.3 (Yoast SEO v21.3) - https:\/\/yoast.com\/wordpress\/plugins\/seo\/ -->\n<title>MILWAUKEE M18 FOPHLTKIT-0 FUEL\u2122 KERTI FEJEGYS\u00c9G K\u00c9SZLET - TARTALMAZZA A F\u0170KASZA ADAPTERT IS (4933464956) - Eurosmart - Milwaukee web\u00e1ruh\u00e1z<\/title>\n<meta name=\"robots\" content=\"index, follow, max-snippet:-1, max-image-preview:large, max-video-preview:-1\" \/>\n<link rel=\"canonical\" href=\"https:\/\/www.eurosmart.hu\/shop\/index.php\/termek\/milwaukee-m18-fophltkit-0-fuel-kerti-fejegyseg-keszlet-tartalmazza-a-fukasza-adaptert-is-4933464956\/\" \/>\n<meta property=\"og:locale\" content=\"hu_HU\" \/>\n<meta property=\"og:type\" content=\"article\" \/>\n<meta property=\"og:title\" content=\"MILWAUKEE M18 FOPHLTKIT-0 FUEL\u2122 KERTI FEJEGYS\u00c9G K\u00c9SZLET - TARTALMAZZA A F\u0170KASZA ADAPTERT IS (4933464956)\" \/>\n<meta property=\"og:description\" content=\"A k\u00e9szlet tartalma: 1 db M18 FOPHLTKIT FUEL\u2122 kerti fejegys\u00e9g k\u00e9szlet (akkumul\u00e1tor, t\u00f6lt\u0151 \u00e9s koffer n\u00e9lk\u00fcl sz\u00e1ll\u00edtva!)\" \/>\n<meta property=\"og:url\" content=\"https:\/\/www.eurosmart.hu\/shop\/index.php\/termek\/milwaukee-m18-fophltkit-0-fuel-kerti-fejegyseg-keszlet-tartalmazza-a-fukasza-adaptert-is-4933464956\/\" \/>\n<meta property=\"og:site_name\" content=\"Eurosmart - Milwaukee web\u00e1ruh\u00e1z\" \/>\n<meta property=\"article:publisher\" content=\"https:\/\/www.facebook.com\/EurosmartKft\" \/>\n<meta property=\"article:modified_time\" content=\"2024-02-16T08:29:28+00:00\" \/>\n<meta property=\"og:image\" content=\"https:\/\/www.eurosmart.hu\/shop\/wp-content\/uploads\/2023\/09\/4933464956.jpg\" \/>\n\t<meta property=\"og:image:width\" content=\"600\" \/>\n\t<meta property=\"og:image:height\" content=\"600\" \/>\n\t<meta property=\"og:image:type\" content=\"image\/jpeg\" \/>\n<meta name=\"twitter:card\" content=\"summary_large_image\" \/>\n<meta name=\"twitter:label1\" content=\"Price\" \/>\n\t<meta name=\"twitter:data1\" content=\"\" \/>\n\t<meta name=\"twitter:label2\" content=\"Availability\" \/>\n\t<meta name=\"twitter:data2\" content=\"In stock\" \/>\n<script type=\"application\/ld+json\" class=\"yoast-schema-graph\">{\"@context\":\"https:\/\/schema.org\",\"@graph\":[{\"@type\":\"WebPage\",\"@id\":\"https:\/\/www.eurosmart.hu\/shop\/index.php\/termek\/milwaukee-m18-fophltkit-0-fuel-kerti-fejegyseg-keszlet-tartalmazza-a-fukasza-adaptert-is-4933464956\/\",\"url\":\"https:\/\/www.eurosmart.hu\/shop\/index.php\/termek\/milwaukee-m18-fophltkit-0-fuel-kerti-fejegyseg-keszlet-tartalmazza-a-fukasza-adaptert-is-4933464956\/\",\"name\":\"MILWAUKEE M18 FOPHLTKIT-0 FUEL\u2122 KERTI FEJEGYS\u00c9G K\u00c9SZLET - TARTALMAZZA A F\u0170KASZA ADAPTERT IS (4933464956) - Eurosmart - Milwaukee web\u00e1ruh\u00e1z\",\"isPartOf\":{\"@id\":\"https:\/\/www.eurosmart.hu\/shop\/#website\"},\"datePublished\":\"2023-09-19T06:55:17+00:00\",\"dateModified\":\"2024-02-16T08:29:28+00:00\",\"breadcrumb\":{\"@id\":\"https:\/\/www.eurosmart.hu\/shop\/index.php\/termek\/milwaukee-m18-fophltkit-0-fuel-kerti-fejegyseg-keszlet-tartalmazza-a-fukasza-adaptert-is-4933464956\/#breadcrumb\"},\"inLanguage\":\"hu\",\"potentialAction\":[{\"@type\":\"ReadAction\",\"target\":[\"https:\/\/www.eurosmart.hu\/shop\/index.php\/termek\/milwaukee-m18-fophltkit-0-fuel-kerti-fejegyseg-keszlet-tartalmazza-a-fukasza-adaptert-is-4933464956\/\"]}]},{\"@type\":\"BreadcrumbList\",\"@id\":\"https:\/\/www.eurosmart.hu\/shop\/index.php\/termek\/milwaukee-m18-fophltkit-0-fuel-kerti-fejegyseg-keszlet-tartalmazza-a-fukasza-adaptert-is-4933464956\/#breadcrumb\",\"itemListElement\":[{\"@type\":\"ListItem\",\"position\":1,\"name\":\"Kezd\u0151lap\",\"item\":\"https:\/\/www.eurosmart.hu\/shop\/\"},{\"@type\":\"ListItem\",\"position\":2,\"name\":\"Term\u00e9keink\",\"item\":\"https:\/\/www.eurosmart.hu\/shop\/index.php\/uzlet\/\"},{\"@type\":\"ListItem\",\"position\":3,\"name\":\"MILWAUKEE M18 FOPHLTKIT-0 FUEL\u2122 KERTI FEJEGYS\u00c9G K\u00c9SZLET &#8211; TARTALMAZZA A F\u0170KASZA ADAPTERT IS (4933464956)\"}]},{\"@type\":\"WebSite\",\"@id\":\"https:\/\/www.eurosmart.hu\/shop\/#website\",\"url\":\"https:\/\/www.eurosmart.hu\/shop\/\",\"name\":\"Eurosmart - Milwaukee web\u00e1ruh\u00e1z\",\"description\":\"Milwaukee web\u00e1ruh\u00e1z\",\"publisher\":{\"@id\":\"https:\/\/www.eurosmart.hu\/shop\/#organization\"},\"potentialAction\":[{\"@type\":\"SearchAction\",\"target\":{\"@type\":\"EntryPoint\",\"urlTemplate\":\"https:\/\/www.eurosmart.hu\/shop\/?s={search_term_string}\"},\"query-input\":\"required name=search_term_string\"}],\"inLanguage\":\"hu\"},{\"@type\":\"Organization\",\"@id\":\"https:\/\/www.eurosmart.hu\/shop\/#organization\",\"name\":\"Eurosmart - Milwaukee web\u00e1ruh\u00e1z\",\"url\":\"https:\/\/www.eurosmart.hu\/shop\/\",\"logo\":{\"@type\":\"ImageObject\",\"inLanguage\":\"hu\",\"@id\":\"https:\/\/www.eurosmart.hu\/shop\/#\/schema\/logo\/image\/\",\"url\":\"https:\/\/www.eurosmart.hu\/shop\/wp-content\/uploads\/2023\/10\/milwaukee-logo-1.png\",\"contentUrl\":\"https:\/\/www.eurosmart.hu\/shop\/wp-content\/uploads\/2023\/10\/milwaukee-logo-1.png\",\"width\":500,\"height\":200,\"caption\":\"Eurosmart - Milwaukee web\u00e1ruh\u00e1z\"},\"image\":{\"@id\":\"https:\/\/www.eurosmart.hu\/shop\/#\/schema\/logo\/image\/\"},\"sameAs\":[\"https:\/\/www.facebook.com\/EurosmartKft\"]}]}<\/script>\n<meta property=\"product:price:amount\" content=\"0\" \/>\n<meta property=\"product:price:currency\" content=\"HUF\" \/>\n<meta property=\"og:availability\" content=\"instock\" \/>\n<meta property=\"product:availability\" content=\"instock\" \/>\n<meta property=\"product:retailer_item_id\" content=\"4933464956\" \/>\n<meta property=\"product:condition\" content=\"new\" \/>\n<!-- \/ Yoast SEO Premium plugin. -->","yoast_head_json":{"title":"MILWAUKEE M18 FOPHLTKIT-0 FUEL\u2122 KERTI FEJEGYS\u00c9G K\u00c9SZLET - TARTALMAZZA A F\u0170KASZA ADAPTERT IS (4933464956) - Eurosmart - Milwaukee web\u00e1ruh\u00e1z","robots":{"index":"index","follow":"follow","max-snippet":"max-snippet:-1","max-image-preview":"max-image-preview:large","max-video-preview":"max-video-preview:-1"},"canonical":"https:\/\/www.eurosmart.hu\/shop\/index.php\/termek\/milwaukee-m18-fophltkit-0-fuel-kerti-fejegyseg-keszlet-tartalmazza-a-fukasza-adaptert-is-4933464956\/","og_locale":"hu_HU","og_type":"article","og_title":"MILWAUKEE M18 FOPHLTKIT-0 FUEL\u2122 KERTI FEJEGYS\u00c9G K\u00c9SZLET - TARTALMAZZA A F\u0170KASZA ADAPTERT IS (4933464956)","og_description":"A k\u00e9szlet tartalma: 1 db M18 FOPHLTKIT FUEL\u2122 kerti fejegys\u00e9g k\u00e9szlet (akkumul\u00e1tor, t\u00f6lt\u0151 \u00e9s koffer n\u00e9lk\u00fcl sz\u00e1ll\u00edtva!)","og_url":"https:\/\/www.eurosmart.hu\/shop\/index.php\/termek\/milwaukee-m18-fophltkit-0-fuel-kerti-fejegyseg-keszlet-tartalmazza-a-fukasza-adaptert-is-4933464956\/","og_site_name":"Eurosmart - Milwaukee web\u00e1ruh\u00e1z","article_publisher":"https:\/\/www.facebook.com\/EurosmartKft","article_modified_time":"2024-02-16T08:29:28+00:00","og_image":[{"width":600,"height":600,"url":"https:\/\/www.eurosmart.hu\/shop\/wp-content\/uploads\/2023\/09\/4933464956.jpg","type":"image\/jpeg"}],"twitter_card":"summary_large_image","twitter_misc":{"Price":"","Availability":"In stock"},"schema":{"@context":"https:\/\/schema.org","@graph":[{"@type":"WebPage","@id":"https:\/\/www.eurosmart.hu\/shop\/index.php\/termek\/milwaukee-m18-fophltkit-0-fuel-kerti-fejegyseg-keszlet-tartalmazza-a-fukasza-adaptert-is-4933464956\/","url":"https:\/\/www.eurosmart.hu\/shop\/index.php\/termek\/milwaukee-m18-fophltkit-0-fuel-kerti-fejegyseg-keszlet-tartalmazza-a-fukasza-adaptert-is-4933464956\/","name":"MILWAUKEE M18 FOPHLTKIT-0 FUEL\u2122 KERTI FEJEGYS\u00c9G K\u00c9SZLET - TARTALMAZZA A F\u0170KASZA ADAPTERT IS (4933464956) - Eurosmart - Milwaukee web\u00e1ruh\u00e1z","isPartOf":{"@id":"https:\/\/www.eurosmart.hu\/shop\/#website"},"datePublished":"2023-09-19T06:55:17+00:00","dateModified":"2024-02-16T08:29:28+00:00","breadcrumb":{"@id":"https:\/\/www.eurosmart.hu\/shop\/index.php\/termek\/milwaukee-m18-fophltkit-0-fuel-kerti-fejegyseg-keszlet-tartalmazza-a-fukasza-adaptert-is-4933464956\/#breadcrumb"},"inLanguage":"hu","potentialAction":[{"@type":"ReadAction","target":["https:\/\/www.eurosmart.hu\/shop\/index.php\/termek\/milwaukee-m18-fophltkit-0-fuel-kerti-fejegyseg-keszlet-tartalmazza-a-fukasza-adaptert-is-4933464956\/"]}]},{"@type":"BreadcrumbList","@id":"https:\/\/www.eurosmart.hu\/shop\/index.php\/termek\/milwaukee-m18-fophltkit-0-fuel-kerti-fejegyseg-keszlet-tartalmazza-a-fukasza-adaptert-is-4933464956\/#breadcrumb","itemListElement":[{"@type":"ListItem","position":1,"name":"Kezd\u0151lap","item":"https:\/\/www.eurosmart.hu\/shop\/"},{"@type":"ListItem","position":2,"name":"Term\u00e9keink","item":"https:\/\/www.eurosmart.hu\/shop\/index.php\/uzlet\/"},{"@type":"ListItem","position":3,"name":"MILWAUKEE M18 FOPHLTKIT-0 FUEL\u2122 KERTI FEJEGYS\u00c9G K\u00c9SZLET &#8211; TARTALMAZZA A F\u0170KASZA ADAPTERT IS (4933464956)"}]},{"@type":"WebSite","@id":"https:\/\/www.eurosmart.hu\/shop\/#website","url":"https:\/\/www.eurosmart.hu\/shop\/","name":"Eurosmart - Milwaukee web\u00e1ruh\u00e1z","description":"Milwaukee web\u00e1ruh\u00e1z","publisher":{"@id":"https:\/\/www.eurosmart.hu\/shop\/#organization"},"potentialAction":[{"@type":"SearchAction","target":{"@type":"EntryPoint","urlTemplate":"https:\/\/www.eurosmart.hu\/shop\/?s={search_term_string}"},"query-input":"required name=search_term_string"}],"inLanguage":"hu"},{"@type":"Organization","@id":"https:\/\/www.eurosmart.hu\/shop\/#organization","name":"Eurosmart - Milwaukee web\u00e1ruh\u00e1z","url":"https:\/\/www.eurosmart.hu\/shop\/","logo":{"@type":"ImageObject","inLanguage":"hu","@id":"https:\/\/www.eurosmart.hu\/shop\/#\/schema\/logo\/image\/","url":"https:\/\/www.eurosmart.hu\/shop\/wp-content\/uploads\/2023\/10\/milwaukee-logo-1.png","contentUrl":"https:\/\/www.eurosmart.hu\/shop\/wp-content\/uploads\/2023\/10\/milwaukee-logo-1.png","width":500,"height":200,"caption":"Eurosmart - Milwaukee web\u00e1ruh\u00e1z"},"image":{"@id":"https:\/\/www.eurosmart.hu\/shop\/#\/schema\/logo\/image\/"},"sameAs":["https:\/\/www.facebook.com\/EurosmartKft"]}]},"product_price_currency":"HUF","og_availability":"instock","product_availability":"instock","product_retailer_item_id":"4933464956","product_condition":"new"},"_links":{"self":[{"href":"https:\/\/www.eurosmart.hu\/shop\/index.php\/wp-json\/wp\/v2\/product\/2203","targetHints":{"allow":["GET"]}}],"collection":[{"href":"https:\/\/www.eurosmart.hu\/shop\/index.php\/wp-json\/wp\/v2\/product"}],"about":[{"href":"https:\/\/www.eurosmart.hu\/shop\/index.php\/wp-json\/wp\/v2\/types\/product"}],"wp:featuredmedia":[{"embeddable":true,"href":"https:\/\/www.eurosmart.hu\/shop\/index.php\/wp-json\/wp\/v2\/media\/3134"}],"wp:attachment":[{"href":"https:\/\/www.eurosmart.hu\/shop\/index.php\/wp-json\/wp\/v2\/media?parent=2203"}],"wp:term":[{"taxonomy":"product_cat","embeddable":true,"href":"https:\/\/www.eurosmart.hu\/shop\/index.php\/wp-json\/wp\/v2\/product_cat?post=2203"},{"taxonomy":"product_tag","embeddable":true,"href":"https:\/\/www.eurosmart.hu\/shop\/index.php\/wp-json\/wp\/v2\/product_tag?post=2203"}],"curies":[{"name":"wp","href":"https:\/\/api.w.org\/{rel}","templated":true}]}}