{"id":2201,"date":"2023-09-19T06:40:11","date_gmt":"2023-09-19T06:40:11","guid":{"rendered":"https:\/\/www.eurosmart.hu\/shop\/?post_type=product&#038;p=2201"},"modified":"2024-02-16T08:46:56","modified_gmt":"2024-02-16T08:46:56","slug":"milwaukee-m18-foph-bca-quik-lok-bozotvago-adapter-4932479986","status":"publish","type":"product","link":"https:\/\/www.eurosmart.hu\/shop\/index.php\/termek\/milwaukee-m18-foph-bca-quik-lok-bozotvago-adapter-4932479986\/","title":{"rendered":"MILWAUKEE M18 FOPH-BCA QUIK-LOK\u2122 BOZ\u00d3TV\u00c1G\u00d3 ADAPTER (4932479986)"},"content":{"rendered":"<h5>Tulajdons\u00e1gok:<\/h5>\n<ul class=\"ProductFeaturesTextstyles__FeatureList-fxqvf2-1 dUrrwH\">\n<li class=\"ProductFeaturesTextstyles__Feature-fxqvf2-3 ggyeUS\">Magas f\u0171, gaz, s\u0171r\u0171 aljn\u00f6v\u00e9nyzet \u00e9s fa irt\u00e1s\u00e1ra kifejlesztve<\/li>\n<li class=\"ProductFeaturesTextstyles__Feature-fxqvf2-3 ggyeUS\">4 fog\u00fa, 23 cm \u00e1tm\u00e9r\u0151j\u0171 k\u00e9s az er\u0151sen ben\u0151tt ter\u00fcletek v\u00e1g\u00e1s\u00e1hoz<\/li>\n<li class=\"ProductFeaturesTextstyles__Feature-fxqvf2-3 ggyeUS\">Optimaliz\u00e1lt v\u00e9d\u0151burkolat kialak\u00edt\u00e1s<\/li>\n<li class=\"ProductFeaturesTextstyles__Feature-fxqvf2-3 ggyeUS\">Motor maxim\u00e1lis teljes\u00edtm\u00e9ny\u00e9nek el\u00e9r\u00e9se 1 m\u00e1sodpercen bel\u00fcl<\/li>\n<li class=\"ProductFeaturesTextstyles__Feature-fxqvf2-3 ggyeUS\">V\u00e9dett hajt\u00f3tengely a hosszabb \u00e9lettartam \u00e9rdek\u00e9ben<\/li>\n<li class=\"ProductFeaturesTextstyles__Feature-fxqvf2-3 ggyeUS\">Mindegyik k\u00fclt\u00e9ri MILWAUKEE\u00ae QUIK-LOK\u2122 adapterrel kompatibilis<\/li>\n<\/ul>\n<h5>M\u0171szaki adatok:<\/h5>\n<ul>\n<li>T\u00edpus: Adapter<\/li>\n<li class=\"ProductSpecificationsstyles__Row-sc-1lyanq9-9 uhslJ\">\u00dcresj\u00e1rati ford.sz\u00e1m 1\/2 seb. fokozat (ford\/perc): 4900 \/ 6200<\/li>\n<li class=\"ProductSpecificationsstyles__Row-sc-1lyanq9-9 uhslJ\"><span class=\"ProductSpecificationsstyles__RowTitle-sc-1lyanq9-10 cRNhzO\">\u00c1tm\u00e9r\u0151 (mm): <\/span><span class=\"ProductSpecificationsstyles__RowValue-sc-1lyanq9-11 iSSznz\">230<\/span><\/li>\n<li class=\"ProductSpecificationsstyles__Row-sc-1lyanq9-9 uhslJ\"><span class=\"ProductSpecificationsstyles__RowTitle-sc-1lyanq9-10 cRNhzO\">Hossz (cm): <\/span><span class=\"ProductSpecificationsstyles__RowValue-sc-1lyanq9-11 iSSznz\">103<\/span><\/li>\n<li>S\u00faly (kg): 1.6<\/li>\n<\/ul>\n","protected":false},"excerpt":{"rendered":"<p><span class=\"ProductSpecificationsstyles__RowTitle-sc-1lyanq9-10 cRNhzO\"><strong>A k\u00e9szlet tartalma:<\/strong><\/span><\/p>\n<ul>\n<li><span class=\"ProductSpecificationsstyles__RowTitle-sc-1lyanq9-10 cRNhzO\">1 db M18 FOPH-BCA boz\u00f3tv\u00e1g\u00f3 adapter <em>(koffer n\u00e9lk\u00fcl sz\u00e1ll\u00edtva!)<\/em><\/span><\/li>\n<li><span class=\"ProductSpecificationsstyles__RowTitle-sc-1lyanq9-10 cRNhzO\"> 1 db <\/span><span class=\"ProductSpecificationsstyles__RowValue-sc-1lyanq9-11 iSSznz\">4 fog\u00fa k\u00e9s<\/span><\/li>\n<\/ul>\n","protected":false},"featured_media":2202,"template":"","meta":[],"product_cat":[165,169,187,184,230,59,189,228,227,217,89],"product_tag":[],"class_list":["post-2201","product","type-product","status-publish","has-post-thumbnail","hentry","product_cat-akkumulatoros-gepek","product_cat-akkus-fureszeles-es-vagas","product_cat-fukaszak","product_cat-kerti-gepek","product_cat-m18-rendszer","product_cat-milwaukee","product_cat-quik-lok-rendszer","product_cat-rendszer","product_cat-specifikus-tartozekok","product_cat-tartozekok-termekek","product_cat-termekek"],"yoast_head":"<!-- This site is optimized with the Yoast SEO Premium plugin v21.3 (Yoast SEO v21.3) - https:\/\/yoast.com\/wordpress\/plugins\/seo\/ -->\n<title>MILWAUKEE M18 FOPH-BCA QUIK-LOK\u2122 BOZ\u00d3TV\u00c1G\u00d3 ADAPTER (4932479986) - Eurosmart - Milwaukee web\u00e1ruh\u00e1z<\/title>\n<meta name=\"robots\" content=\"index, follow, max-snippet:-1, max-image-preview:large, max-video-preview:-1\" \/>\n<link rel=\"canonical\" href=\"https:\/\/www.eurosmart.hu\/shop\/index.php\/termek\/milwaukee-m18-foph-bca-quik-lok-bozotvago-adapter-4932479986\/\" \/>\n<meta property=\"og:locale\" content=\"hu_HU\" \/>\n<meta property=\"og:type\" content=\"article\" \/>\n<meta property=\"og:title\" content=\"MILWAUKEE M18 FOPH-BCA QUIK-LOK\u2122 BOZ\u00d3TV\u00c1G\u00d3 ADAPTER (4932479986)\" \/>\n<meta property=\"og:description\" content=\"A k\u00e9szlet tartalma:   1 db M18 FOPH-BCA boz\u00f3tv\u00e1g\u00f3 adapter (koffer n\u00e9lk\u00fcl sz\u00e1ll\u00edtva!)   1 db 4 fog\u00fa k\u00e9s\" \/>\n<meta property=\"og:url\" content=\"https:\/\/www.eurosmart.hu\/shop\/index.php\/termek\/milwaukee-m18-foph-bca-quik-lok-bozotvago-adapter-4932479986\/\" \/>\n<meta property=\"og:site_name\" content=\"Eurosmart - Milwaukee web\u00e1ruh\u00e1z\" \/>\n<meta property=\"article:publisher\" content=\"https:\/\/www.facebook.com\/EurosmartKft\" \/>\n<meta property=\"article:modified_time\" content=\"2024-02-16T08:46:56+00:00\" \/>\n<meta property=\"og:image\" content=\"https:\/\/www.eurosmart.hu\/shop\/wp-content\/uploads\/2023\/09\/M18-FOPH-BCA.jpg\" \/>\n\t<meta property=\"og:image:width\" content=\"1000\" \/>\n\t<meta property=\"og:image:height\" content=\"1000\" \/>\n\t<meta property=\"og:image:type\" content=\"image\/jpeg\" \/>\n<meta name=\"twitter:card\" content=\"summary_large_image\" \/>\n<meta name=\"twitter:label1\" content=\"Price\" \/>\n\t<meta name=\"twitter:data1\" content=\"\" \/>\n\t<meta name=\"twitter:label2\" content=\"Availability\" \/>\n\t<meta name=\"twitter:data2\" content=\"In stock\" \/>\n<script type=\"application\/ld+json\" class=\"yoast-schema-graph\">{\"@context\":\"https:\/\/schema.org\",\"@graph\":[{\"@type\":\"WebPage\",\"@id\":\"https:\/\/www.eurosmart.hu\/shop\/index.php\/termek\/milwaukee-m18-foph-bca-quik-lok-bozotvago-adapter-4932479986\/\",\"url\":\"https:\/\/www.eurosmart.hu\/shop\/index.php\/termek\/milwaukee-m18-foph-bca-quik-lok-bozotvago-adapter-4932479986\/\",\"name\":\"MILWAUKEE M18 FOPH-BCA QUIK-LOK\u2122 BOZ\u00d3TV\u00c1G\u00d3 ADAPTER (4932479986) - Eurosmart - Milwaukee web\u00e1ruh\u00e1z\",\"isPartOf\":{\"@id\":\"https:\/\/www.eurosmart.hu\/shop\/#website\"},\"datePublished\":\"2023-09-19T06:40:11+00:00\",\"dateModified\":\"2024-02-16T08:46:56+00:00\",\"breadcrumb\":{\"@id\":\"https:\/\/www.eurosmart.hu\/shop\/index.php\/termek\/milwaukee-m18-foph-bca-quik-lok-bozotvago-adapter-4932479986\/#breadcrumb\"},\"inLanguage\":\"hu\",\"potentialAction\":[{\"@type\":\"ReadAction\",\"target\":[\"https:\/\/www.eurosmart.hu\/shop\/index.php\/termek\/milwaukee-m18-foph-bca-quik-lok-bozotvago-adapter-4932479986\/\"]}]},{\"@type\":\"BreadcrumbList\",\"@id\":\"https:\/\/www.eurosmart.hu\/shop\/index.php\/termek\/milwaukee-m18-foph-bca-quik-lok-bozotvago-adapter-4932479986\/#breadcrumb\",\"itemListElement\":[{\"@type\":\"ListItem\",\"position\":1,\"name\":\"Kezd\u0151lap\",\"item\":\"https:\/\/www.eurosmart.hu\/shop\/\"},{\"@type\":\"ListItem\",\"position\":2,\"name\":\"Term\u00e9keink\",\"item\":\"https:\/\/www.eurosmart.hu\/shop\/index.php\/uzlet\/\"},{\"@type\":\"ListItem\",\"position\":3,\"name\":\"MILWAUKEE M18 FOPH-BCA QUIK-LOK\u2122 BOZ\u00d3TV\u00c1G\u00d3 ADAPTER (4932479986)\"}]},{\"@type\":\"WebSite\",\"@id\":\"https:\/\/www.eurosmart.hu\/shop\/#website\",\"url\":\"https:\/\/www.eurosmart.hu\/shop\/\",\"name\":\"Eurosmart - Milwaukee web\u00e1ruh\u00e1z\",\"description\":\"Milwaukee web\u00e1ruh\u00e1z\",\"publisher\":{\"@id\":\"https:\/\/www.eurosmart.hu\/shop\/#organization\"},\"potentialAction\":[{\"@type\":\"SearchAction\",\"target\":{\"@type\":\"EntryPoint\",\"urlTemplate\":\"https:\/\/www.eurosmart.hu\/shop\/?s={search_term_string}\"},\"query-input\":\"required name=search_term_string\"}],\"inLanguage\":\"hu\"},{\"@type\":\"Organization\",\"@id\":\"https:\/\/www.eurosmart.hu\/shop\/#organization\",\"name\":\"Eurosmart - Milwaukee web\u00e1ruh\u00e1z\",\"url\":\"https:\/\/www.eurosmart.hu\/shop\/\",\"logo\":{\"@type\":\"ImageObject\",\"inLanguage\":\"hu\",\"@id\":\"https:\/\/www.eurosmart.hu\/shop\/#\/schema\/logo\/image\/\",\"url\":\"https:\/\/www.eurosmart.hu\/shop\/wp-content\/uploads\/2023\/10\/milwaukee-logo-1.png\",\"contentUrl\":\"https:\/\/www.eurosmart.hu\/shop\/wp-content\/uploads\/2023\/10\/milwaukee-logo-1.png\",\"width\":500,\"height\":200,\"caption\":\"Eurosmart - Milwaukee web\u00e1ruh\u00e1z\"},\"image\":{\"@id\":\"https:\/\/www.eurosmart.hu\/shop\/#\/schema\/logo\/image\/\"},\"sameAs\":[\"https:\/\/www.facebook.com\/EurosmartKft\"]}]}<\/script>\n<meta property=\"product:price:amount\" content=\"0\" \/>\n<meta property=\"product:price:currency\" content=\"HUF\" \/>\n<meta property=\"og:availability\" content=\"instock\" \/>\n<meta property=\"product:availability\" content=\"instock\" \/>\n<meta property=\"product:retailer_item_id\" content=\"4932479986\" \/>\n<meta property=\"product:condition\" content=\"new\" \/>\n<!-- \/ Yoast SEO Premium plugin. -->","yoast_head_json":{"title":"MILWAUKEE M18 FOPH-BCA QUIK-LOK\u2122 BOZ\u00d3TV\u00c1G\u00d3 ADAPTER (4932479986) - Eurosmart - Milwaukee web\u00e1ruh\u00e1z","robots":{"index":"index","follow":"follow","max-snippet":"max-snippet:-1","max-image-preview":"max-image-preview:large","max-video-preview":"max-video-preview:-1"},"canonical":"https:\/\/www.eurosmart.hu\/shop\/index.php\/termek\/milwaukee-m18-foph-bca-quik-lok-bozotvago-adapter-4932479986\/","og_locale":"hu_HU","og_type":"article","og_title":"MILWAUKEE M18 FOPH-BCA QUIK-LOK\u2122 BOZ\u00d3TV\u00c1G\u00d3 ADAPTER (4932479986)","og_description":"A k\u00e9szlet tartalma:   1 db M18 FOPH-BCA boz\u00f3tv\u00e1g\u00f3 adapter (koffer n\u00e9lk\u00fcl sz\u00e1ll\u00edtva!)   1 db 4 fog\u00fa k\u00e9s","og_url":"https:\/\/www.eurosmart.hu\/shop\/index.php\/termek\/milwaukee-m18-foph-bca-quik-lok-bozotvago-adapter-4932479986\/","og_site_name":"Eurosmart - Milwaukee web\u00e1ruh\u00e1z","article_publisher":"https:\/\/www.facebook.com\/EurosmartKft","article_modified_time":"2024-02-16T08:46:56+00:00","og_image":[{"width":1000,"height":1000,"url":"https:\/\/www.eurosmart.hu\/shop\/wp-content\/uploads\/2023\/09\/M18-FOPH-BCA.jpg","type":"image\/jpeg"}],"twitter_card":"summary_large_image","twitter_misc":{"Price":"","Availability":"In stock"},"schema":{"@context":"https:\/\/schema.org","@graph":[{"@type":"WebPage","@id":"https:\/\/www.eurosmart.hu\/shop\/index.php\/termek\/milwaukee-m18-foph-bca-quik-lok-bozotvago-adapter-4932479986\/","url":"https:\/\/www.eurosmart.hu\/shop\/index.php\/termek\/milwaukee-m18-foph-bca-quik-lok-bozotvago-adapter-4932479986\/","name":"MILWAUKEE M18 FOPH-BCA QUIK-LOK\u2122 BOZ\u00d3TV\u00c1G\u00d3 ADAPTER (4932479986) - Eurosmart - Milwaukee web\u00e1ruh\u00e1z","isPartOf":{"@id":"https:\/\/www.eurosmart.hu\/shop\/#website"},"datePublished":"2023-09-19T06:40:11+00:00","dateModified":"2024-02-16T08:46:56+00:00","breadcrumb":{"@id":"https:\/\/www.eurosmart.hu\/shop\/index.php\/termek\/milwaukee-m18-foph-bca-quik-lok-bozotvago-adapter-4932479986\/#breadcrumb"},"inLanguage":"hu","potentialAction":[{"@type":"ReadAction","target":["https:\/\/www.eurosmart.hu\/shop\/index.php\/termek\/milwaukee-m18-foph-bca-quik-lok-bozotvago-adapter-4932479986\/"]}]},{"@type":"BreadcrumbList","@id":"https:\/\/www.eurosmart.hu\/shop\/index.php\/termek\/milwaukee-m18-foph-bca-quik-lok-bozotvago-adapter-4932479986\/#breadcrumb","itemListElement":[{"@type":"ListItem","position":1,"name":"Kezd\u0151lap","item":"https:\/\/www.eurosmart.hu\/shop\/"},{"@type":"ListItem","position":2,"name":"Term\u00e9keink","item":"https:\/\/www.eurosmart.hu\/shop\/index.php\/uzlet\/"},{"@type":"ListItem","position":3,"name":"MILWAUKEE M18 FOPH-BCA QUIK-LOK\u2122 BOZ\u00d3TV\u00c1G\u00d3 ADAPTER (4932479986)"}]},{"@type":"WebSite","@id":"https:\/\/www.eurosmart.hu\/shop\/#website","url":"https:\/\/www.eurosmart.hu\/shop\/","name":"Eurosmart - Milwaukee web\u00e1ruh\u00e1z","description":"Milwaukee web\u00e1ruh\u00e1z","publisher":{"@id":"https:\/\/www.eurosmart.hu\/shop\/#organization"},"potentialAction":[{"@type":"SearchAction","target":{"@type":"EntryPoint","urlTemplate":"https:\/\/www.eurosmart.hu\/shop\/?s={search_term_string}"},"query-input":"required name=search_term_string"}],"inLanguage":"hu"},{"@type":"Organization","@id":"https:\/\/www.eurosmart.hu\/shop\/#organization","name":"Eurosmart - Milwaukee web\u00e1ruh\u00e1z","url":"https:\/\/www.eurosmart.hu\/shop\/","logo":{"@type":"ImageObject","inLanguage":"hu","@id":"https:\/\/www.eurosmart.hu\/shop\/#\/schema\/logo\/image\/","url":"https:\/\/www.eurosmart.hu\/shop\/wp-content\/uploads\/2023\/10\/milwaukee-logo-1.png","contentUrl":"https:\/\/www.eurosmart.hu\/shop\/wp-content\/uploads\/2023\/10\/milwaukee-logo-1.png","width":500,"height":200,"caption":"Eurosmart - Milwaukee web\u00e1ruh\u00e1z"},"image":{"@id":"https:\/\/www.eurosmart.hu\/shop\/#\/schema\/logo\/image\/"},"sameAs":["https:\/\/www.facebook.com\/EurosmartKft"]}]},"product_price_currency":"HUF","og_availability":"instock","product_availability":"instock","product_retailer_item_id":"4932479986","product_condition":"new"},"_links":{"self":[{"href":"https:\/\/www.eurosmart.hu\/shop\/index.php\/wp-json\/wp\/v2\/product\/2201","targetHints":{"allow":["GET"]}}],"collection":[{"href":"https:\/\/www.eurosmart.hu\/shop\/index.php\/wp-json\/wp\/v2\/product"}],"about":[{"href":"https:\/\/www.eurosmart.hu\/shop\/index.php\/wp-json\/wp\/v2\/types\/product"}],"wp:featuredmedia":[{"embeddable":true,"href":"https:\/\/www.eurosmart.hu\/shop\/index.php\/wp-json\/wp\/v2\/media\/2202"}],"wp:attachment":[{"href":"https:\/\/www.eurosmart.hu\/shop\/index.php\/wp-json\/wp\/v2\/media?parent=2201"}],"wp:term":[{"taxonomy":"product_cat","embeddable":true,"href":"https:\/\/www.eurosmart.hu\/shop\/index.php\/wp-json\/wp\/v2\/product_cat?post=2201"},{"taxonomy":"product_tag","embeddable":true,"href":"https:\/\/www.eurosmart.hu\/shop\/index.php\/wp-json\/wp\/v2\/product_tag?post=2201"}],"curies":[{"name":"wp","href":"https:\/\/api.w.org\/{rel}","templated":true}]}}