{"id":2195,"date":"2023-09-18T15:00:34","date_gmt":"2023-09-18T15:00:34","guid":{"rendered":"https:\/\/www.eurosmart.hu\/shop\/?post_type=product&#038;p=2195"},"modified":"2024-03-18T14:06:41","modified_gmt":"2024-03-18T14:06:41","slug":"milwaukee-m18-fiw2p12-0x-fuel-1-2-kompakt-utvecsavarozo-utkozocsappal-4933478446","status":"publish","type":"product","link":"https:\/\/www.eurosmart.hu\/shop\/index.php\/termek\/milwaukee-m18-fiw2p12-0x-fuel-1-2-kompakt-utvecsavarozo-utkozocsappal-4933478446\/","title":{"rendered":"MILWAUKEE M18 FIW2P12-0X FUEL\u2122 1\/2\u2033 KOMPAKT \u00dcTVECSAVAROZ\u00d3 \u00dcTK\u00d6Z\u0150CSAPPAL HD KOFFERBEN (4933478446)"},"content":{"rendered":"<h5>Tulajdons\u00e1gok:<\/h5>\n<ul class=\"ProductFeaturesTextstyles__FeatureList-fxqvf2-1 dUrrwH\">\n<li class=\"ProductFeaturesTextstyles__Feature-fxqvf2-3 ggyeUS\">Energiahat\u00e9konys\u00e1g terhel\u00e9s alatt &#8211; kimagasl\u00f3, 339 Nm nyomat\u00e9k<\/li>\n<li class=\"ProductFeaturesTextstyles__Feature-fxqvf2-3 ggyeUS\">Extr\u00e9m kompakt kialak\u00edt\u00e1s &#8211; csup\u00e1n 124 mm hossz\u00fa a sz\u0171k helyekre val\u00f3 hozz\u00e1f\u00e9r\u00e9shez<\/li>\n<li class=\"ProductFeaturesTextstyles__Feature-fxqvf2-3 ggyeUS\">A 4 fokozat\u00fa DRIVE CONTROL lehet\u0151v\u00e9 teszi a felhaszn\u00e1l\u00f3 sz\u00e1m\u00e1ra a k\u00fcl\u00f6nb\u00f6z\u0151 fordulatsz\u00e1mok k\u00f6z\u00f6tti v\u00e1lt\u00e1st \u00e9s a nyomat\u00e9k\u00e1ll\u00edt\u00e1st<\/li>\n<li class=\"ProductFeaturesTextstyles__Feature-fxqvf2-3 ggyeUS\">A csavarelt\u00e1vol\u00edt\u00f3 vez\u00e9rl\u00e9s teljes nyomat\u00e9kot biztos\u00edt, majd cs\u00f6kkenti a percenk\u00e9nti fordulatsz\u00e1mot, amint a csavart meglaz\u00edtotta, hogy megel\u0151zze a r\u00f6gz\u00edt\u0151 lees\u00e9s\u00e9t<\/li>\n<li class=\"ProductFeaturesTextstyles__Feature-fxqvf2-3 ggyeUS\">Az automatikus kikapcsol\u00e1s vez\u00e9rl\u00e9s legfeljebb 34 Nm nyomat\u00e9kot haszn\u00e1l a k\u00e9zzel t\u00f6rt\u00e9n\u0151 megszor\u00edt\u00e1shoz a t\u00falh\u00faz\u00e1s megel\u0151z\u00e9se c\u00e9lj\u00e1b\u00f3l<\/li>\n<li class=\"ProductFeaturesTextstyles__Feature-fxqvf2-3 ggyeUS\">A h\u00e1rom LED nagy felbont\u00e1s\u00fa megvil\u00e1g\u00edt\u00e1st biztos\u00edt a munkater\u00fclet l\u00e1that\u00f3s\u00e1g\u00e1nak fokoz\u00e1sa \u00e9rdek\u00e9ben<\/li>\n<li class=\"ProductFeaturesTextstyles__Feature-fxqvf2-3 ggyeUS\">\u00bd\u2033 n\u00e9gysz\u00f6g \u00fctk\u00f6z\u0151csap<\/li>\n<li class=\"ProductFeaturesTextstyles__Feature-fxqvf2-3 ggyeUS\">\u00c1ll\u00edthat\u00f3 \u00f6vcsipesz<\/li>\n<li class=\"ProductFeaturesTextstyles__Feature-fxqvf2-3 ggyeUS\">FUEL\u2122 platformunk DNS-e \u00fajradefini\u00e1lja a vezet\u00e9k n\u00e9lk\u00fcli technol\u00f3gia egyens\u00faly\u00e1t. A MILWAUKEE\u00ae POWERSTATE\u2122 sz\u00e9nkefe n\u00e9lk\u00fcli motor, REDLITHIUM\u2122 akkumul\u00e1tor \u00e9s REDLINK PLUS\u2122 intelligens elektronika p\u00e1ratlan teljes\u00edtm\u00e9nyt, \u00fczemid\u0151t \u00e9s tart\u00f3ss\u00e1got biztos\u00edt.<\/li>\n<li class=\"ProductFeaturesTextstyles__Feature-fxqvf2-3 ggyeUS\">Rugalmas akkumul\u00e1tor rendszerrel &#8211; MILWAUKEE\u00ae\u00a0<a href=\"https:\/\/hu.milwaukeetool.eu\/systems\/m18\/\">M18\u2122<\/a>\u00a0akkumul\u00e1torokkal m\u0171k\u00f6dik<\/li>\n<\/ul>\n<h5>M\u0171szaki adatok:<\/h5>\n<ul>\n<li>T\u00edpus: Akkumul\u00e1toros, Li-ion 18V<\/li>\n<li>Max. forgat\u00f3nyomat\u00e9k (Nm): 339<\/li>\n<li>Max. fordulatsz\u00e1m (ford\/perc): 2400<\/li>\n<li>Max. \u00fct\u00e9ssz\u00e1m (\u00fct\u00e9s\/perc): 3500<\/li>\n<li>Szersz\u00e1mbefog\u00e1s: 1\/2&#8243; HEX<\/li>\n<li>S\u00faly (kg): 1.8<\/li>\n<\/ul>\n<p>&nbsp;<\/p>\n","protected":false},"excerpt":{"rendered":"<p><strong>A k\u00e9szlet tartalma:<\/strong><\/p>\n<ul>\n<li>1 db M18 FIW2P12 FUEL\u2122 1\/2\u2033 KOMPAKT \u00dcTVECSAVAROZ\u00d3 \u00dcTK\u00d6Z\u0150CSAPPAL <em>(akkumul\u00e1tor \u00e9s t\u00f6lt\u0151 n\u00e9lk\u00fcl sz\u00e1ll\u00edtva!)<\/em><\/li>\n<li>1 db Heavy Duty koffer<\/li>\n<\/ul>\n","protected":false},"featured_media":3132,"template":"","meta":[],"product_cat":[167,165,230,59,228,89],"product_tag":[],"class_list":["post-2195","product","type-product","status-publish","has-post-thumbnail","hentry","product_cat-akkumulatoros-furas-veses-es-rogzites","product_cat-akkumulatoros-gepek","product_cat-m18-rendszer","product_cat-milwaukee","product_cat-rendszer","product_cat-termekek"],"yoast_head":"<!-- This site is optimized with the Yoast SEO Premium plugin v21.3 (Yoast SEO v21.3) - https:\/\/yoast.com\/wordpress\/plugins\/seo\/ -->\n<title>MILWAUKEE M18 FIW2P12-0X FUEL\u2122 1\/2\u2033 KOMPAKT \u00dcTVECSAVAROZ\u00d3 \u00dcTK\u00d6Z\u0150CSAPPAL HD KOFFERBEN (4933478446) - Eurosmart - Milwaukee web\u00e1ruh\u00e1z<\/title>\n<meta name=\"robots\" content=\"index, follow, max-snippet:-1, max-image-preview:large, max-video-preview:-1\" \/>\n<link rel=\"canonical\" href=\"https:\/\/www.eurosmart.hu\/shop\/index.php\/termek\/milwaukee-m18-fiw2p12-0x-fuel-1-2-kompakt-utvecsavarozo-utkozocsappal-4933478446\/\" \/>\n<meta property=\"og:locale\" content=\"hu_HU\" \/>\n<meta property=\"og:type\" content=\"article\" \/>\n<meta property=\"og:title\" content=\"MILWAUKEE M18 FIW2P12-0X FUEL\u2122 1\/2\u2033 KOMPAKT \u00dcTVECSAVAROZ\u00d3 \u00dcTK\u00d6Z\u0150CSAPPAL HD KOFFERBEN (4933478446)\" \/>\n<meta property=\"og:description\" content=\"A k\u00e9szlet tartalma:   1 db M18 FIW2P12 FUEL\u2122 1\/2\u2033 KOMPAKT \u00dcTVECSAVAROZ\u00d3 \u00dcTK\u00d6Z\u0150CSAPPAL (akkumul\u00e1tor \u00e9s t\u00f6lt\u0151 n\u00e9lk\u00fcl sz\u00e1ll\u00edtva!)  1 db Heavy Duty koffer\" \/>\n<meta property=\"og:url\" content=\"https:\/\/www.eurosmart.hu\/shop\/index.php\/termek\/milwaukee-m18-fiw2p12-0x-fuel-1-2-kompakt-utvecsavarozo-utkozocsappal-4933478446\/\" \/>\n<meta property=\"og:site_name\" content=\"Eurosmart - Milwaukee web\u00e1ruh\u00e1z\" \/>\n<meta property=\"article:publisher\" content=\"https:\/\/www.facebook.com\/EurosmartKft\" \/>\n<meta property=\"article:modified_time\" content=\"2024-03-18T14:06:41+00:00\" \/>\n<meta property=\"og:image\" content=\"https:\/\/www.eurosmart.hu\/shop\/wp-content\/uploads\/2023\/09\/4933478446.jpg\" \/>\n\t<meta property=\"og:image:width\" content=\"600\" \/>\n\t<meta property=\"og:image:height\" content=\"600\" \/>\n\t<meta property=\"og:image:type\" content=\"image\/jpeg\" \/>\n<meta name=\"twitter:card\" content=\"summary_large_image\" \/>\n<meta name=\"twitter:label1\" content=\"Price\" \/>\n\t<meta name=\"twitter:data1\" content=\"\" \/>\n\t<meta name=\"twitter:label2\" content=\"Availability\" \/>\n\t<meta name=\"twitter:data2\" content=\"In stock\" \/>\n<script type=\"application\/ld+json\" class=\"yoast-schema-graph\">{\"@context\":\"https:\/\/schema.org\",\"@graph\":[{\"@type\":\"WebPage\",\"@id\":\"https:\/\/www.eurosmart.hu\/shop\/index.php\/termek\/milwaukee-m18-fiw2p12-0x-fuel-1-2-kompakt-utvecsavarozo-utkozocsappal-4933478446\/\",\"url\":\"https:\/\/www.eurosmart.hu\/shop\/index.php\/termek\/milwaukee-m18-fiw2p12-0x-fuel-1-2-kompakt-utvecsavarozo-utkozocsappal-4933478446\/\",\"name\":\"MILWAUKEE M18 FIW2P12-0X FUEL\u2122 1\/2\u2033 KOMPAKT \u00dcTVECSAVAROZ\u00d3 \u00dcTK\u00d6Z\u0150CSAPPAL HD KOFFERBEN (4933478446) - Eurosmart - Milwaukee web\u00e1ruh\u00e1z\",\"isPartOf\":{\"@id\":\"https:\/\/www.eurosmart.hu\/shop\/#website\"},\"datePublished\":\"2023-09-18T15:00:34+00:00\",\"dateModified\":\"2024-03-18T14:06:41+00:00\",\"breadcrumb\":{\"@id\":\"https:\/\/www.eurosmart.hu\/shop\/index.php\/termek\/milwaukee-m18-fiw2p12-0x-fuel-1-2-kompakt-utvecsavarozo-utkozocsappal-4933478446\/#breadcrumb\"},\"inLanguage\":\"hu\",\"potentialAction\":[{\"@type\":\"ReadAction\",\"target\":[\"https:\/\/www.eurosmart.hu\/shop\/index.php\/termek\/milwaukee-m18-fiw2p12-0x-fuel-1-2-kompakt-utvecsavarozo-utkozocsappal-4933478446\/\"]}]},{\"@type\":\"BreadcrumbList\",\"@id\":\"https:\/\/www.eurosmart.hu\/shop\/index.php\/termek\/milwaukee-m18-fiw2p12-0x-fuel-1-2-kompakt-utvecsavarozo-utkozocsappal-4933478446\/#breadcrumb\",\"itemListElement\":[{\"@type\":\"ListItem\",\"position\":1,\"name\":\"Kezd\u0151lap\",\"item\":\"https:\/\/www.eurosmart.hu\/shop\/\"},{\"@type\":\"ListItem\",\"position\":2,\"name\":\"Term\u00e9keink\",\"item\":\"https:\/\/www.eurosmart.hu\/shop\/index.php\/uzlet\/\"},{\"@type\":\"ListItem\",\"position\":3,\"name\":\"MILWAUKEE M18 FIW2P12-0X FUEL\u2122 1\/2\u2033 KOMPAKT \u00dcTVECSAVAROZ\u00d3 \u00dcTK\u00d6Z\u0150CSAPPAL HD KOFFERBEN (4933478446)\"}]},{\"@type\":\"WebSite\",\"@id\":\"https:\/\/www.eurosmart.hu\/shop\/#website\",\"url\":\"https:\/\/www.eurosmart.hu\/shop\/\",\"name\":\"Eurosmart - Milwaukee web\u00e1ruh\u00e1z\",\"description\":\"Milwaukee web\u00e1ruh\u00e1z\",\"publisher\":{\"@id\":\"https:\/\/www.eurosmart.hu\/shop\/#organization\"},\"potentialAction\":[{\"@type\":\"SearchAction\",\"target\":{\"@type\":\"EntryPoint\",\"urlTemplate\":\"https:\/\/www.eurosmart.hu\/shop\/?s={search_term_string}\"},\"query-input\":\"required name=search_term_string\"}],\"inLanguage\":\"hu\"},{\"@type\":\"Organization\",\"@id\":\"https:\/\/www.eurosmart.hu\/shop\/#organization\",\"name\":\"Eurosmart - Milwaukee web\u00e1ruh\u00e1z\",\"url\":\"https:\/\/www.eurosmart.hu\/shop\/\",\"logo\":{\"@type\":\"ImageObject\",\"inLanguage\":\"hu\",\"@id\":\"https:\/\/www.eurosmart.hu\/shop\/#\/schema\/logo\/image\/\",\"url\":\"https:\/\/www.eurosmart.hu\/shop\/wp-content\/uploads\/2023\/10\/milwaukee-logo-1.png\",\"contentUrl\":\"https:\/\/www.eurosmart.hu\/shop\/wp-content\/uploads\/2023\/10\/milwaukee-logo-1.png\",\"width\":500,\"height\":200,\"caption\":\"Eurosmart - Milwaukee web\u00e1ruh\u00e1z\"},\"image\":{\"@id\":\"https:\/\/www.eurosmart.hu\/shop\/#\/schema\/logo\/image\/\"},\"sameAs\":[\"https:\/\/www.facebook.com\/EurosmartKft\"]}]}<\/script>\n<meta property=\"product:price:amount\" content=\"0\" \/>\n<meta property=\"product:price:currency\" content=\"HUF\" \/>\n<meta property=\"og:availability\" content=\"instock\" \/>\n<meta property=\"product:availability\" content=\"instock\" \/>\n<meta property=\"product:retailer_item_id\" content=\"4933478446\" \/>\n<meta property=\"product:condition\" content=\"new\" \/>\n<!-- \/ Yoast SEO Premium plugin. -->","yoast_head_json":{"title":"MILWAUKEE M18 FIW2P12-0X FUEL\u2122 1\/2\u2033 KOMPAKT \u00dcTVECSAVAROZ\u00d3 \u00dcTK\u00d6Z\u0150CSAPPAL HD KOFFERBEN (4933478446) - Eurosmart - Milwaukee web\u00e1ruh\u00e1z","robots":{"index":"index","follow":"follow","max-snippet":"max-snippet:-1","max-image-preview":"max-image-preview:large","max-video-preview":"max-video-preview:-1"},"canonical":"https:\/\/www.eurosmart.hu\/shop\/index.php\/termek\/milwaukee-m18-fiw2p12-0x-fuel-1-2-kompakt-utvecsavarozo-utkozocsappal-4933478446\/","og_locale":"hu_HU","og_type":"article","og_title":"MILWAUKEE M18 FIW2P12-0X FUEL\u2122 1\/2\u2033 KOMPAKT \u00dcTVECSAVAROZ\u00d3 \u00dcTK\u00d6Z\u0150CSAPPAL HD KOFFERBEN (4933478446)","og_description":"A k\u00e9szlet tartalma:   1 db M18 FIW2P12 FUEL\u2122 1\/2\u2033 KOMPAKT \u00dcTVECSAVAROZ\u00d3 \u00dcTK\u00d6Z\u0150CSAPPAL (akkumul\u00e1tor \u00e9s t\u00f6lt\u0151 n\u00e9lk\u00fcl sz\u00e1ll\u00edtva!)  1 db Heavy Duty koffer","og_url":"https:\/\/www.eurosmart.hu\/shop\/index.php\/termek\/milwaukee-m18-fiw2p12-0x-fuel-1-2-kompakt-utvecsavarozo-utkozocsappal-4933478446\/","og_site_name":"Eurosmart - Milwaukee web\u00e1ruh\u00e1z","article_publisher":"https:\/\/www.facebook.com\/EurosmartKft","article_modified_time":"2024-03-18T14:06:41+00:00","og_image":[{"width":600,"height":600,"url":"https:\/\/www.eurosmart.hu\/shop\/wp-content\/uploads\/2023\/09\/4933478446.jpg","type":"image\/jpeg"}],"twitter_card":"summary_large_image","twitter_misc":{"Price":"","Availability":"In stock"},"schema":{"@context":"https:\/\/schema.org","@graph":[{"@type":"WebPage","@id":"https:\/\/www.eurosmart.hu\/shop\/index.php\/termek\/milwaukee-m18-fiw2p12-0x-fuel-1-2-kompakt-utvecsavarozo-utkozocsappal-4933478446\/","url":"https:\/\/www.eurosmart.hu\/shop\/index.php\/termek\/milwaukee-m18-fiw2p12-0x-fuel-1-2-kompakt-utvecsavarozo-utkozocsappal-4933478446\/","name":"MILWAUKEE M18 FIW2P12-0X FUEL\u2122 1\/2\u2033 KOMPAKT \u00dcTVECSAVAROZ\u00d3 \u00dcTK\u00d6Z\u0150CSAPPAL HD KOFFERBEN (4933478446) - Eurosmart - Milwaukee web\u00e1ruh\u00e1z","isPartOf":{"@id":"https:\/\/www.eurosmart.hu\/shop\/#website"},"datePublished":"2023-09-18T15:00:34+00:00","dateModified":"2024-03-18T14:06:41+00:00","breadcrumb":{"@id":"https:\/\/www.eurosmart.hu\/shop\/index.php\/termek\/milwaukee-m18-fiw2p12-0x-fuel-1-2-kompakt-utvecsavarozo-utkozocsappal-4933478446\/#breadcrumb"},"inLanguage":"hu","potentialAction":[{"@type":"ReadAction","target":["https:\/\/www.eurosmart.hu\/shop\/index.php\/termek\/milwaukee-m18-fiw2p12-0x-fuel-1-2-kompakt-utvecsavarozo-utkozocsappal-4933478446\/"]}]},{"@type":"BreadcrumbList","@id":"https:\/\/www.eurosmart.hu\/shop\/index.php\/termek\/milwaukee-m18-fiw2p12-0x-fuel-1-2-kompakt-utvecsavarozo-utkozocsappal-4933478446\/#breadcrumb","itemListElement":[{"@type":"ListItem","position":1,"name":"Kezd\u0151lap","item":"https:\/\/www.eurosmart.hu\/shop\/"},{"@type":"ListItem","position":2,"name":"Term\u00e9keink","item":"https:\/\/www.eurosmart.hu\/shop\/index.php\/uzlet\/"},{"@type":"ListItem","position":3,"name":"MILWAUKEE M18 FIW2P12-0X FUEL\u2122 1\/2\u2033 KOMPAKT \u00dcTVECSAVAROZ\u00d3 \u00dcTK\u00d6Z\u0150CSAPPAL HD KOFFERBEN (4933478446)"}]},{"@type":"WebSite","@id":"https:\/\/www.eurosmart.hu\/shop\/#website","url":"https:\/\/www.eurosmart.hu\/shop\/","name":"Eurosmart - Milwaukee web\u00e1ruh\u00e1z","description":"Milwaukee web\u00e1ruh\u00e1z","publisher":{"@id":"https:\/\/www.eurosmart.hu\/shop\/#organization"},"potentialAction":[{"@type":"SearchAction","target":{"@type":"EntryPoint","urlTemplate":"https:\/\/www.eurosmart.hu\/shop\/?s={search_term_string}"},"query-input":"required name=search_term_string"}],"inLanguage":"hu"},{"@type":"Organization","@id":"https:\/\/www.eurosmart.hu\/shop\/#organization","name":"Eurosmart - Milwaukee web\u00e1ruh\u00e1z","url":"https:\/\/www.eurosmart.hu\/shop\/","logo":{"@type":"ImageObject","inLanguage":"hu","@id":"https:\/\/www.eurosmart.hu\/shop\/#\/schema\/logo\/image\/","url":"https:\/\/www.eurosmart.hu\/shop\/wp-content\/uploads\/2023\/10\/milwaukee-logo-1.png","contentUrl":"https:\/\/www.eurosmart.hu\/shop\/wp-content\/uploads\/2023\/10\/milwaukee-logo-1.png","width":500,"height":200,"caption":"Eurosmart - Milwaukee web\u00e1ruh\u00e1z"},"image":{"@id":"https:\/\/www.eurosmart.hu\/shop\/#\/schema\/logo\/image\/"},"sameAs":["https:\/\/www.facebook.com\/EurosmartKft"]}]},"product_price_currency":"HUF","og_availability":"instock","product_availability":"instock","product_retailer_item_id":"4933478446","product_condition":"new"},"_links":{"self":[{"href":"https:\/\/www.eurosmart.hu\/shop\/index.php\/wp-json\/wp\/v2\/product\/2195","targetHints":{"allow":["GET"]}}],"collection":[{"href":"https:\/\/www.eurosmart.hu\/shop\/index.php\/wp-json\/wp\/v2\/product"}],"about":[{"href":"https:\/\/www.eurosmart.hu\/shop\/index.php\/wp-json\/wp\/v2\/types\/product"}],"wp:featuredmedia":[{"embeddable":true,"href":"https:\/\/www.eurosmart.hu\/shop\/index.php\/wp-json\/wp\/v2\/media\/3132"}],"wp:attachment":[{"href":"https:\/\/www.eurosmart.hu\/shop\/index.php\/wp-json\/wp\/v2\/media?parent=2195"}],"wp:term":[{"taxonomy":"product_cat","embeddable":true,"href":"https:\/\/www.eurosmart.hu\/shop\/index.php\/wp-json\/wp\/v2\/product_cat?post=2195"},{"taxonomy":"product_tag","embeddable":true,"href":"https:\/\/www.eurosmart.hu\/shop\/index.php\/wp-json\/wp\/v2\/product_tag?post=2195"}],"curies":[{"name":"wp","href":"https:\/\/api.w.org\/{rel}","templated":true}]}}