{"id":2187,"date":"2023-09-18T14:35:04","date_gmt":"2023-09-18T14:35:04","guid":{"rendered":"https:\/\/www.eurosmart.hu\/shop\/?post_type=product&#038;p=2187"},"modified":"2023-12-12T13:10:41","modified_gmt":"2023-12-12T13:10:41","slug":"milwaukee-m18-fhx-0x-fuel-4-fokozatu-26-mm-sds-plus-kalapacs-fixtec-tokmannyal-4933478888","status":"publish","type":"product","link":"https:\/\/www.eurosmart.hu\/shop\/index.php\/termek\/milwaukee-m18-fhx-0x-fuel-4-fokozatu-26-mm-sds-plus-kalapacs-fixtec-tokmannyal-4933478888\/","title":{"rendered":"MILWAUKEE M18 FHX-0X FUEL\u2122 4 FOKOZAT\u00da 26 MM SDS-PLUS KALAP\u00c1CS FIXTEC\u2122 TOKM\u00c1NNYAL HD KOFFERBEN (4933478888)"},"content":{"rendered":"<h5>Tulajdons\u00e1gok:<\/h5>\n<ul class=\"ProductFeaturesTextstyles__FeatureList-fxqvf2-1 dUrrwH\">\n<li class=\"ProductFeaturesTextstyles__Feature-fxqvf2-3 ggyeUS\">Kateg\u00f3ri\u00e1j\u00e1ban a leggyorsabb f\u00far\u00f3kalap\u00e1cs, amely n\u00f6veli a termel\u00e9kenys\u00e9get<\/li>\n<li class=\"ProductFeaturesTextstyles__Feature-fxqvf2-3 ggyeUS\">Er\u0151teljes \u00fct\u0151mechanizmus 2,5 J \u00fct\u0151energi\u00e1t szolg\u00e1ltat alacsony 12,9 m\/s\u00b2 vibr\u00e1ci\u00f3 szint mellett<\/li>\n<li class=\"ProductFeaturesTextstyles__Feature-fxqvf2-3 ggyeUS\">Ak\u00e1r 125 furat \u230010 x 50 mm m\u00e9retben\u00a0<a href=\"https:\/\/hu.milwaukeetool.eu\/systems\/m18\/\">M18\u2122<\/a>\u00a0HIGH OUTPUT\u2122 5.5 Ah akkumul\u00e1torral<\/li>\n<li class=\"ProductFeaturesTextstyles__Feature-fxqvf2-3 ggyeUS\">Az AUTOSTOP\u2122 a felhaszn\u00e1l\u00f3 biztons\u00e1ga \u00e9rdek\u00e9ben kikapcsolja a szersz\u00e1mot, ha hirtelen elmozdul<\/li>\n<li class=\"ProductFeaturesTextstyles__Feature-fxqvf2-3 ggyeUS\">FIXTEC\u2122 rendszer &#8211; kulcsn\u00e9lk\u00fcli tokm\u00e1nycsere<\/li>\n<li class=\"ProductFeaturesTextstyles__Feature-fxqvf2-3 ggyeUS\">Teljesen f\u00e9m hajt\u00f3m\u0171h\u00e1z &#8211; a fogaskerekek optim\u00e1lis felfekv\u00e9se<\/li>\n<li class=\"ProductFeaturesTextstyles__Feature-fxqvf2-3 ggyeUS\">4 fokozat\u00fa \u00fczemm\u00f3d kapcsol\u00f3: f\u00far\u00e1s, \u00fctvef\u00far\u00e1s, csavaroz\u00e1s \u00e9s forg\u00e1smeg\u00e1ll\u00edt\u00e1s a maxim\u00e1lis sokoldal\u00fas\u00e1g\u00e9rt<\/li>\n<li class=\"ProductFeaturesTextstyles__Feature-fxqvf2-3 ggyeUS\">Kompatibilis az\u00a0<a href=\"https:\/\/hu.milwaukeetool.eu\/hu-hu\/m18-kompakt-porelszivo-26-mm-es-sds-plus-kalapacsokhoz\/m18-fcddexl\/\">M18 FCDDEXL<\/a>\u00a0vagy\u00a0<a href=\"https:\/\/hu.milwaukeetool.eu\/hu-hu\/m18-porelszivo-autopulse-funkcioval,-26-mm-es-sds-plus-kalapacsokhoz\/m18-fddexl\/\">M18 FDDEXL<\/a>\u00a0porelsz\u00edv\u00f3val<\/li>\n<li class=\"ProductFeaturesTextstyles__Feature-fxqvf2-3 ggyeUS\">FUEL\u2122 platformunk DNS-e \u00fajradefini\u00e1lja a vezet\u00e9k n\u00e9lk\u00fcli technol\u00f3gia egyens\u00faly\u00e1t. A MILWAUKEE\u00ae POWERSTATE\u2122 sz\u00e9nkefe n\u00e9lk\u00fcli motor, REDLITHIUM\u2122 akkumul\u00e1tor \u00e9s REDLINK PLUS\u2122 intelligens elektronika p\u00e1ratlan teljes\u00edtm\u00e9nyt, \u00fczemid\u0151t \u00e9s tart\u00f3ss\u00e1got biztos\u00edt.<\/li>\n<li class=\"ProductFeaturesTextstyles__Feature-fxqvf2-3 ggyeUS\">A HIGH OUTPUT\u2122 rendszer \u00faj szintre emeli az\u00a0<a href=\"https:\/\/hu.milwaukeetool.eu\/systems\/m18\/fuel\/\">M18 FUEL\u2122<\/a>\u00a0technol\u00f3gi\u00e1t, \u00e9s n\u00f6veli a termel\u00e9kenys\u00e9get \u00e9s meghosszabb\u00edtja az \u00fczemid\u0151t. Ezeket az eszk\u00f6z\u00f6ket \u00fagy tervezt\u00e9k, hogy maxim\u00e1lisan kompatibilisek legyenek<\/li>\n<\/ul>\n<h5>M\u0171szaki adatok:<\/h5>\n<ul>\n<li>T\u00edpus: Akkumul\u00e1toros, Li-ion 18V<\/li>\n<li>\u00dct\u00e9si energia (J): 2,5<\/li>\n<li>\u00dct\u00e9ssz\u00e1m (\u00fct\u00e9s\/perc): 4800<\/li>\n<li>Fordulatsz\u00e1m (ford\/perc): 1330<\/li>\n<li>F\u00far\u00e1si \u00e1tm\u00e9r\u0151 f\u00e1ba (mm): 28<\/li>\n<li>F\u00far\u00e1si \u00e1tm\u00e9r\u0151 betonba (mm): 26<\/li>\n<li>S\u00faly akkumul\u00e1torral (kg): 4.4<\/li>\n<\/ul>\n","protected":false},"excerpt":{"rendered":"<p><strong>A k\u00e9szlet tartalma:<\/strong><\/p>\n<ul>\n<li>1 db M18 FHX SDS-PLUS kalap\u00e1cs <em>(akkumul\u00e1tor \u00e9s t\u00f6lt\u0151 n\u00e9lk\u00fcl sz\u00e1ll\u00edtva!)<\/em><\/li>\n<li>1 db Heavy Duty koffer<\/li>\n<li>P\u00f3tfoganty\u00fa, m\u00e9lys\u00e9gm\u00e9r\u0151, FIXTEC\u2122 13 mm f\u00e9m tokm\u00e1ny<\/li>\n<\/ul>\n","protected":false},"featured_media":3126,"template":"","meta":[],"product_cat":[167,230,59,228,89],"product_tag":[],"class_list":["post-2187","product","type-product","status-publish","has-post-thumbnail","hentry","product_cat-akkumulatoros-furas-veses-es-rogzites","product_cat-m18-rendszer","product_cat-milwaukee","product_cat-rendszer","product_cat-termekek"],"yoast_head":"<!-- This site is optimized with the Yoast SEO Premium plugin v21.3 (Yoast SEO v21.3) - https:\/\/yoast.com\/wordpress\/plugins\/seo\/ -->\n<title>MILWAUKEE M18 FHX-0X FUEL\u2122 4 FOKOZAT\u00da 26 MM SDS-PLUS KALAP\u00c1CS FIXTEC\u2122 TOKM\u00c1NNYAL HD KOFFERBEN (4933478888) - Eurosmart - Milwaukee web\u00e1ruh\u00e1z<\/title>\n<meta name=\"robots\" content=\"index, follow, max-snippet:-1, max-image-preview:large, max-video-preview:-1\" \/>\n<link rel=\"canonical\" href=\"https:\/\/www.eurosmart.hu\/shop\/index.php\/termek\/milwaukee-m18-fhx-0x-fuel-4-fokozatu-26-mm-sds-plus-kalapacs-fixtec-tokmannyal-4933478888\/\" \/>\n<meta property=\"og:locale\" content=\"hu_HU\" \/>\n<meta property=\"og:type\" content=\"article\" \/>\n<meta property=\"og:title\" content=\"MILWAUKEE M18 FHX-0X FUEL\u2122 4 FOKOZAT\u00da 26 MM SDS-PLUS KALAP\u00c1CS FIXTEC\u2122 TOKM\u00c1NNYAL HD KOFFERBEN (4933478888)\" \/>\n<meta property=\"og:description\" content=\"A k\u00e9szlet tartalma:   1 db M18 FHX SDS-PLUS kalap\u00e1cs (akkumul\u00e1tor \u00e9s t\u00f6lt\u0151 n\u00e9lk\u00fcl sz\u00e1ll\u00edtva!)  1 db Heavy Duty koffer  P\u00f3tfoganty\u00fa, m\u00e9lys\u00e9gm\u00e9r\u0151, FIXTEC\u2122 13 mm f\u00e9m tokm\u00e1ny\" \/>\n<meta property=\"og:url\" content=\"https:\/\/www.eurosmart.hu\/shop\/index.php\/termek\/milwaukee-m18-fhx-0x-fuel-4-fokozatu-26-mm-sds-plus-kalapacs-fixtec-tokmannyal-4933478888\/\" \/>\n<meta property=\"og:site_name\" content=\"Eurosmart - Milwaukee web\u00e1ruh\u00e1z\" \/>\n<meta property=\"article:publisher\" content=\"https:\/\/www.facebook.com\/EurosmartKft\" \/>\n<meta property=\"article:modified_time\" content=\"2023-12-12T13:10:41+00:00\" \/>\n<meta property=\"og:image\" content=\"https:\/\/www.eurosmart.hu\/shop\/wp-content\/uploads\/2023\/09\/4933478888.jpg\" \/>\n\t<meta property=\"og:image:width\" content=\"600\" \/>\n\t<meta property=\"og:image:height\" content=\"600\" \/>\n\t<meta property=\"og:image:type\" content=\"image\/jpeg\" \/>\n<meta name=\"twitter:card\" content=\"summary_large_image\" \/>\n<meta name=\"twitter:label1\" content=\"Price\" \/>\n\t<meta name=\"twitter:data1\" content=\"\" \/>\n\t<meta name=\"twitter:label2\" content=\"Availability\" \/>\n\t<meta name=\"twitter:data2\" content=\"In stock\" \/>\n<script type=\"application\/ld+json\" class=\"yoast-schema-graph\">{\"@context\":\"https:\/\/schema.org\",\"@graph\":[{\"@type\":\"WebPage\",\"@id\":\"https:\/\/www.eurosmart.hu\/shop\/index.php\/termek\/milwaukee-m18-fhx-0x-fuel-4-fokozatu-26-mm-sds-plus-kalapacs-fixtec-tokmannyal-4933478888\/\",\"url\":\"https:\/\/www.eurosmart.hu\/shop\/index.php\/termek\/milwaukee-m18-fhx-0x-fuel-4-fokozatu-26-mm-sds-plus-kalapacs-fixtec-tokmannyal-4933478888\/\",\"name\":\"MILWAUKEE M18 FHX-0X FUEL\u2122 4 FOKOZAT\u00da 26 MM SDS-PLUS KALAP\u00c1CS FIXTEC\u2122 TOKM\u00c1NNYAL HD KOFFERBEN (4933478888) - Eurosmart - Milwaukee web\u00e1ruh\u00e1z\",\"isPartOf\":{\"@id\":\"https:\/\/www.eurosmart.hu\/shop\/#website\"},\"datePublished\":\"2023-09-18T14:35:04+00:00\",\"dateModified\":\"2023-12-12T13:10:41+00:00\",\"breadcrumb\":{\"@id\":\"https:\/\/www.eurosmart.hu\/shop\/index.php\/termek\/milwaukee-m18-fhx-0x-fuel-4-fokozatu-26-mm-sds-plus-kalapacs-fixtec-tokmannyal-4933478888\/#breadcrumb\"},\"inLanguage\":\"hu\",\"potentialAction\":[{\"@type\":\"ReadAction\",\"target\":[\"https:\/\/www.eurosmart.hu\/shop\/index.php\/termek\/milwaukee-m18-fhx-0x-fuel-4-fokozatu-26-mm-sds-plus-kalapacs-fixtec-tokmannyal-4933478888\/\"]}]},{\"@type\":\"BreadcrumbList\",\"@id\":\"https:\/\/www.eurosmart.hu\/shop\/index.php\/termek\/milwaukee-m18-fhx-0x-fuel-4-fokozatu-26-mm-sds-plus-kalapacs-fixtec-tokmannyal-4933478888\/#breadcrumb\",\"itemListElement\":[{\"@type\":\"ListItem\",\"position\":1,\"name\":\"Kezd\u0151lap\",\"item\":\"https:\/\/www.eurosmart.hu\/shop\/\"},{\"@type\":\"ListItem\",\"position\":2,\"name\":\"Term\u00e9keink\",\"item\":\"https:\/\/www.eurosmart.hu\/shop\/index.php\/uzlet\/\"},{\"@type\":\"ListItem\",\"position\":3,\"name\":\"MILWAUKEE M18 FHX-0X FUEL\u2122 4 FOKOZAT\u00da 26 MM SDS-PLUS KALAP\u00c1CS FIXTEC\u2122 TOKM\u00c1NNYAL HD KOFFERBEN (4933478888)\"}]},{\"@type\":\"WebSite\",\"@id\":\"https:\/\/www.eurosmart.hu\/shop\/#website\",\"url\":\"https:\/\/www.eurosmart.hu\/shop\/\",\"name\":\"Eurosmart - Milwaukee web\u00e1ruh\u00e1z\",\"description\":\"Milwaukee web\u00e1ruh\u00e1z\",\"publisher\":{\"@id\":\"https:\/\/www.eurosmart.hu\/shop\/#organization\"},\"potentialAction\":[{\"@type\":\"SearchAction\",\"target\":{\"@type\":\"EntryPoint\",\"urlTemplate\":\"https:\/\/www.eurosmart.hu\/shop\/?s={search_term_string}\"},\"query-input\":\"required name=search_term_string\"}],\"inLanguage\":\"hu\"},{\"@type\":\"Organization\",\"@id\":\"https:\/\/www.eurosmart.hu\/shop\/#organization\",\"name\":\"Eurosmart - Milwaukee web\u00e1ruh\u00e1z\",\"url\":\"https:\/\/www.eurosmart.hu\/shop\/\",\"logo\":{\"@type\":\"ImageObject\",\"inLanguage\":\"hu\",\"@id\":\"https:\/\/www.eurosmart.hu\/shop\/#\/schema\/logo\/image\/\",\"url\":\"https:\/\/www.eurosmart.hu\/shop\/wp-content\/uploads\/2023\/10\/milwaukee-logo-1.png\",\"contentUrl\":\"https:\/\/www.eurosmart.hu\/shop\/wp-content\/uploads\/2023\/10\/milwaukee-logo-1.png\",\"width\":500,\"height\":200,\"caption\":\"Eurosmart - Milwaukee web\u00e1ruh\u00e1z\"},\"image\":{\"@id\":\"https:\/\/www.eurosmart.hu\/shop\/#\/schema\/logo\/image\/\"},\"sameAs\":[\"https:\/\/www.facebook.com\/EurosmartKft\"]}]}<\/script>\n<meta property=\"product:price:amount\" content=\"0\" \/>\n<meta property=\"product:price:currency\" content=\"HUF\" \/>\n<meta property=\"og:availability\" content=\"instock\" \/>\n<meta property=\"product:availability\" content=\"instock\" \/>\n<meta property=\"product:retailer_item_id\" content=\"4933478888\" \/>\n<meta property=\"product:condition\" content=\"new\" \/>\n<!-- \/ Yoast SEO Premium plugin. -->","yoast_head_json":{"title":"MILWAUKEE M18 FHX-0X FUEL\u2122 4 FOKOZAT\u00da 26 MM SDS-PLUS KALAP\u00c1CS FIXTEC\u2122 TOKM\u00c1NNYAL HD KOFFERBEN (4933478888) - Eurosmart - Milwaukee web\u00e1ruh\u00e1z","robots":{"index":"index","follow":"follow","max-snippet":"max-snippet:-1","max-image-preview":"max-image-preview:large","max-video-preview":"max-video-preview:-1"},"canonical":"https:\/\/www.eurosmart.hu\/shop\/index.php\/termek\/milwaukee-m18-fhx-0x-fuel-4-fokozatu-26-mm-sds-plus-kalapacs-fixtec-tokmannyal-4933478888\/","og_locale":"hu_HU","og_type":"article","og_title":"MILWAUKEE M18 FHX-0X FUEL\u2122 4 FOKOZAT\u00da 26 MM SDS-PLUS KALAP\u00c1CS FIXTEC\u2122 TOKM\u00c1NNYAL HD KOFFERBEN (4933478888)","og_description":"A k\u00e9szlet tartalma:   1 db M18 FHX SDS-PLUS kalap\u00e1cs (akkumul\u00e1tor \u00e9s t\u00f6lt\u0151 n\u00e9lk\u00fcl sz\u00e1ll\u00edtva!)  1 db Heavy Duty koffer  P\u00f3tfoganty\u00fa, m\u00e9lys\u00e9gm\u00e9r\u0151, FIXTEC\u2122 13 mm f\u00e9m tokm\u00e1ny","og_url":"https:\/\/www.eurosmart.hu\/shop\/index.php\/termek\/milwaukee-m18-fhx-0x-fuel-4-fokozatu-26-mm-sds-plus-kalapacs-fixtec-tokmannyal-4933478888\/","og_site_name":"Eurosmart - Milwaukee web\u00e1ruh\u00e1z","article_publisher":"https:\/\/www.facebook.com\/EurosmartKft","article_modified_time":"2023-12-12T13:10:41+00:00","og_image":[{"width":600,"height":600,"url":"https:\/\/www.eurosmart.hu\/shop\/wp-content\/uploads\/2023\/09\/4933478888.jpg","type":"image\/jpeg"}],"twitter_card":"summary_large_image","twitter_misc":{"Price":"","Availability":"In stock"},"schema":{"@context":"https:\/\/schema.org","@graph":[{"@type":"WebPage","@id":"https:\/\/www.eurosmart.hu\/shop\/index.php\/termek\/milwaukee-m18-fhx-0x-fuel-4-fokozatu-26-mm-sds-plus-kalapacs-fixtec-tokmannyal-4933478888\/","url":"https:\/\/www.eurosmart.hu\/shop\/index.php\/termek\/milwaukee-m18-fhx-0x-fuel-4-fokozatu-26-mm-sds-plus-kalapacs-fixtec-tokmannyal-4933478888\/","name":"MILWAUKEE M18 FHX-0X FUEL\u2122 4 FOKOZAT\u00da 26 MM SDS-PLUS KALAP\u00c1CS FIXTEC\u2122 TOKM\u00c1NNYAL HD KOFFERBEN (4933478888) - Eurosmart - Milwaukee web\u00e1ruh\u00e1z","isPartOf":{"@id":"https:\/\/www.eurosmart.hu\/shop\/#website"},"datePublished":"2023-09-18T14:35:04+00:00","dateModified":"2023-12-12T13:10:41+00:00","breadcrumb":{"@id":"https:\/\/www.eurosmart.hu\/shop\/index.php\/termek\/milwaukee-m18-fhx-0x-fuel-4-fokozatu-26-mm-sds-plus-kalapacs-fixtec-tokmannyal-4933478888\/#breadcrumb"},"inLanguage":"hu","potentialAction":[{"@type":"ReadAction","target":["https:\/\/www.eurosmart.hu\/shop\/index.php\/termek\/milwaukee-m18-fhx-0x-fuel-4-fokozatu-26-mm-sds-plus-kalapacs-fixtec-tokmannyal-4933478888\/"]}]},{"@type":"BreadcrumbList","@id":"https:\/\/www.eurosmart.hu\/shop\/index.php\/termek\/milwaukee-m18-fhx-0x-fuel-4-fokozatu-26-mm-sds-plus-kalapacs-fixtec-tokmannyal-4933478888\/#breadcrumb","itemListElement":[{"@type":"ListItem","position":1,"name":"Kezd\u0151lap","item":"https:\/\/www.eurosmart.hu\/shop\/"},{"@type":"ListItem","position":2,"name":"Term\u00e9keink","item":"https:\/\/www.eurosmart.hu\/shop\/index.php\/uzlet\/"},{"@type":"ListItem","position":3,"name":"MILWAUKEE M18 FHX-0X FUEL\u2122 4 FOKOZAT\u00da 26 MM SDS-PLUS KALAP\u00c1CS FIXTEC\u2122 TOKM\u00c1NNYAL HD KOFFERBEN (4933478888)"}]},{"@type":"WebSite","@id":"https:\/\/www.eurosmart.hu\/shop\/#website","url":"https:\/\/www.eurosmart.hu\/shop\/","name":"Eurosmart - Milwaukee web\u00e1ruh\u00e1z","description":"Milwaukee web\u00e1ruh\u00e1z","publisher":{"@id":"https:\/\/www.eurosmart.hu\/shop\/#organization"},"potentialAction":[{"@type":"SearchAction","target":{"@type":"EntryPoint","urlTemplate":"https:\/\/www.eurosmart.hu\/shop\/?s={search_term_string}"},"query-input":"required name=search_term_string"}],"inLanguage":"hu"},{"@type":"Organization","@id":"https:\/\/www.eurosmart.hu\/shop\/#organization","name":"Eurosmart - Milwaukee web\u00e1ruh\u00e1z","url":"https:\/\/www.eurosmart.hu\/shop\/","logo":{"@type":"ImageObject","inLanguage":"hu","@id":"https:\/\/www.eurosmart.hu\/shop\/#\/schema\/logo\/image\/","url":"https:\/\/www.eurosmart.hu\/shop\/wp-content\/uploads\/2023\/10\/milwaukee-logo-1.png","contentUrl":"https:\/\/www.eurosmart.hu\/shop\/wp-content\/uploads\/2023\/10\/milwaukee-logo-1.png","width":500,"height":200,"caption":"Eurosmart - Milwaukee web\u00e1ruh\u00e1z"},"image":{"@id":"https:\/\/www.eurosmart.hu\/shop\/#\/schema\/logo\/image\/"},"sameAs":["https:\/\/www.facebook.com\/EurosmartKft"]}]},"product_price_currency":"HUF","og_availability":"instock","product_availability":"instock","product_retailer_item_id":"4933478888","product_condition":"new"},"_links":{"self":[{"href":"https:\/\/www.eurosmart.hu\/shop\/index.php\/wp-json\/wp\/v2\/product\/2187","targetHints":{"allow":["GET"]}}],"collection":[{"href":"https:\/\/www.eurosmart.hu\/shop\/index.php\/wp-json\/wp\/v2\/product"}],"about":[{"href":"https:\/\/www.eurosmart.hu\/shop\/index.php\/wp-json\/wp\/v2\/types\/product"}],"wp:featuredmedia":[{"embeddable":true,"href":"https:\/\/www.eurosmart.hu\/shop\/index.php\/wp-json\/wp\/v2\/media\/3126"}],"wp:attachment":[{"href":"https:\/\/www.eurosmart.hu\/shop\/index.php\/wp-json\/wp\/v2\/media?parent=2187"}],"wp:term":[{"taxonomy":"product_cat","embeddable":true,"href":"https:\/\/www.eurosmart.hu\/shop\/index.php\/wp-json\/wp\/v2\/product_cat?post=2187"},{"taxonomy":"product_tag","embeddable":true,"href":"https:\/\/www.eurosmart.hu\/shop\/index.php\/wp-json\/wp\/v2\/product_tag?post=2187"}],"curies":[{"name":"wp","href":"https:\/\/api.w.org\/{rel}","templated":true}]}}