{"id":2185,"date":"2023-09-18T14:27:28","date_gmt":"2023-09-18T14:27:28","guid":{"rendered":"https:\/\/www.eurosmart.hu\/shop\/?post_type=product&#038;p=2185"},"modified":"2024-01-03T11:22:29","modified_gmt":"2024-01-03T11:22:29","slug":"milwaukee-m18-fhsag125xb-0x-fuel-125-mm-sarokcsiszolo-fekezo-funkcioval-es-csusztathato-kapcsoloval-4933471077","status":"publish","type":"product","link":"https:\/\/www.eurosmart.hu\/shop\/index.php\/termek\/milwaukee-m18-fhsag125xb-0x-fuel-125-mm-sarokcsiszolo-fekezo-funkcioval-es-csusztathato-kapcsoloval-4933471077\/","title":{"rendered":"MILWAUKEE M18 FHSAG125XB-0X FUEL\u2122 125 MM SAROKCSISZOL\u00d3 F\u00c9KEZ\u0150 FUNKCI\u00d3VAL \u00c9S CS\u00daSZTATHAT\u00d3 KAPCSOL\u00d3VAL HD KOFFERBEN (4933471077)"},"content":{"rendered":"<h5>Tulajdons\u00e1gok:<\/h5>\n<ul class=\"ProductFeaturesTextstyles__FeatureList-fxqvf2-1 dUrrwH\">\n<li class=\"ProductFeaturesTextstyles__Feature-fxqvf2-3 ggyeUS\"><a href=\"https:\/\/hu.milwaukeetool.eu\/systems\/m18\/\">M18\u2122<\/a>\u00a0HIGH OUTPUT\u2122 125 mm sarokcsiszol\u00f3, amely a csiszol\u00e1shoz sz\u00fcks\u00e9ges teljes\u00edtm\u00e9nyt biztos\u00edtja, \u00e9s ak\u00e1r 145 v\u00e1g\u00e1st tesz lehet\u0151v\u00e9 t\u00f6lt\u00e9senk\u00e9nt (5.5 Ah) 2\u2033 elektromos v\u00e9d\u0151cs\u0151 eset\u00e9n<\/li>\n<li class=\"ProductFeaturesTextstyles__Feature-fxqvf2-3 ggyeUS\">RAPIDSTOP\u2122 &#8211; a leggyorsabb csiszol\u00f3korong f\u00e9kez\u00e9s\u00e9rt (le\u00e1ll\u00e1s kevesebb, mint 2,5 m\u00e1sodperc alatt) \u00e9s a legjobb felhaszn\u00e1l\u00f3 v\u00e9delem\u00e9rt<\/li>\n<li class=\"ProductFeaturesTextstyles__Feature-fxqvf2-3 ggyeUS\">A HIGH OUTPUT\u2122 rendszer \u00faj szintre emeli az\u00a0<a href=\"https:\/\/hu.milwaukeetool.eu\/systems\/m18\/fuel\/\">M18 FUEL\u2122<\/a>\u00a0technol\u00f3gi\u00e1t, n\u00f6veli a termel\u00e9kenys\u00e9get \u00e9s meghosszabb\u00edtja az \u00fczemid\u0151t. Ezeket az eszk\u00f6z\u00f6ket \u00fagy tervezt\u00e9k, hogy maxim\u00e1lisan kompatibilisek legyenek a HIGH OUTPUT\u2122 akkumul\u00e1torokkal<\/li>\n<li class=\"ProductFeaturesTextstyles__Feature-fxqvf2-3 ggyeUS\">Anti-vibr\u00e1ci\u00f3s p\u00f3tfoganty\u00fa a cs\u00f6kkentett vibr\u00e1ci\u00f3\u00e9rt<\/li>\n<li class=\"ProductFeaturesTextstyles__Feature-fxqvf2-3 ggyeUS\">FIXTEC\u2122 anya a szersz\u00e1m n\u00e9lk\u00fcli t\u00e1rcsacser\u00e9hez<\/li>\n<li class=\"ProductFeaturesTextstyles__Feature-fxqvf2-3 ggyeUS\">Levehet\u0151 porv\u00e9d\u0151 a porbejut\u00e1s megakad\u00e1lyoz\u00e1s\u00e1ra<\/li>\n<li class=\"ProductFeaturesTextstyles__Feature-fxqvf2-3 ggyeUS\">125 mm kulcsn\u00e9lk\u00fcli v\u00e9d\u0151burkolat<\/li>\n<li class=\"ProductFeaturesTextstyles__Feature-fxqvf2-3 ggyeUS\">Fesz\u00fclts\u00e9g alatti biztons\u00e1gi rel\u00e9 megakad\u00e1lyozza a g\u00e9p automatikus \u00fajraindul\u00e1s\u00e1t<\/li>\n<li class=\"ProductFeaturesTextstyles__Feature-fxqvf2-3 ggyeUS\">Rugalmas akkumul\u00e1tor rendszerrel &#8211; MILWAUKEE\u00ae\u00a0<a href=\"https:\/\/hu.milwaukeetool.eu\/systems\/m18\/\">M18\u2122<\/a>\u00a0akkumul\u00e1torokkal m\u0171k\u00f6dik<\/li>\n<\/ul>\n<h5>M\u0171szaki adatok:<\/h5>\n<ul>\n<li>T\u00edpus: Akkumul\u00e1toros, Li-ion 18V<\/li>\n<li>Fordulatsz\u00e1m (ford\/perc): 9000<\/li>\n<li>F\u00e9k: Igen<\/li>\n<li>Fesz\u00fclts\u00e9g alatti biztons\u00e1gi rel\u00e9: Igen<\/li>\n<li>Max. v\u00e1g\u00e1si m\u00e9lys\u00e9g (mm): 33<\/li>\n<li>Tengelymenet: M14<\/li>\n<li>Visszar\u00fag\u00e1s elleni v\u00e9delem: Igen<\/li>\n<li>T\u00e1rcsa\u00e1tm\u00e9r\u0151 (mm): 125<\/li>\n<li>S\u00faly akkumul\u00e1torral (kg): 3.4<\/li>\n<\/ul>\n","protected":false},"excerpt":{"rendered":"<h5>A k\u00e9szlet tartalma:<\/h5>\n<ul>\n<li>1 db M18 FHSAG125XB sarokcsiszol\u00f3 <em>(akkumul\u00e1tor \u00e9s t\u00f6lt\u0151 n\u00e9lk\u00fcl sz\u00e1ll\u00edtva!)<\/em><\/li>\n<li>1 db Heavy Duty koffer<\/li>\n<li>AVS p\u00f3tfoganty\u00fa, FIXTEC\u2122 anya, 2 db v\u00e9d\u0151h\u00e1l\u00f3 por ellen, 125 mm v\u00e9d\u0151burkolat<\/li>\n<\/ul>\n","protected":false},"featured_media":3125,"template":"","meta":[],"product_cat":[165,168,230,59,228,89],"product_tag":[],"class_list":["post-2185","product","type-product","status-publish","has-post-thumbnail","hentry","product_cat-akkumulatoros-gepek","product_cat-akkus-csiszolas-es-polirozas","product_cat-m18-rendszer","product_cat-milwaukee","product_cat-rendszer","product_cat-termekek"],"yoast_head":"<!-- This site is optimized with the Yoast SEO Premium plugin v21.3 (Yoast SEO v21.3) - https:\/\/yoast.com\/wordpress\/plugins\/seo\/ -->\n<title>MILWAUKEE M18 FHSAG125XB-0X FUEL\u2122 125 MM SAROKCSISZOL\u00d3 F\u00c9KEZ\u0150 FUNKCI\u00d3VAL \u00c9S CS\u00daSZTATHAT\u00d3 KAPCSOL\u00d3VAL HD KOFFERBEN (4933471077) - Eurosmart - Milwaukee web\u00e1ruh\u00e1z<\/title>\n<meta name=\"robots\" content=\"index, follow, max-snippet:-1, max-image-preview:large, max-video-preview:-1\" \/>\n<link rel=\"canonical\" href=\"https:\/\/www.eurosmart.hu\/shop\/index.php\/termek\/milwaukee-m18-fhsag125xb-0x-fuel-125-mm-sarokcsiszolo-fekezo-funkcioval-es-csusztathato-kapcsoloval-4933471077\/\" \/>\n<meta property=\"og:locale\" content=\"hu_HU\" \/>\n<meta property=\"og:type\" content=\"article\" \/>\n<meta property=\"og:title\" content=\"MILWAUKEE M18 FHSAG125XB-0X FUEL\u2122 125 MM SAROKCSISZOL\u00d3 F\u00c9KEZ\u0150 FUNKCI\u00d3VAL \u00c9S CS\u00daSZTATHAT\u00d3 KAPCSOL\u00d3VAL HD KOFFERBEN (4933471077)\" \/>\n<meta property=\"og:description\" content=\"A k\u00e9szlet tartalma:   1 db M18 FHSAG125XB sarokcsiszol\u00f3 (akkumul\u00e1tor \u00e9s t\u00f6lt\u0151 n\u00e9lk\u00fcl sz\u00e1ll\u00edtva!)  1 db Heavy Duty koffer  AVS p\u00f3tfoganty\u00fa, FIXTEC\u2122 anya, 2 db v\u00e9d\u0151h\u00e1l\u00f3 por ellen, 125 mm v\u00e9d\u0151burkolat\" \/>\n<meta property=\"og:url\" content=\"https:\/\/www.eurosmart.hu\/shop\/index.php\/termek\/milwaukee-m18-fhsag125xb-0x-fuel-125-mm-sarokcsiszolo-fekezo-funkcioval-es-csusztathato-kapcsoloval-4933471077\/\" \/>\n<meta property=\"og:site_name\" content=\"Eurosmart - Milwaukee web\u00e1ruh\u00e1z\" \/>\n<meta property=\"article:publisher\" content=\"https:\/\/www.facebook.com\/EurosmartKft\" \/>\n<meta property=\"article:modified_time\" content=\"2024-01-03T11:22:29+00:00\" \/>\n<meta property=\"og:image\" content=\"https:\/\/www.eurosmart.hu\/shop\/wp-content\/uploads\/2023\/09\/4933471077.jpg\" \/>\n\t<meta property=\"og:image:width\" content=\"600\" \/>\n\t<meta property=\"og:image:height\" content=\"600\" \/>\n\t<meta property=\"og:image:type\" content=\"image\/jpeg\" \/>\n<meta name=\"twitter:card\" content=\"summary_large_image\" \/>\n<meta name=\"twitter:label1\" content=\"Price\" \/>\n\t<meta name=\"twitter:data1\" content=\"\" \/>\n\t<meta name=\"twitter:label2\" content=\"Availability\" \/>\n\t<meta name=\"twitter:data2\" content=\"In stock\" \/>\n<script type=\"application\/ld+json\" class=\"yoast-schema-graph\">{\"@context\":\"https:\/\/schema.org\",\"@graph\":[{\"@type\":\"WebPage\",\"@id\":\"https:\/\/www.eurosmart.hu\/shop\/index.php\/termek\/milwaukee-m18-fhsag125xb-0x-fuel-125-mm-sarokcsiszolo-fekezo-funkcioval-es-csusztathato-kapcsoloval-4933471077\/\",\"url\":\"https:\/\/www.eurosmart.hu\/shop\/index.php\/termek\/milwaukee-m18-fhsag125xb-0x-fuel-125-mm-sarokcsiszolo-fekezo-funkcioval-es-csusztathato-kapcsoloval-4933471077\/\",\"name\":\"MILWAUKEE M18 FHSAG125XB-0X FUEL\u2122 125 MM SAROKCSISZOL\u00d3 F\u00c9KEZ\u0150 FUNKCI\u00d3VAL \u00c9S CS\u00daSZTATHAT\u00d3 KAPCSOL\u00d3VAL HD KOFFERBEN (4933471077) - Eurosmart - Milwaukee web\u00e1ruh\u00e1z\",\"isPartOf\":{\"@id\":\"https:\/\/www.eurosmart.hu\/shop\/#website\"},\"datePublished\":\"2023-09-18T14:27:28+00:00\",\"dateModified\":\"2024-01-03T11:22:29+00:00\",\"breadcrumb\":{\"@id\":\"https:\/\/www.eurosmart.hu\/shop\/index.php\/termek\/milwaukee-m18-fhsag125xb-0x-fuel-125-mm-sarokcsiszolo-fekezo-funkcioval-es-csusztathato-kapcsoloval-4933471077\/#breadcrumb\"},\"inLanguage\":\"hu\",\"potentialAction\":[{\"@type\":\"ReadAction\",\"target\":[\"https:\/\/www.eurosmart.hu\/shop\/index.php\/termek\/milwaukee-m18-fhsag125xb-0x-fuel-125-mm-sarokcsiszolo-fekezo-funkcioval-es-csusztathato-kapcsoloval-4933471077\/\"]}]},{\"@type\":\"BreadcrumbList\",\"@id\":\"https:\/\/www.eurosmart.hu\/shop\/index.php\/termek\/milwaukee-m18-fhsag125xb-0x-fuel-125-mm-sarokcsiszolo-fekezo-funkcioval-es-csusztathato-kapcsoloval-4933471077\/#breadcrumb\",\"itemListElement\":[{\"@type\":\"ListItem\",\"position\":1,\"name\":\"Kezd\u0151lap\",\"item\":\"https:\/\/www.eurosmart.hu\/shop\/\"},{\"@type\":\"ListItem\",\"position\":2,\"name\":\"Term\u00e9keink\",\"item\":\"https:\/\/www.eurosmart.hu\/shop\/index.php\/uzlet\/\"},{\"@type\":\"ListItem\",\"position\":3,\"name\":\"MILWAUKEE M18 FHSAG125XB-0X FUEL\u2122 125 MM SAROKCSISZOL\u00d3 F\u00c9KEZ\u0150 FUNKCI\u00d3VAL \u00c9S CS\u00daSZTATHAT\u00d3 KAPCSOL\u00d3VAL HD KOFFERBEN (4933471077)\"}]},{\"@type\":\"WebSite\",\"@id\":\"https:\/\/www.eurosmart.hu\/shop\/#website\",\"url\":\"https:\/\/www.eurosmart.hu\/shop\/\",\"name\":\"Eurosmart - Milwaukee web\u00e1ruh\u00e1z\",\"description\":\"Milwaukee web\u00e1ruh\u00e1z\",\"publisher\":{\"@id\":\"https:\/\/www.eurosmart.hu\/shop\/#organization\"},\"potentialAction\":[{\"@type\":\"SearchAction\",\"target\":{\"@type\":\"EntryPoint\",\"urlTemplate\":\"https:\/\/www.eurosmart.hu\/shop\/?s={search_term_string}\"},\"query-input\":\"required name=search_term_string\"}],\"inLanguage\":\"hu\"},{\"@type\":\"Organization\",\"@id\":\"https:\/\/www.eurosmart.hu\/shop\/#organization\",\"name\":\"Eurosmart - Milwaukee web\u00e1ruh\u00e1z\",\"url\":\"https:\/\/www.eurosmart.hu\/shop\/\",\"logo\":{\"@type\":\"ImageObject\",\"inLanguage\":\"hu\",\"@id\":\"https:\/\/www.eurosmart.hu\/shop\/#\/schema\/logo\/image\/\",\"url\":\"https:\/\/www.eurosmart.hu\/shop\/wp-content\/uploads\/2023\/10\/milwaukee-logo-1.png\",\"contentUrl\":\"https:\/\/www.eurosmart.hu\/shop\/wp-content\/uploads\/2023\/10\/milwaukee-logo-1.png\",\"width\":500,\"height\":200,\"caption\":\"Eurosmart - Milwaukee web\u00e1ruh\u00e1z\"},\"image\":{\"@id\":\"https:\/\/www.eurosmart.hu\/shop\/#\/schema\/logo\/image\/\"},\"sameAs\":[\"https:\/\/www.facebook.com\/EurosmartKft\"]}]}<\/script>\n<meta property=\"product:price:amount\" content=\"0\" \/>\n<meta property=\"product:price:currency\" content=\"HUF\" \/>\n<meta property=\"og:availability\" content=\"instock\" \/>\n<meta property=\"product:availability\" content=\"instock\" \/>\n<meta property=\"product:retailer_item_id\" content=\"4933471077\" \/>\n<meta property=\"product:condition\" content=\"new\" \/>\n<!-- \/ Yoast SEO Premium plugin. -->","yoast_head_json":{"title":"MILWAUKEE M18 FHSAG125XB-0X FUEL\u2122 125 MM SAROKCSISZOL\u00d3 F\u00c9KEZ\u0150 FUNKCI\u00d3VAL \u00c9S CS\u00daSZTATHAT\u00d3 KAPCSOL\u00d3VAL HD KOFFERBEN (4933471077) - Eurosmart - Milwaukee web\u00e1ruh\u00e1z","robots":{"index":"index","follow":"follow","max-snippet":"max-snippet:-1","max-image-preview":"max-image-preview:large","max-video-preview":"max-video-preview:-1"},"canonical":"https:\/\/www.eurosmart.hu\/shop\/index.php\/termek\/milwaukee-m18-fhsag125xb-0x-fuel-125-mm-sarokcsiszolo-fekezo-funkcioval-es-csusztathato-kapcsoloval-4933471077\/","og_locale":"hu_HU","og_type":"article","og_title":"MILWAUKEE M18 FHSAG125XB-0X FUEL\u2122 125 MM SAROKCSISZOL\u00d3 F\u00c9KEZ\u0150 FUNKCI\u00d3VAL \u00c9S CS\u00daSZTATHAT\u00d3 KAPCSOL\u00d3VAL HD KOFFERBEN (4933471077)","og_description":"A k\u00e9szlet tartalma:   1 db M18 FHSAG125XB sarokcsiszol\u00f3 (akkumul\u00e1tor \u00e9s t\u00f6lt\u0151 n\u00e9lk\u00fcl sz\u00e1ll\u00edtva!)  1 db Heavy Duty koffer  AVS p\u00f3tfoganty\u00fa, FIXTEC\u2122 anya, 2 db v\u00e9d\u0151h\u00e1l\u00f3 por ellen, 125 mm v\u00e9d\u0151burkolat","og_url":"https:\/\/www.eurosmart.hu\/shop\/index.php\/termek\/milwaukee-m18-fhsag125xb-0x-fuel-125-mm-sarokcsiszolo-fekezo-funkcioval-es-csusztathato-kapcsoloval-4933471077\/","og_site_name":"Eurosmart - Milwaukee web\u00e1ruh\u00e1z","article_publisher":"https:\/\/www.facebook.com\/EurosmartKft","article_modified_time":"2024-01-03T11:22:29+00:00","og_image":[{"width":600,"height":600,"url":"https:\/\/www.eurosmart.hu\/shop\/wp-content\/uploads\/2023\/09\/4933471077.jpg","type":"image\/jpeg"}],"twitter_card":"summary_large_image","twitter_misc":{"Price":"","Availability":"In stock"},"schema":{"@context":"https:\/\/schema.org","@graph":[{"@type":"WebPage","@id":"https:\/\/www.eurosmart.hu\/shop\/index.php\/termek\/milwaukee-m18-fhsag125xb-0x-fuel-125-mm-sarokcsiszolo-fekezo-funkcioval-es-csusztathato-kapcsoloval-4933471077\/","url":"https:\/\/www.eurosmart.hu\/shop\/index.php\/termek\/milwaukee-m18-fhsag125xb-0x-fuel-125-mm-sarokcsiszolo-fekezo-funkcioval-es-csusztathato-kapcsoloval-4933471077\/","name":"MILWAUKEE M18 FHSAG125XB-0X FUEL\u2122 125 MM SAROKCSISZOL\u00d3 F\u00c9KEZ\u0150 FUNKCI\u00d3VAL \u00c9S CS\u00daSZTATHAT\u00d3 KAPCSOL\u00d3VAL HD KOFFERBEN (4933471077) - Eurosmart - Milwaukee web\u00e1ruh\u00e1z","isPartOf":{"@id":"https:\/\/www.eurosmart.hu\/shop\/#website"},"datePublished":"2023-09-18T14:27:28+00:00","dateModified":"2024-01-03T11:22:29+00:00","breadcrumb":{"@id":"https:\/\/www.eurosmart.hu\/shop\/index.php\/termek\/milwaukee-m18-fhsag125xb-0x-fuel-125-mm-sarokcsiszolo-fekezo-funkcioval-es-csusztathato-kapcsoloval-4933471077\/#breadcrumb"},"inLanguage":"hu","potentialAction":[{"@type":"ReadAction","target":["https:\/\/www.eurosmart.hu\/shop\/index.php\/termek\/milwaukee-m18-fhsag125xb-0x-fuel-125-mm-sarokcsiszolo-fekezo-funkcioval-es-csusztathato-kapcsoloval-4933471077\/"]}]},{"@type":"BreadcrumbList","@id":"https:\/\/www.eurosmart.hu\/shop\/index.php\/termek\/milwaukee-m18-fhsag125xb-0x-fuel-125-mm-sarokcsiszolo-fekezo-funkcioval-es-csusztathato-kapcsoloval-4933471077\/#breadcrumb","itemListElement":[{"@type":"ListItem","position":1,"name":"Kezd\u0151lap","item":"https:\/\/www.eurosmart.hu\/shop\/"},{"@type":"ListItem","position":2,"name":"Term\u00e9keink","item":"https:\/\/www.eurosmart.hu\/shop\/index.php\/uzlet\/"},{"@type":"ListItem","position":3,"name":"MILWAUKEE M18 FHSAG125XB-0X FUEL\u2122 125 MM SAROKCSISZOL\u00d3 F\u00c9KEZ\u0150 FUNKCI\u00d3VAL \u00c9S CS\u00daSZTATHAT\u00d3 KAPCSOL\u00d3VAL HD KOFFERBEN (4933471077)"}]},{"@type":"WebSite","@id":"https:\/\/www.eurosmart.hu\/shop\/#website","url":"https:\/\/www.eurosmart.hu\/shop\/","name":"Eurosmart - Milwaukee web\u00e1ruh\u00e1z","description":"Milwaukee web\u00e1ruh\u00e1z","publisher":{"@id":"https:\/\/www.eurosmart.hu\/shop\/#organization"},"potentialAction":[{"@type":"SearchAction","target":{"@type":"EntryPoint","urlTemplate":"https:\/\/www.eurosmart.hu\/shop\/?s={search_term_string}"},"query-input":"required name=search_term_string"}],"inLanguage":"hu"},{"@type":"Organization","@id":"https:\/\/www.eurosmart.hu\/shop\/#organization","name":"Eurosmart - Milwaukee web\u00e1ruh\u00e1z","url":"https:\/\/www.eurosmart.hu\/shop\/","logo":{"@type":"ImageObject","inLanguage":"hu","@id":"https:\/\/www.eurosmart.hu\/shop\/#\/schema\/logo\/image\/","url":"https:\/\/www.eurosmart.hu\/shop\/wp-content\/uploads\/2023\/10\/milwaukee-logo-1.png","contentUrl":"https:\/\/www.eurosmart.hu\/shop\/wp-content\/uploads\/2023\/10\/milwaukee-logo-1.png","width":500,"height":200,"caption":"Eurosmart - Milwaukee web\u00e1ruh\u00e1z"},"image":{"@id":"https:\/\/www.eurosmart.hu\/shop\/#\/schema\/logo\/image\/"},"sameAs":["https:\/\/www.facebook.com\/EurosmartKft"]}]},"product_price_currency":"HUF","og_availability":"instock","product_availability":"instock","product_retailer_item_id":"4933471077","product_condition":"new"},"_links":{"self":[{"href":"https:\/\/www.eurosmart.hu\/shop\/index.php\/wp-json\/wp\/v2\/product\/2185","targetHints":{"allow":["GET"]}}],"collection":[{"href":"https:\/\/www.eurosmart.hu\/shop\/index.php\/wp-json\/wp\/v2\/product"}],"about":[{"href":"https:\/\/www.eurosmart.hu\/shop\/index.php\/wp-json\/wp\/v2\/types\/product"}],"wp:featuredmedia":[{"embeddable":true,"href":"https:\/\/www.eurosmart.hu\/shop\/index.php\/wp-json\/wp\/v2\/media\/3125"}],"wp:attachment":[{"href":"https:\/\/www.eurosmart.hu\/shop\/index.php\/wp-json\/wp\/v2\/media?parent=2185"}],"wp:term":[{"taxonomy":"product_cat","embeddable":true,"href":"https:\/\/www.eurosmart.hu\/shop\/index.php\/wp-json\/wp\/v2\/product_cat?post=2185"},{"taxonomy":"product_tag","embeddable":true,"href":"https:\/\/www.eurosmart.hu\/shop\/index.php\/wp-json\/wp\/v2\/product_tag?post=2185"}],"curies":[{"name":"wp","href":"https:\/\/api.w.org\/{rel}","templated":true}]}}