{"id":2179,"date":"2023-09-18T14:01:48","date_gmt":"2023-09-18T14:01:48","guid":{"rendered":"https:\/\/www.eurosmart.hu\/shop\/?post_type=product&#038;p=2179"},"modified":"2023-10-05T08:45:58","modified_gmt":"2023-10-05T08:45:58","slug":"milwaukee-m18-fdd2-0x-akkus-furocsavarozo4933464266","status":"publish","type":"product","link":"https:\/\/www.eurosmart.hu\/shop\/index.php\/termek\/milwaukee-m18-fdd2-0x-akkus-furocsavarozo4933464266\/","title":{"rendered":"MILWAUKEE M18 FDD2-0X AKKUS F\u00daR\u00d3CSAVAROZ\u00d3 (4933464266)"},"content":{"rendered":"<h5>Tulajdons\u00e1gok:<\/h5>\n<ul>\n<li>Nagyobb teljes\u00edtm\u00e9ny &#8211; p\u00e1ratlan 135 Nm nyomat\u00e9k<\/li>\n<li>Nagyobb fordulatsz\u00e1m \u2013 ak\u00e1r 2000 ford. \/perc fordulatsz\u00e1mot biztos\u00edt<\/li>\n<li>Kisebb m\u00e9ret &#8211; csak 190 mm hossz\u00fa<\/li>\n<li>Milwaukee\u00ae tervez\u00e9s\u0171 \u00e9s kivitelez\u00e9s\u0171 POWERSTATE sz\u00e9nkefe n\u00e9lk\u00fcli motor: ak\u00e1r 10x hosszabb \u00e9lettartam \u00e9s ak\u00e1r 60%-kal nagyobb teljes\u00edtm\u00e9ny<\/li>\n<li>REDLINK PLUS intelligens elektronika: a fejlett digit\u00e1lis t\u00falterhel\u00e9sv\u00e9delem az akkumul\u00e1tor \u00e9s a g\u00e9p v\u00e9delm\u00e9\u00e9rt, jav\u00edtja a g\u00e9p teljes\u00edtm\u00e9ny\u00e9t terhel\u00e9s alatt<\/li>\n<li>A REDLITHIUM-ION akkumul\u00e1tor kit\u0171n\u0151 min\u0151s\u00e9g\u0171 konstrukci\u00f3t \u00e9s elektronik\u00e1t k\u00edn\u00e1l, valamint lemer\u00fcl\u00e9s-biztos, \u00edgy hosszabb m\u0171k\u00f6d\u00e9si id\u0151t \u00e9s hosszabb ideig tart\u00f3 munkav\u00e9gz\u00e9st biztos\u00edt az akkumul\u00e1tor \u00e9lettartama alatt<\/li>\n<li>Egyedi cellafigyel\u0151 rendszer<\/li>\n<li>T\u00f6lt\u00e9sszintjelz\u0151<\/li>\n<li>LED vil\u00e1g\u00edt\u00e1s<\/li>\n<li>Teljesen f\u00e9m megford\u00edthat\u00f3 \u00f6vcsat &#8211; gyors \u00e9s k\u00f6nny\u0171 szersz\u00e1m t\u00e1rol\u00e1s<\/li>\n<li>Rugalmas akkumul\u00e1tor rendszerrel &#8211; Milwaukee\u00ae M18 akkumul\u00e1torokkal m\u0171k\u00f6dik<\/li>\n<li><strong>Extr\u00e9m kompakt kialak\u00edt\u00e1s &#8211; csup\u00e1n 175 mm hossz\u00fa a sz\u0171k helyekre val\u00f3 hozz\u00e1f\u00e9r\u00e9shez<\/strong><\/li>\n<li>Tov\u00e1bbfejlesztett heavy duty tokm\u00e1ny amely jav\u00edtja a bit-befog\u00e1st<\/li>\n<\/ul>\n<h5>M\u0171szaki adatok:<\/h5>\n<ul>\n<li>Akkufesz\u00fclts\u00e9g (V): 18<\/li>\n<li>Forgat\u00f3nyomat\u00e9k (Nm): 135<\/li>\n<li>Fordulatsz\u00e1m (rpm): 2000<\/li>\n<li>Tokm\u00e1ny m\u00e9rete (mm): 13<\/li>\n<li>F\u00far\u00e1steljes\u00edtm\u00e9ny f\u00e1ba (mm): 89<\/li>\n<li>F\u00far\u00e1steljes\u00edtm\u00e9ny f\u00e9mbe (mm): 16<\/li>\n<\/ul>\n<p><strong>A k\u00e9szlet tartalma:<\/strong> 1 db M18 FDD2-0X f\u00far\u00f3csavaroz\u00f3, 1 db Heavy Duty koffer, oldalfog\u00f3 (akkumul\u00e1tor \u00e9s t\u00f6lt\u0151 n\u00e9lk\u00fcl)<\/p>\n","protected":false},"excerpt":{"rendered":"<p>Tulajdons\u00e1gok: Nagyobb teljes\u00edtm\u00e9ny &#8211; p\u00e1ratlan 135 Nm nyomat\u00e9k Nagyobb fordulatsz\u00e1m \u2013 ak\u00e1r 2000 ford. \/perc fordulatsz\u00e1mot biztos\u00edt Kisebb m\u00e9ret &#8211; csak 190 mm hossz\u00fa Milwaukee\u00ae tervez\u00e9s\u0171<span class=\"excerpt-hellip\"> [\u2026]<\/span><\/p>\n","protected":false},"featured_media":3120,"template":"","meta":[],"product_cat":[167,165,230,59,228,89],"product_tag":[],"class_list":["post-2179","product","type-product","status-publish","has-post-thumbnail","hentry","product_cat-akkumulatoros-furas-veses-es-rogzites","product_cat-akkumulatoros-gepek","product_cat-m18-rendszer","product_cat-milwaukee","product_cat-rendszer","product_cat-termekek"],"yoast_head":"<!-- This site is optimized with the Yoast SEO Premium plugin v21.3 (Yoast SEO v21.3) - https:\/\/yoast.com\/wordpress\/plugins\/seo\/ -->\n<title>MILWAUKEE M18 FDD2-0X AKKUS F\u00daR\u00d3CSAVAROZ\u00d3 (4933464266) - Eurosmart - Milwaukee web\u00e1ruh\u00e1z<\/title>\n<meta name=\"robots\" content=\"index, follow, max-snippet:-1, max-image-preview:large, max-video-preview:-1\" \/>\n<link rel=\"canonical\" href=\"https:\/\/www.eurosmart.hu\/shop\/index.php\/termek\/milwaukee-m18-fdd2-0x-akkus-furocsavarozo4933464266\/\" \/>\n<meta property=\"og:locale\" content=\"hu_HU\" \/>\n<meta property=\"og:type\" content=\"article\" \/>\n<meta property=\"og:title\" content=\"MILWAUKEE M18 FDD2-0X AKKUS F\u00daR\u00d3CSAVAROZ\u00d3 (4933464266)\" \/>\n<meta property=\"og:description\" content=\"Tulajdons\u00e1gok: Nagyobb teljes\u00edtm\u00e9ny &#8211; p\u00e1ratlan 135 Nm nyomat\u00e9k Nagyobb fordulatsz\u00e1m \u2013 ak\u00e1r 2000 ford. \/perc fordulatsz\u00e1mot biztos\u00edt Kisebb m\u00e9ret &#8211; csak 190 mm hossz\u00fa Milwaukee\u00ae tervez\u00e9s\u0171 [\u2026]\" \/>\n<meta property=\"og:url\" content=\"https:\/\/www.eurosmart.hu\/shop\/index.php\/termek\/milwaukee-m18-fdd2-0x-akkus-furocsavarozo4933464266\/\" \/>\n<meta property=\"og:site_name\" content=\"Eurosmart - Milwaukee web\u00e1ruh\u00e1z\" \/>\n<meta property=\"article:publisher\" content=\"https:\/\/www.facebook.com\/EurosmartKft\" \/>\n<meta property=\"article:modified_time\" content=\"2023-10-05T08:45:58+00:00\" \/>\n<meta property=\"og:image\" content=\"https:\/\/www.eurosmart.hu\/shop\/wp-content\/uploads\/2023\/09\/4933464266.jpg\" \/>\n\t<meta property=\"og:image:width\" content=\"600\" \/>\n\t<meta property=\"og:image:height\" content=\"600\" \/>\n\t<meta property=\"og:image:type\" content=\"image\/jpeg\" \/>\n<meta name=\"twitter:card\" content=\"summary_large_image\" \/>\n<meta name=\"twitter:label1\" content=\"Price\" \/>\n\t<meta name=\"twitter:data1\" content=\"\" \/>\n\t<meta name=\"twitter:label2\" content=\"Availability\" \/>\n\t<meta name=\"twitter:data2\" content=\"In stock\" \/>\n<script type=\"application\/ld+json\" class=\"yoast-schema-graph\">{\"@context\":\"https:\/\/schema.org\",\"@graph\":[{\"@type\":\"WebPage\",\"@id\":\"https:\/\/www.eurosmart.hu\/shop\/index.php\/termek\/milwaukee-m18-fdd2-0x-akkus-furocsavarozo4933464266\/\",\"url\":\"https:\/\/www.eurosmart.hu\/shop\/index.php\/termek\/milwaukee-m18-fdd2-0x-akkus-furocsavarozo4933464266\/\",\"name\":\"MILWAUKEE M18 FDD2-0X AKKUS F\u00daR\u00d3CSAVAROZ\u00d3 (4933464266) - Eurosmart - Milwaukee web\u00e1ruh\u00e1z\",\"isPartOf\":{\"@id\":\"https:\/\/www.eurosmart.hu\/shop\/#website\"},\"datePublished\":\"2023-09-18T14:01:48+00:00\",\"dateModified\":\"2023-10-05T08:45:58+00:00\",\"breadcrumb\":{\"@id\":\"https:\/\/www.eurosmart.hu\/shop\/index.php\/termek\/milwaukee-m18-fdd2-0x-akkus-furocsavarozo4933464266\/#breadcrumb\"},\"inLanguage\":\"hu\",\"potentialAction\":[{\"@type\":\"ReadAction\",\"target\":[\"https:\/\/www.eurosmart.hu\/shop\/index.php\/termek\/milwaukee-m18-fdd2-0x-akkus-furocsavarozo4933464266\/\"]}]},{\"@type\":\"BreadcrumbList\",\"@id\":\"https:\/\/www.eurosmart.hu\/shop\/index.php\/termek\/milwaukee-m18-fdd2-0x-akkus-furocsavarozo4933464266\/#breadcrumb\",\"itemListElement\":[{\"@type\":\"ListItem\",\"position\":1,\"name\":\"Kezd\u0151lap\",\"item\":\"https:\/\/www.eurosmart.hu\/shop\/\"},{\"@type\":\"ListItem\",\"position\":2,\"name\":\"Term\u00e9keink\",\"item\":\"https:\/\/www.eurosmart.hu\/shop\/index.php\/uzlet\/\"},{\"@type\":\"ListItem\",\"position\":3,\"name\":\"MILWAUKEE M18 FDD2-0X AKKUS F\u00daR\u00d3CSAVAROZ\u00d3 (4933464266)\"}]},{\"@type\":\"WebSite\",\"@id\":\"https:\/\/www.eurosmart.hu\/shop\/#website\",\"url\":\"https:\/\/www.eurosmart.hu\/shop\/\",\"name\":\"Eurosmart - Milwaukee web\u00e1ruh\u00e1z\",\"description\":\"Milwaukee web\u00e1ruh\u00e1z\",\"publisher\":{\"@id\":\"https:\/\/www.eurosmart.hu\/shop\/#organization\"},\"potentialAction\":[{\"@type\":\"SearchAction\",\"target\":{\"@type\":\"EntryPoint\",\"urlTemplate\":\"https:\/\/www.eurosmart.hu\/shop\/?s={search_term_string}\"},\"query-input\":\"required name=search_term_string\"}],\"inLanguage\":\"hu\"},{\"@type\":\"Organization\",\"@id\":\"https:\/\/www.eurosmart.hu\/shop\/#organization\",\"name\":\"Eurosmart - Milwaukee web\u00e1ruh\u00e1z\",\"url\":\"https:\/\/www.eurosmart.hu\/shop\/\",\"logo\":{\"@type\":\"ImageObject\",\"inLanguage\":\"hu\",\"@id\":\"https:\/\/www.eurosmart.hu\/shop\/#\/schema\/logo\/image\/\",\"url\":\"https:\/\/www.eurosmart.hu\/shop\/wp-content\/uploads\/2023\/10\/milwaukee-logo-1.png\",\"contentUrl\":\"https:\/\/www.eurosmart.hu\/shop\/wp-content\/uploads\/2023\/10\/milwaukee-logo-1.png\",\"width\":500,\"height\":200,\"caption\":\"Eurosmart - Milwaukee web\u00e1ruh\u00e1z\"},\"image\":{\"@id\":\"https:\/\/www.eurosmart.hu\/shop\/#\/schema\/logo\/image\/\"},\"sameAs\":[\"https:\/\/www.facebook.com\/EurosmartKft\"]}]}<\/script>\n<meta property=\"product:price:amount\" content=\"0\" \/>\n<meta property=\"product:price:currency\" content=\"HUF\" \/>\n<meta property=\"og:availability\" content=\"instock\" \/>\n<meta property=\"product:availability\" content=\"instock\" \/>\n<meta property=\"product:retailer_item_id\" content=\"4933464266\" \/>\n<meta property=\"product:condition\" content=\"new\" \/>\n<!-- \/ Yoast SEO Premium plugin. -->","yoast_head_json":{"title":"MILWAUKEE M18 FDD2-0X AKKUS F\u00daR\u00d3CSAVAROZ\u00d3 (4933464266) - Eurosmart - Milwaukee web\u00e1ruh\u00e1z","robots":{"index":"index","follow":"follow","max-snippet":"max-snippet:-1","max-image-preview":"max-image-preview:large","max-video-preview":"max-video-preview:-1"},"canonical":"https:\/\/www.eurosmart.hu\/shop\/index.php\/termek\/milwaukee-m18-fdd2-0x-akkus-furocsavarozo4933464266\/","og_locale":"hu_HU","og_type":"article","og_title":"MILWAUKEE M18 FDD2-0X AKKUS F\u00daR\u00d3CSAVAROZ\u00d3 (4933464266)","og_description":"Tulajdons\u00e1gok: Nagyobb teljes\u00edtm\u00e9ny &#8211; p\u00e1ratlan 135 Nm nyomat\u00e9k Nagyobb fordulatsz\u00e1m \u2013 ak\u00e1r 2000 ford. \/perc fordulatsz\u00e1mot biztos\u00edt Kisebb m\u00e9ret &#8211; csak 190 mm hossz\u00fa Milwaukee\u00ae tervez\u00e9s\u0171 [\u2026]","og_url":"https:\/\/www.eurosmart.hu\/shop\/index.php\/termek\/milwaukee-m18-fdd2-0x-akkus-furocsavarozo4933464266\/","og_site_name":"Eurosmart - Milwaukee web\u00e1ruh\u00e1z","article_publisher":"https:\/\/www.facebook.com\/EurosmartKft","article_modified_time":"2023-10-05T08:45:58+00:00","og_image":[{"width":600,"height":600,"url":"https:\/\/www.eurosmart.hu\/shop\/wp-content\/uploads\/2023\/09\/4933464266.jpg","type":"image\/jpeg"}],"twitter_card":"summary_large_image","twitter_misc":{"Price":"","Availability":"In stock"},"schema":{"@context":"https:\/\/schema.org","@graph":[{"@type":"WebPage","@id":"https:\/\/www.eurosmart.hu\/shop\/index.php\/termek\/milwaukee-m18-fdd2-0x-akkus-furocsavarozo4933464266\/","url":"https:\/\/www.eurosmart.hu\/shop\/index.php\/termek\/milwaukee-m18-fdd2-0x-akkus-furocsavarozo4933464266\/","name":"MILWAUKEE M18 FDD2-0X AKKUS F\u00daR\u00d3CSAVAROZ\u00d3 (4933464266) - Eurosmart - Milwaukee web\u00e1ruh\u00e1z","isPartOf":{"@id":"https:\/\/www.eurosmart.hu\/shop\/#website"},"datePublished":"2023-09-18T14:01:48+00:00","dateModified":"2023-10-05T08:45:58+00:00","breadcrumb":{"@id":"https:\/\/www.eurosmart.hu\/shop\/index.php\/termek\/milwaukee-m18-fdd2-0x-akkus-furocsavarozo4933464266\/#breadcrumb"},"inLanguage":"hu","potentialAction":[{"@type":"ReadAction","target":["https:\/\/www.eurosmart.hu\/shop\/index.php\/termek\/milwaukee-m18-fdd2-0x-akkus-furocsavarozo4933464266\/"]}]},{"@type":"BreadcrumbList","@id":"https:\/\/www.eurosmart.hu\/shop\/index.php\/termek\/milwaukee-m18-fdd2-0x-akkus-furocsavarozo4933464266\/#breadcrumb","itemListElement":[{"@type":"ListItem","position":1,"name":"Kezd\u0151lap","item":"https:\/\/www.eurosmart.hu\/shop\/"},{"@type":"ListItem","position":2,"name":"Term\u00e9keink","item":"https:\/\/www.eurosmart.hu\/shop\/index.php\/uzlet\/"},{"@type":"ListItem","position":3,"name":"MILWAUKEE M18 FDD2-0X AKKUS F\u00daR\u00d3CSAVAROZ\u00d3 (4933464266)"}]},{"@type":"WebSite","@id":"https:\/\/www.eurosmart.hu\/shop\/#website","url":"https:\/\/www.eurosmart.hu\/shop\/","name":"Eurosmart - Milwaukee web\u00e1ruh\u00e1z","description":"Milwaukee web\u00e1ruh\u00e1z","publisher":{"@id":"https:\/\/www.eurosmart.hu\/shop\/#organization"},"potentialAction":[{"@type":"SearchAction","target":{"@type":"EntryPoint","urlTemplate":"https:\/\/www.eurosmart.hu\/shop\/?s={search_term_string}"},"query-input":"required name=search_term_string"}],"inLanguage":"hu"},{"@type":"Organization","@id":"https:\/\/www.eurosmart.hu\/shop\/#organization","name":"Eurosmart - Milwaukee web\u00e1ruh\u00e1z","url":"https:\/\/www.eurosmart.hu\/shop\/","logo":{"@type":"ImageObject","inLanguage":"hu","@id":"https:\/\/www.eurosmart.hu\/shop\/#\/schema\/logo\/image\/","url":"https:\/\/www.eurosmart.hu\/shop\/wp-content\/uploads\/2023\/10\/milwaukee-logo-1.png","contentUrl":"https:\/\/www.eurosmart.hu\/shop\/wp-content\/uploads\/2023\/10\/milwaukee-logo-1.png","width":500,"height":200,"caption":"Eurosmart - Milwaukee web\u00e1ruh\u00e1z"},"image":{"@id":"https:\/\/www.eurosmart.hu\/shop\/#\/schema\/logo\/image\/"},"sameAs":["https:\/\/www.facebook.com\/EurosmartKft"]}]},"product_price_currency":"HUF","og_availability":"instock","product_availability":"instock","product_retailer_item_id":"4933464266","product_condition":"new"},"_links":{"self":[{"href":"https:\/\/www.eurosmart.hu\/shop\/index.php\/wp-json\/wp\/v2\/product\/2179","targetHints":{"allow":["GET"]}}],"collection":[{"href":"https:\/\/www.eurosmart.hu\/shop\/index.php\/wp-json\/wp\/v2\/product"}],"about":[{"href":"https:\/\/www.eurosmart.hu\/shop\/index.php\/wp-json\/wp\/v2\/types\/product"}],"wp:featuredmedia":[{"embeddable":true,"href":"https:\/\/www.eurosmart.hu\/shop\/index.php\/wp-json\/wp\/v2\/media\/3120"}],"wp:attachment":[{"href":"https:\/\/www.eurosmart.hu\/shop\/index.php\/wp-json\/wp\/v2\/media?parent=2179"}],"wp:term":[{"taxonomy":"product_cat","embeddable":true,"href":"https:\/\/www.eurosmart.hu\/shop\/index.php\/wp-json\/wp\/v2\/product_cat?post=2179"},{"taxonomy":"product_tag","embeddable":true,"href":"https:\/\/www.eurosmart.hu\/shop\/index.php\/wp-json\/wp\/v2\/product_tag?post=2179"}],"curies":[{"name":"wp","href":"https:\/\/api.w.org\/{rel}","templated":true}]}}