{"id":2177,"date":"2023-09-18T13:51:00","date_gmt":"2023-09-18T13:51:00","guid":{"rendered":"https:\/\/www.eurosmart.hu\/shop\/?post_type=product&#038;p=2177"},"modified":"2024-02-15T12:14:20","modified_gmt":"2024-02-15T12:14:20","slug":"milwaukee-m18-fchs-0-fuel-lancfuresz-40-cm-es-lancvezetovel-4933464723","status":"publish","type":"product","link":"https:\/\/www.eurosmart.hu\/shop\/index.php\/termek\/milwaukee-m18-fchs-0-fuel-lancfuresz-40-cm-es-lancvezetovel-4933464723\/","title":{"rendered":"MILWAUKEE M18 FCHS-0 FUEL\u2122 L\u00c1NCF\u0170R\u00c9SZ 40 CM-ES L\u00c1NCVEZET\u0150VEL (4933464723)"},"content":{"rendered":"<h5>Tulajdons\u00e1gok:<\/h5>\n<ul class=\"ProductFeaturesTextstyles__FeatureList-fxqvf2-1 dUrrwH\">\n<li class=\"ProductFeaturesTextstyles__Feature-fxqvf2-3 ggyeUS\">Az\u00a0<a href=\"https:\/\/hu.milwaukeetool.eu\/systems\/m18\/fuel\/\">M18 FUEL\u2122<\/a>\u00a0l\u00e1ncf\u0171r\u00e9sz elegend\u0151 teljes\u00edtm\u00e9nnyel rendelkezik ahhoz, hogy a benzines l\u00e1ncf\u0171r\u00e9szeket a legnehezebb munk\u00e1latok sor\u00e1n fel\u00fclm\u00falja<\/li>\n<li class=\"ProductFeaturesTextstyles__Feature-fxqvf2-3 ggyeUS\">A FUEL\u2122 technol\u00f3gia lehet\u0151v\u00e9 teszi a f\u0171r\u00e9sz sz\u00e1m\u00e1ra, hogy neh\u00e9z alkalmaz\u00e1s eset\u00e9n is fenntartsa a fordulatsz\u00e1mot, ak\u00e1r 40 k\u00f6bcentis l\u00e1ncf\u0171r\u00e9szekn\u00e9l is jobban teljes\u00edtve<\/li>\n<li class=\"ProductFeaturesTextstyles__Feature-fxqvf2-3 ggyeUS\">A HIGH OUTPUT\u2122 rendszer \u00faj szintre emeli az\u00a0<a href=\"https:\/\/hu.milwaukeetool.eu\/systems\/m18\/fuel\/\">M18 FUEL\u2122<\/a>\u00a0technol\u00f3gi\u00e1t, n\u00f6veli a termel\u00e9kenys\u00e9get \u00e9s meghosszabb\u00edtja az \u00fczemid\u0151t. Ezeket az eszk\u00f6z\u00f6ket \u00fagy tervezt\u00e9k, hogy maxim\u00e1lisan kompatibilisek legyenek a HIGH OUTPUT\u2122 akkumul\u00e1torokkal<\/li>\n<li class=\"ProductFeaturesTextstyles__Feature-fxqvf2-3 ggyeUS\">12.0 Ah-s akkumul\u00e1torral felszerelve 150 darab 100 mm x 100 mm-es feny\u0151 v\u00e1g\u00e1s\u00e1ra alkalmas egyetlen akkumul\u00e1tor t\u00f6lt\u00e9ssel<\/li>\n<li class=\"ProductFeaturesTextstyles__Feature-fxqvf2-3 ggyeUS\">A nagy szil\u00e1rds\u00e1g\u00fa, teljesen f\u00e9m fogaskerekek oszt\u00e1lyels\u0151 nyomat\u00e9kot ny\u00fajtanak<\/li>\n<li class=\"ProductFeaturesTextstyles__Feature-fxqvf2-3 ggyeUS\">V\u00e1ltoztathat\u00f3 sebess\u00e9gkapcsol\u00f3<\/li>\n<li class=\"ProductFeaturesTextstyles__Feature-fxqvf2-3 ggyeUS\">A teljesen f\u00e9m r\u00f6nkt\u00e1masz stabilabb v\u00e1g\u00e1st \u00e9s hosszabb \u00e9lettartamot biztos\u00edt.<\/li>\n<li class=\"ProductFeaturesTextstyles__Feature-fxqvf2-3 ggyeUS\">A kifoly\u00e1smentes olajtart\u00e1lyhoz k\u00f6nny\u0171 hozz\u00e1f\u00e9rni, tov\u00e1bb\u00e1 \u00e1ttetsz\u0151 ablakkal van ell\u00e1tva<\/li>\n<li class=\"ProductFeaturesTextstyles__Feature-fxqvf2-3 ggyeUS\">L\u00e1ncszersz\u00e1mmal, l\u00e1ncv\u00e9d\u0151 tokkal sz\u00e1ll\u00edtva<\/li>\n<li class=\"ProductFeaturesTextstyles__Feature-fxqvf2-3 ggyeUS\">Rugalmas akkumul\u00e1tor rendszerrel &#8211; MILWAUKEE\u00ae\u00a0<a href=\"https:\/\/hu.milwaukeetool.eu\/systems\/m18\/\">M18\u2122<\/a>\u00a0akkumul\u00e1torokkal m\u0171k\u00f6dik<\/li>\n<\/ul>\n<h5>M\u0171szaki adatok:<\/h5>\n<ul>\n<li>T\u00edpus: Akkumul\u00e1toros, Li-ion 18V<\/li>\n<li>Automatikus l\u00e1ncolajoz\u00e1s: Van<\/li>\n<li>L\u00e1ncsebess\u00e9g (m\/s): 12,4<\/li>\n<li>L\u00e1ncvezet\u0151 hossza (cm): 40<\/li>\n<li>S\u00faly akkumul\u00e1torral (kg): 6.4<\/li>\n<\/ul>\n","protected":false},"excerpt":{"rendered":"<p><strong>A k\u00e9szlet tartalma:<\/strong><\/p>\n<ul>\n<li>1 db M18 FCHS l\u00e1ncf\u0171r\u00e9sz <em>(akkumul\u00e1tor, t\u00f6lt\u0151 \u00e9s koffer n\u00e9lk\u00fcl sz\u00e1ll\u00edtva!)<\/em><\/li>\n<li>l\u00e1nc, l\u00e1ncvezet\u0151<\/li>\n<\/ul>\n","protected":false},"featured_media":3119,"template":"","meta":[],"product_cat":[165,169,184,185,230,59,228,89],"product_tag":[],"class_list":["post-2177","product","type-product","status-publish","has-post-thumbnail","hentry","product_cat-akkumulatoros-gepek","product_cat-akkus-fureszeles-es-vagas","product_cat-kerti-gepek","product_cat-lancfureszek","product_cat-m18-rendszer","product_cat-milwaukee","product_cat-rendszer","product_cat-termekek"],"yoast_head":"<!-- This site is optimized with the Yoast SEO Premium plugin v21.3 (Yoast SEO v21.3) - https:\/\/yoast.com\/wordpress\/plugins\/seo\/ -->\n<title>MILWAUKEE M18 FCHS-0 FUEL\u2122 L\u00c1NCF\u0170R\u00c9SZ 40 CM-ES L\u00c1NCVEZET\u0150VEL (4933464723) - Eurosmart - Milwaukee web\u00e1ruh\u00e1z<\/title>\n<meta name=\"robots\" content=\"index, follow, max-snippet:-1, max-image-preview:large, max-video-preview:-1\" \/>\n<link rel=\"canonical\" href=\"https:\/\/www.eurosmart.hu\/shop\/index.php\/termek\/milwaukee-m18-fchs-0-fuel-lancfuresz-40-cm-es-lancvezetovel-4933464723\/\" \/>\n<meta property=\"og:locale\" content=\"hu_HU\" \/>\n<meta property=\"og:type\" content=\"article\" \/>\n<meta property=\"og:title\" content=\"MILWAUKEE M18 FCHS-0 FUEL\u2122 L\u00c1NCF\u0170R\u00c9SZ 40 CM-ES L\u00c1NCVEZET\u0150VEL (4933464723)\" \/>\n<meta property=\"og:description\" content=\"A k\u00e9szlet tartalma:   1 db M18 FCHS l\u00e1ncf\u0171r\u00e9sz (akkumul\u00e1tor, t\u00f6lt\u0151 \u00e9s koffer n\u00e9lk\u00fcl sz\u00e1ll\u00edtva!)  l\u00e1nc, l\u00e1ncvezet\u0151\" \/>\n<meta property=\"og:url\" content=\"https:\/\/www.eurosmart.hu\/shop\/index.php\/termek\/milwaukee-m18-fchs-0-fuel-lancfuresz-40-cm-es-lancvezetovel-4933464723\/\" \/>\n<meta property=\"og:site_name\" content=\"Eurosmart - Milwaukee web\u00e1ruh\u00e1z\" \/>\n<meta property=\"article:publisher\" content=\"https:\/\/www.facebook.com\/EurosmartKft\" \/>\n<meta property=\"article:modified_time\" content=\"2024-02-15T12:14:20+00:00\" \/>\n<meta property=\"og:image\" content=\"https:\/\/www.eurosmart.hu\/shop\/wp-content\/uploads\/2023\/09\/4933464723.jpg\" \/>\n\t<meta property=\"og:image:width\" content=\"600\" \/>\n\t<meta property=\"og:image:height\" content=\"600\" \/>\n\t<meta property=\"og:image:type\" content=\"image\/jpeg\" \/>\n<meta name=\"twitter:card\" content=\"summary_large_image\" \/>\n<meta name=\"twitter:label1\" content=\"Price\" \/>\n\t<meta name=\"twitter:data1\" content=\"\" \/>\n\t<meta name=\"twitter:label2\" content=\"Availability\" \/>\n\t<meta name=\"twitter:data2\" content=\"In stock\" \/>\n<script type=\"application\/ld+json\" class=\"yoast-schema-graph\">{\"@context\":\"https:\/\/schema.org\",\"@graph\":[{\"@type\":\"WebPage\",\"@id\":\"https:\/\/www.eurosmart.hu\/shop\/index.php\/termek\/milwaukee-m18-fchs-0-fuel-lancfuresz-40-cm-es-lancvezetovel-4933464723\/\",\"url\":\"https:\/\/www.eurosmart.hu\/shop\/index.php\/termek\/milwaukee-m18-fchs-0-fuel-lancfuresz-40-cm-es-lancvezetovel-4933464723\/\",\"name\":\"MILWAUKEE M18 FCHS-0 FUEL\u2122 L\u00c1NCF\u0170R\u00c9SZ 40 CM-ES L\u00c1NCVEZET\u0150VEL (4933464723) - Eurosmart - Milwaukee web\u00e1ruh\u00e1z\",\"isPartOf\":{\"@id\":\"https:\/\/www.eurosmart.hu\/shop\/#website\"},\"datePublished\":\"2023-09-18T13:51:00+00:00\",\"dateModified\":\"2024-02-15T12:14:20+00:00\",\"breadcrumb\":{\"@id\":\"https:\/\/www.eurosmart.hu\/shop\/index.php\/termek\/milwaukee-m18-fchs-0-fuel-lancfuresz-40-cm-es-lancvezetovel-4933464723\/#breadcrumb\"},\"inLanguage\":\"hu\",\"potentialAction\":[{\"@type\":\"ReadAction\",\"target\":[\"https:\/\/www.eurosmart.hu\/shop\/index.php\/termek\/milwaukee-m18-fchs-0-fuel-lancfuresz-40-cm-es-lancvezetovel-4933464723\/\"]}]},{\"@type\":\"BreadcrumbList\",\"@id\":\"https:\/\/www.eurosmart.hu\/shop\/index.php\/termek\/milwaukee-m18-fchs-0-fuel-lancfuresz-40-cm-es-lancvezetovel-4933464723\/#breadcrumb\",\"itemListElement\":[{\"@type\":\"ListItem\",\"position\":1,\"name\":\"Kezd\u0151lap\",\"item\":\"https:\/\/www.eurosmart.hu\/shop\/\"},{\"@type\":\"ListItem\",\"position\":2,\"name\":\"Term\u00e9keink\",\"item\":\"https:\/\/www.eurosmart.hu\/shop\/index.php\/uzlet\/\"},{\"@type\":\"ListItem\",\"position\":3,\"name\":\"MILWAUKEE M18 FCHS-0 FUEL\u2122 L\u00c1NCF\u0170R\u00c9SZ 40 CM-ES L\u00c1NCVEZET\u0150VEL (4933464723)\"}]},{\"@type\":\"WebSite\",\"@id\":\"https:\/\/www.eurosmart.hu\/shop\/#website\",\"url\":\"https:\/\/www.eurosmart.hu\/shop\/\",\"name\":\"Eurosmart - Milwaukee web\u00e1ruh\u00e1z\",\"description\":\"Milwaukee web\u00e1ruh\u00e1z\",\"publisher\":{\"@id\":\"https:\/\/www.eurosmart.hu\/shop\/#organization\"},\"potentialAction\":[{\"@type\":\"SearchAction\",\"target\":{\"@type\":\"EntryPoint\",\"urlTemplate\":\"https:\/\/www.eurosmart.hu\/shop\/?s={search_term_string}\"},\"query-input\":\"required name=search_term_string\"}],\"inLanguage\":\"hu\"},{\"@type\":\"Organization\",\"@id\":\"https:\/\/www.eurosmart.hu\/shop\/#organization\",\"name\":\"Eurosmart - Milwaukee web\u00e1ruh\u00e1z\",\"url\":\"https:\/\/www.eurosmart.hu\/shop\/\",\"logo\":{\"@type\":\"ImageObject\",\"inLanguage\":\"hu\",\"@id\":\"https:\/\/www.eurosmart.hu\/shop\/#\/schema\/logo\/image\/\",\"url\":\"https:\/\/www.eurosmart.hu\/shop\/wp-content\/uploads\/2023\/10\/milwaukee-logo-1.png\",\"contentUrl\":\"https:\/\/www.eurosmart.hu\/shop\/wp-content\/uploads\/2023\/10\/milwaukee-logo-1.png\",\"width\":500,\"height\":200,\"caption\":\"Eurosmart - Milwaukee web\u00e1ruh\u00e1z\"},\"image\":{\"@id\":\"https:\/\/www.eurosmart.hu\/shop\/#\/schema\/logo\/image\/\"},\"sameAs\":[\"https:\/\/www.facebook.com\/EurosmartKft\"]}]}<\/script>\n<meta property=\"product:price:amount\" content=\"0\" \/>\n<meta property=\"product:price:currency\" content=\"HUF\" \/>\n<meta property=\"og:availability\" content=\"instock\" \/>\n<meta property=\"product:availability\" content=\"instock\" \/>\n<meta property=\"product:retailer_item_id\" content=\"4933464723\" \/>\n<meta property=\"product:condition\" content=\"new\" \/>\n<!-- \/ Yoast SEO Premium plugin. -->","yoast_head_json":{"title":"MILWAUKEE M18 FCHS-0 FUEL\u2122 L\u00c1NCF\u0170R\u00c9SZ 40 CM-ES L\u00c1NCVEZET\u0150VEL (4933464723) - Eurosmart - Milwaukee web\u00e1ruh\u00e1z","robots":{"index":"index","follow":"follow","max-snippet":"max-snippet:-1","max-image-preview":"max-image-preview:large","max-video-preview":"max-video-preview:-1"},"canonical":"https:\/\/www.eurosmart.hu\/shop\/index.php\/termek\/milwaukee-m18-fchs-0-fuel-lancfuresz-40-cm-es-lancvezetovel-4933464723\/","og_locale":"hu_HU","og_type":"article","og_title":"MILWAUKEE M18 FCHS-0 FUEL\u2122 L\u00c1NCF\u0170R\u00c9SZ 40 CM-ES L\u00c1NCVEZET\u0150VEL (4933464723)","og_description":"A k\u00e9szlet tartalma:   1 db M18 FCHS l\u00e1ncf\u0171r\u00e9sz (akkumul\u00e1tor, t\u00f6lt\u0151 \u00e9s koffer n\u00e9lk\u00fcl sz\u00e1ll\u00edtva!)  l\u00e1nc, l\u00e1ncvezet\u0151","og_url":"https:\/\/www.eurosmart.hu\/shop\/index.php\/termek\/milwaukee-m18-fchs-0-fuel-lancfuresz-40-cm-es-lancvezetovel-4933464723\/","og_site_name":"Eurosmart - Milwaukee web\u00e1ruh\u00e1z","article_publisher":"https:\/\/www.facebook.com\/EurosmartKft","article_modified_time":"2024-02-15T12:14:20+00:00","og_image":[{"width":600,"height":600,"url":"https:\/\/www.eurosmart.hu\/shop\/wp-content\/uploads\/2023\/09\/4933464723.jpg","type":"image\/jpeg"}],"twitter_card":"summary_large_image","twitter_misc":{"Price":"","Availability":"In stock"},"schema":{"@context":"https:\/\/schema.org","@graph":[{"@type":"WebPage","@id":"https:\/\/www.eurosmart.hu\/shop\/index.php\/termek\/milwaukee-m18-fchs-0-fuel-lancfuresz-40-cm-es-lancvezetovel-4933464723\/","url":"https:\/\/www.eurosmart.hu\/shop\/index.php\/termek\/milwaukee-m18-fchs-0-fuel-lancfuresz-40-cm-es-lancvezetovel-4933464723\/","name":"MILWAUKEE M18 FCHS-0 FUEL\u2122 L\u00c1NCF\u0170R\u00c9SZ 40 CM-ES L\u00c1NCVEZET\u0150VEL (4933464723) - Eurosmart - Milwaukee web\u00e1ruh\u00e1z","isPartOf":{"@id":"https:\/\/www.eurosmart.hu\/shop\/#website"},"datePublished":"2023-09-18T13:51:00+00:00","dateModified":"2024-02-15T12:14:20+00:00","breadcrumb":{"@id":"https:\/\/www.eurosmart.hu\/shop\/index.php\/termek\/milwaukee-m18-fchs-0-fuel-lancfuresz-40-cm-es-lancvezetovel-4933464723\/#breadcrumb"},"inLanguage":"hu","potentialAction":[{"@type":"ReadAction","target":["https:\/\/www.eurosmart.hu\/shop\/index.php\/termek\/milwaukee-m18-fchs-0-fuel-lancfuresz-40-cm-es-lancvezetovel-4933464723\/"]}]},{"@type":"BreadcrumbList","@id":"https:\/\/www.eurosmart.hu\/shop\/index.php\/termek\/milwaukee-m18-fchs-0-fuel-lancfuresz-40-cm-es-lancvezetovel-4933464723\/#breadcrumb","itemListElement":[{"@type":"ListItem","position":1,"name":"Kezd\u0151lap","item":"https:\/\/www.eurosmart.hu\/shop\/"},{"@type":"ListItem","position":2,"name":"Term\u00e9keink","item":"https:\/\/www.eurosmart.hu\/shop\/index.php\/uzlet\/"},{"@type":"ListItem","position":3,"name":"MILWAUKEE M18 FCHS-0 FUEL\u2122 L\u00c1NCF\u0170R\u00c9SZ 40 CM-ES L\u00c1NCVEZET\u0150VEL (4933464723)"}]},{"@type":"WebSite","@id":"https:\/\/www.eurosmart.hu\/shop\/#website","url":"https:\/\/www.eurosmart.hu\/shop\/","name":"Eurosmart - Milwaukee web\u00e1ruh\u00e1z","description":"Milwaukee web\u00e1ruh\u00e1z","publisher":{"@id":"https:\/\/www.eurosmart.hu\/shop\/#organization"},"potentialAction":[{"@type":"SearchAction","target":{"@type":"EntryPoint","urlTemplate":"https:\/\/www.eurosmart.hu\/shop\/?s={search_term_string}"},"query-input":"required name=search_term_string"}],"inLanguage":"hu"},{"@type":"Organization","@id":"https:\/\/www.eurosmart.hu\/shop\/#organization","name":"Eurosmart - Milwaukee web\u00e1ruh\u00e1z","url":"https:\/\/www.eurosmart.hu\/shop\/","logo":{"@type":"ImageObject","inLanguage":"hu","@id":"https:\/\/www.eurosmart.hu\/shop\/#\/schema\/logo\/image\/","url":"https:\/\/www.eurosmart.hu\/shop\/wp-content\/uploads\/2023\/10\/milwaukee-logo-1.png","contentUrl":"https:\/\/www.eurosmart.hu\/shop\/wp-content\/uploads\/2023\/10\/milwaukee-logo-1.png","width":500,"height":200,"caption":"Eurosmart - Milwaukee web\u00e1ruh\u00e1z"},"image":{"@id":"https:\/\/www.eurosmart.hu\/shop\/#\/schema\/logo\/image\/"},"sameAs":["https:\/\/www.facebook.com\/EurosmartKft"]}]},"product_price_currency":"HUF","og_availability":"instock","product_availability":"instock","product_retailer_item_id":"4933464723","product_condition":"new"},"_links":{"self":[{"href":"https:\/\/www.eurosmart.hu\/shop\/index.php\/wp-json\/wp\/v2\/product\/2177","targetHints":{"allow":["GET"]}}],"collection":[{"href":"https:\/\/www.eurosmart.hu\/shop\/index.php\/wp-json\/wp\/v2\/product"}],"about":[{"href":"https:\/\/www.eurosmart.hu\/shop\/index.php\/wp-json\/wp\/v2\/types\/product"}],"wp:featuredmedia":[{"embeddable":true,"href":"https:\/\/www.eurosmart.hu\/shop\/index.php\/wp-json\/wp\/v2\/media\/3119"}],"wp:attachment":[{"href":"https:\/\/www.eurosmart.hu\/shop\/index.php\/wp-json\/wp\/v2\/media?parent=2177"}],"wp:term":[{"taxonomy":"product_cat","embeddable":true,"href":"https:\/\/www.eurosmart.hu\/shop\/index.php\/wp-json\/wp\/v2\/product_cat?post=2177"},{"taxonomy":"product_tag","embeddable":true,"href":"https:\/\/www.eurosmart.hu\/shop\/index.php\/wp-json\/wp\/v2\/product_tag?post=2177"}],"curies":[{"name":"wp","href":"https:\/\/api.w.org\/{rel}","templated":true}]}}