{"id":2173,"date":"2023-09-18T13:41:15","date_gmt":"2023-09-18T13:41:15","guid":{"rendered":"https:\/\/www.eurosmart.hu\/shop\/?post_type=product&#038;p=2173"},"modified":"2024-01-08T08:43:51","modified_gmt":"2024-01-08T08:43:51","slug":"milwaukee-m18-fbjs-0x-fuel-szurofuresz-dekopirfuresz-4933464799","status":"publish","type":"product","link":"https:\/\/www.eurosmart.hu\/shop\/index.php\/termek\/milwaukee-m18-fbjs-0x-fuel-szurofuresz-dekopirfuresz-4933464799\/","title":{"rendered":"MILWAUKEE M18 FBJS-0X FUEL\u2122 SZ\u00daR\u00d3F\u0170R\u00c9SZ\/DEKOP\u00cdRF\u0170R\u00c9SZ HD KOFFERBEN (4933464799)"},"content":{"rendered":"<h5>Tulajdons\u00e1gok:<\/h5>\n<ul class=\"ProductFeaturesTextstyles__FeatureList-fxqvf2-1 dUrrwH\">\n<li class=\"ProductFeaturesTextstyles__Feature-fxqvf2-3 ggyeUS\">Sz\u00e9nkefe n\u00e9lk\u00fcli POWERSTATE\u2122 motor \u2013 gyors v\u00e1g\u00e1s, hosszabb \u00e9lettartam \u00e9s ak\u00e1r 32 m 19 mm-es OSB lapban (5.0 Ah akkumul\u00e1torral)<\/li>\n<li class=\"ProductFeaturesTextstyles__Feature-fxqvf2-3 ggyeUS\">REDLINK PLUS\u2122 intelligens elektronika<\/li>\n<li class=\"ProductFeaturesTextstyles__Feature-fxqvf2-3 ggyeUS\">A REDLITHIUM\u2122 akkumul\u00e1tor kit\u0171n\u0151 min\u0151s\u00e9g\u0171 konstrukci\u00f3t \u00e9s elektronik\u00e1t k\u00edn\u00e1l, valamint lemer\u00fcl\u00e9s-biztos, \u00edgy hosszabb m\u0171k\u00f6d\u00e9si id\u0151t \u00e9s hosszabb ideig tart\u00f3 munkav\u00e9gz\u00e9st biztos\u00edt az akkumul\u00e1tor \u00e9lettartama alatt<\/li>\n<li class=\"ProductFeaturesTextstyles__Feature-fxqvf2-3 ggyeUS\">Szabadalmaztatott FIXTEC\u2122 befog\u00e1s a gyors \u00e9s k\u00f6nny\u0171 kulcsn\u00e9lk\u00fcli f\u0171r\u00e9szlapcser\u00e9\u00e9rt<\/li>\n<li class=\"ProductFeaturesTextstyles__Feature-fxqvf2-3 ggyeUS\">5 fokozat\u00fa ingael\u0151tol\u00e1s a megn\u00f6velt v\u00e1g\u00e1si teljes\u00edtm\u00e9ny\u00e9rt<\/li>\n<li class=\"ProductFeaturesTextstyles__Feature-fxqvf2-3 ggyeUS\">A k\u00e9t k\u00e9zzel m\u0171k\u00f6dtethet\u0151 kapcsol\u00f3 lehet\u0151v\u00e9 teszi a felhaszn\u00e1l\u00f3 sz\u00e1m\u00e1ra, hogy b\u00e1rmilyen helyzetben bekapcsolja a szersz\u00e1mot<\/li>\n<li class=\"ProductFeaturesTextstyles__Feature-fxqvf2-3 ggyeUS\">A 6 sebess\u00e9g-be\u00e1ll\u00edt\u00e1s \u00e9s az automatikus vez\u00e9rl\u00e9s\u0171 ind\u00edt\u00e1s a v\u00e1g\u00e1s sima \u00e9s pontos megkezd\u00e9se \u00e9rdek\u00e9ben lehet\u0151v\u00e9 teszi a szersz\u00e1m lass\u00fa beind\u00edt\u00e1s\u00e1t \u00e9s a teljes fordulatsz\u00e1m el\u00e9r\u00e9s\u00e9t amikor a szersz\u00e1m terhel\u00e9st \u00e9rz\u00e9kel<\/li>\n<li class=\"ProductFeaturesTextstyles__Feature-fxqvf2-3 ggyeUS\">A 3500 l\u00f6ket\/perc sebess\u00e9g sima v\u00e1g\u00e1st, alacsony vibr\u00e1ci\u00f3val t\u00f6rt\u00e9n\u0151 m\u0171k\u00f6d\u00e9st biztos\u00edt<\/li>\n<li class=\"ProductFeaturesTextstyles__Feature-fxqvf2-3 ggyeUS\">Porelf\u00fav\u00f3 tiszt\u00e1n tartja a v\u00e1g\u00e1si vonalat<\/li>\n<li class=\"ProductFeaturesTextstyles__Feature-fxqvf2-3 ggyeUS\">Be\u00e9p\u00edtett LED vil\u00e1g\u00edt\u00e1s a munkater\u00fclet megvil\u00e1g\u00edt\u00e1sa \u00e9rdek\u00e9ben<\/li>\n<li class=\"ProductFeaturesTextstyles__Feature-fxqvf2-3 ggyeUS\">A levehet\u0151 alaplapnak k\u00f6sz\u00f6nhet\u0151en elker\u00fclhet\u0151ek a karcol\u00e1sok puha anyag v\u00e1g\u00e1sa eset\u00e9n<\/li>\n<li class=\"ProductFeaturesTextstyles__Feature-fxqvf2-3 ggyeUS\">1 x f\u0171r\u00e9szlappal, porelsz\u00edv\u00f3 adapterrel, porv\u00e9d\u0151vel, vezet\u0151s\u00ednnel \u00e9s alaplappal sz\u00e1ll\u00edtva<\/li>\n<li class=\"ProductFeaturesTextstyles__Feature-fxqvf2-3 ggyeUS\">Rugalmas akkumul\u00e1tor rendszerrel &#8211; MILWAUKEE\u00ae\u00a0<a href=\"https:\/\/hu.milwaukeetool.eu\/systems\/m18\/\">M18\u2122<\/a>\u00a0akkumul\u00e1torokkal m\u0171k\u00f6dik<\/li>\n<\/ul>\n<h5>M\u0171szaki adatok:<\/h5>\n<ul>\n<li>T\u00edpus: Akkumul\u00e1toros, Li-ion 18V<\/li>\n<li>\u00dcresj\u00e1rati l\u00f6ketsz\u00e1m: 800 &#8211; 3500 l\u00f6ket\/perc<\/li>\n<li>L\u00f6ket hossz: 25 mm<\/li>\n<li>Ferdesz\u00f6g tartom\u00e1ny: 45\u00b0<\/li>\n<li>Max. v\u00e1g\u00e1si kapacit\u00e1s ac\u00e9lban: 10 mm<\/li>\n<li>Max. v\u00e1g\u00e1si kapacit\u00e1s alum\u00edniumban: 19 mm<\/li>\n<li>Max. v\u00e1g\u00e1si kapacit\u00e1s f\u00e1ban: 100 mm<\/li>\n<li>El\u0151tol\u00e1s: igen<\/li>\n<li>El\u0151tol\u00e1s be\u00e1ll\u00edt\u00e1sok: 4<\/li>\n<li>S\u00faly akkumul\u00e1torral: 2.8 kg<\/li>\n<\/ul>\n","protected":false},"excerpt":{"rendered":"<p><strong>A k\u00e9szlet tartalma:<\/strong><\/p>\n<ul>\n<li>1 db M18 FBJS sz\u00far\u00f3f\u0171r\u00e9sz <em>(akkumul\u00e1tor \u00e9s t\u00f6lt\u0151 n\u00e9lk\u00fcl sz\u00e1ll\u00edtva!)<\/em><\/li>\n<li>1 db Heavy Duty koffer<\/li>\n<li>1 db f\u0171r\u00e9szlap, porelsz\u00edv\u00f3 adapter, porv\u00e9d\u0151, vezet\u0151s\u00edn \u00e9s alaplap<\/li>\n<\/ul>\n","protected":false},"featured_media":3117,"template":"","meta":[],"product_cat":[165,169,230,59,228,89],"product_tag":[],"class_list":["post-2173","product","type-product","status-publish","has-post-thumbnail","hentry","product_cat-akkumulatoros-gepek","product_cat-akkus-fureszeles-es-vagas","product_cat-m18-rendszer","product_cat-milwaukee","product_cat-rendszer","product_cat-termekek"],"yoast_head":"<!-- This site is optimized with the Yoast SEO Premium plugin v21.3 (Yoast SEO v21.3) - https:\/\/yoast.com\/wordpress\/plugins\/seo\/ -->\n<title>MILWAUKEE M18 FBJS-0X FUEL\u2122 SZ\u00daR\u00d3F\u0170R\u00c9SZ\/DEKOP\u00cdRF\u0170R\u00c9SZ HD KOFFERBEN (4933464799) - Eurosmart - Milwaukee web\u00e1ruh\u00e1z<\/title>\n<meta name=\"robots\" content=\"index, follow, max-snippet:-1, max-image-preview:large, max-video-preview:-1\" \/>\n<link rel=\"canonical\" href=\"https:\/\/www.eurosmart.hu\/shop\/index.php\/termek\/milwaukee-m18-fbjs-0x-fuel-szurofuresz-dekopirfuresz-4933464799\/\" \/>\n<meta property=\"og:locale\" content=\"hu_HU\" \/>\n<meta property=\"og:type\" content=\"article\" \/>\n<meta property=\"og:title\" content=\"MILWAUKEE M18 FBJS-0X FUEL\u2122 SZ\u00daR\u00d3F\u0170R\u00c9SZ\/DEKOP\u00cdRF\u0170R\u00c9SZ HD KOFFERBEN (4933464799)\" \/>\n<meta property=\"og:description\" content=\"A k\u00e9szlet tartalma:   1 db M18 FBJS sz\u00far\u00f3f\u0171r\u00e9sz (akkumul\u00e1tor \u00e9s t\u00f6lt\u0151 n\u00e9lk\u00fcl sz\u00e1ll\u00edtva!)  1 db Heavy Duty koffer  1 db f\u0171r\u00e9szlap, porelsz\u00edv\u00f3 adapter, porv\u00e9d\u0151, vezet\u0151s\u00edn \u00e9s alaplap\" \/>\n<meta property=\"og:url\" content=\"https:\/\/www.eurosmart.hu\/shop\/index.php\/termek\/milwaukee-m18-fbjs-0x-fuel-szurofuresz-dekopirfuresz-4933464799\/\" \/>\n<meta property=\"og:site_name\" content=\"Eurosmart - Milwaukee web\u00e1ruh\u00e1z\" \/>\n<meta property=\"article:publisher\" content=\"https:\/\/www.facebook.com\/EurosmartKft\" \/>\n<meta property=\"article:modified_time\" content=\"2024-01-08T08:43:51+00:00\" \/>\n<meta property=\"og:image\" content=\"https:\/\/www.eurosmart.hu\/shop\/wp-content\/uploads\/2023\/09\/4933464799.jpg\" \/>\n\t<meta property=\"og:image:width\" content=\"600\" \/>\n\t<meta property=\"og:image:height\" content=\"600\" \/>\n\t<meta property=\"og:image:type\" content=\"image\/jpeg\" \/>\n<meta name=\"twitter:card\" content=\"summary_large_image\" \/>\n<meta name=\"twitter:label1\" content=\"Price\" \/>\n\t<meta name=\"twitter:data1\" content=\"\" \/>\n\t<meta name=\"twitter:label2\" content=\"Availability\" \/>\n\t<meta name=\"twitter:data2\" content=\"In stock\" \/>\n<script type=\"application\/ld+json\" class=\"yoast-schema-graph\">{\"@context\":\"https:\/\/schema.org\",\"@graph\":[{\"@type\":\"WebPage\",\"@id\":\"https:\/\/www.eurosmart.hu\/shop\/index.php\/termek\/milwaukee-m18-fbjs-0x-fuel-szurofuresz-dekopirfuresz-4933464799\/\",\"url\":\"https:\/\/www.eurosmart.hu\/shop\/index.php\/termek\/milwaukee-m18-fbjs-0x-fuel-szurofuresz-dekopirfuresz-4933464799\/\",\"name\":\"MILWAUKEE M18 FBJS-0X FUEL\u2122 SZ\u00daR\u00d3F\u0170R\u00c9SZ\/DEKOP\u00cdRF\u0170R\u00c9SZ HD KOFFERBEN (4933464799) - Eurosmart - Milwaukee web\u00e1ruh\u00e1z\",\"isPartOf\":{\"@id\":\"https:\/\/www.eurosmart.hu\/shop\/#website\"},\"datePublished\":\"2023-09-18T13:41:15+00:00\",\"dateModified\":\"2024-01-08T08:43:51+00:00\",\"breadcrumb\":{\"@id\":\"https:\/\/www.eurosmart.hu\/shop\/index.php\/termek\/milwaukee-m18-fbjs-0x-fuel-szurofuresz-dekopirfuresz-4933464799\/#breadcrumb\"},\"inLanguage\":\"hu\",\"potentialAction\":[{\"@type\":\"ReadAction\",\"target\":[\"https:\/\/www.eurosmart.hu\/shop\/index.php\/termek\/milwaukee-m18-fbjs-0x-fuel-szurofuresz-dekopirfuresz-4933464799\/\"]}]},{\"@type\":\"BreadcrumbList\",\"@id\":\"https:\/\/www.eurosmart.hu\/shop\/index.php\/termek\/milwaukee-m18-fbjs-0x-fuel-szurofuresz-dekopirfuresz-4933464799\/#breadcrumb\",\"itemListElement\":[{\"@type\":\"ListItem\",\"position\":1,\"name\":\"Kezd\u0151lap\",\"item\":\"https:\/\/www.eurosmart.hu\/shop\/\"},{\"@type\":\"ListItem\",\"position\":2,\"name\":\"Term\u00e9keink\",\"item\":\"https:\/\/www.eurosmart.hu\/shop\/index.php\/uzlet\/\"},{\"@type\":\"ListItem\",\"position\":3,\"name\":\"MILWAUKEE M18 FBJS-0X FUEL\u2122 SZ\u00daR\u00d3F\u0170R\u00c9SZ\/DEKOP\u00cdRF\u0170R\u00c9SZ HD KOFFERBEN (4933464799)\"}]},{\"@type\":\"WebSite\",\"@id\":\"https:\/\/www.eurosmart.hu\/shop\/#website\",\"url\":\"https:\/\/www.eurosmart.hu\/shop\/\",\"name\":\"Eurosmart - Milwaukee web\u00e1ruh\u00e1z\",\"description\":\"Milwaukee web\u00e1ruh\u00e1z\",\"publisher\":{\"@id\":\"https:\/\/www.eurosmart.hu\/shop\/#organization\"},\"potentialAction\":[{\"@type\":\"SearchAction\",\"target\":{\"@type\":\"EntryPoint\",\"urlTemplate\":\"https:\/\/www.eurosmart.hu\/shop\/?s={search_term_string}\"},\"query-input\":\"required name=search_term_string\"}],\"inLanguage\":\"hu\"},{\"@type\":\"Organization\",\"@id\":\"https:\/\/www.eurosmart.hu\/shop\/#organization\",\"name\":\"Eurosmart - Milwaukee web\u00e1ruh\u00e1z\",\"url\":\"https:\/\/www.eurosmart.hu\/shop\/\",\"logo\":{\"@type\":\"ImageObject\",\"inLanguage\":\"hu\",\"@id\":\"https:\/\/www.eurosmart.hu\/shop\/#\/schema\/logo\/image\/\",\"url\":\"https:\/\/www.eurosmart.hu\/shop\/wp-content\/uploads\/2023\/10\/milwaukee-logo-1.png\",\"contentUrl\":\"https:\/\/www.eurosmart.hu\/shop\/wp-content\/uploads\/2023\/10\/milwaukee-logo-1.png\",\"width\":500,\"height\":200,\"caption\":\"Eurosmart - Milwaukee web\u00e1ruh\u00e1z\"},\"image\":{\"@id\":\"https:\/\/www.eurosmart.hu\/shop\/#\/schema\/logo\/image\/\"},\"sameAs\":[\"https:\/\/www.facebook.com\/EurosmartKft\"]}]}<\/script>\n<meta property=\"product:price:amount\" content=\"0\" \/>\n<meta property=\"product:price:currency\" content=\"HUF\" \/>\n<meta property=\"og:availability\" content=\"instock\" \/>\n<meta property=\"product:availability\" content=\"instock\" \/>\n<meta property=\"product:retailer_item_id\" content=\"4933464799\" \/>\n<meta property=\"product:condition\" content=\"new\" \/>\n<!-- \/ Yoast SEO Premium plugin. -->","yoast_head_json":{"title":"MILWAUKEE M18 FBJS-0X FUEL\u2122 SZ\u00daR\u00d3F\u0170R\u00c9SZ\/DEKOP\u00cdRF\u0170R\u00c9SZ HD KOFFERBEN (4933464799) - Eurosmart - Milwaukee web\u00e1ruh\u00e1z","robots":{"index":"index","follow":"follow","max-snippet":"max-snippet:-1","max-image-preview":"max-image-preview:large","max-video-preview":"max-video-preview:-1"},"canonical":"https:\/\/www.eurosmart.hu\/shop\/index.php\/termek\/milwaukee-m18-fbjs-0x-fuel-szurofuresz-dekopirfuresz-4933464799\/","og_locale":"hu_HU","og_type":"article","og_title":"MILWAUKEE M18 FBJS-0X FUEL\u2122 SZ\u00daR\u00d3F\u0170R\u00c9SZ\/DEKOP\u00cdRF\u0170R\u00c9SZ HD KOFFERBEN (4933464799)","og_description":"A k\u00e9szlet tartalma:   1 db M18 FBJS sz\u00far\u00f3f\u0171r\u00e9sz (akkumul\u00e1tor \u00e9s t\u00f6lt\u0151 n\u00e9lk\u00fcl sz\u00e1ll\u00edtva!)  1 db Heavy Duty koffer  1 db f\u0171r\u00e9szlap, porelsz\u00edv\u00f3 adapter, porv\u00e9d\u0151, vezet\u0151s\u00edn \u00e9s alaplap","og_url":"https:\/\/www.eurosmart.hu\/shop\/index.php\/termek\/milwaukee-m18-fbjs-0x-fuel-szurofuresz-dekopirfuresz-4933464799\/","og_site_name":"Eurosmart - Milwaukee web\u00e1ruh\u00e1z","article_publisher":"https:\/\/www.facebook.com\/EurosmartKft","article_modified_time":"2024-01-08T08:43:51+00:00","og_image":[{"width":600,"height":600,"url":"https:\/\/www.eurosmart.hu\/shop\/wp-content\/uploads\/2023\/09\/4933464799.jpg","type":"image\/jpeg"}],"twitter_card":"summary_large_image","twitter_misc":{"Price":"","Availability":"In stock"},"schema":{"@context":"https:\/\/schema.org","@graph":[{"@type":"WebPage","@id":"https:\/\/www.eurosmart.hu\/shop\/index.php\/termek\/milwaukee-m18-fbjs-0x-fuel-szurofuresz-dekopirfuresz-4933464799\/","url":"https:\/\/www.eurosmart.hu\/shop\/index.php\/termek\/milwaukee-m18-fbjs-0x-fuel-szurofuresz-dekopirfuresz-4933464799\/","name":"MILWAUKEE M18 FBJS-0X FUEL\u2122 SZ\u00daR\u00d3F\u0170R\u00c9SZ\/DEKOP\u00cdRF\u0170R\u00c9SZ HD KOFFERBEN (4933464799) - Eurosmart - Milwaukee web\u00e1ruh\u00e1z","isPartOf":{"@id":"https:\/\/www.eurosmart.hu\/shop\/#website"},"datePublished":"2023-09-18T13:41:15+00:00","dateModified":"2024-01-08T08:43:51+00:00","breadcrumb":{"@id":"https:\/\/www.eurosmart.hu\/shop\/index.php\/termek\/milwaukee-m18-fbjs-0x-fuel-szurofuresz-dekopirfuresz-4933464799\/#breadcrumb"},"inLanguage":"hu","potentialAction":[{"@type":"ReadAction","target":["https:\/\/www.eurosmart.hu\/shop\/index.php\/termek\/milwaukee-m18-fbjs-0x-fuel-szurofuresz-dekopirfuresz-4933464799\/"]}]},{"@type":"BreadcrumbList","@id":"https:\/\/www.eurosmart.hu\/shop\/index.php\/termek\/milwaukee-m18-fbjs-0x-fuel-szurofuresz-dekopirfuresz-4933464799\/#breadcrumb","itemListElement":[{"@type":"ListItem","position":1,"name":"Kezd\u0151lap","item":"https:\/\/www.eurosmart.hu\/shop\/"},{"@type":"ListItem","position":2,"name":"Term\u00e9keink","item":"https:\/\/www.eurosmart.hu\/shop\/index.php\/uzlet\/"},{"@type":"ListItem","position":3,"name":"MILWAUKEE M18 FBJS-0X FUEL\u2122 SZ\u00daR\u00d3F\u0170R\u00c9SZ\/DEKOP\u00cdRF\u0170R\u00c9SZ HD KOFFERBEN (4933464799)"}]},{"@type":"WebSite","@id":"https:\/\/www.eurosmart.hu\/shop\/#website","url":"https:\/\/www.eurosmart.hu\/shop\/","name":"Eurosmart - Milwaukee web\u00e1ruh\u00e1z","description":"Milwaukee web\u00e1ruh\u00e1z","publisher":{"@id":"https:\/\/www.eurosmart.hu\/shop\/#organization"},"potentialAction":[{"@type":"SearchAction","target":{"@type":"EntryPoint","urlTemplate":"https:\/\/www.eurosmart.hu\/shop\/?s={search_term_string}"},"query-input":"required name=search_term_string"}],"inLanguage":"hu"},{"@type":"Organization","@id":"https:\/\/www.eurosmart.hu\/shop\/#organization","name":"Eurosmart - Milwaukee web\u00e1ruh\u00e1z","url":"https:\/\/www.eurosmart.hu\/shop\/","logo":{"@type":"ImageObject","inLanguage":"hu","@id":"https:\/\/www.eurosmart.hu\/shop\/#\/schema\/logo\/image\/","url":"https:\/\/www.eurosmart.hu\/shop\/wp-content\/uploads\/2023\/10\/milwaukee-logo-1.png","contentUrl":"https:\/\/www.eurosmart.hu\/shop\/wp-content\/uploads\/2023\/10\/milwaukee-logo-1.png","width":500,"height":200,"caption":"Eurosmart - Milwaukee web\u00e1ruh\u00e1z"},"image":{"@id":"https:\/\/www.eurosmart.hu\/shop\/#\/schema\/logo\/image\/"},"sameAs":["https:\/\/www.facebook.com\/EurosmartKft"]}]},"product_price_currency":"HUF","og_availability":"instock","product_availability":"instock","product_retailer_item_id":"4933464799","product_condition":"new"},"_links":{"self":[{"href":"https:\/\/www.eurosmart.hu\/shop\/index.php\/wp-json\/wp\/v2\/product\/2173","targetHints":{"allow":["GET"]}}],"collection":[{"href":"https:\/\/www.eurosmart.hu\/shop\/index.php\/wp-json\/wp\/v2\/product"}],"about":[{"href":"https:\/\/www.eurosmart.hu\/shop\/index.php\/wp-json\/wp\/v2\/types\/product"}],"wp:featuredmedia":[{"embeddable":true,"href":"https:\/\/www.eurosmart.hu\/shop\/index.php\/wp-json\/wp\/v2\/media\/3117"}],"wp:attachment":[{"href":"https:\/\/www.eurosmart.hu\/shop\/index.php\/wp-json\/wp\/v2\/media?parent=2173"}],"wp:term":[{"taxonomy":"product_cat","embeddable":true,"href":"https:\/\/www.eurosmart.hu\/shop\/index.php\/wp-json\/wp\/v2\/product_cat?post=2173"},{"taxonomy":"product_tag","embeddable":true,"href":"https:\/\/www.eurosmart.hu\/shop\/index.php\/wp-json\/wp\/v2\/product_tag?post=2173"}],"curies":[{"name":"wp","href":"https:\/\/api.w.org\/{rel}","templated":true}]}}