{"id":2166,"date":"2023-09-18T13:17:55","date_gmt":"2023-09-18T13:17:55","guid":{"rendered":"https:\/\/www.eurosmart.hu\/shop\/?post_type=product&#038;p=2166"},"modified":"2024-01-04T15:10:42","modified_gmt":"2024-01-04T15:10:42","slug":"milwaukee-m18-ccs55-0-fuel-korfuresz-fahoz-es-muanyaghoz-55-mm-es-vagasi-melyseggel-4933446223","status":"publish","type":"product","link":"https:\/\/www.eurosmart.hu\/shop\/index.php\/termek\/milwaukee-m18-ccs55-0-fuel-korfuresz-fahoz-es-muanyaghoz-55-mm-es-vagasi-melyseggel-4933446223\/","title":{"rendered":"MILWAUKEE M18 CCS55-0 FUEL\u2122 K\u00d6RF\u0170R\u00c9SZ F\u00c1HOZ \u00c9S M\u0170ANYAGHOZ 55 MM-ES V\u00c1G\u00c1SI M\u00c9LYS\u00c9GGEL (4933446223)"},"content":{"rendered":"<h5>Tulajdons\u00e1gok:<\/h5>\n<ul class=\"ProductFeaturesTextstyles__FeatureList-fxqvf2-1 dUrrwH\">\n<li class=\"ProductFeaturesTextstyles__Feature-fxqvf2-3 ggyeUS\">Sz\u00e9nkefe n\u00e9lk\u00fcli POWERSTATE\u2122 motor: ak\u00e1r 3x hosszabb \u00e9lettartam \u00e9s ak\u00e1r 2x t\u00f6bb v\u00e1g\u00e1s t\u00f6lt\u00e9senk\u00e9nt<\/li>\n<li class=\"ProductFeaturesTextstyles__Feature-fxqvf2-3 ggyeUS\">Magn\u00e9zium fels\u0151 \u00e9s als\u00f3 v\u00e9d\u0151burkolat, oszt\u00e1ly\u00e1ban legkiv\u00e1l\u00f3bb \u00fct\u00e9s\u00e1ll\u00f3s\u00e1g<\/li>\n<li class=\"ProductFeaturesTextstyles__Feature-fxqvf2-3 ggyeUS\">A be\u00e9p\u00edtett porelvezet\u0151 tiszt\u00e1n tartja a v\u00e1g\u00e1s vonal\u00e1t<\/li>\n<li class=\"ProductFeaturesTextstyles__Feature-fxqvf2-3 ggyeUS\">50\u00b0 ferdev\u00e1g\u00e1s tartom\u00e1ny<\/li>\n<li class=\"ProductFeaturesTextstyles__Feature-fxqvf2-3 ggyeUS\">Magn\u00e9zium alaplap<\/li>\n<li class=\"ProductFeaturesTextstyles__Feature-fxqvf2-3 ggyeUS\">Praktikus akaszt\u00f3, a g\u00e9p biztons\u00e1gos t\u00e1rol\u00e1s\u00e1\u00e9rt<\/li>\n<li class=\"ProductFeaturesTextstyles__Feature-fxqvf2-3 ggyeUS\">Be\u00e9p\u00edtett t\u00f6lt\u00e9sszintjelz\u0151 \u00e9s LED f\u00e9ny<\/li>\n<li class=\"ProductFeaturesTextstyles__Feature-fxqvf2-3 ggyeUS\">Egyedi cellafigyel\u0151 rendszer<\/li>\n<li class=\"ProductFeaturesTextstyles__Feature-fxqvf2-3 ggyeUS\">FUEL\u2122 platformunk DNS-e \u00fajradefini\u00e1lja a vezet\u00e9k n\u00e9lk\u00fcli technol\u00f3gia egyens\u00faly\u00e1t. A MILWAUKEE\u00ae POWERSTATE\u2122 sz\u00e9nkefe n\u00e9lk\u00fcli motor, REDLITHIUM\u2122 akkumul\u00e1tor \u00e9s REDLINK PLUS\u2122 intelligens elektronika p\u00e1ratlan teljes\u00edtm\u00e9nyt, \u00fczemid\u0151t \u00e9s tart\u00f3ss\u00e1got biztos\u00edt.<\/li>\n<li class=\"ProductFeaturesTextstyles__Feature-fxqvf2-3 ggyeUS\">Rugalmas akkumul\u00e1tor rendszerrel &#8211; MILWAUKEE\u00ae\u00a0<a href=\"https:\/\/hu.milwaukeetool.eu\/systems\/m18\/\">M18\u2122<\/a>\u00a0akkumul\u00e1torokkal m\u0171k\u00f6dik<\/li>\n<\/ul>\n<h5>M\u0171szaki adatok:<\/h5>\n<ul>\n<li class=\"ProductSpecificationsstyles__Row-sc-1lyanq9-9 uhslJ\"><span class=\"ProductSpecificationsstyles__RowTitle-sc-1lyanq9-10 cRNhzO\">T\u00cdPUS: AKKUMUL\u00c1TOROS, LI-ION 18V<\/span><\/li>\n<li class=\"ProductSpecificationsstyles__Row-sc-1lyanq9-9 uhslJ\"><span class=\"ProductSpecificationsstyles__RowTitle-sc-1lyanq9-10 cRNhzO\">\u00dcRESJ\u00c1RATI FORDULATSZ\u00c1M (FORD\/PERC): <\/span><span class=\"ProductSpecificationsstyles__RowValue-sc-1lyanq9-11 iSSznz\">5000<\/span><\/li>\n<li class=\"ProductSpecificationsstyles__Row-sc-1lyanq9-9 uhslJ\"><span class=\"ProductSpecificationsstyles__RowTitle-sc-1lyanq9-10 cRNhzO\">BEFOG\u00d3T\u00dcSKE M\u00c9RETE (MM): <\/span><span class=\"ProductSpecificationsstyles__RowValue-sc-1lyanq9-11 iSSznz\">15.87<\/span><\/li>\n<li class=\"ProductSpecificationsstyles__Row-sc-1lyanq9-9 uhslJ\"><span class=\"ProductSpecificationsstyles__RowTitle-sc-1lyanq9-10 cRNhzO\">F\u0170R\u00c9SZLAP \u00c1TM\u00c9R\u0150 (MM): <\/span><span class=\"ProductSpecificationsstyles__RowValue-sc-1lyanq9-11 iSSznz\">165<\/span><\/li>\n<li class=\"ProductSpecificationsstyles__Row-sc-1lyanq9-9 uhslJ\"><span class=\"ProductSpecificationsstyles__RowTitle-sc-1lyanq9-10 cRNhzO\">MAX. V\u00c1G\u00c1SI M\u00c9LYS\u00c9G 45\u00b0 (MM): <\/span><span class=\"ProductSpecificationsstyles__RowValue-sc-1lyanq9-11 iSSznz\">41<\/span><\/li>\n<li class=\"ProductSpecificationsstyles__Row-sc-1lyanq9-9 uhslJ\"><span class=\"ProductSpecificationsstyles__RowTitle-sc-1lyanq9-10 cRNhzO\">MAX. V\u00c1G\u00c1SI M\u00c9LYS\u00c9G 90\u00b0 (MM): <\/span><span class=\"ProductSpecificationsstyles__RowValue-sc-1lyanq9-11 iSSznz\">55<\/span><\/li>\n<li>S\u00daLY AKKUMUL\u00c1TORRAL (KG): 3.2<\/li>\n<\/ul>\n","protected":false},"excerpt":{"rendered":"<p><strong>A k\u00e9szlet tartalma:<\/strong><\/p>\n<ul>\n<li>1 db M18 CCS55 k\u00f6rf\u0171r\u00e9sz <em>(akkumul\u00e1tor, t\u00f6lt\u0151 \u00e9s koffer n\u00e9lk\u00fcl sz\u00e1ll\u00edtva!)<\/em><\/li>\n<li>k\u00f6rf\u0171r\u00e9szlap, p\u00e1rhuzamvezet\u0151<\/li>\n<\/ul>\n","protected":false},"featured_media":3114,"template":"","meta":[],"product_cat":[165,169,230,59,228,89],"product_tag":[],"class_list":["post-2166","product","type-product","status-publish","has-post-thumbnail","hentry","product_cat-akkumulatoros-gepek","product_cat-akkus-fureszeles-es-vagas","product_cat-m18-rendszer","product_cat-milwaukee","product_cat-rendszer","product_cat-termekek"],"yoast_head":"<!-- This site is optimized with the Yoast SEO Premium plugin v21.3 (Yoast SEO v21.3) - https:\/\/yoast.com\/wordpress\/plugins\/seo\/ -->\n<title>MILWAUKEE M18 CCS55-0 FUEL\u2122 K\u00d6RF\u0170R\u00c9SZ F\u00c1HOZ \u00c9S M\u0170ANYAGHOZ 55 MM-ES V\u00c1G\u00c1SI M\u00c9LYS\u00c9GGEL (4933446223) - Eurosmart - Milwaukee web\u00e1ruh\u00e1z<\/title>\n<meta name=\"robots\" content=\"index, follow, max-snippet:-1, max-image-preview:large, max-video-preview:-1\" \/>\n<link rel=\"canonical\" href=\"https:\/\/www.eurosmart.hu\/shop\/index.php\/termek\/milwaukee-m18-ccs55-0-fuel-korfuresz-fahoz-es-muanyaghoz-55-mm-es-vagasi-melyseggel-4933446223\/\" \/>\n<meta property=\"og:locale\" content=\"hu_HU\" \/>\n<meta property=\"og:type\" content=\"article\" \/>\n<meta property=\"og:title\" content=\"MILWAUKEE M18 CCS55-0 FUEL\u2122 K\u00d6RF\u0170R\u00c9SZ F\u00c1HOZ \u00c9S M\u0170ANYAGHOZ 55 MM-ES V\u00c1G\u00c1SI M\u00c9LYS\u00c9GGEL (4933446223)\" \/>\n<meta property=\"og:description\" content=\"A k\u00e9szlet tartalma:   1 db M18 CCS55 k\u00f6rf\u0171r\u00e9sz (akkumul\u00e1tor, t\u00f6lt\u0151 \u00e9s koffer n\u00e9lk\u00fcl sz\u00e1ll\u00edtva!)  k\u00f6rf\u0171r\u00e9szlap, p\u00e1rhuzamvezet\u0151\" \/>\n<meta property=\"og:url\" content=\"https:\/\/www.eurosmart.hu\/shop\/index.php\/termek\/milwaukee-m18-ccs55-0-fuel-korfuresz-fahoz-es-muanyaghoz-55-mm-es-vagasi-melyseggel-4933446223\/\" \/>\n<meta property=\"og:site_name\" content=\"Eurosmart - Milwaukee web\u00e1ruh\u00e1z\" \/>\n<meta property=\"article:publisher\" content=\"https:\/\/www.facebook.com\/EurosmartKft\" \/>\n<meta property=\"article:modified_time\" content=\"2024-01-04T15:10:42+00:00\" \/>\n<meta property=\"og:image\" content=\"https:\/\/www.eurosmart.hu\/shop\/wp-content\/uploads\/2023\/09\/4933446223.jpg\" \/>\n\t<meta property=\"og:image:width\" content=\"600\" \/>\n\t<meta property=\"og:image:height\" content=\"600\" \/>\n\t<meta property=\"og:image:type\" content=\"image\/jpeg\" \/>\n<meta name=\"twitter:card\" content=\"summary_large_image\" \/>\n<meta name=\"twitter:label1\" content=\"Price\" \/>\n\t<meta name=\"twitter:data1\" content=\"\" \/>\n\t<meta name=\"twitter:label2\" content=\"Availability\" \/>\n\t<meta name=\"twitter:data2\" content=\"In stock\" \/>\n<script type=\"application\/ld+json\" class=\"yoast-schema-graph\">{\"@context\":\"https:\/\/schema.org\",\"@graph\":[{\"@type\":\"WebPage\",\"@id\":\"https:\/\/www.eurosmart.hu\/shop\/index.php\/termek\/milwaukee-m18-ccs55-0-fuel-korfuresz-fahoz-es-muanyaghoz-55-mm-es-vagasi-melyseggel-4933446223\/\",\"url\":\"https:\/\/www.eurosmart.hu\/shop\/index.php\/termek\/milwaukee-m18-ccs55-0-fuel-korfuresz-fahoz-es-muanyaghoz-55-mm-es-vagasi-melyseggel-4933446223\/\",\"name\":\"MILWAUKEE M18 CCS55-0 FUEL\u2122 K\u00d6RF\u0170R\u00c9SZ F\u00c1HOZ \u00c9S M\u0170ANYAGHOZ 55 MM-ES V\u00c1G\u00c1SI M\u00c9LYS\u00c9GGEL (4933446223) - Eurosmart - Milwaukee web\u00e1ruh\u00e1z\",\"isPartOf\":{\"@id\":\"https:\/\/www.eurosmart.hu\/shop\/#website\"},\"datePublished\":\"2023-09-18T13:17:55+00:00\",\"dateModified\":\"2024-01-04T15:10:42+00:00\",\"breadcrumb\":{\"@id\":\"https:\/\/www.eurosmart.hu\/shop\/index.php\/termek\/milwaukee-m18-ccs55-0-fuel-korfuresz-fahoz-es-muanyaghoz-55-mm-es-vagasi-melyseggel-4933446223\/#breadcrumb\"},\"inLanguage\":\"hu\",\"potentialAction\":[{\"@type\":\"ReadAction\",\"target\":[\"https:\/\/www.eurosmart.hu\/shop\/index.php\/termek\/milwaukee-m18-ccs55-0-fuel-korfuresz-fahoz-es-muanyaghoz-55-mm-es-vagasi-melyseggel-4933446223\/\"]}]},{\"@type\":\"BreadcrumbList\",\"@id\":\"https:\/\/www.eurosmart.hu\/shop\/index.php\/termek\/milwaukee-m18-ccs55-0-fuel-korfuresz-fahoz-es-muanyaghoz-55-mm-es-vagasi-melyseggel-4933446223\/#breadcrumb\",\"itemListElement\":[{\"@type\":\"ListItem\",\"position\":1,\"name\":\"Kezd\u0151lap\",\"item\":\"https:\/\/www.eurosmart.hu\/shop\/\"},{\"@type\":\"ListItem\",\"position\":2,\"name\":\"Term\u00e9keink\",\"item\":\"https:\/\/www.eurosmart.hu\/shop\/index.php\/uzlet\/\"},{\"@type\":\"ListItem\",\"position\":3,\"name\":\"MILWAUKEE M18 CCS55-0 FUEL\u2122 K\u00d6RF\u0170R\u00c9SZ F\u00c1HOZ \u00c9S M\u0170ANYAGHOZ 55 MM-ES V\u00c1G\u00c1SI M\u00c9LYS\u00c9GGEL (4933446223)\"}]},{\"@type\":\"WebSite\",\"@id\":\"https:\/\/www.eurosmart.hu\/shop\/#website\",\"url\":\"https:\/\/www.eurosmart.hu\/shop\/\",\"name\":\"Eurosmart - Milwaukee web\u00e1ruh\u00e1z\",\"description\":\"Milwaukee web\u00e1ruh\u00e1z\",\"publisher\":{\"@id\":\"https:\/\/www.eurosmart.hu\/shop\/#organization\"},\"potentialAction\":[{\"@type\":\"SearchAction\",\"target\":{\"@type\":\"EntryPoint\",\"urlTemplate\":\"https:\/\/www.eurosmart.hu\/shop\/?s={search_term_string}\"},\"query-input\":\"required name=search_term_string\"}],\"inLanguage\":\"hu\"},{\"@type\":\"Organization\",\"@id\":\"https:\/\/www.eurosmart.hu\/shop\/#organization\",\"name\":\"Eurosmart - Milwaukee web\u00e1ruh\u00e1z\",\"url\":\"https:\/\/www.eurosmart.hu\/shop\/\",\"logo\":{\"@type\":\"ImageObject\",\"inLanguage\":\"hu\",\"@id\":\"https:\/\/www.eurosmart.hu\/shop\/#\/schema\/logo\/image\/\",\"url\":\"https:\/\/www.eurosmart.hu\/shop\/wp-content\/uploads\/2023\/10\/milwaukee-logo-1.png\",\"contentUrl\":\"https:\/\/www.eurosmart.hu\/shop\/wp-content\/uploads\/2023\/10\/milwaukee-logo-1.png\",\"width\":500,\"height\":200,\"caption\":\"Eurosmart - Milwaukee web\u00e1ruh\u00e1z\"},\"image\":{\"@id\":\"https:\/\/www.eurosmart.hu\/shop\/#\/schema\/logo\/image\/\"},\"sameAs\":[\"https:\/\/www.facebook.com\/EurosmartKft\"]}]}<\/script>\n<meta property=\"product:price:amount\" content=\"0\" \/>\n<meta property=\"product:price:currency\" content=\"HUF\" \/>\n<meta property=\"og:availability\" content=\"instock\" \/>\n<meta property=\"product:availability\" content=\"instock\" \/>\n<meta property=\"product:retailer_item_id\" content=\"4933446223\" \/>\n<meta property=\"product:condition\" content=\"new\" \/>\n<!-- \/ Yoast SEO Premium plugin. -->","yoast_head_json":{"title":"MILWAUKEE M18 CCS55-0 FUEL\u2122 K\u00d6RF\u0170R\u00c9SZ F\u00c1HOZ \u00c9S M\u0170ANYAGHOZ 55 MM-ES V\u00c1G\u00c1SI M\u00c9LYS\u00c9GGEL (4933446223) - Eurosmart - Milwaukee web\u00e1ruh\u00e1z","robots":{"index":"index","follow":"follow","max-snippet":"max-snippet:-1","max-image-preview":"max-image-preview:large","max-video-preview":"max-video-preview:-1"},"canonical":"https:\/\/www.eurosmart.hu\/shop\/index.php\/termek\/milwaukee-m18-ccs55-0-fuel-korfuresz-fahoz-es-muanyaghoz-55-mm-es-vagasi-melyseggel-4933446223\/","og_locale":"hu_HU","og_type":"article","og_title":"MILWAUKEE M18 CCS55-0 FUEL\u2122 K\u00d6RF\u0170R\u00c9SZ F\u00c1HOZ \u00c9S M\u0170ANYAGHOZ 55 MM-ES V\u00c1G\u00c1SI M\u00c9LYS\u00c9GGEL (4933446223)","og_description":"A k\u00e9szlet tartalma:   1 db M18 CCS55 k\u00f6rf\u0171r\u00e9sz (akkumul\u00e1tor, t\u00f6lt\u0151 \u00e9s koffer n\u00e9lk\u00fcl sz\u00e1ll\u00edtva!)  k\u00f6rf\u0171r\u00e9szlap, p\u00e1rhuzamvezet\u0151","og_url":"https:\/\/www.eurosmart.hu\/shop\/index.php\/termek\/milwaukee-m18-ccs55-0-fuel-korfuresz-fahoz-es-muanyaghoz-55-mm-es-vagasi-melyseggel-4933446223\/","og_site_name":"Eurosmart - Milwaukee web\u00e1ruh\u00e1z","article_publisher":"https:\/\/www.facebook.com\/EurosmartKft","article_modified_time":"2024-01-04T15:10:42+00:00","og_image":[{"width":600,"height":600,"url":"https:\/\/www.eurosmart.hu\/shop\/wp-content\/uploads\/2023\/09\/4933446223.jpg","type":"image\/jpeg"}],"twitter_card":"summary_large_image","twitter_misc":{"Price":"","Availability":"In stock"},"schema":{"@context":"https:\/\/schema.org","@graph":[{"@type":"WebPage","@id":"https:\/\/www.eurosmart.hu\/shop\/index.php\/termek\/milwaukee-m18-ccs55-0-fuel-korfuresz-fahoz-es-muanyaghoz-55-mm-es-vagasi-melyseggel-4933446223\/","url":"https:\/\/www.eurosmart.hu\/shop\/index.php\/termek\/milwaukee-m18-ccs55-0-fuel-korfuresz-fahoz-es-muanyaghoz-55-mm-es-vagasi-melyseggel-4933446223\/","name":"MILWAUKEE M18 CCS55-0 FUEL\u2122 K\u00d6RF\u0170R\u00c9SZ F\u00c1HOZ \u00c9S M\u0170ANYAGHOZ 55 MM-ES V\u00c1G\u00c1SI M\u00c9LYS\u00c9GGEL (4933446223) - Eurosmart - Milwaukee web\u00e1ruh\u00e1z","isPartOf":{"@id":"https:\/\/www.eurosmart.hu\/shop\/#website"},"datePublished":"2023-09-18T13:17:55+00:00","dateModified":"2024-01-04T15:10:42+00:00","breadcrumb":{"@id":"https:\/\/www.eurosmart.hu\/shop\/index.php\/termek\/milwaukee-m18-ccs55-0-fuel-korfuresz-fahoz-es-muanyaghoz-55-mm-es-vagasi-melyseggel-4933446223\/#breadcrumb"},"inLanguage":"hu","potentialAction":[{"@type":"ReadAction","target":["https:\/\/www.eurosmart.hu\/shop\/index.php\/termek\/milwaukee-m18-ccs55-0-fuel-korfuresz-fahoz-es-muanyaghoz-55-mm-es-vagasi-melyseggel-4933446223\/"]}]},{"@type":"BreadcrumbList","@id":"https:\/\/www.eurosmart.hu\/shop\/index.php\/termek\/milwaukee-m18-ccs55-0-fuel-korfuresz-fahoz-es-muanyaghoz-55-mm-es-vagasi-melyseggel-4933446223\/#breadcrumb","itemListElement":[{"@type":"ListItem","position":1,"name":"Kezd\u0151lap","item":"https:\/\/www.eurosmart.hu\/shop\/"},{"@type":"ListItem","position":2,"name":"Term\u00e9keink","item":"https:\/\/www.eurosmart.hu\/shop\/index.php\/uzlet\/"},{"@type":"ListItem","position":3,"name":"MILWAUKEE M18 CCS55-0 FUEL\u2122 K\u00d6RF\u0170R\u00c9SZ F\u00c1HOZ \u00c9S M\u0170ANYAGHOZ 55 MM-ES V\u00c1G\u00c1SI M\u00c9LYS\u00c9GGEL (4933446223)"}]},{"@type":"WebSite","@id":"https:\/\/www.eurosmart.hu\/shop\/#website","url":"https:\/\/www.eurosmart.hu\/shop\/","name":"Eurosmart - Milwaukee web\u00e1ruh\u00e1z","description":"Milwaukee web\u00e1ruh\u00e1z","publisher":{"@id":"https:\/\/www.eurosmart.hu\/shop\/#organization"},"potentialAction":[{"@type":"SearchAction","target":{"@type":"EntryPoint","urlTemplate":"https:\/\/www.eurosmart.hu\/shop\/?s={search_term_string}"},"query-input":"required name=search_term_string"}],"inLanguage":"hu"},{"@type":"Organization","@id":"https:\/\/www.eurosmart.hu\/shop\/#organization","name":"Eurosmart - Milwaukee web\u00e1ruh\u00e1z","url":"https:\/\/www.eurosmart.hu\/shop\/","logo":{"@type":"ImageObject","inLanguage":"hu","@id":"https:\/\/www.eurosmart.hu\/shop\/#\/schema\/logo\/image\/","url":"https:\/\/www.eurosmart.hu\/shop\/wp-content\/uploads\/2023\/10\/milwaukee-logo-1.png","contentUrl":"https:\/\/www.eurosmart.hu\/shop\/wp-content\/uploads\/2023\/10\/milwaukee-logo-1.png","width":500,"height":200,"caption":"Eurosmart - Milwaukee web\u00e1ruh\u00e1z"},"image":{"@id":"https:\/\/www.eurosmart.hu\/shop\/#\/schema\/logo\/image\/"},"sameAs":["https:\/\/www.facebook.com\/EurosmartKft"]}]},"product_price_currency":"HUF","og_availability":"instock","product_availability":"instock","product_retailer_item_id":"4933446223","product_condition":"new"},"_links":{"self":[{"href":"https:\/\/www.eurosmart.hu\/shop\/index.php\/wp-json\/wp\/v2\/product\/2166","targetHints":{"allow":["GET"]}}],"collection":[{"href":"https:\/\/www.eurosmart.hu\/shop\/index.php\/wp-json\/wp\/v2\/product"}],"about":[{"href":"https:\/\/www.eurosmart.hu\/shop\/index.php\/wp-json\/wp\/v2\/types\/product"}],"wp:featuredmedia":[{"embeddable":true,"href":"https:\/\/www.eurosmart.hu\/shop\/index.php\/wp-json\/wp\/v2\/media\/3114"}],"wp:attachment":[{"href":"https:\/\/www.eurosmart.hu\/shop\/index.php\/wp-json\/wp\/v2\/media?parent=2166"}],"wp:term":[{"taxonomy":"product_cat","embeddable":true,"href":"https:\/\/www.eurosmart.hu\/shop\/index.php\/wp-json\/wp\/v2\/product_cat?post=2166"},{"taxonomy":"product_tag","embeddable":true,"href":"https:\/\/www.eurosmart.hu\/shop\/index.php\/wp-json\/wp\/v2\/product_tag?post=2166"}],"curies":[{"name":"wp","href":"https:\/\/api.w.org\/{rel}","templated":true}]}}