{"id":2153,"date":"2023-09-18T12:30:52","date_gmt":"2023-09-18T12:30:52","guid":{"rendered":"https:\/\/www.eurosmart.hu\/shop\/?post_type=product&#038;p=2153"},"modified":"2023-12-11T12:15:11","modified_gmt":"2023-12-11T12:15:11","slug":"milwaukee-m18-bdd-0-kompakt-furocsavarozo-4933443530","status":"publish","type":"product","link":"https:\/\/www.eurosmart.hu\/shop\/index.php\/termek\/milwaukee-m18-bdd-0-kompakt-furocsavarozo-4933443530\/","title":{"rendered":"MILWAUKEE M18 BDD-0 KOMPAKT F\u00daR\u00d3CSAVAROZ\u00d3 (4933443530)"},"content":{"rendered":"<h5>Tulajdons\u00e1gok:<\/h5>\n<ul class=\"ProductFeaturesTextstyles__FeatureList-fxqvf2-1 dUrrwH\">\n<li class=\"ProductFeaturesTextstyles__Feature-fxqvf2-3 ggyeUS\">Kompakt f\u00far\u00f3csavaroz\u00f3, csup\u00e1n 185 mm hossz\u00fa, kiv\u00e1l\u00f3 a sz\u0171k helyeken v\u00e9gzett feladatokhoz<\/li>\n<li class=\"ProductFeaturesTextstyles__Feature-fxqvf2-3 ggyeUS\">Nagy teljes\u00edtm\u00e9ny\u0171, 4 p\u00f3lus\u00fa motor maxim\u00e1lis er\u0151t biztos\u00edt, optimaliz\u00e1lva az er\u0151-s\u00faly ar\u00e1nyt<\/li>\n<li class=\"ProductFeaturesTextstyles__Feature-fxqvf2-3 ggyeUS\">REDLINK\u2122 t\u00falterhel\u00e9s v\u00e9delmi elektronika a g\u00e9pben \u00e9s az akkumul\u00e1torban, kateg\u00f3ri\u00e1j\u00e1ban a legjobb tart\u00f3ss\u00e1got biztos\u00edtja<\/li>\n<li class=\"ProductFeaturesTextstyles__Feature-fxqvf2-3 ggyeUS\">Teljesen f\u00e9m hajt\u00f3m\u0171h\u00e1z<\/li>\n<li class=\"ProductFeaturesTextstyles__Feature-fxqvf2-3 ggyeUS\">13 mm f\u00e9m kulcsn\u00e9lk\u00fcli tokm\u00e1ny<\/li>\n<li class=\"ProductFeaturesTextstyles__Feature-fxqvf2-3 ggyeUS\">17 fokozat\u00fa nyomat\u00e9k szab\u00e1lyoz\u00e1s, plusz f\u00far\u00e1si fokozat a maxim\u00e1lis rugalmass\u00e1g\u00e9rt<\/li>\n<li class=\"ProductFeaturesTextstyles__Feature-fxqvf2-3 ggyeUS\">Egyedi cellafigyel\u0151 rendszer optimaliz\u00e1lja a m\u0171k\u00f6d\u00e9si id\u0151t \u00e9s biztos\u00edtja az akkumul\u00e1tor hossz\u00fa \u00e9lettartam\u00e1t<\/li>\n<li class=\"ProductFeaturesTextstyles__Feature-fxqvf2-3 ggyeUS\">T\u00f6lt\u00e9sszintjelz\u0151 kimutatja az akkumul\u00e1tor t\u00f6lt\u00f6tts\u00e9gi szintj\u00e9t<\/li>\n<li class=\"ProductFeaturesTextstyles__Feature-fxqvf2-3 ggyeUS\">LED f\u00e9ny a munkater\u00fclet megvil\u00e1g\u00edt\u00e1s\u00e1hoz<\/li>\n<li class=\"ProductFeaturesTextstyles__Feature-fxqvf2-3 ggyeUS\">A REDLITHIUM\u2122 akkumul\u00e1tor kit\u0171n\u0151 min\u0151s\u00e9g\u0171 konstrukci\u00f3t \u00e9s elektronik\u00e1t k\u00edn\u00e1l, valamint lemer\u00fcl\u00e9s-biztos, \u00edgy hosszabb m\u0171k\u00f6d\u00e9si id\u0151t \u00e9s hosszabb ideig tart\u00f3 munkav\u00e9gz\u00e9st biztos\u00edt az akkumul\u00e1tor \u00e9lettartama alatt<\/li>\n<li class=\"ProductFeaturesTextstyles__Feature-fxqvf2-3 ggyeUS\">Rugalmas akkumul\u00e1tor rendszerrel &#8211; MILWAUKEE\u00ae\u00a0<a href=\"https:\/\/hu.milwaukeetool.eu\/systems\/m18\/\">M18\u2122<\/a>\u00a0akkumul\u00e1torokkal m\u0171k\u00f6dik<\/li>\n<\/ul>\n<h5>M\u0171szaki adatok:<\/h5>\n<ul>\n<li>T\u00edpus: Akkumul\u00e1toros, Li-ion, 18V<\/li>\n<li>\u00dcresj\u00e1rati ford.sz. 1\/2 seb. fokozat (ford\/perc): 0-450 \/ 0-1800<\/li>\n<li>Facsavarok (mm): 7<\/li>\n<li>Forgat\u00f3nyomat\u00e9k (Nm): 50<\/li>\n<li>F\u00far\u00e1steljes\u00edtm\u00e9ny f\u00e1ba (mm): 38<\/li>\n<li>F\u00far\u00e1steljes\u00edtm\u00e9ny f\u00e9mbe (mm): 13<\/li>\n<li>Tokm\u00e1ny m\u00e9rete (mm): 13<\/li>\n<li>S\u00faly akkumul\u00e1torral (kg): 2,0<\/li>\n<\/ul>\n","protected":false},"excerpt":{"rendered":"<p><strong>A k\u00e9szlet tartalma:<\/strong><\/p>\n<ul>\n<li>1 db M18 BDD f\u00far\u00f3csavaroz\u00f3 <em>(akkumul\u00e1tor, t\u00f6lt\u0151 \u00e9s koffer n\u00e9lk\u00fcl sz\u00e1ll\u00edtva!)<\/em><\/li>\n<li>bit tart\u00f3, \u00f6vcsipesz, bit<\/li>\n<\/ul>\n","protected":false},"featured_media":3107,"template":"","meta":[],"product_cat":[167,165,230,59,228,89],"product_tag":[],"class_list":["post-2153","product","type-product","status-publish","has-post-thumbnail","hentry","product_cat-akkumulatoros-furas-veses-es-rogzites","product_cat-akkumulatoros-gepek","product_cat-m18-rendszer","product_cat-milwaukee","product_cat-rendszer","product_cat-termekek"],"yoast_head":"<!-- This site is optimized with the Yoast SEO Premium plugin v21.3 (Yoast SEO v21.3) - https:\/\/yoast.com\/wordpress\/plugins\/seo\/ -->\n<title>MILWAUKEE M18 BDD-0 KOMPAKT F\u00daR\u00d3CSAVAROZ\u00d3 (4933443530) - Eurosmart - Milwaukee web\u00e1ruh\u00e1z<\/title>\n<meta name=\"robots\" content=\"index, follow, max-snippet:-1, max-image-preview:large, max-video-preview:-1\" \/>\n<link rel=\"canonical\" href=\"https:\/\/www.eurosmart.hu\/shop\/index.php\/termek\/milwaukee-m18-bdd-0-kompakt-furocsavarozo-4933443530\/\" \/>\n<meta property=\"og:locale\" content=\"hu_HU\" \/>\n<meta property=\"og:type\" content=\"article\" \/>\n<meta property=\"og:title\" content=\"MILWAUKEE M18 BDD-0 KOMPAKT F\u00daR\u00d3CSAVAROZ\u00d3 (4933443530)\" \/>\n<meta property=\"og:description\" content=\"A k\u00e9szlet tartalma:   1 db M18 BDD f\u00far\u00f3csavaroz\u00f3 (akkumul\u00e1tor, t\u00f6lt\u0151 \u00e9s koffer n\u00e9lk\u00fcl sz\u00e1ll\u00edtva!)  bit tart\u00f3, \u00f6vcsipesz, bit\" \/>\n<meta property=\"og:url\" content=\"https:\/\/www.eurosmart.hu\/shop\/index.php\/termek\/milwaukee-m18-bdd-0-kompakt-furocsavarozo-4933443530\/\" \/>\n<meta property=\"og:site_name\" content=\"Eurosmart - Milwaukee web\u00e1ruh\u00e1z\" \/>\n<meta property=\"article:publisher\" content=\"https:\/\/www.facebook.com\/EurosmartKft\" \/>\n<meta property=\"article:modified_time\" content=\"2023-12-11T12:15:11+00:00\" \/>\n<meta property=\"og:image\" content=\"https:\/\/www.eurosmart.hu\/shop\/wp-content\/uploads\/2023\/09\/4933443530.jpg\" \/>\n\t<meta property=\"og:image:width\" content=\"600\" \/>\n\t<meta property=\"og:image:height\" content=\"600\" \/>\n\t<meta property=\"og:image:type\" content=\"image\/jpeg\" \/>\n<meta name=\"twitter:card\" content=\"summary_large_image\" \/>\n<meta name=\"twitter:label1\" content=\"Price\" \/>\n\t<meta name=\"twitter:data1\" content=\"\" \/>\n\t<meta name=\"twitter:label2\" content=\"Availability\" \/>\n\t<meta name=\"twitter:data2\" content=\"In stock\" \/>\n<script type=\"application\/ld+json\" class=\"yoast-schema-graph\">{\"@context\":\"https:\/\/schema.org\",\"@graph\":[{\"@type\":\"WebPage\",\"@id\":\"https:\/\/www.eurosmart.hu\/shop\/index.php\/termek\/milwaukee-m18-bdd-0-kompakt-furocsavarozo-4933443530\/\",\"url\":\"https:\/\/www.eurosmart.hu\/shop\/index.php\/termek\/milwaukee-m18-bdd-0-kompakt-furocsavarozo-4933443530\/\",\"name\":\"MILWAUKEE M18 BDD-0 KOMPAKT F\u00daR\u00d3CSAVAROZ\u00d3 (4933443530) - Eurosmart - Milwaukee web\u00e1ruh\u00e1z\",\"isPartOf\":{\"@id\":\"https:\/\/www.eurosmart.hu\/shop\/#website\"},\"datePublished\":\"2023-09-18T12:30:52+00:00\",\"dateModified\":\"2023-12-11T12:15:11+00:00\",\"breadcrumb\":{\"@id\":\"https:\/\/www.eurosmart.hu\/shop\/index.php\/termek\/milwaukee-m18-bdd-0-kompakt-furocsavarozo-4933443530\/#breadcrumb\"},\"inLanguage\":\"hu\",\"potentialAction\":[{\"@type\":\"ReadAction\",\"target\":[\"https:\/\/www.eurosmart.hu\/shop\/index.php\/termek\/milwaukee-m18-bdd-0-kompakt-furocsavarozo-4933443530\/\"]}]},{\"@type\":\"BreadcrumbList\",\"@id\":\"https:\/\/www.eurosmart.hu\/shop\/index.php\/termek\/milwaukee-m18-bdd-0-kompakt-furocsavarozo-4933443530\/#breadcrumb\",\"itemListElement\":[{\"@type\":\"ListItem\",\"position\":1,\"name\":\"Kezd\u0151lap\",\"item\":\"https:\/\/www.eurosmart.hu\/shop\/\"},{\"@type\":\"ListItem\",\"position\":2,\"name\":\"Term\u00e9keink\",\"item\":\"https:\/\/www.eurosmart.hu\/shop\/index.php\/uzlet\/\"},{\"@type\":\"ListItem\",\"position\":3,\"name\":\"MILWAUKEE M18 BDD-0 KOMPAKT F\u00daR\u00d3CSAVAROZ\u00d3 (4933443530)\"}]},{\"@type\":\"WebSite\",\"@id\":\"https:\/\/www.eurosmart.hu\/shop\/#website\",\"url\":\"https:\/\/www.eurosmart.hu\/shop\/\",\"name\":\"Eurosmart - Milwaukee web\u00e1ruh\u00e1z\",\"description\":\"Milwaukee web\u00e1ruh\u00e1z\",\"publisher\":{\"@id\":\"https:\/\/www.eurosmart.hu\/shop\/#organization\"},\"potentialAction\":[{\"@type\":\"SearchAction\",\"target\":{\"@type\":\"EntryPoint\",\"urlTemplate\":\"https:\/\/www.eurosmart.hu\/shop\/?s={search_term_string}\"},\"query-input\":\"required name=search_term_string\"}],\"inLanguage\":\"hu\"},{\"@type\":\"Organization\",\"@id\":\"https:\/\/www.eurosmart.hu\/shop\/#organization\",\"name\":\"Eurosmart - Milwaukee web\u00e1ruh\u00e1z\",\"url\":\"https:\/\/www.eurosmart.hu\/shop\/\",\"logo\":{\"@type\":\"ImageObject\",\"inLanguage\":\"hu\",\"@id\":\"https:\/\/www.eurosmart.hu\/shop\/#\/schema\/logo\/image\/\",\"url\":\"https:\/\/www.eurosmart.hu\/shop\/wp-content\/uploads\/2023\/10\/milwaukee-logo-1.png\",\"contentUrl\":\"https:\/\/www.eurosmart.hu\/shop\/wp-content\/uploads\/2023\/10\/milwaukee-logo-1.png\",\"width\":500,\"height\":200,\"caption\":\"Eurosmart - Milwaukee web\u00e1ruh\u00e1z\"},\"image\":{\"@id\":\"https:\/\/www.eurosmart.hu\/shop\/#\/schema\/logo\/image\/\"},\"sameAs\":[\"https:\/\/www.facebook.com\/EurosmartKft\"]}]}<\/script>\n<meta property=\"product:price:amount\" content=\"0\" \/>\n<meta property=\"product:price:currency\" content=\"HUF\" \/>\n<meta property=\"og:availability\" content=\"instock\" \/>\n<meta property=\"product:availability\" content=\"instock\" \/>\n<meta property=\"product:retailer_item_id\" content=\"4933443530\" \/>\n<meta property=\"product:condition\" content=\"new\" \/>\n<!-- \/ Yoast SEO Premium plugin. -->","yoast_head_json":{"title":"MILWAUKEE M18 BDD-0 KOMPAKT F\u00daR\u00d3CSAVAROZ\u00d3 (4933443530) - Eurosmart - Milwaukee web\u00e1ruh\u00e1z","robots":{"index":"index","follow":"follow","max-snippet":"max-snippet:-1","max-image-preview":"max-image-preview:large","max-video-preview":"max-video-preview:-1"},"canonical":"https:\/\/www.eurosmart.hu\/shop\/index.php\/termek\/milwaukee-m18-bdd-0-kompakt-furocsavarozo-4933443530\/","og_locale":"hu_HU","og_type":"article","og_title":"MILWAUKEE M18 BDD-0 KOMPAKT F\u00daR\u00d3CSAVAROZ\u00d3 (4933443530)","og_description":"A k\u00e9szlet tartalma:   1 db M18 BDD f\u00far\u00f3csavaroz\u00f3 (akkumul\u00e1tor, t\u00f6lt\u0151 \u00e9s koffer n\u00e9lk\u00fcl sz\u00e1ll\u00edtva!)  bit tart\u00f3, \u00f6vcsipesz, bit","og_url":"https:\/\/www.eurosmart.hu\/shop\/index.php\/termek\/milwaukee-m18-bdd-0-kompakt-furocsavarozo-4933443530\/","og_site_name":"Eurosmart - Milwaukee web\u00e1ruh\u00e1z","article_publisher":"https:\/\/www.facebook.com\/EurosmartKft","article_modified_time":"2023-12-11T12:15:11+00:00","og_image":[{"width":600,"height":600,"url":"https:\/\/www.eurosmart.hu\/shop\/wp-content\/uploads\/2023\/09\/4933443530.jpg","type":"image\/jpeg"}],"twitter_card":"summary_large_image","twitter_misc":{"Price":"","Availability":"In stock"},"schema":{"@context":"https:\/\/schema.org","@graph":[{"@type":"WebPage","@id":"https:\/\/www.eurosmart.hu\/shop\/index.php\/termek\/milwaukee-m18-bdd-0-kompakt-furocsavarozo-4933443530\/","url":"https:\/\/www.eurosmart.hu\/shop\/index.php\/termek\/milwaukee-m18-bdd-0-kompakt-furocsavarozo-4933443530\/","name":"MILWAUKEE M18 BDD-0 KOMPAKT F\u00daR\u00d3CSAVAROZ\u00d3 (4933443530) - Eurosmart - Milwaukee web\u00e1ruh\u00e1z","isPartOf":{"@id":"https:\/\/www.eurosmart.hu\/shop\/#website"},"datePublished":"2023-09-18T12:30:52+00:00","dateModified":"2023-12-11T12:15:11+00:00","breadcrumb":{"@id":"https:\/\/www.eurosmart.hu\/shop\/index.php\/termek\/milwaukee-m18-bdd-0-kompakt-furocsavarozo-4933443530\/#breadcrumb"},"inLanguage":"hu","potentialAction":[{"@type":"ReadAction","target":["https:\/\/www.eurosmart.hu\/shop\/index.php\/termek\/milwaukee-m18-bdd-0-kompakt-furocsavarozo-4933443530\/"]}]},{"@type":"BreadcrumbList","@id":"https:\/\/www.eurosmart.hu\/shop\/index.php\/termek\/milwaukee-m18-bdd-0-kompakt-furocsavarozo-4933443530\/#breadcrumb","itemListElement":[{"@type":"ListItem","position":1,"name":"Kezd\u0151lap","item":"https:\/\/www.eurosmart.hu\/shop\/"},{"@type":"ListItem","position":2,"name":"Term\u00e9keink","item":"https:\/\/www.eurosmart.hu\/shop\/index.php\/uzlet\/"},{"@type":"ListItem","position":3,"name":"MILWAUKEE M18 BDD-0 KOMPAKT F\u00daR\u00d3CSAVAROZ\u00d3 (4933443530)"}]},{"@type":"WebSite","@id":"https:\/\/www.eurosmart.hu\/shop\/#website","url":"https:\/\/www.eurosmart.hu\/shop\/","name":"Eurosmart - Milwaukee web\u00e1ruh\u00e1z","description":"Milwaukee web\u00e1ruh\u00e1z","publisher":{"@id":"https:\/\/www.eurosmart.hu\/shop\/#organization"},"potentialAction":[{"@type":"SearchAction","target":{"@type":"EntryPoint","urlTemplate":"https:\/\/www.eurosmart.hu\/shop\/?s={search_term_string}"},"query-input":"required name=search_term_string"}],"inLanguage":"hu"},{"@type":"Organization","@id":"https:\/\/www.eurosmart.hu\/shop\/#organization","name":"Eurosmart - Milwaukee web\u00e1ruh\u00e1z","url":"https:\/\/www.eurosmart.hu\/shop\/","logo":{"@type":"ImageObject","inLanguage":"hu","@id":"https:\/\/www.eurosmart.hu\/shop\/#\/schema\/logo\/image\/","url":"https:\/\/www.eurosmart.hu\/shop\/wp-content\/uploads\/2023\/10\/milwaukee-logo-1.png","contentUrl":"https:\/\/www.eurosmart.hu\/shop\/wp-content\/uploads\/2023\/10\/milwaukee-logo-1.png","width":500,"height":200,"caption":"Eurosmart - Milwaukee web\u00e1ruh\u00e1z"},"image":{"@id":"https:\/\/www.eurosmart.hu\/shop\/#\/schema\/logo\/image\/"},"sameAs":["https:\/\/www.facebook.com\/EurosmartKft"]}]},"product_price_currency":"HUF","og_availability":"instock","product_availability":"instock","product_retailer_item_id":"4933443530","product_condition":"new"},"_links":{"self":[{"href":"https:\/\/www.eurosmart.hu\/shop\/index.php\/wp-json\/wp\/v2\/product\/2153","targetHints":{"allow":["GET"]}}],"collection":[{"href":"https:\/\/www.eurosmart.hu\/shop\/index.php\/wp-json\/wp\/v2\/product"}],"about":[{"href":"https:\/\/www.eurosmart.hu\/shop\/index.php\/wp-json\/wp\/v2\/types\/product"}],"wp:featuredmedia":[{"embeddable":true,"href":"https:\/\/www.eurosmart.hu\/shop\/index.php\/wp-json\/wp\/v2\/media\/3107"}],"wp:attachment":[{"href":"https:\/\/www.eurosmart.hu\/shop\/index.php\/wp-json\/wp\/v2\/media?parent=2153"}],"wp:term":[{"taxonomy":"product_cat","embeddable":true,"href":"https:\/\/www.eurosmart.hu\/shop\/index.php\/wp-json\/wp\/v2\/product_cat?post=2153"},{"taxonomy":"product_tag","embeddable":true,"href":"https:\/\/www.eurosmart.hu\/shop\/index.php\/wp-json\/wp\/v2\/product_tag?post=2153"}],"curies":[{"name":"wp","href":"https:\/\/api.w.org\/{rel}","templated":true}]}}