{"id":2144,"date":"2023-09-18T11:53:52","date_gmt":"2023-09-18T11:53:52","guid":{"rendered":"https:\/\/www.eurosmart.hu\/shop\/?post_type=product&#038;p=2144"},"modified":"2024-01-25T12:05:29","modified_gmt":"2024-01-25T12:05:29","slug":"milwaukee-m12-18-jssp-0-bluetooth-hangszoro-4933459275","status":"publish","type":"product","link":"https:\/\/www.eurosmart.hu\/shop\/index.php\/termek\/milwaukee-m12-18-jssp-0-bluetooth-hangszoro-4933459275\/","title":{"rendered":"MILWAUKEE M12-18 JSSP-0 BLUETOOTH\u00ae HANGSZ\u00d3R\u00d3 (4933459275)"},"content":{"rendered":"<h5>Tulajdons\u00e1gok:<\/h5>\n<ul class=\"ProductFeaturesTextstyles__FeatureList-fxqvf2-1 dUrrwH\">\n<li class=\"ProductFeaturesTextstyles__Feature-fxqvf2-3 ggyeUS\">Hordozhat\u00f3 hangsz\u00f3r\u00f3 fejlett Bluetooth\u00ae technol\u00f3gi\u00e1val<\/li>\n<li class=\"ProductFeaturesTextstyles__Feature-fxqvf2-3 ggyeUS\">Bluetooth\u00ae vezet\u00e9k n\u00e9lk\u00fcli hat\u00f3t\u00e1vols\u00e1g ak\u00e1r 30 m t\u00e1vols\u00e1gra<\/li>\n<li class=\"ProductFeaturesTextstyles__Feature-fxqvf2-3 ggyeUS\">Rugalmas akkumul\u00e1tor rendszerrel &#8211; az \u00f6sszes MILWAUKEE\u00ae\u00a0<a href=\"https:\/\/hu.milwaukeetool.eu\/systems\/m12\/\">M12\u2122<\/a>\u00a0\u00e9s\u00a0<a href=\"https:\/\/hu.milwaukeetool.eu\/systems\/m18\/\">M18\u2122<\/a>\u00a0akkumul\u00e1torral m\u0171k\u00f6dik<\/li>\n<li class=\"ProductFeaturesTextstyles__Feature-fxqvf2-3 ggyeUS\">IP54 v\u00edznek \u00e9s pornak ellen\u00e1ll\u00f3<\/li>\n<li class=\"ProductFeaturesTextstyles__Feature-fxqvf2-3 ggyeUS\">Er\u0151teljes, tiszta hangz\u00e1s<\/li>\n<li class=\"ProductFeaturesTextstyles__Feature-fxqvf2-3 ggyeUS\">2.1A USB t\u00f6lt\u0151, telefon, tablet \u00e9s m\u00e9dia lej\u00e1tsz\u00f3 t\u00f6lt\u00e9s\u00e9re<\/li>\n<li class=\"ProductFeaturesTextstyles__Feature-fxqvf2-3 ggyeUS\">Kiv\u00e1l\u00f3 min\u0151s\u00e9g\u0171 m\u00e9lysug\u00e1rz\u00f3<\/li>\n<\/ul>\n<h5>M\u0171szaki adatok:<\/h5>\n<ul>\n<li>T\u00edpus: Akkumul\u00e1toros, Li-ion 12-18V<\/li>\n<li>Hangsz\u00f3r\u00f3 teljes\u00edtm\u00e9ny (W): 40<\/li>\n<li>M\u00e9retek (mm): 360 x 165 x 165<\/li>\n<li>S\u00faly akkumul\u00e1torral (kg): 2.3<\/li>\n<\/ul>\n","protected":false},"excerpt":{"rendered":"<p><strong>A k\u00e9szlet tartalma:<\/strong> 1 db M12-18 JSSP bluetooth hangsz\u00f3r\u00f3 <em>(akkumul\u00e1tor, t\u00f6lt\u0151 \u00e9s koffer n\u00e9lk\u00fcl sz\u00e1ll\u00edtva!)<\/em><\/p>\n","protected":false},"featured_media":3106,"template":"","meta":[],"product_cat":[165,173,231,230,59,228,89],"product_tag":[],"class_list":["post-2144","product","type-product","status-publish","has-post-thumbnail","hentry","product_cat-akkumulatoros-gepek","product_cat-akkus-radiok","product_cat-m12-rendszer","product_cat-m18-rendszer","product_cat-milwaukee","product_cat-rendszer","product_cat-termekek"],"yoast_head":"<!-- This site is optimized with the Yoast SEO Premium plugin v21.3 (Yoast SEO v21.3) - https:\/\/yoast.com\/wordpress\/plugins\/seo\/ -->\n<title>MILWAUKEE M12-18 JSSP-0 BLUETOOTH\u00ae HANGSZ\u00d3R\u00d3 (4933459275) - Eurosmart - Milwaukee web\u00e1ruh\u00e1z<\/title>\n<meta name=\"robots\" content=\"index, follow, max-snippet:-1, max-image-preview:large, max-video-preview:-1\" \/>\n<link rel=\"canonical\" href=\"https:\/\/www.eurosmart.hu\/shop\/index.php\/termek\/milwaukee-m12-18-jssp-0-bluetooth-hangszoro-4933459275\/\" \/>\n<meta property=\"og:locale\" content=\"hu_HU\" \/>\n<meta property=\"og:type\" content=\"article\" \/>\n<meta property=\"og:title\" content=\"MILWAUKEE M12-18 JSSP-0 BLUETOOTH\u00ae HANGSZ\u00d3R\u00d3 (4933459275)\" \/>\n<meta property=\"og:description\" content=\"A k\u00e9szlet tartalma: 1 db M12-18 JSSP bluetooth hangsz\u00f3r\u00f3 (akkumul\u00e1tor, t\u00f6lt\u0151 \u00e9s koffer n\u00e9lk\u00fcl sz\u00e1ll\u00edtva!)\" \/>\n<meta property=\"og:url\" content=\"https:\/\/www.eurosmart.hu\/shop\/index.php\/termek\/milwaukee-m12-18-jssp-0-bluetooth-hangszoro-4933459275\/\" \/>\n<meta property=\"og:site_name\" content=\"Eurosmart - Milwaukee web\u00e1ruh\u00e1z\" \/>\n<meta property=\"article:publisher\" content=\"https:\/\/www.facebook.com\/EurosmartKft\" \/>\n<meta property=\"article:modified_time\" content=\"2024-01-25T12:05:29+00:00\" \/>\n<meta property=\"og:image\" content=\"https:\/\/www.eurosmart.hu\/shop\/wp-content\/uploads\/2023\/09\/4933459275.jpg\" \/>\n\t<meta property=\"og:image:width\" content=\"600\" \/>\n\t<meta property=\"og:image:height\" content=\"600\" \/>\n\t<meta property=\"og:image:type\" content=\"image\/jpeg\" \/>\n<meta name=\"twitter:card\" content=\"summary_large_image\" \/>\n<meta name=\"twitter:label1\" content=\"Price\" \/>\n\t<meta name=\"twitter:data1\" content=\"\" \/>\n\t<meta name=\"twitter:label2\" content=\"Availability\" \/>\n\t<meta name=\"twitter:data2\" content=\"In stock\" \/>\n<script type=\"application\/ld+json\" class=\"yoast-schema-graph\">{\"@context\":\"https:\/\/schema.org\",\"@graph\":[{\"@type\":\"WebPage\",\"@id\":\"https:\/\/www.eurosmart.hu\/shop\/index.php\/termek\/milwaukee-m12-18-jssp-0-bluetooth-hangszoro-4933459275\/\",\"url\":\"https:\/\/www.eurosmart.hu\/shop\/index.php\/termek\/milwaukee-m12-18-jssp-0-bluetooth-hangszoro-4933459275\/\",\"name\":\"MILWAUKEE M12-18 JSSP-0 BLUETOOTH\u00ae HANGSZ\u00d3R\u00d3 (4933459275) - Eurosmart - Milwaukee web\u00e1ruh\u00e1z\",\"isPartOf\":{\"@id\":\"https:\/\/www.eurosmart.hu\/shop\/#website\"},\"datePublished\":\"2023-09-18T11:53:52+00:00\",\"dateModified\":\"2024-01-25T12:05:29+00:00\",\"breadcrumb\":{\"@id\":\"https:\/\/www.eurosmart.hu\/shop\/index.php\/termek\/milwaukee-m12-18-jssp-0-bluetooth-hangszoro-4933459275\/#breadcrumb\"},\"inLanguage\":\"hu\",\"potentialAction\":[{\"@type\":\"ReadAction\",\"target\":[\"https:\/\/www.eurosmart.hu\/shop\/index.php\/termek\/milwaukee-m12-18-jssp-0-bluetooth-hangszoro-4933459275\/\"]}]},{\"@type\":\"BreadcrumbList\",\"@id\":\"https:\/\/www.eurosmart.hu\/shop\/index.php\/termek\/milwaukee-m12-18-jssp-0-bluetooth-hangszoro-4933459275\/#breadcrumb\",\"itemListElement\":[{\"@type\":\"ListItem\",\"position\":1,\"name\":\"Kezd\u0151lap\",\"item\":\"https:\/\/www.eurosmart.hu\/shop\/\"},{\"@type\":\"ListItem\",\"position\":2,\"name\":\"Term\u00e9keink\",\"item\":\"https:\/\/www.eurosmart.hu\/shop\/index.php\/uzlet\/\"},{\"@type\":\"ListItem\",\"position\":3,\"name\":\"MILWAUKEE M12-18 JSSP-0 BLUETOOTH\u00ae HANGSZ\u00d3R\u00d3 (4933459275)\"}]},{\"@type\":\"WebSite\",\"@id\":\"https:\/\/www.eurosmart.hu\/shop\/#website\",\"url\":\"https:\/\/www.eurosmart.hu\/shop\/\",\"name\":\"Eurosmart - Milwaukee web\u00e1ruh\u00e1z\",\"description\":\"Milwaukee web\u00e1ruh\u00e1z\",\"publisher\":{\"@id\":\"https:\/\/www.eurosmart.hu\/shop\/#organization\"},\"potentialAction\":[{\"@type\":\"SearchAction\",\"target\":{\"@type\":\"EntryPoint\",\"urlTemplate\":\"https:\/\/www.eurosmart.hu\/shop\/?s={search_term_string}\"},\"query-input\":\"required name=search_term_string\"}],\"inLanguage\":\"hu\"},{\"@type\":\"Organization\",\"@id\":\"https:\/\/www.eurosmart.hu\/shop\/#organization\",\"name\":\"Eurosmart - Milwaukee web\u00e1ruh\u00e1z\",\"url\":\"https:\/\/www.eurosmart.hu\/shop\/\",\"logo\":{\"@type\":\"ImageObject\",\"inLanguage\":\"hu\",\"@id\":\"https:\/\/www.eurosmart.hu\/shop\/#\/schema\/logo\/image\/\",\"url\":\"https:\/\/www.eurosmart.hu\/shop\/wp-content\/uploads\/2023\/10\/milwaukee-logo-1.png\",\"contentUrl\":\"https:\/\/www.eurosmart.hu\/shop\/wp-content\/uploads\/2023\/10\/milwaukee-logo-1.png\",\"width\":500,\"height\":200,\"caption\":\"Eurosmart - Milwaukee web\u00e1ruh\u00e1z\"},\"image\":{\"@id\":\"https:\/\/www.eurosmart.hu\/shop\/#\/schema\/logo\/image\/\"},\"sameAs\":[\"https:\/\/www.facebook.com\/EurosmartKft\"]}]}<\/script>\n<meta property=\"product:price:amount\" content=\"0\" \/>\n<meta property=\"product:price:currency\" content=\"HUF\" \/>\n<meta property=\"og:availability\" content=\"instock\" \/>\n<meta property=\"product:availability\" content=\"instock\" \/>\n<meta property=\"product:retailer_item_id\" content=\"4933459275\" \/>\n<meta property=\"product:condition\" content=\"new\" \/>\n<!-- \/ Yoast SEO Premium plugin. -->","yoast_head_json":{"title":"MILWAUKEE M12-18 JSSP-0 BLUETOOTH\u00ae HANGSZ\u00d3R\u00d3 (4933459275) - Eurosmart - Milwaukee web\u00e1ruh\u00e1z","robots":{"index":"index","follow":"follow","max-snippet":"max-snippet:-1","max-image-preview":"max-image-preview:large","max-video-preview":"max-video-preview:-1"},"canonical":"https:\/\/www.eurosmart.hu\/shop\/index.php\/termek\/milwaukee-m12-18-jssp-0-bluetooth-hangszoro-4933459275\/","og_locale":"hu_HU","og_type":"article","og_title":"MILWAUKEE M12-18 JSSP-0 BLUETOOTH\u00ae HANGSZ\u00d3R\u00d3 (4933459275)","og_description":"A k\u00e9szlet tartalma: 1 db M12-18 JSSP bluetooth hangsz\u00f3r\u00f3 (akkumul\u00e1tor, t\u00f6lt\u0151 \u00e9s koffer n\u00e9lk\u00fcl sz\u00e1ll\u00edtva!)","og_url":"https:\/\/www.eurosmart.hu\/shop\/index.php\/termek\/milwaukee-m12-18-jssp-0-bluetooth-hangszoro-4933459275\/","og_site_name":"Eurosmart - Milwaukee web\u00e1ruh\u00e1z","article_publisher":"https:\/\/www.facebook.com\/EurosmartKft","article_modified_time":"2024-01-25T12:05:29+00:00","og_image":[{"width":600,"height":600,"url":"https:\/\/www.eurosmart.hu\/shop\/wp-content\/uploads\/2023\/09\/4933459275.jpg","type":"image\/jpeg"}],"twitter_card":"summary_large_image","twitter_misc":{"Price":"","Availability":"In stock"},"schema":{"@context":"https:\/\/schema.org","@graph":[{"@type":"WebPage","@id":"https:\/\/www.eurosmart.hu\/shop\/index.php\/termek\/milwaukee-m12-18-jssp-0-bluetooth-hangszoro-4933459275\/","url":"https:\/\/www.eurosmart.hu\/shop\/index.php\/termek\/milwaukee-m12-18-jssp-0-bluetooth-hangszoro-4933459275\/","name":"MILWAUKEE M12-18 JSSP-0 BLUETOOTH\u00ae HANGSZ\u00d3R\u00d3 (4933459275) - Eurosmart - Milwaukee web\u00e1ruh\u00e1z","isPartOf":{"@id":"https:\/\/www.eurosmart.hu\/shop\/#website"},"datePublished":"2023-09-18T11:53:52+00:00","dateModified":"2024-01-25T12:05:29+00:00","breadcrumb":{"@id":"https:\/\/www.eurosmart.hu\/shop\/index.php\/termek\/milwaukee-m12-18-jssp-0-bluetooth-hangszoro-4933459275\/#breadcrumb"},"inLanguage":"hu","potentialAction":[{"@type":"ReadAction","target":["https:\/\/www.eurosmart.hu\/shop\/index.php\/termek\/milwaukee-m12-18-jssp-0-bluetooth-hangszoro-4933459275\/"]}]},{"@type":"BreadcrumbList","@id":"https:\/\/www.eurosmart.hu\/shop\/index.php\/termek\/milwaukee-m12-18-jssp-0-bluetooth-hangszoro-4933459275\/#breadcrumb","itemListElement":[{"@type":"ListItem","position":1,"name":"Kezd\u0151lap","item":"https:\/\/www.eurosmart.hu\/shop\/"},{"@type":"ListItem","position":2,"name":"Term\u00e9keink","item":"https:\/\/www.eurosmart.hu\/shop\/index.php\/uzlet\/"},{"@type":"ListItem","position":3,"name":"MILWAUKEE M12-18 JSSP-0 BLUETOOTH\u00ae HANGSZ\u00d3R\u00d3 (4933459275)"}]},{"@type":"WebSite","@id":"https:\/\/www.eurosmart.hu\/shop\/#website","url":"https:\/\/www.eurosmart.hu\/shop\/","name":"Eurosmart - Milwaukee web\u00e1ruh\u00e1z","description":"Milwaukee web\u00e1ruh\u00e1z","publisher":{"@id":"https:\/\/www.eurosmart.hu\/shop\/#organization"},"potentialAction":[{"@type":"SearchAction","target":{"@type":"EntryPoint","urlTemplate":"https:\/\/www.eurosmart.hu\/shop\/?s={search_term_string}"},"query-input":"required name=search_term_string"}],"inLanguage":"hu"},{"@type":"Organization","@id":"https:\/\/www.eurosmart.hu\/shop\/#organization","name":"Eurosmart - Milwaukee web\u00e1ruh\u00e1z","url":"https:\/\/www.eurosmart.hu\/shop\/","logo":{"@type":"ImageObject","inLanguage":"hu","@id":"https:\/\/www.eurosmart.hu\/shop\/#\/schema\/logo\/image\/","url":"https:\/\/www.eurosmart.hu\/shop\/wp-content\/uploads\/2023\/10\/milwaukee-logo-1.png","contentUrl":"https:\/\/www.eurosmart.hu\/shop\/wp-content\/uploads\/2023\/10\/milwaukee-logo-1.png","width":500,"height":200,"caption":"Eurosmart - Milwaukee web\u00e1ruh\u00e1z"},"image":{"@id":"https:\/\/www.eurosmart.hu\/shop\/#\/schema\/logo\/image\/"},"sameAs":["https:\/\/www.facebook.com\/EurosmartKft"]}]},"product_price_currency":"HUF","og_availability":"instock","product_availability":"instock","product_retailer_item_id":"4933459275","product_condition":"new"},"_links":{"self":[{"href":"https:\/\/www.eurosmart.hu\/shop\/index.php\/wp-json\/wp\/v2\/product\/2144","targetHints":{"allow":["GET"]}}],"collection":[{"href":"https:\/\/www.eurosmart.hu\/shop\/index.php\/wp-json\/wp\/v2\/product"}],"about":[{"href":"https:\/\/www.eurosmart.hu\/shop\/index.php\/wp-json\/wp\/v2\/types\/product"}],"wp:featuredmedia":[{"embeddable":true,"href":"https:\/\/www.eurosmart.hu\/shop\/index.php\/wp-json\/wp\/v2\/media\/3106"}],"wp:attachment":[{"href":"https:\/\/www.eurosmart.hu\/shop\/index.php\/wp-json\/wp\/v2\/media?parent=2144"}],"wp:term":[{"taxonomy":"product_cat","embeddable":true,"href":"https:\/\/www.eurosmart.hu\/shop\/index.php\/wp-json\/wp\/v2\/product_cat?post=2144"},{"taxonomy":"product_tag","embeddable":true,"href":"https:\/\/www.eurosmart.hu\/shop\/index.php\/wp-json\/wp\/v2\/product_tag?post=2144"}],"curies":[{"name":"wp","href":"https:\/\/api.w.org\/{rel}","templated":true}]}}