{"id":2132,"date":"2023-09-18T10:58:47","date_gmt":"2023-09-18T10:58:47","guid":{"rendered":"https:\/\/www.eurosmart.hu\/shop\/?post_type=product&#038;p=2132"},"modified":"2024-02-15T07:17:40","modified_gmt":"2024-02-15T07:17:40","slug":"milwaukee-dgl-30-e-valtoztathato-sebessegu-ketkezes-egyenes-csiszolo-4933385120","status":"publish","type":"product","link":"https:\/\/www.eurosmart.hu\/shop\/index.php\/termek\/milwaukee-dgl-30-e-valtoztathato-sebessegu-ketkezes-egyenes-csiszolo-4933385120\/","title":{"rendered":"MILWAUKEE DGL 30 E V\u00c1LTOZTATHAT\u00d3 SEBESS\u00c9G\u0170 K\u00c9TKEZES EGYENES CSISZOL\u00d3 600W (4933385120)"},"content":{"rendered":"<h5>Tulajdons\u00e1gok:<\/h5>\n<ul class=\"ProductFeaturesTextstyles__FeatureList-fxqvf2-1 dUrrwH\">\n<li class=\"ProductFeaturesTextstyles__Feature-fxqvf2-3 ggyeUS\">Hossz\u00fa tengely, hogy a nehezen el\u00e9rhet\u0151 helyekre is el\u00e9rjen<\/li>\n<li class=\"ProductFeaturesTextstyles__Feature-fxqvf2-3 ggyeUS\">L\u00e1gyind\u00edt\u00e1s<\/li>\n<li class=\"ProductFeaturesTextstyles__Feature-fxqvf2-3 ggyeUS\">Elektronikus fordulatsz\u00e1m szab\u00e1lyoz\u00e1s<\/li>\n<li class=\"ProductFeaturesTextstyles__Feature-fxqvf2-3 ggyeUS\">Extra nagy sebess\u00e9g 30.000 ford\/perc<\/li>\n<li class=\"ProductFeaturesTextstyles__Feature-fxqvf2-3 ggyeUS\">F\u00e9m hajt\u00f3m\u0171h\u00e1z \u00e9s a tengely dupla csap\u00e1gyaz\u00e1sa<\/li>\n<li class=\"ProductFeaturesTextstyles__Feature-fxqvf2-3 ggyeUS\">Cser\u00e9lhet\u0151 sz\u00e9nkef\u00e9k<\/li>\n<li class=\"ProductFeaturesTextstyles__Feature-fxqvf2-3 ggyeUS\">4 m k\u00e1bellel, SW 15\/17 kulccsal, 6 mm-es befog\u00f3val<\/li>\n<\/ul>\n<h5>M\u0171szaki adatok:<\/h5>\n<ul>\n<li>T\u00edpus: Vezet\u00e9kes<\/li>\n<li>\u00dcresj\u00e1rati fordulatsz\u00e1m (ford\/perc): 10000 &#8211; 30000<\/li>\n<li>Befog\u00f3gy\u0171r\u0171 m\u00e9rete (mm) : 6<\/li>\n<li>Felvett teljes\u00edtm\u00e9ny (W): 600<\/li>\n<li>Max. csiszol\u00f3t\u00e1rcsa \u00e1tm\u00e9r\u0151 (mm): 40<\/li>\n<li>Max. f\u00far\u00e1si \u00e1tm\u00e9r\u0151 (mm): 20<\/li>\n<li>S\u00faly (kg): 1.9<\/li>\n<\/ul>\n","protected":false},"excerpt":{"rendered":"<p><strong>A k\u00e9szlet tartalma:<\/strong><\/p>\n<ul>\n<li>1 db DGL 30 E egyenes csiszol\u00f3 <em>(koffer n\u00e9lk\u00fcl sz\u00e1ll\u00edtva!)<\/em><\/li>\n<li>4 m k\u00e1bel, SW 15\/17 kulcs, 6 mm-es befog\u00f3<\/li>\n<\/ul>\n","protected":false},"featured_media":3032,"template":"","meta":[],"product_cat":[181,59,89,177],"product_tag":[],"class_list":["post-2132","product","type-product","status-publish","has-post-thumbnail","hentry","product_cat-csiszolas-es-polirozas","product_cat-milwaukee","product_cat-termekek","product_cat-vezetekes-gepek"],"yoast_head":"<!-- This site is optimized with the Yoast SEO Premium plugin v21.3 (Yoast SEO v21.3) - https:\/\/yoast.com\/wordpress\/plugins\/seo\/ -->\n<title>MILWAUKEE DGL 30 E V\u00c1LTOZTATHAT\u00d3 SEBESS\u00c9G\u0170 K\u00c9TKEZES EGYENES CSISZOL\u00d3 600W (4933385120) - Eurosmart - Milwaukee web\u00e1ruh\u00e1z<\/title>\n<meta name=\"robots\" content=\"index, follow, max-snippet:-1, max-image-preview:large, max-video-preview:-1\" \/>\n<link rel=\"canonical\" href=\"https:\/\/www.eurosmart.hu\/shop\/index.php\/termek\/milwaukee-dgl-30-e-valtoztathato-sebessegu-ketkezes-egyenes-csiszolo-4933385120\/\" \/>\n<meta property=\"og:locale\" content=\"hu_HU\" \/>\n<meta property=\"og:type\" content=\"article\" \/>\n<meta property=\"og:title\" content=\"MILWAUKEE DGL 30 E V\u00c1LTOZTATHAT\u00d3 SEBESS\u00c9G\u0170 K\u00c9TKEZES EGYENES CSISZOL\u00d3 600W (4933385120)\" \/>\n<meta property=\"og:description\" content=\"A k\u00e9szlet tartalma:   1 db DGL 30 E egyenes csiszol\u00f3 (koffer n\u00e9lk\u00fcl sz\u00e1ll\u00edtva!)  4 m k\u00e1bel, SW 15\/17 kulcs, 6 mm-es befog\u00f3\" \/>\n<meta property=\"og:url\" content=\"https:\/\/www.eurosmart.hu\/shop\/index.php\/termek\/milwaukee-dgl-30-e-valtoztathato-sebessegu-ketkezes-egyenes-csiszolo-4933385120\/\" \/>\n<meta property=\"og:site_name\" content=\"Eurosmart - Milwaukee web\u00e1ruh\u00e1z\" \/>\n<meta property=\"article:publisher\" content=\"https:\/\/www.facebook.com\/EurosmartKft\" \/>\n<meta property=\"article:modified_time\" content=\"2024-02-15T07:17:40+00:00\" \/>\n<meta property=\"og:image\" content=\"https:\/\/www.eurosmart.hu\/shop\/wp-content\/uploads\/2023\/09\/4933385120.jpg\" \/>\n\t<meta property=\"og:image:width\" content=\"600\" \/>\n\t<meta property=\"og:image:height\" content=\"600\" \/>\n\t<meta property=\"og:image:type\" content=\"image\/jpeg\" \/>\n<meta name=\"twitter:card\" content=\"summary_large_image\" \/>\n<meta name=\"twitter:label1\" content=\"Price\" \/>\n\t<meta name=\"twitter:data1\" content=\"\" \/>\n\t<meta name=\"twitter:label2\" content=\"Availability\" \/>\n\t<meta name=\"twitter:data2\" content=\"In stock\" \/>\n<script type=\"application\/ld+json\" class=\"yoast-schema-graph\">{\"@context\":\"https:\/\/schema.org\",\"@graph\":[{\"@type\":\"WebPage\",\"@id\":\"https:\/\/www.eurosmart.hu\/shop\/index.php\/termek\/milwaukee-dgl-30-e-valtoztathato-sebessegu-ketkezes-egyenes-csiszolo-4933385120\/\",\"url\":\"https:\/\/www.eurosmart.hu\/shop\/index.php\/termek\/milwaukee-dgl-30-e-valtoztathato-sebessegu-ketkezes-egyenes-csiszolo-4933385120\/\",\"name\":\"MILWAUKEE DGL 30 E V\u00c1LTOZTATHAT\u00d3 SEBESS\u00c9G\u0170 K\u00c9TKEZES EGYENES CSISZOL\u00d3 600W (4933385120) - Eurosmart - Milwaukee web\u00e1ruh\u00e1z\",\"isPartOf\":{\"@id\":\"https:\/\/www.eurosmart.hu\/shop\/#website\"},\"datePublished\":\"2023-09-18T10:58:47+00:00\",\"dateModified\":\"2024-02-15T07:17:40+00:00\",\"breadcrumb\":{\"@id\":\"https:\/\/www.eurosmart.hu\/shop\/index.php\/termek\/milwaukee-dgl-30-e-valtoztathato-sebessegu-ketkezes-egyenes-csiszolo-4933385120\/#breadcrumb\"},\"inLanguage\":\"hu\",\"potentialAction\":[{\"@type\":\"ReadAction\",\"target\":[\"https:\/\/www.eurosmart.hu\/shop\/index.php\/termek\/milwaukee-dgl-30-e-valtoztathato-sebessegu-ketkezes-egyenes-csiszolo-4933385120\/\"]}]},{\"@type\":\"BreadcrumbList\",\"@id\":\"https:\/\/www.eurosmart.hu\/shop\/index.php\/termek\/milwaukee-dgl-30-e-valtoztathato-sebessegu-ketkezes-egyenes-csiszolo-4933385120\/#breadcrumb\",\"itemListElement\":[{\"@type\":\"ListItem\",\"position\":1,\"name\":\"Kezd\u0151lap\",\"item\":\"https:\/\/www.eurosmart.hu\/shop\/\"},{\"@type\":\"ListItem\",\"position\":2,\"name\":\"Term\u00e9keink\",\"item\":\"https:\/\/www.eurosmart.hu\/shop\/index.php\/uzlet\/\"},{\"@type\":\"ListItem\",\"position\":3,\"name\":\"MILWAUKEE DGL 30 E V\u00c1LTOZTATHAT\u00d3 SEBESS\u00c9G\u0170 K\u00c9TKEZES EGYENES CSISZOL\u00d3 600W (4933385120)\"}]},{\"@type\":\"WebSite\",\"@id\":\"https:\/\/www.eurosmart.hu\/shop\/#website\",\"url\":\"https:\/\/www.eurosmart.hu\/shop\/\",\"name\":\"Eurosmart - Milwaukee web\u00e1ruh\u00e1z\",\"description\":\"Milwaukee web\u00e1ruh\u00e1z\",\"publisher\":{\"@id\":\"https:\/\/www.eurosmart.hu\/shop\/#organization\"},\"potentialAction\":[{\"@type\":\"SearchAction\",\"target\":{\"@type\":\"EntryPoint\",\"urlTemplate\":\"https:\/\/www.eurosmart.hu\/shop\/?s={search_term_string}\"},\"query-input\":\"required name=search_term_string\"}],\"inLanguage\":\"hu\"},{\"@type\":\"Organization\",\"@id\":\"https:\/\/www.eurosmart.hu\/shop\/#organization\",\"name\":\"Eurosmart - Milwaukee web\u00e1ruh\u00e1z\",\"url\":\"https:\/\/www.eurosmart.hu\/shop\/\",\"logo\":{\"@type\":\"ImageObject\",\"inLanguage\":\"hu\",\"@id\":\"https:\/\/www.eurosmart.hu\/shop\/#\/schema\/logo\/image\/\",\"url\":\"https:\/\/www.eurosmart.hu\/shop\/wp-content\/uploads\/2023\/10\/milwaukee-logo-1.png\",\"contentUrl\":\"https:\/\/www.eurosmart.hu\/shop\/wp-content\/uploads\/2023\/10\/milwaukee-logo-1.png\",\"width\":500,\"height\":200,\"caption\":\"Eurosmart - Milwaukee web\u00e1ruh\u00e1z\"},\"image\":{\"@id\":\"https:\/\/www.eurosmart.hu\/shop\/#\/schema\/logo\/image\/\"},\"sameAs\":[\"https:\/\/www.facebook.com\/EurosmartKft\"]}]}<\/script>\n<meta property=\"product:price:amount\" content=\"0\" \/>\n<meta property=\"product:price:currency\" content=\"HUF\" \/>\n<meta property=\"og:availability\" content=\"instock\" \/>\n<meta property=\"product:availability\" content=\"instock\" \/>\n<meta property=\"product:retailer_item_id\" content=\"4933385120\" \/>\n<meta property=\"product:condition\" content=\"new\" \/>\n<!-- \/ Yoast SEO Premium plugin. -->","yoast_head_json":{"title":"MILWAUKEE DGL 30 E V\u00c1LTOZTATHAT\u00d3 SEBESS\u00c9G\u0170 K\u00c9TKEZES EGYENES CSISZOL\u00d3 600W (4933385120) - Eurosmart - Milwaukee web\u00e1ruh\u00e1z","robots":{"index":"index","follow":"follow","max-snippet":"max-snippet:-1","max-image-preview":"max-image-preview:large","max-video-preview":"max-video-preview:-1"},"canonical":"https:\/\/www.eurosmart.hu\/shop\/index.php\/termek\/milwaukee-dgl-30-e-valtoztathato-sebessegu-ketkezes-egyenes-csiszolo-4933385120\/","og_locale":"hu_HU","og_type":"article","og_title":"MILWAUKEE DGL 30 E V\u00c1LTOZTATHAT\u00d3 SEBESS\u00c9G\u0170 K\u00c9TKEZES EGYENES CSISZOL\u00d3 600W (4933385120)","og_description":"A k\u00e9szlet tartalma:   1 db DGL 30 E egyenes csiszol\u00f3 (koffer n\u00e9lk\u00fcl sz\u00e1ll\u00edtva!)  4 m k\u00e1bel, SW 15\/17 kulcs, 6 mm-es befog\u00f3","og_url":"https:\/\/www.eurosmart.hu\/shop\/index.php\/termek\/milwaukee-dgl-30-e-valtoztathato-sebessegu-ketkezes-egyenes-csiszolo-4933385120\/","og_site_name":"Eurosmart - Milwaukee web\u00e1ruh\u00e1z","article_publisher":"https:\/\/www.facebook.com\/EurosmartKft","article_modified_time":"2024-02-15T07:17:40+00:00","og_image":[{"width":600,"height":600,"url":"https:\/\/www.eurosmart.hu\/shop\/wp-content\/uploads\/2023\/09\/4933385120.jpg","type":"image\/jpeg"}],"twitter_card":"summary_large_image","twitter_misc":{"Price":"","Availability":"In stock"},"schema":{"@context":"https:\/\/schema.org","@graph":[{"@type":"WebPage","@id":"https:\/\/www.eurosmart.hu\/shop\/index.php\/termek\/milwaukee-dgl-30-e-valtoztathato-sebessegu-ketkezes-egyenes-csiszolo-4933385120\/","url":"https:\/\/www.eurosmart.hu\/shop\/index.php\/termek\/milwaukee-dgl-30-e-valtoztathato-sebessegu-ketkezes-egyenes-csiszolo-4933385120\/","name":"MILWAUKEE DGL 30 E V\u00c1LTOZTATHAT\u00d3 SEBESS\u00c9G\u0170 K\u00c9TKEZES EGYENES CSISZOL\u00d3 600W (4933385120) - Eurosmart - Milwaukee web\u00e1ruh\u00e1z","isPartOf":{"@id":"https:\/\/www.eurosmart.hu\/shop\/#website"},"datePublished":"2023-09-18T10:58:47+00:00","dateModified":"2024-02-15T07:17:40+00:00","breadcrumb":{"@id":"https:\/\/www.eurosmart.hu\/shop\/index.php\/termek\/milwaukee-dgl-30-e-valtoztathato-sebessegu-ketkezes-egyenes-csiszolo-4933385120\/#breadcrumb"},"inLanguage":"hu","potentialAction":[{"@type":"ReadAction","target":["https:\/\/www.eurosmart.hu\/shop\/index.php\/termek\/milwaukee-dgl-30-e-valtoztathato-sebessegu-ketkezes-egyenes-csiszolo-4933385120\/"]}]},{"@type":"BreadcrumbList","@id":"https:\/\/www.eurosmart.hu\/shop\/index.php\/termek\/milwaukee-dgl-30-e-valtoztathato-sebessegu-ketkezes-egyenes-csiszolo-4933385120\/#breadcrumb","itemListElement":[{"@type":"ListItem","position":1,"name":"Kezd\u0151lap","item":"https:\/\/www.eurosmart.hu\/shop\/"},{"@type":"ListItem","position":2,"name":"Term\u00e9keink","item":"https:\/\/www.eurosmart.hu\/shop\/index.php\/uzlet\/"},{"@type":"ListItem","position":3,"name":"MILWAUKEE DGL 30 E V\u00c1LTOZTATHAT\u00d3 SEBESS\u00c9G\u0170 K\u00c9TKEZES EGYENES CSISZOL\u00d3 600W (4933385120)"}]},{"@type":"WebSite","@id":"https:\/\/www.eurosmart.hu\/shop\/#website","url":"https:\/\/www.eurosmart.hu\/shop\/","name":"Eurosmart - Milwaukee web\u00e1ruh\u00e1z","description":"Milwaukee web\u00e1ruh\u00e1z","publisher":{"@id":"https:\/\/www.eurosmart.hu\/shop\/#organization"},"potentialAction":[{"@type":"SearchAction","target":{"@type":"EntryPoint","urlTemplate":"https:\/\/www.eurosmart.hu\/shop\/?s={search_term_string}"},"query-input":"required name=search_term_string"}],"inLanguage":"hu"},{"@type":"Organization","@id":"https:\/\/www.eurosmart.hu\/shop\/#organization","name":"Eurosmart - Milwaukee web\u00e1ruh\u00e1z","url":"https:\/\/www.eurosmart.hu\/shop\/","logo":{"@type":"ImageObject","inLanguage":"hu","@id":"https:\/\/www.eurosmart.hu\/shop\/#\/schema\/logo\/image\/","url":"https:\/\/www.eurosmart.hu\/shop\/wp-content\/uploads\/2023\/10\/milwaukee-logo-1.png","contentUrl":"https:\/\/www.eurosmart.hu\/shop\/wp-content\/uploads\/2023\/10\/milwaukee-logo-1.png","width":500,"height":200,"caption":"Eurosmart - Milwaukee web\u00e1ruh\u00e1z"},"image":{"@id":"https:\/\/www.eurosmart.hu\/shop\/#\/schema\/logo\/image\/"},"sameAs":["https:\/\/www.facebook.com\/EurosmartKft"]}]},"product_price_currency":"HUF","og_availability":"instock","product_availability":"instock","product_retailer_item_id":"4933385120","product_condition":"new"},"_links":{"self":[{"href":"https:\/\/www.eurosmart.hu\/shop\/index.php\/wp-json\/wp\/v2\/product\/2132","targetHints":{"allow":["GET"]}}],"collection":[{"href":"https:\/\/www.eurosmart.hu\/shop\/index.php\/wp-json\/wp\/v2\/product"}],"about":[{"href":"https:\/\/www.eurosmart.hu\/shop\/index.php\/wp-json\/wp\/v2\/types\/product"}],"wp:featuredmedia":[{"embeddable":true,"href":"https:\/\/www.eurosmart.hu\/shop\/index.php\/wp-json\/wp\/v2\/media\/3032"}],"wp:attachment":[{"href":"https:\/\/www.eurosmart.hu\/shop\/index.php\/wp-json\/wp\/v2\/media?parent=2132"}],"wp:term":[{"taxonomy":"product_cat","embeddable":true,"href":"https:\/\/www.eurosmart.hu\/shop\/index.php\/wp-json\/wp\/v2\/product_cat?post=2132"},{"taxonomy":"product_tag","embeddable":true,"href":"https:\/\/www.eurosmart.hu\/shop\/index.php\/wp-json\/wp\/v2\/product_tag?post=2132"}],"curies":[{"name":"wp","href":"https:\/\/api.w.org\/{rel}","templated":true}]}}