{"id":2130,"date":"2023-09-18T10:53:23","date_gmt":"2023-09-18T10:53:23","guid":{"rendered":"https:\/\/www.eurosmart.hu\/shop\/?post_type=product&#038;p=2130"},"modified":"2023-10-05T09:12:35","modified_gmt":"2023-10-05T09:12:35","slug":"milwaukee-m12-fpd2-0-fuel-szuperkompakt-utvefuro-csavarozo-4933479867","status":"publish","type":"product","link":"https:\/\/www.eurosmart.hu\/shop\/index.php\/termek\/milwaukee-m12-fpd2-0-fuel-szuperkompakt-utvefuro-csavarozo-4933479867\/","title":{"rendered":"MILWAUKEE M12 FPD2-0 FUEL\u2122 SZUPERKOMPAKT \u00dcTVEF\u00daR\u00d3-CSAVAROZ\u00d3 (4933479867)"},"content":{"rendered":"<h5>Tulajdons\u00e1gok:<\/h5>\n<ul class=\"ProductFeaturesTextstyles__FeatureList-fxqvf2-1 dUrrwH\">\n<li class=\"ProductFeaturesTextstyles__Feature-fxqvf2-3 ggyeUS\">Rendk\u00edv\u00fcl kompakt kialak\u00edt\u00e1s, 152 mm hossz\u00fa a sz\u0171k helyekre val\u00f3 hozz\u00e1f\u00e9r\u00e9s \u00e9rdek\u00e9ben<\/li>\n<li class=\"ProductFeaturesTextstyles__Feature-fxqvf2-3 ggyeUS\">45 Nm forgat\u00f3nyomat\u00e9k \u2013 kiv\u00e1l\u00f3 teljes\u00edtm\u00e9ny-m\u00e9retar\u00e1ny<\/li>\n<li class=\"ProductFeaturesTextstyles__Feature-fxqvf2-3 ggyeUS\">13 mm-es heavy duty f\u00e9m tokm\u00e1ny a gyors bitcser\u00e9hez \u00e9s a f\u00far\u00f3sz\u00e1r megtart\u00e1s\u00e1hoz<\/li>\n<li class=\"ProductFeaturesTextstyles__Feature-fxqvf2-3 ggyeUS\">Mechanikus tengelykapcsol\u00f3 13 nyomat\u00e9k-be\u00e1ll\u00edt\u00e1ssal \u00e9s plusz 1 be\u00e1ll\u00edt\u00e1ssal reteszelt tengelykapcsol\u00f3 f\u00far\u00e1shoz, valamint 1 reteszelt tengelykapcsol\u00f3 \u00fct\u00e9shez<\/li>\n<li class=\"ProductFeaturesTextstyles__Feature-fxqvf2-3 ggyeUS\">T\u00f6lt\u00e9sszintjelz\u0151, f\u00e9m \u00f6vcsipesz \u00e9s LED f\u00e9ny<\/li>\n<li class=\"ProductFeaturesTextstyles__Feature-fxqvf2-3 ggyeUS\">FUEL\u2122 platformunk DNS-e \u00fajradefini\u00e1lja a vezet\u00e9k n\u00e9lk\u00fcli technol\u00f3gia egyens\u00faly\u00e1t. A MILWAUKEE\u00ae POWERSTATE\u2122 sz\u00e9nkefe n\u00e9lk\u00fcli motor, REDLITHIUM\u2122 akkumul\u00e1tor \u00e9s REDLINK PLUS\u2122 intelligens elektronika p\u00e1ratlan teljes\u00edtm\u00e9nyt, \u00fczemid\u0151t \u00e9s tart\u00f3ss\u00e1got biztos\u00edt.<\/li>\n<li class=\"ProductFeaturesTextstyles__Feature-fxqvf2-3 ggyeUS\">Rugalmas akkumul\u00e1tor rendszerrel &#8211; MILWAUKEE\u00ae\u00a0<a href=\"https:\/\/hu.milwaukeetool.eu\/systems\/m12\/\">M12\u2122<\/a>\u00a0akkumul\u00e1torokkal m\u0171k\u00f6dik<\/li>\n<\/ul>\n<h5>M\u0171szaki adatok:<\/h5>\n<ul>\n<li>Akkumul\u00e1tor t\u00edpusa: Li-ion<\/li>\n<li>Fesz\u00fclts\u00e9g (V): 12<\/li>\n<li>S\u00faly akkumul\u00e1torral(EPTA) (KG): 1.4 (M12 B6)<\/li>\n<li>\u00dcresj\u00e1rati ford. sz. 1. seb. fokozat (ford\/perc): 0 &#8211; 450<\/li>\n<li>\u00dcresj\u00e1rati ford. sz. 2. seb. fokozat (ford\/perc): 0 &#8211; 1,550<\/li>\n<li>Facsavarok (mm): 8<\/li>\n<li>Fordulatsz\u00e1m szab\u00e1lyoz\u00e1s: 2<\/li>\n<li>Max. \u00fct\u00e9ssz\u00e1m (\u00fct\u00e9s\/perc): 0 &#8211; 22,500<\/li>\n<li>Max. f\u00far\u00e1si \u00e1tm\u00e9r\u0151 ac\u00e9lban (mm): 13<\/li>\n<li>Max. f\u00far\u00e1si \u00e1tm\u00e9r\u0151 f\u00e1ban (mm): 35<\/li>\n<li>Max. f\u00far\u00e1si \u00e1tm\u00e9r\u0151 falazatban (mm): 13<\/li>\n<li>Max. nyomat\u00e9k (Nm): 45<\/li>\n<li>Tokm\u00e1ny m\u00e9rete (mm): 13<\/li>\n<\/ul>\n<p><strong>A k\u00e9szlet tartalma:<\/strong> 1 db M12 FPD2-0 \u00fctvef\u00far\u00f3-csavaroz\u00f3 (akkumul\u00e1tor, t\u00f6lt\u0151 \u00e9s koffer n\u00e9lk\u00fcl)<\/p>\n","protected":false},"excerpt":{"rendered":"<p>Tulajdons\u00e1gok: Rendk\u00edv\u00fcl kompakt kialak\u00edt\u00e1s, 152 mm hossz\u00fa a sz\u0171k helyekre val\u00f3 hozz\u00e1f\u00e9r\u00e9s \u00e9rdek\u00e9ben 45 Nm forgat\u00f3nyomat\u00e9k \u2013 kiv\u00e1l\u00f3 teljes\u00edtm\u00e9ny-m\u00e9retar\u00e1ny 13 mm-es heavy duty f\u00e9m tokm\u00e1ny a<span class=\"excerpt-hellip\"> [\u2026]<\/span><\/p>\n","protected":false},"featured_media":3101,"template":"","meta":[],"product_cat":[167,165,231,59,228,89],"product_tag":[],"class_list":["post-2130","product","type-product","status-publish","has-post-thumbnail","hentry","product_cat-akkumulatoros-furas-veses-es-rogzites","product_cat-akkumulatoros-gepek","product_cat-m12-rendszer","product_cat-milwaukee","product_cat-rendszer","product_cat-termekek"],"yoast_head":"<!-- This site is optimized with the Yoast SEO Premium plugin v21.3 (Yoast SEO v21.3) - https:\/\/yoast.com\/wordpress\/plugins\/seo\/ -->\n<title>MILWAUKEE M12 FPD2-0 FUEL\u2122 SZUPERKOMPAKT \u00dcTVEF\u00daR\u00d3-CSAVAROZ\u00d3 (4933479867) - Eurosmart - Milwaukee web\u00e1ruh\u00e1z<\/title>\n<meta name=\"robots\" content=\"index, follow, max-snippet:-1, max-image-preview:large, max-video-preview:-1\" \/>\n<link rel=\"canonical\" href=\"https:\/\/www.eurosmart.hu\/shop\/index.php\/termek\/milwaukee-m12-fpd2-0-fuel-szuperkompakt-utvefuro-csavarozo-4933479867\/\" \/>\n<meta property=\"og:locale\" content=\"hu_HU\" \/>\n<meta property=\"og:type\" content=\"article\" \/>\n<meta property=\"og:title\" content=\"MILWAUKEE M12 FPD2-0 FUEL\u2122 SZUPERKOMPAKT \u00dcTVEF\u00daR\u00d3-CSAVAROZ\u00d3 (4933479867)\" \/>\n<meta property=\"og:description\" content=\"Tulajdons\u00e1gok: Rendk\u00edv\u00fcl kompakt kialak\u00edt\u00e1s, 152 mm hossz\u00fa a sz\u0171k helyekre val\u00f3 hozz\u00e1f\u00e9r\u00e9s \u00e9rdek\u00e9ben 45 Nm forgat\u00f3nyomat\u00e9k \u2013 kiv\u00e1l\u00f3 teljes\u00edtm\u00e9ny-m\u00e9retar\u00e1ny 13 mm-es heavy duty f\u00e9m tokm\u00e1ny a [\u2026]\" \/>\n<meta property=\"og:url\" content=\"https:\/\/www.eurosmart.hu\/shop\/index.php\/termek\/milwaukee-m12-fpd2-0-fuel-szuperkompakt-utvefuro-csavarozo-4933479867\/\" \/>\n<meta property=\"og:site_name\" content=\"Eurosmart - Milwaukee web\u00e1ruh\u00e1z\" \/>\n<meta property=\"article:publisher\" content=\"https:\/\/www.facebook.com\/EurosmartKft\" \/>\n<meta property=\"article:modified_time\" content=\"2023-10-05T09:12:35+00:00\" \/>\n<meta property=\"og:image\" content=\"https:\/\/www.eurosmart.hu\/shop\/wp-content\/uploads\/2023\/09\/4933479867.jpg\" \/>\n\t<meta property=\"og:image:width\" content=\"600\" \/>\n\t<meta property=\"og:image:height\" content=\"600\" \/>\n\t<meta property=\"og:image:type\" content=\"image\/jpeg\" \/>\n<meta name=\"twitter:card\" content=\"summary_large_image\" \/>\n<meta name=\"twitter:label1\" content=\"Price\" \/>\n\t<meta name=\"twitter:data1\" content=\"\" \/>\n\t<meta name=\"twitter:label2\" content=\"Availability\" \/>\n\t<meta name=\"twitter:data2\" content=\"In stock\" \/>\n<script type=\"application\/ld+json\" class=\"yoast-schema-graph\">{\"@context\":\"https:\/\/schema.org\",\"@graph\":[{\"@type\":\"WebPage\",\"@id\":\"https:\/\/www.eurosmart.hu\/shop\/index.php\/termek\/milwaukee-m12-fpd2-0-fuel-szuperkompakt-utvefuro-csavarozo-4933479867\/\",\"url\":\"https:\/\/www.eurosmart.hu\/shop\/index.php\/termek\/milwaukee-m12-fpd2-0-fuel-szuperkompakt-utvefuro-csavarozo-4933479867\/\",\"name\":\"MILWAUKEE M12 FPD2-0 FUEL\u2122 SZUPERKOMPAKT \u00dcTVEF\u00daR\u00d3-CSAVAROZ\u00d3 (4933479867) - Eurosmart - Milwaukee web\u00e1ruh\u00e1z\",\"isPartOf\":{\"@id\":\"https:\/\/www.eurosmart.hu\/shop\/#website\"},\"datePublished\":\"2023-09-18T10:53:23+00:00\",\"dateModified\":\"2023-10-05T09:12:35+00:00\",\"breadcrumb\":{\"@id\":\"https:\/\/www.eurosmart.hu\/shop\/index.php\/termek\/milwaukee-m12-fpd2-0-fuel-szuperkompakt-utvefuro-csavarozo-4933479867\/#breadcrumb\"},\"inLanguage\":\"hu\",\"potentialAction\":[{\"@type\":\"ReadAction\",\"target\":[\"https:\/\/www.eurosmart.hu\/shop\/index.php\/termek\/milwaukee-m12-fpd2-0-fuel-szuperkompakt-utvefuro-csavarozo-4933479867\/\"]}]},{\"@type\":\"BreadcrumbList\",\"@id\":\"https:\/\/www.eurosmart.hu\/shop\/index.php\/termek\/milwaukee-m12-fpd2-0-fuel-szuperkompakt-utvefuro-csavarozo-4933479867\/#breadcrumb\",\"itemListElement\":[{\"@type\":\"ListItem\",\"position\":1,\"name\":\"Kezd\u0151lap\",\"item\":\"https:\/\/www.eurosmart.hu\/shop\/\"},{\"@type\":\"ListItem\",\"position\":2,\"name\":\"Term\u00e9keink\",\"item\":\"https:\/\/www.eurosmart.hu\/shop\/index.php\/uzlet\/\"},{\"@type\":\"ListItem\",\"position\":3,\"name\":\"MILWAUKEE M12 FPD2-0 FUEL\u2122 SZUPERKOMPAKT \u00dcTVEF\u00daR\u00d3-CSAVAROZ\u00d3 (4933479867)\"}]},{\"@type\":\"WebSite\",\"@id\":\"https:\/\/www.eurosmart.hu\/shop\/#website\",\"url\":\"https:\/\/www.eurosmart.hu\/shop\/\",\"name\":\"Eurosmart - Milwaukee web\u00e1ruh\u00e1z\",\"description\":\"Milwaukee web\u00e1ruh\u00e1z\",\"publisher\":{\"@id\":\"https:\/\/www.eurosmart.hu\/shop\/#organization\"},\"potentialAction\":[{\"@type\":\"SearchAction\",\"target\":{\"@type\":\"EntryPoint\",\"urlTemplate\":\"https:\/\/www.eurosmart.hu\/shop\/?s={search_term_string}\"},\"query-input\":\"required name=search_term_string\"}],\"inLanguage\":\"hu\"},{\"@type\":\"Organization\",\"@id\":\"https:\/\/www.eurosmart.hu\/shop\/#organization\",\"name\":\"Eurosmart - Milwaukee web\u00e1ruh\u00e1z\",\"url\":\"https:\/\/www.eurosmart.hu\/shop\/\",\"logo\":{\"@type\":\"ImageObject\",\"inLanguage\":\"hu\",\"@id\":\"https:\/\/www.eurosmart.hu\/shop\/#\/schema\/logo\/image\/\",\"url\":\"https:\/\/www.eurosmart.hu\/shop\/wp-content\/uploads\/2023\/10\/milwaukee-logo-1.png\",\"contentUrl\":\"https:\/\/www.eurosmart.hu\/shop\/wp-content\/uploads\/2023\/10\/milwaukee-logo-1.png\",\"width\":500,\"height\":200,\"caption\":\"Eurosmart - Milwaukee web\u00e1ruh\u00e1z\"},\"image\":{\"@id\":\"https:\/\/www.eurosmart.hu\/shop\/#\/schema\/logo\/image\/\"},\"sameAs\":[\"https:\/\/www.facebook.com\/EurosmartKft\"]}]}<\/script>\n<meta property=\"product:price:amount\" content=\"0\" \/>\n<meta property=\"product:price:currency\" content=\"HUF\" \/>\n<meta property=\"og:availability\" content=\"instock\" \/>\n<meta property=\"product:availability\" content=\"instock\" \/>\n<meta property=\"product:retailer_item_id\" content=\"4933479867\" \/>\n<meta property=\"product:condition\" content=\"new\" \/>\n<!-- \/ Yoast SEO Premium plugin. -->","yoast_head_json":{"title":"MILWAUKEE M12 FPD2-0 FUEL\u2122 SZUPERKOMPAKT \u00dcTVEF\u00daR\u00d3-CSAVAROZ\u00d3 (4933479867) - Eurosmart - Milwaukee web\u00e1ruh\u00e1z","robots":{"index":"index","follow":"follow","max-snippet":"max-snippet:-1","max-image-preview":"max-image-preview:large","max-video-preview":"max-video-preview:-1"},"canonical":"https:\/\/www.eurosmart.hu\/shop\/index.php\/termek\/milwaukee-m12-fpd2-0-fuel-szuperkompakt-utvefuro-csavarozo-4933479867\/","og_locale":"hu_HU","og_type":"article","og_title":"MILWAUKEE M12 FPD2-0 FUEL\u2122 SZUPERKOMPAKT \u00dcTVEF\u00daR\u00d3-CSAVAROZ\u00d3 (4933479867)","og_description":"Tulajdons\u00e1gok: Rendk\u00edv\u00fcl kompakt kialak\u00edt\u00e1s, 152 mm hossz\u00fa a sz\u0171k helyekre val\u00f3 hozz\u00e1f\u00e9r\u00e9s \u00e9rdek\u00e9ben 45 Nm forgat\u00f3nyomat\u00e9k \u2013 kiv\u00e1l\u00f3 teljes\u00edtm\u00e9ny-m\u00e9retar\u00e1ny 13 mm-es heavy duty f\u00e9m tokm\u00e1ny a [\u2026]","og_url":"https:\/\/www.eurosmart.hu\/shop\/index.php\/termek\/milwaukee-m12-fpd2-0-fuel-szuperkompakt-utvefuro-csavarozo-4933479867\/","og_site_name":"Eurosmart - Milwaukee web\u00e1ruh\u00e1z","article_publisher":"https:\/\/www.facebook.com\/EurosmartKft","article_modified_time":"2023-10-05T09:12:35+00:00","og_image":[{"width":600,"height":600,"url":"https:\/\/www.eurosmart.hu\/shop\/wp-content\/uploads\/2023\/09\/4933479867.jpg","type":"image\/jpeg"}],"twitter_card":"summary_large_image","twitter_misc":{"Price":"","Availability":"In stock"},"schema":{"@context":"https:\/\/schema.org","@graph":[{"@type":"WebPage","@id":"https:\/\/www.eurosmart.hu\/shop\/index.php\/termek\/milwaukee-m12-fpd2-0-fuel-szuperkompakt-utvefuro-csavarozo-4933479867\/","url":"https:\/\/www.eurosmart.hu\/shop\/index.php\/termek\/milwaukee-m12-fpd2-0-fuel-szuperkompakt-utvefuro-csavarozo-4933479867\/","name":"MILWAUKEE M12 FPD2-0 FUEL\u2122 SZUPERKOMPAKT \u00dcTVEF\u00daR\u00d3-CSAVAROZ\u00d3 (4933479867) - Eurosmart - Milwaukee web\u00e1ruh\u00e1z","isPartOf":{"@id":"https:\/\/www.eurosmart.hu\/shop\/#website"},"datePublished":"2023-09-18T10:53:23+00:00","dateModified":"2023-10-05T09:12:35+00:00","breadcrumb":{"@id":"https:\/\/www.eurosmart.hu\/shop\/index.php\/termek\/milwaukee-m12-fpd2-0-fuel-szuperkompakt-utvefuro-csavarozo-4933479867\/#breadcrumb"},"inLanguage":"hu","potentialAction":[{"@type":"ReadAction","target":["https:\/\/www.eurosmart.hu\/shop\/index.php\/termek\/milwaukee-m12-fpd2-0-fuel-szuperkompakt-utvefuro-csavarozo-4933479867\/"]}]},{"@type":"BreadcrumbList","@id":"https:\/\/www.eurosmart.hu\/shop\/index.php\/termek\/milwaukee-m12-fpd2-0-fuel-szuperkompakt-utvefuro-csavarozo-4933479867\/#breadcrumb","itemListElement":[{"@type":"ListItem","position":1,"name":"Kezd\u0151lap","item":"https:\/\/www.eurosmart.hu\/shop\/"},{"@type":"ListItem","position":2,"name":"Term\u00e9keink","item":"https:\/\/www.eurosmart.hu\/shop\/index.php\/uzlet\/"},{"@type":"ListItem","position":3,"name":"MILWAUKEE M12 FPD2-0 FUEL\u2122 SZUPERKOMPAKT \u00dcTVEF\u00daR\u00d3-CSAVAROZ\u00d3 (4933479867)"}]},{"@type":"WebSite","@id":"https:\/\/www.eurosmart.hu\/shop\/#website","url":"https:\/\/www.eurosmart.hu\/shop\/","name":"Eurosmart - Milwaukee web\u00e1ruh\u00e1z","description":"Milwaukee web\u00e1ruh\u00e1z","publisher":{"@id":"https:\/\/www.eurosmart.hu\/shop\/#organization"},"potentialAction":[{"@type":"SearchAction","target":{"@type":"EntryPoint","urlTemplate":"https:\/\/www.eurosmart.hu\/shop\/?s={search_term_string}"},"query-input":"required name=search_term_string"}],"inLanguage":"hu"},{"@type":"Organization","@id":"https:\/\/www.eurosmart.hu\/shop\/#organization","name":"Eurosmart - Milwaukee web\u00e1ruh\u00e1z","url":"https:\/\/www.eurosmart.hu\/shop\/","logo":{"@type":"ImageObject","inLanguage":"hu","@id":"https:\/\/www.eurosmart.hu\/shop\/#\/schema\/logo\/image\/","url":"https:\/\/www.eurosmart.hu\/shop\/wp-content\/uploads\/2023\/10\/milwaukee-logo-1.png","contentUrl":"https:\/\/www.eurosmart.hu\/shop\/wp-content\/uploads\/2023\/10\/milwaukee-logo-1.png","width":500,"height":200,"caption":"Eurosmart - Milwaukee web\u00e1ruh\u00e1z"},"image":{"@id":"https:\/\/www.eurosmart.hu\/shop\/#\/schema\/logo\/image\/"},"sameAs":["https:\/\/www.facebook.com\/EurosmartKft"]}]},"product_price_currency":"HUF","og_availability":"instock","product_availability":"instock","product_retailer_item_id":"4933479867","product_condition":"new"},"_links":{"self":[{"href":"https:\/\/www.eurosmart.hu\/shop\/index.php\/wp-json\/wp\/v2\/product\/2130","targetHints":{"allow":["GET"]}}],"collection":[{"href":"https:\/\/www.eurosmart.hu\/shop\/index.php\/wp-json\/wp\/v2\/product"}],"about":[{"href":"https:\/\/www.eurosmart.hu\/shop\/index.php\/wp-json\/wp\/v2\/types\/product"}],"wp:featuredmedia":[{"embeddable":true,"href":"https:\/\/www.eurosmart.hu\/shop\/index.php\/wp-json\/wp\/v2\/media\/3101"}],"wp:attachment":[{"href":"https:\/\/www.eurosmart.hu\/shop\/index.php\/wp-json\/wp\/v2\/media?parent=2130"}],"wp:term":[{"taxonomy":"product_cat","embeddable":true,"href":"https:\/\/www.eurosmart.hu\/shop\/index.php\/wp-json\/wp\/v2\/product_cat?post=2130"},{"taxonomy":"product_tag","embeddable":true,"href":"https:\/\/www.eurosmart.hu\/shop\/index.php\/wp-json\/wp\/v2\/product_tag?post=2130"}],"curies":[{"name":"wp","href":"https:\/\/api.w.org\/{rel}","templated":true}]}}