{"id":2128,"date":"2023-09-18T10:48:24","date_gmt":"2023-09-18T10:48:24","guid":{"rendered":"https:\/\/www.eurosmart.hu\/shop\/?post_type=product&#038;p=2128"},"modified":"2023-12-18T08:26:03","modified_gmt":"2023-12-18T08:26:03","slug":"milwaukee-m12-fiwf12-422x-fuel-szuperkompakt-utvecsavarozo-4933464616","status":"publish","type":"product","link":"https:\/\/www.eurosmart.hu\/shop\/index.php\/termek\/milwaukee-m12-fiwf12-422x-fuel-szuperkompakt-utvecsavarozo-4933464616\/","title":{"rendered":"MILWAUKEE M12 FIWF12-422X FUEL\u2122 SZUPERKOMPAKT 1\/2\u2033 \u00dcTVECSAVAROZ\u00d3 SZETT HD KOFFERBEN (4933464616)"},"content":{"rendered":"<h5>Tulajdons\u00e1gok:<\/h5>\n<ul class=\"ProductFeaturesTextstyles__FeatureList-fxqvf2-1 dUrrwH\">\n<li class=\"ProductFeaturesTextstyles__Feature-fxqvf2-3 ggyeUS\">Nagyobb teljes\u00edtm\u00e9ny, kompaktabb m\u00e9ret, jobb ir\u00e1ny\u00edthat\u00f3s\u00e1g<\/li>\n<li class=\"ProductFeaturesTextstyles__Feature-fxqvf2-3 ggyeUS\">Ak\u00e1r 339 Nm max. nyomat\u00e9k<\/li>\n<li class=\"ProductFeaturesTextstyles__Feature-fxqvf2-3 ggyeUS\">\u00bd\u2033-os, biztos\u00edt\u00f3 gy\u0171r\u0171vel ell\u00e1tott szersz\u00e1mbefog\u00f3 a gyors \u00e9s k\u00f6nny\u0171 szersz\u00e1mcsere \u00e9rdek\u00e9ben<\/li>\n<li class=\"ProductFeaturesTextstyles__Feature-fxqvf2-3 ggyeUS\">Sz\u00e9nkefe n\u00e9lk\u00fcli POWERSTATE\u2122 motor: nagyobb teljes\u00edtm\u00e9nyt ny\u00fajt kompaktabb m\u00e9retben<\/li>\n<li class=\"ProductFeaturesTextstyles__Feature-fxqvf2-3 ggyeUS\">REDLINK PLUS\u2122 intelligens elektronika: a fejlett digit\u00e1lis t\u00falterhel\u00e9sv\u00e9delem az akkumul\u00e1tor \u00e9s a g\u00e9p v\u00e9delm\u00e9\u00e9rt, jav\u00edtja a g\u00e9p teljes\u00edtm\u00e9ny\u00e9t terhel\u00e9s alatt<\/li>\n<li class=\"ProductFeaturesTextstyles__Feature-fxqvf2-3 ggyeUS\">A REDLITHIUM\u2122 akkumul\u00e1tor kit\u0171n\u0151 min\u0151s\u00e9g\u0171 konstrukci\u00f3t \u00e9s elektronik\u00e1t k\u00edn\u00e1l, valamint lemer\u00fcl\u00e9s-biztos, \u00edgy hosszabb m\u0171k\u00f6d\u00e9si id\u0151t \u00e9s hosszabb ideig tart\u00f3 munkav\u00e9gz\u00e9st biztos\u00edt az akkumul\u00e1tor \u00e9lettartama alatt<\/li>\n<li class=\"ProductFeaturesTextstyles__Feature-fxqvf2-3 ggyeUS\">Egyedi cellafigyel\u0151 rendszer optimaliz\u00e1lja a m\u0171k\u00f6d\u00e9si id\u0151t \u00e9s biztos\u00edtja az akkumul\u00e1tor hossz\u00fa \u00e9lettartam\u00e1t<\/li>\n<li class=\"ProductFeaturesTextstyles__Feature-fxqvf2-3 ggyeUS\">Jobb hozz\u00e1f\u00e9r\u00e9s sz\u0171k helyeken, teljes hossza csup\u00e1n 124,5 mm<\/li>\n<li class=\"ProductFeaturesTextstyles__Feature-fxqvf2-3 ggyeUS\">4 fokozat\u00fa DRIVE CONTROL automatikus kikapcsol\u00e1si m\u00f3ddal pontos vez\u00e9rl\u00e9st biztos\u00edt<\/li>\n<li class=\"ProductFeaturesTextstyles__Feature-fxqvf2-3 ggyeUS\">LED f\u00e9ny a munkater\u00fclet megvil\u00e1g\u00edt\u00e1s\u00e1hoz<\/li>\n<li class=\"ProductFeaturesTextstyles__Feature-fxqvf2-3 ggyeUS\">Rugalmas akkumul\u00e1tor rendszerrel &#8211; MILWAUKEE\u00ae\u00a0<a href=\"https:\/\/hu.milwaukeetool.eu\/systems\/m12\/\">M12\u2122<\/a>\u00a0akkumul\u00e1torokkal m\u0171k\u00f6dik<\/li>\n<\/ul>\n<h5>M\u0171szaki adatok:<\/h5>\n<ul>\n<li>T\u00edpus: Akkumul\u00e1toros, Li-ion 12V<\/li>\n<li>\u00dcresj\u00e1rati fordulatsz\u00e1m (ford\/perc): 1200\/1800\/2700\/2700<\/li>\n<li>\u00dct\u00e9ssz\u00e1m (\u00fct\u00e9s\/perc): 1100\/2100\/3200<\/li>\n<li>Max. nyomat\u00e9k (Nm): 339<\/li>\n<li>Max. csavar\u00e1tm\u00e9r\u0151: M16<\/li>\n<li>Szersz\u00e1m befog\u00e1s: 1\/2&#8243; n\u00e9gysz\u00f6g<\/li>\n<li>S\u00faly akkumul\u00e1torral (Kg): 1.1<\/li>\n<\/ul>\n","protected":false},"excerpt":{"rendered":"<h5>A k\u00e9szlet tartalma:<\/h5>\n<ul>\n<li>1 db M12 FIWF12 \u00fctvecsavaroz\u00f3<\/li>\n<li>1 db M12 B4 4.0 Ah akkumul\u00e1tor<\/li>\n<li>1 db M12 B2 2.0 Ah akkumul\u00e1tor<\/li>\n<li>1 db M12 C12 C t\u00f6lt\u0151<\/li>\n<li>1 db Heavy Duty koffer<\/li>\n<\/ul>\n","protected":false},"featured_media":3100,"template":"","meta":[],"product_cat":[167,165,231,59,228,89],"product_tag":[],"class_list":["post-2128","product","type-product","status-publish","has-post-thumbnail","hentry","product_cat-akkumulatoros-furas-veses-es-rogzites","product_cat-akkumulatoros-gepek","product_cat-m12-rendszer","product_cat-milwaukee","product_cat-rendszer","product_cat-termekek"],"yoast_head":"<!-- This site is optimized with the Yoast SEO Premium plugin v21.3 (Yoast SEO v21.3) - https:\/\/yoast.com\/wordpress\/plugins\/seo\/ -->\n<title>MILWAUKEE M12 FIWF12-422X FUEL\u2122 SZUPERKOMPAKT 1\/2\u2033 \u00dcTVECSAVAROZ\u00d3 SZETT HD KOFFERBEN (4933464616) - Eurosmart - Milwaukee web\u00e1ruh\u00e1z<\/title>\n<meta name=\"robots\" content=\"index, follow, max-snippet:-1, max-image-preview:large, max-video-preview:-1\" \/>\n<link rel=\"canonical\" href=\"https:\/\/www.eurosmart.hu\/shop\/index.php\/termek\/milwaukee-m12-fiwf12-422x-fuel-szuperkompakt-utvecsavarozo-4933464616\/\" \/>\n<meta property=\"og:locale\" content=\"hu_HU\" \/>\n<meta property=\"og:type\" content=\"article\" \/>\n<meta property=\"og:title\" content=\"MILWAUKEE M12 FIWF12-422X FUEL\u2122 SZUPERKOMPAKT 1\/2\u2033 \u00dcTVECSAVAROZ\u00d3 SZETT HD KOFFERBEN (4933464616)\" \/>\n<meta property=\"og:description\" content=\"A k\u00e9szlet tartalma:   1 db M12 FIWF12 \u00fctvecsavaroz\u00f3  1 db M12 B4 4.0 Ah akkumul\u00e1tor  1 db M12 B2 2.0 Ah akkumul\u00e1tor  1 db M12 C12 C t\u00f6lt\u0151  1 db Heavy Duty koffer\" \/>\n<meta property=\"og:url\" content=\"https:\/\/www.eurosmart.hu\/shop\/index.php\/termek\/milwaukee-m12-fiwf12-422x-fuel-szuperkompakt-utvecsavarozo-4933464616\/\" \/>\n<meta property=\"og:site_name\" content=\"Eurosmart - Milwaukee web\u00e1ruh\u00e1z\" \/>\n<meta property=\"article:publisher\" content=\"https:\/\/www.facebook.com\/EurosmartKft\" \/>\n<meta property=\"article:modified_time\" content=\"2023-12-18T08:26:03+00:00\" \/>\n<meta property=\"og:image\" content=\"https:\/\/www.eurosmart.hu\/shop\/wp-content\/uploads\/2023\/09\/4933464616.jpg\" \/>\n\t<meta property=\"og:image:width\" content=\"600\" \/>\n\t<meta property=\"og:image:height\" content=\"600\" \/>\n\t<meta property=\"og:image:type\" content=\"image\/jpeg\" \/>\n<meta name=\"twitter:card\" content=\"summary_large_image\" \/>\n<meta name=\"twitter:label1\" content=\"Price\" \/>\n\t<meta name=\"twitter:data1\" content=\"\" \/>\n\t<meta name=\"twitter:label2\" content=\"Availability\" \/>\n\t<meta name=\"twitter:data2\" content=\"In stock\" \/>\n<script type=\"application\/ld+json\" class=\"yoast-schema-graph\">{\"@context\":\"https:\/\/schema.org\",\"@graph\":[{\"@type\":\"WebPage\",\"@id\":\"https:\/\/www.eurosmart.hu\/shop\/index.php\/termek\/milwaukee-m12-fiwf12-422x-fuel-szuperkompakt-utvecsavarozo-4933464616\/\",\"url\":\"https:\/\/www.eurosmart.hu\/shop\/index.php\/termek\/milwaukee-m12-fiwf12-422x-fuel-szuperkompakt-utvecsavarozo-4933464616\/\",\"name\":\"MILWAUKEE M12 FIWF12-422X FUEL\u2122 SZUPERKOMPAKT 1\/2\u2033 \u00dcTVECSAVAROZ\u00d3 SZETT HD KOFFERBEN (4933464616) - Eurosmart - Milwaukee web\u00e1ruh\u00e1z\",\"isPartOf\":{\"@id\":\"https:\/\/www.eurosmart.hu\/shop\/#website\"},\"datePublished\":\"2023-09-18T10:48:24+00:00\",\"dateModified\":\"2023-12-18T08:26:03+00:00\",\"breadcrumb\":{\"@id\":\"https:\/\/www.eurosmart.hu\/shop\/index.php\/termek\/milwaukee-m12-fiwf12-422x-fuel-szuperkompakt-utvecsavarozo-4933464616\/#breadcrumb\"},\"inLanguage\":\"hu\",\"potentialAction\":[{\"@type\":\"ReadAction\",\"target\":[\"https:\/\/www.eurosmart.hu\/shop\/index.php\/termek\/milwaukee-m12-fiwf12-422x-fuel-szuperkompakt-utvecsavarozo-4933464616\/\"]}]},{\"@type\":\"BreadcrumbList\",\"@id\":\"https:\/\/www.eurosmart.hu\/shop\/index.php\/termek\/milwaukee-m12-fiwf12-422x-fuel-szuperkompakt-utvecsavarozo-4933464616\/#breadcrumb\",\"itemListElement\":[{\"@type\":\"ListItem\",\"position\":1,\"name\":\"Kezd\u0151lap\",\"item\":\"https:\/\/www.eurosmart.hu\/shop\/\"},{\"@type\":\"ListItem\",\"position\":2,\"name\":\"Term\u00e9keink\",\"item\":\"https:\/\/www.eurosmart.hu\/shop\/index.php\/uzlet\/\"},{\"@type\":\"ListItem\",\"position\":3,\"name\":\"MILWAUKEE M12 FIWF12-422X FUEL\u2122 SZUPERKOMPAKT 1\/2\u2033 \u00dcTVECSAVAROZ\u00d3 SZETT HD KOFFERBEN (4933464616)\"}]},{\"@type\":\"WebSite\",\"@id\":\"https:\/\/www.eurosmart.hu\/shop\/#website\",\"url\":\"https:\/\/www.eurosmart.hu\/shop\/\",\"name\":\"Eurosmart - Milwaukee web\u00e1ruh\u00e1z\",\"description\":\"Milwaukee web\u00e1ruh\u00e1z\",\"publisher\":{\"@id\":\"https:\/\/www.eurosmart.hu\/shop\/#organization\"},\"potentialAction\":[{\"@type\":\"SearchAction\",\"target\":{\"@type\":\"EntryPoint\",\"urlTemplate\":\"https:\/\/www.eurosmart.hu\/shop\/?s={search_term_string}\"},\"query-input\":\"required name=search_term_string\"}],\"inLanguage\":\"hu\"},{\"@type\":\"Organization\",\"@id\":\"https:\/\/www.eurosmart.hu\/shop\/#organization\",\"name\":\"Eurosmart - Milwaukee web\u00e1ruh\u00e1z\",\"url\":\"https:\/\/www.eurosmart.hu\/shop\/\",\"logo\":{\"@type\":\"ImageObject\",\"inLanguage\":\"hu\",\"@id\":\"https:\/\/www.eurosmart.hu\/shop\/#\/schema\/logo\/image\/\",\"url\":\"https:\/\/www.eurosmart.hu\/shop\/wp-content\/uploads\/2023\/10\/milwaukee-logo-1.png\",\"contentUrl\":\"https:\/\/www.eurosmart.hu\/shop\/wp-content\/uploads\/2023\/10\/milwaukee-logo-1.png\",\"width\":500,\"height\":200,\"caption\":\"Eurosmart - Milwaukee web\u00e1ruh\u00e1z\"},\"image\":{\"@id\":\"https:\/\/www.eurosmart.hu\/shop\/#\/schema\/logo\/image\/\"},\"sameAs\":[\"https:\/\/www.facebook.com\/EurosmartKft\"]}]}<\/script>\n<meta property=\"product:price:amount\" content=\"0\" \/>\n<meta property=\"product:price:currency\" content=\"HUF\" \/>\n<meta property=\"og:availability\" content=\"instock\" \/>\n<meta property=\"product:availability\" content=\"instock\" \/>\n<meta property=\"product:retailer_item_id\" content=\"4933464616\" \/>\n<meta property=\"product:condition\" content=\"new\" \/>\n<!-- \/ Yoast SEO Premium plugin. -->","yoast_head_json":{"title":"MILWAUKEE M12 FIWF12-422X FUEL\u2122 SZUPERKOMPAKT 1\/2\u2033 \u00dcTVECSAVAROZ\u00d3 SZETT HD KOFFERBEN (4933464616) - Eurosmart - Milwaukee web\u00e1ruh\u00e1z","robots":{"index":"index","follow":"follow","max-snippet":"max-snippet:-1","max-image-preview":"max-image-preview:large","max-video-preview":"max-video-preview:-1"},"canonical":"https:\/\/www.eurosmart.hu\/shop\/index.php\/termek\/milwaukee-m12-fiwf12-422x-fuel-szuperkompakt-utvecsavarozo-4933464616\/","og_locale":"hu_HU","og_type":"article","og_title":"MILWAUKEE M12 FIWF12-422X FUEL\u2122 SZUPERKOMPAKT 1\/2\u2033 \u00dcTVECSAVAROZ\u00d3 SZETT HD KOFFERBEN (4933464616)","og_description":"A k\u00e9szlet tartalma:   1 db M12 FIWF12 \u00fctvecsavaroz\u00f3  1 db M12 B4 4.0 Ah akkumul\u00e1tor  1 db M12 B2 2.0 Ah akkumul\u00e1tor  1 db M12 C12 C t\u00f6lt\u0151  1 db Heavy Duty koffer","og_url":"https:\/\/www.eurosmart.hu\/shop\/index.php\/termek\/milwaukee-m12-fiwf12-422x-fuel-szuperkompakt-utvecsavarozo-4933464616\/","og_site_name":"Eurosmart - Milwaukee web\u00e1ruh\u00e1z","article_publisher":"https:\/\/www.facebook.com\/EurosmartKft","article_modified_time":"2023-12-18T08:26:03+00:00","og_image":[{"width":600,"height":600,"url":"https:\/\/www.eurosmart.hu\/shop\/wp-content\/uploads\/2023\/09\/4933464616.jpg","type":"image\/jpeg"}],"twitter_card":"summary_large_image","twitter_misc":{"Price":"","Availability":"In stock"},"schema":{"@context":"https:\/\/schema.org","@graph":[{"@type":"WebPage","@id":"https:\/\/www.eurosmart.hu\/shop\/index.php\/termek\/milwaukee-m12-fiwf12-422x-fuel-szuperkompakt-utvecsavarozo-4933464616\/","url":"https:\/\/www.eurosmart.hu\/shop\/index.php\/termek\/milwaukee-m12-fiwf12-422x-fuel-szuperkompakt-utvecsavarozo-4933464616\/","name":"MILWAUKEE M12 FIWF12-422X FUEL\u2122 SZUPERKOMPAKT 1\/2\u2033 \u00dcTVECSAVAROZ\u00d3 SZETT HD KOFFERBEN (4933464616) - Eurosmart - Milwaukee web\u00e1ruh\u00e1z","isPartOf":{"@id":"https:\/\/www.eurosmart.hu\/shop\/#website"},"datePublished":"2023-09-18T10:48:24+00:00","dateModified":"2023-12-18T08:26:03+00:00","breadcrumb":{"@id":"https:\/\/www.eurosmart.hu\/shop\/index.php\/termek\/milwaukee-m12-fiwf12-422x-fuel-szuperkompakt-utvecsavarozo-4933464616\/#breadcrumb"},"inLanguage":"hu","potentialAction":[{"@type":"ReadAction","target":["https:\/\/www.eurosmart.hu\/shop\/index.php\/termek\/milwaukee-m12-fiwf12-422x-fuel-szuperkompakt-utvecsavarozo-4933464616\/"]}]},{"@type":"BreadcrumbList","@id":"https:\/\/www.eurosmart.hu\/shop\/index.php\/termek\/milwaukee-m12-fiwf12-422x-fuel-szuperkompakt-utvecsavarozo-4933464616\/#breadcrumb","itemListElement":[{"@type":"ListItem","position":1,"name":"Kezd\u0151lap","item":"https:\/\/www.eurosmart.hu\/shop\/"},{"@type":"ListItem","position":2,"name":"Term\u00e9keink","item":"https:\/\/www.eurosmart.hu\/shop\/index.php\/uzlet\/"},{"@type":"ListItem","position":3,"name":"MILWAUKEE M12 FIWF12-422X FUEL\u2122 SZUPERKOMPAKT 1\/2\u2033 \u00dcTVECSAVAROZ\u00d3 SZETT HD KOFFERBEN (4933464616)"}]},{"@type":"WebSite","@id":"https:\/\/www.eurosmart.hu\/shop\/#website","url":"https:\/\/www.eurosmart.hu\/shop\/","name":"Eurosmart - Milwaukee web\u00e1ruh\u00e1z","description":"Milwaukee web\u00e1ruh\u00e1z","publisher":{"@id":"https:\/\/www.eurosmart.hu\/shop\/#organization"},"potentialAction":[{"@type":"SearchAction","target":{"@type":"EntryPoint","urlTemplate":"https:\/\/www.eurosmart.hu\/shop\/?s={search_term_string}"},"query-input":"required name=search_term_string"}],"inLanguage":"hu"},{"@type":"Organization","@id":"https:\/\/www.eurosmart.hu\/shop\/#organization","name":"Eurosmart - Milwaukee web\u00e1ruh\u00e1z","url":"https:\/\/www.eurosmart.hu\/shop\/","logo":{"@type":"ImageObject","inLanguage":"hu","@id":"https:\/\/www.eurosmart.hu\/shop\/#\/schema\/logo\/image\/","url":"https:\/\/www.eurosmart.hu\/shop\/wp-content\/uploads\/2023\/10\/milwaukee-logo-1.png","contentUrl":"https:\/\/www.eurosmart.hu\/shop\/wp-content\/uploads\/2023\/10\/milwaukee-logo-1.png","width":500,"height":200,"caption":"Eurosmart - Milwaukee web\u00e1ruh\u00e1z"},"image":{"@id":"https:\/\/www.eurosmart.hu\/shop\/#\/schema\/logo\/image\/"},"sameAs":["https:\/\/www.facebook.com\/EurosmartKft"]}]},"product_price_currency":"HUF","og_availability":"instock","product_availability":"instock","product_retailer_item_id":"4933464616","product_condition":"new"},"_links":{"self":[{"href":"https:\/\/www.eurosmart.hu\/shop\/index.php\/wp-json\/wp\/v2\/product\/2128","targetHints":{"allow":["GET"]}}],"collection":[{"href":"https:\/\/www.eurosmart.hu\/shop\/index.php\/wp-json\/wp\/v2\/product"}],"about":[{"href":"https:\/\/www.eurosmart.hu\/shop\/index.php\/wp-json\/wp\/v2\/types\/product"}],"wp:featuredmedia":[{"embeddable":true,"href":"https:\/\/www.eurosmart.hu\/shop\/index.php\/wp-json\/wp\/v2\/media\/3100"}],"wp:attachment":[{"href":"https:\/\/www.eurosmart.hu\/shop\/index.php\/wp-json\/wp\/v2\/media?parent=2128"}],"wp:term":[{"taxonomy":"product_cat","embeddable":true,"href":"https:\/\/www.eurosmart.hu\/shop\/index.php\/wp-json\/wp\/v2\/product_cat?post=2128"},{"taxonomy":"product_tag","embeddable":true,"href":"https:\/\/www.eurosmart.hu\/shop\/index.php\/wp-json\/wp\/v2\/product_tag?post=2128"}],"curies":[{"name":"wp","href":"https:\/\/api.w.org\/{rel}","templated":true}]}}