{"id":2117,"date":"2023-09-18T10:16:07","date_gmt":"2023-09-18T10:16:07","guid":{"rendered":"https:\/\/www.eurosmart.hu\/shop\/?post_type=product&#038;p=2117"},"modified":"2024-01-08T13:50:15","modified_gmt":"2024-01-08T13:50:15","slug":"milwaukee-m12-fhs-0-fuel-hatchet-agvago-lancfuresz-4933472211","status":"publish","type":"product","link":"https:\/\/www.eurosmart.hu\/shop\/index.php\/termek\/milwaukee-m12-fhs-0-fuel-hatchet-agvago-lancfuresz-4933472211\/","title":{"rendered":"MILWAUKEE M12 FHS-0 FUEL\u2122 HATCHET\u2122 \u00c1GV\u00c1G\u00d3 L\u00c1NCF\u0170R\u00c9SZ (4933472211)"},"content":{"rendered":"<h5>Tulajdons\u00e1gok:<\/h5>\n<ul>\n<li class=\"ProductFeaturesTextstyles__Feature-fxqvf2-3 ggyeUS\">Az\u00a0<a href=\"https:\/\/hu.milwaukeetool.eu\/systems\/m12\/fuel\/\">M12 FUEL\u2122<\/a>\u00a0HATCHET\u2122 \u00e1gv\u00e1g\u00f3 l\u00e1ncf\u0171r\u00e9sz kiemelked\u0151 vez\u00e9rl\u00e9st \u00e9s hozz\u00e1f\u00e9r\u00e9st biztos\u00edt,\u00a0<a href=\"https:\/\/hu.milwaukeetool.eu\/hu-hu\/m12-4,0-ah-akkumulator\/m12-b4\/\">M12 B4<\/a>\u00a0akkumul\u00e1torral 120 v\u00e1g\u00e1st, 75 mm-es kem\u00e9nyf\u00e1ban<\/li>\n<li class=\"ProductFeaturesTextstyles__Feature-fxqvf2-3 ggyeUS\">\u00dagy tervezt\u00e9k, hogy megfeleljen a t\u00e1jfenntart\u00f3 szakemberek ergon\u00f3miai, teljes\u00edtm\u00e9ny- \u00e9s tart\u00f3ss\u00e1gi ig\u00e9nyeinek<\/li>\n<li class=\"ProductFeaturesTextstyles__Feature-fxqvf2-3 ggyeUS\">A 2,3 kg t\u00f6meg\u0171, kompakt kivitel\u0171, vezet\u00e9k n\u00e9lk\u00fcli \u00e1gv\u00e1g\u00f3 l\u00e1ncf\u0171r\u00e9sz rendk\u00edv\u00fcl k\u00f6nnyen vez\u00e9relhet\u0151 \u00e9s kezelhet\u0151 nehezen el\u00e9rhet\u0151 helyeken<\/li>\n<li class=\"ProductFeaturesTextstyles__Feature-fxqvf2-3 ggyeUS\">K\u00f6nnyen hozz\u00e1f\u00e9rhet\u0151 l\u00e1ncfesz\u00edt\u0151vel gyorsan be\u00e1ll\u00edthat\u00f3 a l\u00e1ncfeszess\u00e9g<\/li>\n<li class=\"ProductFeaturesTextstyles__Feature-fxqvf2-3 ggyeUS\">Az \u00e1tl\u00e1tsz\u00f3 olajtart\u00e1lyban j\u00f3l l\u00e1that\u00f3 az olajszint<\/li>\n<li class=\"ProductFeaturesTextstyles__Feature-fxqvf2-3 ggyeUS\">V\u00e1ltoztathat\u00f3 sebess\u00e9gkapcsol\u00f3 biztos\u00edtja a felhaszn\u00e1l\u00f3nak a teljes\u00edtm\u00e9ny teljes k\u00f6r\u0171 ellen\u0151rz\u00e9s\u00e9t<\/li>\n<li class=\"ProductFeaturesTextstyles__Feature-fxqvf2-3 ggyeUS\">A teljesen f\u00e9m r\u00f6nkt\u00e1masz stabilabb v\u00e1g\u00e1st \u00e9s hosszabb \u00e9lettartamot biztos\u00edt<\/li>\n<li class=\"ProductFeaturesTextstyles__Feature-fxqvf2-3 ggyeUS\">Automatikus olajoz\u00e1s a k\u00f6nnyebb haszn\u00e1lathoz \u00e9s a megfelel\u0151 l\u00e1ncken\u00e9shez<\/li>\n<li class=\"ProductFeaturesTextstyles__Feature-fxqvf2-3 ggyeUS\">Bels\u0151 t\u00e1rhely a l\u00e1ncf\u0171r\u00e9sz gyertyakulcsnak<\/li>\n<li class=\"ProductFeaturesTextstyles__Feature-fxqvf2-3 ggyeUS\">1 db Oregon 15 cm (6\u2033) l\u00e1ncvezet\u0151 \u00e9s l\u00e1nc, 1 db l\u00e1ncf\u0171r\u00e9sz gyertyakulcs \u00e9s 1 db l\u00e1ncv\u00e9d\u0151 tok<\/li>\n<li class=\"ProductFeaturesTextstyles__Feature-fxqvf2-3 ggyeUS\">FUEL\u2122 platformunk DNS-e \u00fajradefini\u00e1lja a vezet\u00e9k n\u00e9lk\u00fcli technol\u00f3gia egyens\u00faly\u00e1t. A MILWAUKEE\u00ae POWERSTATE\u2122 sz\u00e9nkefe n\u00e9lk\u00fcli motor, REDLITHIUM\u2122 akkumul\u00e1tor \u00e9s REDLINK PLUS\u2122 intelligens elektronika p\u00e1ratlan teljes\u00edtm\u00e9nyt, \u00fczemid\u0151t \u00e9s tart\u00f3ss\u00e1got biztos\u00edt.<\/li>\n<li class=\"ProductFeaturesTextstyles__Feature-fxqvf2-3 ggyeUS\">Rugalmas akkumul\u00e1tor rendszerrel &#8211; MILWAUKEE\u00ae\u00a0<a href=\"https:\/\/hu.milwaukeetool.eu\/systems\/m12\/\">M12\u2122<\/a>\u00a0akkumul\u00e1torokkal m\u0171k\u00f6dik<\/li>\n<\/ul>\n<h5><strong>M\u0171szaki adatok:<\/strong><\/h5>\n<ul>\n<li>T\u00edpus: Akkumul\u00e1toros, Li-ion 12V<\/li>\n<li>L\u00e1nc sebess\u00e9g: 5 m\/s<\/li>\n<li>L\u00e1ncvezet\u0151 hossza: 15 cm<\/li>\n<li>Munkahossz: 14 cm<\/li>\n<li>S\u00faly akkumul\u00e1torral: 2.3 kg<\/li>\n<\/ul>\n<div class=\"data__item col-md-6 data__item-param\"><\/div>\n","protected":false},"excerpt":{"rendered":"<p><strong>A k\u00e9szlet tartalma:<\/strong><\/p>\n<ul>\n<li>1 db M12 FHS L\u00e1ncf\u0171r\u00e9sz <em>(akkumul\u00e1tor, t\u00f6lt\u0151 \u00e9s koffer n\u00e9lk\u00fcl sz\u00e1ll\u00edtva!)<\/em><\/li>\n<li>1 db Oregon 15 cm (6\u2033) r\u00fad \u00e9s l\u00e1nc, 1 db h\u00fcvely, \u00e9s 1 db l\u00e1ncf\u0171r\u00e9sz cs\u0151kulcs<\/li>\n<\/ul>\n","protected":false},"featured_media":3094,"template":"","meta":[],"product_cat":[184,185,231,59,228,89],"product_tag":[],"class_list":["post-2117","product","type-product","status-publish","has-post-thumbnail","hentry","product_cat-kerti-gepek","product_cat-lancfureszek","product_cat-m12-rendszer","product_cat-milwaukee","product_cat-rendszer","product_cat-termekek"],"yoast_head":"<!-- This site is optimized with the Yoast SEO Premium plugin v21.3 (Yoast SEO v21.3) - https:\/\/yoast.com\/wordpress\/plugins\/seo\/ -->\n<title>MILWAUKEE M12 FHS-0 FUEL\u2122 HATCHET\u2122 \u00c1GV\u00c1G\u00d3 L\u00c1NCF\u0170R\u00c9SZ (4933472211) - Eurosmart - Milwaukee web\u00e1ruh\u00e1z<\/title>\n<meta name=\"robots\" content=\"index, follow, max-snippet:-1, max-image-preview:large, max-video-preview:-1\" \/>\n<link rel=\"canonical\" href=\"https:\/\/www.eurosmart.hu\/shop\/index.php\/termek\/milwaukee-m12-fhs-0-fuel-hatchet-agvago-lancfuresz-4933472211\/\" \/>\n<meta property=\"og:locale\" content=\"hu_HU\" \/>\n<meta property=\"og:type\" content=\"article\" \/>\n<meta property=\"og:title\" content=\"MILWAUKEE M12 FHS-0 FUEL\u2122 HATCHET\u2122 \u00c1GV\u00c1G\u00d3 L\u00c1NCF\u0170R\u00c9SZ (4933472211)\" \/>\n<meta property=\"og:description\" content=\"A k\u00e9szlet tartalma:   1 db M12 FHS L\u00e1ncf\u0171r\u00e9sz (akkumul\u00e1tor, t\u00f6lt\u0151 \u00e9s koffer n\u00e9lk\u00fcl sz\u00e1ll\u00edtva!)  1 db Oregon 15 cm (6\u2033) r\u00fad \u00e9s l\u00e1nc, 1 db h\u00fcvely, \u00e9s 1 db l\u00e1ncf\u0171r\u00e9sz cs\u0151kulcs\" \/>\n<meta property=\"og:url\" content=\"https:\/\/www.eurosmart.hu\/shop\/index.php\/termek\/milwaukee-m12-fhs-0-fuel-hatchet-agvago-lancfuresz-4933472211\/\" \/>\n<meta property=\"og:site_name\" content=\"Eurosmart - Milwaukee web\u00e1ruh\u00e1z\" \/>\n<meta property=\"article:publisher\" content=\"https:\/\/www.facebook.com\/EurosmartKft\" \/>\n<meta property=\"article:modified_time\" content=\"2024-01-08T13:50:15+00:00\" \/>\n<meta property=\"og:image\" content=\"https:\/\/www.eurosmart.hu\/shop\/wp-content\/uploads\/2023\/09\/4933472211.jpg\" \/>\n\t<meta property=\"og:image:width\" content=\"600\" \/>\n\t<meta property=\"og:image:height\" content=\"600\" \/>\n\t<meta property=\"og:image:type\" content=\"image\/jpeg\" \/>\n<meta name=\"twitter:card\" content=\"summary_large_image\" \/>\n<meta name=\"twitter:label1\" content=\"Price\" \/>\n\t<meta name=\"twitter:data1\" content=\"\" \/>\n\t<meta name=\"twitter:label2\" content=\"Availability\" \/>\n\t<meta name=\"twitter:data2\" content=\"In stock\" \/>\n<script type=\"application\/ld+json\" class=\"yoast-schema-graph\">{\"@context\":\"https:\/\/schema.org\",\"@graph\":[{\"@type\":\"WebPage\",\"@id\":\"https:\/\/www.eurosmart.hu\/shop\/index.php\/termek\/milwaukee-m12-fhs-0-fuel-hatchet-agvago-lancfuresz-4933472211\/\",\"url\":\"https:\/\/www.eurosmart.hu\/shop\/index.php\/termek\/milwaukee-m12-fhs-0-fuel-hatchet-agvago-lancfuresz-4933472211\/\",\"name\":\"MILWAUKEE M12 FHS-0 FUEL\u2122 HATCHET\u2122 \u00c1GV\u00c1G\u00d3 L\u00c1NCF\u0170R\u00c9SZ (4933472211) - Eurosmart - Milwaukee web\u00e1ruh\u00e1z\",\"isPartOf\":{\"@id\":\"https:\/\/www.eurosmart.hu\/shop\/#website\"},\"datePublished\":\"2023-09-18T10:16:07+00:00\",\"dateModified\":\"2024-01-08T13:50:15+00:00\",\"breadcrumb\":{\"@id\":\"https:\/\/www.eurosmart.hu\/shop\/index.php\/termek\/milwaukee-m12-fhs-0-fuel-hatchet-agvago-lancfuresz-4933472211\/#breadcrumb\"},\"inLanguage\":\"hu\",\"potentialAction\":[{\"@type\":\"ReadAction\",\"target\":[\"https:\/\/www.eurosmart.hu\/shop\/index.php\/termek\/milwaukee-m12-fhs-0-fuel-hatchet-agvago-lancfuresz-4933472211\/\"]}]},{\"@type\":\"BreadcrumbList\",\"@id\":\"https:\/\/www.eurosmart.hu\/shop\/index.php\/termek\/milwaukee-m12-fhs-0-fuel-hatchet-agvago-lancfuresz-4933472211\/#breadcrumb\",\"itemListElement\":[{\"@type\":\"ListItem\",\"position\":1,\"name\":\"Kezd\u0151lap\",\"item\":\"https:\/\/www.eurosmart.hu\/shop\/\"},{\"@type\":\"ListItem\",\"position\":2,\"name\":\"Term\u00e9keink\",\"item\":\"https:\/\/www.eurosmart.hu\/shop\/index.php\/uzlet\/\"},{\"@type\":\"ListItem\",\"position\":3,\"name\":\"MILWAUKEE M12 FHS-0 FUEL\u2122 HATCHET\u2122 \u00c1GV\u00c1G\u00d3 L\u00c1NCF\u0170R\u00c9SZ (4933472211)\"}]},{\"@type\":\"WebSite\",\"@id\":\"https:\/\/www.eurosmart.hu\/shop\/#website\",\"url\":\"https:\/\/www.eurosmart.hu\/shop\/\",\"name\":\"Eurosmart - Milwaukee web\u00e1ruh\u00e1z\",\"description\":\"Milwaukee web\u00e1ruh\u00e1z\",\"publisher\":{\"@id\":\"https:\/\/www.eurosmart.hu\/shop\/#organization\"},\"potentialAction\":[{\"@type\":\"SearchAction\",\"target\":{\"@type\":\"EntryPoint\",\"urlTemplate\":\"https:\/\/www.eurosmart.hu\/shop\/?s={search_term_string}\"},\"query-input\":\"required name=search_term_string\"}],\"inLanguage\":\"hu\"},{\"@type\":\"Organization\",\"@id\":\"https:\/\/www.eurosmart.hu\/shop\/#organization\",\"name\":\"Eurosmart - Milwaukee web\u00e1ruh\u00e1z\",\"url\":\"https:\/\/www.eurosmart.hu\/shop\/\",\"logo\":{\"@type\":\"ImageObject\",\"inLanguage\":\"hu\",\"@id\":\"https:\/\/www.eurosmart.hu\/shop\/#\/schema\/logo\/image\/\",\"url\":\"https:\/\/www.eurosmart.hu\/shop\/wp-content\/uploads\/2023\/10\/milwaukee-logo-1.png\",\"contentUrl\":\"https:\/\/www.eurosmart.hu\/shop\/wp-content\/uploads\/2023\/10\/milwaukee-logo-1.png\",\"width\":500,\"height\":200,\"caption\":\"Eurosmart - Milwaukee web\u00e1ruh\u00e1z\"},\"image\":{\"@id\":\"https:\/\/www.eurosmart.hu\/shop\/#\/schema\/logo\/image\/\"},\"sameAs\":[\"https:\/\/www.facebook.com\/EurosmartKft\"]}]}<\/script>\n<meta property=\"product:price:amount\" content=\"0\" \/>\n<meta property=\"product:price:currency\" content=\"HUF\" \/>\n<meta property=\"og:availability\" content=\"instock\" \/>\n<meta property=\"product:availability\" content=\"instock\" \/>\n<meta property=\"product:retailer_item_id\" content=\"4933472211\" \/>\n<meta property=\"product:condition\" content=\"new\" \/>\n<!-- \/ Yoast SEO Premium plugin. -->","yoast_head_json":{"title":"MILWAUKEE M12 FHS-0 FUEL\u2122 HATCHET\u2122 \u00c1GV\u00c1G\u00d3 L\u00c1NCF\u0170R\u00c9SZ (4933472211) - Eurosmart - Milwaukee web\u00e1ruh\u00e1z","robots":{"index":"index","follow":"follow","max-snippet":"max-snippet:-1","max-image-preview":"max-image-preview:large","max-video-preview":"max-video-preview:-1"},"canonical":"https:\/\/www.eurosmart.hu\/shop\/index.php\/termek\/milwaukee-m12-fhs-0-fuel-hatchet-agvago-lancfuresz-4933472211\/","og_locale":"hu_HU","og_type":"article","og_title":"MILWAUKEE M12 FHS-0 FUEL\u2122 HATCHET\u2122 \u00c1GV\u00c1G\u00d3 L\u00c1NCF\u0170R\u00c9SZ (4933472211)","og_description":"A k\u00e9szlet tartalma:   1 db M12 FHS L\u00e1ncf\u0171r\u00e9sz (akkumul\u00e1tor, t\u00f6lt\u0151 \u00e9s koffer n\u00e9lk\u00fcl sz\u00e1ll\u00edtva!)  1 db Oregon 15 cm (6\u2033) r\u00fad \u00e9s l\u00e1nc, 1 db h\u00fcvely, \u00e9s 1 db l\u00e1ncf\u0171r\u00e9sz cs\u0151kulcs","og_url":"https:\/\/www.eurosmart.hu\/shop\/index.php\/termek\/milwaukee-m12-fhs-0-fuel-hatchet-agvago-lancfuresz-4933472211\/","og_site_name":"Eurosmart - Milwaukee web\u00e1ruh\u00e1z","article_publisher":"https:\/\/www.facebook.com\/EurosmartKft","article_modified_time":"2024-01-08T13:50:15+00:00","og_image":[{"width":600,"height":600,"url":"https:\/\/www.eurosmart.hu\/shop\/wp-content\/uploads\/2023\/09\/4933472211.jpg","type":"image\/jpeg"}],"twitter_card":"summary_large_image","twitter_misc":{"Price":"","Availability":"In stock"},"schema":{"@context":"https:\/\/schema.org","@graph":[{"@type":"WebPage","@id":"https:\/\/www.eurosmart.hu\/shop\/index.php\/termek\/milwaukee-m12-fhs-0-fuel-hatchet-agvago-lancfuresz-4933472211\/","url":"https:\/\/www.eurosmart.hu\/shop\/index.php\/termek\/milwaukee-m12-fhs-0-fuel-hatchet-agvago-lancfuresz-4933472211\/","name":"MILWAUKEE M12 FHS-0 FUEL\u2122 HATCHET\u2122 \u00c1GV\u00c1G\u00d3 L\u00c1NCF\u0170R\u00c9SZ (4933472211) - Eurosmart - Milwaukee web\u00e1ruh\u00e1z","isPartOf":{"@id":"https:\/\/www.eurosmart.hu\/shop\/#website"},"datePublished":"2023-09-18T10:16:07+00:00","dateModified":"2024-01-08T13:50:15+00:00","breadcrumb":{"@id":"https:\/\/www.eurosmart.hu\/shop\/index.php\/termek\/milwaukee-m12-fhs-0-fuel-hatchet-agvago-lancfuresz-4933472211\/#breadcrumb"},"inLanguage":"hu","potentialAction":[{"@type":"ReadAction","target":["https:\/\/www.eurosmart.hu\/shop\/index.php\/termek\/milwaukee-m12-fhs-0-fuel-hatchet-agvago-lancfuresz-4933472211\/"]}]},{"@type":"BreadcrumbList","@id":"https:\/\/www.eurosmart.hu\/shop\/index.php\/termek\/milwaukee-m12-fhs-0-fuel-hatchet-agvago-lancfuresz-4933472211\/#breadcrumb","itemListElement":[{"@type":"ListItem","position":1,"name":"Kezd\u0151lap","item":"https:\/\/www.eurosmart.hu\/shop\/"},{"@type":"ListItem","position":2,"name":"Term\u00e9keink","item":"https:\/\/www.eurosmart.hu\/shop\/index.php\/uzlet\/"},{"@type":"ListItem","position":3,"name":"MILWAUKEE M12 FHS-0 FUEL\u2122 HATCHET\u2122 \u00c1GV\u00c1G\u00d3 L\u00c1NCF\u0170R\u00c9SZ (4933472211)"}]},{"@type":"WebSite","@id":"https:\/\/www.eurosmart.hu\/shop\/#website","url":"https:\/\/www.eurosmart.hu\/shop\/","name":"Eurosmart - Milwaukee web\u00e1ruh\u00e1z","description":"Milwaukee web\u00e1ruh\u00e1z","publisher":{"@id":"https:\/\/www.eurosmart.hu\/shop\/#organization"},"potentialAction":[{"@type":"SearchAction","target":{"@type":"EntryPoint","urlTemplate":"https:\/\/www.eurosmart.hu\/shop\/?s={search_term_string}"},"query-input":"required name=search_term_string"}],"inLanguage":"hu"},{"@type":"Organization","@id":"https:\/\/www.eurosmart.hu\/shop\/#organization","name":"Eurosmart - Milwaukee web\u00e1ruh\u00e1z","url":"https:\/\/www.eurosmart.hu\/shop\/","logo":{"@type":"ImageObject","inLanguage":"hu","@id":"https:\/\/www.eurosmart.hu\/shop\/#\/schema\/logo\/image\/","url":"https:\/\/www.eurosmart.hu\/shop\/wp-content\/uploads\/2023\/10\/milwaukee-logo-1.png","contentUrl":"https:\/\/www.eurosmart.hu\/shop\/wp-content\/uploads\/2023\/10\/milwaukee-logo-1.png","width":500,"height":200,"caption":"Eurosmart - Milwaukee web\u00e1ruh\u00e1z"},"image":{"@id":"https:\/\/www.eurosmart.hu\/shop\/#\/schema\/logo\/image\/"},"sameAs":["https:\/\/www.facebook.com\/EurosmartKft"]}]},"product_price_currency":"HUF","og_availability":"instock","product_availability":"instock","product_retailer_item_id":"4933472211","product_condition":"new"},"_links":{"self":[{"href":"https:\/\/www.eurosmart.hu\/shop\/index.php\/wp-json\/wp\/v2\/product\/2117","targetHints":{"allow":["GET"]}}],"collection":[{"href":"https:\/\/www.eurosmart.hu\/shop\/index.php\/wp-json\/wp\/v2\/product"}],"about":[{"href":"https:\/\/www.eurosmart.hu\/shop\/index.php\/wp-json\/wp\/v2\/types\/product"}],"wp:featuredmedia":[{"embeddable":true,"href":"https:\/\/www.eurosmart.hu\/shop\/index.php\/wp-json\/wp\/v2\/media\/3094"}],"wp:attachment":[{"href":"https:\/\/www.eurosmart.hu\/shop\/index.php\/wp-json\/wp\/v2\/media?parent=2117"}],"wp:term":[{"taxonomy":"product_cat","embeddable":true,"href":"https:\/\/www.eurosmart.hu\/shop\/index.php\/wp-json\/wp\/v2\/product_cat?post=2117"},{"taxonomy":"product_tag","embeddable":true,"href":"https:\/\/www.eurosmart.hu\/shop\/index.php\/wp-json\/wp\/v2\/product_tag?post=2117"}],"curies":[{"name":"wp","href":"https:\/\/api.w.org\/{rel}","templated":true}]}}