{"id":2101,"date":"2023-09-18T09:01:05","date_gmt":"2023-09-18T09:01:05","guid":{"rendered":"https:\/\/www.eurosmart.hu\/shop\/?post_type=product&#038;p=2101"},"modified":"2024-02-16T09:31:45","modified_gmt":"2024-02-16T09:31:45","slug":"milwaukee-4933479764","status":"publish","type":"product","link":"https:\/\/www.eurosmart.hu\/shop\/index.php\/termek\/milwaukee-4933479764\/","title":{"rendered":"MILWAUKEE L4 HL-301 USB \u00daJRAT\u00d6LTHET\u0150 FEJL\u00c1MPA SZETT (4933479764)"},"content":{"rendered":"<h5>Tulajdons\u00e1gok:<\/h5>\n<ul>\n<li>475 lumenes Pont \u00e9s Sz\u00f3rt TRUEVIEW\u2122 nagy teljes\u00edtm\u00e9ny\u0171 vil\u00e1g\u00edt\u00e1s<\/li>\n<li>Sz\u00f3rt, Pont \u00e9s Pont\/Sz\u00f3rt f\u00e9nysug\u00e1r opci\u00f3k az optim\u00e1lis f\u00e9nyer\u0151 el\u00e9r\u00e9se \u00e9s a legfeljebb 31 \u00f3r\u00e1n \u00e1t tart\u00f3 m\u0171k\u00f6d\u00e9s \u00e9rdek\u00e9ben<\/li>\n<li>4 r\u00f6gz\u00edt\u0151kapocs sisakhoz val\u00f3 r\u00f6gz\u00edt\u00e9shez \u00e9s \u00e1ll\u00edthat\u00f3 heveder gumi foganty\u00faval<\/li>\n<li>A l\u00e1mpa (7) k\u00fcl\u00f6nb\u00f6z\u0151 poz\u00edci\u00f3ba \u00e1ll\u00edthat\u00f3, \u00e9s 216\u00b0-os billent\u0151 mozg\u00e1st biztos\u00edt, hogy a felhaszn\u00e1l\u00f3k k\u00f6nnyebben a sz\u00fcks\u00e9ges helyre ir\u00e1ny\u00edthass\u00e1k a f\u00e9nyforr\u00e1st<\/li>\n<li>A levehet\u0151 p\u00e1nt lehet\u0151v\u00e9 teszi a k\u00e9zi haszn\u00e1latot<\/li>\n<li>IP53 min\u0151s\u00edt\u00e9s, a l\u00e1mpa v\u00e9delmet ny\u00fajt a por \u00e9s r\u00e1fr\u00f6ccsen\u0151 v\u00edz ellen<\/li>\n<li>A lencse ellen\u00e1ll az \u00fct\u00e9seknek \u00e9s vegyi anyagoknak<\/li>\n<li>A t\u00f6lt\u00e9sszintjelz\u0151 lehet\u0151v\u00e9 teszi a REDLITHIUM\u2122 USB akkumul\u00e1tor t\u00f6lt\u00f6tts\u00e9g\u00e9nek gyors ellen\u0151rz\u00e9s\u00e9t<\/li>\n<li>A REDLITHIUM\u2122 USB akkumul\u00e1tor k\u00e9nyelmesen felt\u00f6lthet\u0151 micro-USB k\u00e1bellel, USB \u00e1ramforr\u00e1sba vagy h\u00e1l\u00f3zati aljzatba csatlakoztatva (a fali csatlakoz\u00f3 nem k\u00e9pezi a k\u00e9szlet r\u00e9sz\u00e9t)<br \/>\nMunkater\u00fcleti k\u00f6r\u00fclm\u00e9nyeknek ellen\u00e1ll\u00f3 fonott mikro-USB k\u00e1bel f\u00e9m v\u00e9gz\u0151d\u00e9sekkel<\/li>\n<li>Az USB k\u00e1bel a k\u00e9szlet r\u00e9sz\u00e9t k\u00e9pezi<\/li>\n<\/ul>\n<h5>M\u0171szaki adatok:<\/h5>\n<ul>\n<li>T\u00edpus: USB akkumul\u00e1toros, Li-ion 4V<\/li>\n<li>IP oszt\u00e1ly: IP53<\/li>\n<li>Max. f\u00e9ny\u00e1ram vegyes \/ sz\u00f3rtf\u00e9ny \/ spot \/stroboszk\u00f3p: 475 \/ 25, 150, 300 \/ 300 \/ &#8211; lumen<\/li>\n<li>Max. m\u0171k\u00f6d\u00e9si id\u0151 L4 B3 akkumul\u00e1torral: 3 \/ 33, 10, 5 \/ 4.5 \/ &#8211; \u00f3ra<\/li>\n<li>S\u00faly akkumul\u00e1torral: 0.2 kg<\/li>\n<\/ul>\n<p>&nbsp;<\/p>\n","protected":false},"excerpt":{"rendered":"<p><strong>A k\u00e9szlet tartalma:<\/strong><\/p>\n<ul>\n<li>1 db L4 HL USB \u00daJRAT\u00d6LTHET\u0150 FEJL\u00c1MPA<\/li>\n<li>1 db L4 B3 3.0 Ah USB akkumul\u00e1tor<\/li>\n<li>1 db USB k\u00e1bel<\/li>\n<\/ul>\n","protected":false},"featured_media":3079,"template":"","meta":[],"product_cat":[165,59,193,89,192],"product_tag":[],"class_list":["post-2101","product","type-product","status-publish","has-post-thumbnail","hentry","product_cat-akkumulatoros-gepek","product_cat-milwaukee","product_cat-szemelyes-vilagitas","product_cat-termekek","product_cat-vilagitas-termekek"],"yoast_head":"<!-- This site is optimized with the Yoast SEO Premium plugin v21.3 (Yoast SEO v21.3) - https:\/\/yoast.com\/wordpress\/plugins\/seo\/ -->\n<title>MILWAUKEE L4 HL-301 USB \u00daJRAT\u00d6LTHET\u0150 FEJL\u00c1MPA SZETT (4933479764) - Eurosmart - Milwaukee web\u00e1ruh\u00e1z<\/title>\n<meta name=\"robots\" content=\"index, follow, max-snippet:-1, max-image-preview:large, max-video-preview:-1\" \/>\n<link rel=\"canonical\" href=\"https:\/\/www.eurosmart.hu\/shop\/index.php\/termek\/milwaukee-4933479764\/\" \/>\n<meta property=\"og:locale\" content=\"hu_HU\" \/>\n<meta property=\"og:type\" content=\"article\" \/>\n<meta property=\"og:title\" content=\"MILWAUKEE L4 HL-301 USB \u00daJRAT\u00d6LTHET\u0150 FEJL\u00c1MPA SZETT (4933479764)\" \/>\n<meta property=\"og:description\" content=\"A k\u00e9szlet tartalma:   1 db L4 HL USB \u00daJRAT\u00d6LTHET\u0150 FEJL\u00c1MPA  1 db L4 B3 3.0 Ah USB akkumul\u00e1tor  1 db USB k\u00e1bel\" \/>\n<meta property=\"og:url\" content=\"https:\/\/www.eurosmart.hu\/shop\/index.php\/termek\/milwaukee-4933479764\/\" \/>\n<meta property=\"og:site_name\" content=\"Eurosmart - Milwaukee web\u00e1ruh\u00e1z\" \/>\n<meta property=\"article:publisher\" content=\"https:\/\/www.facebook.com\/EurosmartKft\" \/>\n<meta property=\"article:modified_time\" content=\"2024-02-16T09:31:45+00:00\" \/>\n<meta property=\"og:image\" content=\"https:\/\/www.eurosmart.hu\/shop\/wp-content\/uploads\/2023\/09\/4933479764.jpg\" \/>\n\t<meta property=\"og:image:width\" content=\"600\" \/>\n\t<meta property=\"og:image:height\" content=\"600\" \/>\n\t<meta property=\"og:image:type\" content=\"image\/jpeg\" \/>\n<meta name=\"twitter:card\" content=\"summary_large_image\" \/>\n<meta name=\"twitter:label1\" content=\"Price\" \/>\n\t<meta name=\"twitter:data1\" content=\"\" \/>\n\t<meta name=\"twitter:label2\" content=\"Availability\" \/>\n\t<meta name=\"twitter:data2\" content=\"In stock\" \/>\n<script type=\"application\/ld+json\" class=\"yoast-schema-graph\">{\"@context\":\"https:\/\/schema.org\",\"@graph\":[{\"@type\":\"WebPage\",\"@id\":\"https:\/\/www.eurosmart.hu\/shop\/index.php\/termek\/milwaukee-4933479764\/\",\"url\":\"https:\/\/www.eurosmart.hu\/shop\/index.php\/termek\/milwaukee-4933479764\/\",\"name\":\"MILWAUKEE L4 HL-301 USB \u00daJRAT\u00d6LTHET\u0150 FEJL\u00c1MPA SZETT (4933479764) - Eurosmart - Milwaukee web\u00e1ruh\u00e1z\",\"isPartOf\":{\"@id\":\"https:\/\/www.eurosmart.hu\/shop\/#website\"},\"datePublished\":\"2023-09-18T09:01:05+00:00\",\"dateModified\":\"2024-02-16T09:31:45+00:00\",\"breadcrumb\":{\"@id\":\"https:\/\/www.eurosmart.hu\/shop\/index.php\/termek\/milwaukee-4933479764\/#breadcrumb\"},\"inLanguage\":\"hu\",\"potentialAction\":[{\"@type\":\"ReadAction\",\"target\":[\"https:\/\/www.eurosmart.hu\/shop\/index.php\/termek\/milwaukee-4933479764\/\"]}]},{\"@type\":\"BreadcrumbList\",\"@id\":\"https:\/\/www.eurosmart.hu\/shop\/index.php\/termek\/milwaukee-4933479764\/#breadcrumb\",\"itemListElement\":[{\"@type\":\"ListItem\",\"position\":1,\"name\":\"Kezd\u0151lap\",\"item\":\"https:\/\/www.eurosmart.hu\/shop\/\"},{\"@type\":\"ListItem\",\"position\":2,\"name\":\"Term\u00e9keink\",\"item\":\"https:\/\/www.eurosmart.hu\/shop\/index.php\/uzlet\/\"},{\"@type\":\"ListItem\",\"position\":3,\"name\":\"MILWAUKEE L4 HL-301 USB \u00daJRAT\u00d6LTHET\u0150 FEJL\u00c1MPA SZETT (4933479764)\"}]},{\"@type\":\"WebSite\",\"@id\":\"https:\/\/www.eurosmart.hu\/shop\/#website\",\"url\":\"https:\/\/www.eurosmart.hu\/shop\/\",\"name\":\"Eurosmart - Milwaukee web\u00e1ruh\u00e1z\",\"description\":\"Milwaukee web\u00e1ruh\u00e1z\",\"publisher\":{\"@id\":\"https:\/\/www.eurosmart.hu\/shop\/#organization\"},\"potentialAction\":[{\"@type\":\"SearchAction\",\"target\":{\"@type\":\"EntryPoint\",\"urlTemplate\":\"https:\/\/www.eurosmart.hu\/shop\/?s={search_term_string}\"},\"query-input\":\"required name=search_term_string\"}],\"inLanguage\":\"hu\"},{\"@type\":\"Organization\",\"@id\":\"https:\/\/www.eurosmart.hu\/shop\/#organization\",\"name\":\"Eurosmart - Milwaukee web\u00e1ruh\u00e1z\",\"url\":\"https:\/\/www.eurosmart.hu\/shop\/\",\"logo\":{\"@type\":\"ImageObject\",\"inLanguage\":\"hu\",\"@id\":\"https:\/\/www.eurosmart.hu\/shop\/#\/schema\/logo\/image\/\",\"url\":\"https:\/\/www.eurosmart.hu\/shop\/wp-content\/uploads\/2023\/10\/milwaukee-logo-1.png\",\"contentUrl\":\"https:\/\/www.eurosmart.hu\/shop\/wp-content\/uploads\/2023\/10\/milwaukee-logo-1.png\",\"width\":500,\"height\":200,\"caption\":\"Eurosmart - Milwaukee web\u00e1ruh\u00e1z\"},\"image\":{\"@id\":\"https:\/\/www.eurosmart.hu\/shop\/#\/schema\/logo\/image\/\"},\"sameAs\":[\"https:\/\/www.facebook.com\/EurosmartKft\"]}]}<\/script>\n<meta property=\"product:price:amount\" content=\"0\" \/>\n<meta property=\"product:price:currency\" content=\"HUF\" \/>\n<meta property=\"og:availability\" content=\"instock\" \/>\n<meta property=\"product:availability\" content=\"instock\" \/>\n<meta property=\"product:retailer_item_id\" content=\"4933479764\" \/>\n<meta property=\"product:condition\" content=\"new\" \/>\n<!-- \/ Yoast SEO Premium plugin. -->","yoast_head_json":{"title":"MILWAUKEE L4 HL-301 USB \u00daJRAT\u00d6LTHET\u0150 FEJL\u00c1MPA SZETT (4933479764) - Eurosmart - Milwaukee web\u00e1ruh\u00e1z","robots":{"index":"index","follow":"follow","max-snippet":"max-snippet:-1","max-image-preview":"max-image-preview:large","max-video-preview":"max-video-preview:-1"},"canonical":"https:\/\/www.eurosmart.hu\/shop\/index.php\/termek\/milwaukee-4933479764\/","og_locale":"hu_HU","og_type":"article","og_title":"MILWAUKEE L4 HL-301 USB \u00daJRAT\u00d6LTHET\u0150 FEJL\u00c1MPA SZETT (4933479764)","og_description":"A k\u00e9szlet tartalma:   1 db L4 HL USB \u00daJRAT\u00d6LTHET\u0150 FEJL\u00c1MPA  1 db L4 B3 3.0 Ah USB akkumul\u00e1tor  1 db USB k\u00e1bel","og_url":"https:\/\/www.eurosmart.hu\/shop\/index.php\/termek\/milwaukee-4933479764\/","og_site_name":"Eurosmart - Milwaukee web\u00e1ruh\u00e1z","article_publisher":"https:\/\/www.facebook.com\/EurosmartKft","article_modified_time":"2024-02-16T09:31:45+00:00","og_image":[{"width":600,"height":600,"url":"https:\/\/www.eurosmart.hu\/shop\/wp-content\/uploads\/2023\/09\/4933479764.jpg","type":"image\/jpeg"}],"twitter_card":"summary_large_image","twitter_misc":{"Price":"","Availability":"In stock"},"schema":{"@context":"https:\/\/schema.org","@graph":[{"@type":"WebPage","@id":"https:\/\/www.eurosmart.hu\/shop\/index.php\/termek\/milwaukee-4933479764\/","url":"https:\/\/www.eurosmart.hu\/shop\/index.php\/termek\/milwaukee-4933479764\/","name":"MILWAUKEE L4 HL-301 USB \u00daJRAT\u00d6LTHET\u0150 FEJL\u00c1MPA SZETT (4933479764) - Eurosmart - Milwaukee web\u00e1ruh\u00e1z","isPartOf":{"@id":"https:\/\/www.eurosmart.hu\/shop\/#website"},"datePublished":"2023-09-18T09:01:05+00:00","dateModified":"2024-02-16T09:31:45+00:00","breadcrumb":{"@id":"https:\/\/www.eurosmart.hu\/shop\/index.php\/termek\/milwaukee-4933479764\/#breadcrumb"},"inLanguage":"hu","potentialAction":[{"@type":"ReadAction","target":["https:\/\/www.eurosmart.hu\/shop\/index.php\/termek\/milwaukee-4933479764\/"]}]},{"@type":"BreadcrumbList","@id":"https:\/\/www.eurosmart.hu\/shop\/index.php\/termek\/milwaukee-4933479764\/#breadcrumb","itemListElement":[{"@type":"ListItem","position":1,"name":"Kezd\u0151lap","item":"https:\/\/www.eurosmart.hu\/shop\/"},{"@type":"ListItem","position":2,"name":"Term\u00e9keink","item":"https:\/\/www.eurosmart.hu\/shop\/index.php\/uzlet\/"},{"@type":"ListItem","position":3,"name":"MILWAUKEE L4 HL-301 USB \u00daJRAT\u00d6LTHET\u0150 FEJL\u00c1MPA SZETT (4933479764)"}]},{"@type":"WebSite","@id":"https:\/\/www.eurosmart.hu\/shop\/#website","url":"https:\/\/www.eurosmart.hu\/shop\/","name":"Eurosmart - Milwaukee web\u00e1ruh\u00e1z","description":"Milwaukee web\u00e1ruh\u00e1z","publisher":{"@id":"https:\/\/www.eurosmart.hu\/shop\/#organization"},"potentialAction":[{"@type":"SearchAction","target":{"@type":"EntryPoint","urlTemplate":"https:\/\/www.eurosmart.hu\/shop\/?s={search_term_string}"},"query-input":"required name=search_term_string"}],"inLanguage":"hu"},{"@type":"Organization","@id":"https:\/\/www.eurosmart.hu\/shop\/#organization","name":"Eurosmart - Milwaukee web\u00e1ruh\u00e1z","url":"https:\/\/www.eurosmart.hu\/shop\/","logo":{"@type":"ImageObject","inLanguage":"hu","@id":"https:\/\/www.eurosmart.hu\/shop\/#\/schema\/logo\/image\/","url":"https:\/\/www.eurosmart.hu\/shop\/wp-content\/uploads\/2023\/10\/milwaukee-logo-1.png","contentUrl":"https:\/\/www.eurosmart.hu\/shop\/wp-content\/uploads\/2023\/10\/milwaukee-logo-1.png","width":500,"height":200,"caption":"Eurosmart - Milwaukee web\u00e1ruh\u00e1z"},"image":{"@id":"https:\/\/www.eurosmart.hu\/shop\/#\/schema\/logo\/image\/"},"sameAs":["https:\/\/www.facebook.com\/EurosmartKft"]}]},"product_price_currency":"HUF","og_availability":"instock","product_availability":"instock","product_retailer_item_id":"4933479764","product_condition":"new"},"_links":{"self":[{"href":"https:\/\/www.eurosmart.hu\/shop\/index.php\/wp-json\/wp\/v2\/product\/2101","targetHints":{"allow":["GET"]}}],"collection":[{"href":"https:\/\/www.eurosmart.hu\/shop\/index.php\/wp-json\/wp\/v2\/product"}],"about":[{"href":"https:\/\/www.eurosmart.hu\/shop\/index.php\/wp-json\/wp\/v2\/types\/product"}],"wp:featuredmedia":[{"embeddable":true,"href":"https:\/\/www.eurosmart.hu\/shop\/index.php\/wp-json\/wp\/v2\/media\/3079"}],"wp:attachment":[{"href":"https:\/\/www.eurosmart.hu\/shop\/index.php\/wp-json\/wp\/v2\/media?parent=2101"}],"wp:term":[{"taxonomy":"product_cat","embeddable":true,"href":"https:\/\/www.eurosmart.hu\/shop\/index.php\/wp-json\/wp\/v2\/product_cat?post=2101"},{"taxonomy":"product_tag","embeddable":true,"href":"https:\/\/www.eurosmart.hu\/shop\/index.php\/wp-json\/wp\/v2\/product_tag?post=2101"}],"curies":[{"name":"wp","href":"https:\/\/api.w.org\/{rel}","templated":true}]}}