{"id":2099,"date":"2023-09-18T08:56:36","date_gmt":"2023-09-18T08:56:36","guid":{"rendered":"https:\/\/www.eurosmart.hu\/shop\/?post_type=product&#038;p=2099"},"modified":"2024-01-16T11:40:21","modified_gmt":"2024-01-16T11:40:21","slug":"milwaukee-l4-ffl-201-ujratoltheto-usb-szort-fenyu-lampa-4933464821","status":"publish","type":"product","link":"https:\/\/www.eurosmart.hu\/shop\/index.php\/termek\/milwaukee-l4-ffl-201-ujratoltheto-usb-szort-fenyu-lampa-4933464821\/","title":{"rendered":"MILWAUKEE L4 FFL-201 \u00daJRAT\u00d6LTHET\u0150 (USB) SZ\u00d3RT F\u00c9NY\u0170 L\u00c1MPA (4933464821)"},"content":{"rendered":"<h5>Tulajdons\u00e1gok:<\/h5>\n<ul>\n<li>Az 550 lumenes TRUEVIEW nagy teljes\u00edtm\u00e9ny\u0171 vil\u00e1g\u00edt\u00e1s biztos\u00edtja a konzisztens f\u00e9nyt, az optim\u00e1lis sz\u00ednh\u0151m\u00e9rs\u00e9kletet \u00e9s a sz\u00ednek \u00e9s r\u00e9szletek pontos \u00e1br\u00e1zol\u00e1s\u00e1t<\/li>\n<li>A dupla m\u00e1gnes \u00e9s a be\u00e9p\u00edtett karabineres kamp\u00f3 sokoldal\u00fa r\u00f6gz\u00edt\u00e9st tesz lehet\u0151v\u00e9<\/li>\n<li>A kompakt m\u00e9ret lehet\u0151v\u00e9 teszi a zsebben t\u00f6rt\u00e9n\u0151 t\u00e1rol\u00e1st<\/li>\n<li>IP54 min\u0151s\u00edt\u00e9s, a l\u00e1mpa v\u00e9delmet ny\u00fajt a por \u00e9s a r\u00e1fr\u00f6ccsen\u0151 v\u00edz ellen<\/li>\n<li>\u00dct\u00e9s- \u00e9s vegyszer\u00e1ll\u00f3 lencse a nagyobb munakter\u00fcleti tart\u00f3ss\u00e1g \u00e9rdek\u00e9ben<\/li>\n<li>A t\u00f6lt\u00e9sszintjelz\u0151 lehet\u0151v\u00e9 teszi a REDLITHIUM USB akkumul\u00e1tor t\u00f6lt\u00f6tts\u00e9g\u00e9nek gyors ellen\u0151rz\u00e9s\u00e9t<\/li>\n<li>A REDLITHIUM USB akkumul\u00e1tor k\u00e9nyelmesen felt\u00f6lthet\u0151 micro-USB k\u00e1bellel, tov\u00e1bb\u00e1 USB \u00e1ramforr\u00e1sba vagy h\u00e1l\u00f3zati aljzatba csatlakoztathat\u00f3 (a fali csatlakoz\u00f3 nem k\u00e9pezi a k\u00e9szlet r\u00e9sz\u00e9t)<\/li>\n<li>Munkater\u00fcleti k\u00f6r\u00fclm\u00e9nyeknek ellen\u00e1ll\u00f3 fonott mikro-USB k\u00e1bel f\u00e9m v\u00e9gz\u0151d\u00e9sekkel<\/li>\n<li>Az USB k\u00e1bel a k\u00e9szlet r\u00e9sz\u00e9t k\u00e9pezi<\/li>\n<\/ul>\n<h5>M\u0171szaki adatok:<\/h5>\n<ul>\n<li>T\u00edpus: USB akkumul\u00e1toros. Li-ion 4V<\/li>\n<li>MAX F\u00c9NY\u00c1RAM (LUMENS): 550\/ 250\/ 100\/ &#8211;<\/li>\n<li>MAX. M\u0170K\u00d6D\u00c9SI ID\u0150 L4 B3 AKKUMUL\u00c1TORRAL (\u00d3RA): 2.5\/ 6\/ 13.25\/ &#8211;<\/li>\n<li>IP oszt\u00e1ly: IP54<\/li>\n<li>S\u00faly akkumul\u00e1torral (kg): 0.2<\/li>\n<\/ul>\n","protected":false},"excerpt":{"rendered":"<p><strong>A k\u00e9szlet tartalma:<\/strong><\/p>\n<ul>\n<li>1 db L4 FFL USB \u00daJRAT\u00d6LTHET\u0150 SZ\u00d3RT F\u00c9NY\u0170 L\u00c1MPA<\/li>\n<li>1 db L4 B3 3.0 Ah USB akkumul\u00e1tor<\/li>\n<li>1 db USB k\u00e1bel<\/li>\n<\/ul>\n","protected":false},"featured_media":3076,"template":"","meta":[],"product_cat":[165,59,193,89,192],"product_tag":[],"class_list":["post-2099","product","type-product","status-publish","has-post-thumbnail","hentry","product_cat-akkumulatoros-gepek","product_cat-milwaukee","product_cat-szemelyes-vilagitas","product_cat-termekek","product_cat-vilagitas-termekek"],"yoast_head":"<!-- This site is optimized with the Yoast SEO Premium plugin v21.3 (Yoast SEO v21.3) - https:\/\/yoast.com\/wordpress\/plugins\/seo\/ -->\n<title>MILWAUKEE L4 FFL-201 \u00daJRAT\u00d6LTHET\u0150 (USB) SZ\u00d3RT F\u00c9NY\u0170 L\u00c1MPA (4933464821) - Eurosmart - Milwaukee web\u00e1ruh\u00e1z<\/title>\n<meta name=\"robots\" content=\"index, follow, max-snippet:-1, max-image-preview:large, max-video-preview:-1\" \/>\n<link rel=\"canonical\" href=\"https:\/\/www.eurosmart.hu\/shop\/index.php\/termek\/milwaukee-l4-ffl-201-ujratoltheto-usb-szort-fenyu-lampa-4933464821\/\" \/>\n<meta property=\"og:locale\" content=\"hu_HU\" \/>\n<meta property=\"og:type\" content=\"article\" \/>\n<meta property=\"og:title\" content=\"MILWAUKEE L4 FFL-201 \u00daJRAT\u00d6LTHET\u0150 (USB) SZ\u00d3RT F\u00c9NY\u0170 L\u00c1MPA (4933464821)\" \/>\n<meta property=\"og:description\" content=\"A k\u00e9szlet tartalma:   1 db L4 FFL USB \u00daJRAT\u00d6LTHET\u0150 SZ\u00d3RT F\u00c9NY\u0170 L\u00c1MPA  1 db L4 B3 3.0 Ah USB akkumul\u00e1tor  1 db USB k\u00e1bel\" \/>\n<meta property=\"og:url\" content=\"https:\/\/www.eurosmart.hu\/shop\/index.php\/termek\/milwaukee-l4-ffl-201-ujratoltheto-usb-szort-fenyu-lampa-4933464821\/\" \/>\n<meta property=\"og:site_name\" content=\"Eurosmart - Milwaukee web\u00e1ruh\u00e1z\" \/>\n<meta property=\"article:publisher\" content=\"https:\/\/www.facebook.com\/EurosmartKft\" \/>\n<meta property=\"article:modified_time\" content=\"2024-01-16T11:40:21+00:00\" \/>\n<meta property=\"og:image\" content=\"https:\/\/www.eurosmart.hu\/shop\/wp-content\/uploads\/2023\/09\/4933464821.jpg\" \/>\n\t<meta property=\"og:image:width\" content=\"600\" \/>\n\t<meta property=\"og:image:height\" content=\"600\" \/>\n\t<meta property=\"og:image:type\" content=\"image\/jpeg\" \/>\n<meta name=\"twitter:card\" content=\"summary_large_image\" \/>\n<meta name=\"twitter:label1\" content=\"Price\" \/>\n\t<meta name=\"twitter:data1\" content=\"\" \/>\n\t<meta name=\"twitter:label2\" content=\"Availability\" \/>\n\t<meta name=\"twitter:data2\" content=\"In stock\" \/>\n<script type=\"application\/ld+json\" class=\"yoast-schema-graph\">{\"@context\":\"https:\/\/schema.org\",\"@graph\":[{\"@type\":\"WebPage\",\"@id\":\"https:\/\/www.eurosmart.hu\/shop\/index.php\/termek\/milwaukee-l4-ffl-201-ujratoltheto-usb-szort-fenyu-lampa-4933464821\/\",\"url\":\"https:\/\/www.eurosmart.hu\/shop\/index.php\/termek\/milwaukee-l4-ffl-201-ujratoltheto-usb-szort-fenyu-lampa-4933464821\/\",\"name\":\"MILWAUKEE L4 FFL-201 \u00daJRAT\u00d6LTHET\u0150 (USB) SZ\u00d3RT F\u00c9NY\u0170 L\u00c1MPA (4933464821) - Eurosmart - Milwaukee web\u00e1ruh\u00e1z\",\"isPartOf\":{\"@id\":\"https:\/\/www.eurosmart.hu\/shop\/#website\"},\"datePublished\":\"2023-09-18T08:56:36+00:00\",\"dateModified\":\"2024-01-16T11:40:21+00:00\",\"breadcrumb\":{\"@id\":\"https:\/\/www.eurosmart.hu\/shop\/index.php\/termek\/milwaukee-l4-ffl-201-ujratoltheto-usb-szort-fenyu-lampa-4933464821\/#breadcrumb\"},\"inLanguage\":\"hu\",\"potentialAction\":[{\"@type\":\"ReadAction\",\"target\":[\"https:\/\/www.eurosmart.hu\/shop\/index.php\/termek\/milwaukee-l4-ffl-201-ujratoltheto-usb-szort-fenyu-lampa-4933464821\/\"]}]},{\"@type\":\"BreadcrumbList\",\"@id\":\"https:\/\/www.eurosmart.hu\/shop\/index.php\/termek\/milwaukee-l4-ffl-201-ujratoltheto-usb-szort-fenyu-lampa-4933464821\/#breadcrumb\",\"itemListElement\":[{\"@type\":\"ListItem\",\"position\":1,\"name\":\"Kezd\u0151lap\",\"item\":\"https:\/\/www.eurosmart.hu\/shop\/\"},{\"@type\":\"ListItem\",\"position\":2,\"name\":\"Term\u00e9keink\",\"item\":\"https:\/\/www.eurosmart.hu\/shop\/index.php\/uzlet\/\"},{\"@type\":\"ListItem\",\"position\":3,\"name\":\"MILWAUKEE L4 FFL-201 \u00daJRAT\u00d6LTHET\u0150 (USB) SZ\u00d3RT F\u00c9NY\u0170 L\u00c1MPA (4933464821)\"}]},{\"@type\":\"WebSite\",\"@id\":\"https:\/\/www.eurosmart.hu\/shop\/#website\",\"url\":\"https:\/\/www.eurosmart.hu\/shop\/\",\"name\":\"Eurosmart - Milwaukee web\u00e1ruh\u00e1z\",\"description\":\"Milwaukee web\u00e1ruh\u00e1z\",\"publisher\":{\"@id\":\"https:\/\/www.eurosmart.hu\/shop\/#organization\"},\"potentialAction\":[{\"@type\":\"SearchAction\",\"target\":{\"@type\":\"EntryPoint\",\"urlTemplate\":\"https:\/\/www.eurosmart.hu\/shop\/?s={search_term_string}\"},\"query-input\":\"required name=search_term_string\"}],\"inLanguage\":\"hu\"},{\"@type\":\"Organization\",\"@id\":\"https:\/\/www.eurosmart.hu\/shop\/#organization\",\"name\":\"Eurosmart - Milwaukee web\u00e1ruh\u00e1z\",\"url\":\"https:\/\/www.eurosmart.hu\/shop\/\",\"logo\":{\"@type\":\"ImageObject\",\"inLanguage\":\"hu\",\"@id\":\"https:\/\/www.eurosmart.hu\/shop\/#\/schema\/logo\/image\/\",\"url\":\"https:\/\/www.eurosmart.hu\/shop\/wp-content\/uploads\/2023\/10\/milwaukee-logo-1.png\",\"contentUrl\":\"https:\/\/www.eurosmart.hu\/shop\/wp-content\/uploads\/2023\/10\/milwaukee-logo-1.png\",\"width\":500,\"height\":200,\"caption\":\"Eurosmart - Milwaukee web\u00e1ruh\u00e1z\"},\"image\":{\"@id\":\"https:\/\/www.eurosmart.hu\/shop\/#\/schema\/logo\/image\/\"},\"sameAs\":[\"https:\/\/www.facebook.com\/EurosmartKft\"]}]}<\/script>\n<meta property=\"product:price:amount\" content=\"0\" \/>\n<meta property=\"product:price:currency\" content=\"HUF\" \/>\n<meta property=\"og:availability\" content=\"instock\" \/>\n<meta property=\"product:availability\" content=\"instock\" \/>\n<meta property=\"product:retailer_item_id\" content=\"4933464821\" \/>\n<meta property=\"product:condition\" content=\"new\" \/>\n<!-- \/ Yoast SEO Premium plugin. -->","yoast_head_json":{"title":"MILWAUKEE L4 FFL-201 \u00daJRAT\u00d6LTHET\u0150 (USB) SZ\u00d3RT F\u00c9NY\u0170 L\u00c1MPA (4933464821) - Eurosmart - Milwaukee web\u00e1ruh\u00e1z","robots":{"index":"index","follow":"follow","max-snippet":"max-snippet:-1","max-image-preview":"max-image-preview:large","max-video-preview":"max-video-preview:-1"},"canonical":"https:\/\/www.eurosmart.hu\/shop\/index.php\/termek\/milwaukee-l4-ffl-201-ujratoltheto-usb-szort-fenyu-lampa-4933464821\/","og_locale":"hu_HU","og_type":"article","og_title":"MILWAUKEE L4 FFL-201 \u00daJRAT\u00d6LTHET\u0150 (USB) SZ\u00d3RT F\u00c9NY\u0170 L\u00c1MPA (4933464821)","og_description":"A k\u00e9szlet tartalma:   1 db L4 FFL USB \u00daJRAT\u00d6LTHET\u0150 SZ\u00d3RT F\u00c9NY\u0170 L\u00c1MPA  1 db L4 B3 3.0 Ah USB akkumul\u00e1tor  1 db USB k\u00e1bel","og_url":"https:\/\/www.eurosmart.hu\/shop\/index.php\/termek\/milwaukee-l4-ffl-201-ujratoltheto-usb-szort-fenyu-lampa-4933464821\/","og_site_name":"Eurosmart - Milwaukee web\u00e1ruh\u00e1z","article_publisher":"https:\/\/www.facebook.com\/EurosmartKft","article_modified_time":"2024-01-16T11:40:21+00:00","og_image":[{"width":600,"height":600,"url":"https:\/\/www.eurosmart.hu\/shop\/wp-content\/uploads\/2023\/09\/4933464821.jpg","type":"image\/jpeg"}],"twitter_card":"summary_large_image","twitter_misc":{"Price":"","Availability":"In stock"},"schema":{"@context":"https:\/\/schema.org","@graph":[{"@type":"WebPage","@id":"https:\/\/www.eurosmart.hu\/shop\/index.php\/termek\/milwaukee-l4-ffl-201-ujratoltheto-usb-szort-fenyu-lampa-4933464821\/","url":"https:\/\/www.eurosmart.hu\/shop\/index.php\/termek\/milwaukee-l4-ffl-201-ujratoltheto-usb-szort-fenyu-lampa-4933464821\/","name":"MILWAUKEE L4 FFL-201 \u00daJRAT\u00d6LTHET\u0150 (USB) SZ\u00d3RT F\u00c9NY\u0170 L\u00c1MPA (4933464821) - Eurosmart - Milwaukee web\u00e1ruh\u00e1z","isPartOf":{"@id":"https:\/\/www.eurosmart.hu\/shop\/#website"},"datePublished":"2023-09-18T08:56:36+00:00","dateModified":"2024-01-16T11:40:21+00:00","breadcrumb":{"@id":"https:\/\/www.eurosmart.hu\/shop\/index.php\/termek\/milwaukee-l4-ffl-201-ujratoltheto-usb-szort-fenyu-lampa-4933464821\/#breadcrumb"},"inLanguage":"hu","potentialAction":[{"@type":"ReadAction","target":["https:\/\/www.eurosmart.hu\/shop\/index.php\/termek\/milwaukee-l4-ffl-201-ujratoltheto-usb-szort-fenyu-lampa-4933464821\/"]}]},{"@type":"BreadcrumbList","@id":"https:\/\/www.eurosmart.hu\/shop\/index.php\/termek\/milwaukee-l4-ffl-201-ujratoltheto-usb-szort-fenyu-lampa-4933464821\/#breadcrumb","itemListElement":[{"@type":"ListItem","position":1,"name":"Kezd\u0151lap","item":"https:\/\/www.eurosmart.hu\/shop\/"},{"@type":"ListItem","position":2,"name":"Term\u00e9keink","item":"https:\/\/www.eurosmart.hu\/shop\/index.php\/uzlet\/"},{"@type":"ListItem","position":3,"name":"MILWAUKEE L4 FFL-201 \u00daJRAT\u00d6LTHET\u0150 (USB) SZ\u00d3RT F\u00c9NY\u0170 L\u00c1MPA (4933464821)"}]},{"@type":"WebSite","@id":"https:\/\/www.eurosmart.hu\/shop\/#website","url":"https:\/\/www.eurosmart.hu\/shop\/","name":"Eurosmart - Milwaukee web\u00e1ruh\u00e1z","description":"Milwaukee web\u00e1ruh\u00e1z","publisher":{"@id":"https:\/\/www.eurosmart.hu\/shop\/#organization"},"potentialAction":[{"@type":"SearchAction","target":{"@type":"EntryPoint","urlTemplate":"https:\/\/www.eurosmart.hu\/shop\/?s={search_term_string}"},"query-input":"required name=search_term_string"}],"inLanguage":"hu"},{"@type":"Organization","@id":"https:\/\/www.eurosmart.hu\/shop\/#organization","name":"Eurosmart - Milwaukee web\u00e1ruh\u00e1z","url":"https:\/\/www.eurosmart.hu\/shop\/","logo":{"@type":"ImageObject","inLanguage":"hu","@id":"https:\/\/www.eurosmart.hu\/shop\/#\/schema\/logo\/image\/","url":"https:\/\/www.eurosmart.hu\/shop\/wp-content\/uploads\/2023\/10\/milwaukee-logo-1.png","contentUrl":"https:\/\/www.eurosmart.hu\/shop\/wp-content\/uploads\/2023\/10\/milwaukee-logo-1.png","width":500,"height":200,"caption":"Eurosmart - Milwaukee web\u00e1ruh\u00e1z"},"image":{"@id":"https:\/\/www.eurosmart.hu\/shop\/#\/schema\/logo\/image\/"},"sameAs":["https:\/\/www.facebook.com\/EurosmartKft"]}]},"product_price_currency":"HUF","og_availability":"instock","product_availability":"instock","product_retailer_item_id":"4933464821","product_condition":"new"},"_links":{"self":[{"href":"https:\/\/www.eurosmart.hu\/shop\/index.php\/wp-json\/wp\/v2\/product\/2099","targetHints":{"allow":["GET"]}}],"collection":[{"href":"https:\/\/www.eurosmart.hu\/shop\/index.php\/wp-json\/wp\/v2\/product"}],"about":[{"href":"https:\/\/www.eurosmart.hu\/shop\/index.php\/wp-json\/wp\/v2\/types\/product"}],"wp:featuredmedia":[{"embeddable":true,"href":"https:\/\/www.eurosmart.hu\/shop\/index.php\/wp-json\/wp\/v2\/media\/3076"}],"wp:attachment":[{"href":"https:\/\/www.eurosmart.hu\/shop\/index.php\/wp-json\/wp\/v2\/media?parent=2099"}],"wp:term":[{"taxonomy":"product_cat","embeddable":true,"href":"https:\/\/www.eurosmart.hu\/shop\/index.php\/wp-json\/wp\/v2\/product_cat?post=2099"},{"taxonomy":"product_tag","embeddable":true,"href":"https:\/\/www.eurosmart.hu\/shop\/index.php\/wp-json\/wp\/v2\/product_tag?post=2099"}],"curies":[{"name":"wp","href":"https:\/\/api.w.org\/{rel}","templated":true}]}}