{"id":2097,"date":"2023-09-18T08:47:34","date_gmt":"2023-09-18T08:47:34","guid":{"rendered":"https:\/\/www.eurosmart.hu\/shop\/?post_type=product&#038;p=2097"},"modified":"2024-02-21T10:11:24","modified_gmt":"2024-02-21T10:11:24","slug":"milwaukee-l4-bolthl-301-usb-s-toltheto-fejlampa-600-lumen-bolt-sisakokhoz-4933479902","status":"publish","type":"product","link":"https:\/\/www.eurosmart.hu\/shop\/index.php\/termek\/milwaukee-l4-bolthl-301-usb-s-toltheto-fejlampa-600-lumen-bolt-sisakokhoz-4933479902\/","title":{"rendered":"MILWAUKEE L4 BOLTHL-301 USB T\u00d6LTHET\u0150 FEJL\u00c1MPA SZETT BOLT SISAKOKHOZ (4933479902)"},"content":{"rendered":"<h5>Tulajdons\u00e1gok:<\/h5>\n<ul>\n<li>600 lumen, t\u00f6bbir\u00e1ny\u00fa (TRUEVIEW), nagy teljes\u00edtm\u00e9ny\u0171 f\u00e9nykibocs\u00e1t\u00e1s<\/li>\n<li>Teljes BOLT-kompatibilit\u00e1s alacsony profil\u00fa kialak\u00edt\u00e1ssal, minden BOLT-sisakkal m\u0171k\u00f6dik.<\/li>\n<li>K\u00f6zvetlen r\u00f6gz\u00edt\u00e9s a sisakra p\u00e1ntok n\u00e9lk\u00fcl<\/li>\n<li>\u00c1ll\u00edthat\u00f3 f\u00e9nysug\u00e1r, hogy a felhaszn\u00e1l\u00f3k oda ir\u00e1ny\u00edthass\u00e1k a f\u00e9nyt, ahol a legnagyobb sz\u00fcks\u00e9g van r\u00e1<\/li>\n<li>4 \u00fczemm\u00f3d \u00e1ll\u00edt\u00e1si m\u00f3d a kimenet vagy az \u00fczemid\u0151 kezel\u00e9s\u00e9hez, ak\u00e1r 12 \u00f3r\u00e1s \u00fczemid\u0151vel (1) USB 3.0 akkumul\u00e1torral.<\/li>\n<li>A t\u00f6lt\u00e9sszintjelz\u0151 lehet\u0151v\u00e9 teszi a REDLITHIUM USB akkumul\u00e1tor t\u00f6lt\u00f6tts\u00e9g\u00e9nek gyors ellen\u0151rz\u00e9s\u00e9t<\/li>\n<li>K\u00e9nyelmesen t\u00f6ltheti a REDLITHIUM USB akkumul\u00e1tort USB-r\u0151l micro-USB C t\u00edpus\u00fa k\u00e1bellel \u00e1ramforr\u00e1sb\u00f3l vagy AC konnektorb\u00f3l (a fali csatlakoz\u00f3 nem tartoz\u00e9k)<\/li>\n<li>IP54 min\u0151s\u00edt\u00e9s, a l\u00e1mpa v\u00e9dett a port\u00f3l, fr\u00f6ccsen\u0151 v\u00edzt\u0151l<\/li>\n<li>Strapab\u00edr\u00f3 micro-USB k\u00e1bel, fonott v\u00e9d\u0151r\u00e9teggel, f\u00e9mv\u00e9gekkel<\/li>\n<li>USB k\u00e1belt tartalmaz<\/li>\n<\/ul>\n<h5>M\u0171szaki adatok:<\/h5>\n<ul>\n<li>T\u00edpus: USB akkumul\u00e1toros, Li-ion 4V<\/li>\n<li>MAX. F\u00c9NY\u00c1RAM SZ\u00d3RT F\u00c9NY M\u00d3DBAN MAGAS|K\u00d6ZEPES|ALACSONY|K\u00d6RNYEZETBAR\u00c1T (LUMEN): 600\/ 400\/ 150\/ 25<\/li>\n<li>MAX. M\u0170K\u00d6D\u00c9SI ID\u0150 L4 B3 AKKUMUL\u00c1TORRAL (\u00d3RA): 4\/ 8\/ 14\/ 32<\/li>\n<li>IP OSZT\u00c1LY: IP54<\/li>\n<\/ul>\n","protected":false},"excerpt":{"rendered":"<p><strong>A k\u00e9szlet tartalma:<\/strong><\/p>\n<ul>\n<li>1 db L4 BOLTHL USB T\u00d6LTHET\u0150 FEJL\u00c1MPA BOLT SISAKOKHOZ<\/li>\n<li>1 db L4 B3 3.0 Ah USB akkumul\u00e1tor<\/li>\n<li>1 db USB k\u00e1bel<\/li>\n<\/ul>\n","protected":false},"featured_media":3075,"template":"","meta":[],"product_cat":[165,59,193,89,192],"product_tag":[],"class_list":["post-2097","product","type-product","status-publish","has-post-thumbnail","hentry","product_cat-akkumulatoros-gepek","product_cat-milwaukee","product_cat-szemelyes-vilagitas","product_cat-termekek","product_cat-vilagitas-termekek"],"yoast_head":"<!-- This site is optimized with the Yoast SEO Premium plugin v21.3 (Yoast SEO v21.3) - https:\/\/yoast.com\/wordpress\/plugins\/seo\/ -->\n<title>MILWAUKEE L4 BOLTHL-301 USB T\u00d6LTHET\u0150 FEJL\u00c1MPA SZETT BOLT SISAKOKHOZ (4933479902) - Eurosmart - Milwaukee web\u00e1ruh\u00e1z<\/title>\n<meta name=\"robots\" content=\"index, follow, max-snippet:-1, max-image-preview:large, max-video-preview:-1\" \/>\n<link rel=\"canonical\" href=\"https:\/\/www.eurosmart.hu\/shop\/index.php\/termek\/milwaukee-l4-bolthl-301-usb-s-toltheto-fejlampa-600-lumen-bolt-sisakokhoz-4933479902\/\" \/>\n<meta property=\"og:locale\" content=\"hu_HU\" \/>\n<meta property=\"og:type\" content=\"article\" \/>\n<meta property=\"og:title\" content=\"MILWAUKEE L4 BOLTHL-301 USB T\u00d6LTHET\u0150 FEJL\u00c1MPA SZETT BOLT SISAKOKHOZ (4933479902)\" \/>\n<meta property=\"og:description\" content=\"A k\u00e9szlet tartalma:   1 db L4 BOLTHL USB T\u00d6LTHET\u0150 FEJL\u00c1MPA BOLT SISAKOKHOZ  1 db L4 B3 3.0 Ah USB akkumul\u00e1tor  1 db USB k\u00e1bel\" \/>\n<meta property=\"og:url\" content=\"https:\/\/www.eurosmart.hu\/shop\/index.php\/termek\/milwaukee-l4-bolthl-301-usb-s-toltheto-fejlampa-600-lumen-bolt-sisakokhoz-4933479902\/\" \/>\n<meta property=\"og:site_name\" content=\"Eurosmart - Milwaukee web\u00e1ruh\u00e1z\" \/>\n<meta property=\"article:publisher\" content=\"https:\/\/www.facebook.com\/EurosmartKft\" \/>\n<meta property=\"article:modified_time\" content=\"2024-02-21T10:11:24+00:00\" \/>\n<meta property=\"og:image\" content=\"https:\/\/www.eurosmart.hu\/shop\/wp-content\/uploads\/2023\/09\/4933479902.jpg\" \/>\n\t<meta property=\"og:image:width\" content=\"600\" \/>\n\t<meta property=\"og:image:height\" content=\"600\" \/>\n\t<meta property=\"og:image:type\" content=\"image\/jpeg\" \/>\n<meta name=\"twitter:card\" content=\"summary_large_image\" \/>\n<meta name=\"twitter:label1\" content=\"Price\" \/>\n\t<meta name=\"twitter:data1\" content=\"\" \/>\n\t<meta name=\"twitter:label2\" content=\"Availability\" \/>\n\t<meta name=\"twitter:data2\" content=\"In stock\" \/>\n<script type=\"application\/ld+json\" class=\"yoast-schema-graph\">{\"@context\":\"https:\/\/schema.org\",\"@graph\":[{\"@type\":\"WebPage\",\"@id\":\"https:\/\/www.eurosmart.hu\/shop\/index.php\/termek\/milwaukee-l4-bolthl-301-usb-s-toltheto-fejlampa-600-lumen-bolt-sisakokhoz-4933479902\/\",\"url\":\"https:\/\/www.eurosmart.hu\/shop\/index.php\/termek\/milwaukee-l4-bolthl-301-usb-s-toltheto-fejlampa-600-lumen-bolt-sisakokhoz-4933479902\/\",\"name\":\"MILWAUKEE L4 BOLTHL-301 USB T\u00d6LTHET\u0150 FEJL\u00c1MPA SZETT BOLT SISAKOKHOZ (4933479902) - Eurosmart - Milwaukee web\u00e1ruh\u00e1z\",\"isPartOf\":{\"@id\":\"https:\/\/www.eurosmart.hu\/shop\/#website\"},\"datePublished\":\"2023-09-18T08:47:34+00:00\",\"dateModified\":\"2024-02-21T10:11:24+00:00\",\"breadcrumb\":{\"@id\":\"https:\/\/www.eurosmart.hu\/shop\/index.php\/termek\/milwaukee-l4-bolthl-301-usb-s-toltheto-fejlampa-600-lumen-bolt-sisakokhoz-4933479902\/#breadcrumb\"},\"inLanguage\":\"hu\",\"potentialAction\":[{\"@type\":\"ReadAction\",\"target\":[\"https:\/\/www.eurosmart.hu\/shop\/index.php\/termek\/milwaukee-l4-bolthl-301-usb-s-toltheto-fejlampa-600-lumen-bolt-sisakokhoz-4933479902\/\"]}]},{\"@type\":\"BreadcrumbList\",\"@id\":\"https:\/\/www.eurosmart.hu\/shop\/index.php\/termek\/milwaukee-l4-bolthl-301-usb-s-toltheto-fejlampa-600-lumen-bolt-sisakokhoz-4933479902\/#breadcrumb\",\"itemListElement\":[{\"@type\":\"ListItem\",\"position\":1,\"name\":\"Kezd\u0151lap\",\"item\":\"https:\/\/www.eurosmart.hu\/shop\/\"},{\"@type\":\"ListItem\",\"position\":2,\"name\":\"Term\u00e9keink\",\"item\":\"https:\/\/www.eurosmart.hu\/shop\/index.php\/uzlet\/\"},{\"@type\":\"ListItem\",\"position\":3,\"name\":\"MILWAUKEE L4 BOLTHL-301 USB T\u00d6LTHET\u0150 FEJL\u00c1MPA SZETT BOLT SISAKOKHOZ (4933479902)\"}]},{\"@type\":\"WebSite\",\"@id\":\"https:\/\/www.eurosmart.hu\/shop\/#website\",\"url\":\"https:\/\/www.eurosmart.hu\/shop\/\",\"name\":\"Eurosmart - Milwaukee web\u00e1ruh\u00e1z\",\"description\":\"Milwaukee web\u00e1ruh\u00e1z\",\"publisher\":{\"@id\":\"https:\/\/www.eurosmart.hu\/shop\/#organization\"},\"potentialAction\":[{\"@type\":\"SearchAction\",\"target\":{\"@type\":\"EntryPoint\",\"urlTemplate\":\"https:\/\/www.eurosmart.hu\/shop\/?s={search_term_string}\"},\"query-input\":\"required name=search_term_string\"}],\"inLanguage\":\"hu\"},{\"@type\":\"Organization\",\"@id\":\"https:\/\/www.eurosmart.hu\/shop\/#organization\",\"name\":\"Eurosmart - Milwaukee web\u00e1ruh\u00e1z\",\"url\":\"https:\/\/www.eurosmart.hu\/shop\/\",\"logo\":{\"@type\":\"ImageObject\",\"inLanguage\":\"hu\",\"@id\":\"https:\/\/www.eurosmart.hu\/shop\/#\/schema\/logo\/image\/\",\"url\":\"https:\/\/www.eurosmart.hu\/shop\/wp-content\/uploads\/2023\/10\/milwaukee-logo-1.png\",\"contentUrl\":\"https:\/\/www.eurosmart.hu\/shop\/wp-content\/uploads\/2023\/10\/milwaukee-logo-1.png\",\"width\":500,\"height\":200,\"caption\":\"Eurosmart - Milwaukee web\u00e1ruh\u00e1z\"},\"image\":{\"@id\":\"https:\/\/www.eurosmart.hu\/shop\/#\/schema\/logo\/image\/\"},\"sameAs\":[\"https:\/\/www.facebook.com\/EurosmartKft\"]}]}<\/script>\n<meta property=\"product:price:amount\" content=\"0\" \/>\n<meta property=\"product:price:currency\" content=\"HUF\" \/>\n<meta property=\"og:availability\" content=\"instock\" \/>\n<meta property=\"product:availability\" content=\"instock\" \/>\n<meta property=\"product:retailer_item_id\" content=\"4933479902\" \/>\n<meta property=\"product:condition\" content=\"new\" \/>\n<!-- \/ Yoast SEO Premium plugin. -->","yoast_head_json":{"title":"MILWAUKEE L4 BOLTHL-301 USB T\u00d6LTHET\u0150 FEJL\u00c1MPA SZETT BOLT SISAKOKHOZ (4933479902) - Eurosmart - Milwaukee web\u00e1ruh\u00e1z","robots":{"index":"index","follow":"follow","max-snippet":"max-snippet:-1","max-image-preview":"max-image-preview:large","max-video-preview":"max-video-preview:-1"},"canonical":"https:\/\/www.eurosmart.hu\/shop\/index.php\/termek\/milwaukee-l4-bolthl-301-usb-s-toltheto-fejlampa-600-lumen-bolt-sisakokhoz-4933479902\/","og_locale":"hu_HU","og_type":"article","og_title":"MILWAUKEE L4 BOLTHL-301 USB T\u00d6LTHET\u0150 FEJL\u00c1MPA SZETT BOLT SISAKOKHOZ (4933479902)","og_description":"A k\u00e9szlet tartalma:   1 db L4 BOLTHL USB T\u00d6LTHET\u0150 FEJL\u00c1MPA BOLT SISAKOKHOZ  1 db L4 B3 3.0 Ah USB akkumul\u00e1tor  1 db USB k\u00e1bel","og_url":"https:\/\/www.eurosmart.hu\/shop\/index.php\/termek\/milwaukee-l4-bolthl-301-usb-s-toltheto-fejlampa-600-lumen-bolt-sisakokhoz-4933479902\/","og_site_name":"Eurosmart - Milwaukee web\u00e1ruh\u00e1z","article_publisher":"https:\/\/www.facebook.com\/EurosmartKft","article_modified_time":"2024-02-21T10:11:24+00:00","og_image":[{"width":600,"height":600,"url":"https:\/\/www.eurosmart.hu\/shop\/wp-content\/uploads\/2023\/09\/4933479902.jpg","type":"image\/jpeg"}],"twitter_card":"summary_large_image","twitter_misc":{"Price":"","Availability":"In stock"},"schema":{"@context":"https:\/\/schema.org","@graph":[{"@type":"WebPage","@id":"https:\/\/www.eurosmart.hu\/shop\/index.php\/termek\/milwaukee-l4-bolthl-301-usb-s-toltheto-fejlampa-600-lumen-bolt-sisakokhoz-4933479902\/","url":"https:\/\/www.eurosmart.hu\/shop\/index.php\/termek\/milwaukee-l4-bolthl-301-usb-s-toltheto-fejlampa-600-lumen-bolt-sisakokhoz-4933479902\/","name":"MILWAUKEE L4 BOLTHL-301 USB T\u00d6LTHET\u0150 FEJL\u00c1MPA SZETT BOLT SISAKOKHOZ (4933479902) - Eurosmart - Milwaukee web\u00e1ruh\u00e1z","isPartOf":{"@id":"https:\/\/www.eurosmart.hu\/shop\/#website"},"datePublished":"2023-09-18T08:47:34+00:00","dateModified":"2024-02-21T10:11:24+00:00","breadcrumb":{"@id":"https:\/\/www.eurosmart.hu\/shop\/index.php\/termek\/milwaukee-l4-bolthl-301-usb-s-toltheto-fejlampa-600-lumen-bolt-sisakokhoz-4933479902\/#breadcrumb"},"inLanguage":"hu","potentialAction":[{"@type":"ReadAction","target":["https:\/\/www.eurosmart.hu\/shop\/index.php\/termek\/milwaukee-l4-bolthl-301-usb-s-toltheto-fejlampa-600-lumen-bolt-sisakokhoz-4933479902\/"]}]},{"@type":"BreadcrumbList","@id":"https:\/\/www.eurosmart.hu\/shop\/index.php\/termek\/milwaukee-l4-bolthl-301-usb-s-toltheto-fejlampa-600-lumen-bolt-sisakokhoz-4933479902\/#breadcrumb","itemListElement":[{"@type":"ListItem","position":1,"name":"Kezd\u0151lap","item":"https:\/\/www.eurosmart.hu\/shop\/"},{"@type":"ListItem","position":2,"name":"Term\u00e9keink","item":"https:\/\/www.eurosmart.hu\/shop\/index.php\/uzlet\/"},{"@type":"ListItem","position":3,"name":"MILWAUKEE L4 BOLTHL-301 USB T\u00d6LTHET\u0150 FEJL\u00c1MPA SZETT BOLT SISAKOKHOZ (4933479902)"}]},{"@type":"WebSite","@id":"https:\/\/www.eurosmart.hu\/shop\/#website","url":"https:\/\/www.eurosmart.hu\/shop\/","name":"Eurosmart - Milwaukee web\u00e1ruh\u00e1z","description":"Milwaukee web\u00e1ruh\u00e1z","publisher":{"@id":"https:\/\/www.eurosmart.hu\/shop\/#organization"},"potentialAction":[{"@type":"SearchAction","target":{"@type":"EntryPoint","urlTemplate":"https:\/\/www.eurosmart.hu\/shop\/?s={search_term_string}"},"query-input":"required name=search_term_string"}],"inLanguage":"hu"},{"@type":"Organization","@id":"https:\/\/www.eurosmart.hu\/shop\/#organization","name":"Eurosmart - Milwaukee web\u00e1ruh\u00e1z","url":"https:\/\/www.eurosmart.hu\/shop\/","logo":{"@type":"ImageObject","inLanguage":"hu","@id":"https:\/\/www.eurosmart.hu\/shop\/#\/schema\/logo\/image\/","url":"https:\/\/www.eurosmart.hu\/shop\/wp-content\/uploads\/2023\/10\/milwaukee-logo-1.png","contentUrl":"https:\/\/www.eurosmart.hu\/shop\/wp-content\/uploads\/2023\/10\/milwaukee-logo-1.png","width":500,"height":200,"caption":"Eurosmart - Milwaukee web\u00e1ruh\u00e1z"},"image":{"@id":"https:\/\/www.eurosmart.hu\/shop\/#\/schema\/logo\/image\/"},"sameAs":["https:\/\/www.facebook.com\/EurosmartKft"]}]},"product_price_currency":"HUF","og_availability":"instock","product_availability":"instock","product_retailer_item_id":"4933479902","product_condition":"new"},"_links":{"self":[{"href":"https:\/\/www.eurosmart.hu\/shop\/index.php\/wp-json\/wp\/v2\/product\/2097","targetHints":{"allow":["GET"]}}],"collection":[{"href":"https:\/\/www.eurosmart.hu\/shop\/index.php\/wp-json\/wp\/v2\/product"}],"about":[{"href":"https:\/\/www.eurosmart.hu\/shop\/index.php\/wp-json\/wp\/v2\/types\/product"}],"wp:featuredmedia":[{"embeddable":true,"href":"https:\/\/www.eurosmart.hu\/shop\/index.php\/wp-json\/wp\/v2\/media\/3075"}],"wp:attachment":[{"href":"https:\/\/www.eurosmart.hu\/shop\/index.php\/wp-json\/wp\/v2\/media?parent=2097"}],"wp:term":[{"taxonomy":"product_cat","embeddable":true,"href":"https:\/\/www.eurosmart.hu\/shop\/index.php\/wp-json\/wp\/v2\/product_cat?post=2097"},{"taxonomy":"product_tag","embeddable":true,"href":"https:\/\/www.eurosmart.hu\/shop\/index.php\/wp-json\/wp\/v2\/product_tag?post=2097"}],"curies":[{"name":"wp","href":"https:\/\/api.w.org\/{rel}","templated":true}]}}