{"id":2093,"date":"2023-09-18T08:37:56","date_gmt":"2023-09-18T08:37:56","guid":{"rendered":"https:\/\/www.eurosmart.hu\/shop\/?post_type=product&#038;p=2093"},"modified":"2024-02-14T10:20:54","modified_gmt":"2024-02-14T10:20:54","slug":"milwaukee-jspe-135-tx-heavy-duty-felsofogantyus-szurofuresz-750w-4933381230","status":"publish","type":"product","link":"https:\/\/www.eurosmart.hu\/shop\/index.php\/termek\/milwaukee-jspe-135-tx-heavy-duty-felsofogantyus-szurofuresz-750w-4933381230\/","title":{"rendered":"MILWAUKEE JSPE 135 TX HEAVY DUTY\u2122 FELS\u0150FOGANTY\u00daS SZ\u00daR\u00d3F\u0170R\u00c9SZ 750W KOFFERBEN (4933381230)"},"content":{"rendered":"<h5>Tulajdons\u00e1gok:<\/h5>\n<ul>\n<li class=\"ProductFeaturesTextstyles__Feature-fxqvf2-3 ggyeUS\">Robosztus \u00e9s er\u0151teljes sz\u00far\u00f3f\u0171r\u00e9szg\u00e9p a gyors v\u00e1g\u00e1s\u00e9rt f\u00e1ban, alum\u00edniumban vagy ker\u00e1mi\u00e1ban<\/li>\n<li class=\"ProductFeaturesTextstyles__Feature-fxqvf2-3 ggyeUS\">Nagy teljes\u00edtm\u00e9ny\u0171 750 wattos motor<\/li>\n<li class=\"ProductFeaturesTextstyles__Feature-fxqvf2-3 ggyeUS\">Prec\u00edzi\u00f3s f\u0171r\u00e9szlap vez\u00e9rl\u00e9s a pontos v\u00e1g\u00e1shoz<\/li>\n<li class=\"ProductFeaturesTextstyles__Feature-fxqvf2-3 ggyeUS\">Szabadalmaztatott FIXTEC\u2122 rendszer a gyors f\u0171r\u00e9szlap cser\u00e9hez \u00e9s ferdesz\u00f6g\u00e1ll\u00edt\u00e1shoz 0\u00b0 \u00e9s 45\u00b0-ban<\/li>\n<li class=\"ProductFeaturesTextstyles__Feature-fxqvf2-3 ggyeUS\">V\u00e1ltoztathat\u00f3 sebess\u00e9g, l\u00e1gyind\u00edt\u00e1s \u00e9s \u00e1lland\u00f3 sebess\u00e9g a m\u0171k\u00f6d\u00e9s alatt<\/li>\n<li class=\"ProductFeaturesTextstyles__Feature-fxqvf2-3 ggyeUS\">4 \u00e1ll\u00e1sos leng\u0151el\u0151tol\u00e1s a m\u00e9g er\u0151teljesebb v\u00e1g\u00e1s \u00e9s a hosszabb f\u0171r\u00e9szlap \u00e9lettartam \u00e9rdek\u00e9ben<\/li>\n<li class=\"ProductFeaturesTextstyles__Feature-fxqvf2-3 ggyeUS\">Els\u0151 \u00e9s h\u00e1ts\u00f3 \u00e1ll\u00edthat\u00f3 forg\u00e1cs elvezet\u0151<\/li>\n<li class=\"ProductFeaturesTextstyles__Feature-fxqvf2-3 ggyeUS\">LED vil\u00e1g\u00edt\u00e1s t\u00f6k\u00e9letesen megvil\u00e1g\u00edtja a v\u00e1g\u00e1si fel\u00fcletet<\/li>\n<li class=\"ProductFeaturesTextstyles__Feature-fxqvf2-3 ggyeUS\">4 m k\u00e1bellel, 5 db f\u0171r\u00e9szlappal, felszakad\u00e1sg\u00e1tl\u00f3val, v\u00e9d\u0151papuccsal, elsz\u00edv\u00f3 adapterrel sz\u00e1ll\u00edtva<\/li>\n<\/ul>\n<p>M\u0171szaki adatok:<\/p>\n<ul>\n<li>T\u00edpus: Vezet\u00e9kes<\/li>\n<li>\u00dcresj\u00e1rati l\u00f6ketsz\u00e1m (l\u00f6ket\/perc): 800-3000<\/li>\n<li>Felvett teljes\u00edtm\u00e9ny (W): 750<\/li>\n<li>G\u00e9rv\u00e1g\u00e1s tartom\u00e1nya (\u00b0): 45<\/li>\n<li>L\u00f6kethossz (mm): 26<\/li>\n<li>Max. v\u00e1g\u00e1si kapacit\u00e1s ac\u00e9lban (mm): 10<\/li>\n<li>Max. v\u00e1g\u00e1si kapacit\u00e1s f\u00e1ban (mm): 135<\/li>\n<li>S\u00faly (kg): 2.5<\/li>\n<\/ul>\n","protected":false},"excerpt":{"rendered":"<p><strong>A k\u00e9szlet tartalma:<\/strong><\/p>\n<ul>\n<li>1 db JSPE 135 TX sz\u00far\u00f3f\u0171r\u00e9sz<\/li>\n<li>4 m k\u00e1bel , 5 db f\u0171r\u00e9szlap, felszakad\u00e1sg\u00e1tl\u00f3, v\u00e9d\u0151papucs, elsz\u00edv\u00f3 adapter<\/li>\n<li>1 db Szersz\u00e1mkoffer<\/li>\n<\/ul>\n","protected":false},"featured_media":3034,"template":"","meta":[],"product_cat":[180,59,89,177],"product_tag":[],"class_list":["post-2093","product","type-product","status-publish","has-post-thumbnail","hentry","product_cat-fureszeles-es-vagas","product_cat-milwaukee","product_cat-termekek","product_cat-vezetekes-gepek"],"yoast_head":"<!-- This site is optimized with the Yoast SEO Premium plugin v21.3 (Yoast SEO v21.3) - https:\/\/yoast.com\/wordpress\/plugins\/seo\/ -->\n<title>MILWAUKEE JSPE 135 TX HEAVY DUTY\u2122 FELS\u0150FOGANTY\u00daS SZ\u00daR\u00d3F\u0170R\u00c9SZ 750W KOFFERBEN (4933381230) - Eurosmart - Milwaukee web\u00e1ruh\u00e1z<\/title>\n<meta name=\"robots\" content=\"index, follow, max-snippet:-1, max-image-preview:large, max-video-preview:-1\" \/>\n<link rel=\"canonical\" href=\"https:\/\/www.eurosmart.hu\/shop\/index.php\/termek\/milwaukee-jspe-135-tx-heavy-duty-felsofogantyus-szurofuresz-750w-4933381230\/\" \/>\n<meta property=\"og:locale\" content=\"hu_HU\" \/>\n<meta property=\"og:type\" content=\"article\" \/>\n<meta property=\"og:title\" content=\"MILWAUKEE JSPE 135 TX HEAVY DUTY\u2122 FELS\u0150FOGANTY\u00daS SZ\u00daR\u00d3F\u0170R\u00c9SZ 750W KOFFERBEN (4933381230)\" \/>\n<meta property=\"og:description\" content=\"A k\u00e9szlet tartalma:   1 db JSPE 135 TX sz\u00far\u00f3f\u0171r\u00e9sz  4 m k\u00e1bel , 5 db f\u0171r\u00e9szlap, felszakad\u00e1sg\u00e1tl\u00f3, v\u00e9d\u0151papucs, elsz\u00edv\u00f3 adapter  1 db Szersz\u00e1mkoffer\" \/>\n<meta property=\"og:url\" content=\"https:\/\/www.eurosmart.hu\/shop\/index.php\/termek\/milwaukee-jspe-135-tx-heavy-duty-felsofogantyus-szurofuresz-750w-4933381230\/\" \/>\n<meta property=\"og:site_name\" content=\"Eurosmart - Milwaukee web\u00e1ruh\u00e1z\" \/>\n<meta property=\"article:publisher\" content=\"https:\/\/www.facebook.com\/EurosmartKft\" \/>\n<meta property=\"article:modified_time\" content=\"2024-02-14T10:20:54+00:00\" \/>\n<meta property=\"og:image\" content=\"https:\/\/www.eurosmart.hu\/shop\/wp-content\/uploads\/2023\/09\/4933381230.jpg\" \/>\n\t<meta property=\"og:image:width\" content=\"600\" \/>\n\t<meta property=\"og:image:height\" content=\"600\" \/>\n\t<meta property=\"og:image:type\" content=\"image\/jpeg\" \/>\n<meta name=\"twitter:card\" content=\"summary_large_image\" \/>\n<meta name=\"twitter:label1\" content=\"Price\" \/>\n\t<meta name=\"twitter:data1\" content=\"\" \/>\n\t<meta name=\"twitter:label2\" content=\"Availability\" \/>\n\t<meta name=\"twitter:data2\" content=\"In stock\" \/>\n<script type=\"application\/ld+json\" class=\"yoast-schema-graph\">{\"@context\":\"https:\/\/schema.org\",\"@graph\":[{\"@type\":\"WebPage\",\"@id\":\"https:\/\/www.eurosmart.hu\/shop\/index.php\/termek\/milwaukee-jspe-135-tx-heavy-duty-felsofogantyus-szurofuresz-750w-4933381230\/\",\"url\":\"https:\/\/www.eurosmart.hu\/shop\/index.php\/termek\/milwaukee-jspe-135-tx-heavy-duty-felsofogantyus-szurofuresz-750w-4933381230\/\",\"name\":\"MILWAUKEE JSPE 135 TX HEAVY DUTY\u2122 FELS\u0150FOGANTY\u00daS SZ\u00daR\u00d3F\u0170R\u00c9SZ 750W KOFFERBEN (4933381230) - Eurosmart - Milwaukee web\u00e1ruh\u00e1z\",\"isPartOf\":{\"@id\":\"https:\/\/www.eurosmart.hu\/shop\/#website\"},\"datePublished\":\"2023-09-18T08:37:56+00:00\",\"dateModified\":\"2024-02-14T10:20:54+00:00\",\"breadcrumb\":{\"@id\":\"https:\/\/www.eurosmart.hu\/shop\/index.php\/termek\/milwaukee-jspe-135-tx-heavy-duty-felsofogantyus-szurofuresz-750w-4933381230\/#breadcrumb\"},\"inLanguage\":\"hu\",\"potentialAction\":[{\"@type\":\"ReadAction\",\"target\":[\"https:\/\/www.eurosmart.hu\/shop\/index.php\/termek\/milwaukee-jspe-135-tx-heavy-duty-felsofogantyus-szurofuresz-750w-4933381230\/\"]}]},{\"@type\":\"BreadcrumbList\",\"@id\":\"https:\/\/www.eurosmart.hu\/shop\/index.php\/termek\/milwaukee-jspe-135-tx-heavy-duty-felsofogantyus-szurofuresz-750w-4933381230\/#breadcrumb\",\"itemListElement\":[{\"@type\":\"ListItem\",\"position\":1,\"name\":\"Kezd\u0151lap\",\"item\":\"https:\/\/www.eurosmart.hu\/shop\/\"},{\"@type\":\"ListItem\",\"position\":2,\"name\":\"Term\u00e9keink\",\"item\":\"https:\/\/www.eurosmart.hu\/shop\/index.php\/uzlet\/\"},{\"@type\":\"ListItem\",\"position\":3,\"name\":\"MILWAUKEE JSPE 135 TX HEAVY DUTY\u2122 FELS\u0150FOGANTY\u00daS SZ\u00daR\u00d3F\u0170R\u00c9SZ 750W KOFFERBEN (4933381230)\"}]},{\"@type\":\"WebSite\",\"@id\":\"https:\/\/www.eurosmart.hu\/shop\/#website\",\"url\":\"https:\/\/www.eurosmart.hu\/shop\/\",\"name\":\"Eurosmart - Milwaukee web\u00e1ruh\u00e1z\",\"description\":\"Milwaukee web\u00e1ruh\u00e1z\",\"publisher\":{\"@id\":\"https:\/\/www.eurosmart.hu\/shop\/#organization\"},\"potentialAction\":[{\"@type\":\"SearchAction\",\"target\":{\"@type\":\"EntryPoint\",\"urlTemplate\":\"https:\/\/www.eurosmart.hu\/shop\/?s={search_term_string}\"},\"query-input\":\"required name=search_term_string\"}],\"inLanguage\":\"hu\"},{\"@type\":\"Organization\",\"@id\":\"https:\/\/www.eurosmart.hu\/shop\/#organization\",\"name\":\"Eurosmart - Milwaukee web\u00e1ruh\u00e1z\",\"url\":\"https:\/\/www.eurosmart.hu\/shop\/\",\"logo\":{\"@type\":\"ImageObject\",\"inLanguage\":\"hu\",\"@id\":\"https:\/\/www.eurosmart.hu\/shop\/#\/schema\/logo\/image\/\",\"url\":\"https:\/\/www.eurosmart.hu\/shop\/wp-content\/uploads\/2023\/10\/milwaukee-logo-1.png\",\"contentUrl\":\"https:\/\/www.eurosmart.hu\/shop\/wp-content\/uploads\/2023\/10\/milwaukee-logo-1.png\",\"width\":500,\"height\":200,\"caption\":\"Eurosmart - Milwaukee web\u00e1ruh\u00e1z\"},\"image\":{\"@id\":\"https:\/\/www.eurosmart.hu\/shop\/#\/schema\/logo\/image\/\"},\"sameAs\":[\"https:\/\/www.facebook.com\/EurosmartKft\"]}]}<\/script>\n<meta property=\"product:price:amount\" content=\"0\" \/>\n<meta property=\"product:price:currency\" content=\"HUF\" \/>\n<meta property=\"og:availability\" content=\"instock\" \/>\n<meta property=\"product:availability\" content=\"instock\" \/>\n<meta property=\"product:retailer_item_id\" content=\"4933381230\" \/>\n<meta property=\"product:condition\" content=\"new\" \/>\n<!-- \/ Yoast SEO Premium plugin. -->","yoast_head_json":{"title":"MILWAUKEE JSPE 135 TX HEAVY DUTY\u2122 FELS\u0150FOGANTY\u00daS SZ\u00daR\u00d3F\u0170R\u00c9SZ 750W KOFFERBEN (4933381230) - Eurosmart - Milwaukee web\u00e1ruh\u00e1z","robots":{"index":"index","follow":"follow","max-snippet":"max-snippet:-1","max-image-preview":"max-image-preview:large","max-video-preview":"max-video-preview:-1"},"canonical":"https:\/\/www.eurosmart.hu\/shop\/index.php\/termek\/milwaukee-jspe-135-tx-heavy-duty-felsofogantyus-szurofuresz-750w-4933381230\/","og_locale":"hu_HU","og_type":"article","og_title":"MILWAUKEE JSPE 135 TX HEAVY DUTY\u2122 FELS\u0150FOGANTY\u00daS SZ\u00daR\u00d3F\u0170R\u00c9SZ 750W KOFFERBEN (4933381230)","og_description":"A k\u00e9szlet tartalma:   1 db JSPE 135 TX sz\u00far\u00f3f\u0171r\u00e9sz  4 m k\u00e1bel , 5 db f\u0171r\u00e9szlap, felszakad\u00e1sg\u00e1tl\u00f3, v\u00e9d\u0151papucs, elsz\u00edv\u00f3 adapter  1 db Szersz\u00e1mkoffer","og_url":"https:\/\/www.eurosmart.hu\/shop\/index.php\/termek\/milwaukee-jspe-135-tx-heavy-duty-felsofogantyus-szurofuresz-750w-4933381230\/","og_site_name":"Eurosmart - Milwaukee web\u00e1ruh\u00e1z","article_publisher":"https:\/\/www.facebook.com\/EurosmartKft","article_modified_time":"2024-02-14T10:20:54+00:00","og_image":[{"width":600,"height":600,"url":"https:\/\/www.eurosmart.hu\/shop\/wp-content\/uploads\/2023\/09\/4933381230.jpg","type":"image\/jpeg"}],"twitter_card":"summary_large_image","twitter_misc":{"Price":"","Availability":"In stock"},"schema":{"@context":"https:\/\/schema.org","@graph":[{"@type":"WebPage","@id":"https:\/\/www.eurosmart.hu\/shop\/index.php\/termek\/milwaukee-jspe-135-tx-heavy-duty-felsofogantyus-szurofuresz-750w-4933381230\/","url":"https:\/\/www.eurosmart.hu\/shop\/index.php\/termek\/milwaukee-jspe-135-tx-heavy-duty-felsofogantyus-szurofuresz-750w-4933381230\/","name":"MILWAUKEE JSPE 135 TX HEAVY DUTY\u2122 FELS\u0150FOGANTY\u00daS SZ\u00daR\u00d3F\u0170R\u00c9SZ 750W KOFFERBEN (4933381230) - Eurosmart - Milwaukee web\u00e1ruh\u00e1z","isPartOf":{"@id":"https:\/\/www.eurosmart.hu\/shop\/#website"},"datePublished":"2023-09-18T08:37:56+00:00","dateModified":"2024-02-14T10:20:54+00:00","breadcrumb":{"@id":"https:\/\/www.eurosmart.hu\/shop\/index.php\/termek\/milwaukee-jspe-135-tx-heavy-duty-felsofogantyus-szurofuresz-750w-4933381230\/#breadcrumb"},"inLanguage":"hu","potentialAction":[{"@type":"ReadAction","target":["https:\/\/www.eurosmart.hu\/shop\/index.php\/termek\/milwaukee-jspe-135-tx-heavy-duty-felsofogantyus-szurofuresz-750w-4933381230\/"]}]},{"@type":"BreadcrumbList","@id":"https:\/\/www.eurosmart.hu\/shop\/index.php\/termek\/milwaukee-jspe-135-tx-heavy-duty-felsofogantyus-szurofuresz-750w-4933381230\/#breadcrumb","itemListElement":[{"@type":"ListItem","position":1,"name":"Kezd\u0151lap","item":"https:\/\/www.eurosmart.hu\/shop\/"},{"@type":"ListItem","position":2,"name":"Term\u00e9keink","item":"https:\/\/www.eurosmart.hu\/shop\/index.php\/uzlet\/"},{"@type":"ListItem","position":3,"name":"MILWAUKEE JSPE 135 TX HEAVY DUTY\u2122 FELS\u0150FOGANTY\u00daS SZ\u00daR\u00d3F\u0170R\u00c9SZ 750W KOFFERBEN (4933381230)"}]},{"@type":"WebSite","@id":"https:\/\/www.eurosmart.hu\/shop\/#website","url":"https:\/\/www.eurosmart.hu\/shop\/","name":"Eurosmart - Milwaukee web\u00e1ruh\u00e1z","description":"Milwaukee web\u00e1ruh\u00e1z","publisher":{"@id":"https:\/\/www.eurosmart.hu\/shop\/#organization"},"potentialAction":[{"@type":"SearchAction","target":{"@type":"EntryPoint","urlTemplate":"https:\/\/www.eurosmart.hu\/shop\/?s={search_term_string}"},"query-input":"required name=search_term_string"}],"inLanguage":"hu"},{"@type":"Organization","@id":"https:\/\/www.eurosmart.hu\/shop\/#organization","name":"Eurosmart - Milwaukee web\u00e1ruh\u00e1z","url":"https:\/\/www.eurosmart.hu\/shop\/","logo":{"@type":"ImageObject","inLanguage":"hu","@id":"https:\/\/www.eurosmart.hu\/shop\/#\/schema\/logo\/image\/","url":"https:\/\/www.eurosmart.hu\/shop\/wp-content\/uploads\/2023\/10\/milwaukee-logo-1.png","contentUrl":"https:\/\/www.eurosmart.hu\/shop\/wp-content\/uploads\/2023\/10\/milwaukee-logo-1.png","width":500,"height":200,"caption":"Eurosmart - Milwaukee web\u00e1ruh\u00e1z"},"image":{"@id":"https:\/\/www.eurosmart.hu\/shop\/#\/schema\/logo\/image\/"},"sameAs":["https:\/\/www.facebook.com\/EurosmartKft"]}]},"product_price_currency":"HUF","og_availability":"instock","product_availability":"instock","product_retailer_item_id":"4933381230","product_condition":"new"},"_links":{"self":[{"href":"https:\/\/www.eurosmart.hu\/shop\/index.php\/wp-json\/wp\/v2\/product\/2093","targetHints":{"allow":["GET"]}}],"collection":[{"href":"https:\/\/www.eurosmart.hu\/shop\/index.php\/wp-json\/wp\/v2\/product"}],"about":[{"href":"https:\/\/www.eurosmart.hu\/shop\/index.php\/wp-json\/wp\/v2\/types\/product"}],"wp:featuredmedia":[{"embeddable":true,"href":"https:\/\/www.eurosmart.hu\/shop\/index.php\/wp-json\/wp\/v2\/media\/3034"}],"wp:attachment":[{"href":"https:\/\/www.eurosmart.hu\/shop\/index.php\/wp-json\/wp\/v2\/media?parent=2093"}],"wp:term":[{"taxonomy":"product_cat","embeddable":true,"href":"https:\/\/www.eurosmart.hu\/shop\/index.php\/wp-json\/wp\/v2\/product_cat?post=2093"},{"taxonomy":"product_tag","embeddable":true,"href":"https:\/\/www.eurosmart.hu\/shop\/index.php\/wp-json\/wp\/v2\/product_tag?post=2093"}],"curies":[{"name":"wp","href":"https:\/\/api.w.org\/{rel}","templated":true}]}}