{"id":2089,"date":"2023-09-18T08:26:55","date_gmt":"2023-09-18T08:26:55","guid":{"rendered":"https:\/\/www.eurosmart.hu\/shop\/?post_type=product&#038;p=2089"},"modified":"2024-02-16T09:14:40","modified_gmt":"2024-02-16T09:14:40","slug":"milwaukee-ir-fl500-akkus-lampa-500lm-4933478586","status":"publish","type":"product","link":"https:\/\/www.eurosmart.hu\/shop\/index.php\/termek\/milwaukee-ir-fl500-akkus-lampa-500lm-4933478586\/","title":{"rendered":"MILWAUKEE IR FL500 \u00daJRAT\u00d6LTHET\u0150 ZSEBL\u00c1MPA (500 LUMEN) (4933478586)"},"content":{"rendered":"<h5>Tulajdons\u00e1gok:<\/h5>\n<ul>\n<li>500 lumen f\u00e9ny\u00e1ram\u00fa, TRUEVIEW nagy teljes\u00edtm\u00e9ny\u0171 vil\u00e1g\u00edt\u00e1s, ak\u00e1r 100 m hat\u00f3t\u00e1vols\u00e1ggal.<\/li>\n<li>A zsebl\u00e1mpa 3 \u00fczemm\u00f3dot \u00e9s c\u00e9lt\u00e1bla-k\u00f6z\u00e9p mint\u00e1zatot alkalmaz a t\u00e1vols\u00e1ghoz \u00e9s nagyon k\u00f6zeli megvil\u00e1g\u00edt\u00e1shoz optimaliz\u00e1lva.<\/li>\n<li>IP67 besorol\u00e1s &#8211; v\u00e9delmet ny\u00fajt, ha max. 1 m m\u00e9lys\u00e9gig v\u00edzbe mer\u00fcl \u00e9s por ellen.<\/li>\n<li>M\u00e1gneses tartoz\u00e9k a k\u00e9z n\u00e9lk\u00fcli haszn\u00e1lathoz \u00e9s t\u00e1rol\u00e1shoz.<\/li>\n<li>Visszaford\u00edthat\u00f3 \/ elt\u00e1vol\u00edthat\u00f3 csipesz az optim\u00e1lis r\u00f6gz\u00edt\u00e9shez.<\/li>\n<li>Biztons\u00e1gi villog\u00f3 funkci\u00f3 t\u00e1j\u00e9koztatja a v\u00e9gfelhaszn\u00e1l\u00f3t az akkumul\u00e1tor lemer\u00fcl\u00e9s\u00e9r\u0151l.<\/li>\n<li>A REDLITHIUM USB akkumul\u00e1tor k\u00e9nyelmesen felt\u00f6lthet\u0151 micro-USB k\u00e1bellel, tov\u00e1bb\u00e1 USB \u00e1ramforr\u00e1sba vagy h\u00e1l\u00f3zati aljzatba csatlakoztathat\u00f3 (a fali csatlakoz\u00f3 nem k\u00e9pezi a k\u00e9szlet r\u00e9sz\u00e9t).<\/li>\n<li>Munkahelyi massz\u00edv mikro-USB sodrott k\u00e1bel f\u00e9mv\u00e9gekkel.<\/li>\n<li>USB k\u00e1belt tartalmaz.<\/li>\n<\/ul>\n<h5><strong>M\u0171szaki adatok:<\/strong><\/h5>\n<ul>\n<li>T\u00edpus: Akkumul\u00e1toros, Li-ion 4V<\/li>\n<li>F\u00e9ny\u00e1ram: 500 \/ 100 \/ 10 lumen<\/li>\n<li>Max. m\u0171k\u00f6d\u00e9si id\u0151: 3.5 \/ 16 \/ 40 \u00f3ra<\/li>\n<li>Max. f\u00e9nyt\u00e1vols\u00e1g: 100 m<\/li>\n<li>Rendszer: \u00fajrat\u00f6lthet\u0151<\/li>\n<li>S\u00faly akkumul\u00e1torral: 100 g (bels\u0151 akkumul\u00e1tor)<\/li>\n<\/ul>\n","protected":false},"excerpt":{"rendered":"<p><strong>A k\u00e9szlet tartalma: <\/strong><\/p>\n<ul>\n<li>1 db IR FL500 ZSEBL\u00c1MPA be\u00e9p\u00edtett akkumul\u00e1torral<\/li>\n<li>1 db USB k\u00e1bel<\/li>\n<\/ul>\n","protected":false},"featured_media":3071,"template":"","meta":[],"product_cat":[165,59,193,89,192],"product_tag":[],"class_list":["post-2089","product","type-product","status-publish","has-post-thumbnail","hentry","product_cat-akkumulatoros-gepek","product_cat-milwaukee","product_cat-szemelyes-vilagitas","product_cat-termekek","product_cat-vilagitas-termekek"],"yoast_head":"<!-- This site is optimized with the Yoast SEO Premium plugin v21.3 (Yoast SEO v21.3) - https:\/\/yoast.com\/wordpress\/plugins\/seo\/ -->\n<title>MILWAUKEE IR FL500 \u00daJRAT\u00d6LTHET\u0150 ZSEBL\u00c1MPA (500 LUMEN) (4933478586) - Eurosmart - Milwaukee web\u00e1ruh\u00e1z<\/title>\n<meta name=\"robots\" content=\"index, follow, max-snippet:-1, max-image-preview:large, max-video-preview:-1\" \/>\n<link rel=\"canonical\" href=\"https:\/\/www.eurosmart.hu\/shop\/index.php\/termek\/milwaukee-ir-fl500-akkus-lampa-500lm-4933478586\/\" \/>\n<meta property=\"og:locale\" content=\"hu_HU\" \/>\n<meta property=\"og:type\" content=\"article\" \/>\n<meta property=\"og:title\" content=\"MILWAUKEE IR FL500 \u00daJRAT\u00d6LTHET\u0150 ZSEBL\u00c1MPA (500 LUMEN) (4933478586)\" \/>\n<meta property=\"og:description\" content=\"A k\u00e9szlet tartalma:    1 db IR FL500 ZSEBL\u00c1MPA be\u00e9p\u00edtett akkumul\u00e1torral  1 db USB k\u00e1bel\" \/>\n<meta property=\"og:url\" content=\"https:\/\/www.eurosmart.hu\/shop\/index.php\/termek\/milwaukee-ir-fl500-akkus-lampa-500lm-4933478586\/\" \/>\n<meta property=\"og:site_name\" content=\"Eurosmart - Milwaukee web\u00e1ruh\u00e1z\" \/>\n<meta property=\"article:publisher\" content=\"https:\/\/www.facebook.com\/EurosmartKft\" \/>\n<meta property=\"article:modified_time\" content=\"2024-02-16T09:14:40+00:00\" \/>\n<meta property=\"og:image\" content=\"https:\/\/www.eurosmart.hu\/shop\/wp-content\/uploads\/2023\/09\/4933478586.jpg\" \/>\n\t<meta property=\"og:image:width\" content=\"600\" \/>\n\t<meta property=\"og:image:height\" content=\"600\" \/>\n\t<meta property=\"og:image:type\" content=\"image\/jpeg\" \/>\n<meta name=\"twitter:card\" content=\"summary_large_image\" \/>\n<meta name=\"twitter:label1\" content=\"Price\" \/>\n\t<meta name=\"twitter:data1\" content=\"\" \/>\n\t<meta name=\"twitter:label2\" content=\"Availability\" \/>\n\t<meta name=\"twitter:data2\" content=\"In stock\" \/>\n<script type=\"application\/ld+json\" class=\"yoast-schema-graph\">{\"@context\":\"https:\/\/schema.org\",\"@graph\":[{\"@type\":\"WebPage\",\"@id\":\"https:\/\/www.eurosmart.hu\/shop\/index.php\/termek\/milwaukee-ir-fl500-akkus-lampa-500lm-4933478586\/\",\"url\":\"https:\/\/www.eurosmart.hu\/shop\/index.php\/termek\/milwaukee-ir-fl500-akkus-lampa-500lm-4933478586\/\",\"name\":\"MILWAUKEE IR FL500 \u00daJRAT\u00d6LTHET\u0150 ZSEBL\u00c1MPA (500 LUMEN) (4933478586) - Eurosmart - Milwaukee web\u00e1ruh\u00e1z\",\"isPartOf\":{\"@id\":\"https:\/\/www.eurosmart.hu\/shop\/#website\"},\"datePublished\":\"2023-09-18T08:26:55+00:00\",\"dateModified\":\"2024-02-16T09:14:40+00:00\",\"breadcrumb\":{\"@id\":\"https:\/\/www.eurosmart.hu\/shop\/index.php\/termek\/milwaukee-ir-fl500-akkus-lampa-500lm-4933478586\/#breadcrumb\"},\"inLanguage\":\"hu\",\"potentialAction\":[{\"@type\":\"ReadAction\",\"target\":[\"https:\/\/www.eurosmart.hu\/shop\/index.php\/termek\/milwaukee-ir-fl500-akkus-lampa-500lm-4933478586\/\"]}]},{\"@type\":\"BreadcrumbList\",\"@id\":\"https:\/\/www.eurosmart.hu\/shop\/index.php\/termek\/milwaukee-ir-fl500-akkus-lampa-500lm-4933478586\/#breadcrumb\",\"itemListElement\":[{\"@type\":\"ListItem\",\"position\":1,\"name\":\"Kezd\u0151lap\",\"item\":\"https:\/\/www.eurosmart.hu\/shop\/\"},{\"@type\":\"ListItem\",\"position\":2,\"name\":\"Term\u00e9keink\",\"item\":\"https:\/\/www.eurosmart.hu\/shop\/index.php\/uzlet\/\"},{\"@type\":\"ListItem\",\"position\":3,\"name\":\"MILWAUKEE IR FL500 \u00daJRAT\u00d6LTHET\u0150 ZSEBL\u00c1MPA (500 LUMEN) (4933478586)\"}]},{\"@type\":\"WebSite\",\"@id\":\"https:\/\/www.eurosmart.hu\/shop\/#website\",\"url\":\"https:\/\/www.eurosmart.hu\/shop\/\",\"name\":\"Eurosmart - Milwaukee web\u00e1ruh\u00e1z\",\"description\":\"Milwaukee web\u00e1ruh\u00e1z\",\"publisher\":{\"@id\":\"https:\/\/www.eurosmart.hu\/shop\/#organization\"},\"potentialAction\":[{\"@type\":\"SearchAction\",\"target\":{\"@type\":\"EntryPoint\",\"urlTemplate\":\"https:\/\/www.eurosmart.hu\/shop\/?s={search_term_string}\"},\"query-input\":\"required name=search_term_string\"}],\"inLanguage\":\"hu\"},{\"@type\":\"Organization\",\"@id\":\"https:\/\/www.eurosmart.hu\/shop\/#organization\",\"name\":\"Eurosmart - Milwaukee web\u00e1ruh\u00e1z\",\"url\":\"https:\/\/www.eurosmart.hu\/shop\/\",\"logo\":{\"@type\":\"ImageObject\",\"inLanguage\":\"hu\",\"@id\":\"https:\/\/www.eurosmart.hu\/shop\/#\/schema\/logo\/image\/\",\"url\":\"https:\/\/www.eurosmart.hu\/shop\/wp-content\/uploads\/2023\/10\/milwaukee-logo-1.png\",\"contentUrl\":\"https:\/\/www.eurosmart.hu\/shop\/wp-content\/uploads\/2023\/10\/milwaukee-logo-1.png\",\"width\":500,\"height\":200,\"caption\":\"Eurosmart - Milwaukee web\u00e1ruh\u00e1z\"},\"image\":{\"@id\":\"https:\/\/www.eurosmart.hu\/shop\/#\/schema\/logo\/image\/\"},\"sameAs\":[\"https:\/\/www.facebook.com\/EurosmartKft\"]}]}<\/script>\n<meta property=\"product:price:amount\" content=\"0\" \/>\n<meta property=\"product:price:currency\" content=\"HUF\" \/>\n<meta property=\"og:availability\" content=\"instock\" \/>\n<meta property=\"product:availability\" content=\"instock\" \/>\n<meta property=\"product:retailer_item_id\" content=\"4933478586\" \/>\n<meta property=\"product:condition\" content=\"new\" \/>\n<!-- \/ Yoast SEO Premium plugin. -->","yoast_head_json":{"title":"MILWAUKEE IR FL500 \u00daJRAT\u00d6LTHET\u0150 ZSEBL\u00c1MPA (500 LUMEN) (4933478586) - Eurosmart - Milwaukee web\u00e1ruh\u00e1z","robots":{"index":"index","follow":"follow","max-snippet":"max-snippet:-1","max-image-preview":"max-image-preview:large","max-video-preview":"max-video-preview:-1"},"canonical":"https:\/\/www.eurosmart.hu\/shop\/index.php\/termek\/milwaukee-ir-fl500-akkus-lampa-500lm-4933478586\/","og_locale":"hu_HU","og_type":"article","og_title":"MILWAUKEE IR FL500 \u00daJRAT\u00d6LTHET\u0150 ZSEBL\u00c1MPA (500 LUMEN) (4933478586)","og_description":"A k\u00e9szlet tartalma:    1 db IR FL500 ZSEBL\u00c1MPA be\u00e9p\u00edtett akkumul\u00e1torral  1 db USB k\u00e1bel","og_url":"https:\/\/www.eurosmart.hu\/shop\/index.php\/termek\/milwaukee-ir-fl500-akkus-lampa-500lm-4933478586\/","og_site_name":"Eurosmart - Milwaukee web\u00e1ruh\u00e1z","article_publisher":"https:\/\/www.facebook.com\/EurosmartKft","article_modified_time":"2024-02-16T09:14:40+00:00","og_image":[{"width":600,"height":600,"url":"https:\/\/www.eurosmart.hu\/shop\/wp-content\/uploads\/2023\/09\/4933478586.jpg","type":"image\/jpeg"}],"twitter_card":"summary_large_image","twitter_misc":{"Price":"","Availability":"In stock"},"schema":{"@context":"https:\/\/schema.org","@graph":[{"@type":"WebPage","@id":"https:\/\/www.eurosmart.hu\/shop\/index.php\/termek\/milwaukee-ir-fl500-akkus-lampa-500lm-4933478586\/","url":"https:\/\/www.eurosmart.hu\/shop\/index.php\/termek\/milwaukee-ir-fl500-akkus-lampa-500lm-4933478586\/","name":"MILWAUKEE IR FL500 \u00daJRAT\u00d6LTHET\u0150 ZSEBL\u00c1MPA (500 LUMEN) (4933478586) - Eurosmart - Milwaukee web\u00e1ruh\u00e1z","isPartOf":{"@id":"https:\/\/www.eurosmart.hu\/shop\/#website"},"datePublished":"2023-09-18T08:26:55+00:00","dateModified":"2024-02-16T09:14:40+00:00","breadcrumb":{"@id":"https:\/\/www.eurosmart.hu\/shop\/index.php\/termek\/milwaukee-ir-fl500-akkus-lampa-500lm-4933478586\/#breadcrumb"},"inLanguage":"hu","potentialAction":[{"@type":"ReadAction","target":["https:\/\/www.eurosmart.hu\/shop\/index.php\/termek\/milwaukee-ir-fl500-akkus-lampa-500lm-4933478586\/"]}]},{"@type":"BreadcrumbList","@id":"https:\/\/www.eurosmart.hu\/shop\/index.php\/termek\/milwaukee-ir-fl500-akkus-lampa-500lm-4933478586\/#breadcrumb","itemListElement":[{"@type":"ListItem","position":1,"name":"Kezd\u0151lap","item":"https:\/\/www.eurosmart.hu\/shop\/"},{"@type":"ListItem","position":2,"name":"Term\u00e9keink","item":"https:\/\/www.eurosmart.hu\/shop\/index.php\/uzlet\/"},{"@type":"ListItem","position":3,"name":"MILWAUKEE IR FL500 \u00daJRAT\u00d6LTHET\u0150 ZSEBL\u00c1MPA (500 LUMEN) (4933478586)"}]},{"@type":"WebSite","@id":"https:\/\/www.eurosmart.hu\/shop\/#website","url":"https:\/\/www.eurosmart.hu\/shop\/","name":"Eurosmart - Milwaukee web\u00e1ruh\u00e1z","description":"Milwaukee web\u00e1ruh\u00e1z","publisher":{"@id":"https:\/\/www.eurosmart.hu\/shop\/#organization"},"potentialAction":[{"@type":"SearchAction","target":{"@type":"EntryPoint","urlTemplate":"https:\/\/www.eurosmart.hu\/shop\/?s={search_term_string}"},"query-input":"required name=search_term_string"}],"inLanguage":"hu"},{"@type":"Organization","@id":"https:\/\/www.eurosmart.hu\/shop\/#organization","name":"Eurosmart - Milwaukee web\u00e1ruh\u00e1z","url":"https:\/\/www.eurosmart.hu\/shop\/","logo":{"@type":"ImageObject","inLanguage":"hu","@id":"https:\/\/www.eurosmart.hu\/shop\/#\/schema\/logo\/image\/","url":"https:\/\/www.eurosmart.hu\/shop\/wp-content\/uploads\/2023\/10\/milwaukee-logo-1.png","contentUrl":"https:\/\/www.eurosmart.hu\/shop\/wp-content\/uploads\/2023\/10\/milwaukee-logo-1.png","width":500,"height":200,"caption":"Eurosmart - Milwaukee web\u00e1ruh\u00e1z"},"image":{"@id":"https:\/\/www.eurosmart.hu\/shop\/#\/schema\/logo\/image\/"},"sameAs":["https:\/\/www.facebook.com\/EurosmartKft"]}]},"product_price_currency":"HUF","og_availability":"instock","product_availability":"instock","product_retailer_item_id":"4933478586","product_condition":"new"},"_links":{"self":[{"href":"https:\/\/www.eurosmart.hu\/shop\/index.php\/wp-json\/wp\/v2\/product\/2089","targetHints":{"allow":["GET"]}}],"collection":[{"href":"https:\/\/www.eurosmart.hu\/shop\/index.php\/wp-json\/wp\/v2\/product"}],"about":[{"href":"https:\/\/www.eurosmart.hu\/shop\/index.php\/wp-json\/wp\/v2\/types\/product"}],"wp:featuredmedia":[{"embeddable":true,"href":"https:\/\/www.eurosmart.hu\/shop\/index.php\/wp-json\/wp\/v2\/media\/3071"}],"wp:attachment":[{"href":"https:\/\/www.eurosmart.hu\/shop\/index.php\/wp-json\/wp\/v2\/media?parent=2089"}],"wp:term":[{"taxonomy":"product_cat","embeddable":true,"href":"https:\/\/www.eurosmart.hu\/shop\/index.php\/wp-json\/wp\/v2\/product_cat?post=2089"},{"taxonomy":"product_tag","embeddable":true,"href":"https:\/\/www.eurosmart.hu\/shop\/index.php\/wp-json\/wp\/v2\/product_tag?post=2089"}],"curies":[{"name":"wp","href":"https:\/\/api.w.org\/{rel}","templated":true}]}}