{"id":2087,"date":"2023-09-18T08:20:22","date_gmt":"2023-09-18T08:20:22","guid":{"rendered":"https:\/\/www.eurosmart.hu\/shop\/?post_type=product&#038;p=2087"},"modified":"2024-02-14T08:06:20","modified_gmt":"2024-02-14T08:06:20","slug":"milwaukee-hde-13-rqx-egysebesseges-furogep-950w-030250","status":"publish","type":"product","link":"https:\/\/www.eurosmart.hu\/shop\/index.php\/termek\/milwaukee-hde-13-rqx-egysebesseges-furogep-950w-030250\/","title":{"rendered":"MILWAUKEE HDE 13 RQX EGYSEBESS\u00c9GES F\u00daR\u00d3G\u00c9P 950W (030250)"},"content":{"rendered":"<h5>Tulajdons\u00e1gok:<\/h5>\n<ul>\n<li class=\"ProductFeaturesTextstyles__Feature-fxqvf2-3 ggyeUS\">Kompakt \u00e9s er\u0151teljes 950 wattos motor<\/li>\n<li class=\"ProductFeaturesTextstyles__Feature-fxqvf2-3 ggyeUS\">V\u00e1ltoztathat\u00f3 sebess\u00e9g<\/li>\n<li class=\"ProductFeaturesTextstyles__Feature-fxqvf2-3 ggyeUS\">Kiv\u00e1l\u00f3 teljes\u00edtm\u00e9ny alacsony f\u00far\u00e1si sebess\u00e9gn\u00e9l \u00e9s nagy nyomat\u00e9kot ig\u00e9nyl\u0151 k\u00fcl\u00f6nb\u00f6z\u0151 alkalmaz\u00e1sokban<\/li>\n<li class=\"ProductFeaturesTextstyles__Feature-fxqvf2-3 ggyeUS\">Ipari egyh\u00fcvely\u0171 f\u00e9m kulcsn\u00e9lk\u00fcli tokm\u00e1ny<\/li>\n<li class=\"ProductFeaturesTextstyles__Feature-fxqvf2-3 ggyeUS\">Automata tengelyretesz<\/li>\n<li class=\"ProductFeaturesTextstyles__Feature-fxqvf2-3 ggyeUS\">Jobbra-balra forg\u00e1s<\/li>\n<li class=\"ProductFeaturesTextstyles__Feature-fxqvf2-3 ggyeUS\">4 m QUIK-LOK\u2122 k\u00e1bel<\/li>\n<\/ul>\n<h5>M\u0171szaki adatok:<\/h5>\n<ul>\n<li>T\u00edpus: Vezet\u00e9kes<\/li>\n<li>\u00dcresj\u00e1rati fordulatsz\u00e1m (ford\/perc): 0-850<\/li>\n<li>Felvett teljes\u00edtm\u00e9ny (W): 950<\/li>\n<li>Maxim\u00e1lis f\u00far\u00e1si \u00e1tm\u00e9r\u0151 ac\u00e9lban (mm): 13<\/li>\n<li>Maxim\u00e1lis f\u00far\u00e1si \u00e1tm\u00e9r\u0151 f\u00e1ban (mm): 38<\/li>\n<li>Max. statikus forgat\u00f3nyomat\u00e9k (Nm): 94<\/li>\n<li>Szersz\u00e1m befog\u00e1s: \u00bd\u2033 x 20<\/li>\n<li>Tokm\u00e1ny m\u00e9ret: 13 mm<\/li>\n<li>S\u00faly (kg): 2.0<\/li>\n<\/ul>\n","protected":false},"excerpt":{"rendered":"<p><strong>A k\u00e9szlet tartalma:<\/strong><\/p>\n<ul>\n<li>1 db HDE 13 RQX f\u00far\u00f3g\u00e9p<em> (koffer n\u00e9lk\u00fcl sz\u00e1ll\u00edtva!)<\/em><\/li>\n<li>P\u00f3tfoganty\u00fa, FIXTEC 13 mm-es kulcsn\u00e9lk\u00fcli tokm\u00e1ny, 4 m QUIK-LOK k\u00e1bel<\/li>\n<\/ul>\n","protected":false},"featured_media":3033,"template":"","meta":[],"product_cat":[179,59,89,177],"product_tag":[],"class_list":["post-2087","product","type-product","status-publish","has-post-thumbnail","hentry","product_cat-furas-veses-es-rogzites","product_cat-milwaukee","product_cat-termekek","product_cat-vezetekes-gepek"],"yoast_head":"<!-- This site is optimized with the Yoast SEO Premium plugin v21.3 (Yoast SEO v21.3) - https:\/\/yoast.com\/wordpress\/plugins\/seo\/ -->\n<title>MILWAUKEE HDE 13 RQX EGYSEBESS\u00c9GES F\u00daR\u00d3G\u00c9P 950W (030250) - Eurosmart - Milwaukee web\u00e1ruh\u00e1z<\/title>\n<meta name=\"robots\" content=\"index, follow, max-snippet:-1, max-image-preview:large, max-video-preview:-1\" \/>\n<link rel=\"canonical\" href=\"https:\/\/www.eurosmart.hu\/shop\/index.php\/termek\/milwaukee-hde-13-rqx-egysebesseges-furogep-950w-030250\/\" \/>\n<meta property=\"og:locale\" content=\"hu_HU\" \/>\n<meta property=\"og:type\" content=\"article\" \/>\n<meta property=\"og:title\" content=\"MILWAUKEE HDE 13 RQX EGYSEBESS\u00c9GES F\u00daR\u00d3G\u00c9P 950W (030250)\" \/>\n<meta property=\"og:description\" content=\"A k\u00e9szlet tartalma:   1 db HDE 13 RQX f\u00far\u00f3g\u00e9p (koffer n\u00e9lk\u00fcl sz\u00e1ll\u00edtva!)  P\u00f3tfoganty\u00fa, FIXTEC 13 mm-es kulcsn\u00e9lk\u00fcli tokm\u00e1ny, 4 m QUIK-LOK k\u00e1bel\" \/>\n<meta property=\"og:url\" content=\"https:\/\/www.eurosmart.hu\/shop\/index.php\/termek\/milwaukee-hde-13-rqx-egysebesseges-furogep-950w-030250\/\" \/>\n<meta property=\"og:site_name\" content=\"Eurosmart - Milwaukee web\u00e1ruh\u00e1z\" \/>\n<meta property=\"article:publisher\" content=\"https:\/\/www.facebook.com\/EurosmartKft\" \/>\n<meta property=\"article:modified_time\" content=\"2024-02-14T08:06:20+00:00\" \/>\n<meta property=\"og:image\" content=\"https:\/\/www.eurosmart.hu\/shop\/wp-content\/uploads\/2023\/09\/030250.jpg\" \/>\n\t<meta property=\"og:image:width\" content=\"600\" \/>\n\t<meta property=\"og:image:height\" content=\"600\" \/>\n\t<meta property=\"og:image:type\" content=\"image\/jpeg\" \/>\n<meta name=\"twitter:card\" content=\"summary_large_image\" \/>\n<meta name=\"twitter:label1\" content=\"Price\" \/>\n\t<meta name=\"twitter:data1\" content=\"\" \/>\n\t<meta name=\"twitter:label2\" content=\"Availability\" \/>\n\t<meta name=\"twitter:data2\" content=\"In stock\" \/>\n<script type=\"application\/ld+json\" class=\"yoast-schema-graph\">{\"@context\":\"https:\/\/schema.org\",\"@graph\":[{\"@type\":\"WebPage\",\"@id\":\"https:\/\/www.eurosmart.hu\/shop\/index.php\/termek\/milwaukee-hde-13-rqx-egysebesseges-furogep-950w-030250\/\",\"url\":\"https:\/\/www.eurosmart.hu\/shop\/index.php\/termek\/milwaukee-hde-13-rqx-egysebesseges-furogep-950w-030250\/\",\"name\":\"MILWAUKEE HDE 13 RQX EGYSEBESS\u00c9GES F\u00daR\u00d3G\u00c9P 950W (030250) - Eurosmart - Milwaukee web\u00e1ruh\u00e1z\",\"isPartOf\":{\"@id\":\"https:\/\/www.eurosmart.hu\/shop\/#website\"},\"datePublished\":\"2023-09-18T08:20:22+00:00\",\"dateModified\":\"2024-02-14T08:06:20+00:00\",\"breadcrumb\":{\"@id\":\"https:\/\/www.eurosmart.hu\/shop\/index.php\/termek\/milwaukee-hde-13-rqx-egysebesseges-furogep-950w-030250\/#breadcrumb\"},\"inLanguage\":\"hu\",\"potentialAction\":[{\"@type\":\"ReadAction\",\"target\":[\"https:\/\/www.eurosmart.hu\/shop\/index.php\/termek\/milwaukee-hde-13-rqx-egysebesseges-furogep-950w-030250\/\"]}]},{\"@type\":\"BreadcrumbList\",\"@id\":\"https:\/\/www.eurosmart.hu\/shop\/index.php\/termek\/milwaukee-hde-13-rqx-egysebesseges-furogep-950w-030250\/#breadcrumb\",\"itemListElement\":[{\"@type\":\"ListItem\",\"position\":1,\"name\":\"Kezd\u0151lap\",\"item\":\"https:\/\/www.eurosmart.hu\/shop\/\"},{\"@type\":\"ListItem\",\"position\":2,\"name\":\"Term\u00e9keink\",\"item\":\"https:\/\/www.eurosmart.hu\/shop\/index.php\/uzlet\/\"},{\"@type\":\"ListItem\",\"position\":3,\"name\":\"MILWAUKEE HDE 13 RQX EGYSEBESS\u00c9GES F\u00daR\u00d3G\u00c9P 950W (030250)\"}]},{\"@type\":\"WebSite\",\"@id\":\"https:\/\/www.eurosmart.hu\/shop\/#website\",\"url\":\"https:\/\/www.eurosmart.hu\/shop\/\",\"name\":\"Eurosmart - Milwaukee web\u00e1ruh\u00e1z\",\"description\":\"Milwaukee web\u00e1ruh\u00e1z\",\"publisher\":{\"@id\":\"https:\/\/www.eurosmart.hu\/shop\/#organization\"},\"potentialAction\":[{\"@type\":\"SearchAction\",\"target\":{\"@type\":\"EntryPoint\",\"urlTemplate\":\"https:\/\/www.eurosmart.hu\/shop\/?s={search_term_string}\"},\"query-input\":\"required name=search_term_string\"}],\"inLanguage\":\"hu\"},{\"@type\":\"Organization\",\"@id\":\"https:\/\/www.eurosmart.hu\/shop\/#organization\",\"name\":\"Eurosmart - Milwaukee web\u00e1ruh\u00e1z\",\"url\":\"https:\/\/www.eurosmart.hu\/shop\/\",\"logo\":{\"@type\":\"ImageObject\",\"inLanguage\":\"hu\",\"@id\":\"https:\/\/www.eurosmart.hu\/shop\/#\/schema\/logo\/image\/\",\"url\":\"https:\/\/www.eurosmart.hu\/shop\/wp-content\/uploads\/2023\/10\/milwaukee-logo-1.png\",\"contentUrl\":\"https:\/\/www.eurosmart.hu\/shop\/wp-content\/uploads\/2023\/10\/milwaukee-logo-1.png\",\"width\":500,\"height\":200,\"caption\":\"Eurosmart - Milwaukee web\u00e1ruh\u00e1z\"},\"image\":{\"@id\":\"https:\/\/www.eurosmart.hu\/shop\/#\/schema\/logo\/image\/\"},\"sameAs\":[\"https:\/\/www.facebook.com\/EurosmartKft\"]}]}<\/script>\n<meta property=\"product:price:amount\" content=\"0\" \/>\n<meta property=\"product:price:currency\" content=\"HUF\" \/>\n<meta property=\"og:availability\" content=\"instock\" \/>\n<meta property=\"product:availability\" content=\"instock\" \/>\n<meta property=\"product:retailer_item_id\" content=\"030250\" \/>\n<meta property=\"product:condition\" content=\"new\" \/>\n<!-- \/ Yoast SEO Premium plugin. -->","yoast_head_json":{"title":"MILWAUKEE HDE 13 RQX EGYSEBESS\u00c9GES F\u00daR\u00d3G\u00c9P 950W (030250) - Eurosmart - Milwaukee web\u00e1ruh\u00e1z","robots":{"index":"index","follow":"follow","max-snippet":"max-snippet:-1","max-image-preview":"max-image-preview:large","max-video-preview":"max-video-preview:-1"},"canonical":"https:\/\/www.eurosmart.hu\/shop\/index.php\/termek\/milwaukee-hde-13-rqx-egysebesseges-furogep-950w-030250\/","og_locale":"hu_HU","og_type":"article","og_title":"MILWAUKEE HDE 13 RQX EGYSEBESS\u00c9GES F\u00daR\u00d3G\u00c9P 950W (030250)","og_description":"A k\u00e9szlet tartalma:   1 db HDE 13 RQX f\u00far\u00f3g\u00e9p (koffer n\u00e9lk\u00fcl sz\u00e1ll\u00edtva!)  P\u00f3tfoganty\u00fa, FIXTEC 13 mm-es kulcsn\u00e9lk\u00fcli tokm\u00e1ny, 4 m QUIK-LOK k\u00e1bel","og_url":"https:\/\/www.eurosmart.hu\/shop\/index.php\/termek\/milwaukee-hde-13-rqx-egysebesseges-furogep-950w-030250\/","og_site_name":"Eurosmart - Milwaukee web\u00e1ruh\u00e1z","article_publisher":"https:\/\/www.facebook.com\/EurosmartKft","article_modified_time":"2024-02-14T08:06:20+00:00","og_image":[{"width":600,"height":600,"url":"https:\/\/www.eurosmart.hu\/shop\/wp-content\/uploads\/2023\/09\/030250.jpg","type":"image\/jpeg"}],"twitter_card":"summary_large_image","twitter_misc":{"Price":"","Availability":"In stock"},"schema":{"@context":"https:\/\/schema.org","@graph":[{"@type":"WebPage","@id":"https:\/\/www.eurosmart.hu\/shop\/index.php\/termek\/milwaukee-hde-13-rqx-egysebesseges-furogep-950w-030250\/","url":"https:\/\/www.eurosmart.hu\/shop\/index.php\/termek\/milwaukee-hde-13-rqx-egysebesseges-furogep-950w-030250\/","name":"MILWAUKEE HDE 13 RQX EGYSEBESS\u00c9GES F\u00daR\u00d3G\u00c9P 950W (030250) - Eurosmart - Milwaukee web\u00e1ruh\u00e1z","isPartOf":{"@id":"https:\/\/www.eurosmart.hu\/shop\/#website"},"datePublished":"2023-09-18T08:20:22+00:00","dateModified":"2024-02-14T08:06:20+00:00","breadcrumb":{"@id":"https:\/\/www.eurosmart.hu\/shop\/index.php\/termek\/milwaukee-hde-13-rqx-egysebesseges-furogep-950w-030250\/#breadcrumb"},"inLanguage":"hu","potentialAction":[{"@type":"ReadAction","target":["https:\/\/www.eurosmart.hu\/shop\/index.php\/termek\/milwaukee-hde-13-rqx-egysebesseges-furogep-950w-030250\/"]}]},{"@type":"BreadcrumbList","@id":"https:\/\/www.eurosmart.hu\/shop\/index.php\/termek\/milwaukee-hde-13-rqx-egysebesseges-furogep-950w-030250\/#breadcrumb","itemListElement":[{"@type":"ListItem","position":1,"name":"Kezd\u0151lap","item":"https:\/\/www.eurosmart.hu\/shop\/"},{"@type":"ListItem","position":2,"name":"Term\u00e9keink","item":"https:\/\/www.eurosmart.hu\/shop\/index.php\/uzlet\/"},{"@type":"ListItem","position":3,"name":"MILWAUKEE HDE 13 RQX EGYSEBESS\u00c9GES F\u00daR\u00d3G\u00c9P 950W (030250)"}]},{"@type":"WebSite","@id":"https:\/\/www.eurosmart.hu\/shop\/#website","url":"https:\/\/www.eurosmart.hu\/shop\/","name":"Eurosmart - Milwaukee web\u00e1ruh\u00e1z","description":"Milwaukee web\u00e1ruh\u00e1z","publisher":{"@id":"https:\/\/www.eurosmart.hu\/shop\/#organization"},"potentialAction":[{"@type":"SearchAction","target":{"@type":"EntryPoint","urlTemplate":"https:\/\/www.eurosmart.hu\/shop\/?s={search_term_string}"},"query-input":"required name=search_term_string"}],"inLanguage":"hu"},{"@type":"Organization","@id":"https:\/\/www.eurosmart.hu\/shop\/#organization","name":"Eurosmart - Milwaukee web\u00e1ruh\u00e1z","url":"https:\/\/www.eurosmart.hu\/shop\/","logo":{"@type":"ImageObject","inLanguage":"hu","@id":"https:\/\/www.eurosmart.hu\/shop\/#\/schema\/logo\/image\/","url":"https:\/\/www.eurosmart.hu\/shop\/wp-content\/uploads\/2023\/10\/milwaukee-logo-1.png","contentUrl":"https:\/\/www.eurosmart.hu\/shop\/wp-content\/uploads\/2023\/10\/milwaukee-logo-1.png","width":500,"height":200,"caption":"Eurosmart - Milwaukee web\u00e1ruh\u00e1z"},"image":{"@id":"https:\/\/www.eurosmart.hu\/shop\/#\/schema\/logo\/image\/"},"sameAs":["https:\/\/www.facebook.com\/EurosmartKft"]}]},"product_price_currency":"HUF","og_availability":"instock","product_availability":"instock","product_retailer_item_id":"030250","product_condition":"new"},"_links":{"self":[{"href":"https:\/\/www.eurosmart.hu\/shop\/index.php\/wp-json\/wp\/v2\/product\/2087","targetHints":{"allow":["GET"]}}],"collection":[{"href":"https:\/\/www.eurosmart.hu\/shop\/index.php\/wp-json\/wp\/v2\/product"}],"about":[{"href":"https:\/\/www.eurosmart.hu\/shop\/index.php\/wp-json\/wp\/v2\/types\/product"}],"wp:featuredmedia":[{"embeddable":true,"href":"https:\/\/www.eurosmart.hu\/shop\/index.php\/wp-json\/wp\/v2\/media\/3033"}],"wp:attachment":[{"href":"https:\/\/www.eurosmart.hu\/shop\/index.php\/wp-json\/wp\/v2\/media?parent=2087"}],"wp:term":[{"taxonomy":"product_cat","embeddable":true,"href":"https:\/\/www.eurosmart.hu\/shop\/index.php\/wp-json\/wp\/v2\/product_cat?post=2087"},{"taxonomy":"product_tag","embeddable":true,"href":"https:\/\/www.eurosmart.hu\/shop\/index.php\/wp-json\/wp\/v2\/product_tag?post=2087"}],"curies":[{"name":"wp","href":"https:\/\/api.w.org\/{rel}","templated":true}]}}