{"id":2085,"date":"2023-09-18T08:13:47","date_gmt":"2023-09-18T08:13:47","guid":{"rendered":"https:\/\/www.eurosmart.hu\/shop\/?post_type=product&#038;p=2085"},"modified":"2024-02-14T14:34:59","modified_gmt":"2024-02-14T14:34:59","slug":"milwaukee-agv-22-230-e-2200-w-sarokcsiszolo-avs-sel-4933431850","status":"publish","type":"product","link":"https:\/\/www.eurosmart.hu\/shop\/index.php\/termek\/milwaukee-agv-22-230-e-2200-w-sarokcsiszolo-avs-sel-4933431850\/","title":{"rendered":"MILWAUKEE AGV 22-230 E SAROKCSISZOL\u00d3 AVS-EL 2200W (4933431850)"},"content":{"rendered":"<h5>Tulajdons\u00e1gok:<\/h5>\n<ul class=\"ProductFeaturesTextstyles__FeatureList-fxqvf2-1 dUrrwH\">\n<li class=\"ProductFeaturesTextstyles__Feature-fxqvf2-3 ggyeUS\">Er\u0151teljes 2200 wattos motor hat\u00e9kony \u00e9s tart\u00f3s m\u0171gyanta bevonattal a hosszabb \u00e9lettartam\u00e9rt \u00e9s a kimagasl\u00f3 teljes\u00edtm\u00e9ny\u00e9rt minden alkalmaz\u00e1sban<\/li>\n<li class=\"ProductFeaturesTextstyles__Feature-fxqvf2-3 ggyeUS\">Nagyon kompakt forma, 485 mm hossz\u00fa \u00e9s 5,4 kg a legk\u00e9nyelmesebb haszn\u00e1lat\u00e9rt<\/li>\n<li class=\"ProductFeaturesTextstyles__Feature-fxqvf2-3 ggyeUS\">L\u00e1gyind\u00edt\u00e1s<\/li>\n<li class=\"ProductFeaturesTextstyles__Feature-fxqvf2-3 ggyeUS\">Szersz\u00e1m n\u00e9lk\u00fcl \u00e1ll\u00edthat\u00f3 \u00e9s kit\u00f6r\u00e9s ellen v\u00e9delmet biztos\u00edt\u00f3 v\u00e9d\u0151burkolat<\/li>\n<li class=\"ProductFeaturesTextstyles__Feature-fxqvf2-3 ggyeUS\">2 poz\u00edci\u00f3ban \u00e1ll\u00edthat\u00f3 cs\u00f6kkentett vibr\u00e1ci\u00f3j\u00fa p\u00f3tfoganty\u00fa a legjobb fog\u00e1s\u00e9rt<\/li>\n<li class=\"ProductFeaturesTextstyles__Feature-fxqvf2-3 ggyeUS\">Szerviz ny\u00edl\u00e1s a sz\u00e9nkef\u00e9k k\u00f6nny\u0171 cser\u00e9j\u00e9hez<\/li>\n<li class=\"ProductFeaturesTextstyles__Feature-fxqvf2-3 ggyeUS\">4 m gumibevonat\u00fa k\u00e1bel<\/li>\n<\/ul>\n<h5>M\u0171szaki adatok:<\/h5>\n<ul>\n<li>T\u00edpus: Vezet\u00e9kes<\/li>\n<li class=\"ProductSpecificationsstyles__Row-sc-1lyanq9-9 uhslJ\">\u00dcresj\u00e1rati fordulatsz\u00e1m (ford\/perc): 6600<\/li>\n<li class=\"ProductSpecificationsstyles__Row-sc-1lyanq9-9 uhslJ\"><span class=\"ProductSpecificationsstyles__RowTitle-sc-1lyanq9-10 cRNhzO\">AVS Anti-vibr\u00e1ci\u00f3s rendszer: Igen<\/span><\/li>\n<li class=\"ProductSpecificationsstyles__Row-sc-1lyanq9-9 uhslJ\"><span class=\"ProductSpecificationsstyles__RowTitle-sc-1lyanq9-10 cRNhzO\">Elford\u00edthat\u00f3 p\u00f3tfoganty\u00fa: <\/span><span class=\"ProductSpecificationsstyles__RowValue-sc-1lyanq9-11 iSSznz\">Nem<\/span><\/li>\n<li class=\"ProductSpecificationsstyles__Row-sc-1lyanq9-9 uhslJ\"><span class=\"ProductSpecificationsstyles__RowTitle-sc-1lyanq9-10 cRNhzO\">F\u00e9k: <\/span><span class=\"ProductSpecificationsstyles__RowValue-sc-1lyanq9-11 iSSznz\">Nem<\/span><\/li>\n<li class=\"ProductSpecificationsstyles__Row-sc-1lyanq9-9 uhslJ\"><span class=\"ProductSpecificationsstyles__RowTitle-sc-1lyanq9-10 cRNhzO\">Felvett teljes\u00edtm\u00e9ny (W): <\/span><span class=\"ProductSpecificationsstyles__RowValue-sc-1lyanq9-11 iSSznz\">2200<\/span><\/li>\n<li class=\"ProductSpecificationsstyles__Row-sc-1lyanq9-9 uhslJ\"><span class=\"ProductSpecificationsstyles__RowTitle-sc-1lyanq9-10 cRNhzO\">Fesz\u00fclts\u00e9g alatti biztons\u00e1gi rel\u00e9: <\/span><span class=\"ProductSpecificationsstyles__RowValue-sc-1lyanq9-11 iSSznz\">Igen<\/span><\/li>\n<li class=\"ProductSpecificationsstyles__Row-sc-1lyanq9-9 uhslJ\"><span class=\"ProductSpecificationsstyles__RowTitle-sc-1lyanq9-10 cRNhzO\">Kapcsol\u00f3 t\u00edpusa: <\/span><span class=\"ProductSpecificationsstyles__RowValue-sc-1lyanq9-11 iSSznz\">Reteszelhet\u0151 kapcsol\u00f3<\/span><\/li>\n<li class=\"ProductSpecificationsstyles__Row-sc-1lyanq9-9 uhslJ\"><span class=\"ProductSpecificationsstyles__RowTitle-sc-1lyanq9-10 cRNhzO\">Max. v\u00e1g\u00e1si m\u00e9lys\u00e9g (mm): <\/span><span class=\"ProductSpecificationsstyles__RowValue-sc-1lyanq9-11 iSSznz\">68<\/span><\/li>\n<li class=\"ProductSpecificationsstyles__Row-sc-1lyanq9-9 uhslJ\"><span class=\"ProductSpecificationsstyles__RowTitle-sc-1lyanq9-10 cRNhzO\">T\u00e1rcsa \u00e1tm\u00e9r\u0151 (mm): <\/span><span class=\"ProductSpecificationsstyles__RowValue-sc-1lyanq9-11 iSSznz\">230<\/span><\/li>\n<li class=\"ProductSpecificationsstyles__Row-sc-1lyanq9-9 uhslJ\"><span class=\"ProductSpecificationsstyles__RowTitle-sc-1lyanq9-10 cRNhzO\">Tengelymenet: <\/span><span class=\"ProductSpecificationsstyles__RowValue-sc-1lyanq9-11 iSSznz\">M14<\/span><\/li>\n<li class=\"ProductSpecificationsstyles__Row-sc-1lyanq9-9 uhslJ\"><span class=\"ProductSpecificationsstyles__RowTitle-sc-1lyanq9-10 cRNhzO\">V\u00e1ltoztathat\u00f3 sebess\u00e9g: Nem<\/span><\/li>\n<li class=\"ProductSpecificationsstyles__Row-sc-1lyanq9-9 uhslJ\">Visszar\u00fag\u00e1s elleni v\u00e9delem: Nem<\/li>\n<li>S\u00faly (kg): 5.4<\/li>\n<\/ul>\n","protected":false},"excerpt":{"rendered":"<p><strong>A k\u00e9szlet tartalma:<\/strong><\/p>\n<ul>\n<li>1 db AGV 22-230 E sarokcsiszol\u00f3 <em>(koffer n\u00e9lk\u00fcl sz\u00e1ll\u00edtva!)<\/em><\/li>\n<li><span class=\"ProductSpecificationsstyles__RowValue-sc-1lyanq9-11 iSSznz\">Gyors\u00e1ll\u00edt\u00e1s\u00fa v\u00e9d\u0151burkolat, AVS p\u00f3tfoganty\u00fa, peremes anya, szor\u00edt\u00f3 anya, 4 m k\u00e1bel, kulcs<\/span><\/li>\n<\/ul>\n","protected":false},"featured_media":3031,"template":"","meta":[],"product_cat":[181,59,89,177],"product_tag":[],"class_list":["post-2085","product","type-product","status-publish","has-post-thumbnail","hentry","product_cat-csiszolas-es-polirozas","product_cat-milwaukee","product_cat-termekek","product_cat-vezetekes-gepek"],"yoast_head":"<!-- This site is optimized with the Yoast SEO Premium plugin v21.3 (Yoast SEO v21.3) - https:\/\/yoast.com\/wordpress\/plugins\/seo\/ -->\n<title>MILWAUKEE AGV 22-230 E SAROKCSISZOL\u00d3 AVS-EL 2200W (4933431850) - Eurosmart - Milwaukee web\u00e1ruh\u00e1z<\/title>\n<meta name=\"robots\" content=\"index, follow, max-snippet:-1, max-image-preview:large, max-video-preview:-1\" \/>\n<link rel=\"canonical\" href=\"https:\/\/www.eurosmart.hu\/shop\/index.php\/termek\/milwaukee-agv-22-230-e-2200-w-sarokcsiszolo-avs-sel-4933431850\/\" \/>\n<meta property=\"og:locale\" content=\"hu_HU\" \/>\n<meta property=\"og:type\" content=\"article\" \/>\n<meta property=\"og:title\" content=\"MILWAUKEE AGV 22-230 E SAROKCSISZOL\u00d3 AVS-EL 2200W (4933431850)\" \/>\n<meta property=\"og:description\" content=\"A k\u00e9szlet tartalma:   1 db AGV 22-230 E sarokcsiszol\u00f3 (koffer n\u00e9lk\u00fcl sz\u00e1ll\u00edtva!)  Gyors\u00e1ll\u00edt\u00e1s\u00fa v\u00e9d\u0151burkolat, AVS p\u00f3tfoganty\u00fa, peremes anya, szor\u00edt\u00f3 anya, 4 m k\u00e1bel, kulcs\" \/>\n<meta property=\"og:url\" content=\"https:\/\/www.eurosmart.hu\/shop\/index.php\/termek\/milwaukee-agv-22-230-e-2200-w-sarokcsiszolo-avs-sel-4933431850\/\" \/>\n<meta property=\"og:site_name\" content=\"Eurosmart - Milwaukee web\u00e1ruh\u00e1z\" \/>\n<meta property=\"article:publisher\" content=\"https:\/\/www.facebook.com\/EurosmartKft\" \/>\n<meta property=\"article:modified_time\" content=\"2024-02-14T14:34:59+00:00\" \/>\n<meta property=\"og:image\" content=\"https:\/\/www.eurosmart.hu\/shop\/wp-content\/uploads\/2023\/09\/4933431850.jpg\" \/>\n\t<meta property=\"og:image:width\" content=\"600\" \/>\n\t<meta property=\"og:image:height\" content=\"600\" \/>\n\t<meta property=\"og:image:type\" content=\"image\/jpeg\" \/>\n<meta name=\"twitter:card\" content=\"summary_large_image\" \/>\n<meta name=\"twitter:label1\" content=\"Price\" \/>\n\t<meta name=\"twitter:data1\" content=\"\" \/>\n\t<meta name=\"twitter:label2\" content=\"Availability\" \/>\n\t<meta name=\"twitter:data2\" content=\"In stock\" \/>\n<script type=\"application\/ld+json\" class=\"yoast-schema-graph\">{\"@context\":\"https:\/\/schema.org\",\"@graph\":[{\"@type\":\"WebPage\",\"@id\":\"https:\/\/www.eurosmart.hu\/shop\/index.php\/termek\/milwaukee-agv-22-230-e-2200-w-sarokcsiszolo-avs-sel-4933431850\/\",\"url\":\"https:\/\/www.eurosmart.hu\/shop\/index.php\/termek\/milwaukee-agv-22-230-e-2200-w-sarokcsiszolo-avs-sel-4933431850\/\",\"name\":\"MILWAUKEE AGV 22-230 E SAROKCSISZOL\u00d3 AVS-EL 2200W (4933431850) - Eurosmart - Milwaukee web\u00e1ruh\u00e1z\",\"isPartOf\":{\"@id\":\"https:\/\/www.eurosmart.hu\/shop\/#website\"},\"datePublished\":\"2023-09-18T08:13:47+00:00\",\"dateModified\":\"2024-02-14T14:34:59+00:00\",\"breadcrumb\":{\"@id\":\"https:\/\/www.eurosmart.hu\/shop\/index.php\/termek\/milwaukee-agv-22-230-e-2200-w-sarokcsiszolo-avs-sel-4933431850\/#breadcrumb\"},\"inLanguage\":\"hu\",\"potentialAction\":[{\"@type\":\"ReadAction\",\"target\":[\"https:\/\/www.eurosmart.hu\/shop\/index.php\/termek\/milwaukee-agv-22-230-e-2200-w-sarokcsiszolo-avs-sel-4933431850\/\"]}]},{\"@type\":\"BreadcrumbList\",\"@id\":\"https:\/\/www.eurosmart.hu\/shop\/index.php\/termek\/milwaukee-agv-22-230-e-2200-w-sarokcsiszolo-avs-sel-4933431850\/#breadcrumb\",\"itemListElement\":[{\"@type\":\"ListItem\",\"position\":1,\"name\":\"Kezd\u0151lap\",\"item\":\"https:\/\/www.eurosmart.hu\/shop\/\"},{\"@type\":\"ListItem\",\"position\":2,\"name\":\"Term\u00e9keink\",\"item\":\"https:\/\/www.eurosmart.hu\/shop\/index.php\/uzlet\/\"},{\"@type\":\"ListItem\",\"position\":3,\"name\":\"MILWAUKEE AGV 22-230 E SAROKCSISZOL\u00d3 AVS-EL 2200W (4933431850)\"}]},{\"@type\":\"WebSite\",\"@id\":\"https:\/\/www.eurosmart.hu\/shop\/#website\",\"url\":\"https:\/\/www.eurosmart.hu\/shop\/\",\"name\":\"Eurosmart - Milwaukee web\u00e1ruh\u00e1z\",\"description\":\"Milwaukee web\u00e1ruh\u00e1z\",\"publisher\":{\"@id\":\"https:\/\/www.eurosmart.hu\/shop\/#organization\"},\"potentialAction\":[{\"@type\":\"SearchAction\",\"target\":{\"@type\":\"EntryPoint\",\"urlTemplate\":\"https:\/\/www.eurosmart.hu\/shop\/?s={search_term_string}\"},\"query-input\":\"required name=search_term_string\"}],\"inLanguage\":\"hu\"},{\"@type\":\"Organization\",\"@id\":\"https:\/\/www.eurosmart.hu\/shop\/#organization\",\"name\":\"Eurosmart - Milwaukee web\u00e1ruh\u00e1z\",\"url\":\"https:\/\/www.eurosmart.hu\/shop\/\",\"logo\":{\"@type\":\"ImageObject\",\"inLanguage\":\"hu\",\"@id\":\"https:\/\/www.eurosmart.hu\/shop\/#\/schema\/logo\/image\/\",\"url\":\"https:\/\/www.eurosmart.hu\/shop\/wp-content\/uploads\/2023\/10\/milwaukee-logo-1.png\",\"contentUrl\":\"https:\/\/www.eurosmart.hu\/shop\/wp-content\/uploads\/2023\/10\/milwaukee-logo-1.png\",\"width\":500,\"height\":200,\"caption\":\"Eurosmart - Milwaukee web\u00e1ruh\u00e1z\"},\"image\":{\"@id\":\"https:\/\/www.eurosmart.hu\/shop\/#\/schema\/logo\/image\/\"},\"sameAs\":[\"https:\/\/www.facebook.com\/EurosmartKft\"]}]}<\/script>\n<meta property=\"product:price:amount\" content=\"0\" \/>\n<meta property=\"product:price:currency\" content=\"HUF\" \/>\n<meta property=\"og:availability\" content=\"instock\" \/>\n<meta property=\"product:availability\" content=\"instock\" \/>\n<meta property=\"product:retailer_item_id\" content=\"4933431850\" \/>\n<meta property=\"product:condition\" content=\"new\" \/>\n<!-- \/ Yoast SEO Premium plugin. -->","yoast_head_json":{"title":"MILWAUKEE AGV 22-230 E SAROKCSISZOL\u00d3 AVS-EL 2200W (4933431850) - Eurosmart - Milwaukee web\u00e1ruh\u00e1z","robots":{"index":"index","follow":"follow","max-snippet":"max-snippet:-1","max-image-preview":"max-image-preview:large","max-video-preview":"max-video-preview:-1"},"canonical":"https:\/\/www.eurosmart.hu\/shop\/index.php\/termek\/milwaukee-agv-22-230-e-2200-w-sarokcsiszolo-avs-sel-4933431850\/","og_locale":"hu_HU","og_type":"article","og_title":"MILWAUKEE AGV 22-230 E SAROKCSISZOL\u00d3 AVS-EL 2200W (4933431850)","og_description":"A k\u00e9szlet tartalma:   1 db AGV 22-230 E sarokcsiszol\u00f3 (koffer n\u00e9lk\u00fcl sz\u00e1ll\u00edtva!)  Gyors\u00e1ll\u00edt\u00e1s\u00fa v\u00e9d\u0151burkolat, AVS p\u00f3tfoganty\u00fa, peremes anya, szor\u00edt\u00f3 anya, 4 m k\u00e1bel, kulcs","og_url":"https:\/\/www.eurosmart.hu\/shop\/index.php\/termek\/milwaukee-agv-22-230-e-2200-w-sarokcsiszolo-avs-sel-4933431850\/","og_site_name":"Eurosmart - Milwaukee web\u00e1ruh\u00e1z","article_publisher":"https:\/\/www.facebook.com\/EurosmartKft","article_modified_time":"2024-02-14T14:34:59+00:00","og_image":[{"width":600,"height":600,"url":"https:\/\/www.eurosmart.hu\/shop\/wp-content\/uploads\/2023\/09\/4933431850.jpg","type":"image\/jpeg"}],"twitter_card":"summary_large_image","twitter_misc":{"Price":"","Availability":"In stock"},"schema":{"@context":"https:\/\/schema.org","@graph":[{"@type":"WebPage","@id":"https:\/\/www.eurosmart.hu\/shop\/index.php\/termek\/milwaukee-agv-22-230-e-2200-w-sarokcsiszolo-avs-sel-4933431850\/","url":"https:\/\/www.eurosmart.hu\/shop\/index.php\/termek\/milwaukee-agv-22-230-e-2200-w-sarokcsiszolo-avs-sel-4933431850\/","name":"MILWAUKEE AGV 22-230 E SAROKCSISZOL\u00d3 AVS-EL 2200W (4933431850) - Eurosmart - Milwaukee web\u00e1ruh\u00e1z","isPartOf":{"@id":"https:\/\/www.eurosmart.hu\/shop\/#website"},"datePublished":"2023-09-18T08:13:47+00:00","dateModified":"2024-02-14T14:34:59+00:00","breadcrumb":{"@id":"https:\/\/www.eurosmart.hu\/shop\/index.php\/termek\/milwaukee-agv-22-230-e-2200-w-sarokcsiszolo-avs-sel-4933431850\/#breadcrumb"},"inLanguage":"hu","potentialAction":[{"@type":"ReadAction","target":["https:\/\/www.eurosmart.hu\/shop\/index.php\/termek\/milwaukee-agv-22-230-e-2200-w-sarokcsiszolo-avs-sel-4933431850\/"]}]},{"@type":"BreadcrumbList","@id":"https:\/\/www.eurosmart.hu\/shop\/index.php\/termek\/milwaukee-agv-22-230-e-2200-w-sarokcsiszolo-avs-sel-4933431850\/#breadcrumb","itemListElement":[{"@type":"ListItem","position":1,"name":"Kezd\u0151lap","item":"https:\/\/www.eurosmart.hu\/shop\/"},{"@type":"ListItem","position":2,"name":"Term\u00e9keink","item":"https:\/\/www.eurosmart.hu\/shop\/index.php\/uzlet\/"},{"@type":"ListItem","position":3,"name":"MILWAUKEE AGV 22-230 E SAROKCSISZOL\u00d3 AVS-EL 2200W (4933431850)"}]},{"@type":"WebSite","@id":"https:\/\/www.eurosmart.hu\/shop\/#website","url":"https:\/\/www.eurosmart.hu\/shop\/","name":"Eurosmart - Milwaukee web\u00e1ruh\u00e1z","description":"Milwaukee web\u00e1ruh\u00e1z","publisher":{"@id":"https:\/\/www.eurosmart.hu\/shop\/#organization"},"potentialAction":[{"@type":"SearchAction","target":{"@type":"EntryPoint","urlTemplate":"https:\/\/www.eurosmart.hu\/shop\/?s={search_term_string}"},"query-input":"required name=search_term_string"}],"inLanguage":"hu"},{"@type":"Organization","@id":"https:\/\/www.eurosmart.hu\/shop\/#organization","name":"Eurosmart - Milwaukee web\u00e1ruh\u00e1z","url":"https:\/\/www.eurosmart.hu\/shop\/","logo":{"@type":"ImageObject","inLanguage":"hu","@id":"https:\/\/www.eurosmart.hu\/shop\/#\/schema\/logo\/image\/","url":"https:\/\/www.eurosmart.hu\/shop\/wp-content\/uploads\/2023\/10\/milwaukee-logo-1.png","contentUrl":"https:\/\/www.eurosmart.hu\/shop\/wp-content\/uploads\/2023\/10\/milwaukee-logo-1.png","width":500,"height":200,"caption":"Eurosmart - Milwaukee web\u00e1ruh\u00e1z"},"image":{"@id":"https:\/\/www.eurosmart.hu\/shop\/#\/schema\/logo\/image\/"},"sameAs":["https:\/\/www.facebook.com\/EurosmartKft"]}]},"product_price_currency":"HUF","og_availability":"instock","product_availability":"instock","product_retailer_item_id":"4933431850","product_condition":"new"},"_links":{"self":[{"href":"https:\/\/www.eurosmart.hu\/shop\/index.php\/wp-json\/wp\/v2\/product\/2085","targetHints":{"allow":["GET"]}}],"collection":[{"href":"https:\/\/www.eurosmart.hu\/shop\/index.php\/wp-json\/wp\/v2\/product"}],"about":[{"href":"https:\/\/www.eurosmart.hu\/shop\/index.php\/wp-json\/wp\/v2\/types\/product"}],"wp:featuredmedia":[{"embeddable":true,"href":"https:\/\/www.eurosmart.hu\/shop\/index.php\/wp-json\/wp\/v2\/media\/3031"}],"wp:attachment":[{"href":"https:\/\/www.eurosmart.hu\/shop\/index.php\/wp-json\/wp\/v2\/media?parent=2085"}],"wp:term":[{"taxonomy":"product_cat","embeddable":true,"href":"https:\/\/www.eurosmart.hu\/shop\/index.php\/wp-json\/wp\/v2\/product_cat?post=2085"},{"taxonomy":"product_tag","embeddable":true,"href":"https:\/\/www.eurosmart.hu\/shop\/index.php\/wp-json\/wp\/v2\/product_tag?post=2085"}],"curies":[{"name":"wp","href":"https:\/\/api.w.org\/{rel}","templated":true}]}}