{"id":2079,"date":"2023-09-18T06:48:26","date_gmt":"2023-09-18T06:48:26","guid":{"rendered":"https:\/\/www.eurosmart.hu\/shop\/?post_type=product&#038;p=2079"},"modified":"2024-02-14T12:32:27","modified_gmt":"2024-02-14T12:32:27","slug":"milwaukee-agv-12-125x-sarokcsiszolo-125mm-1200w-4933428085","status":"publish","type":"product","link":"https:\/\/www.eurosmart.hu\/shop\/index.php\/termek\/milwaukee-agv-12-125x-sarokcsiszolo-125mm-1200w-4933428085\/","title":{"rendered":"MILWAUKEE AGV 12-125X SAROKCSISZOL\u00d3 AVS-EL 1200W (4933428085)"},"content":{"rendered":"<h5>Tulajdons\u00e1gok:<\/h5>\n<ul>\n<li class=\"ProductFeaturesTextstyles__Feature-fxqvf2-3 ggyeUS\">Er\u0151teljes 1200 wattos PROTECTOR-MOTOR \u2013 m\u0171gyanta bevonat \u00e9s Heavy Duty tekercsel\u00e9s v\u00e9delem a g\u00e9p \u00e9lettartam\u00e1nak n\u00f6vel\u00e9s\u00e9\u00e9rt<\/li>\n<li class=\"ProductFeaturesTextstyles__Feature-fxqvf2-3 ggyeUS\">Kompakt \u00e9s karcs\u00fa kialak\u00edt\u00e1s<\/li>\n<li class=\"ProductFeaturesTextstyles__Feature-fxqvf2-3 ggyeUS\">L\u00e1gyind\u00edt\u00e1s<\/li>\n<li class=\"ProductFeaturesTextstyles__Feature-fxqvf2-3 ggyeUS\">Fesz\u00fclts\u00e9g alatti biztons\u00e1gi rel\u00e9 v\u00e9d az ism\u00e9telt bekapcsol\u00f3d\u00e1st\u00f3l egy esetleges \u00e1ramsz\u00fcnet ut\u00e1n<\/li>\n<li class=\"ProductFeaturesTextstyles__Feature-fxqvf2-3 ggyeUS\">T\u00falterhel\u00e9s v\u00e9delem a t\u00falmeleg\u00e9d\u00e9s ellen<\/li>\n<li class=\"ProductFeaturesTextstyles__Feature-fxqvf2-3 ggyeUS\">Biztons\u00e1gi kuplung az esetlegesen fell\u00e9p\u0151 visszar\u00fag\u00e1s effektus elker\u00fcl\u00e9s\u00e9re<\/li>\n<li class=\"ProductFeaturesTextstyles__Feature-fxqvf2-3 ggyeUS\">Szersz\u00e1m n\u00e9lk\u00fcli t\u00e1rcsacsere a be\u00e9p\u00edtett FIXTEC\u2122 rendszernek k\u00f6sz\u00f6nhet\u0151en (a FIXTEC\u2122 rendszer a hajt\u00f3m\u0171be van integr\u00e1lva, k\u00fcl\u00f6n FIXTEC\u2122 anya nem tartoz\u00e9ka a g\u00e9pnek).<\/li>\n<li class=\"ProductFeaturesTextstyles__Feature-fxqvf2-3 ggyeUS\">Gyorsan, szersz\u00e1m n\u00e9lk\u00fcl \u00e1ll\u00edthat\u00f3 v\u00e9d\u0151burkolat<\/li>\n<li class=\"ProductFeaturesTextstyles__Feature-fxqvf2-3 ggyeUS\">Anti-vibr\u00e1ci\u00f3s p\u00f3tfoganty\u00fa a kevesebb f\u00e1rads\u00e1g\u00e9rt<\/li>\n<li class=\"ProductFeaturesTextstyles__Feature-fxqvf2-3 ggyeUS\">4 m gumibevonat\u00fa k\u00e1bel<\/li>\n<\/ul>\n<h5>M\u0171szaki adatok:<\/h5>\n<ul>\n<li>T\u00edpus: Vezet\u00e9kes<\/li>\n<li>\u00dcresj\u00e1rati fordulatsz\u00e1m (ford\/perc): 11000<\/li>\n<li>AVS Anti-vibr\u00e1ci\u00f3s rendszer: Igen<\/li>\n<li>F\u00e9k: Nem<\/li>\n<li>Felvett teljes\u00edtm\u00e9ny (W): 1200<\/li>\n<li>Fesz\u00fclts\u00e9g alatti biztons\u00e1gi rel\u00e9: Igen<\/li>\n<li>Kapcsol\u00f3 t\u00edpusa: Cs\u00fasztathat\u00f3 kapcsol\u00f3<\/li>\n<li>Max. v\u00e1g\u00e1si m\u00e9lys\u00e9g (mm): 33<\/li>\n<li>T\u00e1rcsa \u00e1tm\u00e9r\u0151 (mm): 125<\/li>\n<li>Tengelymenet: M14<\/li>\n<li>V\u00e1ltoztathat\u00f3 sebess\u00e9g: Nem<\/li>\n<li>Visszar\u00fag\u00e1s elleni v\u00e9delem: Igen<\/li>\n<li>S\u00faly (kg): 2.4<\/li>\n<\/ul>\n","protected":false},"excerpt":{"rendered":"<p><strong>A k\u00e9szlet tartalma:<\/strong><\/p>\n<ul>\n<li>1 db AGV 12-125 X sarokcsiszol\u00f3 <em>(koffer n\u00e9lk\u00fcl sz\u00e1ll\u00edtva!)<\/em><\/li>\n<li>V\u00e9d\u0151burkolat, AVS p\u00f3tfoganty\u00fa, szor\u00edt\u00f3anya, peremes anya, kulcs, 4 m k\u00e1bel<\/li>\n<\/ul>\n","protected":false},"featured_media":3029,"template":"","meta":[],"product_cat":[181,59,89,177],"product_tag":[],"class_list":["post-2079","product","type-product","status-publish","has-post-thumbnail","hentry","product_cat-csiszolas-es-polirozas","product_cat-milwaukee","product_cat-termekek","product_cat-vezetekes-gepek"],"yoast_head":"<!-- This site is optimized with the Yoast SEO Premium plugin v21.3 (Yoast SEO v21.3) - https:\/\/yoast.com\/wordpress\/plugins\/seo\/ -->\n<title>MILWAUKEE AGV 12-125X SAROKCSISZOL\u00d3 AVS-EL 1200W (4933428085) - Eurosmart - Milwaukee web\u00e1ruh\u00e1z<\/title>\n<meta name=\"robots\" content=\"index, follow, max-snippet:-1, max-image-preview:large, max-video-preview:-1\" \/>\n<link rel=\"canonical\" href=\"https:\/\/www.eurosmart.hu\/shop\/index.php\/termek\/milwaukee-agv-12-125x-sarokcsiszolo-125mm-1200w-4933428085\/\" \/>\n<meta property=\"og:locale\" content=\"hu_HU\" \/>\n<meta property=\"og:type\" content=\"article\" \/>\n<meta property=\"og:title\" content=\"MILWAUKEE AGV 12-125X SAROKCSISZOL\u00d3 AVS-EL 1200W (4933428085)\" \/>\n<meta property=\"og:description\" content=\"A k\u00e9szlet tartalma:   1 db AGV 12-125 X sarokcsiszol\u00f3 (koffer n\u00e9lk\u00fcl sz\u00e1ll\u00edtva!)  V\u00e9d\u0151burkolat, AVS p\u00f3tfoganty\u00fa, szor\u00edt\u00f3anya, peremes anya, kulcs, 4 m k\u00e1bel\" \/>\n<meta property=\"og:url\" content=\"https:\/\/www.eurosmart.hu\/shop\/index.php\/termek\/milwaukee-agv-12-125x-sarokcsiszolo-125mm-1200w-4933428085\/\" \/>\n<meta property=\"og:site_name\" content=\"Eurosmart - Milwaukee web\u00e1ruh\u00e1z\" \/>\n<meta property=\"article:publisher\" content=\"https:\/\/www.facebook.com\/EurosmartKft\" \/>\n<meta property=\"article:modified_time\" content=\"2024-02-14T12:32:27+00:00\" \/>\n<meta property=\"og:image\" content=\"https:\/\/www.eurosmart.hu\/shop\/wp-content\/uploads\/2023\/09\/4933428085.jpg\" \/>\n\t<meta property=\"og:image:width\" content=\"600\" \/>\n\t<meta property=\"og:image:height\" content=\"600\" \/>\n\t<meta property=\"og:image:type\" content=\"image\/jpeg\" \/>\n<meta name=\"twitter:card\" content=\"summary_large_image\" \/>\n<meta name=\"twitter:label1\" content=\"Price\" \/>\n\t<meta name=\"twitter:data1\" content=\"\" \/>\n\t<meta name=\"twitter:label2\" content=\"Availability\" \/>\n\t<meta name=\"twitter:data2\" content=\"In stock\" \/>\n<script type=\"application\/ld+json\" class=\"yoast-schema-graph\">{\"@context\":\"https:\/\/schema.org\",\"@graph\":[{\"@type\":\"WebPage\",\"@id\":\"https:\/\/www.eurosmart.hu\/shop\/index.php\/termek\/milwaukee-agv-12-125x-sarokcsiszolo-125mm-1200w-4933428085\/\",\"url\":\"https:\/\/www.eurosmart.hu\/shop\/index.php\/termek\/milwaukee-agv-12-125x-sarokcsiszolo-125mm-1200w-4933428085\/\",\"name\":\"MILWAUKEE AGV 12-125X SAROKCSISZOL\u00d3 AVS-EL 1200W (4933428085) - Eurosmart - Milwaukee web\u00e1ruh\u00e1z\",\"isPartOf\":{\"@id\":\"https:\/\/www.eurosmart.hu\/shop\/#website\"},\"datePublished\":\"2023-09-18T06:48:26+00:00\",\"dateModified\":\"2024-02-14T12:32:27+00:00\",\"breadcrumb\":{\"@id\":\"https:\/\/www.eurosmart.hu\/shop\/index.php\/termek\/milwaukee-agv-12-125x-sarokcsiszolo-125mm-1200w-4933428085\/#breadcrumb\"},\"inLanguage\":\"hu\",\"potentialAction\":[{\"@type\":\"ReadAction\",\"target\":[\"https:\/\/www.eurosmart.hu\/shop\/index.php\/termek\/milwaukee-agv-12-125x-sarokcsiszolo-125mm-1200w-4933428085\/\"]}]},{\"@type\":\"BreadcrumbList\",\"@id\":\"https:\/\/www.eurosmart.hu\/shop\/index.php\/termek\/milwaukee-agv-12-125x-sarokcsiszolo-125mm-1200w-4933428085\/#breadcrumb\",\"itemListElement\":[{\"@type\":\"ListItem\",\"position\":1,\"name\":\"Kezd\u0151lap\",\"item\":\"https:\/\/www.eurosmart.hu\/shop\/\"},{\"@type\":\"ListItem\",\"position\":2,\"name\":\"Term\u00e9keink\",\"item\":\"https:\/\/www.eurosmart.hu\/shop\/index.php\/uzlet\/\"},{\"@type\":\"ListItem\",\"position\":3,\"name\":\"MILWAUKEE AGV 12-125X SAROKCSISZOL\u00d3 AVS-EL 1200W (4933428085)\"}]},{\"@type\":\"WebSite\",\"@id\":\"https:\/\/www.eurosmart.hu\/shop\/#website\",\"url\":\"https:\/\/www.eurosmart.hu\/shop\/\",\"name\":\"Eurosmart - Milwaukee web\u00e1ruh\u00e1z\",\"description\":\"Milwaukee web\u00e1ruh\u00e1z\",\"publisher\":{\"@id\":\"https:\/\/www.eurosmart.hu\/shop\/#organization\"},\"potentialAction\":[{\"@type\":\"SearchAction\",\"target\":{\"@type\":\"EntryPoint\",\"urlTemplate\":\"https:\/\/www.eurosmart.hu\/shop\/?s={search_term_string}\"},\"query-input\":\"required name=search_term_string\"}],\"inLanguage\":\"hu\"},{\"@type\":\"Organization\",\"@id\":\"https:\/\/www.eurosmart.hu\/shop\/#organization\",\"name\":\"Eurosmart - Milwaukee web\u00e1ruh\u00e1z\",\"url\":\"https:\/\/www.eurosmart.hu\/shop\/\",\"logo\":{\"@type\":\"ImageObject\",\"inLanguage\":\"hu\",\"@id\":\"https:\/\/www.eurosmart.hu\/shop\/#\/schema\/logo\/image\/\",\"url\":\"https:\/\/www.eurosmart.hu\/shop\/wp-content\/uploads\/2023\/10\/milwaukee-logo-1.png\",\"contentUrl\":\"https:\/\/www.eurosmart.hu\/shop\/wp-content\/uploads\/2023\/10\/milwaukee-logo-1.png\",\"width\":500,\"height\":200,\"caption\":\"Eurosmart - Milwaukee web\u00e1ruh\u00e1z\"},\"image\":{\"@id\":\"https:\/\/www.eurosmart.hu\/shop\/#\/schema\/logo\/image\/\"},\"sameAs\":[\"https:\/\/www.facebook.com\/EurosmartKft\"]}]}<\/script>\n<meta property=\"product:price:amount\" content=\"0\" \/>\n<meta property=\"product:price:currency\" content=\"HUF\" \/>\n<meta property=\"og:availability\" content=\"instock\" \/>\n<meta property=\"product:availability\" content=\"instock\" \/>\n<meta property=\"product:retailer_item_id\" content=\"4933428085\" \/>\n<meta property=\"product:condition\" content=\"new\" \/>\n<!-- \/ Yoast SEO Premium plugin. -->","yoast_head_json":{"title":"MILWAUKEE AGV 12-125X SAROKCSISZOL\u00d3 AVS-EL 1200W (4933428085) - Eurosmart - Milwaukee web\u00e1ruh\u00e1z","robots":{"index":"index","follow":"follow","max-snippet":"max-snippet:-1","max-image-preview":"max-image-preview:large","max-video-preview":"max-video-preview:-1"},"canonical":"https:\/\/www.eurosmart.hu\/shop\/index.php\/termek\/milwaukee-agv-12-125x-sarokcsiszolo-125mm-1200w-4933428085\/","og_locale":"hu_HU","og_type":"article","og_title":"MILWAUKEE AGV 12-125X SAROKCSISZOL\u00d3 AVS-EL 1200W (4933428085)","og_description":"A k\u00e9szlet tartalma:   1 db AGV 12-125 X sarokcsiszol\u00f3 (koffer n\u00e9lk\u00fcl sz\u00e1ll\u00edtva!)  V\u00e9d\u0151burkolat, AVS p\u00f3tfoganty\u00fa, szor\u00edt\u00f3anya, peremes anya, kulcs, 4 m k\u00e1bel","og_url":"https:\/\/www.eurosmart.hu\/shop\/index.php\/termek\/milwaukee-agv-12-125x-sarokcsiszolo-125mm-1200w-4933428085\/","og_site_name":"Eurosmart - Milwaukee web\u00e1ruh\u00e1z","article_publisher":"https:\/\/www.facebook.com\/EurosmartKft","article_modified_time":"2024-02-14T12:32:27+00:00","og_image":[{"width":600,"height":600,"url":"https:\/\/www.eurosmart.hu\/shop\/wp-content\/uploads\/2023\/09\/4933428085.jpg","type":"image\/jpeg"}],"twitter_card":"summary_large_image","twitter_misc":{"Price":"","Availability":"In stock"},"schema":{"@context":"https:\/\/schema.org","@graph":[{"@type":"WebPage","@id":"https:\/\/www.eurosmart.hu\/shop\/index.php\/termek\/milwaukee-agv-12-125x-sarokcsiszolo-125mm-1200w-4933428085\/","url":"https:\/\/www.eurosmart.hu\/shop\/index.php\/termek\/milwaukee-agv-12-125x-sarokcsiszolo-125mm-1200w-4933428085\/","name":"MILWAUKEE AGV 12-125X SAROKCSISZOL\u00d3 AVS-EL 1200W (4933428085) - Eurosmart - Milwaukee web\u00e1ruh\u00e1z","isPartOf":{"@id":"https:\/\/www.eurosmart.hu\/shop\/#website"},"datePublished":"2023-09-18T06:48:26+00:00","dateModified":"2024-02-14T12:32:27+00:00","breadcrumb":{"@id":"https:\/\/www.eurosmart.hu\/shop\/index.php\/termek\/milwaukee-agv-12-125x-sarokcsiszolo-125mm-1200w-4933428085\/#breadcrumb"},"inLanguage":"hu","potentialAction":[{"@type":"ReadAction","target":["https:\/\/www.eurosmart.hu\/shop\/index.php\/termek\/milwaukee-agv-12-125x-sarokcsiszolo-125mm-1200w-4933428085\/"]}]},{"@type":"BreadcrumbList","@id":"https:\/\/www.eurosmart.hu\/shop\/index.php\/termek\/milwaukee-agv-12-125x-sarokcsiszolo-125mm-1200w-4933428085\/#breadcrumb","itemListElement":[{"@type":"ListItem","position":1,"name":"Kezd\u0151lap","item":"https:\/\/www.eurosmart.hu\/shop\/"},{"@type":"ListItem","position":2,"name":"Term\u00e9keink","item":"https:\/\/www.eurosmart.hu\/shop\/index.php\/uzlet\/"},{"@type":"ListItem","position":3,"name":"MILWAUKEE AGV 12-125X SAROKCSISZOL\u00d3 AVS-EL 1200W (4933428085)"}]},{"@type":"WebSite","@id":"https:\/\/www.eurosmart.hu\/shop\/#website","url":"https:\/\/www.eurosmart.hu\/shop\/","name":"Eurosmart - Milwaukee web\u00e1ruh\u00e1z","description":"Milwaukee web\u00e1ruh\u00e1z","publisher":{"@id":"https:\/\/www.eurosmart.hu\/shop\/#organization"},"potentialAction":[{"@type":"SearchAction","target":{"@type":"EntryPoint","urlTemplate":"https:\/\/www.eurosmart.hu\/shop\/?s={search_term_string}"},"query-input":"required name=search_term_string"}],"inLanguage":"hu"},{"@type":"Organization","@id":"https:\/\/www.eurosmart.hu\/shop\/#organization","name":"Eurosmart - Milwaukee web\u00e1ruh\u00e1z","url":"https:\/\/www.eurosmart.hu\/shop\/","logo":{"@type":"ImageObject","inLanguage":"hu","@id":"https:\/\/www.eurosmart.hu\/shop\/#\/schema\/logo\/image\/","url":"https:\/\/www.eurosmart.hu\/shop\/wp-content\/uploads\/2023\/10\/milwaukee-logo-1.png","contentUrl":"https:\/\/www.eurosmart.hu\/shop\/wp-content\/uploads\/2023\/10\/milwaukee-logo-1.png","width":500,"height":200,"caption":"Eurosmart - Milwaukee web\u00e1ruh\u00e1z"},"image":{"@id":"https:\/\/www.eurosmart.hu\/shop\/#\/schema\/logo\/image\/"},"sameAs":["https:\/\/www.facebook.com\/EurosmartKft"]}]},"product_price_currency":"HUF","og_availability":"instock","product_availability":"instock","product_retailer_item_id":"4933428085","product_condition":"new"},"_links":{"self":[{"href":"https:\/\/www.eurosmart.hu\/shop\/index.php\/wp-json\/wp\/v2\/product\/2079","targetHints":{"allow":["GET"]}}],"collection":[{"href":"https:\/\/www.eurosmart.hu\/shop\/index.php\/wp-json\/wp\/v2\/product"}],"about":[{"href":"https:\/\/www.eurosmart.hu\/shop\/index.php\/wp-json\/wp\/v2\/types\/product"}],"wp:featuredmedia":[{"embeddable":true,"href":"https:\/\/www.eurosmart.hu\/shop\/index.php\/wp-json\/wp\/v2\/media\/3029"}],"wp:attachment":[{"href":"https:\/\/www.eurosmart.hu\/shop\/index.php\/wp-json\/wp\/v2\/media?parent=2079"}],"wp:term":[{"taxonomy":"product_cat","embeddable":true,"href":"https:\/\/www.eurosmart.hu\/shop\/index.php\/wp-json\/wp\/v2\/product_cat?post=2079"},{"taxonomy":"product_tag","embeddable":true,"href":"https:\/\/www.eurosmart.hu\/shop\/index.php\/wp-json\/wp\/v2\/product_tag?post=2079"}],"curies":[{"name":"wp","href":"https:\/\/api.w.org\/{rel}","templated":true}]}}