{"id":2069,"date":"2023-09-12T14:23:56","date_gmt":"2023-09-12T14:23:56","guid":{"rendered":"https:\/\/www.eurosmart.hu\/shop\/?post_type=product&#038;p=2069"},"modified":"2024-01-23T09:49:09","modified_gmt":"2024-01-23T09:49:09","slug":"milwaukee-m18-onepp2q-502x-akkus-erocsomag-18v-2x50-ah-4933492519","status":"publish","type":"product","link":"https:\/\/www.eurosmart.hu\/shop\/index.php\/termek\/milwaukee-m18-onepp2q-502x-akkus-erocsomag-18v-2x50-ah-4933492519\/","title":{"rendered":"MILWAUKEE M18 ONEPP2Q-502B ER\u0150CSOMAG 2X5,0 Ah SZERSZ\u00c1MT\u00c1SK\u00c1BAN (4933492519)"},"content":{"rendered":"<h5>M18 ONEFHIWF34 FUEL\u2122 ONE-KEY\u2122 3\/4\u2033 NAGY NYOMAT\u00c9K\u00da \u00dcTVECSAVAROZ\u00d3 BIZTOS\u00cdT\u00d3GY\u0170R\u0170VEL<\/h5>\n<ul>\n<li class=\"ProductFeaturesTextstyles__Feature-fxqvf2-3 ggyeUS\">Az\u00a0<a href=\"https:\/\/hu.milwaukeetool.eu\/systems\/m18\/fuel\/\">M18 FUEL\u2122<\/a>\u00a0nagy nyomat\u00e9k\u00fa,\u00a0<a href=\"https:\/\/hu.milwaukeetool.eu\/systems\/one-key\/\">ONE-KEY\u2122<\/a>\u00a0technol\u00f3gi\u00e1val ell\u00e1tott \u00fctvecsavaroz\u00f3 1627 Nm r\u00f6gz\u00edt\u0151 nyomat\u00e9kot biztos\u00edt 213 mm-es kompakt m\u00e9retben, ami jobb hozz\u00e1f\u00e9r\u00e9st biztos\u00edt a nehezen hozz\u00e1f\u00e9rhet\u0151 helyekhez<\/li>\n<li class=\"ProductFeaturesTextstyles__Feature-fxqvf2-3 ggyeUS\">A 4 fokozat\u00fa DRIVE CONTROL lehet\u0151v\u00e9 teszi a felhaszn\u00e1l\u00f3 sz\u00e1m\u00e1ra a k\u00fcl\u00f6nb\u00f6z\u0151 fordulatsz\u00e1mok k\u00f6z\u00f6tti v\u00e1lt\u00e1st \u00e9s a nyomat\u00e9k\u00e1ll\u00edt\u00e1st<\/li>\n<li class=\"ProductFeaturesTextstyles__Feature-fxqvf2-3 ggyeUS\">4. fokozat: 2034 Nm dug\u00f3kulcsra hat\u00f3 nyomat\u00e9kot biztos\u00edt, majd 750 ford\/percre v\u00e1lt a p\u00e1ratlan vez\u00e9relhet\u0151s\u00e9g \u00e9rdek\u00e9ben r\u00f6gz\u00edt\u0151elemek elt\u00e1vol\u00edt\u00e1sakor<\/li>\n<li class=\"ProductFeaturesTextstyles__Feature-fxqvf2-3 ggyeUS\">A be\u00e9p\u00edtett \u00fct\u00e9ssz\u00e1ml\u00e1l\u00f3 szenzor n\u00f6veli a kiv\u00e1lasztott nyomat\u00e9k k\u00f6vetkezetes ism\u00e9telhet\u0151s\u00e9g\u00e9t<\/li>\n<li class=\"ProductFeaturesTextstyles__Feature-fxqvf2-3 ggyeUS\">A\u00a0<a href=\"https:\/\/hu.milwaukeetool.eu\/systems\/one-key\/\">ONE-KEY\u2122<\/a>\u00a0eszk\u00f6zk\u00f6vet\u00e9s \u00e9s biztons\u00e1g ingyenes, felh\u0151alap\u00fa nyomon k\u00f6vet\u00e9si h\u00e1l\u00f3zatot \u00e9s fel\u00fcgyeleti platformot k\u00edn\u00e1l eszk\u00f6zeihez. A\u00a0<a href=\"https:\/\/hu.milwaukeetool.eu\/systems\/one-key\/\">ONE-KEY\u2122<\/a>\u00a0szint\u00e9n rendelkezik t\u00e1voli szersz\u00e1mz\u00e1r funkci\u00f3val is. A testreszab\u00e1si funkci\u00f3 lehet\u0151v\u00e9 teszi a szersz\u00e1m pontos be\u00e1ll\u00edt\u00e1s\u00e1t az alkalmaz\u00e1shoz.<\/li>\n<li class=\"ProductFeaturesTextstyles__Feature-fxqvf2-3 ggyeUS\">FUEL\u2122 platformunk DNS-e \u00fajradefini\u00e1lja a vezet\u00e9k n\u00e9lk\u00fcli technol\u00f3gia egyens\u00faly\u00e1t. A MILWAUKEE\u00ae POWERSTATE\u2122 sz\u00e9nkefe n\u00e9lk\u00fcli motor, REDLITHIUM\u2122 akkumul\u00e1tor \u00e9s REDLINK PLUS\u2122 intelligens elektronika p\u00e1ratlan teljes\u00edtm\u00e9nyt, \u00fczemid\u0151t \u00e9s tart\u00f3ss\u00e1got biztos\u00edt.<\/li>\n<li class=\"ProductFeaturesTextstyles__Feature-fxqvf2-3 ggyeUS\">\u00be\u2033 biztos\u00edt\u00f3gy\u0171r\u0171s befog\u00e1s<\/li>\n<li class=\"ProductFeaturesTextstyles__Feature-fxqvf2-3 ggyeUS\">Rugalmas akkumul\u00e1tor rendszerrel &#8211; MILWAUKEE\u00ae\u00a0<a href=\"https:\/\/hu.milwaukeetool.eu\/systems\/m18\/\">M18\u2122<\/a>\u00a0akkumul\u00e1torokkal m\u0171k\u00f6dik<\/li>\n<\/ul>\n<h5 class=\"product-page-heading\"><span class=\"product-page-product-name\">M18 GG ZS\u00cdRZ\u00d3PISZTOLY:<\/span><\/h5>\n<ul>\n<li>Er\u0151teljes 18 voltos motor t\u00f6bb mint, 562 bar nyom\u00e1ssal<\/li>\n<li>REDLINK\u2122 t\u00falterhel\u00e9s v\u00e9delmi elektronika a g\u00e9pben \u00e9s az akkumul\u00e1torban, kateg\u00f3ri\u00e1j\u00e1ban a legjobb tart\u00f3ss\u00e1got biztos\u00edtja<\/li>\n<li>Oszt\u00e1ly\u00e1ban a legjobb m\u0171k\u00f6d\u00e9si id\u0151vel &#8211; t\u00f6lt\u00e9senk\u00e9nt ak\u00e1r 7 tubus is adagolhat\u00f3<\/li>\n<li>Kiv\u00e1l\u00f3 egyens\u00faly \u00e9s ergon\u00f3mia &#8211; csup\u00e1n 355 mm \u00e9s 3,9 kg<\/li>\n<li>L\u00e9gtelen\u00edt\u0151 szelep &#8211; l\u00e9gtelen\u00edt\u0151 rendszer a gyors leveg\u0151 \u00e1raml\u00e1s\u00e9rt<\/li>\n<li>Be\u00e9p\u00edtett t\u00f6ml\u0151 t\u00e1rol\u00e1s, v\u00e1llheveder \u00e9s LED t\u00f6lt\u00e9sszint jelz\u0151 &#8211; a kezel\u0151 k\u00e9nyelm\u00e9\u00e9rt \u00e9s a kevesebb \u00e1ll\u00e1sid\u0151\u00e9rt<\/li>\n<li>H\u00e1rom m\u00f3don t\u00f6rt\u00e9n\u0151 bet\u00f6lt\u00e9s &#8211; \u00f6mlesztve, zs\u00edrpatronnal \u00e9s szivatty\u00faz\u00e1ssal<\/li>\n<li>Zs\u00edrpatron kapacit\u00e1s 400 ml, \u00f6mlesztett zs\u00edr kapacit\u00e1sa 473 ml<\/li>\n<li>Egyedi cellafigyel\u0151 rendszer optimaliz\u00e1lja a m\u0171k\u00f6d\u00e9si id\u0151t<\/li>\n<li>A REDLITHIUM-ION\u2122 akkumul\u00e1tor kit\u0171n\u0151 min\u0151s\u00e9g\u0171 konstrukci\u00f3t \u00e9s elektronik\u00e1t k\u00edn\u00e1l, valamint lemer\u00fcl\u00e9s-biztos, \u00edgy hosszabb terhelhet\u0151s\u00e9get \u00e9s nagyobb termel\u00e9kenys\u00e9get biztos\u00edt<\/li>\n<li>Rugalmas akkumul\u00e1tor rendszerrel &#8211; Milwaukee\u00ae M18\u2122 akkumul\u00e1torokkal m\u0171k\u00f6dik<\/li>\n<li>1219 mm nagynyom\u00e1s\u00fa flexibilis zsirz\u00f3cs\u0151 rug\u00f3s biztos\u00edt\u00e9kkal<\/li>\n<\/ul>\n","protected":false},"excerpt":{"rendered":"<p>A k\u00e9szlet tartalma:<\/p>\n<ul>\n<li>1 db M18 ONEFHIWF34 FUEL\u2122 ONE-KEY\u2122 3\/4\u2033 NAGY NYOMAT\u00c9K\u00da \u00dcTVECSAVAROZ\u00d3 BIZTOS\u00cdT\u00d3GY\u0170R\u0170VEL<\/li>\n<li>1 db M18 GG ZS\u00cdRZ\u00d3PISZTOLY<\/li>\n<li>2 db M18 B5 5.0 Ah akkumul\u00e1tor<\/li>\n<li>1 db M12-18 FC gyorst\u00f6lt\u0151<\/li>\n<li>1 db Szersz\u00e1mt\u00e1ska<\/li>\n<\/ul>\n","protected":false},"featured_media":3069,"template":"","meta":[],"product_cat":[165,171,230,59,228,89],"product_tag":[],"class_list":["post-2069","product","type-product","status-publish","has-post-thumbnail","hentry","product_cat-akkumulatoros-gepek","product_cat-akkus-erocsomagok","product_cat-m18-rendszer","product_cat-milwaukee","product_cat-rendszer","product_cat-termekek"],"yoast_head":"<!-- This site is optimized with the Yoast SEO Premium plugin v21.3 (Yoast SEO v21.3) - https:\/\/yoast.com\/wordpress\/plugins\/seo\/ -->\n<title>MILWAUKEE M18 ONEPP2Q-502B ER\u0150CSOMAG 2X5,0 Ah SZERSZ\u00c1MT\u00c1SK\u00c1BAN (4933492519) - Eurosmart - Milwaukee web\u00e1ruh\u00e1z<\/title>\n<meta name=\"robots\" content=\"index, follow, max-snippet:-1, max-image-preview:large, max-video-preview:-1\" \/>\n<link rel=\"canonical\" href=\"https:\/\/www.eurosmart.hu\/shop\/index.php\/termek\/milwaukee-m18-onepp2q-502x-akkus-erocsomag-18v-2x50-ah-4933492519\/\" \/>\n<meta property=\"og:locale\" content=\"hu_HU\" \/>\n<meta property=\"og:type\" content=\"article\" \/>\n<meta property=\"og:title\" content=\"MILWAUKEE M18 ONEPP2Q-502B ER\u0150CSOMAG 2X5,0 Ah SZERSZ\u00c1MT\u00c1SK\u00c1BAN (4933492519)\" \/>\n<meta property=\"og:description\" content=\"A k\u00e9szlet tartalma:   1 db M18 ONEFHIWF34 FUEL\u2122 ONE-KEY\u2122 3\/4\u2033 NAGY NYOMAT\u00c9K\u00da \u00dcTVECSAVAROZ\u00d3 BIZTOS\u00cdT\u00d3GY\u0170R\u0170VEL  1 db M18 GG ZS\u00cdRZ\u00d3PISZTOLY  2 db M18 B5 5.0 Ah akkumul\u00e1tor  1 db M12-18 FC gyorst\u00f6lt\u0151  1 db Szersz\u00e1mt\u00e1ska\" \/>\n<meta property=\"og:url\" content=\"https:\/\/www.eurosmart.hu\/shop\/index.php\/termek\/milwaukee-m18-onepp2q-502x-akkus-erocsomag-18v-2x50-ah-4933492519\/\" \/>\n<meta property=\"og:site_name\" content=\"Eurosmart - Milwaukee web\u00e1ruh\u00e1z\" \/>\n<meta property=\"article:publisher\" content=\"https:\/\/www.facebook.com\/EurosmartKft\" \/>\n<meta property=\"article:modified_time\" content=\"2024-01-23T09:49:09+00:00\" \/>\n<meta property=\"og:image\" content=\"https:\/\/www.eurosmart.hu\/shop\/wp-content\/uploads\/2023\/09\/4933492519.jpg\" \/>\n\t<meta property=\"og:image:width\" content=\"1000\" \/>\n\t<meta property=\"og:image:height\" content=\"1000\" \/>\n\t<meta property=\"og:image:type\" content=\"image\/jpeg\" \/>\n<meta name=\"twitter:card\" content=\"summary_large_image\" \/>\n<meta name=\"twitter:label1\" content=\"Price\" \/>\n\t<meta name=\"twitter:data1\" content=\"\" \/>\n\t<meta name=\"twitter:label2\" content=\"Availability\" \/>\n\t<meta name=\"twitter:data2\" content=\"In stock\" \/>\n<script type=\"application\/ld+json\" class=\"yoast-schema-graph\">{\"@context\":\"https:\/\/schema.org\",\"@graph\":[{\"@type\":\"WebPage\",\"@id\":\"https:\/\/www.eurosmart.hu\/shop\/index.php\/termek\/milwaukee-m18-onepp2q-502x-akkus-erocsomag-18v-2x50-ah-4933492519\/\",\"url\":\"https:\/\/www.eurosmart.hu\/shop\/index.php\/termek\/milwaukee-m18-onepp2q-502x-akkus-erocsomag-18v-2x50-ah-4933492519\/\",\"name\":\"MILWAUKEE M18 ONEPP2Q-502B ER\u0150CSOMAG 2X5,0 Ah SZERSZ\u00c1MT\u00c1SK\u00c1BAN (4933492519) - Eurosmart - Milwaukee web\u00e1ruh\u00e1z\",\"isPartOf\":{\"@id\":\"https:\/\/www.eurosmart.hu\/shop\/#website\"},\"datePublished\":\"2023-09-12T14:23:56+00:00\",\"dateModified\":\"2024-01-23T09:49:09+00:00\",\"breadcrumb\":{\"@id\":\"https:\/\/www.eurosmart.hu\/shop\/index.php\/termek\/milwaukee-m18-onepp2q-502x-akkus-erocsomag-18v-2x50-ah-4933492519\/#breadcrumb\"},\"inLanguage\":\"hu\",\"potentialAction\":[{\"@type\":\"ReadAction\",\"target\":[\"https:\/\/www.eurosmart.hu\/shop\/index.php\/termek\/milwaukee-m18-onepp2q-502x-akkus-erocsomag-18v-2x50-ah-4933492519\/\"]}]},{\"@type\":\"BreadcrumbList\",\"@id\":\"https:\/\/www.eurosmart.hu\/shop\/index.php\/termek\/milwaukee-m18-onepp2q-502x-akkus-erocsomag-18v-2x50-ah-4933492519\/#breadcrumb\",\"itemListElement\":[{\"@type\":\"ListItem\",\"position\":1,\"name\":\"Kezd\u0151lap\",\"item\":\"https:\/\/www.eurosmart.hu\/shop\/\"},{\"@type\":\"ListItem\",\"position\":2,\"name\":\"Term\u00e9keink\",\"item\":\"https:\/\/www.eurosmart.hu\/shop\/index.php\/uzlet\/\"},{\"@type\":\"ListItem\",\"position\":3,\"name\":\"MILWAUKEE M18 ONEPP2Q-502B ER\u0150CSOMAG 2X5,0 Ah SZERSZ\u00c1MT\u00c1SK\u00c1BAN (4933492519)\"}]},{\"@type\":\"WebSite\",\"@id\":\"https:\/\/www.eurosmart.hu\/shop\/#website\",\"url\":\"https:\/\/www.eurosmart.hu\/shop\/\",\"name\":\"Eurosmart - Milwaukee web\u00e1ruh\u00e1z\",\"description\":\"Milwaukee web\u00e1ruh\u00e1z\",\"publisher\":{\"@id\":\"https:\/\/www.eurosmart.hu\/shop\/#organization\"},\"potentialAction\":[{\"@type\":\"SearchAction\",\"target\":{\"@type\":\"EntryPoint\",\"urlTemplate\":\"https:\/\/www.eurosmart.hu\/shop\/?s={search_term_string}\"},\"query-input\":\"required name=search_term_string\"}],\"inLanguage\":\"hu\"},{\"@type\":\"Organization\",\"@id\":\"https:\/\/www.eurosmart.hu\/shop\/#organization\",\"name\":\"Eurosmart - Milwaukee web\u00e1ruh\u00e1z\",\"url\":\"https:\/\/www.eurosmart.hu\/shop\/\",\"logo\":{\"@type\":\"ImageObject\",\"inLanguage\":\"hu\",\"@id\":\"https:\/\/www.eurosmart.hu\/shop\/#\/schema\/logo\/image\/\",\"url\":\"https:\/\/www.eurosmart.hu\/shop\/wp-content\/uploads\/2023\/10\/milwaukee-logo-1.png\",\"contentUrl\":\"https:\/\/www.eurosmart.hu\/shop\/wp-content\/uploads\/2023\/10\/milwaukee-logo-1.png\",\"width\":500,\"height\":200,\"caption\":\"Eurosmart - Milwaukee web\u00e1ruh\u00e1z\"},\"image\":{\"@id\":\"https:\/\/www.eurosmart.hu\/shop\/#\/schema\/logo\/image\/\"},\"sameAs\":[\"https:\/\/www.facebook.com\/EurosmartKft\"]}]}<\/script>\n<meta property=\"product:price:amount\" content=\"0\" \/>\n<meta property=\"product:price:currency\" content=\"HUF\" \/>\n<meta property=\"og:availability\" content=\"instock\" \/>\n<meta property=\"product:availability\" content=\"instock\" \/>\n<meta property=\"product:retailer_item_id\" content=\"4933492519\" \/>\n<meta property=\"product:condition\" content=\"new\" \/>\n<!-- \/ Yoast SEO Premium plugin. -->","yoast_head_json":{"title":"MILWAUKEE M18 ONEPP2Q-502B ER\u0150CSOMAG 2X5,0 Ah SZERSZ\u00c1MT\u00c1SK\u00c1BAN (4933492519) - Eurosmart - Milwaukee web\u00e1ruh\u00e1z","robots":{"index":"index","follow":"follow","max-snippet":"max-snippet:-1","max-image-preview":"max-image-preview:large","max-video-preview":"max-video-preview:-1"},"canonical":"https:\/\/www.eurosmart.hu\/shop\/index.php\/termek\/milwaukee-m18-onepp2q-502x-akkus-erocsomag-18v-2x50-ah-4933492519\/","og_locale":"hu_HU","og_type":"article","og_title":"MILWAUKEE M18 ONEPP2Q-502B ER\u0150CSOMAG 2X5,0 Ah SZERSZ\u00c1MT\u00c1SK\u00c1BAN (4933492519)","og_description":"A k\u00e9szlet tartalma:   1 db M18 ONEFHIWF34 FUEL\u2122 ONE-KEY\u2122 3\/4\u2033 NAGY NYOMAT\u00c9K\u00da \u00dcTVECSAVAROZ\u00d3 BIZTOS\u00cdT\u00d3GY\u0170R\u0170VEL  1 db M18 GG ZS\u00cdRZ\u00d3PISZTOLY  2 db M18 B5 5.0 Ah akkumul\u00e1tor  1 db M12-18 FC gyorst\u00f6lt\u0151  1 db Szersz\u00e1mt\u00e1ska","og_url":"https:\/\/www.eurosmart.hu\/shop\/index.php\/termek\/milwaukee-m18-onepp2q-502x-akkus-erocsomag-18v-2x50-ah-4933492519\/","og_site_name":"Eurosmart - Milwaukee web\u00e1ruh\u00e1z","article_publisher":"https:\/\/www.facebook.com\/EurosmartKft","article_modified_time":"2024-01-23T09:49:09+00:00","og_image":[{"width":1000,"height":1000,"url":"https:\/\/www.eurosmart.hu\/shop\/wp-content\/uploads\/2023\/09\/4933492519.jpg","type":"image\/jpeg"}],"twitter_card":"summary_large_image","twitter_misc":{"Price":"","Availability":"In stock"},"schema":{"@context":"https:\/\/schema.org","@graph":[{"@type":"WebPage","@id":"https:\/\/www.eurosmart.hu\/shop\/index.php\/termek\/milwaukee-m18-onepp2q-502x-akkus-erocsomag-18v-2x50-ah-4933492519\/","url":"https:\/\/www.eurosmart.hu\/shop\/index.php\/termek\/milwaukee-m18-onepp2q-502x-akkus-erocsomag-18v-2x50-ah-4933492519\/","name":"MILWAUKEE M18 ONEPP2Q-502B ER\u0150CSOMAG 2X5,0 Ah SZERSZ\u00c1MT\u00c1SK\u00c1BAN (4933492519) - Eurosmart - Milwaukee web\u00e1ruh\u00e1z","isPartOf":{"@id":"https:\/\/www.eurosmart.hu\/shop\/#website"},"datePublished":"2023-09-12T14:23:56+00:00","dateModified":"2024-01-23T09:49:09+00:00","breadcrumb":{"@id":"https:\/\/www.eurosmart.hu\/shop\/index.php\/termek\/milwaukee-m18-onepp2q-502x-akkus-erocsomag-18v-2x50-ah-4933492519\/#breadcrumb"},"inLanguage":"hu","potentialAction":[{"@type":"ReadAction","target":["https:\/\/www.eurosmart.hu\/shop\/index.php\/termek\/milwaukee-m18-onepp2q-502x-akkus-erocsomag-18v-2x50-ah-4933492519\/"]}]},{"@type":"BreadcrumbList","@id":"https:\/\/www.eurosmart.hu\/shop\/index.php\/termek\/milwaukee-m18-onepp2q-502x-akkus-erocsomag-18v-2x50-ah-4933492519\/#breadcrumb","itemListElement":[{"@type":"ListItem","position":1,"name":"Kezd\u0151lap","item":"https:\/\/www.eurosmart.hu\/shop\/"},{"@type":"ListItem","position":2,"name":"Term\u00e9keink","item":"https:\/\/www.eurosmart.hu\/shop\/index.php\/uzlet\/"},{"@type":"ListItem","position":3,"name":"MILWAUKEE M18 ONEPP2Q-502B ER\u0150CSOMAG 2X5,0 Ah SZERSZ\u00c1MT\u00c1SK\u00c1BAN (4933492519)"}]},{"@type":"WebSite","@id":"https:\/\/www.eurosmart.hu\/shop\/#website","url":"https:\/\/www.eurosmart.hu\/shop\/","name":"Eurosmart - Milwaukee web\u00e1ruh\u00e1z","description":"Milwaukee web\u00e1ruh\u00e1z","publisher":{"@id":"https:\/\/www.eurosmart.hu\/shop\/#organization"},"potentialAction":[{"@type":"SearchAction","target":{"@type":"EntryPoint","urlTemplate":"https:\/\/www.eurosmart.hu\/shop\/?s={search_term_string}"},"query-input":"required name=search_term_string"}],"inLanguage":"hu"},{"@type":"Organization","@id":"https:\/\/www.eurosmart.hu\/shop\/#organization","name":"Eurosmart - Milwaukee web\u00e1ruh\u00e1z","url":"https:\/\/www.eurosmart.hu\/shop\/","logo":{"@type":"ImageObject","inLanguage":"hu","@id":"https:\/\/www.eurosmart.hu\/shop\/#\/schema\/logo\/image\/","url":"https:\/\/www.eurosmart.hu\/shop\/wp-content\/uploads\/2023\/10\/milwaukee-logo-1.png","contentUrl":"https:\/\/www.eurosmart.hu\/shop\/wp-content\/uploads\/2023\/10\/milwaukee-logo-1.png","width":500,"height":200,"caption":"Eurosmart - Milwaukee web\u00e1ruh\u00e1z"},"image":{"@id":"https:\/\/www.eurosmart.hu\/shop\/#\/schema\/logo\/image\/"},"sameAs":["https:\/\/www.facebook.com\/EurosmartKft"]}]},"product_price_currency":"HUF","og_availability":"instock","product_availability":"instock","product_retailer_item_id":"4933492519","product_condition":"new"},"_links":{"self":[{"href":"https:\/\/www.eurosmart.hu\/shop\/index.php\/wp-json\/wp\/v2\/product\/2069","targetHints":{"allow":["GET"]}}],"collection":[{"href":"https:\/\/www.eurosmart.hu\/shop\/index.php\/wp-json\/wp\/v2\/product"}],"about":[{"href":"https:\/\/www.eurosmart.hu\/shop\/index.php\/wp-json\/wp\/v2\/types\/product"}],"wp:featuredmedia":[{"embeddable":true,"href":"https:\/\/www.eurosmart.hu\/shop\/index.php\/wp-json\/wp\/v2\/media\/3069"}],"wp:attachment":[{"href":"https:\/\/www.eurosmart.hu\/shop\/index.php\/wp-json\/wp\/v2\/media?parent=2069"}],"wp:term":[{"taxonomy":"product_cat","embeddable":true,"href":"https:\/\/www.eurosmart.hu\/shop\/index.php\/wp-json\/wp\/v2\/product_cat?post=2069"},{"taxonomy":"product_tag","embeddable":true,"href":"https:\/\/www.eurosmart.hu\/shop\/index.php\/wp-json\/wp\/v2\/product_tag?post=2069"}],"curies":[{"name":"wp","href":"https:\/\/api.w.org\/{rel}","templated":true}]}}